{"id":1955,"date":"2021-05-26T21:47:39","date_gmt":"2021-05-26T21:47:39","guid":{"rendered":"https:\/\/211md.org\/?page_id=1955"},"modified":"2024-07-26T11:25:04","modified_gmt":"2024-07-26T15:25:04","slug":"ngan-chan-su-ky-thi","status":"publish","type":"page","link":"https:\/\/211md.org\/vi\/stop-the-stigma\/","title":{"rendered":"Ch\u1ea5m d\u1ee9t s\u1ef1 k\u1ef3 th\u1ecb"},"content":{"rendered":"<h1>\n\t\tD\u1eebng s\u1ef1 k\u1ef3 th\u1ecb\n\t<\/h1>\n\t<h2>H\u1ed7 tr\u1ee3 li\u00ean quan \u0111\u1ebfn opioid d\u00e0nh cho c\u00e1 nh\u00e2n, b\u1ea1n b\u00e8, th\u00e0nh vi\u00ean gia \u0111\u00ecnh v\u00e0 chuy\u00ean gia.<\/h2>\n\t\t\t<a href=\"sms:\/\/898-211;?&#038;body=MDHope\" target=\"_blank\" rel=\"noopener\">\n\t\t\t\t\t\t\t\u0110\u0103ng k\u00fd ngay\n\t\t\t\t\t<\/a>\n<p>N\u1ebfu b\u1ea1n \u0111ang s\u1eed d\u1ee5ng \u0111i\u1ec7n tho\u1ea1i di \u0111\u1ed9ng, h\u00e3y nh\u1ea5p v\u00e0o n\u00fat \u0111\u1ec3 m\u1edf tin nh\u1eafn v\u0103n b\u1ea3n. N\u1ebfu kh\u00f4ng, h\u00e3y nh\u1eafn tin MDHope t\u1edbi 898-211.<\/p>\n<h2>\n\t\t#stopthestigmamd\n\t<\/h2>\n<h2>\n\t\tL\u00e0m th\u1ebf n\u00e0o n\u00f3 ho\u1ea1t \u0111\u1ed9ng\n\t<\/h2>\n\t\t\t\t<img loading=\"lazy\" decoding=\"async\" src=\"https:\/\/211md.org\/wp-content\/uploads\/2021\/05\/Screen-Shot-2021-05-26-at-11.27.15-AM.svg\" alt=\"H\u00ecnh \u1ea3nh c\u1ee7a S\u1ed1 1\" itemprop=\"image\" height=\"150\" width=\"150\" title=\"H\u00ecnh \u1ea3nh c\u1ee7a S\u1ed1 1\" onerror=\"this.style.display='none'\"  \/>\n<h3>Ch\u1eef<\/h3><p>Ch\u1eef\u00a0<strong>mdhope<\/strong>\u00a0\u0111\u1ebfn 898-211 \u0111\u1ec3 \u0111\u0103ng k\u00fd nh\u1eadn v\u0103n b\u1ea3n.\u00a0<sup>1<\/sup><\/p>\n\t\t\t\t<img loading=\"lazy\" decoding=\"async\" src=\"https:\/\/211md.org\/wp-content\/uploads\/2021\/05\/Screen-Shot-2021-05-26-at-11.27.25-AM.svg\" alt=\"H\u00ecnh \u1ea3nh c\u1ee7a s\u1ed1 2\" itemprop=\"image\" height=\"150\" width=\"150\" title=\"H\u00ecnh \u1ea3nh c\u1ee7a S\u1ed1 2\" onerror=\"this.style.display='none'\"  \/>\n<h3>Nh\u1eadn h\u1ed7 tr\u1ee3<\/h3><p>T\u00ecm c\u00e1c l\u1ef1a ch\u1ecdn \u0111i\u1ec1u tr\u1ecb, nh\u1eadn th\u00f4ng tin v\u1ec1 Naloxone (thu\u1ed1c qu\u00e1 li\u1ec1u), ti\u1ebfp c\u1eadn h\u1ed7 tr\u1ee3 ho\u1eb7c n\u00f3i chuy\u1ec7n v\u1edbi m\u1ed9t chuy\u00ean gia tr\u1ef1c ti\u1ebfp.<\/p>\n\t\t\t\t<img loading=\"lazy\" decoding=\"async\" src=\"https:\/\/211md.org\/wp-content\/uploads\/2021\/05\/Screen-Shot-2021-05-26-at-11.27.40-AM.svg\" alt=\"H\u00ecnh \u1ea3nh c\u1ee7a s\u1ed1 3\" itemprop=\"image\" height=\"149\" width=\"149\" title=\"H\u00ecnh \u1ea3nh c\u1ee7a S\u1ed1 3\" onerror=\"this.style.display='none'\"  \/>\n<h3>S\u1eed d\u1ee5ng khung Facebook c\u1ee7a ch\u00fang t\u00f4i<\/h3><p>Hi\u1ec3n th\u1ecb h\u1ed7 tr\u1ee3 c\u1ee7a b\u1ea1n b\u1eb1ng c\u00e1ch s\u1eed d\u1ee5ng c\u1ee7a ch\u00fang t\u00f4i\u00a0<sup>2<\/sup><strong><a href=\"http:\/\/www.facebook.com\/profilepicframes\/?selected_overlay_id=213799703839814\" target=\"_blank\" rel=\"noopener\">Ch\u1ea5m D\u1ee9t S\u1ef1 K\u1ef3 Th\u1ecb Facebook<\/a><\/strong>\u00a0khung.<\/p>\n<p><sup>1 <\/sup><em>211 Maryland cung c\u1ea5p c\u00e1c ch\u01b0\u01a1ng tr\u00ecnh c\u1ea3nh b\u00e1o b\u1eb1ng tin nh\u1eafn v\u0103n b\u1ea3n cung c\u1ea5p th\u00f4ng tin t\u00e0i nguy\u00ean c\u1ee5 th\u1ec3 theo v\u00f9ng ho\u1eb7c cung c\u1ea5p c\u1ea3nh b\u00e1o th\u1ea3m h\u1ecda. Nh\u1eafn tin STOP \u0111\u1ebfn c\u00f9ng m\u1ed9t s\u1ed1 \u0111\u1ec3 h\u1ee7y \u0111\u0103ng k\u00fd. \u0110i\u1ec1u kho\u1ea3n SMS \u0111\u1ea7y \u0111\u1ee7 t\u1ea1i <a href=\"https:\/\/211md.org\/vi\/tin-nhan\/\">https:\/\/211md.org\/sms\/<\/a> c\u0169ng s\u1ebd \u0111\u01b0\u1ee3c \u00e1p d\u1ee5ng.<\/em><\/p>\n<p><sup>2<\/sup>\u00a0Chuy\u1ec3n \u0111\u1ebfn \u1ea3nh h\u1ed3 s\u01a1 c\u1ee7a b\u1ea1n, ch\u1ecdn th\u00eam khung v\u00e0 t\u00ecm ki\u1ebfm Stop The Stigma Maryland. Chia s\u1ebb khung h\u00ecnh v\u1edbi b\u1ea1n b\u00e8 v\u00e0 c\u00e1c th\u00e0nh vi\u00ean trong gia \u0111\u00ecnh. N\u1ebfu b\u1ea1n s\u1eed d\u1ee5ng Instagram, Twitter ho\u1eb7c LinkedIn,\u00a0<a href=\"https:\/\/211md.org\/wp-content\/uploads\/2021\/05\/stop-the-opioid-stigma-hand.jpg\" target=\"_blank\" rel=\"noopener\">t\u1ea3i h\u00ecnh \u1ea3nh n\u00e0y<\/a>\u00a0v\u00e0 s\u1eed d\u1ee5ng n\u00f3 l\u00e0m \u1ea3nh \u0111\u1ea1i di\u1ec7n c\u1ee7a b\u1ea1n.<\/p>","protected":false},"excerpt":{"rendered":"<p>H\u1ed7 tr\u1ee3 ch\u1ea5m d\u1ee9t k\u1ef3 th\u1ecb li\u00ean quan \u0111\u1ebfn opioid d\u00e0nh cho c\u00e1 nh\u00e2n, b\u1ea1n b\u00e8, th\u00e0nh vi\u00ean gia \u0111\u00ecnh v\u00e0 chuy\u00ean gia. \u0110\u0103ng k\u00fd ngay N\u1ebfu b\u1ea1n s\u1eed d\u1ee5ng \u0111i\u1ec7n tho\u1ea1i di \u0111\u1ed9ng, h\u00e3y nh\u1ea5p v\u00e0o n\u00fat \u0111\u1ec3 m\u1edf tin nh\u1eafn v\u0103n b\u1ea3n. N\u1ebfu kh\u00f4ng, h\u00e3y nh\u1eafn tin MDHope t\u1edbi 898-211. #stopthestigmamd C\u00e1ch th\u1ee9c ho\u1ea1t \u0111\u1ed9ng Nh\u1eafn tin v\u0103n b\u1ea3n MDHy v\u1ecdng t\u1edbi 898-211 \u0111\u1ec3 \u0111\u0103ng k\u00fd nh\u1eadn tin nh\u1eafn. 1 Nh\u1eadn h\u1ed7 tr\u1ee3 T\u00ecm c\u00e1c l\u1ef1a ch\u1ecdn \u0111i\u1ec1u tr\u1ecb, nh\u1eadn th\u00f4ng tin v\u1ec1 Naloxone\u2026<\/p>","protected":false},"author":8,"featured_media":0,"parent":0,"menu_order":0,"comment_status":"closed","ping_status":"closed","template":"","meta":{"footnotes":""},"class_list":["post-1955","page","type-page","status-publish","hentry"],"_links":{"self":[{"href":"https:\/\/211md.org\/vi\/wp-json\/wp\/v2\/pages\/1955","targetHints":{"allow":["GET"]}}],"collection":[{"href":"https:\/\/211md.org\/vi\/wp-json\/wp\/v2\/pages"}],"about":[{"href":"https:\/\/211md.org\/vi\/wp-json\/wp\/v2\/types\/page"}],"author":[{"embeddable":true,"href":"https:\/\/211md.org\/vi\/wp-json\/wp\/v2\/users\/8"}],"replies":[{"embeddable":true,"href":"https:\/\/211md.org\/vi\/wp-json\/wp\/v2\/comments?post=1955"}],"version-history":[{"count":0,"href":"https:\/\/211md.org\/vi\/wp-json\/wp\/v2\/pages\/1955\/revisions"}],"wp:attachment":[{"href":"https:\/\/211md.org\/vi\/wp-json\/wp\/v2\/media?parent=1955"}],"curies":[{"name":"wp","href":"https:\/\/api.w.org\/{rel}","templated":true}]}}