{"id":1963,"date":"2021-05-27T13:01:12","date_gmt":"2021-05-27T13:01:12","guid":{"rendered":"https:\/\/211md.org\/?page_id=1963"},"modified":"2023-08-02T09:40:34","modified_gmt":"2023-08-02T13:40:34","slug":"covid-cho-thue-tro-giup","status":"publish","type":"page","link":"https:\/\/211md.org\/vi\/resources\/housing-shelter\/covid-rental-help\/","title":{"rendered":"Tr\u1ee3 gi\u00fap cho thu\u00ea COVID"},"content":{"rendered":"<h2>Ch\u01b0\u01a1ng tr\u00ecnh H\u1ed7 tr\u1ee3 Ti\u1ec1n thu\u00ea nh\u00e0 Kh\u1ea9n c\u1ea5p c\u1ee7a Maryland (ERAP)<\/h2>\n<p>B\u1ea1n c\u00f3 g\u1eb7p kh\u00f3 kh\u0103n trong vi\u1ec7c tr\u1ea3 ti\u1ec1n thu\u00ea nh\u00e0 do COVID-19 kh\u00f4ng? B\u1ea1n c\u00f3 th\u1ec3 \u0111\u1ee7 \u0111i\u1ec1u ki\u1ec7n nh\u1eadn tr\u1ee3 gi\u00fap t\u00e0i ch\u00ednh v\u1edbi c\u00e1c kho\u1ea3n thanh to\u00e1n ti\u1ec1n thu\u00ea hi\u1ec7n t\u1ea1i ho\u1eb7c qu\u00e1 h\u1ea1n. Nhi\u1ec1u ch\u01b0\u01a1ng tr\u00ecnh \u0111\u00e3 c\u1ea1n ki\u1ec7t t\u00e0i tr\u1ee3 cho vi\u1ec7c tr\u1ee3 gi\u00fap ti\u1ec1n thu\u00ea nh\u00e0 li\u00ean quan \u0111\u1ebfn COVID-19, nh\u01b0ng b\u1ea1n v\u1eabn c\u00f3 th\u1ec3 nh\u1eadn tr\u1ee3 gi\u00fap th\u00f4ng qua m\u1ed9t ch\u01b0\u01a1ng tr\u00ecnh kh\u00e1c <a href=\"https:\/\/211md.org\/vi\/tai-nguyen\/nha-o\/\">ngu\u1ed3n nh\u00e0 \u1edf<\/a>. N\u1ebfu b\u1ea1n c\u1ea7n tr\u1ee3 gi\u00fap v\u1ec1 ti\u1ec1n thu\u00ea nh\u00e0, h\u00e3y g\u1ecdi 2-1-1.<\/p>\n<p>Ch\u1ee7 nh\u00e0 c\u0169ng c\u00f3 th\u1ec3 gi\u00fap ng\u01b0\u1eddi thu\u00ea n\u1ed9p \u0111\u01a1n xin h\u1ed7 tr\u1ee3.<\/p>\n\t<iframe loading=\"lazy\" width=\"560\" height=\"315\" src=\"https:\/\/www.youtube.com\/embed\/6Fomy15JX-E\" title=\"tr\u00ecnh ph\u00e1t video YouTube\" frameborder=\"0\" allow=\"accelerometer; autoplay; clipboard-write; encrypted-media; gyroscope; picture-in-picture\" allowfullscreen><\/iframe>\n\t<p>C\u00e1ch b\u1ea1n n\u1ed9p \u0111\u01a1n xin tr\u1ee3 gi\u00fap t\u00f9y thu\u1ed9c v\u00e0o n\u01a1i b\u1ea1n sinh s\u1ed1ng. C\u00e1c\u00a0<a href=\"https:\/\/dhcd.maryland.gov\/Pages\/EvictionPrevention\/default.aspx\" target=\"_blank\" rel=\"noopener\">B\u1ed9 Gia c\u01b0 v\u00e0 Ph\u00e1t tri\u1ec3n C\u1ed9ng \u0111\u1ed3ng Maryland<\/a> l\u00e0m vi\u1ec7c v\u1edbi c\u00e1c khu v\u1ef1c ph\u00e1p l\u00fd \u0111\u1ecba ph\u01b0\u01a1ng v\u00e0 c\u00e1c c\u00f4ng ty qu\u1ea3n l\u00fd t\u00e0i s\u1ea3n \u0111\u1ec3 ph\u00e2n ph\u1ed1i qu\u1ef9 li\u00ean bang.<\/p>\n<h3><b>T\u00ecm tr\u1ee3 gi\u00fap thu\u00ea nh\u00e0 t\u1ea1i \u0111\u1ecba ph\u01b0\u01a1ng<\/b><\/h3>\n<p>Kinh ph\u00ed c\u00f3 h\u1ea1n, v\u00e0 m\u1ecdi h\u1ed9 gia \u0111\u00ecnh c\u00f3 th\u1ec3 kh\u00f4ng nh\u1eadn \u0111\u01b0\u1ee3c h\u1ed7 tr\u1ee3. M\u1eb7c d\u00f9 m\u1ed9t s\u1ed1 ch\u01b0\u01a1ng tr\u00ecnh c\u00f3 c\u00e1c t\u00ean kh\u00e1c nhau, nh\u01b0ng h\u1ea7u h\u1ebft \u0111\u1ec1u \u0111\u01b0\u1ee3c coi l\u00e0 Ch\u01b0\u01a1ng tr\u00ecnh h\u1ed7 tr\u1ee3 ti\u1ec1n thu\u00ea nh\u00e0 kh\u1ea9n c\u1ea5p ho\u1eb7c ERAP.<\/p>\n<p>Ti\u1ec3u bang \u0111ang h\u1ee3p t\u00e1c v\u1edbi c\u00e1c c\u01a1 quan \u0111\u1ecba ph\u01b0\u01a1ng \u0111\u1ec3 qu\u1ea3n l\u00fd qu\u1ef9.<\/p>\n<p>T\u00ecm hi\u1ec3u v\u1ec1 quy tr\u00ecnh \u0111\u0103ng k\u00fd, t\u00e0i li\u1ec7u c\u1ea7n thi\u1ebft, h\u01b0\u1edbng d\u1eabn v\u1ec1 thu nh\u1eadp v\u00e0 c\u00e1c c\u01a1 quan \u0111\u1ed1i t\u00e1c.<\/p>\n<p><strong>L\u01b0u \u00fd: Nhi\u1ec1u ch\u01b0\u01a1ng tr\u00ecnh \u0111\u00e3 k\u1ebft th\u00fac.<\/strong><\/p>\n<ul>\n<li><a href=\"https:\/\/covidrentrelief.alleghenycounty.us\/\" target=\"_blank\" rel=\"noopener\">Allegany ERAP \u2013 ch\u01b0\u01a1ng tr\u00ecnh \u0111\u00e3 k\u1ebft th\u00fac<\/a><\/li>\n<li><a href=\"https:\/\/acdsinc.org\/housing-resources\/renters\/acds-eviction-prevention-program\/\" target=\"_blank\" rel=\"noopener\">Ch\u01b0\u01a1ng tr\u00ecnh Ng\u0103n ch\u1eb7n Tr\u1ee5c xu\u1ea5t D\u1ecbch v\u1ee5 Ph\u00e1t tri\u1ec3n C\u1ed9ng \u0111\u1ed3ng Anne Arundel (ACDS)<\/a><\/li>\n<li><a href=\"https:\/\/www.bmorechildren.com\/residents\" target=\"_blank\" rel=\"noopener\">H\u1ed7 tr\u1ee3 thu\u00ea nh\u00e0 \u1edf th\u00e0nh ph\u1ed1 Baltimore<\/a><\/li>\n<li><a href=\"https:\/\/www.baltimorecountymd.gov\/departments\/housing\/eviction-prevention-program\" target=\"_blank\" rel=\"noopener\">Ch\u01b0\u01a1ng tr\u00ecnh ng\u0103n ch\u1eb7n tr\u1ee5c xu\u1ea5t do COVID-19 c\u1ee7a H\u1ea1t Baltimore<\/a><\/li>\n<li><a href=\"https:\/\/www.calvertcountymd.gov\/3056\/Rental-Assistance-Form\" target=\"_blank\" rel=\"noopener\">H\u1ed7 tr\u1ee3 ti\u1ec1n thu\u00ea nh\u00e0 c\u1ee7a Qu\u1eadn Calvert<\/a><\/li>\n<li><a href=\"https:\/\/carolinemd.seamlessdocs.com\/f\/RENTUTILITY\" target=\"_blank\" rel=\"noopener\">ERAP Qu\u1eadn Caroline<\/a><\/li>\n<li><a href=\"https:\/\/www.carrollcountymd.gov\/government\/directory\/citizen-services\/housing-community-development\" target=\"_blank\" rel=\"noopener\">Qu\u1eadn Carroll<\/a><\/li>\n<li><a href=\"https:\/\/www.ccgov.org\/government\/community-services\/housing\" target=\"_blank\" rel=\"noopener\">Qu\u1eadn Cecil<\/a><\/li>\n<li>Qu\u1eadn Charles (<a href=\"https:\/\/charlescountydss.com\/eviction\" target=\"_blank\" rel=\"noopener\">S\u1edf d\u1ecbch v\u1ee5 x\u00e3 h\u1ed9i<\/a>\u00a0V\u00e0\u00a0<a href=\"https:\/\/www.smtccac.org\/emergency-assistance.aspx\" target=\"_blank\" rel=\"noopener\">\u1ee6y ban H\u00e0nh \u0111\u1ed9ng C\u1ed9ng \u0111\u1ed3ng Ba Qu\u1eadn Nam Maryland (SMTCCAC) ERAP<\/a>) - \u0111\u00e3 k\u1ebft th\u00fac<\/li>\n<li>H\u1ea1t Dorchester<\/li>\n<li>Qu\u1eadn Frederick \u2013 \u0111\u00e3 k\u1ebft th\u00fac, nh\u01b0ng <a href=\"https:\/\/thereligiouscoalition.org\/need-help\/rental-assistance-program\/\" target=\"_blank\" rel=\"noopener\">Li\u00ean minh t\u00f4n gi\u00e1o<\/a> c\u00f3 th\u1ec3 gi\u00fap \u0111\u1ee1 v\u1edbi ti\u1ec1n thu\u00ea l\u1ea1i<\/li>\n<li><a href=\"https:\/\/www.howardcountymd.gov\/DHCD-COVID\" target=\"_blank\" rel=\"noopener\">C\u1ee9u tr\u1ee3 thanh to\u00e1n ti\u1ec1n nh\u00e0 trong \u0111\u1ea1i d\u1ecbch COVID-19 c\u1ee7a Qu\u1eadn Howard<\/a> - \u0111\u00e3 k\u1ebft th\u00fac<\/li>\n<li><a href=\"https:\/\/www.mrdc.net\/our-programs\/housing\/erap\/\" target=\"_blank\" rel=\"noopener\">Ph\u00e1t tri\u1ec3n N\u00f4ng th\u00f4n Maryland Qu\u1eadn Kent ERAP COVID-19<\/a><\/li>\n<li><a href=\"https:\/\/www.princegeorgescountymd.gov\/3703\/Emergency-Rental-Assistance-Program\" target=\"_blank\" rel=\"noopener\">Ch\u01b0\u01a1ng tr\u00ecnh h\u1ed7 tr\u1ee3 thu\u00ea nh\u00e0 kh\u1ea9n c\u1ea5p c\u1ee7a Qu\u1eadn Prince George<\/a><\/li>\n<li><a href=\"https:\/\/www.qac.org\/154\/Housing\" target=\"_blank\" rel=\"noopener\">Qu\u1eadn N\u1eef ho\u00e0ng Anne<\/a><\/li>\n<li><a href=\"https:\/\/talbotcovid19.org\/financial-assistance\/\" target=\"_blank\" rel=\"noopener\">Qu\u1eadn Talbot<\/a><\/li>\n<li><a href=\"https:\/\/www.wicomicocounty.org\/728\/Emergency-Rental-Assistance-Program\" target=\"_blank\" rel=\"noopener\">H\u1ea1t Wicomico<\/a><\/li>\n<li><a href=\"https:\/\/dhs.maryland.gov\/local-offices\/worcester-county\/\" target=\"_blank\" rel=\"noopener\">H\u1ea1t Worcester<\/a>\u00a0(S\u1edf D\u1ecbch v\u1ee5 x\u00e3 h\u1ed9i)<\/li>\n<\/ul>\n<p>B\u1ea1n c\u00f3 th\u1ec3 g\u1ecdi 2-1-1 \u0111\u1ec3 bi\u1ebft th\u00f4ng tin m\u1edbi nh\u1ea5t v\u1ec1 ch\u01b0\u01a1ng tr\u00ecnh H\u1ed7 tr\u1ee3 thu\u00ea nh\u00e0 kh\u1ea9n c\u1ea5p c\u1ee7a Maryland ho\u1eb7c g\u1ecdi 1-877-546-5595.<\/p>\n<h3><b>Tr\u1ee3 gi\u00fap t\u00e0i ch\u00ednh<\/b><\/h3>\n<p>Tr\u1ee3 gi\u00fap t\u00e0i ch\u00ednh c\u0169ng c\u00f3 th\u1ec3 c\u00f3 s\u1eb5n th\u00f4ng qua m\u1ed9t t\u1ed5 ch\u1ee9c phi l\u1ee3i nhu\u1eadn \u0111\u1ecba ph\u01b0\u01a1ng, nh\u00e0 th\u1edd ho\u1eb7c c\u01a1 quan.\u00a0<a href=\"https:\/\/search.211md.org\/search?query=BH-3800.7000&amp;query_type=taxonomy&amp;query_label=&amp;query_language=en\" target=\"_blank\" rel=\"noopener\">T\u00ecm ki\u1ebfm c\u01a1 s\u1edf d\u1eef li\u1ec7u 211 cho c\u00e1c ch\u01b0\u01a1ng tr\u00ecnh h\u1ed7 tr\u1ee3 li\u00ean quan \u0111\u1ebfn nh\u00e0 \u1edf<\/a>\u00a0ho\u1eb7c g\u1ecdi 2-1-1 v\u00e0 n\u00f3i chuy\u1ec7n v\u1edbi Chuy\u00ean gia Th\u00f4ng tin v\u00e0 Gi\u1edbi thi\u1ec7u 24\/7\/365.<\/p>\n<h3>Tr\u1ee3 gi\u00fap ph\u00e1p l\u00fd<\/h3>\n<p>N\u1ebfu b\u1ea1n \u0111ang ph\u1ea3i \u0111\u1ed1i m\u1eb7t v\u1edbi vi\u1ec7c b\u1ecb tr\u1ee5c xu\u1ea5t v\u00e0 c\u1ea7n tr\u1ee3 gi\u00fap ph\u00e1p l\u00fd,\u00a0<a href=\"\/vi\/tep-am-thanh\/podcast-episode-6-mvls\/\" rel=\"noopener\">t\u00ecm m\u1ed9t d\u1ecbch v\u1ee5 ph\u00e1p l\u00fd mi\u1ec5n ph\u00ed v\u00e0 gi\u1ea3m chi ph\u00ed t\u1ea1i \u0111\u1ecba ph\u01b0\u01a1ng<\/a>.<\/p>\n<h2>Th\u00f4ng tin li\u00ean quan<\/h2>\n<p><a title=\"Ng\u0103n ch\u1eb7n tr\u1ee5c xu\u1ea5t\" href=\"https:\/\/211md.org\/vi\/tai-nguyen\/nha-o\/ngan-chan-truc-xuat\/\">Ng\u0103n ch\u1eb7n tr\u1ee5c xu\u1ea5t<\/a><\/p>\n<p><a href=\"https:\/\/211md.org\/vi\/tai-nguyen\/nha-o\/covid-cho-thue-tro-giup\/\">Tr\u1ee3 gi\u00fap cho thu\u00ea COVID<\/a><\/p>\n<p><a title=\"Th\u1ebf ch\u1ea5p\/T\u1ecbch thu t\u00e0i s\u1ea3n th\u1ebf ch\u1ea5p \" href=\"https:\/\/211md.org\/vi\/tai-nguyen\/nha-o\/tich-thu-tai-san-the-chap\/\">Th\u1ebf ch\u1ea5p\/T\u1ecbch thu t\u00e0i s\u1ea3n th\u1ebf ch\u1ea5p<\/a><\/p>\n<p><a href=\"https:\/\/211md.org\/vi\/tai-nguyen\/nha-o\/senior-housing\/\" target=\"_blank\" rel=\"noopener\">Nh\u00e0 cao c\u1ea5p<\/a><\/p>\n<h2>\n\t\tT\u00ecm t\u00e0i nguy\u00ean\n\t<\/h2>\n\t\t\t\t<a href=\"\/vi\/tai-nguyen\/lao-hoa-khuyet-tat\/\" target=\"_self\" itemprop=\"url\" rel=\"noopener\">\n\t\t\t\t<img loading=\"lazy\" decoding=\"async\" src=\"https:\/\/211md.org\/wp-content\/uploads\/bb-plugin\/cache\/Mask-Group-41@2x-circle-73eaadba4cad8269faa4720e25cf1c85-.png\" alt=\"\u0110\u00f4i ch\u00e2n c\u1ee7a m\u1ed9t ng\u01b0\u1eddi ph\u1ee5 n\u1eef l\u1edbn tu\u1ed5i v\u00e0 m\u1ed9t c\u00f4 g\u00e1i tr\u1ebb c\u00f9ng nhau b\u01b0\u1edbc \u0111i\" itemprop=\"image\" height=\"500\" width=\"500\" title=\"D\u1ecbch v\u1ee5 ng\u01b0\u1eddi khuy\u1ebft t\u1eadt\" onerror=\"this.style.display='none'\"  \/>\n\t\t\t\t<\/a>\n\t\t<h3><a href=\"\/vi\/tai-nguyen\/lao-hoa-khuyet-tat\/\" target=\"_self\" rel=\"noopener\">L\u00e3o h\u00f3a &amp; Khuy\u1ebft t\u1eadt<\/a><\/h3>\t\t\n\t\t\t\t<a href=\"\/vi\/tai-nguyen\/gia-dinh-tre-em\/\" target=\"_self\" itemprop=\"url\" rel=\"noopener\">\n\t\t\t\t<img loading=\"lazy\" decoding=\"async\" src=\"https:\/\/211md.org\/wp-content\/uploads\/bb-plugin\/cache\/Mask-Group-38@2x-circle-ac40d46265fbec62083cd27f6dcf23b0-.png\" alt=\"m\u1ed9t ch\u00e0ng trai v\u00e0 c\u00f4 g\u00e1i tr\u1ebb m\u1ec9m c\u01b0\u1eddi v\u00e0 nh\u00ecn v\u00e0o m\u00e1y \u1ea3nh\" itemprop=\"image\" height=\"500\" width=\"500\" title=\"Nh\u00f3m m\u1eb7t n\u1ea1 38@2x\" onerror=\"this.style.display='none'\"  \/>\n\t\t\t\t<\/a>\n\t\t<h3><a href=\"\/vi\/tai-nguyen\/gia-dinh-tre-em\/\" target=\"_self\" rel=\"noopener\">Tr\u1ebb em &amp; Gia \u0111\u00ecnh<\/a><\/h3>\t\t\n\t\t\t\t<a href=\"\/vi\/tai-nguyen\/covid-19-trung-tam-tai-nguyen\/\" target=\"_self\" itemprop=\"url\" rel=\"noopener\">\n\t\t\t\t<img loading=\"lazy\" decoding=\"async\" src=\"https:\/\/211md.org\/wp-content\/uploads\/bb-plugin\/cache\/Mask-Group-35-circle-1d65595bca7a4e0f07d3d14ca4f42835-.png\" alt=\"m\u1ed9t ng\u01b0\u1eddi \u0111\u00e0n \u00f4ng v\u00e0 ph\u1ee5 n\u1eef khu\u1ef7u tay va ch\u1ea1m\" itemprop=\"image\" height=\"500\" width=\"500\" title=\"M\u1eb7t N\u1ea1 Nh\u00f3m 35\" onerror=\"this.style.display='none'\"  \/>\n\t\t\t\t<\/a>\n\t\t<h3><a href=\"\/vi\/tai-nguyen\/covid-19-trung-tam-tai-nguyen\/\" target=\"_self\" rel=\"noopener\">T\u00e0i nguy\u00ean COVID-19<\/a><\/h3>\t\t\n\t\t\t\t<a href=\"\/vi\/tai-nguyen\/gia-dinh-bao-luc\/\" target=\"_self\" itemprop=\"url\" rel=\"noopener\">\n\t\t\t\t<img loading=\"lazy\" decoding=\"async\" src=\"https:\/\/211md.org\/wp-content\/uploads\/bb-plugin\/cache\/Mask-Group-39@2x-circle-b2589197a13c791d910f46dd10b27a87-.png\" alt=\"Hai \u0111\u00f4i n\u1eafm tay nhau\" itemprop=\"image\" height=\"500\" width=\"500\" title=\"Nh\u00f3m m\u1eb7t n\u1ea1 39@2x\" onerror=\"this.style.display='none'\"  \/>\n\t\t\t\t<\/a>\n\t\t<h3><a href=\"\/vi\/tai-nguyen\/gia-dinh-bao-luc\/\" target=\"_self\" rel=\"noopener\">B\u1ea1o h\u00e0nh Gia \u0111\u00ecnh\/Gia \u0111\u00ecnh<\/a><\/h3>\t\t\n\t\t\t\t<a href=\"\/vi\/tai-nguyen\/tim-kiem-viec-lam\/\" target=\"_self\" itemprop=\"url\" rel=\"noopener\">\n\t\t\t\t<img loading=\"lazy\" decoding=\"async\" src=\"https:\/\/211md.org\/wp-content\/uploads\/bb-plugin\/cache\/Employment-circle-bf72562329e950df948954f5d3f44b2e-.png\" alt=\"Th\u1ee3 s\u1eeda xe\" itemprop=\"image\" height=\"500\" width=\"500\" title=\"Thu\u00ea ng\u01b0\u1eddi l\u00e0m\" onerror=\"this.style.display='none'\"  \/>\n\t\t\t\t<\/a>\n\t\t<h3><a href=\"\/vi\/tai-nguyen\/tim-kiem-viec-lam\/\" target=\"_self\" rel=\"noopener\">Thu\u00ea ng\u01b0\u1eddi l\u00e0m<\/a><\/h3>\t\t\n\t\t\t\t<a href=\"\/vi\/tai-nguyen\/cham-soc-suc-khoe\/\" target=\"_self\" itemprop=\"url\" rel=\"noopener\">\n\t\t\t\t<img loading=\"lazy\" decoding=\"async\" src=\"https:\/\/211md.org\/wp-content\/uploads\/bb-plugin\/cache\/Mask-Group-35@2x-circle-94be10c13e4adae1683b4589dc2f5b2f-.png\" alt=\"B\u00e1c s\u0129 kh\u00e1m ch\u00e2n cho b\u00e9 trai\" itemprop=\"image\" height=\"500\" width=\"500\" title=\"Nh\u00f3m m\u1eb7t n\u1ea1 35@2x\" onerror=\"this.style.display='none'\"  \/>\n\t\t\t\t<\/a>\n\t\t<h3><a href=\"\/vi\/tai-nguyen\/cham-soc-suc-khoe\/\" target=\"_self\" rel=\"noopener\">Ch\u0103m s\u00f3c s\u1ee9c kh\u1ecfe<\/a><\/h3>\t\t\n\t\t\t\t<a href=\"\/vi\/tai-nguyen\/do-an\/\" target=\"_self\" itemprop=\"url\" rel=\"noopener\">\n\t\t\t\t<img loading=\"lazy\" decoding=\"async\" src=\"https:\/\/211md.org\/wp-content\/uploads\/bb-plugin\/cache\/Mask-Group-32@2x-circle-1c6d647dcaf998fa079d26735cedc92b-.png\" alt=\"Rau s\u1ea1ch\" itemprop=\"image\" height=\"500\" width=\"500\" title=\"Nh\u00f3m m\u1eb7t n\u1ea1 32@2x\" onerror=\"this.style.display='none'\"  \/>\n\t\t\t\t<\/a>\n\t\t<h3><a href=\"\/vi\/tai-nguyen\/do-an\/\" target=\"_self\" rel=\"noopener\">\u0110\u1ed3 \u0103n<\/a><\/h3>\t\t\n\t\t\t\t<a href=\"\/vi\/tai-nguyen\/nha-o\/\" target=\"_self\" itemprop=\"url\" rel=\"noopener\">\n\t\t\t\t<img loading=\"lazy\" decoding=\"async\" src=\"https:\/\/211md.org\/wp-content\/uploads\/bb-plugin\/cache\/Mask-Group-34@2x-circle-b99c55fc16ef21f35e2f2a1f7cc37b9a-.png\" alt=\"Ban c\u00f4ng chung c\u01b0\" itemprop=\"image\" height=\"500\" width=\"500\" title=\"Chung c\u01b0-Khu ph\u1ee9c h\u1ee3p\" onerror=\"this.style.display='none'\"  \/>\n\t\t\t\t<\/a>\n\t\t<h3><a href=\"\/vi\/tai-nguyen\/nha-o\/\" target=\"_self\" rel=\"noopener\">Nh\u00e0 \u1ede &amp; N\u01a1i Tr\u00fa \u1ea8n<\/a><\/h3>\t\t\n\t\t\t\t<a href=\"\/vi\/tai-nguyen\/moi-doi-voi-chung-toi-va-maryland\/\" target=\"_self\" itemprop=\"url\" rel=\"noopener\">\n\t\t\t\t<img loading=\"lazy\" decoding=\"async\" src=\"https:\/\/211md.org\/wp-content\/uploads\/bb-plugin\/cache\/American-flag-circle-0016cc327e27ef7aeb080f1da6c6e98b-.jpg\" alt=\"c\u1edd M\u1ef9\" itemprop=\"image\" height=\"364\" width=\"1366\" title=\"C\u1edd M\u1ef9\" onerror=\"this.style.display='none'\"  \/>\n\t\t\t\t<\/a>\n\t\t<h3><a href=\"\/vi\/tai-nguyen\/moi-doi-voi-chung-toi-va-maryland\/\" target=\"_self\" rel=\"noopener\">nh\u1eadp c\u01b0<\/a><\/h3>\t\t\n\t\t\t\t<a href=\"\/vi\/tai-nguyen\/dich-vu-phap-ly\/\" target=\"_self\" itemprop=\"url\" rel=\"noopener\">\n\t\t\t\t<img loading=\"lazy\" decoding=\"async\" src=\"https:\/\/211md.org\/wp-content\/uploads\/bb-plugin\/cache\/Housing-Legal-circle-9a8f3c1c72c54b6e1ce612d2993c1ad4-.png\" alt=\"B\u00faa ph\u00e1p l\u00fd v\u1edbi m\u00f4 h\u00ecnh ng\u00f4i nh\u00e0 b\u1eb1ng nh\u1ef1a b\u00ean c\u1ea1nh\" itemprop=\"image\" height=\"348\" width=\"460\" title=\"Ph\u00e1p l\u00fd nh\u00e0 \u1edf\" onerror=\"this.style.display='none'\"  \/>\n\t\t\t\t<\/a>\n\t\t<h3><a href=\"\/vi\/tai-nguyen\/dich-vu-phap-ly\/\" target=\"_self\" rel=\"noopener\">D\u1ecbch v\u1ee5 ph\u00e1p l\u00fd<\/a><\/h3>\t\t\n\t\t\t\t<a href=\"\/vi\/tai-nguyen\/suc-khoe-tinh-than\/\" target=\"_self\" itemprop=\"url\" rel=\"noopener\">\n\t\t\t\t<img loading=\"lazy\" decoding=\"async\" src=\"https:\/\/211md.org\/wp-content\/uploads\/bb-plugin\/cache\/Mask-Group-40@2x-circle-7bd9426367852fb3d841bc4bdc57a550-.png\" alt=\"H\u1ed3 s\u01a1 c\u1ee7a m\u1ed9t ng\u01b0\u1eddi \u0111\u00e0n \u00f4ng v\u00e0 ph\u1ee5 n\u1eef\" itemprop=\"image\" height=\"500\" width=\"500\" title=\"Nh\u00f3m m\u1eb7t n\u1ea1 40@2x\" onerror=\"this.style.display='none'\"  \/>\n\t\t\t\t<\/a>\n\t\t<h3><a href=\"\/vi\/tai-nguyen\/suc-khoe-tinh-than\/\" target=\"_self\" rel=\"noopener\">S\u1ee9c kh\u1ecfe tinh th\u1ea7n<\/a><\/h3>\t\t\n\t\t\t\t<a href=\"\/vi\/dung-lai\/\" target=\"_self\" itemprop=\"url\" rel=\"noopener\">\n\t\t\t\t<img loading=\"lazy\" decoding=\"async\" src=\"https:\/\/211md.org\/wp-content\/uploads\/bb-plugin\/cache\/Background-section-MDStophate-circle-08e2bae1cf9f2ad6cc83e01e23da8cb9-.jpg\" alt=\"Ph\u1ea7n n\u1ec1n-MDStophate\" itemprop=\"image\" height=\"768\" width=\"1366\" title=\"Ph\u1ea7n n\u1ec1n-MDStophate\" onerror=\"this.style.display='none'\"  \/>\n\t\t\t\t<\/a>\n\t\t<h3><a href=\"\/vi\/dung-lai\/\" target=\"_self\" rel=\"noopener\">Ng\u1eebng gh\u00e9t<\/a><\/h3>\t\t\n\t\t\t\t<a href=\"\/vi\/tai-nguyen\/su-dung-chat-kich-thich\/\" target=\"_self\" itemprop=\"url\" rel=\"noopener\">\n\t\t\t\t<img loading=\"lazy\" decoding=\"async\" src=\"https:\/\/211md.org\/wp-content\/uploads\/bb-plugin\/cache\/Substance-Use-circle-ad2d564932dc31267e0c32a6fb2d915c-.png\" alt=\"Tay \u0111\u1eadp thu\u1ed1c\" itemprop=\"image\" height=\"500\" width=\"500\" title=\"S\u1eed d\u1ee5ng ch\u1ea5t g\u00e2y nghi\u1ec7n\" onerror=\"this.style.display='none'\"  \/>\n\t\t\t\t<\/a>\n\t\t<h3><a href=\"\/vi\/tai-nguyen\/su-dung-chat-kich-thich\/\" target=\"_self\" rel=\"noopener\">S\u1eed d\u1ee5ng ch\u1ea5t k\u00edch th\u00edch<\/a><\/h3>\t\t\n\t\t\t\t<a href=\"\/vi\/tai-nguyen\/dich-vu-thue\/\" target=\"_self\" itemprop=\"url\" rel=\"noopener\">\n\t\t\t\t<img loading=\"lazy\" decoding=\"async\" src=\"https:\/\/211md.org\/wp-content\/uploads\/bb-plugin\/cache\/Mask-Group-34-circle-166a606e37e61188c9a17d5e634cda3c-.png\" alt=\"Ng\u01b0\u1eddi \u0111i\u1ec1n v\u00e0o gi\u1ea5y t\u1edd thu\u1ebf thu nh\u1eadp\" itemprop=\"image\" height=\"500\" width=\"500\" title=\"M\u1eb7t N\u1ea1 Nh\u00f3m 34\" onerror=\"this.style.display='none'\"  \/>\n\t\t\t\t<\/a>\n\t\t<h3><a href=\"\/vi\/tai-nguyen\/dich-vu-thue\/\" target=\"_self\" rel=\"noopener\">D\u1ecbch v\u1ee5 thu\u1ebf<\/a><\/h3>\t\t\n\t\t\t\t<a href=\"\/vi\/tai-nguyen\/ho-tro-tien-ich\/\" target=\"_self\" itemprop=\"url\" rel=\"noopener\">\n\t\t\t\t<img loading=\"lazy\" decoding=\"async\" src=\"https:\/\/211md.org\/wp-content\/uploads\/bb-plugin\/cache\/Mask-Group-37@2x-circle-9661a11b9c4082079c9a1f06bc539567-.png\" alt=\"M\u1ed9t b\u00f3ng \u0111\u00e8n th\u1eafp s\u00e1ng\" itemprop=\"image\" height=\"500\" width=\"500\" title=\"Nh\u00f3m m\u1eb7t n\u1ea1 37@2x\" onerror=\"this.style.display='none'\"  \/>\n\t\t\t\t<\/a>\n\t\t<h3><a href=\"\/vi\/tai-nguyen\/ho-tro-tien-ich\/\" target=\"_self\" rel=\"noopener\">H\u1ed7 tr\u1ee3 ti\u1ec7n \u00edch<\/a><\/h3>\t\t\n\t\t\t\t<a href=\"\/vi\/tai-nguyen\/cuu-chien-binh\/\" target=\"_self\" itemprop=\"url\" rel=\"noopener\">\n\t\t\t\t<img loading=\"lazy\" decoding=\"async\" src=\"https:\/\/211md.org\/wp-content\/uploads\/bb-plugin\/cache\/Veterans-circle-b5b2b017288a5af0f61a41d0f31d0f82-.png\" alt=\"M\u1ed9t ng\u01b0\u1eddi l\u00ednh b\u1eaft tay ai \u0111\u00f3 v\u00e0 m\u1ec9m c\u01b0\u1eddi\" itemprop=\"image\" height=\"500\" width=\"500\" title=\"c\u1ef1u chi\u1ebfn binh\" onerror=\"this.style.display='none'\"  \/>\n\t\t\t\t<\/a>\n\t\t<h3><a href=\"\/vi\/tai-nguyen\/cuu-chien-binh\/\" target=\"_self\" rel=\"noopener\">c\u1ef1u chi\u1ebfn binh<\/a><\/h3>","protected":false},"excerpt":{"rendered":"<p>Ch\u01b0\u01a1ng tr\u00ecnh H\u1ed7 tr\u1ee3 Ti\u1ec1n thu\u00ea nh\u00e0 Kh\u1ea9n c\u1ea5p c\u1ee7a Maryland (ERAP) B\u1ea1n c\u00f3 g\u1eb7p kh\u00f3 kh\u0103n trong vi\u1ec7c thanh to\u00e1n ti\u1ec1n thu\u00ea nh\u00e0 do COVID-19 kh\u00f4ng? B\u1ea1n c\u00f3 th\u1ec3 \u0111\u1ee7 \u0111i\u1ec1u ki\u1ec7n nh\u1eadn tr\u1ee3 gi\u00fap t\u00e0i ch\u00ednh v\u1edbi c\u00e1c kho\u1ea3n thanh to\u00e1n ti\u1ec1n thu\u00ea nh\u00e0 hi\u1ec7n t\u1ea1i ho\u1eb7c qu\u00e1 h\u1ea1n. Nhi\u1ec1u ch\u01b0\u01a1ng tr\u00ecnh \u0111\u00e3 c\u1ea1n ki\u1ec7t ngu\u1ed3n t\u00e0i tr\u1ee3 \u0111\u1ec3 h\u1ed7 tr\u1ee3 ti\u1ec1n thu\u00ea nh\u00e0 li\u00ean quan \u0111\u1ebfn COVID-19, nh\u01b0ng b\u1ea1n v\u1eabn c\u00f3 th\u1ec3 nh\u1eadn \u0111\u01b0\u1ee3c tr\u1ee3 gi\u00fap th\u00f4ng qua ngu\u1ed3n nh\u00e0 \u1edf kh\u00e1c. N\u1ebfu b\u1ea1n\u2026<\/p>","protected":false},"author":8,"featured_media":2434,"parent":926,"menu_order":0,"comment_status":"closed","ping_status":"closed","template":"","meta":{"footnotes":""},"class_list":["post-1963","page","type-page","status-publish","has-post-thumbnail","hentry"],"_links":{"self":[{"href":"https:\/\/211md.org\/vi\/wp-json\/wp\/v2\/pages\/1963","targetHints":{"allow":["GET"]}}],"collection":[{"href":"https:\/\/211md.org\/vi\/wp-json\/wp\/v2\/pages"}],"about":[{"href":"https:\/\/211md.org\/vi\/wp-json\/wp\/v2\/types\/page"}],"author":[{"embeddable":true,"href":"https:\/\/211md.org\/vi\/wp-json\/wp\/v2\/users\/8"}],"replies":[{"embeddable":true,"href":"https:\/\/211md.org\/vi\/wp-json\/wp\/v2\/comments?post=1963"}],"version-history":[{"count":0,"href":"https:\/\/211md.org\/vi\/wp-json\/wp\/v2\/pages\/1963\/revisions"}],"up":[{"embeddable":true,"href":"https:\/\/211md.org\/vi\/wp-json\/wp\/v2\/pages\/926"}],"wp:featuredmedia":[{"embeddable":true,"href":"https:\/\/211md.org\/vi\/wp-json\/wp\/v2\/media\/2434"}],"wp:attachment":[{"href":"https:\/\/211md.org\/vi\/wp-json\/wp\/v2\/media?parent=1963"}],"curies":[{"name":"wp","href":"https:\/\/api.w.org\/{rel}","templated":true}]}}