{"id":2010,"date":"2021-05-27T23:22:41","date_gmt":"2021-05-27T23:22:41","guid":{"rendered":"https:\/\/211md.org\/?page_id=2010"},"modified":"2026-01-08T09:44:30","modified_gmt":"2026-01-08T14:44:30","slug":"baltimore-thuc-pham","status":"publish","type":"page","link":"https:\/\/211md.org\/vi\/resources\/food\/baltimore-food\/","title":{"rendered":"T\u00ecm th\u1ee9c \u0103n \u1edf th\u00e0nh ph\u1ed1 Baltimore"},"content":{"rendered":"<img decoding=\"async\" src=\"https:\/\/stg-maryland211-staging.kinsta.cloud\/wp-content\/uploads\/2025\/08\/5-1-scaled.png\" alt=\"5\" itemprop=\"image\" height=\"692\" width=\"2560\" title=\"5\" onerror=\"this.style.display='none'\" loading=\"lazy\" \/>\n\t\t<p>Looking for food in Baltimore City? There are several options available, including grocery delivery and produce box distribution.<\/p>\n\t\t\t<a href=\"#start\" target=\"_self\">\n\t\t\t\t\t\tB\u1eaft \u0111\u1ea7u\n\t\t\t\t\t<\/a>\n\t\t\t\t<img decoding=\"async\" src=\"https:\/\/211md.org\/wp-content\/plugins\/bb-plugin\/img\/pixel.png\" alt=\"\" itemprop=\"image\" onerror=\"this.style.display='none'\" loading=\"lazy\" \/>\n\t\t\t\t<img decoding=\"async\" src=\"https:\/\/stg-maryland211-staging.kinsta.cloud\/wp-content\/uploads\/2025\/08\/16.png\" alt=\"16\" itemprop=\"image\" height=\"1000\" width=\"1000\" title=\"16\" onerror=\"this.style.display='none'\" loading=\"lazy\" \/>\n\t\t\t\t<img decoding=\"async\" src=\"http:\/\/211md.org\/wp-content\/uploads\/2022\/05\/food-donation-box-from-food-bank.png\" alt=\"h\u1ed9p quy\u00ean g\u00f3p th\u1ef1c ph\u1ea9m t\u1eeb ng\u00e2n h\u00e0ng th\u1ef1c ph\u1ea9m\" itemprop=\"image\" title=\"h\u1ed9p quy\u00ean g\u00f3p th\u1ef1c ph\u1ea9m t\u1eeb ng\u00e2n h\u00e0ng th\u1ef1c ph\u1ea9m\" onerror=\"this.style.display='none'\" loading=\"lazy\" \/>\n\t<h2>Free Food Programs in Baltimore City<\/h2>\n<p>Khu v\u1ef1c th\u00e0nh ph\u1ed1 Baltimore c\u00f3 c\u00e1c ngu\u1ed3n l\u1ef1c v\u00e0 h\u1ed7 tr\u1ee3 cho nh\u1eefng ng\u01b0\u1eddi b\u1ecb \u1ea3nh h\u01b0\u1edfng b\u1edfi t\u00ecnh tr\u1ea1ng \u0111\u00f3ng c\u1eeda ch\u00ednh ph\u1ee7 li\u00ean bang ho\u1eb7c nh\u1eefng ng\u01b0\u1eddi \u0111ang ph\u1ea3i \u0111\u1ed1i m\u1eb7t v\u1edbi t\u00ecnh tr\u1ea1ng m\u1ea5t an ninh l\u01b0\u01a1ng th\u1ef1c v\u00ec b\u1ea5t k\u1ef3 l\u00fd do n\u00e0o kh\u00e1c.<\/p>\n<h3>Produce Box Distribution<\/h3>\n<p>Residents can also get a 15-pound box of fresh produce, filled with fruits and vegetables, at locations throughout Baltimore City. These distribution events are held several days a week, and are expected to last through January 2026. There are 30 sites throughout Baltimore City, and events are held on various days of the week.<\/p>\n<p><a href=\"https:\/\/www.baltimorecity.gov\/shutdown\" target=\"_blank\" rel=\"noopener\">T\u00ecm th\u1ea5y<\/a> a date and location near you.<\/p>\n<h3>Home Delivered Food<\/h3>\n<p>If you are a Baltimore City resident and can&#8217;t afford meals or groceries and currently have no food at home or will run out before you can buy more, you may be able to request a free home-delivered grocery box. The box includes a week&#8217;s worth of non-perishable food.<\/p>\n<p>This program is typically available to adults 55+, but call and check the latest eligibility requirements.<\/p>\n<p>Sign up by contacting Maryland Access Point (MAP) in Baltimore City. Call 410-396-2273 (CARE).<\/p>\n\t<h3>D\u1ef1 \u00e1n Th\u1ef1c ph\u1ea9m<\/h3>\n<p>\u201cD\u1ef1 \u00e1n Th\u1ef1c ph\u1ea9m\u201d c\u1ee7a UEMPOWER t\u1ea1i Maryland m\u1edf ch\u1ee3 th\u1ef1c ph\u1ea9m t\u1ea1m th\u1eddi \u1edf T\u00e2y Nam Baltimore v\u00e0o th\u1ee9 Ba, th\u1ee9 N\u0103m v\u00e0 th\u1ee9 B\u1ea3y. <a href=\"https:\/\/uempowerofmd.org\/the-food-project\/?fbclid=IwY2xjawNxoNJleHRuA2FlbQIxMABicmlkETF3WTRRMDFLWFgwcHFFYlBtAR7qY9aV3YUtn5csOAVMtq8igpfX7AZ0v-7JWNvfe_oC_Rz1og0p4yGTuL1lFg_aem_Cl_KH5FjNS0DfR4JLciMVA\" target=\"_blank\" rel=\"noopener\">Nh\u1eadn th\u1eddi gian m\u1edbi nh\u1ea5t<\/a> \u0111\u1ec3 t\u1eb7ng b\u1eefa \u0103n v\u00e0 th\u1ef1c ph\u1ea9m. H\u1ecd c\u0169ng cung c\u1ea5p b\u1eefa \u0103n cho nh\u1eefng ng\u01b0\u1eddi kh\u00f4ng th\u1ec3 ra kh\u1ecfi nh\u00e0. UEMPOWER h\u1ee3p t\u00e1c v\u1edbi c\u00e1c \u0111\u1ed1i t\u00e1c \u0111\u1ec3 gi\u00fap c\u00e1c c\u00e1 nh\u00e2n v\u00e0 gia \u0111\u00ecnh nh\u1eadn \u0111\u01b0\u1ee3c tr\u1ee3 c\u1ea5p, gi\u1ea5y t\u1edd, qu\u1ea7n \u00e1o, v.v.<\/p>\n<p>N\u1ebfu b\u1ea1n c\u1ea7n th\u1ef1c ph\u1ea9m ho\u1eb7c c\u00e1c d\u1ecbch v\u1ee5 kh\u00e1c, <a href=\"https:\/\/thefoodproject.jotform.com\/app\/252085176374966?fbclid=IwY2xjawNxn-1leHRuA2FlbQIxMABicmlkETF3WTRRMDFLWFgwcHFFYlBtAR4GlBC5R51LegBz-zIyswV4WOJWYca16ElrcV3SBIRFuCKwoKuZVm_aO4TyQg_aem_rcnPv2jagyzJg97yxnAMzw\" target=\"_blank\" rel=\"noopener\">\u0111i\u1ec1n v\u00e0o m\u1eabu \u0111\u01a1n n\u00e0y<\/a>.<\/p>\n<h3>So What Else Food Program<\/h3>\n<p>\u0110\u1ec3 mua th\u1ef1c ph\u1ea9m, nhu y\u1ebfu ph\u1ea9m v\u00e0 t\u00e3 l\u00f3t, h\u00e3y gh\u00e9 th\u0103m So What Else. S\u1ef1 \u0111a d\u1ea1ng, s\u1ed1 l\u01b0\u1ee3ng v\u00e0 ch\u1ea5t l\u01b0\u1ee3ng th\u1ef1c ph\u1ea9m c\u00f3 th\u1ec3 thay \u0111\u1ed5i h\u00e0ng ng\u00e0y. H\u00e3y mang theo t\u00fai ho\u1eb7c xe \u0111\u1ea9y \u0111\u1ec3 mang \u0111\u1ed3 v\u1ec1 nh\u00e0. T\u1ecda l\u1ea1c t\u1ea1i T\u00e2y Nam Baltimore, Trung t\u00e2m T\u00e0i nguy\u00ean Baltimore h\u1ed7 tr\u1ee3 c\u1ed9ng \u0111\u1ed3ng nhi\u1ec1u ng\u00e0y trong tu\u1ea7n. <a href=\"https:\/\/sowhatelse.org\/\" target=\"_blank\" rel=\"noopener\">Nh\u1eadn gi\u1edd l\u00e0m vi\u1ec7c m\u1edbi nh\u1ea5t c\u1ee7a h\u1ecd<\/a> v\u00e0 t\u00ecm hi\u1ec3u v\u1ec1 c\u00e1c s\u1ef1 ki\u1ec7n \u0111\u1eb7c bi\u1ec7t d\u00e0nh cho nh\u1eefng ng\u01b0\u1eddi b\u1ecb \u1ea3nh h\u01b0\u1edfng b\u1edfi t\u00ecnh tr\u1ea1ng \u0111\u00f3ng c\u1eeda ch\u00ednh ph\u1ee7 li\u00ean bang.<\/p>\n<h3>M\u1ea1ng l\u01b0\u1edbi t\u1ee7 l\u1ea1nh<\/h3>\n<p>M\u1ea1ng l\u01b0\u1edbi t\u1ee7 l\u1ea1nh c\u1ed9ng \u0111\u1ed3ng BMore l\u00e0 m\u1ea1ng l\u01b0\u1edbi t\u1ee7 l\u1ea1nh d\u1ef1 tr\u1eef th\u1ef1c ph\u1ea9m \u1edf khu v\u1ef1c th\u00e0nh ph\u1ed1 Baltimore. <a href=\"https:\/\/www.google.com\/maps\/d\/u\/0\/viewer?mid=144OL4Q89OhRc2JInBCT-TMrvVjZ5zG4&amp;ll=39.3519417%2C-76.60977299999999&amp;z=18\" target=\"_blank\" rel=\"noopener\">T\u00ecm \u0111\u1ecba \u0111i\u1ec3m c\u00f3 \u0111\u1ed3 \u0103n<\/a>.<\/p>\n\t\t\t\t<a href=\"https:\/\/search.211md.org\/\" target=\"_blank\" rel=\"noopener\" itemprop=\"url\">\n\t\t\t\t<img decoding=\"async\" src=\"https:\/\/stg-maryland211-staging.kinsta.cloud\/wp-content\/uploads\/2025\/08\/2025_MdInfoNet_Icon-Sets-white_Locate.png\" alt=\"\" itemprop=\"image\" onerror=\"this.style.display='none'\" loading=\"lazy\" \/>\n\t\t\t\t<\/a>\n<h2><a href=\"https:\/\/search.211md.org\/\" target=\"_blank\" rel=\"noopener\">T\u00ecm ki\u1ebfm th\u1ef1c ph\u1ea9m ph\u1ed5 bi\u1ebfn \u1edf th\u00e0nh ph\u1ed1 Baltimore<\/a><\/h2><p>Click on the type of food you&#8217;re looking for in the Baltimore area, and search 211&#8217;s Community Resource Database. Narrow the results by entering a ZIP code.<\/p>\n\t\t\t<a href=\"https:\/\/search.211md.org\/search?query=BD-1800.2250&#038;query_type=taxonomy&#038;query_label=\" target=\"_blank\" rel=\"noopener\">\n\t\t\t\t\t\tphi\u1ebfu \u0103n u\u1ed1ng\n\t\t\t\t\t<\/a>\n\t\t\t<a href=\"https:\/\/search.211md.org\/search?query=BD-1800.2000&#038;query_type=taxonomy&#038;query_label=\" target=\"_blank\" rel=\"noopener\">\n\t\t\t\t\t\tph\u00f2ng \u0111\u1ef1ng th\u1ee9c \u0103n\n\t\t\t\t\t<\/a>\n\t\t\t<a href=\"https:\/\/search.211md.org\/search?query=BD-1875.2000&#038;query_type=taxonomy&#038;query_label=\" target=\"_blank\" rel=\"noopener\">\n\t\t\t\t\t\tNg\u00e2n h\u00e0ng th\u1ef1c ph\u1ea9m\n\t\t\t\t\t<\/a>\n\t\t\t<a href=\"https:\/\/search.211md.org\/search?query=BD-1800.8200-255&#038;query_label=Fresh+Food&#038;query_type=taxonomy&#038;distance=25\" target=\"_blank\" rel=\"noopener\">\n\t\t\t\t\t\tTh\u1ee9c \u0103n s\u1ea1ch\n\t\t\t\t\t<\/a>\n\t\t\t<a href=\"https:\/\/search.211md.org\/search?query=Baby+Formula+%26+Food&#038;query_label=Baby+Formula+%26+Food&#038;query_type=taxonomy&#038;distance=25\" target=\"_blank\" rel=\"noopener\">\n\t\t\t\t\t\tS\u1eefa c\u00f4ng th\u1ee9c\/Th\u1ee9c \u0103n tr\u1ebb em\n\t\t\t\t\t<\/a>\n\t\t\t<a href=\"https:\/\/search.211md.org\/search?query=BD-2400.2590&#038;query_type=taxonomy&#038;query_label=\" target=\"_blank\" rel=\"noopener\">\n\t\t\t\t\t\tGiao h\u00e0ng t\u1ea1p h\u00f3a\n\t\t\t\t\t<\/a>\n\t<h2><b>Gi\u1ea3m gi\u00e1 h\u00e0ng t\u1ea1p h\u00f3a \u1edf Baltimore<\/b><\/h2>\n<p>C\u00f3 hai c\u00e1ch kh\u00e1c \u0111\u1ec3 ti\u1ebft ki\u1ec7m ti\u1ec1n mua h\u00e0ng t\u1ea1p h\u00f3a:<\/p>\n<ul>\n<li>CHIA S\u1eba M\u1ea1ng Th\u1ef1c Ph\u1ea9m<\/li>\n<li>B&#039;More Fresh (th\u00f4ng qua Amazon)<\/li>\n<\/ul>\n<p>C\u00e1c\u00a0<a href=\"https:\/\/211md.org\/vi\/tai-nguyen\/do-an\/\" target=\"_blank\" rel=\"noopener\">CHIA S\u1eba M\u1ea1ng Th\u1ef1c Ph\u1ea9m<\/a> l\u00e0 m\u1ed9t t\u1ed5 ch\u1ee9c phi l\u1ee3i nhu\u1eadn cung c\u1ea5p th\u1ef1c ph\u1ea9m s\u1ea1ch v\u1edbi gi\u00e1 ch\u1ec9 b\u1eb1ng m\u1ed9t n\u1eeda gi\u00e1 b\u00e1n l\u1ebb. Th\u1ef1c \u0111\u01a1n \u0111\u01b0\u1ee3c c\u1eadp nh\u1eadt h\u00e0ng th\u00e1ng v\u00e0 c\u00f3 c\u00e1c \u0111i\u1ec3m nh\u1eadn h\u00e0ng tr\u00ean kh\u1eafp Maryland.<\/p>\n<h3>Gi\u1ea3m gi\u00e1 c\u1ee7a Amazon<\/h3>\n<p>Ng\u01b0\u1eddi tham gia ch\u01b0\u01a1ng tr\u00ecnh SNAP c\u1ee7a Th\u00e0nh ph\u1ed1 Baltimore (tr\u01b0\u1edbc \u0111\u00e2y g\u1ecdi l\u00e0 tem phi\u1ebfu th\u1ef1c ph\u1ea9m) c\u00f3 th\u1ec3 nh\u1eadn phi\u1ebfu mua n\u00f4ng s\u1ea3n $20 th\u00f4ng qua B&#039;More Fresh v\u00e0 Amazon. V\u00ec \u0111\u00e2y l\u00e0 ch\u01b0\u01a1ng tr\u00ecnh c\u1ee7a Amazon, th\u1ef1c ph\u1ea9m s\u1ebd \u0111\u01b0\u1ee3c giao t\u1eadn n\u01a1i.<\/p>\n<p>Phi\u1ebfu mua h\u00e0ng \u0111\u01b0\u1ee3c cung c\u1ea5p m\u1ed9t l\u1ea7n m\u1ed7i th\u00e1ng v\u00e0 ph\u1ea3i \u0111\u01b0\u1ee3c s\u1eed d\u1ee5ng trong v\u00f2ng 30 ng\u00e0y.<\/p>\n<p>Sau \u0111\u00e2y l\u00e0 c\u00e1ch th\u1ee9c ho\u1ea1t \u0111\u1ed9ng.<\/p>\n<ul>\n<li>Chi $5 cho tr\u00e1i c\u00e2y v\u00e0 rau qu\u1ea3 t\u01b0\u01a1i ho\u1eb7c \u0111\u00f4ng l\u1ea1nh \u0111\u1ee7 \u0111i\u1ec1u ki\u1ec7n nh\u1eadn tr\u1ee3 c\u1ea5p SNAP\/EBT.<\/li>\n<li>Nh\u1eadn phi\u1ebfu gi\u1ea3m gi\u00e1 $30 sau khi mua h\u00e0ng.<\/li>\n<li>S\u1eed d\u1ee5ng phi\u1ebfu mua h\u00e0ng.<\/li>\n<li>Qu\u00e1 tr\u00ecnh n\u00e0y c\u00f3 th\u1ec3 l\u1eb7p l\u1ea1i m\u1ed7i th\u00e1ng m\u1ed9t l\u1ea7n.<\/li>\n<\/ul>\n<p><em>L\u01b0u \u00fd: Chi ti\u1ebft ch\u01b0\u01a1ng tr\u00ecnh c\u00f3 th\u1ec3 thay \u0111\u1ed5i.\u00a0<\/em><\/p>\n\t\t\t\t<img decoding=\"async\" src=\"https:\/\/211md.org\/wp-content\/uploads\/2021\/05\/Food-Donation.png\" alt=\"\u0111\u1ed3 \u0103n \u1edf baltimore\" itemprop=\"image\" height=\"348\" width=\"460\" title=\"quy\u00ean g\u00f3p th\u1ef1c ph\u1ea9m\" onerror=\"this.style.display='none'\" loading=\"lazy\" \/>\n\t<h2>SNAP v\u00e0 WIC<\/h2>\n<p>N\u1ebfu b\u1ea1n c\u1ea7n tr\u1ee3 gi\u00fap thanh to\u00e1n ti\u1ec1n mua th\u1ef1c ph\u1ea9m, c\u00f3 hai ch\u01b0\u01a1ng tr\u00ecnh h\u1ed7 tr\u1ee3 th\u1ef1c ph\u1ea9m d\u00e0nh cho b\u1ea1n.<\/p>\n<p>\u0110\u1ecdc h\u01b0\u1edbng d\u1eabn 211 c\u1ee7a ch\u00fang t\u00f4i v\u1ec1 c\u1ea3 hai ch\u01b0\u01a1ng tr\u00ecnh:<\/p>\n<ul>\n<li><a href=\"https:\/\/211md.org\/vi\/tai-nguyen\/do-an\/tem-phieu-thuc-pham\/\">Ch\u01b0\u01a1ng tr\u00ecnh H\u1ed7 tr\u1ee3 Dinh d\u01b0\u1ee1ng B\u1ed5 sung ho\u1eb7c SNAP<\/a>\u00a0(tr\u01b0\u1edbc \u0111\u00e2y l\u00e0 tem phi\u1ebfu th\u1ef1c ph\u1ea9m) <\/li>\n<li><a href=\"https:\/\/211md.org\/vi\/tai-nguyen\/do-an\/wic\/\">WIC<\/a> \u2013 d\u00e0nh cho c\u00e1c b\u00e0 m\u1eb9 mang thai v\u00e0 cho con b\u00fa \u0111\u1ee7 \u0111i\u1ec1u ki\u1ec7n v\u00e0 tr\u1ebb em d\u01b0\u1edbi 5 tu\u1ed5i<\/li>\n<\/ul>\n<p>Nh\u1eadn tr\u1ee3 gi\u00fap v\u1edbi c\u00e1c \u0111\u01a1n \u0111\u0103ng k\u00fd n\u00e0y. Nh\u00e2n vi\u00ean d\u1ecbch v\u1ee5 x\u00e3 h\u1ed9i s\u1ebd \u0111\u1ebfn th\u0103m c\u00e1c trung t\u00e2m \u0110\u1ed1i t\u00e1c H\u00e0nh \u0111\u1ed9ng C\u1ed9ng \u0111\u1ed3ng Th\u00e0nh ph\u1ed1 Baltimore (BCCAP) h\u00e0ng tu\u1ea7n \u0111\u1ec3 h\u1ed7 tr\u1ee3 c\u00e1c ch\u01b0\u01a1ng tr\u00ecnh th\u1ef1c ph\u1ea9m n\u00e0y. <a href=\"https:\/\/www.bmorechildren.com\/assistance\" target=\"_blank\" rel=\"noopener\">Li\u00ean h\u1ec7 BCCAP<\/a> \u0111\u1ec3 \u0111\u01b0\u1ee3c gi\u00fap \u0111\u1ee1.<\/p>\n<h3>T\u00ecm kho th\u1ef1c ph\u1ea9m<\/h3>\n<p>C\u01a1 s\u1edf d\u1eef li\u1ec7u T\u00e0i nguy\u00ean C\u1ed9ng \u0111\u1ed3ng 211 li\u1ec7t k\u00ea c\u00e1c ngu\u1ed3n th\u1ef1c ph\u1ea9m tr\u00ean kh\u1eafp khu v\u1ef1c Th\u00e0nh ph\u1ed1 Baltimore, t\u1eeb c\u00e1c kho th\u1ef1c ph\u1ea9m \u0111\u1ebfn c\u00e1c b\u1ebfp \u0103n t\u1eeb thi\u1ec7n. T\u00ecm ki\u1ebfm th\u1ef1c ph\u1ea9m b\u1ea1n c\u1ea7n v\u1edbi c\u00e1c t\u00ecm ki\u1ebfm ph\u1ed5 bi\u1ebfn n\u00e0y. Nh\u1eadp m\u00e3 ZIP \u0111\u1ec3 thu h\u1eb9p ph\u1ea1m vi t\u00ecm ki\u1ebfm.<\/p>\n<p>&nbsp;<\/p>\n\t\t\t<a href=\"https:\/\/search.211md.org\/search?query=BD-1800.8200-250%2CNL-6000.9500%2CBD-5000.1500%2CBD-2400.2590%2CBD-5000.8300&#038;query_label=I+need+food+or+food+assistance.&#038;query_type=taxonomy&#038;distance=25\" target=\"_blank\" rel=\"noopener\">\n\t\t\t\t\t\tBaltimore City Food resources\n\t\t\t\t\t<\/a>\n\t\t\t\t<img decoding=\"async\" src=\"https:\/\/211md.org\/wp-content\/plugins\/bb-plugin\/img\/pixel.png\" alt=\"\" itemprop=\"image\" onerror=\"this.style.display='none'\" loading=\"lazy\" \/>\n\t\t\t\t<img decoding=\"async\" src=\"https:\/\/211md.org\/wp-content\/uploads\/bb-plugin\/cache\/Call-center-specialst-circle-4e9ecd7b3425be4576416abc911049bb-.jpg\" alt=\"Chuy\u00ean gia trung t\u00e2m cu\u1ed9c g\u1ecdi\" itemprop=\"image\" title=\"Trung t\u00e2m cu\u1ed9c g\u1ecdi \u0111\u1eb7c bi\u1ec7t\" onerror=\"this.style.display='none'\" loading=\"lazy\" \/>\n<h2>Quay s\u1ed1 211<\/h2><p>H\u00e3y tr\u00f2 chuy\u1ec7n v\u1edbi m\u1ed9t ng\u01b0\u1eddi chu \u0111\u00e1o v\u00e0 gi\u00e0u l\u00f2ng tr\u1eafc \u1ea9n 24\/7. H\u1ecd c\u0169ng c\u00f3 th\u1ec3 k\u1ebft n\u1ed1i b\u1ea1n v\u1edbi c\u00e1c ngu\u1ed3n l\u1ef1c.\u00a0<\/p>\n\t\t\t<a href=\"tel:%20+211\" target=\"_blank\" rel=\"noopener\">\n\t\t\t\t\t\tQuay s\u1ed1 211 (di \u0111\u1ed9ng)\n\t\t\t\t\t<\/a>\n<h2>\n\t\t\tTh\u00f4ng tin li\u00ean quan\t<\/h2>\n\t\t<h4><a href=\"\/vi\/tai-nguyen\/lao-hoa-khuyet-tat\/?utm_source=Home&#038;utm_medium=Referral&#038;utm_campaign=211Resources&#038;utm_content=Aging\" target=\"_self\">L\u00e3o h\u00f3a &amp; Khuy\u1ebft t\u1eadt<\/a><\/h4>\n\t\t\t\t<a href=\"\/vi\/tai-nguyen\/lao-hoa-khuyet-tat\/?utm_source=Home&#038;utm_medium=Referral&#038;utm_campaign=211Resources&#038;utm_content=Aging\"  target=\"_self\" itemprop=\"url\">\n\t\t\t\t<img decoding=\"async\" src=\"https:\/\/211md.org\/wp-content\/uploads\/bb-plugin\/cache\/2025_MdInfoNet_Icon-Sets_Aging-disability-square-c466727102cae71e5f27b8539bb51945-.png\" alt=\"\" itemprop=\"image\" onerror=\"this.style.display='none'\" loading=\"lazy\" \/>\n\t\t\t\t<\/a>\n\t\t<h4><a href=\"\/vi\/tai-nguyen\/gia-dinh-tre-em\/?utm_source=Home&#038;utm_medium=Referral&#038;utm_campaign=211Resources&#038;utm_content=Children\" target=\"_self\">Tr\u1ebb em &amp; Gia \u0111\u00ecnh<\/a><\/h4>\n\t\t\t\t<a href=\"\/vi\/tai-nguyen\/gia-dinh-tre-em\/?utm_source=Home&#038;utm_medium=Referral&#038;utm_campaign=211Resources&#038;utm_content=Children\"  target=\"_self\" itemprop=\"url\">\n\t\t\t\t<img decoding=\"async\" src=\"https:\/\/211md.org\/wp-content\/uploads\/bb-plugin\/cache\/2025_211_Icon-Sets_Child-care-square-f3b0d4edab3dcc467fadb5f55f4064c6-.png\" alt=\"parent and child icon for child care\" itemprop=\"image\" height=\"417\" width=\"417\" title=\"2025_211_B\u1ed9 bi\u1ec3u t\u01b0\u1ee3ng_Ch\u0103m s\u00f3c tr\u1ebb em\" onerror=\"this.style.display='none'\" loading=\"lazy\" \/>\n\t\t\t\t<\/a>\n\t\t<h4><a href=\"\/vi\/tai-nguyen\/gia-dinh-bao-luc\/?utm_source=Home&#038;utm_medium=Referral&#038;utm_campaign=211Resources&#038;utm_content=Domestic\" target=\"_self\">B\u1ea1o l\u1ef1c gia \u0111\u00ecnh<\/a><\/h4>\n\t\t\t\t<a href=\"\/vi\/tai-nguyen\/gia-dinh-bao-luc\/?utm_source=Home&#038;utm_medium=Referral&#038;utm_campaign=211Resources&#038;utm_content=Domestic\"  target=\"_self\" itemprop=\"url\">\n\t\t\t\t<img decoding=\"async\" src=\"https:\/\/211md.org\/wp-content\/uploads\/bb-plugin\/cache\/2025_211_Icon-Sets_Domestic-Violence-square-7b597694a6f05fe90cdc376aa573bc63-.png\" alt=\"House with a heart in the middle icon\" itemprop=\"image\" height=\"417\" width=\"417\" title=\"2025_211_B\u1ed9 bi\u1ec3u t\u01b0\u1ee3ng_B\u1ea1o l\u1ef1c gia \u0111\u00ecnh\" onerror=\"this.style.display='none'\" loading=\"lazy\" \/>\n\t\t\t\t<\/a>\n\t\t<h4><a href=\"\/vi\/tai-nguyen\/tim-kiem-viec-lam\/?utm_source=Home&#038;utm_medium=Referral&#038;utm_campaign=211Resources&#038;utm_content=Employment\" target=\"_self\">Thu\u00ea ng\u01b0\u1eddi l\u00e0m<\/a><\/h4>\n\t\t\t\t<a href=\"\/vi\/tai-nguyen\/tim-kiem-viec-lam\/?utm_source=Home&#038;utm_medium=Referral&#038;utm_campaign=211Resources&#038;utm_content=Employment\"  target=\"_self\" itemprop=\"url\">\n\t\t\t\t<img decoding=\"async\" src=\"https:\/\/211md.org\/wp-content\/uploads\/bb-plugin\/cache\/2025_MdInfoNet_Icon-Sets_Employment-square-44707bd410e4df10a470bf130ebcea86-.png\" alt=\"\" itemprop=\"image\" onerror=\"this.style.display='none'\" loading=\"lazy\" \/>\n\t\t\t\t<\/a>\n\t\t<h4><a href=\"\/vi\/tai-nguyen\/cham-soc-suc-khoe\/?utm_source=Home&#038;utm_medium=Referral&#038;utm_campaign=211Resources&#038;utm_content=Health%20Care\" target=\"_self\">Ch\u0103m s\u00f3c s\u1ee9c kh\u1ecfe<\/a><\/h4>\n\t\t\t\t<a href=\"\/vi\/tai-nguyen\/cham-soc-suc-khoe\/?utm_source=Home&#038;utm_medium=Referral&#038;utm_campaign=211Resources&#038;utm_content=Health%20Care\"  target=\"_self\" itemprop=\"url\">\n\t\t\t\t<img decoding=\"async\" src=\"https:\/\/211md.org\/wp-content\/uploads\/bb-plugin\/cache\/2025_MdInfoNet_Icon-Sets_Health-Care-square-dee98a0060cbe0e7f27eda253fc12679-.png\" alt=\"\" itemprop=\"image\" onerror=\"this.style.display='none'\" loading=\"lazy\" \/>\n\t\t\t\t<\/a>\n\t\t<h4><a href=\"\/vi\/tai-nguyen\/gia-dinh-tre-em\/quan-he-ho-hang\/?utm_source=Home&#038;utm_medium=Referral&#038;utm_campaign=211Resources&#038;utm_content=Kinship\" target=\"_self\">h\u1ecd h\u00e0ng<\/a><\/h4>\n\t\t\t\t<a href=\"\/vi\/tai-nguyen\/gia-dinh-tre-em\/quan-he-ho-hang\/?utm_source=Home&#038;utm_medium=Referral&#038;utm_campaign=211Resources&#038;utm_content=Kinship\"  target=\"_self\" itemprop=\"url\">\n\t\t\t\t<img decoding=\"async\" src=\"https:\/\/211md.org\/wp-content\/uploads\/bb-plugin\/cache\/2025_211_Icon-Sets_Kinship-square-45bdf872866f5735f842c32071109267-.png\" alt=\"Bi\u1ec3u t\u01b0\u1ee3ng h\u1ecd h\u00e0ng\" itemprop=\"image\" height=\"417\" width=\"417\" title=\"2025_211_B\u1ed9 bi\u1ec3u t\u01b0\u1ee3ng_Quan h\u1ec7 h\u1ecd h\u00e0ng\" onerror=\"this.style.display='none'\" loading=\"lazy\" \/>\n\t\t\t\t<\/a>\n\t\t<h4><a href=\"\/vi\/tai-nguyen\/dich-vu-phap-ly\/?utm_source=Home&#038;utm_medium=Referral&#038;utm_campaign=211Resources&#038;utm_content=Legal\" target=\"_self\">D\u1ecbch v\u1ee5 ph\u00e1p l\u00fd<\/a><\/h4>\n\t\t\t\t<a href=\"\/vi\/tai-nguyen\/dich-vu-phap-ly\/?utm_source=Home&#038;utm_medium=Referral&#038;utm_campaign=211Resources&#038;utm_content=Legal\"  target=\"_self\" itemprop=\"url\">\n\t\t\t\t<img decoding=\"async\" src=\"https:\/\/211md.org\/wp-content\/uploads\/bb-plugin\/cache\/2025_MdInfoNet_Icon-Sets_Legal-square-18fdf438feb8435588174d9046463257-.png\" alt=\"\" itemprop=\"image\" onerror=\"this.style.display='none'\" loading=\"lazy\" \/>\n\t\t\t\t<\/a>\n\t\t<h4><a href=\"\/vi\/tai-nguyen\/suc-khoe-tinh-than\/?utm_source=Home&#038;utm_medium=Referral&#038;utm_campaign=211Resources&#038;utm_content=Mental\" target=\"_self\">S\u1ee9c kh\u1ecfe tinh th\u1ea7n<\/a><\/h4>\n\t\t\t\t<a href=\"\/vi\/tai-nguyen\/suc-khoe-tinh-than\/?utm_source=Home&#038;utm_medium=Referral&#038;utm_campaign=211Resources&#038;utm_content=Mental\"  target=\"_self\" itemprop=\"url\">\n\t\t\t\t<img decoding=\"async\" src=\"https:\/\/211md.org\/wp-content\/uploads\/bb-plugin\/cache\/2025_MdInfoNet_Icon-Sets_Mental-Health-square-c59b38c4a993a947d4c9280fbe2d2fee-.png\" alt=\"\" itemprop=\"image\" onerror=\"this.style.display='none'\" loading=\"lazy\" \/>\n\t\t\t\t<\/a>\n\t\t<h4><a href=\"\/vi\/tai-nguyen\/mdreentry\/?utm_source=Home&#038;utm_medium=Referral&#038;utm_campaign=211Resources&#038;utm_content=Reentry\" target=\"_self\">V\u00e0o l\u1ea1i<\/a><\/h4>\n\t\t\t\t<a href=\"\/vi\/tai-nguyen\/mdreentry\/?utm_source=Home&#038;utm_medium=Referral&#038;utm_campaign=211Resources&#038;utm_content=Reentry\"  target=\"_self\" itemprop=\"url\">\n\t\t\t\t<img decoding=\"async\" src=\"https:\/\/211md.org\/wp-content\/uploads\/bb-plugin\/cache\/2025_211_Icon-Sets_Reentry-square-8676fea38abd920a832f45642fe31cca-.png\" alt=\"Bi\u1ec3u t\u01b0\u1ee3ng nh\u1eadp l\u1ea1i\" itemprop=\"image\" height=\"417\" width=\"417\" title=\"2025_211_B\u1ed9 bi\u1ec3u t\u01b0\u1ee3ng_Nh\u1eadp l\u1ea1i\" onerror=\"this.style.display='none'\" loading=\"lazy\" \/>\n\t\t\t\t<\/a>\n\t\t<h4><a href=\"\/vi\/tai-nguyen\/su-dung-chat-kich-thich\/?utm_source=Home&#038;utm_medium=Referral&#038;utm_campaign=211Resources&#038;utm_content=Substance\" target=\"_self\">S\u1eed d\u1ee5ng ch\u1ea5t k\u00edch th\u00edch<\/a><\/h4>\n\t\t\t\t<a href=\"\/vi\/tai-nguyen\/su-dung-chat-kich-thich\/?utm_source=Home&#038;utm_medium=Referral&#038;utm_campaign=211Resources&#038;utm_content=Substance\"  target=\"_self\" itemprop=\"url\">\n\t\t\t\t<img decoding=\"async\" src=\"https:\/\/211md.org\/wp-content\/uploads\/bb-plugin\/cache\/2025_MdInfoNet_Icon-Sets_Substance-Abuse-square-9022fec9d18a64118ad685c101885b55-.png\" alt=\"\" itemprop=\"image\" onerror=\"this.style.display='none'\" loading=\"lazy\" \/>\n\t\t\t\t<\/a>\n\t\t<h4><a href=\"\/vi\/tai-nguyen\/cuu-chien-binh\/?utm_source=Home&#038;utm_medium=Referral&#038;utm_campaign=211Resources&#038;utm_content=Veterans\" target=\"_self\">c\u1ef1u chi\u1ebfn binh<\/a><\/h4>\n\t\t\t\t<a href=\"\/vi\/tai-nguyen\/cuu-chien-binh\/?utm_source=Home&#038;utm_medium=Referral&#038;utm_campaign=211Resources&#038;utm_content=Veterans\"  target=\"_self\" itemprop=\"url\">\n\t\t\t\t<img decoding=\"async\" src=\"https:\/\/211md.org\/wp-content\/uploads\/bb-plugin\/cache\/2025_MdInfoNet_Icon-Sets_Rating-square-6e60d00cce4faa8e0a6d4ad7366aa733-.png\" alt=\"\" itemprop=\"image\" onerror=\"this.style.display='none'\" loading=\"lazy\" \/>\n\t\t\t\t<\/a>","protected":false},"excerpt":{"rendered":"<p>Looking for food in Baltimore City? There are several options available, including grocery delivery and produce box distribution. Get Started Free Food Programs in Baltimore City The Baltimore City area has resources and support for those impacted by the federal shutdown or who are facing food insecurity for any other reason. Produce Box Distribution Residents&hellip;<\/p>","protected":false},"author":8,"featured_media":3034,"parent":746,"menu_order":0,"comment_status":"closed","ping_status":"closed","template":"","meta":{"footnotes":""},"class_list":["post-2010","page","type-page","status-publish","has-post-thumbnail","hentry"],"_links":{"self":[{"href":"https:\/\/211md.org\/vi\/wp-json\/wp\/v2\/pages\/2010","targetHints":{"allow":["GET"]}}],"collection":[{"href":"https:\/\/211md.org\/vi\/wp-json\/wp\/v2\/pages"}],"about":[{"href":"https:\/\/211md.org\/vi\/wp-json\/wp\/v2\/types\/page"}],"author":[{"embeddable":true,"href":"https:\/\/211md.org\/vi\/wp-json\/wp\/v2\/users\/8"}],"replies":[{"embeddable":true,"href":"https:\/\/211md.org\/vi\/wp-json\/wp\/v2\/comments?post=2010"}],"version-history":[{"count":11,"href":"https:\/\/211md.org\/vi\/wp-json\/wp\/v2\/pages\/2010\/revisions"}],"predecessor-version":[{"id":34242,"href":"https:\/\/211md.org\/vi\/wp-json\/wp\/v2\/pages\/2010\/revisions\/34242"}],"up":[{"embeddable":true,"href":"https:\/\/211md.org\/vi\/wp-json\/wp\/v2\/pages\/746"}],"wp:featuredmedia":[{"embeddable":true,"href":"https:\/\/211md.org\/vi\/wp-json\/wp\/v2\/media\/3034"}],"wp:attachment":[{"href":"https:\/\/211md.org\/vi\/wp-json\/wp\/v2\/media?parent=2010"}],"curies":[{"name":"wp","href":"https:\/\/api.w.org\/{rel}","templated":true}]}}