{"id":2217,"date":"2021-06-21T08:33:23","date_gmt":"2021-06-21T12:33:23","guid":{"rendered":"https:\/\/211md.org\/?page_id=2217"},"modified":"2025-07-01T09:09:03","modified_gmt":"2025-07-01T13:09:03","slug":"healthcheck","status":"publish","type":"page","link":"https:\/\/211md.org\/vi\/healthcheck\/","title":{"rendered":"211 Ki\u1ec3m tra s\u1ee9c kh\u1ecfe"},"content":{"rendered":"<h2>Ki\u1ec3m tra s\u1ee9c kh\u1ecfe t\u00e2m th\u1ea7n<\/h2>\n<p><b>Ki\u1ec3m tra s\u1ee9c kh\u1ecfe \u0111\u00e3 k\u1ebft th\u00fac. N\u1ebfu b\u1ea1n c\u1ea7n h\u1ed7 tr\u1ee3 s\u1ee9c kh\u1ecfe t\u00e2m th\u1ea7n, h\u00e3y g\u1ecdi ho\u1eb7c nh\u1eafn tin \u0111\u1ebfn s\u1ed1 988. <a href=\"https:\/\/health.maryland.gov\/bha\/Pages\/988md.aspx\" target=\"_blank\" rel=\"noopener\">T\u00ecm hi\u1ec3u th\u00eam v\u1ec1 988 \u1edf Maryland<\/a>.<\/b><\/p>\n\t\t\t\t<img decoding=\"async\" src=\"http:\/\/211md.org\/wp-content\/uploads\/2021\/06\/Image-Placeholder@2x.png\" alt=\"ki\u1ec3m tra s\u1ee9c kh\u1ecfe\" itemprop=\"image\" title=\"Tr\u00ecnh gi\u1eef ch\u1ed7 h\u00ecnh \u1ea3nh @ 2x\" onerror=\"this.style.display='none'\" loading='lazy' \/>\n<h2>Thomas Bloom Raskin<\/h2>\n<p>B\u1ea1n kh\u00f4ng c\u00f4 \u0111\u01a1n! Tommy Raskin c\u0169ng b\u01b0\u1edbc v\u00e0o ho\u00e0n c\u1ea3nh c\u1ee7a b\u1ea1n. Ch\u00e0ng trai 25 tu\u1ed5i l\u00e0 con trai c\u1ee7a Ngh\u1ecb s\u0129 Jamie Raskin, c\u1ee7a C\u00f4ng vi\u00ean Takoma v\u00e0 Khu v\u1ef1c Qu\u1ed1c h\u1ed9i s\u1ed1 8 c\u1ee7a Maryland. Tommy ph\u1ea3i v\u1eadt l\u1ed9n v\u1edbi ch\u1ee9ng tr\u1ea7m c\u1ea3m tr\u01b0\u1edbc khi t\u1ef1 k\u1ebft li\u1ec5u \u0111\u1eddi m\u00ecnh.<\/p>\n<p>Ch\u00fang t\u00f4i t\u00f4n vinh k\u00fd \u1ee9c c\u1ee7a anh \u1ea5y b\u1eb1ng \u0110\u1ea1o lu\u1eadt Thomas Bloom Raskin\/Ki\u1ec3m tra s\u1ee9c kh\u1ecfe 211.<\/p>\n<p>H\u1ed7 tr\u1ee3 ch\u1ee7 \u0111\u1ed9ng qua \u0111i\u1ec7n tho\u1ea1i v\u1ec1 s\u1ee9c kh\u1ecfe t\u00e2m th\u1ea7n cung c\u1ea5p k\u1ebft n\u1ed1i tr\u1ef1c ti\u1ebfp v\u1edbi m\u1ed9t chuy\u00ean gia nhi\u1ec7t t\u00ecnh, chu \u0111\u00e1o \u0111\u01b0\u1ee3c \u0111\u00e0o t\u1ea1o v\u1ec1 ph\u00f2ng ch\u1ed1ng t\u1ef1 t\u1eed v\u00e0 h\u1ed7 tr\u1ee3 s\u1ee9c kh\u1ecfe t\u00e2m th\u1ea7n.<\/p>","protected":false},"excerpt":{"rendered":"<p>Ki\u1ec3m tra s\u1ee9c kh\u1ecfe t\u00e2m th\u1ea7n Ki\u1ec3m tra s\u1ee9c kh\u1ecfe \u0111\u00e3 k\u1ebft th\u00fac. N\u1ebfu b\u1ea1n c\u1ea7n h\u1ed7 tr\u1ee3 s\u1ee9c kh\u1ecfe t\u00e2m th\u1ea7n, h\u00e3y g\u1ecdi ho\u1eb7c nh\u1eafn tin \u0111\u1ebfn s\u1ed1 988. T\u00ecm hi\u1ec3u th\u00eam v\u1ec1 988 t\u1ea1i Maryland. Thomas Bloom Raskin B\u1ea1n kh\u00f4ng \u0111\u01a1n \u0111\u1ed9c! Tommy Raskin c\u0169ng t\u1eebng tr\u1ea3i qua ho\u00e0n c\u1ea3nh c\u1ee7a b\u1ea1n. Ch\u00e0ng trai 25 tu\u1ed5i n\u00e0y l\u00e0 con trai c\u1ee7a Ngh\u1ecb s\u0129 Jamie Raskin, c\u1ee7a Takoma Park v\u00e0 Qu\u1eadn qu\u1ed1c h\u1ed9i s\u1ed1 8 c\u1ee7a Maryland. Tommy \u0111\u00e3 ph\u1ea3i v\u1eadt l\u1ed9n\u2026<\/p>","protected":false},"author":8,"featured_media":0,"parent":0,"menu_order":0,"comment_status":"closed","ping_status":"closed","template":"","meta":{"footnotes":""},"class_list":["post-2217","page","type-page","status-publish","hentry"],"_links":{"self":[{"href":"https:\/\/211md.org\/vi\/wp-json\/wp\/v2\/pages\/2217","targetHints":{"allow":["GET"]}}],"collection":[{"href":"https:\/\/211md.org\/vi\/wp-json\/wp\/v2\/pages"}],"about":[{"href":"https:\/\/211md.org\/vi\/wp-json\/wp\/v2\/types\/page"}],"author":[{"embeddable":true,"href":"https:\/\/211md.org\/vi\/wp-json\/wp\/v2\/users\/8"}],"replies":[{"embeddable":true,"href":"https:\/\/211md.org\/vi\/wp-json\/wp\/v2\/comments?post=2217"}],"version-history":[{"count":7,"href":"https:\/\/211md.org\/vi\/wp-json\/wp\/v2\/pages\/2217\/revisions"}],"predecessor-version":[{"id":4823,"href":"https:\/\/211md.org\/vi\/wp-json\/wp\/v2\/pages\/2217\/revisions\/4823"}],"wp:attachment":[{"href":"https:\/\/211md.org\/vi\/wp-json\/wp\/v2\/media?parent=2217"}],"curies":[{"name":"wp","href":"https:\/\/api.w.org\/{rel}","templated":true}]}}