{"id":2258,"date":"2021-06-30T11:24:34","date_gmt":"2021-06-30T15:24:34","guid":{"rendered":"https:\/\/211md.org\/?page_id=2258"},"modified":"2023-10-31T14:53:38","modified_gmt":"2023-10-31T18:53:38","slug":"registration","status":"publish","type":"page","link":"https:\/\/211md.org\/vi\/healthcheck\/registration\/","title":{"rendered":"\u0110\u0103ng k\u00fd kh\u00e1m s\u1ee9c kh\u1ecfe"},"content":{"rendered":"<iframe loading=\"lazy\" width=\"100%\" height=\"1580px\" src=\"https:\/\/forms.office.com\/Pages\/ResponsePage.aspx?id=2-tUvEZX-ka4xO3q1hYvbaXz-0JIkedHu1TYmwcwnSxUREtBVTBaQ0JJOVk4NVozVDBWQVBZMFkzMyQlQCN0PWcu&amp;embed=true\" frameborder=\"0\" marginwidth=\"0\" marginheight=\"0\" style=\"border: none; max-width:100%; height:2200px\" allowfullscreen=\"\" webkitallowfullscreen=\"\" mozallowfullscreen=\"\" msallowfullscreen=\"\"> <\/iframe>","protected":false},"excerpt":{"rendered":"","protected":false},"author":8,"featured_media":1830,"parent":2217,"menu_order":0,"comment_status":"closed","ping_status":"closed","template":"","meta":{"footnotes":""},"class_list":["post-2258","page","type-page","status-publish","has-post-thumbnail","hentry"],"_links":{"self":[{"href":"https:\/\/211md.org\/vi\/wp-json\/wp\/v2\/pages\/2258","targetHints":{"allow":["GET"]}}],"collection":[{"href":"https:\/\/211md.org\/vi\/wp-json\/wp\/v2\/pages"}],"about":[{"href":"https:\/\/211md.org\/vi\/wp-json\/wp\/v2\/types\/page"}],"author":[{"embeddable":true,"href":"https:\/\/211md.org\/vi\/wp-json\/wp\/v2\/users\/8"}],"replies":[{"embeddable":true,"href":"https:\/\/211md.org\/vi\/wp-json\/wp\/v2\/comments?post=2258"}],"version-history":[{"count":0,"href":"https:\/\/211md.org\/vi\/wp-json\/wp\/v2\/pages\/2258\/revisions"}],"up":[{"embeddable":true,"href":"https:\/\/211md.org\/vi\/wp-json\/wp\/v2\/pages\/2217"}],"wp:featuredmedia":[{"embeddable":true,"href":"https:\/\/211md.org\/vi\/wp-json\/wp\/v2\/media\/1830"}],"wp:attachment":[{"href":"https:\/\/211md.org\/vi\/wp-json\/wp\/v2\/media?parent=2258"}],"curies":[{"name":"wp","href":"https:\/\/api.w.org\/{rel}","templated":true}]}}