{"id":2528,"date":"2022-01-28T11:46:44","date_gmt":"2022-01-28T16:46:44","guid":{"rendered":"https:\/\/211md.org\/?page_id=2528"},"modified":"2026-04-13T08:21:22","modified_gmt":"2026-04-13T12:21:22","slug":"211-day","status":"publish","type":"page","link":"https:\/\/211md.org\/vi\/211-day\/","title":{"rendered":"Ng\u00e0y th\u1ee9 211"},"content":{"rendered":"<h2>\n\t\tT\u1eeb Hello to Help, 211 \u0111\u00e3 \u0111\u1ebfn.\n\t<\/h2>\n\t<h3>499.000 cu\u1ed9c g\u1ecdi, tin nh\u1eafn v\u00e0 tr\u00f2 chuy\u1ec7n tr\u00ean web.<\/h3>\n<p>Nh\u00e2n k\u1ef7 ni\u1ec7m ng\u00e0y th\u1ee9 211, h\u00e3y quy\u00ean g\u00f3p cho t\u1ed5 ch\u1ee9c phi l\u1ee3i nhu\u1eadn 501(c)(3) c\u1ee7a ch\u00fang t\u00f4i \u0111\u1ec3 211 c\u00f3 th\u1ec3 ti\u1ebfp t\u1ee5c thay \u0111\u1ed5i cu\u1ed9c s\u1ed1ng.<\/p>\n\t\t\t<a href=\"\/vi\/quyen-tang\/\" target=\"_self\" role=\"button\" rel=\"noopener\">\n\t\t\t\t\t\t\tQuy\u00ean t\u1eb7ng\n\t\t\t\t\t<\/a>\n<h2>\n\t\t211 M\u1ea1ng T\u1ed5ng \u0111\u00e0i\n\t<\/h2>\n\t<p>211 chuy\u00ean gia \u0111\u01b0\u1ee3c \u0111\u00e0o t\u1ea1o v\u00e0 ch\u1ee9ng nh\u1eadn chuy\u00ean nghi\u1ec7p lu\u00f4n s\u1eb5n s\u00e0ng 24\/7\/365.<\/p>\n\t\t\t\t<img decoding=\"async\" src=\"https:\/\/211md.org\/wp-content\/uploads\/2022\/01\/211-Maryland-Call-Center-Network-CCSI.jpg\" alt=\"211-Maryland-Call-Center-M\u1ea1ng-CCSI\" itemprop=\"image\" title=\"211-Maryland-Call-Center-M\u1ea1ng-CCSI\" onerror=\"this.style.display='none'\">\n\t<h2>Ng\u00e0y th\u1ee9 211<\/h2>\n<p>V\u00e0o ng\u00e0y 11 th\u00e1ng 2 h\u00e0ng n\u0103m, m\u1ea1ng l\u01b0\u1edbi 211 k\u1ef7 ni\u1ec7m Ng\u00e0y 211. \u0110\u00f3 l\u00e0 s\u1ef1 t\u00f4n vinh c\u00e1ch 211 k\u1ebft n\u1ed1i c\u00e1c c\u00e1 nh\u00e2n v\u1edbi c\u00e1c d\u1ecbch v\u1ee5 y t\u1ebf v\u00e0 con ng\u01b0\u1eddi thi\u1ebft y\u1ebfu.<\/p>\n<p>D\u1ecbch v\u1ee5 mi\u1ec5n ph\u00ed v\u00e0 b\u1ea3o m\u1eadt n\u00e0y hi\u1ec7n c\u00f3 s\u1eb5n t\u1ea1i c\u00e1c c\u1ed9ng \u0111\u1ed3ng tr\u00ean kh\u1eafp Hoa K\u1ef3 v\u00e0 Canada 24\/7\/365.<\/p>\n<p><strong><a href=\"\/vi\/about\/\" target=\"_blank\" rel=\"noopener\">T\u00ecm hi\u1ec3u th\u00eam v\u1ec1 l\u1ecbch s\u1eed c\u1ee7a 211 Maryland<\/a>.<\/strong><\/p>\n\t<h2>S\u1ee9c m\u1ea1nh c\u1ee7a s\u1ef1 h\u1ee3p t\u00e1c<\/h2>\n<p>C\u00e1c c\u01a1 quan ti\u1ec3u bang v\u00e0 phi l\u1ee3i nhu\u1eadn \u0111ang t\u1eadn d\u1ee5ng n\u0103ng l\u1ef1c c\u1ee7a 211 Maryland \u0111\u1ec3 ti\u1ebfp c\u1eadn ng\u01b0\u1eddi d\u00e2n Maryland. C\u00f9ng nhau, ch\u00fang ta l\u00e0m cho Maryland m\u1ea1nh m\u1ebd h\u01a1n.<\/p>\n\t\t\t\t<img decoding=\"async\" src=\"https:\/\/211md.org\/wp-content\/uploads\/2022\/01\/Maryland-Access-Point.jpg\" alt=\"Trang web \u0110i\u1ec3m truy c\u1eadp Maryland\" itemprop=\"image\" title=\"\u0110i\u1ec3m truy c\u1eadp Maryland\" onerror=\"this.style.display='none'\">\n<h3>\u0110i\u1ec3m truy c\u1eadp Maryland<\/h3>\t\t\n<p>211 Maryland \u0111\u00e3 thi\u1ebft k\u1ebf m\u1ed9t c\u00e1ch m\u1edbi \u0111\u1ec3 k\u1ebft n\u1ed1i v\u1edbi ng\u01b0\u1eddi l\u1edbn tu\u1ed5i th\u00f4ng qua tin nh\u1eafn v\u0103n b\u1ea3n, \u0111\u1ed3ng th\u1eddi t\u0103ng kh\u1ea3 n\u0103ng ti\u1ebfp c\u1eadn th\u00f4ng tin v\u1ec1 ng\u01b0\u1eddi gi\u00e0 v\u00e0 khuy\u1ebft t\u1eadt b\u1eb1ng c\u00e1ch t\u00edch h\u1ee3p trang web v\u00e0 c\u01a1 s\u1edf d\u1eef li\u1ec7u Maryland Access Point (MAP) l\u00e2u \u0111\u1eddi c\u1ee7a bang v\u00e0o trang web 211 v\u00e0 m\u1ea1ng l\u01b0\u1edbi trung t\u00e2m cu\u1ed9c g\u1ecdi 24\/7.<\/p>\n<p>\u0110\u1ed1i t\u00e1c: S\u1edf Ng\u01b0\u1eddi cao tu\u1ed5i Maryland (MDoA)<\/p>\n\t\t\t\t<img decoding=\"async\" src=\"https:\/\/211md.org\/wp-content\/uploads\/2021\/06\/image002.png\" alt=\"h\u00ecnh \u1ea3nh002\" itemprop=\"image\" title=\"h\u00ecnh \u1ea3nh002\" onerror=\"this.style.display='none'\">\n<h3>211 Ki\u1ec3m tra s\u1ee9c kh\u1ecfe<\/h3>\t\t\n<p>Ch\u01b0\u01a1ng tr\u00ecnh \u0111\u1ea7u ti\u00ean n\u00e0y k\u1ebft n\u1ed1i ng\u01b0\u1eddi d\u00e2n Maryland v\u1edbi d\u1ecbch v\u1ee5 h\u1ed7 tr\u1ee3 s\u1ee9c kh\u1ecfe t\u00e2m th\u1ea7n mi\u1ec5n ph\u00ed v\u00e0 b\u00ed m\u1eadt m\u1ed7i tu\u1ea7n.<\/p>\n<p>\u0110\u1ed1i t\u00e1c: B\u1ed9 Y t\u1ebf Maryland.<\/p>\n\t\t\t\t<img decoding=\"async\" src=\"https:\/\/211md.org\/wp-content\/uploads\/2022\/01\/African-American-girl-texting.jpg\" alt=\"C\u00f4 g\u00e1i M\u1ef9 g\u1ed1c Phi nh\u1eafn tin\" itemprop=\"image\" title=\"C\u00f4 g\u00e1i M\u1ef9 g\u1ed1c Phi nh\u1eafn tin\" onerror=\"this.style.display='none'\">\n<h3>C\u1ea3nh b\u00e1o v\u0103n b\u1ea3n MdReady\/MdListo<\/h3>\t\t\n\t\t\t<p>211 Ch\u01b0\u01a1ng tr\u00ecnh nh\u1eafn tin c\u1ee7a Maryland cung c\u1ea5p th\u00f4ng tin cho ng\u01b0\u1eddi d\u00e2n Maryland tr\u01b0\u1edbc, trong v\u00e0 sau c\u00e1c tr\u01b0\u1eddng h\u1ee3p kh\u1ea9n c\u1ea5p v\u1ec1 an to\u00e0n v\u00e0 s\u1ee9c kh\u1ecfe c\u1ed9ng \u0111\u1ed3ng.<\/p>\n<p>\u0110\u1ed1i t\u00e1c: C\u1ee5c Qu\u1ea3n l\u00fd Kh\u1ea9n c\u1ea5p Maryland (MDEM)<\/p>\n\t\t\t<a href=\"\/vi\/cong-su\/\" target=\"_self\" role=\"button\" rel=\"noopener\">\n\t\t\t\t\t\t\tH\u00e3y h\u1ee3p t\u00e1c\n\t\t\t\t\t<\/a>","protected":false},"excerpt":{"rendered":"<p>T\u1eeb Hello to Help, 211 \u0111\u00e3 \u0111\u1ebfn. 499.000 cu\u1ed9c g\u1ecdi, tin nh\u1eafn v\u00e0 tr\u00f2 chuy\u1ec7n tr\u00ean web. Nh\u00e2n k\u1ef7 ni\u1ec7m ng\u00e0y th\u1ee9 211, h\u00e3y quy\u00ean g\u00f3p cho t\u1ed5 ch\u1ee9c phi l\u1ee3i nhu\u1eadn 501(c)(3) c\u1ee7a ch\u00fang t\u00f4i \u0111\u1ec3 211 c\u00f3 th\u1ec3 ti\u1ebfp t\u1ee5c thay \u0111\u1ed5i cu\u1ed9c s\u1ed1ng. Donate M\u1ea1ng l\u01b0\u1edbi Trung t\u00e2m Cu\u1ed9c g\u1ecdi 211 \u0110\u1ed9i ng\u0169 211 chuy\u00ean gia \u0111\u01b0\u1ee3c \u0111\u00e0o t\u1ea1o v\u00e0 ch\u1ee9ng nh\u1eadn chuy\u00ean nghi\u1ec7p lu\u00f4n s\u1eb5n s\u00e0ng 24\/7\/365. Ng\u00e0y 211 V\u00e0o ng\u00e0y 11 th\u00e1ng 2 h\u00e0ng n\u0103m, m\u1ea1ng l\u01b0\u1edbi 211 k\u1ef7 ni\u1ec7m\u2026<\/p>","protected":false},"author":7,"featured_media":0,"parent":0,"menu_order":0,"comment_status":"closed","ping_status":"closed","template":"","meta":{"footnotes":""},"class_list":["post-2528","page","type-page","status-publish","hentry"],"_links":{"self":[{"href":"https:\/\/211md.org\/vi\/wp-json\/wp\/v2\/pages\/2528","targetHints":{"allow":["GET"]}}],"collection":[{"href":"https:\/\/211md.org\/vi\/wp-json\/wp\/v2\/pages"}],"about":[{"href":"https:\/\/211md.org\/vi\/wp-json\/wp\/v2\/types\/page"}],"author":[{"embeddable":true,"href":"https:\/\/211md.org\/vi\/wp-json\/wp\/v2\/users\/7"}],"replies":[{"embeddable":true,"href":"https:\/\/211md.org\/vi\/wp-json\/wp\/v2\/comments?post=2528"}],"version-history":[{"count":1,"href":"https:\/\/211md.org\/vi\/wp-json\/wp\/v2\/pages\/2528\/revisions"}],"predecessor-version":[{"id":4463,"href":"https:\/\/211md.org\/vi\/wp-json\/wp\/v2\/pages\/2528\/revisions\/4463"}],"wp:attachment":[{"href":"https:\/\/211md.org\/vi\/wp-json\/wp\/v2\/media?parent=2528"}],"curies":[{"name":"wp","href":"https:\/\/api.w.org\/{rel}","templated":true}]}}