{"id":2635,"date":"2022-03-21T10:48:51","date_gmt":"2022-03-21T14:48:51","guid":{"rendered":"https:\/\/211md.org\/?page_id=2635"},"modified":"2026-03-04T11:55:22","modified_gmt":"2026-03-04T16:55:22","slug":"mdyoungminds","status":"publish","type":"page","link":"https:\/\/211md.org\/vi\/about\/text-messages\/mdyoungminds\/","title":{"rendered":"MDYoungMinds: Tin nh\u1eafn v\u0103n b\u1ea3n d\u00e0nh cho s\u1ee9c kh\u1ecfe t\u00e2m th\u1ea7n thanh thi\u1ebfu ni\u00ean"},"content":{"rendered":"<figure itemscope itemtype=\"https:\/\/schema.org\/ImageObject\">\n\t\t\t\t<img decoding=\"async\" src=\"http:\/\/211md.org\/wp-content\/uploads\/2025\/06\/Two-teens-talking-on-way-to-basketball-court.jpg\" alt=\"Hai thi\u1ebfu ni\u00ean \u0111ang n\u00f3i chuy\u1ec7n tr\u00ean \u0111\u01b0\u1eddng \u0111\u1ebfn s\u00e2n b\u00f3ng r\u1ed5\" title=\"Hai thi\u1ebfu ni\u00ean \u0111ang n\u00f3i chuy\u1ec7n tr\u00ean \u0111\u01b0\u1eddng \u0111\u1ebfn s\u00e2n b\u00f3ng r\u1ed5\" onerror=\"this.style.display='none'\" loading=\"lazy\" \/>\n\t<\/figure>\n\t<h2>MDYoungMinds ho\u1ea1t \u0111\u1ed9ng nh\u01b0 th\u1ebf n\u00e0o<\/h2>\n<p>MD Young Minds l\u00e0 ch\u01b0\u01a1ng tr\u00ecnh tin nh\u1eafn v\u0103n b\u1ea3n k\u1ebft n\u1ed1i thanh thi\u1ebfu ni\u00ean v\u00e0 thanh thi\u1ebfu ni\u00ean b\u1eb1ng c\u00e1c tin nh\u1eafn h\u1ed7 tr\u1ee3. H\u1ecd t\u1eadp trung v\u00e0o nh\u1eefng m\u1ed1i quan t\u00e2m v\u00e0 lo l\u1eafng c\u1ee7a thanh thi\u1ebfu ni\u00ean. \u0110\u00f3 l\u00e0 m\u1ed9t ch\u01b0\u01a1ng tr\u00ecnh \u0111\u01b0\u1ee3c thi\u1ebft k\u1ebf b\u1edfi <a href=\"https:\/\/health.maryland.gov\/newsroom\/Pages\/Maryland-Department-of-Health-launches-Youth-Suicide-Prevention-Toolkit-and-MD-Young-Minds-progra.aspx\" target=\"_blank\" rel=\"noopener\">B\u1ed9 Y t\u1ebf Maryland,<\/a>\u00a0V\u0103n ph\u00f2ng Ph\u00f2ng ch\u1ed1ng T\u1ef1 t\u1eed v\u00e0 s\u1eed d\u1ee5ng n\u1ec1n t\u1ea3ng nh\u1eafn tin c\u1ee7a 211 Maryland.<\/p>\n<p>T\u1ea1i Maryland, c\u1ee9 n\u0103m thanh thi\u1ebfu ni\u00ean th\u00ec c\u00f3 m\u1ed9t ng\u01b0\u1eddi t\u1eebng c\u00f3 \u00fd \u0111\u1ecbnh t\u1ef1 t\u1eed v\u00e0o n\u0103m ngo\u00e1i, theo Kh\u1ea3o s\u00e1t H\u00e0nh vi \u0110\u1ea1i d\u1ecbch Thanh ni\u00ean Maryland n\u0103m 2021.<\/p>\n<p>C\u00e1c th\u00f4ng \u0111i\u1ec7p li\u00ean t\u1ee5c c\u0169ng nh\u1eafc nh\u1edf gi\u1edbi tr\u1ebb r\u1eb1ng h\u1ed7 tr\u1ee3 s\u1ee9c kh\u1ecfe t\u00e2m th\u1ea7n ngay l\u1eadp t\u1ee9c lu\u00f4n c\u00f3 s\u1eb5n th\u00f4ng qua \u0110\u01b0\u1eddng d\u00e2y c\u1ee9u h\u1ed9 T\u1ef1 t\u1eed &amp; Kh\u1ee7ng ho\u1ea3ng 988. B\u1ea1n c\u00f3 th\u1ec3 g\u1ecdi ho\u1eb7c nh\u1eafn tin t\u1edbi 988. <a href=\"https:\/\/health.maryland.gov\/bha\/Pages\/988md.aspx\" target=\"_blank\" rel=\"noopener\">T\u00ecm hi\u1ec3u v\u1ec1 988 \u1edf Maryland<\/a>, m\u1ed9t ch\u01b0\u01a1ng tr\u00ecnh Qu\u1ea3n l\u00fd S\u1ee9c kh\u1ecfe H\u00e0nh vi c\u1ee7a B\u1ed9 Y t\u1ebf Maryland.<\/p>\n<p>MDYoungMinds l\u00e0 ph\u1ea7n m\u1edf r\u1ed9ng c\u1ee7a <a href=\"https:\/\/211md.org\/vi\/about\/tin-nhan-2\/md-mindhealth\/\" target=\"_blank\" rel=\"noopener\">MDMindHealth\/MDSaludTinh th\u1ea7n<\/a>, cung c\u1ea5p tin nh\u1eafn v\u0103n b\u1ea3n ti\u1ebfng Anh v\u00e0 ti\u1ebfng T\u00e2y Ban Nha cho ng\u01b0\u1eddi l\u1edbn.<\/p>\n<p>\u0110\u0103ng k\u00fd b\u1eb1ng c\u00e1ch nh\u1eafn tin MDYoungMinds t\u1edbi 898-211.<\/p>\n<p><em>211 Maryland cung c\u1ea5p c\u00e1c ch\u01b0\u01a1ng tr\u00ecnh c\u1ea3nh b\u00e1o tin nh\u1eafn v\u0103n b\u1ea3n cung c\u1ea5p th\u00f4ng tin v\u1ec1 ngu\u1ed3n l\u1ef1c c\u1ee5 th\u1ec3 theo khu v\u1ef1c ho\u1eb7c cung c\u1ea5p c\u1ea3nh b\u00e1o th\u1ea3m h\u1ecda. C\u00f3 th\u1ec3 \u00e1p d\u1ee5ng c\u01b0\u1edbc tin nh\u1eafn &amp; d\u1eef li\u1ec7u v\u00e0 t\u1ea7n su\u1ea5t tin nh\u1eafn c\u00f3 th\u1ec3 thay \u0111\u1ed5i. \u0110\u1ec3 \u0111\u01b0\u1ee3c tr\u1ee3 gi\u00fap, h\u00e3y nh\u1eafn tin HELP. \u0110\u1ec3 t\u1eeb ch\u1ed1i, h\u00e3y nh\u1eafn tin STOP \u0111\u1ebfn c\u00f9ng m\u1ed9t s\u1ed1. C\u00e1c \u0111i\u1ec1u kho\u1ea3n SMS \u0111\u1ea7y \u0111\u1ee7 t\u1ea1i <a href=\"https:\/\/211md.org\/vi\/tin-nhan\/\">https:\/\/211md.org\/sms\/<\/a>\u00a0c\u0169ng s\u1ebd \u0111\u01b0\u1ee3c \u00e1p d\u1ee5ng.<\/em><\/p>\n\t\t\t<a href=\"sms:\/\/898-211;?&#038;body=MDYoungMinds\" target=\"_blank\" rel=\"noopener\">\n\t\t\t\t\t\t\tV\u0103n b\u1ea3n MDYoungMinds\n\t\t\t\t\t<\/a>","protected":false},"excerpt":{"rendered":"<p>MDYoungMinds ho\u1ea1t \u0111\u1ed9ng nh\u01b0 th\u1ebf n\u00e0o MD Young Minds l\u00e0 m\u1ed9t ch\u01b0\u01a1ng tr\u00ecnh tin nh\u1eafn v\u0103n b\u1ea3n k\u1ebft n\u1ed1i thanh thi\u1ebfu ni\u00ean v\u00e0 thanh thi\u1ebfu ni\u00ean b\u1eb1ng c\u00e1c tin nh\u1eafn h\u1ed7 tr\u1ee3. H\u1ecd t\u1eadp trung v\u00e0o nh\u1eefng m\u1ed1i quan t\u00e2m v\u00e0 lo l\u1eafng c\u1ee7a thanh thi\u1ebfu ni\u00ean. \u0110\u00e2y l\u00e0 m\u1ed9t ch\u01b0\u01a1ng tr\u00ecnh \u0111\u01b0\u1ee3c thi\u1ebft k\u1ebf b\u1edfi B\u1ed9 Y t\u1ebf Maryland, V\u0103n ph\u00f2ng Ph\u00f2ng ch\u1ed1ng T\u1ef1 t\u1eed v\u00e0 s\u1eed d\u1ee5ng n\u1ec1n t\u1ea3ng nh\u1eafn tin c\u1ee7a 211 Maryland. \u1ede Maryland, c\u1ee9 n\u0103m thanh thi\u1ebfu ni\u00ean th\u00ec c\u00f3 m\u1ed9t ng\u01b0\u1eddi c\u00e2n nh\u1eafc vi\u1ec7c t\u1ef1 t\u1eed \u1edf\u2026<\/p>","protected":false},"author":7,"featured_media":2662,"parent":962,"menu_order":0,"comment_status":"closed","ping_status":"closed","template":"","meta":{"footnotes":""},"class_list":["post-2635","page","type-page","status-publish","has-post-thumbnail","hentry"],"_links":{"self":[{"href":"https:\/\/211md.org\/vi\/wp-json\/wp\/v2\/pages\/2635","targetHints":{"allow":["GET"]}}],"collection":[{"href":"https:\/\/211md.org\/vi\/wp-json\/wp\/v2\/pages"}],"about":[{"href":"https:\/\/211md.org\/vi\/wp-json\/wp\/v2\/types\/page"}],"author":[{"embeddable":true,"href":"https:\/\/211md.org\/vi\/wp-json\/wp\/v2\/users\/7"}],"replies":[{"embeddable":true,"href":"https:\/\/211md.org\/vi\/wp-json\/wp\/v2\/comments?post=2635"}],"version-history":[{"count":2,"href":"https:\/\/211md.org\/vi\/wp-json\/wp\/v2\/pages\/2635\/revisions"}],"predecessor-version":[{"id":34413,"href":"https:\/\/211md.org\/vi\/wp-json\/wp\/v2\/pages\/2635\/revisions\/34413"}],"up":[{"embeddable":true,"href":"https:\/\/211md.org\/vi\/wp-json\/wp\/v2\/pages\/962"}],"wp:featuredmedia":[{"embeddable":true,"href":"https:\/\/211md.org\/vi\/wp-json\/wp\/v2\/media\/2662"}],"wp:attachment":[{"href":"https:\/\/211md.org\/vi\/wp-json\/wp\/v2\/media?parent=2635"}],"curies":[{"name":"wp","href":"https:\/\/api.w.org\/{rel}","templated":true}]}}