{"id":2845,"date":"2022-04-13T18:12:36","date_gmt":"2022-04-13T22:12:36","guid":{"rendered":"https:\/\/211md.org\/?page_id=2845"},"modified":"2024-08-15T14:08:03","modified_gmt":"2024-08-15T18:08:03","slug":"dung-lai","status":"publish","type":"page","link":"https:\/\/211md.org\/vi\/stophate\/","title":{"rendered":"#MDStopGh\u00e9t"},"content":{"rendered":"<h1>\n\t\t#MDStopGh\u00e9t\n\t<\/h1>\n\t<h3><strong>B\u00e1o c\u00e1o T\u1ed9i \u00e1c v\u00e0\/ho\u1eb7c S\u1ef1 c\u1ed1 Th\u00f9 gh\u00e9t v\u00e0 Th\u00e0nh ki\u1ebfn v\u00e0<\/strong><br \/>\n<strong>K\u1ebft n\u1ed1i v\u1edbi t\u00e0i nguy\u00ean c\u1ed9ng \u0111\u1ed3ng.<\/strong><\/h3>\n\t\t\t<a href=\"\/vi\/stophate-form\/\" target=\"_self\" rel=\"noopener\">\n\t\t\t\t\t\t\tNg\u1eebng gh\u00e9t\n\t\t\t\t\t<\/a>\n\tB\u1ea1n c\u1ea7n b\u00e1o c\u00e1o khi \u0111ang di chuy\u1ec3n? So\u1ea1n tin \u201cMDStopHate\u201d t\u1edbi 898-211 (TXT-211) \u0111\u1ec3 g\u1eedi \u0111\u01a1n<br \/>\nb\u00e1o c\u00e1o s\u1ef1 c\u1ed1 b\u1eb1ng \u0111i\u1ec7n tho\u1ea1i di \u0111\u1ed9ng c\u1ee7a b\u1ea1n.\n<p>&nbsp;<\/p>\n<p><em>211 Maryland cung c\u1ea5p c\u00e1c ch\u01b0\u01a1ng tr\u00ecnh c\u1ea3nh b\u00e1o tin nh\u1eafn v\u0103n b\u1ea3n cung c\u1ea5p th\u00f4ng tin v\u1ec1 ngu\u1ed3n l\u1ef1c c\u1ee5 th\u1ec3 theo khu v\u1ef1c ho\u1eb7c cung c\u1ea5p c\u1ea3nh b\u00e1o th\u1ea3m h\u1ecda. C\u00f3 th\u1ec3 \u00e1p d\u1ee5ng c\u01b0\u1edbc tin nh\u1eafn &amp; d\u1eef li\u1ec7u v\u00e0 t\u1ea7n su\u1ea5t tin nh\u1eafn c\u00f3 th\u1ec3 thay \u0111\u1ed5i. \u0110\u1ec3 \u0111\u01b0\u1ee3c tr\u1ee3 gi\u00fap, h\u00e3y nh\u1eafn tin HELP. \u0110\u1ec3 t\u1eeb ch\u1ed1i, h\u00e3y nh\u1eafn tin STOP \u0111\u1ebfn c\u00f9ng m\u1ed9t s\u1ed1. C\u00e1c \u0111i\u1ec1u kho\u1ea3n SMS \u0111\u1ea7y \u0111\u1ee7 t\u1ea1i\u00a0<a href=\"https:\/\/211md.org\/vi\/tin-nhan\/\">https:\/\/211md.org\/sms\/<\/a>\u00a0c\u0169ng s\u1ebd \u0111\u01b0\u1ee3c \u00e1p d\u1ee5ng.<\/em><\/p>\n<h2>\n\t\tL\u00e0m th\u1ebf n\u00e0o n\u00f3 ho\u1ea1t \u0111\u1ed9ng\n\t<\/h2>\n\t\t\t\t<a href=\"\/vi\/\u0111i\u1ec7n tho\u1ea1i:+211\/\" target=\"_self\" itemprop=\"url\" rel=\"noopener\">\n\t\t\t\t<img loading=\"lazy\" decoding=\"async\" src=\"https:\/\/211md.org\/wp-content\/uploads\/2021\/05\/Screen-Shot-2021-05-26-at-11.27.15-AM.svg\" alt=\"H\u00ecnh \u1ea3nh c\u1ee7a S\u1ed1 1\" itemprop=\"image\" height=\"150\" width=\"150\" title=\"H\u00ecnh \u1ea3nh c\u1ee7a S\u1ed1 1\" onerror=\"this.style.display='none'\"  \/>\n\t\t\t\t<\/a>\n<h2><a href=\"\/vi\/\u0111i\u1ec7n tho\u1ea1i:+211\/\" target=\"_self\" rel=\"noopener\">\u0110\u01b0\u1eddng d\u00e2y n\u00f3ng tr\u1ef1c ti\u1ebfp<\/a><\/h2>B\u00e1o c\u00e1o s\u1ef1 gh\u00e9t b\u1ecf, ph\u00e2n bi\u1ec7t \u0111\u1ed1i x\u1eed ho\u1eb7c b\u1eaft n\u1ea1t v\u00e0 nh\u1eadn gi\u1edbi thi\u1ec7u \u0111\u1ebfn c\u00e1c ngu\u1ed3n l\u1ef1c c\u1ed9ng \u0111\u1ed3ng b\u1eb1ng c\u00e1ch quay s\u1ed1<br \/>\n211.\n\t\t\t\t<a href=\"\/vi\/tai-nguyen\/moi-doi-voi-chung-toi-va-maryland\/\" target=\"_self\" itemprop=\"url\" rel=\"noopener\">\n\t\t\t\t<img loading=\"lazy\" decoding=\"async\" src=\"https:\/\/211md.org\/wp-content\/uploads\/2021\/05\/Screen-Shot-2021-05-26-at-11.27.25-AM.svg\" alt=\"H\u00ecnh \u1ea3nh c\u1ee7a s\u1ed1 2\" itemprop=\"image\" height=\"150\" width=\"150\" title=\"H\u00ecnh \u1ea3nh c\u1ee7a S\u1ed1 2\" onerror=\"this.style.display='none'\"  \/>\n\t\t\t\t<\/a>\n<h2><a href=\"\/vi\/tai-nguyen\/moi-doi-voi-chung-toi-va-maryland\/\" target=\"_self\" rel=\"noopener\">Th\u01b0 m\u1ee5c t\u00e0i nguy\u00ean<\/a><\/h2><p>Truy c\u1eadp b\u1ea5t k\u1ef3 t\u00e0i nguy\u00ean n\u00e0o \u0111\u1ec3 \u0111\u00e1p \u1ee9ng nhu c\u1ea7u c\u1ee7a b\u1ea1n b\u1eb1ng c\u00e1ch t\u00ecm ki\u1ebfm c\u01a1 s\u1edf d\u1eef li\u1ec7u t\u00e0i nguy\u00ean tr\u1ef1c tuy\u1ebfn c\u1ee7a 211 Maryland.<\/p>\n\t\t\t\t<a href=\"\/vi\/stophate-form\/\" target=\"_self\" itemprop=\"url\" rel=\"noopener\">\n\t\t\t\t<img loading=\"lazy\" decoding=\"async\" src=\"https:\/\/211md.org\/wp-content\/uploads\/2021\/05\/Screen-Shot-2021-05-26-at-11.27.40-AM.svg\" alt=\"H\u00ecnh \u1ea3nh c\u1ee7a s\u1ed1 3\" itemprop=\"image\" height=\"149\" width=\"149\" title=\"H\u00ecnh \u1ea3nh c\u1ee7a S\u1ed1 3\" onerror=\"this.style.display='none'\"  \/>\n\t\t\t\t<\/a>\n<h2><a href=\"\/vi\/stophate-form\/\" target=\"_self\" rel=\"noopener\">B\u00e1o c\u00e1o s\u1ef1 c\u1ed1<\/a><\/h2><p>T\u1ef1 b\u00e1o c\u00e1o m\u1ed9t s\u1ef1 c\u1ed1 th\u00f9 h\u1eadn ho\u1eb7c ph\u00e2n bi\u1ec7t \u0111\u1ed1i x\u1eed trong c\u1ed9ng \u0111\u1ed3ng c\u1ee7a b\u1ea1n m\u1ed9t c\u00e1ch nhanh ch\u00f3ng v\u00e0 d\u1ec5 d\u00e0ng.<\/p>\n<h2>\n\t\tGh\u00e9t T\u1ed9i \u00e1c Vs Hate S\u1ef1 c\u1ed1\n\t<\/h2>\n\t<h3><strong>C\u00f3 g\u00ec kh\u00e1c bi\u1ec7t?<\/strong><\/h3>\nN\u1ebfu b\u1ea1n c\u1ea3m th\u1ea5y m\u00ecnh b\u1ecb nh\u1eafm t\u1edbi v\u00ec \u0111\u1eb7c \u0111i\u1ec3m c\u00e1 nh\u00e2n ho\u1eb7c th\u00e0nh vi\u00ean nh\u00f3m, h\u00e3y b\u00e1o c\u00e1o v\u1ee5 vi\u1ec7c v\u1edbi 211 \u0111\u1ec3 c\u01a1 quan ch\u1ee9c n\u0103ng x\u00e1c \u0111\u1ecbnh xem c\u00f3 ph\u1ea1m t\u1ed9i hay kh\u00f4ng. T\u00ecm hi\u1ec3u th\u00eam v\u1ec1 s\u1ef1 kh\u00e1c bi\u1ec7t gi\u1eefa <a href=\"https:\/\/www.justice.gov\/hatecrimes\/learn-about-hate-crimes\" target=\"_blank\" rel=\"noopener\">t\u1ed9i \u00e1c c\u0103m th\u00f9<\/a> v\u00e0 nh\u1eefng s\u1ef1 c\u1ed1 c\u0103m gh\u00e9t.\n<h3>\n\t\ts\u1ef1 c\u1ed1 gh\u00e9t\n\t<\/h3>\n<h3>\n\t\tGh\u00e9t t\u1ed9i ph\u1ea1m\n\t<\/h3>\n<p><strong>Bi\u1ec3u hi\u1ec7n c\u1ee7a s\u1ef1 th\u00f9 \u0111\u1ecbch ho\u1eb7c g\u00e2y h\u1ea5n \u0111\u01b0\u1ee3c th\u00fac \u0111\u1ea9y b\u1edfi s\u1ef1 thi\u00ean v\u1ecb.<\/strong><\/p>\n<strong>V\u00ed d\u1ee5:<br \/>\n<\/strong>L\u1ea1m d\u1ee5ng b\u1eb1ng l\u1eddi n\u00f3i nh\u01b0 g\u1ecdi t\u00ean, ng\u00f4n ng\u1eef h\u1ea1 th\u1ea5p ho\u1eb7c nh\u1eefng tr\u00f2 \u0111\u00f9a x\u00fac ph\u1ea1m; Nh\u1eefng l\u1eddi gi\u00e8m pha ph\u00e2n bi\u1ec7t ch\u1ee7ng t\u1ed9c ho\u1eb7c k\u1ef3 th\u1ecb \u0111\u1ed3ng t\u00ednh; Qu\u1ea5y r\u1ed1i; B\u1eaft n\u1ea1t ho\u1eb7c \u0111e d\u1ecda; Ph\u00e2n ph\u1ed1i v\u0103n h\u1ecdc c\u0103m th\u00f9\n<p><strong>M\u1ed1i \u0111e d\u1ecda, n\u1ed7 l\u1ef1c ho\u1eb7c thi\u1ec7t h\u1ea1i c\u00f3 m\u1ee5c ti\u00eau do \u0111\u1eb7c \u0111i\u1ec3m c\u00e1 nh\u00e2n ho\u1eb7c th\u00e0nh vi\u00ean nh\u00f3m.<\/strong><\/p>\n<strong>V\u00ed d\u1ee5:<br \/>\n<\/strong>Ph\u00e1 ho\u1ea1i, \u0111e d\u1ecda \u0111\u00e1nh bom, \u0111\u1ed1t ph\u00e1, t\u1ea5n c\u00f4ng v\u1eadt l\u00fd, tr\u1ed9m c\u1eafp, l\u00e0m h\u01b0 h\u1ecfng t\u00e0i s\u1ea3n b\u1eb1ng c\u00e1c bi\u1ec3u t\u01b0\u1ee3ng th\u00f9 h\u1eadn, ng\u00f4n ng\u1eef, v\u1ebd b\u1eady\n\t\t\t<a href=\"\/vi\/tai-nguyen\/\" target=\"_self\" rel=\"noopener\">\n\t\t\t\t\t\t\tT\u00e0i nguy\u00ean\n\t\t\t\t\t<\/a>\n<h6>\n\t\td\u1eebng l\u1ea1i\n\t<\/h6>\n<h2>B\u00e1o c\u00e1o m\u1ed9t t\u1ed9i \u00e1c c\u0103m th\u00f9 ho\u1eb7c s\u1ef1 c\u1ed1 c\u0103m th\u00f9<\/h2>\n\u0110\u1ed1i m\u1eb7t v\u00e0 \u0111\u00e1nh b\u1ea1i s\u1ef1 ph\u00e2n bi\u1ec7t \u0111\u1ed1i x\u1eed, h\u1eadn th\u00f9 v\u00e0 b\u1ea1o l\u1ef1c! B\u1ea1n c\u00f3 th\u1ec3 ng\u1eebng gh\u00e9t b\u1eb1ng c\u00e1ch b\u00e1o c\u00e1o.<br \/>\nNh\u1ea5p v\u00e0o b\u00ean d\u01b0\u1edbi \u0111\u1ec3 b\u00e1o c\u00e1o v\u1ec1 c\u00e1c h\u00e0nh vi th\u00f9 \u0111\u1ecbch ho\u1eb7c b\u1eaft n\u1ea1t x\u1ea3y ra trong c\u1ed9ng \u0111\u1ed3ng c\u1ee7a b\u1ea1n.\n\t\t\t<a href=\"\/vi\/stophate-form\/\" target=\"_self\" rel=\"noopener\">\n\t\t\t\t\t\t\tB\u00e1o c\u00e1o ngay\n\t\t\t\t\t<\/a>\n\t<p><strong>Ho\u1eb7c\u00a0<a href=\"\/vi\/\u0111i\u1ec7n tho\u1ea1i:+211\/\">Quay s\u1ed1 211<\/a><\/strong><\/p>\n<h2>\n\t\t\u0110\u01b0\u1ee3c gi\u00fap \u0111\u1ee1\n\t<\/h2>\n<h3>\n\t\t<a href=\"https:\/\/search.211md.org\/search?query=DF-7020.3300,DF-7020.1000,PH-3500,HH-0500.8000-150,ND-6500.3300,DF-7000&#038;query_type=taxonomy&#038;query_label=&#038;query_language=en\" title=\"B\u1eaft \u0111\u1ea7u qu\u00e1 tr\u00ecnh nh\u1eadp t\u1ecbch\" target=\"_blank\" rel=\"noopener\">\n\t\tB\u1eaft \u0111\u1ea7u qu\u00e1 tr\u00ecnh nh\u1eadp t\u1ecbch\n\t\t<\/a>\n\t<\/h3>\n\t\t\t\t<a href=\"https:\/\/search.211md.org\/search?query=DF-7020.3300,DF-7020.1000,PH-3500,HH-0500.8000-150,ND-6500.3300,DF-7000&#038;query_type=taxonomy&#038;query_label=&#038;query_language=en\" target=\"_blank\" rel=\"noopener\" itemprop=\"url\">\n\t\t\t\t<img loading=\"lazy\" decoding=\"async\" src=\"https:\/\/211md.org\/wp-content\/uploads\/2022\/04\/Start-the-Naturalization-Proces.jpg\" alt=\"B\u1eaft \u0111\u1ea7u qu\u00e1 tr\u00ecnh nh\u1eadp t\u1ecbch\" itemprop=\"image\" height=\"862\" width=\"1280\" title=\"B\u1eaft \u0111\u1ea7u qu\u00e1 tr\u00ecnh nh\u1eadp t\u1ecbch\" onerror=\"this.style.display='none'\"  \/>\n\t\t\t\t<\/a>\n<h3>\n\t\t<a href=\"https:\/\/search.211md.org\/search?query=PH-2400.1500,PH-1250.1800,PH-1250.1400,NL-3000.1500,HL-8700,HL-8120.7800,HD-8000,FT-8000,BM-6500.1500-800&#038;query_type=taxonomy&#038;query_label=&#038;query_language=en\" title=\"Ghi danh tr\u1ebb em trong tr\u01b0\u1eddng h\u1ecdc\" target=\"_blank\" rel=\"noopener\">\n\t\tGhi danh tr\u1ebb em trong tr\u01b0\u1eddng h\u1ecdc\n\t\t<\/a>\n\t<\/h3>\n\t\t\t\t<a href=\"https:\/\/search.211md.org\/search?query=PH-2400.1500,PH-1250.1800,PH-1250.1400,NL-3000.1500,HL-8700,HL-8120.7800,HD-8000,FT-8000,BM-6500.1500-800&#038;query_type=taxonomy&#038;query_label=&#038;query_language=en\" target=\"_blank\" rel=\"noopener\" itemprop=\"url\">\n\t\t\t\t<img loading=\"lazy\" decoding=\"async\" src=\"https:\/\/211md.org\/wp-content\/uploads\/2022\/04\/Enroll-Children.jpg\" alt=\"ghi danh tr\u1ebb em\" itemprop=\"image\" height=\"853\" width=\"1280\" title=\"ghi danh tr\u1ebb em\" onerror=\"this.style.display='none'\"  \/>\n\t\t\t\t<\/a>\n<h3>\n\t\t<a href=\"https:\/\/search.211md.org\/search?query=HH-4500,HH-0500.0500,HH-0500.8000-150,HH-0500.2500,BM-6000.1500,BM-5050&#038;query_type=taxonomy&#038;query_label=&#038;query_language=en\" title=\"Gi\u00e1o d\u1ee5c\" target=\"_blank\" rel=\"noopener\">\n\t\tGi\u00e1o d\u1ee5c\n\t\t<\/a>\n\t<\/h3>\n\t\t\t\t<a href=\"https:\/\/search.211md.org\/search?query=HH-4500,HH-0500.0500,HH-0500.8000-150,HH-0500.2500,BM-6000.1500,BM-5050&#038;query_type=taxonomy&#038;query_label=&#038;query_language=en\" target=\"_blank\" rel=\"noopener\" itemprop=\"url\">\n\t\t\t\t<img loading=\"lazy\" decoding=\"async\" src=\"https:\/\/211md.org\/wp-content\/uploads\/2022\/04\/Education.jpg\" alt=\"Gi\u00e1o d\u1ee5c\" itemprop=\"image\" height=\"842\" width=\"1280\" title=\"Gi\u00e1o d\u1ee5c\" onerror=\"this.style.display='none'\"  \/>\n\t\t\t\t<\/a>\n<h2>\n\t\tT\u00ecm ki\u1ebfm tr\u1ee3 gi\u00fap theo danh m\u1ee5c\n\t<\/h2>\n\t\t\t\t<a href=\"\/vi\/tai-nguyen\/lao-hoa-khuyet-tat\/\" target=\"_self\" itemprop=\"url\" rel=\"noopener\">\n\t\t\t\t<img loading=\"lazy\" decoding=\"async\" src=\"https:\/\/211md.org\/wp-content\/uploads\/bb-plugin\/cache\/Mask-Group-41@2x-circle-73eaadba4cad8269faa4720e25cf1c85-.png\" alt=\"\u0110\u00f4i ch\u00e2n c\u1ee7a m\u1ed9t ng\u01b0\u1eddi ph\u1ee5 n\u1eef l\u1edbn tu\u1ed5i v\u00e0 m\u1ed9t c\u00f4 g\u00e1i tr\u1ebb c\u00f9ng nhau b\u01b0\u1edbc \u0111i\" itemprop=\"image\" height=\"500\" width=\"500\" title=\"D\u1ecbch v\u1ee5 ng\u01b0\u1eddi khuy\u1ebft t\u1eadt\" onerror=\"this.style.display='none'\"  \/>\n\t\t\t\t<\/a>\n\t\t<h3><a href=\"\/vi\/tai-nguyen\/lao-hoa-khuyet-tat\/\" target=\"_self\" rel=\"noopener\">L\u00e3o h\u00f3a &amp; Khuy\u1ebft t\u1eadt<\/a><\/h3>\t\n\t\t\t\t<a href=\"\/vi\/tai-nguyen\/gia-dinh-tre-em\/\" target=\"_self\" itemprop=\"url\" rel=\"noopener\">\n\t\t\t\t<img loading=\"lazy\" decoding=\"async\" src=\"https:\/\/211md.org\/wp-content\/uploads\/bb-plugin\/cache\/Mask-Group-38@2x-circle-ac40d46265fbec62083cd27f6dcf23b0-.png\" alt=\"m\u1ed9t ch\u00e0ng trai v\u00e0 c\u00f4 g\u00e1i tr\u1ebb m\u1ec9m c\u01b0\u1eddi v\u00e0 nh\u00ecn v\u00e0o m\u00e1y \u1ea3nh\" itemprop=\"image\" height=\"500\" width=\"500\" title=\"Nh\u00f3m m\u1eb7t n\u1ea1 38@2x\" onerror=\"this.style.display='none'\"  \/>\n\t\t\t\t<\/a>\n\t\t<h3><a href=\"\/vi\/tai-nguyen\/gia-dinh-tre-em\/\" target=\"_self\" rel=\"noopener\">Tr\u1ebb em &amp; Gia \u0111\u00ecnh<\/a><\/h3>\t\n\t\t\t\t<a href=\"\/vi\/tai-nguyen\/covid-19-trung-tam-tai-nguyen\/\" target=\"_self\" itemprop=\"url\" rel=\"noopener\">\n\t\t\t\t<img decoding=\"async\" src=\"https:\/\/211md.org\/wp-content\/uploads\/bb-plugin\/cache\/Data-Post-Image-COVID-circle-abdf7e097c6f7781a4f84df775b7857e-.png\" alt=\"M\u1ed9t t\u1ebf b\u00e0o COVID-19\" itemprop=\"image\" title=\"H\u00ecnh \u1ea3nh \u0111\u0103ng d\u1eef li\u1ec7u - COVID\" onerror=\"this.style.display='none'\"  \/>\n\t\t\t\t<\/a>\n\t\t<h3><a href=\"\/vi\/tai-nguyen\/covid-19-trung-tam-tai-nguyen\/\" target=\"_self\" rel=\"noopener\">COVID<\/a><\/h3>\t\n\t\t\t\t<a href=\"\/vi\/tai-nguyen\/gia-dinh-bao-luc\/\" target=\"_self\" itemprop=\"url\" rel=\"noopener\">\n\t\t\t\t<img loading=\"lazy\" decoding=\"async\" src=\"https:\/\/211md.org\/wp-content\/uploads\/bb-plugin\/cache\/Mask-Group-39@2x-circle-b2589197a13c791d910f46dd10b27a87-.png\" alt=\"Hai \u0111\u00f4i n\u1eafm tay nhau\" itemprop=\"image\" height=\"500\" width=\"500\" title=\"Nh\u00f3m m\u1eb7t n\u1ea1 39@2x\" onerror=\"this.style.display='none'\"  \/>\n\t\t\t\t<\/a>\n\t\t<h3><a href=\"\/vi\/tai-nguyen\/gia-dinh-bao-luc\/\" target=\"_self\" rel=\"noopener\">B\u1ea1o h\u00e0nh Gia \u0111\u00ecnh\/Gia \u0111\u00ecnh<\/a><\/h3>\t\n\t\t\t\t<a href=\"\/vi\/tai-nguyen\/tim-kiem-viec-lam\/\" target=\"_self\" itemprop=\"url\" rel=\"noopener\">\n\t\t\t\t<img loading=\"lazy\" decoding=\"async\" src=\"https:\/\/211md.org\/wp-content\/uploads\/bb-plugin\/cache\/Employment-circle-bf72562329e950df948954f5d3f44b2e-.png\" alt=\"Th\u1ee3 s\u1eeda xe\" itemprop=\"image\" height=\"500\" width=\"500\" title=\"Thu\u00ea ng\u01b0\u1eddi l\u00e0m\" onerror=\"this.style.display='none'\"  \/>\n\t\t\t\t<\/a>\n\t\t<h3><a href=\"\/vi\/tai-nguyen\/tim-kiem-viec-lam\/\" target=\"_self\" rel=\"noopener\">Thu\u00ea ng\u01b0\u1eddi l\u00e0m<\/a><\/h3>\t\n\t\t\t\t<a href=\"\/vi\/tai-nguyen\/cham-soc-suc-khoe\/\" target=\"_self\" itemprop=\"url\" rel=\"noopener\">\n\t\t\t\t<img loading=\"lazy\" decoding=\"async\" src=\"https:\/\/211md.org\/wp-content\/uploads\/bb-plugin\/cache\/Mask-Group-35@2x-circle-94be10c13e4adae1683b4589dc2f5b2f-.png\" alt=\"B\u00e1c s\u0129 kh\u00e1m ch\u00e2n cho b\u00e9 trai\" itemprop=\"image\" height=\"500\" width=\"500\" title=\"Nh\u00f3m m\u1eb7t n\u1ea1 35@2x\" onerror=\"this.style.display='none'\"  \/>\n\t\t\t\t<\/a>\n\t\t<h3><a href=\"\/vi\/tai-nguyen\/cham-soc-suc-khoe\/\" target=\"_self\" rel=\"noopener\">Ch\u0103m s\u00f3c s\u1ee9c kh\u1ecfe<\/a><\/h3>\t\n\t\t\t\t<a href=\"\/vi\/tai-nguyen\/do-an\/\" target=\"_self\" itemprop=\"url\" rel=\"noopener\">\n\t\t\t\t<img loading=\"lazy\" decoding=\"async\" src=\"https:\/\/211md.org\/wp-content\/uploads\/bb-plugin\/cache\/Mask-Group-32@2x-circle-1c6d647dcaf998fa079d26735cedc92b-.png\" alt=\"Rau s\u1ea1ch\" itemprop=\"image\" height=\"500\" width=\"500\" title=\"Nh\u00f3m m\u1eb7t n\u1ea1 32@2x\" onerror=\"this.style.display='none'\"  \/>\n\t\t\t\t<\/a>\n\t\t<h3><a href=\"\/vi\/tai-nguyen\/do-an\/\" target=\"_self\" rel=\"noopener\">\u0110\u1ed3 \u0103n<\/a><\/h3>\t\n\t\t\t\t<a href=\"\/vi\/tai-nguyen\/nha-o\/\" target=\"_self\" itemprop=\"url\" rel=\"noopener\">\n\t\t\t\t<img loading=\"lazy\" decoding=\"async\" src=\"https:\/\/211md.org\/wp-content\/uploads\/bb-plugin\/cache\/Mask-Group-34@2x-circle-b99c55fc16ef21f35e2f2a1f7cc37b9a-.png\" alt=\"Ban c\u00f4ng chung c\u01b0\" itemprop=\"image\" height=\"500\" width=\"500\" title=\"Chung c\u01b0-Khu ph\u1ee9c h\u1ee3p\" onerror=\"this.style.display='none'\"  \/>\n\t\t\t\t<\/a>\n\t\t<h3><a href=\"\/vi\/tai-nguyen\/nha-o\/\" target=\"_self\" rel=\"noopener\">Nh\u00e0 \u1ede &amp; N\u01a1i Tr\u00fa \u1ea8n<\/a><\/h3>\t\n\t\t\t\t<a href=\"\/vi\/tai-nguyen\/moi-doi-voi-chung-toi-va-maryland\/\" target=\"_self\" itemprop=\"url\" rel=\"noopener\">\n\t\t\t\t<img loading=\"lazy\" decoding=\"async\" src=\"https:\/\/211md.org\/wp-content\/uploads\/bb-plugin\/cache\/American-flag-circle-0016cc327e27ef7aeb080f1da6c6e98b-.jpg\" alt=\"m\u1edbi \u0111\u1ebfn Hoa K\u1ef3\" itemprop=\"image\" height=\"364\" width=\"1366\" title=\"C\u1edd M\u1ef9\" onerror=\"this.style.display='none'\"  \/>\n\t\t\t\t<\/a>\n\t\t<h3><a href=\"\/vi\/tai-nguyen\/moi-doi-voi-chung-toi-va-maryland\/\" target=\"_self\" rel=\"noopener\">nh\u1eadp c\u01b0<\/a><\/h3>\t\n\t\t\t\t<a href=\"\/vi\/tai-nguyen\/gia-dinh-tre-em\/quan-he-ho-hang\/\" target=\"_self\" itemprop=\"url\" rel=\"noopener\">\n\t\t\t\t<img decoding=\"async\" src=\"https:\/\/211md.org\/wp-content\/uploads\/bb-plugin\/cache\/kinship-family-navigating-a-computer-circle-045fee9d587aefb20221bfea41a2cf9b-.png\" alt=\"gia \u0111\u00ecnh h\u1ecd h\u00e0ng \u0111ang \u0111i\u1ec1u h\u01b0\u1edbng m\u00e1y t\u00ednh\" itemprop=\"image\" title=\"gia \u0111\u00ecnh h\u1ecd h\u00e0ng \u0111ang \u0111i\u1ec1u h\u01b0\u1edbng m\u00e1y t\u00ednh\" onerror=\"this.style.display='none'\"  \/>\n\t\t\t\t<\/a>\n\t\t<h3><a href=\"\/vi\/tai-nguyen\/gia-dinh-tre-em\/quan-he-ho-hang\/\" target=\"_self\" rel=\"noopener\">h\u1ecd h\u00e0ng<\/a><\/h3>\t\n\t\t\t\t<a href=\"\/vi\/tai-nguyen\/dich-vu-phap-ly\/\" target=\"_self\" itemprop=\"url\" rel=\"noopener\">\n\t\t\t\t<img loading=\"lazy\" decoding=\"async\" src=\"https:\/\/211md.org\/wp-content\/uploads\/bb-plugin\/cache\/Housing-Legal-circle-9a8f3c1c72c54b6e1ce612d2993c1ad4-.png\" alt=\"B\u00faa ph\u00e1p l\u00fd v\u1edbi m\u00f4 h\u00ecnh ng\u00f4i nh\u00e0 b\u1eb1ng nh\u1ef1a b\u00ean c\u1ea1nh\" itemprop=\"image\" height=\"348\" width=\"460\" title=\"Ph\u00e1p l\u00fd nh\u00e0 \u1edf\" onerror=\"this.style.display='none'\"  \/>\n\t\t\t\t<\/a>\n\t\t<h3><a href=\"\/vi\/tai-nguyen\/dich-vu-phap-ly\/\" target=\"_self\" rel=\"noopener\">D\u1ecbch v\u1ee5 ph\u00e1p l\u00fd<\/a><\/h3>\t\n\t\t\t\t<a href=\"\/vi\/tai-nguyen\/suc-khoe-tinh-than\/\" target=\"_self\" itemprop=\"url\" rel=\"noopener\">\n\t\t\t\t<img loading=\"lazy\" decoding=\"async\" src=\"https:\/\/211md.org\/wp-content\/uploads\/bb-plugin\/cache\/Mask-Group-40@2x-circle-7bd9426367852fb3d841bc4bdc57a550-.png\" alt=\"H\u1ed3 s\u01a1 c\u1ee7a m\u1ed9t ng\u01b0\u1eddi \u0111\u00e0n \u00f4ng v\u00e0 ph\u1ee5 n\u1eef\" itemprop=\"image\" height=\"500\" width=\"500\" title=\"Nh\u00f3m m\u1eb7t n\u1ea1 40@2x\" onerror=\"this.style.display='none'\"  \/>\n\t\t\t\t<\/a>\n\t\t<h3><a href=\"\/vi\/tai-nguyen\/suc-khoe-tinh-than\/\" target=\"_self\" rel=\"noopener\">S\u1ee9c kh\u1ecfe tinh th\u1ea7n<\/a><\/h3>\t\n\t\t\t\t<a href=\"\/vi\/tai-nguyen\/mdreentry\/\" target=\"_self\" itemprop=\"url\" rel=\"noopener\">\n\t\t\t\t<img loading=\"lazy\" decoding=\"async\" src=\"https:\/\/211md.org\/wp-content\/uploads\/bb-plugin\/cache\/Diverse-group-of-community-members-circle-4457c114cd48613bc79a0fb50060319c-.jpg\" alt=\"Nh\u00f3m th\u00e0nh vi\u00ean c\u1ed9ng \u0111\u1ed3ng \u0111a d\u1ea1ng\" itemprop=\"image\" height=\"800\" width=\"1200\" title=\"Nh\u00f3m th\u00e0nh vi\u00ean c\u1ed9ng \u0111\u1ed3ng \u0111a d\u1ea1ng\" onerror=\"this.style.display='none'\"  \/>\n\t\t\t\t<\/a>\n\t\t<h3><a href=\"\/vi\/tai-nguyen\/mdreentry\/\" target=\"_self\" rel=\"noopener\">V\u00e0o l\u1ea1i<\/a><\/h3>\t\n\t\t\t\t<a href=\"\/vi\/dung-lai\/\" target=\"_self\" itemprop=\"url\" rel=\"noopener\">\n\t\t\t\t<img loading=\"lazy\" decoding=\"async\" src=\"https:\/\/211md.org\/wp-content\/uploads\/bb-plugin\/cache\/Background-section-MDStophate-circle-08e2bae1cf9f2ad6cc83e01e23da8cb9-.jpg\" alt=\"Ph\u1ea7n n\u1ec1n-MDStophate\" itemprop=\"image\" height=\"768\" width=\"1366\" title=\"Ph\u1ea7n n\u1ec1n-MDStophate\" onerror=\"this.style.display='none'\"  \/>\n\t\t\t\t<\/a>\n\t\t<h3><a href=\"\/vi\/dung-lai\/\" target=\"_self\" rel=\"noopener\">Ng\u1eebng gh\u00e9t<\/a><\/h3>\t\n\t\t\t\t<a href=\"\/vi\/tai-nguyen\/su-dung-chat-kich-thich\/\" target=\"_self\" itemprop=\"url\" rel=\"noopener\">\n\t\t\t\t<img loading=\"lazy\" decoding=\"async\" src=\"https:\/\/211md.org\/wp-content\/uploads\/bb-plugin\/cache\/Substance-Use-circle-ad2d564932dc31267e0c32a6fb2d915c-.png\" alt=\"Tay \u0111\u1eadp thu\u1ed1c\" itemprop=\"image\" height=\"500\" width=\"500\" title=\"S\u1eed d\u1ee5ng ch\u1ea5t g\u00e2y nghi\u1ec7n\" onerror=\"this.style.display='none'\"  \/>\n\t\t\t\t<\/a>\n\t\t<h3><a href=\"\/vi\/tai-nguyen\/su-dung-chat-kich-thich\/\" target=\"_self\" rel=\"noopener\">S\u1eed d\u1ee5ng ch\u1ea5t k\u00edch th\u00edch<\/a><\/h3>\t\n\t\t\t\t<a href=\"\/vi\/tai-nguyen\/dich-vu-thue\/\" target=\"_self\" itemprop=\"url\" rel=\"noopener\">\n\t\t\t\t<img loading=\"lazy\" decoding=\"async\" src=\"https:\/\/211md.org\/wp-content\/uploads\/bb-plugin\/cache\/Mask-Group-34-circle-166a606e37e61188c9a17d5e634cda3c-.png\" alt=\"Ng\u01b0\u1eddi \u0111i\u1ec1n v\u00e0o gi\u1ea5y t\u1edd thu\u1ebf thu nh\u1eadp\" itemprop=\"image\" height=\"500\" width=\"500\" title=\"M\u1eb7t N\u1ea1 Nh\u00f3m 34\" onerror=\"this.style.display='none'\"  \/>\n\t\t\t\t<\/a>\n\t\t<h3><a href=\"\/vi\/tai-nguyen\/dich-vu-thue\/\" target=\"_self\" rel=\"noopener\">D\u1ecbch v\u1ee5 thu\u1ebf<\/a><\/h3>\t\n\t\t\t\t<a href=\"\/vi\/tai-nguyen\/ho-tro-tien-ich\/\" target=\"_self\" itemprop=\"url\" rel=\"noopener\">\n\t\t\t\t<img loading=\"lazy\" decoding=\"async\" src=\"https:\/\/211md.org\/wp-content\/uploads\/bb-plugin\/cache\/Mask-Group-37@2x-circle-9661a11b9c4082079c9a1f06bc539567-.png\" alt=\"M\u1ed9t b\u00f3ng \u0111\u00e8n th\u1eafp s\u00e1ng\" itemprop=\"image\" height=\"500\" width=\"500\" title=\"Nh\u00f3m m\u1eb7t n\u1ea1 37@2x\" onerror=\"this.style.display='none'\"  \/>\n\t\t\t\t<\/a>\n\t\t<h3><a href=\"\/vi\/tai-nguyen\/ho-tro-tien-ich\/\" target=\"_self\" rel=\"noopener\">H\u1ed7 tr\u1ee3 ti\u1ec7n \u00edch<\/a><\/h3>\t\n\t\t\t\t<a href=\"\/vi\/tai-nguyen\/cuu-chien-binh\/\" target=\"_self\" itemprop=\"url\" rel=\"noopener\">\n\t\t\t\t<img decoding=\"async\" src=\"https:\/\/211md.org\/wp-content\/uploads\/bb-plugin\/cache\/Veterans-circle-7c6972a59826c74f1f658f61df785fc3-.png\" alt=\"M\u1ed9t ng\u01b0\u1eddi l\u00ednh b\u1eaft tay ai \u0111\u00f3 v\u00e0 m\u1ec9m c\u01b0\u1eddi\" itemprop=\"image\" title=\"c\u1ef1u chi\u1ebfn binh\" onerror=\"this.style.display='none'\"  \/>\n\t\t\t\t<\/a>\n\t\t<h3><a href=\"\/vi\/tai-nguyen\/cuu-chien-binh\/\" target=\"_self\" rel=\"noopener\">c\u1ef1u chi\u1ebfn binh<\/a><\/h3>\t\n<h2>C\u1ea3m \u01a0n \u0110\u1ed1i T\u00e1c C\u1ee7a Ch\u00fang T\u00f4i<\/h2>\n<p>H\u1ee3p t\u00e1c v\u1edbi V\u0103n ph\u00f2ng S\u00e1ng ki\u1ebfn C\u1ed9ng \u0111\u1ed3ng v\u00e0 V\u0103n ph\u00f2ng C\u00e1c v\u1ea5n \u0111\u1ec1 Nh\u1eadp c\u01b0 c\u1ee7a Th\u1ed1ng \u0111\u1ed1c, 211 Maryland k\u1ebft n\u1ed1i nh\u1eefng ng\u01b0\u1eddi M\u1ef9 v\u00e0 ng\u01b0\u1eddi d\u00e2n Maryland m\u1edbi v\u1edbi c\u00e1c d\u1ecbch v\u1ee5 quan tr\u1ecdng v\u00e0 gi\u00fap d\u1ec5 d\u00e0ng b\u00e1o c\u00e1o c\u00e1c t\u1ed9i ph\u1ea1m v\u00e0\/ho\u1eb7c s\u1ef1 c\u1ed1 do th\u00f9 h\u1eadn v\u00e0 thi\u00ean v\u1ecb.<\/p>\n\t\t\t\t<img loading=\"lazy\" decoding=\"async\" src=\"https:\/\/211md.org\/wp-content\/uploads\/2022\/04\/Group-332.svg\" alt=\"Nh\u00f3m 332\" itemprop=\"image\" height=\"215\" width=\"244\" title=\"Nh\u00f3m 332\" onerror=\"this.style.display='none'\"  \/>\n\t\t\t\t<img loading=\"lazy\" decoding=\"async\" src=\"https:\/\/211md.org\/wp-content\/uploads\/2022\/04\/Group-333.svg\" alt=\"Logo V\u0103n ph\u00f2ng V\u1ea5n \u0111\u1ec1 Ng\u01b0\u1eddi nh\u1eadp c\u01b0 c\u1ee7a Th\u1ed1ng \u0111\u1ed1c Maryland\" itemprop=\"image\" height=\"215\" width=\"245\" title=\"Logo V\u0103n ph\u00f2ng V\u1ea5n \u0111\u1ec1 Ng\u01b0\u1eddi nh\u1eadp c\u01b0 c\u1ee7a Th\u1ed1ng \u0111\u1ed1c Maryland\" onerror=\"this.style.display='none'\"  \/>","protected":false},"excerpt":{"rendered":"<p>#MDStopHate B\u00e1o c\u00e1o T\u1ed9i ph\u1ea1m v\u00e0\/ho\u1eb7c S\u1ef1 c\u1ed1 do Th\u00f9 gh\u00e9t v\u00e0 \u0110\u1ecbnh ki\u1ebfn v\u00e0 K\u1ebft n\u1ed1i v\u1edbi c\u00e1c Ngu\u1ed3n l\u1ef1c C\u1ed9ng \u0111\u1ed3ng. Stop Hate B\u1ea1n c\u1ea7n b\u00e1o c\u00e1o khi \u0111ang di chuy\u1ec3n? H\u00e3y nh\u1eafn tin \u201cMDStopHate\u201d \u0111\u1ebfn s\u1ed1 898-211 (TXT-211) \u0111\u1ec3 n\u1ed9p b\u00e1o c\u00e1o s\u1ef1 c\u1ed1 b\u1eb1ng \u0111i\u1ec7n tho\u1ea1i di \u0111\u1ed9ng c\u1ee7a b\u1ea1n. 211 Maryland cung c\u1ea5p c\u00e1c ch\u01b0\u01a1ng tr\u00ecnh c\u1ea3nh b\u00e1o b\u1eb1ng tin nh\u1eafn v\u0103n b\u1ea3n cung c\u1ea5p th\u00f4ng tin v\u1ec1 ngu\u1ed3n l\u1ef1c c\u1ee5 th\u1ec3 theo khu v\u1ef1c ho\u1eb7c cung c\u1ea5p c\u1ea3nh b\u00e1o th\u1ea3m h\u1ecda.\u2026<\/p>","protected":false},"author":8,"featured_media":2665,"parent":0,"menu_order":0,"comment_status":"closed","ping_status":"closed","template":"","meta":{"footnotes":""},"class_list":["post-2845","page","type-page","status-publish","has-post-thumbnail","hentry"],"_links":{"self":[{"href":"https:\/\/211md.org\/vi\/wp-json\/wp\/v2\/pages\/2845","targetHints":{"allow":["GET"]}}],"collection":[{"href":"https:\/\/211md.org\/vi\/wp-json\/wp\/v2\/pages"}],"about":[{"href":"https:\/\/211md.org\/vi\/wp-json\/wp\/v2\/types\/page"}],"author":[{"embeddable":true,"href":"https:\/\/211md.org\/vi\/wp-json\/wp\/v2\/users\/8"}],"replies":[{"embeddable":true,"href":"https:\/\/211md.org\/vi\/wp-json\/wp\/v2\/comments?post=2845"}],"version-history":[{"count":0,"href":"https:\/\/211md.org\/vi\/wp-json\/wp\/v2\/pages\/2845\/revisions"}],"wp:featuredmedia":[{"embeddable":true,"href":"https:\/\/211md.org\/vi\/wp-json\/wp\/v2\/media\/2665"}],"wp:attachment":[{"href":"https:\/\/211md.org\/vi\/wp-json\/wp\/v2\/media?parent=2845"}],"curies":[{"name":"wp","href":"https:\/\/api.w.org\/{rel}","templated":true}]}}