{"id":3132,"date":"2022-06-14T08:07:18","date_gmt":"2022-06-14T12:07:18","guid":{"rendered":"https:\/\/211md.org\/?page_id=3132"},"modified":"2024-09-05T10:25:02","modified_gmt":"2024-09-05T14:25:02","slug":"mdhope","status":"publish","type":"page","link":"https:\/\/211md.org\/vi\/resources\/substance-use\/mdhope\/","title":{"rendered":"Nh\u1eadn h\u1ed7 tr\u1ee3 v\u1ec1 Opioid \u1edf Maryland v\u1edbi MDHope"},"content":{"rendered":"<h2>C\u00f3 Hy V\u1ecdng N\u1ebfu Y<strong>ou ho\u1eb7c ai \u0111\u00f3 b\u1ea1n bi\u1ebft<\/strong>w S\u1eed d\u1ee5ng Opioids.<\/h2>\n\t<p>H\u00e3y nh\u1eafn tin MDHope t\u1edbi 898211. Vi\u1ec7c n\u00e0y mi\u1ec5n ph\u00ed v\u00e0 b\u00ed m\u1eadt.<\/p>\n\t\t\t<a href=\"sms:\/\/898-211;?&#038;body=MDHope\" target=\"_blank\" rel=\"noopener\">\n\t\t\t\t\t\t\t\u0110\u0103ng k\u00fd ngay\n\t\t\t\t\t<\/a>\n\t<p><em>C\u00f3 th\u1ec3 \u00e1p d\u1ee5ng c\u01b0\u1edbc tin nh\u1eafn &amp; d\u1eef li\u1ec7u v\u00e0 t\u1ea7n su\u1ea5t tin nh\u1eafn c\u00f3 th\u1ec3 thay \u0111\u1ed5i. \u0110\u1ec3 \u0111\u01b0\u1ee3c tr\u1ee3 gi\u00fap, h\u00e3y nh\u1eafn tin HELP. \u0110\u1ec3 t\u1eeb ch\u1ed1i, h\u00e3y nh\u1eafn tin STOP \u0111\u1ebfn c\u00f9ng m\u1ed9t s\u1ed1. C\u00e1c \u0111i\u1ec1u kho\u1ea3n SMS \u0111\u1ea7y \u0111\u1ee7 t\u1ea1i\u00a0<a href=\"https:\/\/211md.org\/vi\/tin-nhan\/\">https:\/\/211md.org\/sms\/<\/a>\u00a0c\u0169ng s\u1ebd \u0111\u01b0\u1ee3c \u00e1p d\u1ee5ng.<\/em><\/p>\n<h2>\n\t\tC\u00e1ch th\u1ee9c ho\u1ea1t \u0111\u1ed9ng c\u1ee7a MDHope\n\t<\/h2>\n\t\t\t\t<img loading=\"lazy\" decoding=\"async\" src=\"https:\/\/211md.org\/wp-content\/uploads\/2021\/05\/Screen-Shot-2021-05-26-at-11.27.15-AM.svg\" alt=\"H\u00ecnh \u1ea3nh c\u1ee7a S\u1ed1 1\" itemprop=\"image\" height=\"150\" width=\"150\" title=\"H\u00ecnh \u1ea3nh c\u1ee7a S\u1ed1 1\" onerror=\"this.style.display='none'\"  \/>\n<h3>Ch\u1eef<\/h3><p>Ch\u1eef\u00a0<strong>mdhope<\/strong>\u00a0\u0111\u1ebfn 898-211 \u0111\u1ec3 \u0111\u0103ng k\u00fd nh\u1eadn v\u0103n b\u1ea3n.\u00a0<sup>1<\/sup><\/p>\n<p><sup>1<\/sup><em>211 Maryland cung c\u1ea5p c\u00e1c ch\u01b0\u01a1ng tr\u00ecnh c\u1ea3nh b\u00e1o tin nh\u1eafn v\u0103n b\u1ea3n cung c\u1ea5p th\u00f4ng tin v\u1ec1 ngu\u1ed3n l\u1ef1c c\u1ee5 th\u1ec3 theo khu v\u1ef1c ho\u1eb7c cung c\u1ea5p c\u1ea3nh b\u00e1o th\u1ea3m h\u1ecda. C\u00f3 th\u1ec3 \u00e1p d\u1ee5ng m\u1ee9c gi\u00e1 tin nh\u1eafn &amp; d\u1eef li\u1ec7u v\u00e0 t\u1ea7n su\u1ea5t tin nh\u1eafn c\u00f3 th\u1ec3 thay \u0111\u1ed5i. \u0110\u1ec3 \u0111\u01b0\u1ee3c tr\u1ee3 gi\u00fap, h\u00e3y nh\u1eafn tin HELP. \u0110\u1ec3 t\u1eeb ch\u1ed1i, h\u00e3y nh\u1eafn tin STOP \u0111\u1ebfn c\u00f9ng m\u1ed9t s\u1ed1. C\u00e1c \u0111i\u1ec1u kho\u1ea3n SMS \u0111\u1ea7y \u0111\u1ee7 t\u1ea1i https:\/\/211md.org\/sms\/ c\u0169ng s\u1ebd \u0111\u01b0\u1ee3c \u00e1p d\u1ee5ng.<\/em><\/p>\n\t\t\t\t<img loading=\"lazy\" decoding=\"async\" src=\"https:\/\/211md.org\/wp-content\/uploads\/2021\/05\/Screen-Shot-2021-05-26-at-11.27.25-AM.svg\" alt=\"H\u00ecnh \u1ea3nh c\u1ee7a s\u1ed1 2\" itemprop=\"image\" height=\"150\" width=\"150\" title=\"H\u00ecnh \u1ea3nh c\u1ee7a S\u1ed1 2\" onerror=\"this.style.display='none'\"  \/>\n<h3>Nh\u1eadp m\u00e3 zip c\u1ee7a b\u1ea1n<\/h3><p>Khi \u0111\u01b0\u1ee3c nh\u1eafc, h\u00e3y cung c\u1ea5p m\u00e3 ZIP c\u1ee7a b\u1ea1n \u0111\u1ec3 ch\u00fang t\u00f4i c\u00f3 th\u1ec3 t\u00ecm c\u00e1c ngu\u1ed3n h\u1ed7 tr\u1ee3 t\u1ea1i \u0111\u1ecba ph\u01b0\u01a1ng nh\u1eb1m gi\u00fap b\u1ea1n t\u00ecm th\u1ea5y hy v\u1ecdng.<\/p>\n\t\t\t\t<img loading=\"lazy\" decoding=\"async\" src=\"https:\/\/211md.org\/wp-content\/uploads\/2021\/05\/Screen-Shot-2021-05-26-at-11.27.40-AM.svg\" alt=\"H\u00ecnh \u1ea3nh c\u1ee7a s\u1ed1 3\" itemprop=\"image\" height=\"149\" width=\"149\" title=\"H\u00ecnh \u1ea3nh c\u1ee7a S\u1ed1 3\" onerror=\"this.style.display='none'\"  \/>\n<h3>T\u00ecm tr\u1ee3 gi\u00fap<\/h3><p>K\u1ebft n\u1ed1i v\u1edbi c\u00e1c ngu\u1ed3n l\u1ef1c \u0111\u1ecba ph\u01b0\u01a1ng b\u1eb1ng c\u00e1ch cho ch\u00fang t\u00f4i bi\u1ebft n\u1ebfu b\u1ea1n \u0111ang t\u00ecm ki\u1ebfm s\u1ef1 gi\u00fap \u0111\u1ee1 cho ch\u00ednh m\u00ecnh, b\u1ea1n b\u00e8 ho\u1eb7c th\u00e0nh vi\u00ean gia \u0111\u00ecnh ho\u1eb7c kh\u00e1ch h\u00e0ng. 211 s\u1ebd g\u1eedi cho b\u1ea1n th\u00f4ng tin b\u1ea1n y\u00eau c\u1ea7u, ch\u1eb3ng h\u1ea1n nh\u01b0 <a href=\"https:\/\/sundown.org\/\" target=\"_blank\" rel=\"noopener\">trung t\u00e2m \u0111i\u1ec1u tr\u1ecb<\/a>, thu\u1ed1c \u0111\u1ea3o ng\u01b0\u1ee3c qu\u00e1 li\u1ec1u, ti\u00eau h\u1ee7y thu\u1ed1c an to\u00e0n ho\u1eb7c h\u1ed7 tr\u1ee3 ph\u00f2ng ng\u1eeba.<\/p>\n<p><strong>B\u1ea1n c\u0169ng c\u00f3 th\u1ec3 k\u1ebft n\u1ed1i v\u1edbi m\u1ed9t ng\u01b0\u1eddi tr\u1ef1c ti\u1ebfp b\u1ea5t c\u1ee9 l\u00fac n\u00e0o.<\/strong><\/p>\n\t<h2>K\u1ebft n\u1ed1i nh\u1eefng ng\u01b0\u1eddi kh\u00e1c v\u1edbi MDHope<\/h2>\n<p>In th\u1ebb ti\u1ebfp c\u1eadn c\u1ed9ng \u0111\u1ed3ng c\u00f3 th\u1ec3 t\u1ea3i xu\u1ed1ng v\u00e0 t\u1edd th\u00f4ng tin \u0111\u1ec3 k\u1ebft n\u1ed1i ng\u01b0\u1eddi d\u00e2n Maryland v\u1edbi ni\u1ec1m hy v\u1ecdng.<\/p>\n\t\t\t\t<a href=\"\/wp-content\/uploads\/2022\/07\/2022-06_211MDHope-OutreachCard_063022_PRINT.pdf\" target=\"_blank\" rel=\"noopener\" itemprop=\"url\">\n\t\t\t\t<img loading=\"lazy\" decoding=\"async\" src=\"https:\/\/211md.org\/wp-content\/uploads\/2022\/07\/MDHope-Outreach-Card-July-2022.jpg\" alt=\"Th\u1ebb ti\u1ebfp c\u1eadn MDHope \u0111\u1ec3 s\u1eed d\u1ee5ng opioid\" itemprop=\"image\" height=\"600\" width=\"1050\" title=\"Th\u1ebb ti\u1ebfp c\u1eadn MDHope th\u00e1ng 7 n\u0103m 2022\" onerror=\"this.style.display='none'\"  \/>\n\t\t\t\t<\/a>\n\t<p><a href=\"\/wp-content\/uploads\/2022\/07\/2022-06_211MDHope-OutreachCard_063022_PRINT.pdf\" target=\"_blank\" rel=\"noopener\"><strong>T\u1ea3i xu\u1ed1ng<\/strong><\/a><\/p>\n\t\t\t\t<a href=\"\/wp-content\/uploads\/2022\/07\/MDHope-Printable-Fact-Sheet-2022.pdf\" target=\"_blank\" rel=\"noopener\" itemprop=\"url\">\n\t\t\t\t<img loading=\"lazy\" decoding=\"async\" src=\"https:\/\/211md.org\/wp-content\/uploads\/2022\/07\/MDHope-Fact-Sheet-scaled.jpg\" alt=\"T\u1edd th\u00f4ng tin MDHope\" itemprop=\"image\" height=\"2560\" width=\"1978\" title=\"T\u1edd th\u00f4ng tin MDHope\" onerror=\"this.style.display='none'\"  \/>\n\t\t\t\t<\/a>\n\t<p><a href=\"\/wp-content\/uploads\/2022\/07\/MDHope-Printable-Fact-Sheet-2022.pdf\" target=\"_blank\" rel=\"noopener\"><strong>T\u1ea3i xu\u1ed1ng<\/strong><\/a><\/p>","protected":false},"excerpt":{"rendered":"<p>C\u00f3 Hy V\u1ecdng N\u1ebfu B\u1ea1n Ho\u1eb7c Ng\u01b0\u1eddi B\u1ea1n Bi\u1ebft S\u1eed D\u1ee5ng Thu\u1ed1c Phi\u1ec7n. Nh\u1eafn tin MDHope \u0111\u1ebfn s\u1ed1 898211. Mi\u1ec5n ph\u00ed v\u00e0 b\u1ea3o m\u1eadt. \u0110\u0103ng k\u00fd ngay C\u00f3 th\u1ec3 \u00e1p d\u1ee5ng c\u01b0\u1edbc tin nh\u1eafn &amp; d\u1eef li\u1ec7u v\u00e0 t\u1ea7n su\u1ea5t tin nh\u1eafn c\u00f3 th\u1ec3 thay \u0111\u1ed5i. \u0110\u1ec3 \u0111\u01b0\u1ee3c Tr\u1ee3 gi\u00fap, h\u00e3y nh\u1eafn tin HELP. \u0110\u1ec3 t\u1eeb ch\u1ed1i, h\u00e3y nh\u1eafn tin STOP \u0111\u1ebfn c\u00f9ng s\u1ed1 \u0111i\u1ec7n tho\u1ea1i. C\u00e1c \u0111i\u1ec1u kho\u1ea3n SMS \u0111\u1ea7y \u0111\u1ee7 t\u1ea1i https:\/\/211md.org\/sms\/ c\u0169ng s\u1ebd \u0111\u01b0\u1ee3c \u00e1p d\u1ee5ng. MDHope ho\u1ea1t \u0111\u1ed9ng nh\u01b0 th\u1ebf n\u00e0o? Nh\u1eafn tin\u2026<\/p>","protected":false},"author":7,"featured_media":3172,"parent":837,"menu_order":0,"comment_status":"closed","ping_status":"closed","template":"","meta":{"footnotes":""},"class_list":["post-3132","page","type-page","status-publish","has-post-thumbnail","hentry"],"_links":{"self":[{"href":"https:\/\/211md.org\/vi\/wp-json\/wp\/v2\/pages\/3132","targetHints":{"allow":["GET"]}}],"collection":[{"href":"https:\/\/211md.org\/vi\/wp-json\/wp\/v2\/pages"}],"about":[{"href":"https:\/\/211md.org\/vi\/wp-json\/wp\/v2\/types\/page"}],"author":[{"embeddable":true,"href":"https:\/\/211md.org\/vi\/wp-json\/wp\/v2\/users\/7"}],"replies":[{"embeddable":true,"href":"https:\/\/211md.org\/vi\/wp-json\/wp\/v2\/comments?post=3132"}],"version-history":[{"count":0,"href":"https:\/\/211md.org\/vi\/wp-json\/wp\/v2\/pages\/3132\/revisions"}],"up":[{"embeddable":true,"href":"https:\/\/211md.org\/vi\/wp-json\/wp\/v2\/pages\/837"}],"wp:featuredmedia":[{"embeddable":true,"href":"https:\/\/211md.org\/vi\/wp-json\/wp\/v2\/media\/3172"}],"wp:attachment":[{"href":"https:\/\/211md.org\/vi\/wp-json\/wp\/v2\/media?parent=3132"}],"curies":[{"name":"wp","href":"https:\/\/api.w.org\/{rel}","templated":true}]}}