{"id":3228,"date":"2022-09-07T10:50:03","date_gmt":"2022-09-07T14:50:03","guid":{"rendered":"https:\/\/211md.org\/?page_id=3228"},"modified":"2026-02-03T15:18:39","modified_gmt":"2026-02-03T20:18:39","slug":"quan-he-ho-hang-2","status":"publish","type":"page","link":"https:\/\/211md.org\/vi\/resources\/children-families\/kinship-navigation\/","title":{"rendered":"\u0110i\u1ec1u h\u01b0\u1edbng quan h\u1ec7 h\u1ecd h\u00e0ng: C\u00e1ch t\u00ecm s\u1ef1 h\u1ed7 tr\u1ee3 v\u00e0 v\u01b0\u1ee3t qua th\u1eed th\u00e1ch"},"content":{"rendered":"<figure data-animation-delay=\"0\" data-animation-duration=\"1\" itemscope itemtype=\"https:\/\/schema.org\/ImageObject\">\n\t\t\t\t<img decoding=\"async\" src=\"https:\/\/stg-maryland211-staging.kinsta.cloud\/wp-content\/uploads\/2025\/08\/5-1-scaled.png\" alt=\"5\" height=\"692\" width=\"2560\" title=\"5\" onerror=\"this.style.display='none'\" loading=\"lazy\" \/>\n\t<\/figure>\n\t\t<p>Kinship care provides stability, safety, and support for children in a familiar environment. In Maryland, kinship navigation services can help families access benefits and support and manage any challenges.<\/p>\n<p>Search for kinship navigation programs, or continue reading about ways to get support.<\/p>\n\t\t\t<a href=\"https:\/\/search.211md.org\/search?query=PH-2400.4000&#038;query_label=Kinship%20Navigator%20Programs&#038;query_type=taxonomy\"  target=\"_blank\" rel=\"noopener\">\n\t\t\t\t\t\tSearch for kinship navigation programs\n\t\t\t\t\t<\/a>\n<figure data-animation-delay=\"0\" data-animation-duration=\"1\" itemscope itemtype=\"https:\/\/schema.org\/ImageObject\">\n\t\t\t\t<img decoding=\"async\" src=\"https:\/\/211md.org\/wp-content\/plugins\/bb-plugin\/img\/pixel.png\" alt=\"\" onerror=\"this.style.display='none'\" loading=\"lazy\" \/>\n\t<\/figure>\n<figure data-animation-delay=\"0\" data-animation-duration=\"1.3\" itemscope itemtype=\"https:\/\/schema.org\/ImageObject\">\n\t\t\t\t<img decoding=\"async\" src=\"https:\/\/stg-maryland211-staging.kinsta.cloud\/wp-content\/uploads\/2025\/08\/16.png\" alt=\"16\" height=\"1000\" width=\"1000\" title=\"16\" onerror=\"this.style.display='none'\" loading=\"lazy\" \/>\n\t<\/figure>\n\t<p><a href=\"#start\">How kinship works<\/a>\u00a0 \u00a0| <a href=\"#resources\">Get help navigating kinship<\/a>\u00a0| <a href=\"#family\">Family dynamics<\/a><\/p>\n<figure data-animation-delay=\"0\" data-animation-duration=\"1\" itemscope itemtype=\"https:\/\/schema.org\/ImageObject\">\n\t\t\t\t<img decoding=\"async\" src=\"http:\/\/211md.org\/wp-content\/uploads\/2022\/09\/diverse-group-of-children-playing.jpg\" alt=\"nh\u00f3m tr\u1ebb em ch\u01a1i \u0111a d\u1ea1ng\" title=\"\u0111a-nh\u00f3m-tr\u1ebb-ch\u01a1i\" onerror=\"this.style.display='none'\" loading=\"lazy\" \/>\n\t<\/figure>\n\t<h2>How does kinship work?<\/h2>\n<p>Many families are kinship caregivers and don&#8217;t even know it, because it was at the request of the parent due to a serious hardship. So, it&#8217;s an informal and temporary arrangement.<\/p>\n<p>Kinship caregivers provide 24\/7 care in the home of a relative or family by choice (non-relative). This keeps kids connected to their culture and community.<\/p>\n<p>The child may be placed in a caregiver&#8217;s home:<\/p>\n<ul>\n<li>at the request of the local Department of Social Services or<\/li>\n<li>through an informal request from the child&#8217;s parent if they encounter a serious hardship<\/li>\n<\/ul>\n<p>Kinship caregivers partner with the child and their biological parent.<\/p>\n<p>That new relationship can challenge family dynamics and impact the child, parent, and the caregiver&#8217;s family.<\/p>\n<p>While the 24\/7 care is supposed to be temporary, sometimes the kinship caregiver becomes part of the permanent solution by adopting the child or becoming their legal guardian.<\/p>\n<p>Kinship navigators can help caregivers navigate the process and connect them to available resources and benefits. Nationally, kinship caregivers underutilize available benefits, often because they don&#8217;t know they are a kinship caregiver or that resources and benefits exist.<\/p>\n\t\t<h3>Get Kinship Text Messages<\/h3>\n\t\t<p>Sign up for MDKinCares and learn about resources, programs, and get encouraging messages of support.<\/p>\n\t\t\t<a href=\"sms:\/\/898-211;?&#038;body=MDKinCares\"  target=\"_self\">\n\t\t\t\t\t\tSo\u1ea1n tin MDKinCares g\u1eedi 898211\n\t\t\t\t\t<\/a>\n\t\t<h3>Kinship Navigation Help<\/h3>\n\t\t<p>Trina Townsend cared for her niece and nephew when they were teenagers. She thought of herself as an &#8220;aunt&#8221; before learning about the available benefits.<\/p>\n<p>Trina Townsend, now the Kinship Program Specialist, joined the &#8220;What&#8217;s the 211?&#8221; podcast to discuss what it&#8217;s like to be a kinship provider.<\/p>\n<p>She went from being a single-parent family of two to a family of five. She remembers the challenges and concerns, hoping she could financially care for the children while also supporting their needs and those of her sister.<\/p>\n<p>Now educating families and connecting them to support, Trina is a resource for all kinship families.<\/p>\n\t\t\t<a href=\"https:\/\/211md.org\/vi\/tep-am-thanh\/dhs-kinship-caregivers\/\"  target=\"_blank\" rel=\"noopener\">\n\t\t\t\t\t\t\tListen to the podcast\n\t\t\t<\/a>\n\t\t<h3>What Benefits Are Available?<\/h3>\n\t\t<p>Kinship navigators are available to help families navigate assistance programs.<\/p>\n<p>You can dial 211 and get connected to a kinship navigator. They are knowledgeable about kinship benefits and community resources that can offer support.<\/p>\n<p>The child may be eligible for:<\/p>\n<ul>\n<li>Temporary Cash Assistance\/Child Only Grant<\/li>\n<li>food stamps\/Supplemental Nutrition Assistance Program<\/li>\n<li>child care<\/li>\n<li>b\u1ea3o hi\u1ec3m y t\u1ebf<\/li>\n<li>h\u1ed7 tr\u1ee3 ti\u1ec7n \u00edch<\/li>\n<li>Social Security benefits<\/li>\n<\/ul>\n<p>Learn about each of these benefit programs in 211&#8217;s Kinship 101 Guide.<\/p>\n\t\t\t<a href=\"https:\/\/211md.org\/vi\/tai-nguyen\/gia-dinh-tre-em\/quan-he-ho-hang\/\"  target=\"_blank\" rel=\"noopener\">\n\t\t\t\t\t\t\tLearn About Kinship Benefits\n\t\t\t\t\t<\/a>\n\t\t<figure itemscope itemtype=\"https:\/\/schema.org\/ImageObject\">\n\t\t\t\t<img decoding=\"async\" src=\"http:\/\/211md.org\/wp-content\/uploads\/2025\/08\/2025_MdInfoNet_Icon-Sets_Access-Information.png\" alt=\"information icon\" title=\"2025_MdInfoNet_Icon-Sets_Access-Information\" onerror=\"this.style.display='none'\" loading=\"lazy\" \/>\n\t<\/figure>\n<h2>Information for Kinship Families<\/h2><p>211 Maryland can connect kinship families to information and resources to address essential needs. Dial 211 to talk with someone.<\/p>\n\t\t\t<a href=\"https:\/\/211md.org\/vi\/tai-nguyen\/nha-o\/\"  target=\"_self\">\n\t\t\t\t\t\tnh\u00e0 \u1edf\n\t\t\t\t\t<\/a>\n\t\t\t<a href=\"https:\/\/211md.org\/vi\/tai-nguyen\/su-dung-chat-kich-thich\/\"  target=\"_self\">\n\t\t\t\t\t\t\u0110\u1ed3 \u0103n\n\t\t\t\t\t<\/a>\n\t\t\t<a href=\"https:\/\/211md.org\/vi\/tai-nguyen\/suc-khoe-tinh-than\/\"  target=\"_self\">\n\t\t\t\t\t\tS\u1ee9c kh\u1ecfe tinh th\u1ea7n\n\t\t\t\t\t<\/a>\n\t\t\t<a href=\"https:\/\/211md.org\/vi\/tai-nguyen\/dich-vu-phap-ly\/\"  target=\"_self\">\n\t\t\t\t\t\tH\u1ee3p ph\u00e1p\n\t\t\t\t\t<\/a>\n\t\t\t<a href=\"https:\/\/211md.org\/vi\/tai-nguyen\/ho-tro-tien-ich\/\"  target=\"_self\">\n\t\t\t\t\t\tTi\u1ec7n \u00edch\n\t\t\t\t\t<\/a>\n\t\t\t<a href=\"https:\/\/211md.org\/vi\/tai-nguyen\/cham-soc-suc-khoe\/\"  target=\"_self\">\n\t\t\t\t\t\tCh\u0103m s\u00f3c s\u1ee9c kh\u1ecfe\n\t\t\t\t\t<\/a>\n<figure itemscope itemtype=\"https:\/\/schema.org\/ImageObject\">\n\t\t\t\t<img decoding=\"async\" src=\"https:\/\/211md.org\/wp-content\/plugins\/bb-plugin\/img\/pixel.png\" alt=\"\" onerror=\"this.style.display='none'\" loading=\"lazy\" \/>\n\t<\/figure>\n<figure data-animation-delay=\"0\" data-animation-duration=\"1\" itemscope itemtype=\"https:\/\/schema.org\/ImageObject\">\n\t\t\t\t<img decoding=\"async\" src=\"http:\/\/211md.org\/wp-content\/uploads\/2025\/10\/two-brothers-talking-about-life-on-couch-with-basketball.jpg\" alt=\"two brothers talking about life\" title=\"hai anh em n\u00f3i v\u1ec1 cu\u1ed9c s\u1ed1ng tr\u00ean gh\u1ebf d\u00e0i v\u1edbi b\u00f3ng r\u1ed5\" onerror=\"this.style.display='none'\" loading=\"lazy\" \/>\n\t<\/figure>\n\t<h2>Community Resources for Kinship Caregivers<\/h2>\n<p>Kinship caregivers keep children connected to family and culture, so it can be a very positive experience. Connect with resources and support to navigate kinship.<\/p>\n<p>Community organizations throughout Maryland are available to help.<\/p>\n<h3>Virtual and Home Visits<\/h3>\n<p>In Prince George&#8217;s County, you can contact the <a href=\"https:\/\/progressivelifecenter.org\/kinship-care\/\" target=\"_blank\" rel=\"noopener\">Trung t\u00e2m \u0110\u1eddi s\u1ed1ng Ti\u1ebfn b\u1ed9<\/a>, a private care organization that provides kinship support. Virtual and home visits are available for emotional support, guidance, and they also provide access to counseling and financial assistance.<\/p>\n<h3>Video training<\/h3>\n<p>C\u00e1c\u00a0<a href=\"https:\/\/capacity.childwelfare.gov\/states\/topics\/foster-care-permanency\/kinship-care-series\/videos\" target=\"_blank\" rel=\"noopener\">Trung t\u00e2m h\u1ee3p t\u00e1c n\u00e2ng cao n\u0103ng l\u1ef1c ph\u00fac l\u1ee3i tr\u1ebb em<\/a> video series helps families learn from others who have overcome kinship challenges for the benefit and well-being of the child.<\/p>\n<p>C\u00e1c <a href=\"https:\/\/www.aecf.org\/blog\/training-series-coping-with-the-unique-challenges-of-kinship-care\" target=\"_blank\" rel=\"noopener\">Annie E. Casey Foundation<\/a> offers a training series with tips to help with feelings of loss and ambivalence when a relative comes to live with you. The training series also tackles important themes like guilt, hope, and denial.<\/p>\n\t\t<iframe loading=\"lazy\" width=\"560\" height=\"315\" src=\"https:\/\/www.youtube.com\/embed\/DhFC9VbK9l8\" title=\"tr\u00ecnh ph\u00e1t video YouTube\" frameborder=\"0\" allow=\"accelerometer; autoplay; clipboard-write; encrypted-media; gyroscope; picture-in-picture\" allowfullscreen><\/iframe>\t\n\t\t<iframe loading=\"lazy\" width=\"560\" height=\"315\" src=\"https:\/\/www.youtube.com\/embed\/nmaZ9x-8yf4\" title=\"tr\u00ecnh ph\u00e1t video YouTube\" frameborder=\"0\" allow=\"accelerometer; autoplay; clipboard-write; encrypted-media; gyroscope; picture-in-picture\" allowfullscreen><\/iframe>\t\n<h2>V\u1ecb tr\u00ed c\u1ed1 \u0111\u1ecbnh<\/h2>\n<p>While kinship care is temporary, the placement with a kinship caregiver can last longer than expected. Kinship caregivers should plan for that possibility.<\/p>\n<p>Local kinship navigator can also help to find a path forward, temporarily and permanently, for the child.<\/p>\n<p>If the child is in foster care, the Department of Social Services will work to find a permanent solution. If the child can&#8217;t return to their biological parents, the kinship caregiver can become the permanent legal guardian through adoption, legal custody, or guardianship.<\/p>\n<figure itemscope itemtype=\"https:\/\/schema.org\/ImageObject\">\n\t\t\t\t<img decoding=\"async\" src=\"https:\/\/211md.org\/wp-content\/plugins\/bb-plugin\/img\/pixel.png\" alt=\"\" onerror=\"this.style.display='none'\" loading=\"lazy\" \/>\n\t<\/figure>\n\t\t<figure itemscope itemtype=\"https:\/\/schema.org\/ImageObject\">\n\t\t\t\t<img decoding=\"async\" src=\"https:\/\/211md.org\/wp-content\/uploads\/bb-plugin\/cache\/Call-center-specialst-circle-4e9ecd7b3425be4576416abc911049bb-.jpg\" alt=\"Chuy\u00ean gia trung t\u00e2m cu\u1ed9c g\u1ecdi\" title=\"Trung t\u00e2m cu\u1ed9c g\u1ecdi \u0111\u1eb7c bi\u1ec7t\" onerror=\"this.style.display='none'\" loading=\"lazy\" \/>\n\t<\/figure>\n<h2>Quay s\u1ed1 211<\/h2><p>H\u00e3y tr\u00f2 chuy\u1ec7n v\u1edbi m\u1ed9t ng\u01b0\u1eddi chu \u0111\u00e1o v\u00e0 gi\u00e0u l\u00f2ng tr\u1eafc \u1ea9n 24\/7. H\u1ecd c\u0169ng c\u00f3 th\u1ec3 k\u1ebft n\u1ed1i b\u1ea1n v\u1edbi c\u00e1c ngu\u1ed3n l\u1ef1c.\u00a0<\/p>\n\t\t\t<a href=\"tel:%20+211\"  target=\"_blank\" rel=\"noopener\">\n\t\t\t\t\t\tQuay s\u1ed1 211 (di \u0111\u1ed9ng)\n\t\t\t\t\t<\/a>\n<figure itemscope itemtype=\"https:\/\/schema.org\/ImageObject\">\n\t\t\t\t<img decoding=\"async\" src=\"http:\/\/211md.org\/wp-content\/uploads\/2025\/10\/Dad-texting-on-phone-with-baby-in-hands.jpg\" alt=\"\u00d4ng b\u1ed1 nh\u1eafn tin tr\u00ean \u0111i\u1ec7n tho\u1ea1i khi b\u1ebf em b\u00e9 tr\u00ean tay\" title=\"\u00d4ng b\u1ed1 nh\u1eafn tin tr\u00ean \u0111i\u1ec7n tho\u1ea1i khi b\u1ebf em b\u00e9 tr\u00ean tay\" onerror=\"this.style.display='none'\" loading=\"lazy\" \/>\n\t<\/figure>\n<h2><strong>Navigating Challenges: Family Dynamics<\/strong><\/h2>\n<p>Depending on the circumstances leading up to the temporary living arrangement, kinship may challenge family dynamics.<\/p>\n<p>This can include the child, kinship caregiver, and biological parent(s).<\/p>\n<ul>\n<li>The child may need support managing stress or help to heal from trauma.<\/li>\n<li>The living arrangement can interrupt the caregiver&#8217;s plans, priorities, and privacy.<\/li>\n<li>Cha m\u1eb9 v\u00e0 ng\u01b0\u1eddi ch\u0103m s\u00f3c c\u00f3 th\u1ec3 ph\u1ea3i \u0111\u1ed1i m\u1eb7t v\u1edbi nh\u1eefng c\u1ea3m gi\u00e1c kh\u00f3 kh\u0103n nh\u01b0 c\u1ea3m gi\u00e1c t\u1ed9i l\u1ed7i, x\u1ea5u h\u1ed5, t\u1ee9c gi\u1eadn, kh\u00f4ng tin t\u01b0\u1edfng, o\u00e1n gi\u1eadn v\u00e0 m\u1ea5t m\u00e1t.<\/li>\n<\/ul>\n<p>It can also erode trust within the family. The biological parent may have to earn back the relative&#8217;s trust to once again care for the child.<\/p>\n<p>Both the parent and kinship caregiver may also find it challenging to respect boundaries, as these are new or have changed.<\/p>\n<p>The caregiver should help the parent find the support they need to heal, with the ultimate goal of returning the child to the parent&#8217;s care when possible.<\/p>\n\t<h3>What can you do?<\/h3>\n<p>As the kinship caregiver, you should be prepared to help the parent get the therapy, counseling, or support they need.<\/p>\n<p>Cha m\u1eb9 v\u00e0 ng\u01b0\u1eddi ch\u0103m s\u00f3c c\u00f3 quan h\u1ec7 h\u1ecd h\u00e0ng \u0111\u01b0\u1ee3c khuy\u1ebfn kh\u00edch:<\/p>\n<ul>\n<li>L\u1eafng nghe v\u00e0 h\u1ed7 tr\u1ee3 l\u1eabn nhau.<\/li>\n<li>H\u00e3y trung th\u1ef1c v\u1ec1 nhu c\u1ea7u v\u00e0 m\u1ed1i quan t\u00e2m.<\/li>\n<li>Th\u1ec3 hi\u1ec7n s\u1ef1 \u0111\u1ed3ng c\u1ea3m tr\u01b0\u1edbc nh\u1eefng th\u1eed th\u00e1ch c\u1ee7a nhau.<\/li>\n<li>Th\u1eeba nh\u1eadn nh\u1eefng kh\u00f3 kh\u0103n cho t\u1ea5t c\u1ea3 nh\u1eefng ng\u01b0\u1eddi li\u00ean quan.<\/li>\n<\/ul>\n<p>Also, dial 211 and talk to a trained professional who can help connect you to kinship resources and community support.<\/p>\n<h2>\n\t\t\tOther Resources for Kinship Families\t<\/h2>\n\t\t<figure itemscope itemtype=\"https:\/\/schema.org\/ImageObject\">\n\t\t\t\t<a href=\"https:\/\/search.211md.org\/\" target=\"_blank\" rel=\"noopener\" itemprop=\"url\">\n\t\t\t\t<img decoding=\"async\" src=\"https:\/\/stg-maryland211-staging.kinsta.cloud\/wp-content\/uploads\/2025\/08\/2025_MdInfoNet_Icon-Sets-white_Locate.png\" alt=\"\" onerror=\"this.style.display='none'\" loading=\"lazy\" \/>\n\t\t\t\t<\/a>\n\t<\/figure>\n<h2><a href=\"https:\/\/search.211md.org\/\" target=\"_blank\" rel=\"noopener\">T\u00ecm t\u00e0i nguy\u00ean ngay<\/a><\/h2><p>T\u00ecm th\u1ea5y <strong>t\u00e0i nguy\u00ean c\u1ed9ng \u0111\u1ed3ng <\/strong>\u0111\u1ec3 t\u00ecm ki\u1ebfm th\u1ef1c ph\u1ea9m, ch\u0103m s\u00f3c s\u1ee9c kh\u1ecfe, nh\u00e0 \u1edf v\u00e0 nhi\u1ec1u th\u00f4ng tin kh\u00e1c trong c\u01a1 s\u1edf d\u1eef li\u1ec7u c\u1ee7a ch\u00fang t\u00f4i. T\u00ecm ki\u1ebfm theo m\u00e3 ZIP.<\/p>\n\t\t\t<a href=\"https:\/\/search.211md.org\/\" target=\"_blank\" rel=\"noopener\">\n\t\t\t\t\t\t\tT\u00ecm ki\u1ebfm ngay b\u00e2y gi\u1edd\n\t\t\t<\/a>\n\t\t<h4><a href=\"\/vi\/tai-nguyen\/lao-hoa-khuyet-tat\/?utm_source=Home&#038;utm_medium=Referral&#038;utm_campaign=211Resources&#038;utm_content=Aging\" target=\"_self\">L\u00e3o h\u00f3a &amp; Khuy\u1ebft t\u1eadt<\/a><\/h4><figure itemscope itemtype=\"https:\/\/schema.org\/ImageObject\">\n\t\t\t\t<a href=\"\/vi\/tai-nguyen\/lao-hoa-khuyet-tat\/?utm_source=Home&#038;utm_medium=Referral&#038;utm_campaign=211Resources&#038;utm_content=Aging\"  target=\"_self\" itemprop=\"url\">\n\t\t\t\t<img decoding=\"async\" src=\"https:\/\/211md.org\/wp-content\/uploads\/bb-plugin\/cache\/2025_MdInfoNet_Icon-Sets_Aging-disability-square-c466727102cae71e5f27b8539bb51945-.png\" alt=\"\" onerror=\"this.style.display='none'\" loading=\"lazy\" \/>\n\t\t\t\t<\/a>\n\t<\/figure>\n\t\t<h4><a href=\"\/vi\/tai-nguyen\/gia-dinh-tre-em\/?utm_source=Home&#038;utm_medium=Referral&#038;utm_campaign=211Resources&#038;utm_content=Children\" target=\"_self\">Tr\u1ebb em &amp; Gia \u0111\u00ecnh<\/a><\/h4><figure itemscope itemtype=\"https:\/\/schema.org\/ImageObject\">\n\t\t\t\t<a href=\"\/vi\/tai-nguyen\/gia-dinh-tre-em\/?utm_source=Home&#038;utm_medium=Referral&#038;utm_campaign=211Resources&#038;utm_content=Children\"  target=\"_self\" itemprop=\"url\">\n\t\t\t\t<img decoding=\"async\" src=\"https:\/\/211md.org\/wp-content\/uploads\/bb-plugin\/cache\/2025_211_Icon-Sets_Child-care-square-f3b0d4edab3dcc467fadb5f55f4064c6-.png\" alt=\"parent and child icon for child care\" height=\"417\" width=\"417\" title=\"2025_211_B\u1ed9 bi\u1ec3u t\u01b0\u1ee3ng_Ch\u0103m s\u00f3c tr\u1ebb em\" onerror=\"this.style.display='none'\" loading=\"lazy\" \/>\n\t\t\t\t<\/a>\n\t<\/figure>\n\t\t<h4><a href=\"\/vi\/tai-nguyen\/gia-dinh-bao-luc\/?utm_source=Home&#038;utm_medium=Referral&#038;utm_campaign=211Resources&#038;utm_content=Domestic\" target=\"_self\">B\u1ea1o l\u1ef1c gia \u0111\u00ecnh<\/a><\/h4><figure itemscope itemtype=\"https:\/\/schema.org\/ImageObject\">\n\t\t\t\t<a href=\"\/vi\/tai-nguyen\/gia-dinh-bao-luc\/?utm_source=Home&#038;utm_medium=Referral&#038;utm_campaign=211Resources&#038;utm_content=Domestic\"  target=\"_self\" itemprop=\"url\">\n\t\t\t\t<img decoding=\"async\" src=\"https:\/\/211md.org\/wp-content\/uploads\/bb-plugin\/cache\/2025_211_Icon-Sets_Domestic-Violence-square-7b597694a6f05fe90cdc376aa573bc63-.png\" alt=\"House with a heart in the middle icon\" height=\"417\" width=\"417\" title=\"2025_211_B\u1ed9 bi\u1ec3u t\u01b0\u1ee3ng_B\u1ea1o l\u1ef1c gia \u0111\u00ecnh\" onerror=\"this.style.display='none'\" loading=\"lazy\" \/>\n\t\t\t\t<\/a>\n\t<\/figure>\n\t\t<h4><a href=\"\/vi\/tai-nguyen\/tim-kiem-viec-lam\/?utm_source=Home&#038;utm_medium=Referral&#038;utm_campaign=211Resources&#038;utm_content=Employment\" target=\"_self\">Thu\u00ea ng\u01b0\u1eddi l\u00e0m<\/a><\/h4><figure itemscope itemtype=\"https:\/\/schema.org\/ImageObject\">\n\t\t\t\t<a href=\"\/vi\/tai-nguyen\/tim-kiem-viec-lam\/?utm_source=Home&#038;utm_medium=Referral&#038;utm_campaign=211Resources&#038;utm_content=Employment\"  target=\"_self\" itemprop=\"url\">\n\t\t\t\t<img decoding=\"async\" src=\"https:\/\/211md.org\/wp-content\/uploads\/bb-plugin\/cache\/2025_MdInfoNet_Icon-Sets_Employment-square-44707bd410e4df10a470bf130ebcea86-.png\" alt=\"\" onerror=\"this.style.display='none'\" loading=\"lazy\" \/>\n\t\t\t\t<\/a>\n\t<\/figure>\n\t\t<h4><a href=\"\/vi\/tai-nguyen\/cham-soc-suc-khoe\/?utm_source=Home&#038;utm_medium=Referral&#038;utm_campaign=211Resources&#038;utm_content=Health%20Care\" target=\"_self\">Ch\u0103m s\u00f3c s\u1ee9c kh\u1ecfe<\/a><\/h4><figure itemscope itemtype=\"https:\/\/schema.org\/ImageObject\">\n\t\t\t\t<a href=\"\/vi\/tai-nguyen\/cham-soc-suc-khoe\/?utm_source=Home&#038;utm_medium=Referral&#038;utm_campaign=211Resources&#038;utm_content=Health%20Care\"  target=\"_self\" itemprop=\"url\">\n\t\t\t\t<img decoding=\"async\" src=\"https:\/\/211md.org\/wp-content\/uploads\/bb-plugin\/cache\/2025_MdInfoNet_Icon-Sets_Health-Care-square-dee98a0060cbe0e7f27eda253fc12679-.png\" alt=\"\" onerror=\"this.style.display='none'\" loading=\"lazy\" \/>\n\t\t\t\t<\/a>\n\t<\/figure>\n\t\t<h4><a href=\"\/vi\/tai-nguyen\/gia-dinh-tre-em\/quan-he-ho-hang\/?utm_source=Home&#038;utm_medium=Referral&#038;utm_campaign=211Resources&#038;utm_content=Kinship\" target=\"_self\">h\u1ecd h\u00e0ng<\/a><\/h4><figure itemscope itemtype=\"https:\/\/schema.org\/ImageObject\">\n\t\t\t\t<a href=\"\/vi\/tai-nguyen\/gia-dinh-tre-em\/quan-he-ho-hang\/?utm_source=Home&#038;utm_medium=Referral&#038;utm_campaign=211Resources&#038;utm_content=Kinship\"  target=\"_self\" itemprop=\"url\">\n\t\t\t\t<img decoding=\"async\" src=\"https:\/\/211md.org\/wp-content\/uploads\/bb-plugin\/cache\/2025_211_Icon-Sets_Kinship-square-45bdf872866f5735f842c32071109267-.png\" alt=\"Bi\u1ec3u t\u01b0\u1ee3ng h\u1ecd h\u00e0ng\" height=\"417\" width=\"417\" title=\"2025_211_B\u1ed9 bi\u1ec3u t\u01b0\u1ee3ng_Quan h\u1ec7 h\u1ecd h\u00e0ng\" onerror=\"this.style.display='none'\" loading=\"lazy\" \/>\n\t\t\t\t<\/a>\n\t<\/figure>\n\t\t<h4><a href=\"\/vi\/tai-nguyen\/dich-vu-phap-ly\/?utm_source=Home&#038;utm_medium=Referral&#038;utm_campaign=211Resources&#038;utm_content=Legal\" target=\"_self\">D\u1ecbch v\u1ee5 ph\u00e1p l\u00fd<\/a><\/h4><figure itemscope itemtype=\"https:\/\/schema.org\/ImageObject\">\n\t\t\t\t<a href=\"\/vi\/tai-nguyen\/dich-vu-phap-ly\/?utm_source=Home&#038;utm_medium=Referral&#038;utm_campaign=211Resources&#038;utm_content=Legal\"  target=\"_self\" itemprop=\"url\">\n\t\t\t\t<img decoding=\"async\" src=\"https:\/\/211md.org\/wp-content\/uploads\/bb-plugin\/cache\/2025_MdInfoNet_Icon-Sets_Legal-square-18fdf438feb8435588174d9046463257-.png\" alt=\"\" onerror=\"this.style.display='none'\" loading=\"lazy\" \/>\n\t\t\t\t<\/a>\n\t<\/figure>\n\t\t<h4><a href=\"\/vi\/tai-nguyen\/suc-khoe-tinh-than\/?utm_source=Home&#038;utm_medium=Referral&#038;utm_campaign=211Resources&#038;utm_content=Mental\" target=\"_self\">S\u1ee9c kh\u1ecfe tinh th\u1ea7n<\/a><\/h4><figure itemscope itemtype=\"https:\/\/schema.org\/ImageObject\">\n\t\t\t\t<a href=\"\/vi\/tai-nguyen\/suc-khoe-tinh-than\/?utm_source=Home&#038;utm_medium=Referral&#038;utm_campaign=211Resources&#038;utm_content=Mental\"  target=\"_self\" itemprop=\"url\">\n\t\t\t\t<img decoding=\"async\" src=\"https:\/\/211md.org\/wp-content\/uploads\/bb-plugin\/cache\/2025_MdInfoNet_Icon-Sets_Mental-Health-square-c59b38c4a993a947d4c9280fbe2d2fee-.png\" alt=\"\" onerror=\"this.style.display='none'\" loading=\"lazy\" \/>\n\t\t\t\t<\/a>\n\t<\/figure>\n\t\t<h4><a href=\"\/vi\/tai-nguyen\/mdreentry\/?utm_source=Home&#038;utm_medium=Referral&#038;utm_campaign=211Resources&#038;utm_content=Reentry\" target=\"_self\">V\u00e0o l\u1ea1i<\/a><\/h4><figure itemscope itemtype=\"https:\/\/schema.org\/ImageObject\">\n\t\t\t\t<a href=\"\/vi\/tai-nguyen\/mdreentry\/?utm_source=Home&#038;utm_medium=Referral&#038;utm_campaign=211Resources&#038;utm_content=Reentry\"  target=\"_self\" itemprop=\"url\">\n\t\t\t\t<img decoding=\"async\" src=\"https:\/\/211md.org\/wp-content\/uploads\/bb-plugin\/cache\/2025_211_Icon-Sets_Reentry-square-8676fea38abd920a832f45642fe31cca-.png\" alt=\"Bi\u1ec3u t\u01b0\u1ee3ng nh\u1eadp l\u1ea1i\" height=\"417\" width=\"417\" title=\"2025_211_B\u1ed9 bi\u1ec3u t\u01b0\u1ee3ng_Nh\u1eadp l\u1ea1i\" onerror=\"this.style.display='none'\" loading=\"lazy\" \/>\n\t\t\t\t<\/a>\n\t<\/figure>\n\t\t<h4><a href=\"\/vi\/tai-nguyen\/su-dung-chat-kich-thich\/?utm_source=Home&#038;utm_medium=Referral&#038;utm_campaign=211Resources&#038;utm_content=Substance\" target=\"_self\">S\u1eed d\u1ee5ng ch\u1ea5t k\u00edch th\u00edch<\/a><\/h4><figure itemscope itemtype=\"https:\/\/schema.org\/ImageObject\">\n\t\t\t\t<a href=\"\/vi\/tai-nguyen\/su-dung-chat-kich-thich\/?utm_source=Home&#038;utm_medium=Referral&#038;utm_campaign=211Resources&#038;utm_content=Substance\"  target=\"_self\" itemprop=\"url\">\n\t\t\t\t<img decoding=\"async\" src=\"https:\/\/211md.org\/wp-content\/uploads\/bb-plugin\/cache\/2025_MdInfoNet_Icon-Sets_Substance-Abuse-square-9022fec9d18a64118ad685c101885b55-.png\" alt=\"\" onerror=\"this.style.display='none'\" loading=\"lazy\" \/>\n\t\t\t\t<\/a>\n\t<\/figure>\n\t\t<h4><a href=\"\/vi\/tai-nguyen\/cuu-chien-binh\/?utm_source=Home&#038;utm_medium=Referral&#038;utm_campaign=211Resources&#038;utm_content=Veterans\" target=\"_self\">c\u1ef1u chi\u1ebfn binh<\/a><\/h4><figure itemscope itemtype=\"https:\/\/schema.org\/ImageObject\">\n\t\t\t\t<a href=\"\/vi\/tai-nguyen\/cuu-chien-binh\/?utm_source=Home&#038;utm_medium=Referral&#038;utm_campaign=211Resources&#038;utm_content=Veterans\"  target=\"_self\" itemprop=\"url\">\n\t\t\t\t<img decoding=\"async\" src=\"https:\/\/211md.org\/wp-content\/uploads\/bb-plugin\/cache\/2025_MdInfoNet_Icon-Sets_Rating-square-6e60d00cce4faa8e0a6d4ad7366aa733-.png\" alt=\"\" onerror=\"this.style.display='none'\" loading=\"lazy\" \/>\n\t\t\t\t<\/a>\n\t<\/figure>","protected":false},"excerpt":{"rendered":"<p>Kinship care provides stability, safety, and support for children in a familiar environment. In Maryland, kinship navigation services can help families access benefits and support and manage any challenges. Search for kinship navigation programs, or continue reading about ways to get support. Search for kinship navigation programs How kinship works\u00a0 \u00a0| Get help navigating kinship\u00a0|&hellip;<\/p>","protected":false},"author":7,"featured_media":3226,"parent":839,"menu_order":0,"comment_status":"closed","ping_status":"closed","template":"","meta":{"footnotes":""},"class_list":["post-3228","page","type-page","status-publish","has-post-thumbnail","hentry"],"_links":{"self":[{"href":"https:\/\/211md.org\/vi\/wp-json\/wp\/v2\/pages\/3228","targetHints":{"allow":["GET"]}}],"collection":[{"href":"https:\/\/211md.org\/vi\/wp-json\/wp\/v2\/pages"}],"about":[{"href":"https:\/\/211md.org\/vi\/wp-json\/wp\/v2\/types\/page"}],"author":[{"embeddable":true,"href":"https:\/\/211md.org\/vi\/wp-json\/wp\/v2\/users\/7"}],"replies":[{"embeddable":true,"href":"https:\/\/211md.org\/vi\/wp-json\/wp\/v2\/comments?post=3228"}],"version-history":[{"count":2,"href":"https:\/\/211md.org\/vi\/wp-json\/wp\/v2\/pages\/3228\/revisions"}],"predecessor-version":[{"id":33980,"href":"https:\/\/211md.org\/vi\/wp-json\/wp\/v2\/pages\/3228\/revisions\/33980"}],"up":[{"embeddable":true,"href":"https:\/\/211md.org\/vi\/wp-json\/wp\/v2\/pages\/839"}],"wp:featuredmedia":[{"embeddable":true,"href":"https:\/\/211md.org\/vi\/wp-json\/wp\/v2\/media\/3226"}],"wp:attachment":[{"href":"https:\/\/211md.org\/vi\/wp-json\/wp\/v2\/media?parent=3228"}],"curies":[{"name":"wp","href":"https:\/\/api.w.org\/{rel}","templated":true}]}}