{"id":3548,"date":"2022-12-08T16:56:09","date_gmt":"2022-12-08T21:56:09","guid":{"rendered":"https:\/\/211md.org\/?page_id=3548"},"modified":"2025-06-04T12:53:17","modified_gmt":"2025-06-04T16:53:17","slug":"tin-nhan","status":"publish","type":"page","link":"https:\/\/211md.org\/vi\/sms\/","title":{"rendered":"C\u1ea3nh b\u00e1o b\u1eb1ng tin nh\u1eafn v\u0103n b\u1ea3n \u0110i\u1ec1u kho\u1ea3n v\u00e0 \u0111i\u1ec1u ki\u1ec7n"},"content":{"rendered":"<p><strong>Ng\u00e0y c\u00f3 hi\u1ec7u l\u1ef1c: 19 th\u00e1ng 12 n\u0103m 2022<\/strong><\/p>\n<p>C\u00e1c \u0110i\u1ec1u kho\u1ea3n v\u00e0 \u0110i\u1ec1u ki\u1ec7n c\u1ee7a d\u1ecbch v\u1ee5 tin nh\u1eafn ng\u1eafn (SMS) n\u00e0y (\u201c\u0110i\u1ec1u kho\u1ea3n SMS\u201d) \u00e1p d\u1ee5ng cho tin nh\u1eafn v\u0103n b\u1ea3n v\u00e0 email \u0111\u01b0\u1ee3c cung c\u1ea5p b\u1edfi Maryland Information Network 2-1-1 Maryland, Inc. (211 Maryland) (tin nh\u1eafn v\u0103n b\u1ea3n v\u00e0 email \u0111\u00f3 \u0111\u01b0\u1ee3c \u0111\u1ec1 c\u1eadp \u0111\u1ebfn th\u00e0nh \u201cC\u1ea3nh b\u00e1o tin nh\u1eafn v\u0103n b\u1ea3n\u201d). B\u1ea0N C\u1ea6N XEM L\u1ea0I C\u00c1C \u0110I\u1ec0U KHO\u1ea2N SMS N\u00c0Y TR\u01af\u1edaC KHI \u0110\u0102NG K\u00dd B\u1ea4T K\u1ef2 D\u1ecaCH V\u1ee4 TIN NH\u1eaeN V\u0102N B\u1ea2N N\u00c0O C\u00d3 QUA TRANG WEB 211 MARYLAND. C\u00e1c \u0111i\u1ec1u kho\u1ea3n n\u00e0y kh\u00e1c v\u1edbi c\u00e1c \u0111i\u1ec1u kho\u1ea3n s\u1eed d\u1ee5ng 211 c\u1ee7a Maryland quy \u0111\u1ecbnh vi\u1ec7c s\u1eed d\u1ee5ng trang web c\u1ee7a 211 Maryland, \u0111\u01b0\u1ee3c t\u00ecm th\u1ea5y <a href=\"https:\/\/211md.org\/vi\/dieu-kien\/\">\u0110\u00c2Y<\/a>. Vui l\u00f2ng xem th\u00eam 211 Maryland&#039;s <u><a href=\"https:\/\/211md.org\/vi\/chinh-sach-bao-mat\/\">S\u1ef1 ri\u00eang t\u01b0<\/a><\/u><a href=\"https:\/\/211md.org\/vi\/chinh-sach-bao-mat\/\"> Ch\u00ednh s\u00e1ch<\/a> \u0111\u1ec3 bi\u1ebft t\u00f3m t\u1eaft v\u1ec1 ho\u1ea1t \u0111\u1ed9ng thu th\u1eadp v\u00e0 s\u1eed d\u1ee5ng th\u00f4ng tin nh\u1eadn d\u1ea1ng c\u00e1 nh\u00e2n c\u1ee7a 211 Maryland.<\/p>\n<h3><strong>Ch\u1ecdn tham gia.<\/strong><\/h3>\n<p>S\u1ed1 l\u01b0\u1ee3ng tin nh\u1eafn v\u0103n b\u1ea3n 211 Maryland m\u00e0 b\u1ea1n nh\u1eadn \u0111\u01b0\u1ee3c s\u1ebd kh\u00e1c nhau t\u00f9y thu\u1ed9c v\u00e0o s\u1ed1 l\u01b0\u1ee3ng ch\u01b0\u01a1ng tr\u00ecnh nh\u1eafn tin v\u0103n b\u1ea3n 211 Maryland m\u00e0 b\u1ea1n tham gia, ch\u1ec9 \u0111\u1ecbnh ho\u1eb7c ch\u1ecdn. \u0110\u1ec3 ch\u1ecdn tham gia ch\u01b0\u01a1ng tr\u00ecnh C\u1ea3nh b\u00e1o Tin nh\u1eafn V\u0103n b\u1ea3n, h\u00e3y nh\u1eafn tin t\u1eeb kh\u00f3a cho ch\u01b0\u01a1ng tr\u00ecnh b\u1ea1n mu\u1ed1n tham gia t\u1edbi 898-211 ho\u1eb7c 211-MD1, t\u00f9y thu\u1ed9c v\u00e0o ch\u01b0\u01a1ng tr\u00ecnh. Nh\u1eefng t\u1eeb kh\u00f3a nh\u01b0 v\u1eady c\u00f3 th\u1ec3 \u0111\u01b0\u1ee3c t\u00ecm th\u1ea5y <a href=\"https:\/\/211md.org\/vi\/about\/tin-nhan-2\/\">\u0111\u00e2y<\/a> \u0111\u1ec3 ch\u1ecdn tham gia ch\u01b0\u01a1ng tr\u00ecnh C\u1ea3nh b\u00e1o tin nh\u1eafn v\u0103n b\u1ea3n Maryland 211. C\u01b0\u1edbc tin nh\u1eafn &amp; d\u1eef li\u1ec7u v\u00e0 t\u1ea7n su\u1ea5t tin nh\u1eafn c\u00f3 th\u1ec3 thay \u0111\u1ed5i t\u00f9y theo t\u1ea5t c\u1ea3 c\u00e1c ch\u01b0\u01a1ng tr\u00ecnh tr\u00ean.<\/p>\n<p>B\u1eb1ng c\u00e1ch nh\u1eafn tin t\u1eeb kh\u00f3a t\u1edbi \u201cTXT-211\u201d (898-211), ng\u01b0\u1eddi \u0111\u0103ng k\u00fd c\u00f3 th\u1ec3 nh\u1eadn \u0111\u01b0\u1ee3c c\u00e1c lo\u1ea1i tin nh\u1eafn sau:<\/p>\n<ul>\n<li>Th\u00f4ng tin v\u00e0 gi\u00e1o d\u1ee5c \u0111\u1ebfn t\u1eeb quan h\u1ec7 \u0111\u1ed1i t\u00e1c v\u00e0 c\u00f4ng vi\u1ec7c \u0111\u01b0\u1ee3c ho\u00e0n th\u00e0nh b\u1edfi 211 nh\u00e0 cung c\u1ea5p d\u1ecbch v\u1ee5 Maryland v\u00e0 c\u00e1c chi nh\u00e1nh, \u0111\u1ed1i t\u00e1c v\u00e0 c\u00e1c b\u00ean li\u00ean quan. C\u00e1c c\u1ea3nh b\u00e1o c\u1ee5 th\u1ec3 theo khu v\u1ef1c s\u1ebd bao g\u1ed3m th\u00f4ng tin li\u00ean quan \u0111\u1ebfn s\u1ee9c kh\u1ecfe t\u00e2m th\u1ea7n c\u1ee7a ng\u01b0\u1eddi l\u1edbn v\u00e0 thanh thi\u1ebfu ni\u00ean, quan h\u1ec7 h\u1ecd h\u00e0ng, t\u1ed9i \u00e1c do th\u00f9 h\u1eadn, l\u00e3o h\u00f3a v\u00e0 khuy\u1ebft t\u1eadt, opioid, s\u1ee9c kh\u1ecfe, c\u1ef1u chi\u1ebfn binh v\u00e0 chu\u1ea9n b\u1ecb \u1ee9ng ph\u00f3 v\u1edbi th\u1ea3m h\u1ecda.<\/li>\n<\/ul>\n<p>B\u1eb1ng c\u00e1ch nh\u1eafn tin t\u1eeb kh\u00f3a \u201cHealthCheck\u201d t\u1edbi \u201c211-MD1\u201d (211-631), ng\u01b0\u1eddi \u0111\u0103ng k\u00fd c\u00f3 th\u1ec3 nh\u1eadn \u0111\u01b0\u1ee3c c\u00e1c lo\u1ea1i tin nh\u1eafn sau:<\/p>\n<ul>\n<li>Th\u00f4ng tin v\u00e0 gi\u00e1o d\u1ee5c \u0111\u1ebfn t\u1eeb quan h\u1ec7 \u0111\u1ed1i t\u00e1c v\u00e0 c\u00f4ng vi\u1ec7c \u0111\u01b0\u1ee3c ho\u00e0n th\u00e0nh b\u1edfi 211 nh\u00e0 cung c\u1ea5p d\u1ecbch v\u1ee5 Maryland v\u00e0 c\u00e1c chi nh\u00e1nh, \u0111\u1ed1i t\u00e1c v\u00e0 c\u00e1c b\u00ean li\u00ean quan. C\u00e1c c\u1ea3nh b\u00e1o c\u1ee5 th\u1ec3 theo v\u00f9ng s\u1ebd bao g\u1ed3m th\u00f4ng tin li\u00ean quan \u0111\u1ebfn ki\u1ec3m tra s\u1ee9c kh\u1ecfe\/s\u1ee9c kh\u1ecfe t\u00e2m th\u1ea7n.<\/li>\n<\/ul>\n<p>B\u1eb1ng c\u00e1ch nh\u1eafn tin t\u1eeb kh\u00f3a \u201cMdReady\u201d ho\u1eb7c \u201cMdListo\u201d b\u1eb1ng ti\u1ebfng T\u00e2y Ban Nha t\u1edbi ng\u01b0\u1eddi \u0111\u0103ng k\u00fd \u201c211-631\u201d c\u00f3 th\u1ec3 nh\u1eadn \u0111\u01b0\u1ee3c c\u00e1c lo\u1ea1i tin nh\u1eafn sau:<\/p>\n<ul>\n<li>C\u1ea3nh b\u00e1o th\u1ea3m h\u1ecda \u0111\u1ebfn t\u1eebng ph\u00fat, trong v\u00e0 sau th\u1ea3m h\u1ecda, \u1ea3nh h\u01b0\u1edfng \u0111\u1ebfn c\u1ed9ng \u0111\u1ed3ng c\u1ee7a b\u1ea1n (d\u1ef1a tr\u00ean m\u00e3 ZIP ho\u1eb7c t\u1eeb kh\u00f3a b\u1ea1n cung c\u1ea5p khi \u0111\u0103ng k\u00fd C\u1ea3nh b\u00e1o MdReady).<\/li>\n<\/ul>\n<p>B\u1eb1ng c\u00e1ch nh\u1eafn tin m\u00e3 ZIP c\u1ee7a b\u1ea1n \u0111\u1ebfn \u201c63-211\u201d, ng\u01b0\u1eddi \u0111\u0103ng k\u00fd c\u00f3 th\u1ec3 nh\u1eadn \u0111\u01b0\u1ee3c c\u00e1c lo\u1ea1i tin nh\u1eafn sau:<\/p>\n<ul>\n<li>S\u1ed1 n\u00e0y cung c\u1ea5p th\u00f4ng tin v\u00e0 t\u00e0i nguy\u00ean ph\u00f9 h\u1ee3p v\u1edbi nhu c\u1ea7u c\u1ee5 th\u1ec3 c\u1ee7a b\u1ea1n d\u1ef1a tr\u00ean cu\u1ed9c tr\u00f2 chuy\u1ec7n qua tin nh\u1eafn v\u1edbi chuy\u00ean gia t\u1ed5ng \u0111\u00e0i 211.<\/li>\n<li>Nh\u1eefng c\u00e1 nh\u00e2n nh\u1eafn tin ho\u1eb7c g\u1ecdi 2-1-1 c\u0169ng c\u00f3 th\u1ec3 \u0111\u0103ng k\u00fd s\u1ed1 n\u00e0y \u0111\u1ec3 nh\u1eadn ch\u01b0\u01a1ng tr\u00ecnh 211 Maryland \u0111ang di\u1ec5n ra v\u00e0 tin nh\u1eafn v\u0103n b\u1ea3n li\u00ean quan \u0111\u1ebfn t\u00e0i nguy\u00ean.<\/li>\n<\/ul>\n<h3><strong>Tin nh\u1eafn b\u1ecb tr\u00ec ho\u00e3n ho\u1eb7c ch\u01b0a g\u1eedi \u0111\u01b0\u1ee3c.<\/strong><\/h3>\n<p>C\u1ea3nh b\u00e1o \u0111\u01b0\u1ee3c g\u1eedi qua SMS c\u00f3 th\u1ec3 kh\u00f4ng \u0111\u01b0\u1ee3c g\u1eedi t\u1edbi b\u1ea1n n\u1ebfu \u0111i\u1ec7n tho\u1ea1i c\u1ee7a b\u1ea1n kh\u00f4ng n\u1eb1m trong ph\u1ea1m vi ph\u1ee7 s\u00f3ng c\u1ee7a \u0111\u1ecba \u0111i\u1ec3m truy\u1ec1n ho\u1eb7c n\u1ebfu kh\u00f4ng c\u00f3 \u0111\u1ee7 dung l\u01b0\u1ee3ng m\u1ea1ng t\u1ea1i m\u1ed9t th\u1eddi \u0111i\u1ec3m c\u1ee5 th\u1ec3. Ngay c\u1ea3 trong v\u00f9ng ph\u1ee7 s\u00f3ng, c\u00e1c y\u1ebfu t\u1ed1 n\u1eb1m ngo\u00e0i t\u1ea7m ki\u1ec3m so\u00e1t c\u1ee7a nh\u00e0 cung c\u1ea5p d\u1ecbch v\u1ee5 kh\u00f4ng d\u00e2y c\u1ee7a b\u1ea1n c\u00f3 th\u1ec3 c\u1ea3n tr\u1edf vi\u1ec7c g\u1eedi tin nh\u1eafn, bao g\u1ed3m thi\u1ebft b\u1ecb, \u0111\u1ecba h\u00ecnh, kho\u1ea3ng c\u00e1ch \u0111\u1ebfn c\u00e1c t\u00f2a nh\u00e0, t\u00e1n l\u00e1 v\u00e0 th\u1eddi ti\u1ebft c\u1ee7a kh\u00e1ch h\u00e0ng. B\u1ea1n th\u1eeba nh\u1eadn r\u1eb1ng c\u00e1c c\u1ea3nh b\u00e1o kh\u1ea9n c\u1ea5p c\u00f3 th\u1ec3 kh\u00f4ng \u0111\u01b0\u1ee3c nh\u1eadn k\u1ecbp th\u1eddi v\u00e0 nh\u00e0 cung c\u1ea5p d\u1ecbch v\u1ee5 kh\u00f4ng d\u00e2y c\u1ee7a b\u1ea1n kh\u00f4ng \u0111\u1ea3m b\u1ea3o r\u1eb1ng c\u00e1c c\u1ea3nh b\u00e1o s\u1ebd \u0111\u01b0\u1ee3c g\u1eedi.<\/p>\n<p>N\u1ebfu b\u1ea1n thay \u0111\u1ed5i ho\u1eb7c ng\u1eaft k\u1ebft n\u1ed1i s\u1ed1 \u0111i\u1ec7n tho\u1ea1i di \u0111\u1ed9ng c\u1ee7a m\u00ecnh, b\u1ea1n c\u00f3 tr\u00e1ch nhi\u1ec7m th\u00f4ng b\u00e1o cho 211 Maryland v\u1ec1 s\u1ef1 thay \u0111\u1ed5i n\u00e0y b\u1eb1ng c\u00e1ch nh\u1eafn tin D\u1eeaNG t\u1edbi s\u1ed1 b\u1ea1n \u0111\u00e3 \u0111\u0103ng k\u00fd.<\/p>\n<h3><strong>Ch\u1ecdn kh\u00f4ng tham gia.<\/strong><\/h3>\n<p>\u0110\u1ec3 ng\u1eebng nh\u1eadn tin nh\u1eafn v\u0103n b\u1ea3n t\u1eeb 211 ch\u01b0\u01a1ng tr\u00ecnh C\u1ea3nh b\u00e1o Tin nh\u1eafn V\u0103n b\u1ea3n Maryland, h\u00e3y nh\u1eafn tin\u00a0<strong>D\u1eeaNG L\u1ea0I\u00a0<\/strong>t\u1edbi 898-211 b\u1ea5t k\u1ef3 l\u00fac n\u00e0o \u0111\u1ec3 x\u00f3a s\u1ed1 c\u1ee7a b\u1ea1n kh\u1ecfi t\u1ea5t c\u1ea3 c\u00e1c ch\u01b0\u01a1ng tr\u00ecnh C\u1ea3nh b\u00e1o Tin nh\u1eafn V\u0103n b\u1ea3n c\u1ee7a 211 Maryland v\u00e0 kh\u00f4ng nh\u1eadn th\u00eam tin nh\u1eafn n\u00e0o t\u1eeb 211 Maryland tr\u1eeb khi b\u1ea1n \u0111\u0103ng k\u00fd l\u1ea1i theo h\u01b0\u1edbng d\u1eabn \u1edf tr\u00ean. Sau \u0111\u00f3, b\u1ea1n s\u1ebd nh\u1eadn \u0111\u01b0\u1ee3c x\u00e1c nh\u1eadn v\u1ec1 vi\u1ec7c t\u1eeb ch\u1ed1i tham gia c\u00e1c ch\u01b0\u01a1ng tr\u00ecnh C\u1ea3nh b\u00e1o b\u1eb1ng Tin nh\u1eafn V\u0103n b\u1ea3n.<\/p>\n<h3>Gi\u00fap \u0111\u1ee1<\/h3>\n<p>\u0110\u1ec3 nh\u1eadn tr\u1ee3 gi\u00fap cho d\u1ecbch v\u1ee5 tin nh\u1eafn v\u0103n b\u1ea3n 211 Maryland, b\u1ea1n c\u00f3 th\u1ec3 quay s\u1ed1 2-1-1 t\u1eeb b\u1ea5t k\u1ef3 \u0111i\u1ec7n tho\u1ea1i, email n\u00e0o <a href=\"mailto:info@211md.org\" data-linkindex=\"13\">info@211md.org<\/a>\u00a0ho\u1eb7c truy c\u1eadp trang n\u00e0y\u00a0<a href=\"https:\/\/211md.org\/vi\/tin-nhan\/\" data-auth=\"NotApplicable\" data-linkindex=\"14\">https:\/\/211md.org\/sms\/<\/a>\u00a0l\u1ea1i.<\/p>\n<p>\u0110\u1ec3 ng\u1eebng nh\u1eadn tin nh\u1eafn t\u1eeb d\u1ecbch v\u1ee5 n\u00e0y, h\u00e3y so\u1ea1n tin nh\u1eafn STOP.<\/p>\n<p>C\u00f3 th\u1ec3 \u00e1p d\u1ee5ng c\u01b0\u1edbc tin nh\u1eafn v\u00e0 d\u1eef li\u1ec7u, t\u1ea7n su\u1ea5t tin nh\u1eafn c\u00f3 th\u1ec3 thay \u0111\u1ed5i t\u00f9y theo t\u1eebng m\u1ee9c gi\u00e1 tr\u00ean.<\/p>\n<h3><strong>S\u1eed d\u1ee5ng Th\u00f4ng tin v\u00e0 D\u1ecbch v\u1ee5.<\/strong><\/h3>\n<p>211 C\u1ea3nh b\u00e1o b\u1eb1ng Tin nh\u1eafn V\u0103n b\u1ea3n c\u1ee7a Maryland kh\u00f4ng th\u1ec3 thay th\u1ebf cho 9-1-1 (d\u1ecbch v\u1ee5 kh\u1ea9n c\u1ea5p), 4-1-1 (h\u1ed7 tr\u1ee3 danh b\u1ea1 \u0111i\u1ec7n tho\u1ea1i) ho\u1eb7c c\u00e1c \u0111\u01b0\u1eddng d\u00e2y n\u00f3ng chuy\u00ean d\u1ee5ng ho\u1eb7c ghi \u00e2m t\u1ef1 \u0111\u1ed9ng kh\u00e1c. M\u1eb7c d\u00f9 C\u1ea3nh b\u00e1o Nh\u1eafn tin V\u0103n b\u1ea3n c\u1ee7a 211 Maryland h\u1ed7 tr\u1ee3 c\u00e1c c\u00e1 nh\u00e2n b\u1ecb suy gi\u1ea3m th\u00ednh l\u1ef1c\/kh\u1ea3 n\u0103ng n\u00f3i, C\u1ea3nh b\u00e1o Nh\u1eafn tin V\u0103n b\u1ea3n c\u0169ng kh\u00f4ng th\u1ec3 thay th\u1ebf cho 7-1-1 (c\u00e1c d\u1ecbch v\u1ee5 h\u1ea1n ch\u1ebf th\u00ednh gi\u00e1c ho\u1eb7c n\u00f3i).<\/p>\n<p>Th\u00f4ng tin v\u00e0 d\u1ecbch v\u1ee5 \u0111\u01b0\u1ee3c cung c\u1ea5p b\u1edfi C\u1ea3nh b\u00e1o Tin nh\u1eafn V\u0103n b\u1ea3n c\u1ee7a 211 Maryland ch\u1ec9 nh\u1eb1m m\u1ee5c \u0111\u00edch cung c\u1ea5p th\u00f4ng tin v\u00e0 vi\u1ec7c tin c\u1eady v\u00e0o th\u00f4ng tin \u0111\u01b0\u1ee3c cung c\u1ea5p qua C\u1ea3nh b\u00e1o Tin nh\u1eafn V\u0103n b\u1ea3n l\u00e0 do b\u1ea1n t\u1ef1 ch\u1ecbu r\u1ee7i ro.<\/p>\n<p>Th\u00f4ng tin, d\u1ecbch v\u1ee5 v\u00e0 t\u00e0i li\u1ec7u c\u1ee7a C\u1ea3nh b\u00e1o Nh\u1eafn tin V\u0103n b\u1ea3n c\u1ee7a 211 Maryland \u0111\u01b0\u1ee3c cung c\u1ea5p tr\u00ean c\u01a1 s\u1edf \u201cnguy\u00ean tr\u1ea1ng\u201d v\u00e0 kh\u00f4ng c\u00f3 b\u1ea3o h\u00e0nh. Trong ph\u1ea1m vi t\u1ed1i \u0111a \u0111\u01b0\u1ee3c lu\u1eadt hi\u1ec7n h\u00e0nh cho ph\u00e9p, 211 Maryland t\u1eeb ch\u1ed1i m\u1ecdi tuy\u00ean b\u1ed1 v\u00e0 b\u1ea3o \u0111\u1ea3m, r\u00f5 r\u00e0ng hay ng\u1ee5 \u00fd, \u0111\u1ed1i v\u1edbi th\u00f4ng tin, d\u1ecbch v\u1ee5, s\u1ea3n ph\u1ea9m v\u00e0 t\u00e0i li\u1ec7u \u0111\u00f3, bao g\u1ed3m nh\u01b0ng kh\u00f4ng gi\u1edbi h\u1ea1n b\u1ea5t k\u1ef3 b\u1ea3o \u0111\u1ea3m ng\u1ee5 \u00fd n\u00e0o v\u1ec1 kh\u1ea3 n\u0103ng b\u00e1n \u0111\u01b0\u1ee3c, s\u1ef1 ph\u00f9 h\u1ee3p cho m\u1ed9t m\u1ee5c \u0111\u00edch c\u1ee5 th\u1ec3 v\u00e0 kh\u00f4ng vi ph\u1ea1m .<\/p>\n<p>Trong m\u1ecdi tr\u01b0\u1eddng h\u1ee3p, 211 Maryland s\u1ebd kh\u00f4ng ch\u1ecbu tr\u00e1ch nhi\u1ec7m ph\u00e1p l\u00fd v\u1ec1 b\u1ea5t k\u1ef3 thi\u1ec7t h\u1ea1i mang t\u00ednh h\u1eadu qu\u1ea3, gi\u00e1n ti\u1ebfp, ng\u1eabu nhi\u00ean, \u0111\u1eb7c bi\u1ec7t ho\u1eb7c mang t\u00ednh tr\u1eebng ph\u1ea1t n\u00e0o, do nguy\u00ean nh\u00e2n n\u00e0o v\u00e0 theo b\u1ea5t k\u1ef3 l\u00fd thuy\u1ebft tr\u00e1ch nhi\u1ec7m ph\u00e1p l\u00fd n\u00e0o (bao g\u1ed3m c\u1ea3 s\u01a1 su\u1ea5t), ph\u00e1t sinh t\u1eeb vi\u1ec7c b\u1ea1n s\u1eed d\u1ee5ng C\u1ea3nh b\u00e1o b\u1eb1ng Tin nh\u1eafn V\u0103n b\u1ea3n c\u1ee7a 211 Maryland ho\u1eb7c vi\u1ec7c cung c\u1ea5p th\u00f4ng tin, d\u1ecbch v\u1ee5, s\u1ea3n ph\u1ea9m v\u00e0 t\u00e0i li\u1ec7u \u0111\u01b0\u1ee3c cung c\u1ea5p b\u1edfi C\u1ea3nh b\u00e1o Nh\u1eafn tin V\u0103n b\u1ea3n c\u1ee7a 211 Maryland, ngay c\u1ea3 khi 211 Maryland \u0111\u00e3 \u0111\u01b0\u1ee3c th\u00f4ng b\u00e1o v\u1ec1 kh\u1ea3 n\u0103ng x\u1ea3y ra nh\u1eefng thi\u1ec7t h\u1ea1i nh\u01b0 v\u1eady.<\/p>\n<p>B\u1ea1n tuy\u00ean b\u1ed1 r\u1eb1ng b\u1ea1n l\u00e0 ch\u1ee7 t\u00e0i kho\u1ea3n c\u1ee7a (c\u00e1c) s\u1ed1 \u0111i\u1ec7n tho\u1ea1i ho\u1eb7c di \u0111\u1ed9ng m\u00e0 b\u1ea1n cung c\u1ea5p. B\u1ea1n c\u00f3 tr\u00e1ch nhi\u1ec7m th\u00f4ng b\u00e1o ngay cho 211 Maryland n\u1ebfu b\u1ea1n thay \u0111\u1ed5i s\u1ed1 \u0111i\u1ec7n tho\u1ea1i di \u0111\u1ed9ng c\u1ee7a m\u00ecnh.<\/p>\n<h3><strong>C\u00e1c trang web b\u00ean ngo\u00e0i.<\/strong><\/h3>\n<p>211 C\u1ea3nh b\u00e1o Nh\u1eafn tin V\u0103n b\u1ea3n c\u1ee7a Maryland c\u00f3 th\u1ec3 cung c\u1ea5p li\u00ean k\u1ebft \u0111\u1ebfn c\u00e1c trang web kh\u00e1c tr\u00ean Internet do c\u00e1c b\u00ean th\u1ee9 ba s\u1edf h\u1eefu v\u00e0 \u0111i\u1ec1u h\u00e0nh. B\u1ea1n th\u1eeba nh\u1eadn r\u1eb1ng 211 Maryland kh\u00f4ng ch\u1ecbu tr\u00e1ch nhi\u1ec7m v\u1ec1 t\u00ednh s\u1eb5n c\u00f3 ho\u1eb7c n\u1ed9i dung c\u00f3 tr\u00ean ho\u1eb7c th\u00f4ng qua b\u1ea5t k\u1ef3 trang web b\u00ean ngo\u00e0i n\u00e0o nh\u01b0 v\u1eady.<\/p>\n<h3><strong>Ch\u1ea5m d\u1ee9t s\u1eed d\u1ee5ng.<\/strong><\/h3>\n<p>211 Maryland c\u00f3 th\u1ec3 ch\u1ea5m d\u1ee9t ho\u1eb7c \u0111\u00ecnh ch\u1ec9 quy\u1ec1n truy c\u1eadp c\u1ee7a b\u1ea1n v\u00e0o t\u1ea5t c\u1ea3 ho\u1eb7c m\u1ed9t ph\u1ea7n d\u1ecbch v\u1ee5 C\u1ea3nh b\u00e1o Tin nh\u1eafn V\u0103n b\u1ea3n c\u1ee7a 211 Maryland m\u00e0 kh\u00f4ng c\u1ea7n th\u00f4ng b\u00e1o \u0111\u1ed1i v\u1edbi b\u1ea5t k\u1ef3 h\u00e0nh vi n\u00e0o m\u00e0 211 Maryland, theo quy\u1ebft \u0111\u1ecbnh ri\u00eang c\u1ee7a m\u00ecnh, tin l\u00e0 vi ph\u1ea1m b\u1ea5t k\u1ef3 lu\u1eadt hi\u1ec7n h\u00e0nh n\u00e0o ho\u1eb7c c\u00f3 h\u1ea1i cho l\u1ee3i \u00edch c\u1ee7a ng\u01b0\u1eddi d\u00f9ng kh\u00e1c, nh\u00e0 t\u00e0i tr\u1ee3, ng\u01b0\u1eddi b\u00e1n ho\u1eb7c b\u00ean th\u1ee9 ba kh\u00e1c ho\u1eb7c d\u1ecbch v\u1ee5 C\u1ea3nh b\u00e1o Tin nh\u1eafn V\u0103n b\u1ea3n c\u1ee7a 211 Maryland.<\/p>\n<h3><strong>S\u1eeda \u0111\u1ed5i \u0110i\u1ec1u kho\u1ea3n v\u00e0 \u0110i\u1ec1u ki\u1ec7n.<\/strong><\/h3>\n<p>211 Maryland b\u1ea3o l\u01b0u quy\u1ec1n, v\u00e0o b\u1ea5t k\u1ef3 l\u00fac n\u00e0o, s\u1eeda \u0111\u1ed5i, thay \u0111\u1ed5i ho\u1eb7c c\u1eadp nh\u1eadt c\u00e1c \u0110i\u1ec1u kho\u1ea3n SMS n\u00e0y b\u1eb1ng c\u00e1ch \u0111\u0103ng \u0110i\u1ec1u kho\u1ea3n SMS \u0111\u00e3 s\u1eeda \u0111\u1ed5i ho\u1eb7c g\u1eedi th\u01b0 v\u00e0\/ho\u1eb7c th\u00f4ng b\u00e1o g\u1eedi email cho b\u1ea1n. B\u1ea1n \u0111\u1ed3ng \u00fd b\u1ecb r\u00e0ng bu\u1ed9c b\u1edfi c\u00e1c s\u1eeda \u0111\u1ed5i, thay \u0111\u1ed5i ho\u1eb7c c\u1eadp nh\u1eadt \u0111\u00f3, tr\u1eeb khi b\u1ea1n t\u1eeb ch\u1ed1i nh\u1eadn C\u1ea3nh b\u00e1o b\u1eb1ng tin nh\u1eafn v\u0103n b\u1ea3n (nh\u01b0 \u0111\u00e3 n\u00eau \u1edf tr\u00ean). Theo \u0111\u00f3, b\u1ea1n ph\u1ea3i xem x\u00e9t c\u00e1c \u0110i\u1ec1u kho\u1ea3n SMS n\u00e0y tr\u00ean c\u01a1 s\u1edf \u0111\u1ecbnh k\u1ef3.<\/p>\n<h3><strong>Lu\u1eadt chi ph\u1ed1i.<\/strong><\/h3>\n<p>C\u1ea3nh b\u00e1o b\u1eb1ng tin nh\u1eafn v\u0103n b\u1ea3n 211 Maryland \u0111\u01b0\u1ee3c \u0111i\u1ec1u ch\u1ec9nh b\u1edfi lu\u1eadt ph\u00e1p c\u1ee7a ti\u1ec3u bang Maryland.<\/p>\n\n<p>&nbsp;<\/p>","protected":false},"excerpt":{"rendered":"<p>Ng\u00e0y c\u00f3 hi\u1ec7u l\u1ef1c: 19 th\u00e1ng 12 n\u0103m 2022 C\u00e1c \u0110i\u1ec1u kho\u1ea3n v\u00e0 \u0110i\u1ec1u ki\u1ec7n c\u1ee7a d\u1ecbch v\u1ee5 tin nh\u1eafn ng\u1eafn (SMS) n\u00e0y (&quot;\u0110i\u1ec1u kho\u1ea3n SMS&quot;) \u00e1p d\u1ee5ng cho tin nh\u1eafn v\u0103n b\u1ea3n v\u00e0 email do M\u1ea1ng th\u00f4ng tin Maryland 2-1-1 Maryland, Inc. (211 Maryland) cung c\u1ea5p. (tin nh\u1eafn v\u0103n b\u1ea3n v\u00e0 email nh\u01b0 v\u1eady \u0111\u01b0\u1ee3c g\u1ecdi l\u00e0 \u201cC\u1ea3nh b\u00e1o nh\u1eafn tin v\u0103n b\u1ea3n\u201d). B\u1ea0N PH\u1ea2I XEM L\u1ea0I C\u00c1C \u0110I\u1ec0U KHO\u1ea2N SMS N\u00c0Y TR\u01af\u1edaC KHI K\u00dd K\u00dd\u2026<\/p>","protected":false},"author":13,"featured_media":0,"parent":0,"menu_order":0,"comment_status":"closed","ping_status":"closed","template":"","meta":{"footnotes":""},"class_list":["post-3548","page","type-page","status-publish","hentry"],"_links":{"self":[{"href":"https:\/\/211md.org\/vi\/wp-json\/wp\/v2\/pages\/3548","targetHints":{"allow":["GET"]}}],"collection":[{"href":"https:\/\/211md.org\/vi\/wp-json\/wp\/v2\/pages"}],"about":[{"href":"https:\/\/211md.org\/vi\/wp-json\/wp\/v2\/types\/page"}],"author":[{"embeddable":true,"href":"https:\/\/211md.org\/vi\/wp-json\/wp\/v2\/users\/13"}],"replies":[{"embeddable":true,"href":"https:\/\/211md.org\/vi\/wp-json\/wp\/v2\/comments?post=3548"}],"version-history":[{"count":1,"href":"https:\/\/211md.org\/vi\/wp-json\/wp\/v2\/pages\/3548\/revisions"}],"predecessor-version":[{"id":4556,"href":"https:\/\/211md.org\/vi\/wp-json\/wp\/v2\/pages\/3548\/revisions\/4556"}],"wp:attachment":[{"href":"https:\/\/211md.org\/vi\/wp-json\/wp\/v2\/media?parent=3548"}],"curies":[{"name":"wp","href":"https:\/\/api.w.org\/{rel}","templated":true}]}}