{"id":3838,"date":"2023-09-06T19:59:51","date_gmt":"2023-09-06T23:59:51","guid":{"rendered":"https:\/\/211md.org\/?page_id=3838"},"modified":"2023-10-31T16:26:11","modified_gmt":"2023-10-31T20:26:11","slug":"tim-kiem-ung-dung-phan-hoi-mau","status":"publish","type":"page","link":"https:\/\/211md.org\/vi\/search-app-feedback-form\/","title":{"rendered":"Bi\u1ec3u m\u1eabu ph\u1ea3n h\u1ed3i v\u1ec1 \u1ee9ng d\u1ee5ng t\u00ecm ki\u1ebfm"},"content":{"rendered":"<p>Bi\u1ec3u m\u1eabu n\u00e0y nh\u1eb1m cung c\u1ea5p ph\u1ea3n h\u1ed3i cho c\u00e1c nh\u00e0 ph\u00e1t tri\u1ec3n \u1ee9ng d\u1ee5ng t\u00ecm ki\u1ebfm c\u1ee7a 211 Maryland \u0111\u1ec3 ch\u00fang t\u00f4i c\u00f3 th\u1ec3 ti\u1ebfp t\u1ee5c c\u1ea3i thi\u1ec7n tr\u1ea3i nghi\u1ec7m t\u00ecm ki\u1ebfm.<\/p>\n<p><strong>*N\u1ebfu b\u1ea1n \u0111ang t\u00ecm ki\u1ebfm s\u1ef1 gi\u00fap \u0111\u1ee1 ho\u1eb7c ngu\u1ed3n l\u1ef1c,&nbsp;<a href=\"\/vi\/lien-he-chung-toi\/\">\u0111i\u1ec1n v\u00e0o m\u1eabu \u0111\u01a1n n\u00e0y<\/a> thay v\u00ec.<\/strong><\/p>","protected":false},"excerpt":{"rendered":"<p>Bi\u1ec3u m\u1eabu n\u00e0y nh\u1eb1m cung c\u1ea5p ph\u1ea3n h\u1ed3i cho c\u00e1c nh\u00e0 ph\u00e1t tri\u1ec3n \u1ee9ng d\u1ee5ng t\u00ecm ki\u1ebfm c\u1ee7a 211 Maryland \u0111\u1ec3 ch\u00fang t\u00f4i c\u00f3 th\u1ec3 ti\u1ebfp t\u1ee5c c\u1ea3i thi\u1ec7n tr\u1ea3i nghi\u1ec7m t\u00ecm ki\u1ebfm. *N\u1ebfu b\u1ea1n \u0111ang t\u00ecm ki\u1ebfm tr\u1ee3 gi\u00fap ho\u1eb7c t\u00e0i nguy\u00ean, h\u00e3y \u0111i\u1ec1n v\u00e0o bi\u1ec3u m\u1eabu n\u00e0y.<\/p>","protected":false},"author":13,"featured_media":0,"parent":0,"menu_order":0,"comment_status":"closed","ping_status":"closed","template":"","meta":{"footnotes":""},"class_list":["post-3838","page","type-page","status-publish","hentry"],"_links":{"self":[{"href":"https:\/\/211md.org\/vi\/wp-json\/wp\/v2\/pages\/3838","targetHints":{"allow":["GET"]}}],"collection":[{"href":"https:\/\/211md.org\/vi\/wp-json\/wp\/v2\/pages"}],"about":[{"href":"https:\/\/211md.org\/vi\/wp-json\/wp\/v2\/types\/page"}],"author":[{"embeddable":true,"href":"https:\/\/211md.org\/vi\/wp-json\/wp\/v2\/users\/13"}],"replies":[{"embeddable":true,"href":"https:\/\/211md.org\/vi\/wp-json\/wp\/v2\/comments?post=3838"}],"version-history":[{"count":0,"href":"https:\/\/211md.org\/vi\/wp-json\/wp\/v2\/pages\/3838\/revisions"}],"wp:attachment":[{"href":"https:\/\/211md.org\/vi\/wp-json\/wp\/v2\/media?parent=3838"}],"curies":[{"name":"wp","href":"https:\/\/api.w.org\/{rel}","templated":true}]}}