{"id":4106,"date":"2024-07-10T20:00:00","date_gmt":"2024-07-11T00:00:00","guid":{"rendered":"https:\/\/211md.org\/?page_id=4106"},"modified":"2024-09-30T11:13:41","modified_gmt":"2024-09-30T15:13:41","slug":"mdready-2","status":"publish","type":"page","link":"https:\/\/211md.org\/vi\/about\/text-messages\/mdready-2\/","title":{"rendered":"C\u1ea3nh b\u00e1o v\u0103n b\u1ea3n MdReady \u0111\u01b0\u1ee3c c\u00e1 nh\u00e2n h\u00f3a"},"content":{"rendered":"<h2>C\u1ea3nh b\u00e1o v\u0103n b\u1ea3n kh\u1ea9n c\u1ea5p c\u1ee7a Maryland<\/h2>\n<p>C\u00f4ng ngh\u1ec7 m\u1edbi c\u1ee7a MdReady cung c\u1ea5p c\u1ea3nh b\u00e1o c\u1ef1c nhanh v\u1ec1 th\u1eddi ti\u1ebft kh\u1eafc nghi\u1ec7t, l\u0169 l\u1ee5t, ch\u00e1y r\u1eebng v\u00e0 c\u00e1c m\u1ed1i \u0111e d\u1ecda s\u1ee9c kh\u1ecfe c\u1ed9ng \u0111\u1ed3ng. Nh\u1eadn c\u1ea3nh b\u00e1o cho v\u1ecb tr\u00ed c\u1ee7a b\u1ea1n v\u00e0 b\u1eb1ng ng\u00f4n ng\u1eef b\u1ea1n mu\u1ed1n.<\/p>\n<p>S\u1ef1 h\u1ee3p t\u00e1c n\u00e0y gi\u1eefa 211 Maryland v\u00e0 <a href=\"https:\/\/mdready.maryland.gov\/Pages\/default.aspx\" target=\"_blank\" rel=\"noopener\">S\u1edf Qu\u1ea3n l\u00fd Kh\u1ea9n c\u1ea5p Maryland<\/a> th\u00f4ng b\u00e1o cho b\u1ea1n \u0111\u1ec3 b\u1ea1n c\u00f3 th\u1ec3 l\u1eadp k\u1ebf ho\u1ea1ch v\u00e0 chu\u1ea9n b\u1ecb.<\/p>\n\t\t\t\t<img decoding=\"async\" src=\"http:\/\/211md.org\/wp-content\/uploads\/2024\/07\/MdReady-Color-Logo.png\" alt=\"Logo m\u00e0u MdReady\" itemprop=\"image\" title=\"Logo m\u00e0u MdReady\" onerror=\"this.style.display='none'\"  \/>\n\t<h3>T\u00f9y ch\u1ec9nh c\u1ea3nh b\u00e1o c\u1ee7a b\u1ea1n<\/h3>\n<p><em>211 Maryland cung c\u1ea5p c\u00e1c ch\u01b0\u01a1ng tr\u00ecnh c\u1ea3nh b\u00e1o tin nh\u1eafn v\u0103n b\u1ea3n cung c\u1ea5p th\u00f4ng tin v\u1ec1 t\u00e0i nguy\u00ean c\u1ee5 th\u1ec3 theo khu v\u1ef1c ho\u1eb7c cung c\u1ea5p c\u1ea3nh b\u00e1o th\u1ea3m h\u1ecda. C\u00f3 th\u1ec3 \u00e1p d\u1ee5ng m\u1ee9c gi\u00e1 tin nh\u1eafn v\u00e0 d\u1eef li\u1ec7u. T\u1ea7n su\u1ea5t tin nh\u1eafn c\u00f3 th\u1ec3 thay \u0111\u1ed5i. V\u0103n b\u1ea3n <strong>D\u1eeaNG L\u1ea0I<\/strong> \u0111\u1ebfn c\u00f9ng m\u1ed9t s\u1ed1 \u0111\u1ec3 h\u1ee7y \u0111\u0103ng k\u00fd. \u0110\u1ec3 \u0111\u01b0\u1ee3c tr\u1ee3 gi\u00fap, h\u00e3y nh\u1eafn tin <strong>GI\u00daP \u0110\u1ee0<\/strong>. \u0110i\u1ec1u kho\u1ea3n SMS \u0111\u1ea7y \u0111\u1ee7 t\u1ea1i\u00a0<a href=\"https:\/\/211md.org\/vi\/tin-nhan\/\">https:\/\/211md.org\/sms\/<\/a>\u00a0V\u00e0\u00a0<a href=\"https:\/\/211md.org\/vi\/chinh-sach-bao-mat\/\">Ch\u00ednh s\u00e1ch b\u1ea3o m\u1eadt<\/a>\u00a0c\u0169ng s\u1ebd \u0111\u01b0\u1ee3c \u00e1p d\u1ee5ng.\u00a0<\/em><\/p>\n\t<h2>Gi\u1edbi thi\u1ec7u v\u1ec1 MdReady<\/h2>\n<p>K\u1ec3 t\u1eeb th\u00e1ng 2 n\u0103m 2020, 211 \u0111\u00e3 h\u1ee3p t\u00e1c v\u1edbi MDEM \u0111\u1ec3 cung c\u1ea5p c\u1ea3nh b\u00e1o v\u0103n b\u1ea3n tr\u01b0\u1edbc, trong v\u00e0 sau kh\u1ee7ng ho\u1ea3ng. G\u1ea7n 190.000 ng\u01b0\u1eddi \u0111\u00e3 \u0111\u0103ng k\u00fd nh\u1eadn c\u00e1c c\u1ea3nh b\u00e1o n\u00e0y.<\/p>\n<p>C\u00f4ng ngh\u1ec7 m\u1edbi n\u00e0y cho ph\u00e9p ch\u00fang t\u00f4i ti\u1ebfp c\u1eadn ng\u01b0\u1eddi \u0111\u0103ng k\u00fd ch\u1ec9 trong h\u01a1n s\u00e1u ph\u00fat.<\/p>\n<p>B\u1eb1ng c\u00e1ch ch\u1ecdn ng\u00f4n ng\u1eef v\u00e0 v\u1ecb tr\u00ed \u01b0a th\u00edch, ng\u01b0\u1eddi d\u00f9ng c\u00f3 th\u1ec3 nh\u1eadn \u0111\u01b0\u1ee3c nhi\u1ec1u c\u1ea3nh b\u00e1o \u0111\u01b0\u1ee3c c\u00e1 nh\u00e2n h\u00f3a h\u01a1n. B\u1ea3n d\u1ecbch c\u00f3 s\u1eb5n \u1edf 183 ng\u00f4n ng\u1eef.<\/p>\n<p>Trong tr\u01b0\u1eddng h\u1ee3p kh\u1ea9n c\u1ea5p nh\u01b0 l\u0169 qu\u00e9t, m\u1ef1c n\u01b0\u1edbc c\u00f3 th\u1ec3 d\u00e2ng cao t\u1edbi v\u00e0i feet ch\u1ec9 trong v\u00e0i ph\u00fat, v\u00ec v\u1eady t\u1eebng gi\u00e2y \u0111\u1ec1u r\u1ea5t quan tr\u1ecdng.<\/p>\n<p>MdReady\/MdListo lu\u00f4n s\u1eb5n s\u00e0ng gi\u00fap Maryland chu\u1ea9n b\u1ecb, c\u1eadp nh\u1eadt th\u00f4ng tin v\u00e0 ph\u1ee5c h\u1ed3i.<\/p>\n<p>\u0110\u1ec3 truy c\u1eadp th\u00f4ng tin v\u00e0 m\u1eb9o chu\u1ea9n b\u1ecb, h\u00e3y c\u00e0i \u0111\u1eb7t \u1ee9ng d\u1ee5ng web MdReady b\u1eb1ng c\u00e1ch truy c\u1eadp\u00a0<a href=\"http:\/\/mdready.maryland.gov\/\" target=\"_blank\" rel=\"noopener\">MdReady.Maryland.gov<\/a> tr\u00ean tr\u00ecnh duy\u1ec7t web c\u1ee7a thi\u1ebft b\u1ecb di \u0111\u1ed9ng c\u1ee7a b\u1ea1n.<\/p>\n<h3>\n\t\tTruy\u1ec1n b\u00e1 th\u00f4ng tin v\u1ec1 nh\u1eefng c\u1ea3nh b\u00e1o n\u00e0y\n\t<\/h3>\n\t<p>Ch\u00fang t\u00f4i \u0111\u00e1nh gi\u00e1 cao s\u1ef1 quan t\u00e2m c\u1ee7a b\u1ea1n trong vi\u1ec7c n\u00e2ng cao nh\u1eadn th\u1ee9c v\u1ec1 c\u1ea3nh b\u00e1o v\u0103n b\u1ea3n MdReady c\u1ee7a ti\u1ec3u bang, gi\u00fap th\u00f4ng b\u00e1o cho ng\u01b0\u1eddi d\u00e2n Maryland tr\u01b0\u1edbc, trong v\u00e0 sau kh\u1ee7ng ho\u1ea3ng.<\/p>\n<p>H\u00e3y gi\u00fap ch\u00fang t\u00f4i truy\u1ec1n b\u00e1 th\u00f4ng tin n\u00e0y! <a href=\"https:\/\/forms.gle\/4BvexjFkxUy4qmfZ6?utm_source=Link&amp;utm_medium=211Web&amp;utm_campaign=Marketing&amp;utm_content=\" target=\"_blank\" rel=\"noopener\">Y\u00eau c\u1ea7u quy\u1ec1n truy c\u1eadp v\u00e0o c\u00e1c t\u1eadp tin MdReady<\/a>.<\/p>","protected":false},"excerpt":{"rendered":"<p>C\u1ea3nh b\u00e1o v\u0103n b\u1ea3n kh\u1ea9n c\u1ea5p c\u1ee7a Maryland C\u00f4ng ngh\u1ec7 m\u1edbi c\u1ee7a MdReady cung c\u1ea5p c\u1ea3nh b\u00e1o nhanh nh\u01b0 ch\u1edbp v\u1ec1 th\u1eddi ti\u1ebft kh\u1eafc nghi\u1ec7t, l\u0169 l\u1ee5t, ch\u00e1y r\u1eebng v\u00e0 c\u00e1c m\u1ed1i \u0111e d\u1ecda s\u1ee9c kh\u1ecfe c\u1ed9ng \u0111\u1ed3ng. Nh\u1eadn c\u1ea3nh b\u00e1o cho v\u1ecb tr\u00ed c\u1ee7a b\u1ea1n v\u00e0 b\u1eb1ng ng\u00f4n ng\u1eef b\u1ea1n th\u00edch. Quan h\u1ec7 \u0111\u1ed1i t\u00e1c n\u00e0y gi\u1eefa 211 Maryland v\u00e0 S\u1edf Qu\u1ea3n l\u00fd T\u00ecnh tr\u1ea1ng Kh\u1ea9n c\u1ea5p Maryland gi\u00fap b\u1ea1n lu\u00f4n \u0111\u01b0\u1ee3c c\u1eadp nh\u1eadt th\u00f4ng tin \u0111\u1ec3 b\u1ea1n c\u00f3 th\u1ec3 l\u1eadp k\u1ebf ho\u1ea1ch v\u00e0 chu\u1ea9n b\u1ecb. T\u00f9y ch\u1ec9nh C\u1ea3nh b\u00e1o c\u1ee7a b\u1ea1n 211 Maryland\u2026<\/p>","protected":false},"author":13,"featured_media":0,"parent":962,"menu_order":0,"comment_status":"closed","ping_status":"closed","template":"","meta":{"footnotes":""},"class_list":["post-4106","page","type-page","status-publish","hentry"],"_links":{"self":[{"href":"https:\/\/211md.org\/vi\/wp-json\/wp\/v2\/pages\/4106","targetHints":{"allow":["GET"]}}],"collection":[{"href":"https:\/\/211md.org\/vi\/wp-json\/wp\/v2\/pages"}],"about":[{"href":"https:\/\/211md.org\/vi\/wp-json\/wp\/v2\/types\/page"}],"author":[{"embeddable":true,"href":"https:\/\/211md.org\/vi\/wp-json\/wp\/v2\/users\/13"}],"replies":[{"embeddable":true,"href":"https:\/\/211md.org\/vi\/wp-json\/wp\/v2\/comments?post=4106"}],"version-history":[{"count":0,"href":"https:\/\/211md.org\/vi\/wp-json\/wp\/v2\/pages\/4106\/revisions"}],"up":[{"embeddable":true,"href":"https:\/\/211md.org\/vi\/wp-json\/wp\/v2\/pages\/962"}],"wp:attachment":[{"href":"https:\/\/211md.org\/vi\/wp-json\/wp\/v2\/media?parent=4106"}],"curies":[{"name":"wp","href":"https:\/\/api.w.org\/{rel}","templated":true}]}}