{"id":4812,"date":"2025-06-26T07:09:59","date_gmt":"2025-06-26T11:09:59","guid":{"rendered":"https:\/\/211md.org\/?page_id=4812"},"modified":"2025-06-26T07:10:01","modified_gmt":"2025-06-26T11:10:01","slug":"cua-chua","status":"publish","type":"page","link":"https:\/\/211md.org\/vi\/about\/dei\/","title":{"rendered":"Tuy\u00ean b\u1ed1 v\u1ec1 \u0110a d\u1ea1ng, C\u00f4ng b\u1eb1ng v\u00e0 H\u00f2a nh\u1eadp"},"content":{"rendered":"<p>M\u1ea1ng th\u00f4ng tin Maryland (MdInfoNet) cung c\u1ea5p n\u0103ng l\u01b0\u1ee3ng cho h\u1ec7 th\u1ed1ng 211 t\u1ea1i Maryland, t\u1ea1o ra m\u1ed9t n\u01a1i l\u00e0m vi\u1ec7c \u0111a d\u1ea1ng, c\u00f4ng b\u1eb1ng v\u00e0 to\u00e0n di\u1ec7n \u2013 n\u01a1i t\u1ea5t c\u1ea3 nh\u00e2n vi\u00ean, ban qu\u1ea3n l\u00fd v\u00e0 t\u00ecnh nguy\u1ec7n vi\u00ean, b\u1ea5t k\u1ec3 gi\u1edbi t\u00ednh, ch\u1ee7ng t\u1ed9c, d\u00e2n t\u1ed9c, tu\u1ed5i t\u00e1c, khuynh h\u01b0\u1edbng t\u00ecnh d\u1ee5c ho\u1eb7c b\u1ea3n d\u1ea1ng, t\u00f4n gi\u00e1o, \u0111\u1ecba v\u1ecb kinh t\u1ebf x\u00e3 h\u1ed9i, tr\u00ecnh \u0111\u1ed9 h\u1ecdc v\u1ea5n ho\u1eb7c khuy\u1ebft t\u1eadt, \u0111\u1ec1u c\u1ea3m th\u1ea5y \u0111\u01b0\u1ee3c coi tr\u1ecdng v\u00e0 t\u00f4n tr\u1ecdng.<\/p>\n\t<h3>C\u01a1 h\u1ed9i b\u00ecnh \u0111\u1eb3ng<\/h3>\n<p>Ch\u00fang t\u00f4i cam k\u1ebft kh\u00f4ng ph\u00e2n bi\u1ec7t \u0111\u1ed1i x\u1eed \u0111\u1ec3 cung c\u1ea5p c\u01a1 h\u1ed9i b\u00ecnh \u0111\u1eb3ng cho vi\u1ec7c l\u00e0m v\u00e0 th\u0103ng ti\u1ebfn. Ch\u00fang t\u00f4i t\u00f4n tr\u1ecdng v\u00e0 coi tr\u1ecdng nh\u1eefng tr\u1ea3i nghi\u1ec7m s\u1ed1ng \u0111a d\u1ea1ng v\u00e0 n\u1ed7 l\u1ef1c h\u1ebft m\u00ecnh \u0111\u1ec3 \u0111\u1ea3m b\u1ea3o r\u1eb1ng m\u1ecdi ti\u1ebfng n\u00f3i \u0111\u1ec1u \u0111\u01b0\u1ee3c coi tr\u1ecdng v\u00e0 l\u1eafng nghe.<\/p>\n<p>Ch\u00fang t\u00f4i tin r\u1eb1ng c\u00e1c ho\u1ea1t \u0111\u1ed9ng \u0111a d\u1ea1ng, c\u00f4ng b\u1eb1ng v\u00e0 h\u00f2a nh\u1eadp ph\u1ea3i \u0111\u01b0\u1ee3c \u0111\u1eb7t l\u00ean h\u00e0ng \u0111\u1ea7u trong c\u00f4ng vi\u1ec7c ch\u00fang t\u00f4i th\u1ef1c hi\u1ec7n h\u00e0ng ng\u00e0y.<\/p>\n<h3>L\u00e3nh \u0111\u1ea1o \u0111a d\u1ea1ng<\/h3>\n<p>Ch\u00fang t\u00f4i cam k\u1ebft \u0111\u1ea3m b\u1ea3o th\u1eddi gian v\u00e0 ngu\u1ed3n l\u1ef1c \u0111\u01b0\u1ee3c ph\u00e2n b\u1ed5 \u0111\u1ec3 m\u1edf r\u1ed9ng s\u1ef1 l\u00e3nh \u0111\u1ea1o \u0111a d\u1ea1ng h\u01a1n trong ban qu\u1ea3n tr\u1ecb v\u00e0 nh\u00e2n vi\u00ean c\u1ee7a ch\u00fang t\u00f4i. C\u0169ng nh\u01b0 \u1ee7ng h\u1ed9 c\u00e1c ch\u00ednh s\u00e1ch c\u1ee7a khu v\u1ef1c c\u00f4ng v\u00e0 t\u01b0 nh\u00e2n th\u00fac \u0111\u1ea9y s\u1ef1 \u0111a d\u1ea1ng, c\u00f4ng b\u1eb1ng v\u00e0 h\u00f2a nh\u1eadp v\u00e0 th\u00e1ch th\u1ee9c c\u00e1c h\u1ec7 th\u1ed1ng v\u00e0 ch\u00ednh s\u00e1ch t\u1ea1o ra s\u1ef1 b\u1ea5t c\u00f4ng, \u00e1p b\u1ee9c v\u00e0 ch\u00eanh l\u1ec7ch.<\/p>\n\t\t\t\t<img decoding=\"async\" src=\"http:\/\/211md.org\/wp-content\/uploads\/2025\/06\/Diverse-group-of-workers.jpg\" alt=\"Nh\u00f3m c\u00f4ng nh\u00e2n \u0111a d\u1ea1ng\" itemprop=\"image\" title=\"Nh\u00f3m c\u00f4ng nh\u00e2n \u0111a d\u1ea1ng\" onerror=\"this.style.display='none'\" loading='lazy' \/>\n\t\t\t\t<img decoding=\"async\" src=\"https:\/\/211md.org\/wp-content\/plugins\/bb-plugin\/img\/pixel.png\" alt=\"\" itemprop=\"image\" onerror=\"this.style.display='none'\" loading='lazy' \/>\n\t\t\t\t<img decoding=\"async\" src=\"https:\/\/211md.org\/wp-content\/plugins\/bb-plugin\/img\/pixel.png\" alt=\"\" itemprop=\"image\" onerror=\"this.style.display='none'\" loading='lazy' \/>\n\t\t\t\t<img decoding=\"async\" src=\"http:\/\/211md.org\/wp-content\/uploads\/2025\/06\/Annapolis-Maryland.jpg\" alt=\"Annapolis Maryland\" itemprop=\"image\" title=\"Annapolis Maryland\" onerror=\"this.style.display='none'\" loading='lazy' \/>\n\t\t\t\t<img decoding=\"async\" src=\"https:\/\/211md.org\/wp-content\/plugins\/bb-plugin\/img\/pixel.png\" alt=\"\" itemprop=\"image\" onerror=\"this.style.display='none'\" loading='lazy' \/>\n\t<h3>C\u1ed9ng \u0111\u1ed3ng c\u1ee7a ch\u00fang t\u00f4i<\/h3>\n<p>Ch\u00fang t\u00f4i n\u00e2ng cao c\u1ed9ng \u0111\u1ed3ng b\u1eb1ng c\u00e1ch x\u00e1c \u0111\u1ecbnh v\u00e0 \u1ee7ng h\u1ed9 c\u00e1c d\u1ecbch v\u1ee5 \u0111\u00e1p \u1ee9ng nhu c\u1ea7u c\u01a1 b\u1ea3n, chung c\u1ee7a m\u1ed7i c\u00e1 nh\u00e2n.<\/p>\n<p>Ch\u00fang t\u00f4i cam k\u1ebft h\u1ed7 tr\u1ee3 quy\u1ec1n \u0111\u01b0\u1ee3c \u0111\u00e1p \u1ee9ng nh\u1eefng nhu c\u1ea7u thi\u1ebft y\u1ebfu c\u1ee7a con ng\u01b0\u1eddi.<\/p>","protected":false},"excerpt":{"rendered":"<p>M\u1ea1ng l\u01b0\u1edbi th\u00f4ng tin Maryland (MdInfoNet) cung c\u1ea5p n\u0103ng l\u01b0\u1ee3ng cho h\u1ec7 th\u1ed1ng 211 t\u1ea1i Maryland, t\u1ea1o ra m\u1ed9t n\u01a1i l\u00e0m vi\u1ec7c \u0111a d\u1ea1ng, c\u00f4ng b\u1eb1ng v\u00e0 to\u00e0n di\u1ec7n \u2013 n\u01a1i t\u1ea5t c\u1ea3 nh\u00e2n vi\u00ean, ban qu\u1ea3n l\u00fd v\u00e0 t\u00ecnh nguy\u1ec7n vi\u00ean, b\u1ea5t k\u1ec3 gi\u1edbi t\u00ednh, ch\u1ee7ng t\u1ed9c, d\u00e2n t\u1ed9c, \u0111\u1ed9 tu\u1ed5i, khuynh h\u01b0\u1edbng t\u00ecnh d\u1ee5c ho\u1eb7c b\u1ea3n d\u1ea1ng, t\u00f4n gi\u00e1o, \u0111\u1ecba v\u1ecb kinh t\u1ebf x\u00e3 h\u1ed9i, tr\u00ecnh \u0111\u1ed9 h\u1ecdc v\u1ea5n ho\u1eb7c khuy\u1ebft t\u1eadt, \u0111\u1ec1u c\u1ea3m th\u1ea5y \u0111\u01b0\u1ee3c coi tr\u1ecdng v\u00e0 t\u00f4n tr\u1ecdng. C\u01a1 h\u1ed9i b\u00ecnh \u0111\u1eb3ng Ch\u00fang t\u00f4i cam k\u1ebft th\u1ef1c hi\u1ec7n m\u1ed9t c\u00e1ch ti\u1ebfp c\u1eadn kh\u00f4ng ph\u00e2n bi\u1ec7t \u0111\u1ed1i x\u1eed\u2026<\/p>","protected":false},"author":7,"featured_media":0,"parent":521,"menu_order":0,"comment_status":"closed","ping_status":"closed","template":"","meta":{"footnotes":""},"class_list":["post-4812","page","type-page","status-publish","hentry"],"_links":{"self":[{"href":"https:\/\/211md.org\/vi\/wp-json\/wp\/v2\/pages\/4812","targetHints":{"allow":["GET"]}}],"collection":[{"href":"https:\/\/211md.org\/vi\/wp-json\/wp\/v2\/pages"}],"about":[{"href":"https:\/\/211md.org\/vi\/wp-json\/wp\/v2\/types\/page"}],"author":[{"embeddable":true,"href":"https:\/\/211md.org\/vi\/wp-json\/wp\/v2\/users\/7"}],"replies":[{"embeddable":true,"href":"https:\/\/211md.org\/vi\/wp-json\/wp\/v2\/comments?post=4812"}],"version-history":[{"count":3,"href":"https:\/\/211md.org\/vi\/wp-json\/wp\/v2\/pages\/4812\/revisions"}],"predecessor-version":[{"id":4818,"href":"https:\/\/211md.org\/vi\/wp-json\/wp\/v2\/pages\/4812\/revisions\/4818"}],"up":[{"embeddable":true,"href":"https:\/\/211md.org\/vi\/wp-json\/wp\/v2\/pages\/521"}],"wp:attachment":[{"href":"https:\/\/211md.org\/vi\/wp-json\/wp\/v2\/media?parent=4812"}],"curies":[{"name":"wp","href":"https:\/\/api.w.org\/{rel}","templated":true}]}}