{"id":4932,"date":"2025-08-18T17:21:52","date_gmt":"2025-08-18T21:21:52","guid":{"rendered":"https:\/\/211md.org\/?page_id=4932"},"modified":"2025-10-14T19:36:17","modified_gmt":"2025-10-14T23:36:17","slug":"noi-tru-an-an-toan","status":"publish","type":"page","link":"https:\/\/211md.org\/vi\/resources\/children-families\/safe-haven\/","title":{"rendered":"N\u01a1i tr\u00fa \u1ea9n an to\u00e0n: Tr\u1ee3 gi\u00fap cho c\u00e1c b\u1eadc cha m\u1eb9 m\u1edbi kh\u00f4ng th\u1ec3 ch\u0103m s\u00f3c con c\u00e1i"},"content":{"rendered":"<img decoding=\"async\" src=\"http:\/\/211md.org\/wp-content\/uploads\/2025\/07\/Pregnant-mom-looking-out-window.jpg\" alt=\"Ng\u01b0\u1eddi m\u1eb9 mang thai nh\u00ecn ra c\u1eeda s\u1ed5\" itemprop=\"image\" title=\"Ng\u01b0\u1eddi m\u1eb9 mang thai nh\u00ecn ra c\u1eeda s\u1ed5\" onerror=\"this.style.display='none'\" loading=\"lazy\" \/>\n\t<p>C\u00f3 s\u1ef1 tr\u1ee3 gi\u00fap d\u00e0nh cho nh\u1eefng ng\u01b0\u1eddi \u0111ang mang thai ho\u1eb7c nh\u1eefng ng\u01b0\u1eddi m\u1edbi sinh con v\u00e0 ch\u01b0a s\u1eb5n s\u00e0ng l\u00e0m cha m\u1eb9 ho\u1eb7c l\u1eadp gia \u0111\u00ecnh.<\/p>\n<h2>N\u01a1i tr\u00fa \u1ea9n an to\u00e0n l\u00e0 g\u00ec?<\/h2>\n<p>Safe Haven cung c\u1ea5p gi\u1ea3i ph\u00e1p thay th\u1ebf h\u1ee3p ph\u00e1p v\u00e0 an to\u00e0n cho cha m\u1eb9 \u0111\u1ec3 giao n\u1ed9p m\u1ed9t em b\u00e9 kh\u00f4ng b\u1ecb th\u01b0\u01a1ng d\u01b0\u1edbi 60 ng\u00e0y tu\u1ed5i m\u1ed9t c\u00e1ch \u1ea9n danh.<\/p>\n<p>S\u1ebd kh\u00f4ng c\u00f3 h\u1eadu qu\u1ea3 ph\u00e1p l\u00fd n\u00e0o khi s\u1eed d\u1ee5ng ch\u01b0\u01a1ng tr\u00ecnh n\u1ebfu em b\u00e9 \u0111\u00e3 \u0111\u01b0\u1ee3c ch\u0103m s\u00f3c cho \u0111\u1ebfn th\u1eddi \u0111i\u1ec3m \u0111\u00f3.<\/p>\n<p>B\u1ea1n kh\u00f4ng c\u1ea7n ph\u1ea3i tr\u1ea3 l\u1eddi b\u1ea5t k\u1ef3 c\u00e2u h\u1ecfi n\u00e0o.<\/p>\n<p>M\u1ee5c ti\u00eau l\u00e0 cung c\u1ea5p cho cha m\u1eb9 m\u1ed9t gi\u1ea3i ph\u00e1p thay th\u1ebf an to\u00e0n v\u00e0 cho tr\u1ebb s\u01a1 sinh m\u1ed9t kh\u1edfi \u0111\u1ea7u kh\u1ecfe m\u1ea1nh.<\/p>\n\t<h2>L\u00e0m th\u1ebf n\u00e0o n\u00f3 ho\u1ea1t \u0111\u1ed9ng<\/h2>\n<p>Cha m\u1eb9 ho\u1eb7c ng\u01b0\u1eddi l\u1edbn kh\u00e1c tr\u00ean 18 tu\u1ed5i c\u00f3 th\u1ec3 giao tr\u1ebb t\u1ea1i c\u01a1 s\u1edf \u0111\u01b0\u1ee3c ch\u1ec9 \u0111\u1ecbnh.<\/p>\n<p>Nh\u1eefng n\u01a1i n\u00e0y bao g\u1ed3m tr\u1ea1m c\u1ee9u h\u1ecfa, \u0111\u1ed3n c\u1ea3nh s\u00e1t ho\u1eb7c ph\u00f2ng kh\u00e1m \u0111\u01b0\u1ee3c ch\u1ec9 \u0111\u1ecbnh.<\/p>\n<p>Ch\u1ec9 c\u1ea7n n\u00f3i r\u1eb1ng, &quot;\u0110\u00e2y l\u00e0 m\u1ed9t \u0111\u1ee9a tr\u1ebb an to\u00e0n.&quot;<\/p>\n<p>V\u1edbi t\u01b0 c\u00e1ch l\u00e0 \u0111\u1ed1i t\u00e1c c\u1ee7a Safe Haven, 211 c\u00f3 th\u1ec3 k\u1ebft n\u1ed1i ng\u01b0\u1eddi d\u00e2n Maryland v\u1edbi c\u00e1c \u0111\u1ecba \u0111i\u1ec3m Safe Haven t\u1ea1i \u0111\u1ecba ph\u01b0\u01a1ng.<\/p>\n<p>H\u00e3y g\u1ecdi 211 v\u00e0 n\u00f3i chuy\u1ec7n v\u1edbi m\u1ed9t ng\u01b0\u1eddi chu \u0111\u00e1o v\u00e0 gi\u00e0u l\u00f2ng tr\u1eafc \u1ea9n, ng\u01b0\u1eddi s\u1ebd cung c\u1ea5p s\u1ef1 h\u1ed7 tr\u1ee3 \u0111\u00e1ng tin c\u1eady v\u00e0 r\u00f5 r\u00e0ng.<\/p>\n\t\t\t\t<img decoding=\"async\" src=\"https:\/\/211md.org\/wp-content\/uploads\/2025\/08\/Safe-Haven-logo-400x279.png\" alt=\"Bi\u1ec3u t\u01b0\u1ee3ng Safe Haven\" itemprop=\"image\" height=\"279\" width=\"400\" title=\"Bi\u1ec3u t\u01b0\u1ee3ng Safe Haven\" onerror=\"this.style.display='none'\" loading=\"lazy\" \/>\n\t\t<h3>T\u00ecm m\u1ed9t n\u01a1i tr\u00fa \u1ea9n an to\u00e0n<\/h3>\n\t\t<p>Ph\u1ee5 huynh c\u0169ng c\u00f3 th\u1ec3 t\u00ecm ki\u1ebfm \u0111\u1ecba \u0111i\u1ec3m \u1edf Maryland theo m\u00e3 ZIP.<\/p>\n<p>Khi ng\u01b0\u1eddi \u0111\u00f3 \u0111\u1ebfn c\u00f9ng v\u1edbi \u0111\u1ee9a b\u00e9 kh\u00f4ng b\u1ecb th\u01b0\u01a1ng, h\u00e3y n\u00f3i &quot;\u0110\u00e2y l\u00e0 \u0111\u1ee9a b\u00e9 \u0111\u01b0\u1ee3c \u0111\u01b0a \u0111\u1ebfn n\u01a1i an to\u00e0n&quot;.<\/p>\n\t\t\t<a href=\"https:\/\/search.211md.org\/search?query=LJ-5000.8000&#038;query_label=Safe+Havens+for+Abandoned+Newborns&#038;query_type=taxonomy\" target=\"_blank\" rel=\"noopener\">\n\t\t\t\t\t\t\tT\u00ecm m\u1ed9t n\u01a1i tr\u00fa \u1ea9n an to\u00e0n\n\t\t\t\t\t<\/a>\n\t<h3>C\u00e1c c\u00e2u h\u1ecfi th\u01b0\u1eddng g\u1eb7p<\/h3>\n<p>B\u1ea1n c\u00f3 th\u1eafc m\u1eafc? H\u00e3y t\u00ecm c\u00e2u tr\u1ea3 l\u1eddi ho\u1eb7c g\u1ecdi 211 \u0111\u1ec3 \u0111\u01b0\u1ee3c tr\u1ee3 gi\u00fap.<\/p>\n<h3>N\u01a1i tr\u00fa \u1ea9n an to\u00e0n l\u00e0 g\u00ec?<\/h3>\n<p>M\u1ed9t ch\u01b0\u01a1ng tr\u00ecnh \u0111\u01b0\u1ee3c thi\u1ebft k\u1ebf \u0111\u1ec3 b\u1ea3o v\u1ec7 tr\u1ebb s\u01a1 sinh kh\u1ecfi nguy hi\u1ec3m ho\u1eb7c t\u1eed vong v\u00e0 b\u1ea3o v\u1ec7 b\u1ea1n kh\u1ecfi h\u00e0nh \u0111\u1ed9ng ph\u00e1p l\u00fd.<\/p>\n<p>Tr\u1ebb em c\u00f3 th\u1ec3 \u0111\u01b0\u1ee3c giao n\u1ed9p m\u00e0 kh\u00f4ng b\u1ecb b\u1eaft gi\u1eef ho\u1eb7c truy t\u1ed1 trong v\u00f2ng 60 ng\u00e0y k\u1ec3 t\u1eeb ng\u00e0y sinh.<\/p>\n<h3>\u00dd b\u1ea1n l\u00e0 kh\u00f4ng b\u1ecb th\u01b0\u01a1ng l\u00e0 sao?<\/h3>\n<p>\u0110i\u1ec1u \u0111\u00f3 c\u00f3 ngh\u0129a l\u00e0 tr\u1ebb s\u01a1 sinh kh\u00f4ng b\u1ecb ng\u01b0\u1ee3c \u0111\u00e3i ho\u1eb7c b\u1ecf b\u00ea, v\u00e0 kh\u00f4ng c\u00f3 b\u1eb1ng ch\u1ee9ng v\u1ec1 th\u01b0\u01a1ng t\u00edch v\u1ec1 th\u1ec3 ch\u1ea5t ho\u1eb7c kh\u00f4ng ch\u0103m s\u00f3c tr\u1ebb.<\/p>\n<h3>C\u00f3 th\u1ec3 giao tr\u1ebb s\u01a1 sinh an to\u00e0n \u1edf \u0111\u00e2u?<\/h3>\n<p>Tr\u1ebb s\u01a1 sinh c\u00f3 th\u1ec3 \u0111\u01b0\u1ee3c giao n\u1ed9p \u1ea9n danh t\u1ea1i m\u1ed9t b\u1ec7nh vi\u1ec7n \u1edf Maryland, ph\u00f2ng kh\u00e1m y t\u1ebf \u0111\u01b0\u1ee3c ch\u1ec9 \u0111\u1ecbnh, \u0111\u1ed3n c\u1ea3nh s\u00e1t ho\u1eb7c \u0111\u1ed3n c\u1ee9u h\u1ecfa. <a href=\"https:\/\/search.211md.org\/search?query=LJ-5000.8000&amp;query_label=Safe+Havens+for+Abandoned+Newborns&amp;query_type=taxonomy\" target=\"_blank\" rel=\"noopener\">T\u00ecm ki\u1ebfm<\/a> \u0111\u1ec3 bi\u1ebft \u0111\u1ecba \u0111i\u1ec3m tr\u00fa \u1ea9n an to\u00e0n theo m\u00e3 ZIP ho\u1eb7c g\u1ecdi s\u1ed1 211.<\/p>\n<h3>Ng\u01b0\u1eddi ta n\u00ean n\u00f3i g\u00ec trong qu\u00e1 tr\u00ecnh b\u00e0n giao?<\/h3>\n<p>Ch\u1ec9 c\u1ea7n n\u00f3i &quot;\u0110\u00e2y l\u00e0 \u0111\u1ee9a tr\u1ebb an to\u00e0n&quot; r\u1ed3i b\u1ecf \u0111i.<\/p>\n<p>B\u1ea1n c\u00f3 th\u1ec3 \u0111\u01b0\u1ee3c h\u1ecfi v\u1ec1 s\u1ee9c kh\u1ecfe c\u1ee7a em b\u00e9 v\u00e0 ti\u1ec1n s\u1eed s\u1ee9c kh\u1ecfe gia \u0111\u00ecnh \u0111\u1ec3 ng\u01b0\u1eddi ch\u0103m s\u00f3c c\u00f3 th\u1ec3 ch\u0103m s\u00f3c tr\u1ebb s\u01a1 sinh t\u1ed1t h\u01a1n, nh\u01b0ng b\u1ea1n kh\u00f4ng c\u00f3 ngh\u0129a v\u1ee5 ph\u1ea3i tr\u1ea3 l\u1eddi nh\u1eefng c\u00e2u h\u1ecfi n\u00e0y.<\/p>\n<h3>T\u00f4i s\u1ee3 qu\u00e1. C\u00f3 ai c\u00f3 th\u1ec3 chuy\u1ec3n giao thay t\u00f4i kh\u00f4ng?<\/h3>\n<p>C\u00f3, mi\u1ec5n l\u00e0 h\u1ecd tr\u00ean 18 tu\u1ed5i. Kh\u00f4ng c\u1ea7n ph\u1ea3i tr\u1ea3 l\u1eddi b\u1ea5t k\u1ef3 c\u00e2u h\u1ecfi n\u00e0o.<\/p>\n<p>Ch\u1ec9 c\u1ea7n n\u00f3i, &quot;\u0110\u00e2y l\u00e0 n\u01a1i tr\u00fa \u1ea9n an to\u00e0n cho b\u00e9.&quot;<\/p>\n<h3>\u0110i\u1ec1u g\u00ec s\u1ebd x\u1ea3y ra v\u1edbi em b\u00e9?<\/h3>\n<p>Tr\u1ebb s\u01a1 sinh s\u1ebd \u0111\u01b0\u1ee3c ch\u0103m s\u00f3c y t\u1ebf c\u1ea7n thi\u1ebft v\u00e0 sau \u0111\u00f3 s\u1ebd \u0111\u01b0\u1ee3c xu\u1ea5t vi\u1ec7n \u0111\u1ebfn S\u1edf D\u1ecbch v\u1ee5 X\u00e3 h\u1ed9i \u0111\u1ecba ph\u01b0\u01a1ng v\u00e0 \u0111\u01b0\u1ee3c nh\u1eadn l\u00e0m con nu\u00f4i.<\/p>\n<h3>N\u1ebfu t\u00f4i \u0111\u1ed5i \u00fd th\u00ec sao?<\/h3>\n<p>M\u1ee5c ti\u00eau l\u00e0 \u0111\u01b0a em b\u00e9 \u0111\u1ebfn m\u1ed9t m\u00e1i \u1ea5m l\u00e2u d\u00e0i, an to\u00e0n v\u00e0 \u1ed5n \u0111\u1ecbnh. Tuy nhi\u00ean, c\u00e1 nh\u00e2n c\u00f3 th\u1ec3 li\u00ean h\u1ec7 v\u1edbi S\u1edf D\u1ecbch v\u1ee5 X\u00e3 h\u1ed9i \u0111\u1ecba ph\u01b0\u01a1ng.<\/p>\n<h3>Cha m\u1eb9 c\u00f3 th\u1ec3 nh\u1eadn \u0111\u01b0\u1ee3c d\u1ecbch v\u1ee5 ch\u0103m s\u00f3c y t\u1ebf \u1edf \u0111\u00e2u?<\/h3>\n<p>N\u1ebfu b\u1ea1n b\u1ecb \u0111au, ch\u1ea3y m\u00e1u nhi\u1ec1u ho\u1eb7c s\u1ed1t, h\u00e3y \u0111\u1ebfn ph\u00f2ng c\u1ea5p c\u1ee9u g\u1ea7n nh\u1ea5t ho\u1eb7c li\u00ean h\u1ec7 v\u1edbi b\u00e1c s\u0129 \u0111\u1ec3 \u0111\u01b0\u1ee3c gi\u00fap \u0111\u1ee1.<\/p>\n<p>H\u00e3y nh\u1edb r\u1eb1ng, vi\u1ec7c giao tr\u1ebb s\u01a1 sinh cho Safe Haven l\u00e0 h\u1ee3p ph\u00e1p v\u00e0 b\u1ea1n s\u1ebd kh\u00f4ng ph\u1ea3i \u0111\u1ed1i m\u1eb7t v\u1edbi h\u1eadu qu\u1ea3 n\u00e0o.<\/p>\n<h3>B\u1ea1n c\u00f2n th\u1eafc m\u1eafc n\u00e0o kh\u00e1c kh\u00f4ng?<\/h3>\n<p>Quay s\u1ed1 211, B\u1ed9 D\u1ecbch v\u1ee5 Nh\u00e2n sinh theo s\u1ed1 1-800-332-6347 ho\u1eb7c <a href=\"https:\/\/dhs.maryland.gov\/local-offices\/\" target=\"_blank\" rel=\"noopener\">\u0111\u1ecba ph\u01b0\u01a1ng<\/a> S\u1edf D\u1ecbch v\u1ee5 X\u00e3 h\u1ed9i. Cu\u1ed9c g\u1ecdi \u0111\u01b0\u1ee3c b\u1ea3o m\u1eadt. Vui l\u00f2ng y\u00eau c\u1ea7u n\u00f3i chuy\u1ec7n v\u1edbi ng\u01b0\u1eddi c\u1ee7a Safe Haven.<\/p>\n<p>&nbsp;<\/p>","protected":false},"excerpt":{"rendered":"<p>C\u00f3 d\u1ecbch v\u1ee5 h\u1ed7 tr\u1ee3 d\u00e0nh cho ph\u1ee5 n\u1eef mang thai ho\u1eb7c nh\u1eefng ng\u01b0\u1eddi m\u1edbi sinh con v\u00e0 ch\u01b0a s\u1eb5n s\u00e0ng l\u00e0m cha m\u1eb9 ho\u1eb7c l\u1eadp gia \u0111\u00ecnh. Safe Haven l\u00e0 g\u00ec? Safe Haven cung c\u1ea5p m\u1ed9t gi\u1ea3i ph\u00e1p thay th\u1ebf h\u1ee3p ph\u00e1p v\u00e0 an to\u00e0n cho c\u00e1c b\u1eadc cha m\u1eb9 \u0111\u1ec3 giao n\u1ed9p m\u1ed9t em b\u00e9 kh\u1ecfe m\u1ea1nh \u0111\u1ebfn 60 ng\u00e0y tu\u1ed5i m\u1ed9t c\u00e1ch \u1ea9n danh. Kh\u00f4ng c\u00f3\u2026<\/p>","protected":false},"author":7,"featured_media":4934,"parent":839,"menu_order":0,"comment_status":"closed","ping_status":"closed","template":"","meta":{"footnotes":""},"class_list":["post-4932","page","type-page","status-publish","has-post-thumbnail","hentry"],"_links":{"self":[{"href":"https:\/\/211md.org\/vi\/wp-json\/wp\/v2\/pages\/4932","targetHints":{"allow":["GET"]}}],"collection":[{"href":"https:\/\/211md.org\/vi\/wp-json\/wp\/v2\/pages"}],"about":[{"href":"https:\/\/211md.org\/vi\/wp-json\/wp\/v2\/types\/page"}],"author":[{"embeddable":true,"href":"https:\/\/211md.org\/vi\/wp-json\/wp\/v2\/users\/7"}],"replies":[{"embeddable":true,"href":"https:\/\/211md.org\/vi\/wp-json\/wp\/v2\/comments?post=4932"}],"version-history":[{"count":6,"href":"https:\/\/211md.org\/vi\/wp-json\/wp\/v2\/pages\/4932\/revisions"}],"predecessor-version":[{"id":4985,"href":"https:\/\/211md.org\/vi\/wp-json\/wp\/v2\/pages\/4932\/revisions\/4985"}],"up":[{"embeddable":true,"href":"https:\/\/211md.org\/vi\/wp-json\/wp\/v2\/pages\/839"}],"wp:featuredmedia":[{"embeddable":true,"href":"https:\/\/211md.org\/vi\/wp-json\/wp\/v2\/media\/4934"}],"wp:attachment":[{"href":"https:\/\/211md.org\/vi\/wp-json\/wp\/v2\/media?parent=4932"}],"curies":[{"name":"wp","href":"https:\/\/api.w.org\/{rel}","templated":true}]}}