{"id":521,"date":"2021-03-30T15:34:55","date_gmt":"2021-03-30T15:34:55","guid":{"rendered":"https:\/\/211md.org\/?page_id=521"},"modified":"2026-03-20T16:48:25","modified_gmt":"2026-03-20T20:48:25","slug":"about","status":"publish","type":"page","link":"https:\/\/211md.org\/vi\/about\/","title":{"rendered":"Kho\u1ea3ng 211 d\u1ecbch v\u1ee5 t\u1ea1i Maryland"},"content":{"rendered":"<figure itemscope=\"\" itemtype=\"https:\/\/schema.org\/ImageObject\">\n\t\t\t\t<img decoding=\"async\" src=\"https:\/\/211md.org\/wp-content\/uploads\/2021\/05\/UWCM-211MD-Call-Center-2-scaled.jpeg\" alt=\"Nh\u1eefng ng\u01b0\u1eddi l\u00e0m vi\u1ec7c t\u1ea1i m\u1ed9t trung t\u00e2m cu\u1ed9c g\u1ecdi\" height=\"1920\" width=\"2560\" title=\"Trung t\u00e2m cu\u1ed9c g\u1ecdi UWCM 211MD 2\" onerror=\"this.style.display='none'\" loading=\"lazy\">\n\t<\/figure>\n\t<p>211 l\u00e0 H\u1ec7 th\u1ed1ng th\u00f4ng tin v\u00e0 gi\u1edbi thi\u1ec7u d\u1ecbch v\u1ee5 y t\u1ebf v\u00e0 con ng\u01b0\u1eddi to\u00e0n di\u1ec7n nh\u1ea5t c\u1ee7a ti\u1ec3u bang t\u1ea1i Maryland. V\u1edbi h\u01a1n 7.500 ngu\u1ed3n l\u1ef1c, nh\u1eefng c\u00e1 nh\u00e2n c\u00f3 nhu c\u1ea7u thi\u1ebft y\u1ebfu c\u00f3 th\u1ec3 \u0111\u01b0\u1ee3c k\u1ebft n\u1ed1i v\u1edbi s\u1ef1 tr\u1ee3 gi\u00fap t\u1ea1i \u0111\u1ecba ph\u01b0\u01a1ng 24\/7\/365.<\/p>\n<p>C\u00e1c <a href=\"https:\/\/mdinfonet.org\/\" target=\"_blank\" rel=\"noopener\">M\u1ea1ng th\u00f4ng tin Maryland<\/a>, m\u1ed9t t\u1ed5 ch\u1ee9c phi l\u1ee3i nhu\u1eadn 501(c)(3), l\u00e0 \u0111\u01a1n v\u1ecb qu\u1ea3n l\u00fd \u0111\u01b0\u1ee3c nh\u00e0 n\u01b0\u1edbc \u1ee7y quy\u1ec1n c\u1ee7a 211 d\u1ecbch v\u1ee5 t\u1ea1i Maryland.<\/p>\n<h2>T\u00ecm Tr\u1ee3 gi\u00fap \u1edf Maryland<\/h2>\n<p>211 c\u00f3 th\u1ec3 gi\u00fap \u0111\u1ee1 v\u1ec1 th\u1ef1c ph\u1ea9m, nh\u00e0 \u1edf, nh\u1eadp c\u01b0, h\u1ed7 tr\u1ee3 ti\u1ec7n \u00edch v\u00e0 nhi\u1ec1u h\u01a1n n\u1eefa. C\u00f3 nhi\u1ec1u c\u00e1ch \u0111\u1ec3 k\u1ebft n\u1ed1i v\u00e0 nh\u1eadn tr\u1ee3 gi\u00fap.<\/p>\n<p>D\u01b0\u1edbi \u0111\u00e2y l\u00e0 c\u00e1ch nh\u1eadn tr\u1ee3 gi\u00fap:<\/p>\n<ul>\n<li>H\u00e3y g\u1ecdi 211 v\u00e0 n\u00f3i chuy\u1ec7n v\u1edbi ng\u01b0\u1eddi c\u00f3 th\u1ec3 gi\u00fap x\u00e1c \u0111\u1ecbnh nhu c\u1ea7u v\u00e0 ngu\u1ed3n l\u1ef1c.<\/li>\n<li><a href=\"https:\/\/search.211md.org\">T\u00ecm ki\u1ebfm<\/a> \u0111\u1ec3 l\u1ea5y t\u00e0i nguy\u00ean theo m\u00e3 ZIP v\u00e0 nhu c\u1ea7u.<\/li>\n<li><a href=\"https:\/\/211md.org\/vi\/tai-nguyen\/\">Nh\u1eadn th\u00f4ng tin v\u00e0 gi\u1edbi thi\u1ec7u t\u00e0i nguy\u00ean<\/a> cho nh\u1eefng nhu c\u1ea7u h\u00e0ng \u0111\u1ea7u nh\u01b0 th\u1ef1c ph\u1ea9m, nh\u00e0 \u1edf, vi\u1ec7c l\u00e0m, ch\u0103m s\u00f3c tr\u1ebb em v\u00e0 h\u01a1n th\u1ebf n\u1eefa.<\/li>\n<\/ul>\n<h2>\n\t\t\tK\u1ebft n\u1ed1i. \u0110\u01b0\u1ee3c gi\u00fap \u0111\u1ee1.\t<\/h2>\n\t<p>M\u1ea1ng l\u01b0\u1edbi th\u00f4ng tin Maryland gi\u00e1m s\u00e1t m\u1ea1ng l\u01b0\u1edbi to\u00e0n ti\u1ec3u bang <a href=\"\/vi\/about\/call-center-network\/\" target=\"_blank\" rel=\"noopener\">211 trung t\u00e2m cu\u1ed9c g\u1ecdi<\/a>, cung c\u1ea5p nh\u1eefng k\u1ebft n\u1ed1i thi\u1ebft y\u1ebfu cho ng\u01b0\u1eddi d\u00e2n Maryland khi h\u1ecd c\u1ea7n nh\u1ea5t. Ng\u01b0\u1eddi g\u1ecdi s\u1ebd t\u1ef1 \u0111\u1ed9ng \u0111\u01b0\u1ee3c chuy\u1ec3n \u0111\u1ebfn trung t\u00e2m cu\u1ed9c g\u1ecdi khu v\u1ef1c c\u1ee7a h\u1ecd \u0111\u1ec3 \u0111\u01b0\u1ee3c h\u1ed7 tr\u1ee3.<\/p>\n\t\t<figure itemscope=\"\" itemtype=\"https:\/\/schema.org\/ImageObject\">\n\t\t\t\t<a href=\"\/vi\/about\/duoc-giup-do\/\" target=\"_self\" itemprop=\"url\">\n\t\t\t\t<img decoding=\"async\" src=\"https:\/\/211md.org\/wp-content\/uploads\/bb-plugin\/cache\/Mask-Group-30@2x-circle-01b6aad86ad352fffd649857c06b7224-.png\" alt=\"ng\u01b0\u1eddi ph\u1ee5 n\u1eef nghe \u0111i\u1ec7n tho\u1ea1i c\u1ee7a c\u00f4 \u1ea5y\" height=\"525\" width=\"596\" title=\"Nh\u00f3m m\u1eb7t n\u1ea1 30@2x\" onerror=\"this.style.display='none'\" loading=\"lazy\">\n\t\t\t\t<\/a>\n\t<\/figure>\n<h3><a href=\"\/vi\/about\/duoc-giup-do\/\" target=\"_self\">Quay s\u1ed1<\/a><\/h3><p>C\u00e1c chuy\u00ean gia 211 l\u1eafng nghe, x\u00e1c \u0111\u1ecbnh t\u1ea5t c\u1ea3 c\u00e1c nhu c\u1ea7u ch\u01b0a \u0111\u01b0\u1ee3c \u0111\u00e1p \u1ee9ng, k\u1ebft n\u1ed1i ng\u01b0\u1eddi g\u1ecdi v\u1edbi c\u00e1c ngu\u1ed3n l\u1ef1c v\u00e0 theo d\u00f5i khi c\u1ea7n.<\/p>\n\t\t\t<a href=\"\/vi\/about\/duoc-giup-do\/\" target=\"_self\">\n\t\t\t\t\t\t\t\u0110\u01b0\u1ee3c gi\u00fap \u0111\u1ee1\n\t\t\t\t\t<\/a>\n\t\t<figure itemscope=\"\" itemtype=\"https:\/\/schema.org\/ImageObject\">\n\t\t\t\t<a href=\"https:\/\/search.211md.org\/\" target=\"_blank\" rel=\"noopener\" itemprop=\"url\">\n\t\t\t\t<img decoding=\"async\" src=\"https:\/\/211md.org\/wp-content\/uploads\/bb-plugin\/cache\/Mask-Group-22@2x-circle-8aa2b868bce1f6cf5ebb1a770d6d95f3-.png\" alt=\"Ng\u01b0\u1eddi ph\u1ee5 n\u1eef \u0111ang xem trang web 2-1-1 c\u1ee7a Maryland\" height=\"555\" width=\"650\" title=\"Nh\u00f3m m\u1eb7t n\u1ea1 22@2x\" onerror=\"this.style.display='none'\" loading=\"lazy\">\n\t\t\t\t<\/a>\n\t<\/figure>\n<h3><a href=\"https:\/\/search.211md.org\/\" target=\"_blank\" rel=\"noopener\">C\u01a1 s\u1edf d\u1eef li\u1ec7u t\u00e0i nguy\u00ean c\u00f3 th\u1ec3 t\u00ecm ki\u1ebfm<\/a><\/h3><p>T\u00ecm c\u00e1c ngu\u1ed3n l\u1ef1c thi\u1ebft y\u1ebfu trong c\u01a1 s\u1edf d\u1eef li\u1ec7u to\u00e0n di\u1ec7n nh\u1ea5t v\u1ec1 c\u00e1c nhu c\u1ea7u ch\u01b0a \u0111\u01b0\u1ee3c \u0111\u00e1p \u1ee9ng trong ti\u1ec3u bang.<\/p>\n\t\t\t<a href=\"https:\/\/search.211md.org\/\" target=\"_blank\" rel=\"noopener\">\n\t\t\t\t\t\t\tT\u00ecm ki\u1ebfm ngay b\u00e2y gi\u1edd\n\t\t\t\t\t<\/a>\n\t\t<figure itemscope=\"\" itemtype=\"https:\/\/schema.org\/ImageObject\">\n\t\t\t\t<a href=\"\/vi\/about\/tin-nhan-2\/\" target=\"_self\" itemprop=\"url\">\n\t\t\t\t<img decoding=\"async\" src=\"https:\/\/211md.org\/wp-content\/uploads\/bb-plugin\/cache\/About-One-Stop-2-circle-42d490bec6afa7775023868490c61c80-.png\" alt=\"m\u1ed9t ng\u01b0\u1eddi \u0111\u1ee9ng s\u1eed d\u1ee5ng \u0111i\u1ec7n tho\u1ea1i di \u0111\u1ed9ng\" height=\"525\" width=\"596\" title=\"About-One Stop-2\" onerror=\"this.style.display='none'\" loading=\"lazy\">\n\t\t\t\t<\/a>\n\t<\/figure>\n<h3><a href=\"\/vi\/about\/tin-nhan-2\/\" target=\"_self\">Tin nh\u1eafn v\u0103n b\u1ea3n h\u1ed7 tr\u1ee3 \u0111ang di\u1ec5n ra<\/a><\/h3><p>Tin nh\u1eafn v\u0103n b\u1ea3n ti\u1ebfng Anh v\u00e0 ti\u1ebfng T\u00e2y Ban Nha t\u00f9y ch\u1ec9nh cung c\u1ea5p th\u00f4ng tin v\u00e0 truy\u1ec1n c\u1ea3m h\u1ee9ng theo y\u00eau c\u1ea7u.<\/p>\n\t\t\t<a href=\"\/vi\/about\/tin-nhan-2\/\" target=\"_self\">\n\t\t\t\t\t\t\t\u0110\u0103ng k\u00fd\n\t\t\t\t\t<\/a>\n\t\t7,000+\n\t\t\t\t\tAgencies &amp; Programs\n\t\t150+\n\t\t\t\t\tAvailable Languages\n\t\t24\/7\/365\n\t\t\t\t\tReady to Help\n\t\t200k\n\t\t\t\t\tText Subscribers\n<h2>\n\t\t\tV\u1ec1 h\u00e0nh tr\u00ecnh c\u1ee7a ch\u00fang t\u00f4i\t<\/h2>\n\t<p>M\u1eb7c d\u00f9 c\u00f4ng vi\u1ec7c b\u1eaft \u0111\u1ea7u v\u00e0o nh\u1eefng n\u0103m 1960 \u0111\u1ec3 ph\u00e1t tri\u1ec3n ngu\u1ed3n th\u00f4ng tin v\u00e0 gi\u1edbi thi\u1ec7u trung t\u00e2m, nh\u01b0ng ph\u1ea3i nhi\u1ec1u th\u1eadp k\u1ef7 sau, 211 m\u1edbi tr\u1edf th\u00e0nh c\u01a1 quan k\u1ebft n\u1ed1i m\u1ed9t c\u1eeda cho c\u00e1c d\u1ecbch v\u1ee5 y t\u1ebf v\u00e0 con ng\u01b0\u1eddi \u1edf Maryland.<\/p>\n<h2>\n\t\t\t1960\t<\/h2>\n\t<p>H\u1ed9i \u0111\u1ed3ng c\u00e1c C\u01a1 quan X\u00e3 h\u1ed9i Baltimore d\u1eabn \u0111\u1ea7u n\u1ed7 l\u1ef1c \u0111\u1ea7u ti\u00ean \u0111\u1ec3 ph\u00e1t tri\u1ec3n m\u1ed9t d\u1ecbch v\u1ee5 gi\u1edbi thi\u1ec7u v\u00e0 th\u00f4ng tin trung t\u00e2m.<\/p>\n\t<p>H\u1ed9i \u0111\u1ed3ng Y t\u1ebf v\u00e0 Ph\u00fac l\u1ee3i b\u1eaft \u0111\u1ea7u n\u1ed7 l\u1ef1c \u0111\u1ea7u ti\u00ean \u0111\u1ec3 t\u1ea1o c\u01a1 s\u1edf d\u1eef li\u1ec7u d\u1ecbch v\u1ee5 nh\u00e2n sinh v\u00e0 y t\u1ebf to\u00e0n di\u1ec7n, d\u1ef1a tr\u00ean m\u00e1y t\u00ednh cho Maryland.<\/p>\n<h2>\n\t\t\t1983\t<\/h2>\n<h2>\n\t\t\t2000\t<\/h2>\n\t<p>\u1ee6y ban Truy\u1ec1n th\u00f4ng Li\u00ean bang (FCC) ch\u1ec9 \u0111\u1ecbnh 211 l\u00e0 m\u00e3 truy c\u1eadp 3 ch\u1eef s\u1ed1 qu\u1ed1c gia cho th\u00f4ng tin v\u00e0 gi\u1edbi thi\u1ec7u d\u1ecbch v\u1ee5 y t\u1ebf v\u00e0 con ng\u01b0\u1eddi.<\/p>\n<p>United Way of Central Maryland (UWCM) tri\u1ec7u t\u1eadp L\u1ef1c l\u01b0\u1ee3ng \u0110\u1eb7c nhi\u1ec7m 211 Maryland \u0111\u1ec3 chu\u1ea9n b\u1ecb v\u00e0 l\u1eadp k\u1ebf ho\u1ea1ch cho h\u1ec7 th\u1ed1ng 211 c\u1ee7a Maryland.<\/p>\n\t<p>Lu\u1eadt ph\u00e1p ti\u1ec3u bang quy \u0111\u1ecbnh 211 l\u00e0 s\u1ed1 \u0111i\u1ec7n tho\u1ea1i th\u00f4ng tin v\u00e0 gi\u1edbi thi\u1ec7u ch\u00ednh cho c\u00e1c d\u1ecbch v\u1ee5 y t\u1ebf v\u00e0 con ng\u01b0\u1eddi \u1edf Maryland.<\/p>\n<p>B\u1ed1n trung t\u00e2m cu\u1ed9c g\u1ecdi khu v\u1ef1c (D\u1ecbch v\u1ee5 Kh\u1ee7ng ho\u1ea3ng C\u1ed9ng \u0111\u1ed3ng, Trung t\u00e2m Kh\u1ee7ng ho\u1ea3ng Cu\u1ed9c s\u1ed1ng, Hi\u1ec7p h\u1ed9i S\u1ee9c kh\u1ecfe T\u00e2m th\u1ea7n c\u1ee7a Qu\u1eadn Frederick v\u00e0 United Way of Central Maryland) \u0111\u1ed3ng \u00fd tham gia D\u1ef1 \u00e1n Th\u00ed \u0111i\u1ec3m k\u00e9o d\u00e0i hai n\u0103m.<\/p>\n<h2>\n\t\t\t2004\t<\/h2>\n<h2>\n\t\t\t2010\t<\/h2>\n\t<p>Th\u00e0nh l\u1eadp \u201cM\u1ea1ng th\u00f4ng tin Maryland, 211 Maryland, Inc.\u201d<\/p>\n\t<p>211 Maryland \u0111\u1ea1t \u0111\u01b0\u1ee3c tr\u1ea1ng th\u00e1i phi l\u1ee3i nhu\u1eadn 501(c)(3) v\u00e0 b\u1eaft \u0111\u1ea7u th\u1ef1c hi\u1ec7n.<\/p>\n<h2>\n\t\t\t2011\t<\/h2>\n<h2>\n\t\t\t2018\t<\/h2>\n\t<p>211 Maryland t\u00edch h\u1ee3p \u0111\u01b0\u1eddng d\u00e2y n\u00f3ng kh\u1ee7ng ho\u1ea3ng 1-800 tr\u00ean to\u00e0n ti\u1ec3u bang v\u00e0o h\u1ec7 th\u1ed1ng 211 \u0111\u1ec3 t\u1ea1o ra 211 Press 1, hi\u1ec7n l\u00e0 988.<\/p>\n\t<p>Lu\u1eadt ph\u00e1p ti\u1ec3u bang \u0111\u1eb7t quy\u1ec1n ki\u1ec3m so\u00e1t h\u1ec7 th\u1ed1ng 211 c\u1ee7a Maryland v\u00e0o 211 MD, Inc.<\/p>\n<h2>\n\t\t\t2020\t<\/h2>\n\t\t\t<a href=\"\/vi\/cong-su\/\" target=\"_self\">\n\t\t\t\t\t\t\tH\u00e3y h\u1ee3p t\u00e1c\n\t\t\t\t\t<\/a>","protected":false},"excerpt":{"rendered":"<p>211 l\u00e0 H\u1ec7 th\u1ed1ng th\u00f4ng tin v\u00e0 gi\u1edbi thi\u1ec7u d\u1ecbch v\u1ee5 y t\u1ebf v\u00e0 con ng\u01b0\u1eddi to\u00e0n di\u1ec7n nh\u1ea5t c\u1ee7a ti\u1ec3u bang t\u1ea1i Maryland. V\u1edbi h\u01a1n 7.500 ngu\u1ed3n l\u1ef1c, nh\u1eefng c\u00e1 nh\u00e2n c\u00f3 nhu c\u1ea7u thi\u1ebft y\u1ebfu c\u00f3 th\u1ec3 \u0111\u01b0\u1ee3c k\u1ebft n\u1ed1i v\u1edbi s\u1ef1 tr\u1ee3 gi\u00fap t\u1ea1i \u0111\u1ecba ph\u01b0\u01a1ng 24\/7\/365. Maryland Information Network, m\u1ed9t t\u1ed5 ch\u1ee9c phi l\u1ee3i nhu\u1eadn 501(c)(3), l\u00e0 \u0111\u01a1n v\u1ecb qu\u1ea3n l\u00fd \u0111\u01b0\u1ee3c ti\u1ec3u bang \u1ee7y quy\u1ec1n c\u1ee7a c\u00e1c d\u1ecbch v\u1ee5 211 t\u1ea1i Maryland. T\u00ecm ki\u1ebfm s\u1ef1 tr\u1ee3 gi\u00fap t\u1ea1i Maryland 211 c\u00f3 th\u1ec3 gi\u00fap \u0111\u1ee1 v\u1edbi\u2026<\/p>","protected":false},"author":8,"featured_media":1830,"parent":0,"menu_order":0,"comment_status":"closed","ping_status":"closed","template":"","meta":{"footnotes":""},"class_list":["post-521","page","type-page","status-publish","has-post-thumbnail","hentry"],"_links":{"self":[{"href":"https:\/\/211md.org\/vi\/wp-json\/wp\/v2\/pages\/521","targetHints":{"allow":["GET"]}}],"collection":[{"href":"https:\/\/211md.org\/vi\/wp-json\/wp\/v2\/pages"}],"about":[{"href":"https:\/\/211md.org\/vi\/wp-json\/wp\/v2\/types\/page"}],"author":[{"embeddable":true,"href":"https:\/\/211md.org\/vi\/wp-json\/wp\/v2\/users\/8"}],"replies":[{"embeddable":true,"href":"https:\/\/211md.org\/vi\/wp-json\/wp\/v2\/comments?post=521"}],"version-history":[{"count":8,"href":"https:\/\/211md.org\/vi\/wp-json\/wp\/v2\/pages\/521\/revisions"}],"predecessor-version":[{"id":34425,"href":"https:\/\/211md.org\/vi\/wp-json\/wp\/v2\/pages\/521\/revisions\/34425"}],"wp:featuredmedia":[{"embeddable":true,"href":"https:\/\/211md.org\/vi\/wp-json\/wp\/v2\/media\/1830"}],"wp:attachment":[{"href":"https:\/\/211md.org\/vi\/wp-json\/wp\/v2\/media?parent=521"}],"curies":[{"name":"wp","href":"https:\/\/api.w.org\/{rel}","templated":true}]}}