{"id":669,"date":"2021-04-01T18:13:40","date_gmt":"2021-04-01T18:13:40","guid":{"rendered":"https:\/\/211md.org\/?page_id=669"},"modified":"2026-03-20T16:48:21","modified_gmt":"2026-03-20T20:48:21","slug":"cau-hoi-thuong-gap","status":"publish","type":"page","link":"https:\/\/211md.org\/vi\/about\/faq\/","title":{"rendered":"211 c\u00e2u h\u1ecfi th\u01b0\u1eddng g\u1eb7p v\u1ec1 MD"},"content":{"rendered":"<h2>C\u00e1c c\u00e2u h\u1ecfi th\u01b0\u1eddng g\u1eb7p<\/h2>\n<p>T\u00ecm hi\u1ec3u th\u00eam v\u1ec1 C\u00e2u h\u1ecfi th\u01b0\u1eddng g\u1eb7p chung c\u1ee7a ch\u00fang t\u00f4i b\u00ean d\u01b0\u1edbi ho\u1eb7c <a href=\"https:\/\/211md.org\/vi\/cong-su\/#faq\">gh\u00e9 th\u0103m trang \u0110\u1ed1i t\u00e1c c\u1ee7a ch\u00fang t\u00f4i<\/a> \u0111\u1ec3 bi\u1ebft C\u00e2u h\u1ecfi th\u01b0\u1eddng g\u1eb7p c\u1ee7a \u0110\u1ed1i t\u00e1c.<\/p>\n\t\t\t\t\t<h3 id=\"fl-accordion--label-0\" tabindex=\"0\" aria-controls=\"fl-accordion--panel-0\">211 Maryland l\u00e0 g\u00ec?<\/h3>\n\t\t\t\t\t\t\t\t\t\t\t<a href=\"#\" id=\"fl-accordion--icon-0\"  tabindex=\"0\"><i title=\"S\u1ee5p \u0111\u1ed5\">S\u1ee5p \u0111\u1ed5<\/i><\/a>\n\t\t\t\t\t<p>211 l\u00e0 H\u1ec7 th\u1ed1ng Th\u00f4ng tin v\u00e0 Gi\u1edbi thi\u1ec7u v\u1ec1 d\u1ecbch v\u1ee5 y t\u1ebf v\u00e0 nh\u00e2n sinh to\u00e0n di\u1ec7n nh\u1ea5t c\u1ee7a ti\u1ec3u bang. V\u1edbi h\u01a1n 7.500 ngu\u1ed3n l\u1ef1c, nh\u1eefng ng\u01b0\u1eddi c\u00f3 nhu c\u1ea7u thi\u1ebft y\u1ebfu c\u00f3 th\u1ec3 \u0111\u01b0\u1ee3c k\u1ebft n\u1ed1i v\u1edbi d\u1ecbch v\u1ee5 h\u1ed7 tr\u1ee3 t\u1ea1i \u0111\u1ecba ph\u01b0\u01a1ng 24\/7\/365. 211 Maryland l\u00e0 d\u1ecbch v\u1ee5 mi\u1ec5n ph\u00ed v\u00e0 b\u1ea3o m\u1eadt, v\u1edbi d\u1ecbch v\u1ee5 phi\u00ean d\u1ecbch sang h\u01a1n 150 ng\u00f4n ng\u1eef.<\/p>\n<p>C\u00e1c\u00a0<a href=\"https:\/\/mdinfonet.org\/\" target=\"_blank\" rel=\"noopener\">M\u1ea1ng th\u00f4ng tin Maryland<\/a>, m\u1ed9t t\u1ed5 ch\u1ee9c phi l\u1ee3i nhu\u1eadn 501(c)3, l\u00e0 \u0111\u01a1n v\u1ecb qu\u1ea3n l\u00fd \u0111\u01b0\u1ee3c nh\u00e0 n\u01b0\u1edbc ch\u1ec9 \u0111\u1ecbnh c\u1ee7a h\u1ec7 th\u1ed1ng 211 t\u1ea1i Maryland.<\/p>\n\t\t\t\t\t<h3 id=\"fl-accordion--label-1\" tabindex=\"0\" aria-controls=\"fl-accordion--panel-1\">L\u00e0m c\u00e1ch n\u00e0o \u0111\u1ec3 truy c\u1eadp 211 T\u00e0i nguy\u00ean Maryland?<\/h3>\n\t\t\t\t\t\t\t\t\t\t\t<a href=\"#\" id=\"fl-accordion--icon-1\"  tabindex=\"0\"><i title=\"M\u1edf r\u1ed9ng\">M\u1edf r\u1ed9ng<\/i><\/a>\n\t\t\t\t\t<p>K\u1ebft n\u1ed1i 24\/7\/365 v\u1edbi 211 b\u1eb1ng c\u00e1ch:<\/p>\n<ul>\n<li>quay s\u1ed1\u00a0<strong>211\u00a0<\/strong>t\u1eeb b\u1ea5t k\u1ef3 \u0111i\u1ec7n tho\u1ea1i n\u00e0o.<\/li>\n<li><a href=\"https:\/\/search.211md.org\/\" target=\"_blank\" rel=\"noopener\">T\u00ecm ki\u1ebfm c\u01a1 s\u1edf d\u1eef li\u1ec7u c\u1ee7a ch\u00fang t\u00f4i.<\/a><\/li>\n<li><a href=\"https:\/\/211md.org\/vi\/about\/tin-nhan-2\/\" rel=\"noopener\">\u0110\u0103ng k\u00fd li\u00ean t\u1ee5c, h\u1ed7 tr\u1ee3 tin nh\u1eafn v\u0103n b\u1ea3n<\/a>.<\/li>\n<\/ul>\n<p>\u0110\u00f3 l\u00e0 m\u1ed9t t\u00e0i nguy\u00ean c\u1ed9ng \u0111\u1ed3ng MI\u1ec4N PH\u00cd v\u00e0 b\u00ed m\u1eadt c\u00f3 s\u1eb5n cho\u00a0<u>m\u1ecdi ng\u01b0\u1eddi<\/u>\u00a0\u1edf Maryland. D\u1ecbch v\u1ee5 nh\u1eafn tin v\u0103n b\u1ea3n v\u00e0 d\u1eef li\u1ec7u c\u00f3 th\u1ec3 \u0111\u01b0\u1ee3c \u00e1p d\u1ee5ng.<\/p>\n\t\t\t\t\t<h3 id=\"fl-accordion--label-2\" tabindex=\"0\" aria-controls=\"fl-accordion--panel-2\">S\u1ed1 \u0111i\u1ec7n tho\u1ea1i c\u1ee7a 211 Maryland l\u00e0 g\u00ec?<\/h3>\n\t\t\t\t\t\t\t\t\t\t\t<a href=\"#\" id=\"fl-accordion--icon-2\"  tabindex=\"0\"><i title=\"M\u1edf r\u1ed9ng\">M\u1edf r\u1ed9ng<\/i><\/a>\n\t\t\t\t\t<p>Li\u00ean h\u1ec7 211 Maryland b\u1eb1ng c\u00e1ch quay s\u1ed1 211. C\u00e1c chuy\u00ean gia lu\u00f4n s\u1eb5n s\u00e0ng ph\u1ee5c v\u1ee5 24\/7\/365.<\/p>\n\t\t\t\t\t<h3 id=\"fl-accordion--label-3\" tabindex=\"0\" aria-controls=\"fl-accordion--panel-3\">Khi n\u00e0o t\u00f4i c\u00f3 th\u1ec3 g\u1ecdi t\u1edbi s\u1ed1 211 Maryland?<\/h3>\n\t\t\t\t\t\t\t\t\t\t\t<a href=\"#\" id=\"fl-accordion--icon-3\"  tabindex=\"0\"><i title=\"M\u1edf r\u1ed9ng\">M\u1edf r\u1ed9ng<\/i><\/a>\n\t\t\t\t\t<p>211 ho\u1ea1t \u0111\u1ed9ng 24 gi\u1edd m\u1ed9t ng\u00e0y, 7 ng\u00e0y m\u1ed9t tu\u1ea7n, 365 ng\u00e0y m\u1ed9t n\u0103m.<\/p>\n\t\t\t\t\t<h3 id=\"fl-accordion--label-4\" tabindex=\"0\" aria-controls=\"fl-accordion--panel-4\">L\u00e0m th\u1ebf n\u00e0o 211 Maryland c\u00f3 th\u1ec3 gi\u00fap t\u00f4i?<\/h3>\n\t\t\t\t\t\t\t\t\t\t\t<a href=\"#\" id=\"fl-accordion--icon-4\"  tabindex=\"0\"><i title=\"M\u1edf r\u1ed9ng\">M\u1edf r\u1ed9ng<\/i><\/a>\n\t\t\t\t\t<p><strong>Th\u00f4ng tin \u0111\u1ed3ng c\u1ea3m v\u00e0 gi\u1edbi thi\u1ec7u\u00a0<\/strong>C\u00e1c chuy\u00ean gia hi\u1ec3u r\u1eb1ng vi\u1ec7c t\u00ecm ki\u1ebfm th\u00f4ng tin \u0111\u00f4i khi r\u1ea5t kh\u00f3 kh\u0103n gi\u1eefa m\u00ea cung nh\u00e2n l\u1ef1c v\u00e0 y t\u1ebf. H\u1ecd s\u1ebd s\u1eed d\u1ee5ng m\u00e3 ZIP c\u1ee7a b\u1ea1n \u0111\u1ec3 t\u00ecm ki\u1ebfm trong c\u01a1 s\u1edf d\u1eef li\u1ec7u ngu\u1ed3n l\u1ef1c c\u1eadp nh\u1eadt c\u1ee7a ch\u00fang t\u00f4i v\u1edbi h\u01a1n 7.000 c\u01a1 quan v\u00e0 d\u1ecbch v\u1ee5. Ch\u00fang t\u00f4i s\u1ebd k\u1ebft n\u1ed1i b\u1ea1n v\u1edbi c\u00e1c t\u1ed5 ch\u1ee9c v\u00e0 d\u1ecbch v\u1ee5 t\u1ed1t nh\u1ea5t g\u1ea7n b\u1ea1n v\u00e0 gi\u1ea3i \u0111\u00e1p c\u00e1c c\u00e2u h\u1ecfi v\u1ec1 nh\u1eefng nhu c\u1ea7u ch\u01b0a \u0111\u01b0\u1ee3c \u0111\u00e1p \u1ee9ng sau:<\/p>\n<ul>\n<li>\u0110\u1ed3 \u0103n<\/li>\n<li>Nh\u00e0 \u1edf v\u00e0 n\u01a1i tr\u00fa \u1ea9n<\/li>\n<li>N\u01a1i tr\u00fa \u1ea9n kh\u1ea9n c\u1ea5p<\/li>\n<li>h\u1ed7 tr\u1ee3 ti\u1ec7n \u00edch<\/li>\n<li>H\u1ed7 tr\u1ee3 t\u00e0i ch\u00ednh<\/li>\n<li>S\u1ee9c kh\u1ecfe tinh th\u1ea7n<\/li>\n<li>l\u1ea1m d\u1ee5ng ch\u1ea5t k\u00edch th\u00edch<\/li>\n<li>T\u1ef1 t\u1eed v\u00e0 can thi\u1ec7p kh\u1ee7ng ho\u1ea3ng<\/li>\n<li>x\u00e9t nghi\u1ec7m COVID-19<\/li>\n<li>Ch\u0103m s\u00f3c s\u1ee9c kh\u1ecfe<\/li>\n<li>Tr\u1ebb em v\u00e0 gia \u0111\u00ecnh (ch\u0103m s\u00f3c tr\u1ebb em, h\u1ed7 tr\u1ee3 nu\u00f4i d\u1ea1y con c\u00e1i, \u0111\u1ed3 d\u00f9ng v\u00e0 qu\u1ea7n \u00e1o v\u00e0 s\u1ef1 s\u1eb5n s\u00e0ng \u0111i h\u1ecdc)<\/li>\n<li>L\u00e3o h\u00f3a v\u00e0 khuy\u1ebft t\u1eadt<\/li>\n<li>D\u1ecbch v\u1ee5 ph\u00e1p l\u00fd<\/li>\n<li>Th\u00f4ng tin khai thu\u1ebf<\/li>\n<li>c\u1ef1u chi\u1ebfn binh<\/li>\n<li>b\u1ea1o l\u1ef1c gia \u0111\u00ecnh<\/li>\n<li>Thu\u00ea ng\u01b0\u1eddi l\u00e0m<\/li>\n<li>V\u1eadn t\u1ea3i<\/li>\n<\/ul>\n<p>\u0110\u1ebfn cu\u1ed1i cu\u1ed9c g\u1ecdi, b\u1ea1n s\u1ebd s\u1eb5n s\u00e0ng h\u00e0nh \u0111\u1ed9ng \u0111\u1ec3 nh\u1eadn \u0111\u01b0\u1ee3c s\u1ef1 tr\u1ee3 gi\u00fap c\u1ea7n thi\u1ebft.<\/p>\n\t\t\t\t\t<h3 id=\"fl-accordion--label-5\" tabindex=\"0\" aria-controls=\"fl-accordion--panel-5\">T\u00f4i c\u00f3 th\u1ec3 mong \u0111\u1ee3i \u0111i\u1ec1u g\u00ec khi g\u1ecdi \u0111i\u1ec7n?<\/h3>\n\t\t\t\t\t\t\t\t\t\t\t<a href=\"#\" id=\"fl-accordion--icon-5\"  tabindex=\"0\"><i title=\"M\u1edf r\u1ed9ng\">M\u1edf r\u1ed9ng<\/i><\/a>\n\t\t\t\t\t<ol>\n<li>Quay s\u1ed1 211.<\/li>\n<li>M\u1ed9t chuy\u00ean gia 211 s\u1ebd\u00a0<strong>Nghe<\/strong>\u00a0cho m\u1ed1i quan t\u00e2m c\u1ee7a b\u1ea1n.<\/li>\n<li>Chuy\u00ean gia s\u1ebd \u0111\u1eb7t c\u00e2u h\u1ecfi cho\u00a0<strong>x\u00e1c \u0111\u1ecbnh nhu c\u1ea7u ch\u01b0a \u0111\u01b0\u1ee3c \u0111\u00e1p \u1ee9ng c\u1ee7a b\u1ea1n<\/strong>.<\/li>\n<li>b\u1ea1n s\u1ebd cung c\u1ea5p c\u1ee7a b\u1ea1n<strong>\u00a0v\u1ecb tr\u00ed<\/strong>\u00a0\u0111\u1ec3 gi\u00fap x\u00e1c \u0111\u1ecbnh c\u00e1c ngu\u1ed3n l\u1ef1c trong khu v\u1ef1c c\u1ee7a b\u1ea1n.<\/li>\n<li>b\u1ea1n c\u00f3 th\u1ec3 cung c\u1ea5p\u00a0<strong>th\u00f4ng tin li\u00ean l\u1ea1c<\/strong>\u00a0n\u1ebfu b\u1ea1n mu\u1ed1n m\u1ed9t cu\u1ed9c g\u1ecdi ti\u1ebfp theo \u0111\u1ec3 cung c\u1ea5p c\u00e1c t\u00e0i nguy\u00ean b\u1ed5 sung.<\/li>\n<li>Chuy\u00ean gia t\u00e0i nguy\u00ean cu\u1ed9c g\u1ecdi k\u1ebft n\u1ed1i b\u1ea1n v\u1edbi\u00a0<strong>t\u00e0i nguy\u00ean<\/strong>.<\/li>\n<\/ol>\n<p>T\u1ea5t c\u1ea3 c\u00e1c cu\u1ed9c g\u1ecdi \u0111\u1ec1u \u0111\u01b0\u1ee3c b\u1ea3o m\u1eadt.<\/p>\n\t\t\t\t\t<h3 id=\"fl-accordion--label-6\" tabindex=\"0\" aria-controls=\"fl-accordion--panel-6\">\u0110i\u1ec1u g\u00ec x\u1ea3y ra n\u1ebfu \u0111i\u1ec7n tho\u1ea1i di \u0111\u1ed9ng c\u1ee7a t\u00f4i kh\u00f4ng k\u1ebft n\u1ed1i v\u1edbi 211 Maryland?<\/h3>\n\t\t\t\t\t\t\t\t\t\t\t<a href=\"#\" id=\"fl-accordion--icon-6\"  tabindex=\"0\"><i title=\"M\u1edf r\u1ed9ng\">M\u1edf r\u1ed9ng<\/i><\/a>\n\t\t\t\t\t<p>H\u1ea7u h\u1ebft c\u00e1c \u0111i\u1ec7n tho\u1ea1i \u0111\u1ec1u h\u1ed7 tr\u1ee3 quay s\u1ed1 211. N\u1ebfu b\u1ea1n g\u1eb7p s\u1ef1 c\u1ed1, b\u1ea1n c\u0169ng c\u00f3 th\u1ec3 g\u1ecdi:<\/p>\n<ul>\n<li>Nam (Th\u1ee7 \u0111\u00f4) Maryland: 1-866-770-1910<\/li>\n<li>Trung t\u00e2m Maryland: 1-866-406-8156<\/li>\n<li>B\u1edd \u0110\u00f4ng: 1-866-231-7101<\/li>\n<li>T\u00e2y Maryland: 1-866-411-6803<\/li>\n<\/ul>\n\t\t\t\t\t<h3 id=\"fl-accordion--label-7\" tabindex=\"0\" aria-controls=\"fl-accordion--panel-7\">N\u1ebfu T\u00f4i B\u1ecb \u0110i\u1ebfc Ho\u1eb7c L\u00e3ng Tai Th\u00ec Sao?<\/h3>\n\t\t\t\t\t\t\t\t\t\t\t<a href=\"#\" id=\"fl-accordion--icon-7\"  tabindex=\"0\"><i title=\"M\u1edf r\u1ed9ng\">M\u1edf r\u1ed9ng<\/i><\/a>\n\t\t\t\t\t<p>G\u1ecdi 7-1-1 \u0111\u1ec3 truy c\u1eadp 211 Maryland th\u00f4ng qua Maryland Relay.<\/p>\n\t\t\t\t\t<h3 id=\"fl-accordion--label-8\" tabindex=\"0\" aria-controls=\"fl-accordion--panel-8\">Ng\u00f4n ng\u1eef n\u00e0o c\u00f3 s\u1eb5n?<\/h3>\n\t\t\t\t\t\t\t\t\t\t\t<a href=\"#\" id=\"fl-accordion--icon-8\"  tabindex=\"0\"><i title=\"M\u1edf r\u1ed9ng\">M\u1edf r\u1ed9ng<\/i><\/a>\n\t\t\t\t\t<p>C\u00f3 s\u1eb5n c\u00e1c chuy\u00ean gia n\u00f3i ti\u1ebfng Anh v\u00e0 ti\u1ebfng T\u00e2y Ban Nha, c\u0169ng nh\u01b0 d\u1ecbch thu\u1eadt b\u1eb1ng h\u01a1n 150 ng\u00f4n ng\u1eef.<\/p>\n\t\t\t\t\t<h3 id=\"fl-accordion--label-9\" tabindex=\"0\" aria-controls=\"fl-accordion--panel-9\">T\u00f4i c\u00f3 th\u1ec3 t\u1ef1 t\u00ecm ki\u1ebfm t\u00e0i nguy\u00ean kh\u00f4ng?<\/h3>\n\t\t\t\t\t\t\t\t\t\t\t<a href=\"#\" id=\"fl-accordion--icon-9\"  tabindex=\"0\"><i title=\"M\u1edf r\u1ed9ng\">M\u1edf r\u1ed9ng<\/i><\/a>\n\t\t\t\t\t<p>\u0110\u00fang! C\u01a1 s\u1edf d\u1eef li\u1ec7u tr\u1ef1c tuy\u1ebfn c\u1ee7a ch\u00fang t\u00f4i c\u00f3 h\u01a1n 7.000 t\u00e0i nguy\u00ean tr\u00ean to\u00e0n ti\u1ec3u bang.<\/p>\n<p>T\u00ecm ki\u1ebfm b\u1edfi\u00a0<strong>t\u1eeb kh\u00f3a\u00a0<\/strong>ho\u1eb7c c\u1ee7a b\u1ea1n<strong> v\u1ecb tr\u00ed. <\/strong>\u0110i \u0111\u1ebfn\u00a0<a href=\"https:\/\/search.211md.org\/\" target=\"_blank\" rel=\"noopener\">t\u00ecm ki\u1ebfm.211md.org<\/a>\u00a0\u0111\u1ec3 b\u1eaft \u0111\u1ea7u t\u00ecm ki\u1ebfm c\u1ee7a b\u1ea1n ng\u00e0y h\u00f4m nay.<\/p>\n\t\t\t\t\t<h3 id=\"fl-accordion--label-10\" tabindex=\"0\" aria-controls=\"fl-accordion--panel-10\">L\u00e0m c\u00e1ch n\u00e0o t\u00f4i c\u00f3 th\u1ec3 nh\u1eadn \u0111\u01b0\u1ee3c h\u1ed7 tr\u1ee3 li\u00ean t\u1ee5c?<\/h3>\n\t\t\t\t\t\t\t\t\t\t\t<a href=\"#\" id=\"fl-accordion--icon-10\"  tabindex=\"0\"><i title=\"M\u1edf r\u1ed9ng\">M\u1edf r\u1ed9ng<\/i><\/a>\n\t\t\t\t\t<p>211 \u01b0u \u0111\u00e3i c\u1ee7a Maryland\u00a0<a href=\"\/vi\/about\/tin-nhan-2\/\">h\u1ed7 tr\u1ee3 tin nh\u1eafn v\u0103n b\u1ea3n li\u00ean t\u1ee5c<\/a>\u00a0b\u1eb1ng ti\u1ebfng Anh v\u00e0 ti\u1ebfng T\u00e2y Ban Nha. \u0110\u0103ng k\u00fd b\u1eb1ng c\u00e1ch nh\u1eafn tin b\u1ea5t k\u1ef3 t\u1eeb kh\u00f3a n\u00e0y t\u1edbi 898-211 (TXT211).<\/p>\n<ul>\n<li>L\u00e3o h\u00f3a v\u00e0 khuy\u1ebft t\u1eadt: MDAging<\/li>\n<li>T\u1ed9i \u00e1c v\u00e0 s\u1ef1 c\u1ed1 do c\u0103m th\u00f9: MDStopHate<\/li>\n<li>Th\u00e2n nh\u00e2n: MDKinCares<\/li>\n<li>S\u1ee9c kh\u1ecfe tinh th\u1ea7n: MDMindHealth | MDSaludTinh th\u1ea7n<\/li>\n<li>S\u1ee9c kh\u1ecfe t\u00e2m th\u1ea7n thanh thi\u1ebfu ni\u00ean: MDYoungMinds<\/li>\n<li>S\u1ef1 ki\u1ec7n MidShore v\u00e0 ngu\u1ed3n l\u1ef1c c\u1ed9ng \u0111\u1ed3ng: MidShore<\/li>\n<li>H\u1ed7 tr\u1ee3 opioid: MDHope<\/li>\n<li>Ch\u01b0\u01a1ng tr\u00ecnh t\u00e1i h\u00f2a nh\u1eadp cho nh\u1eefng ng\u01b0\u1eddi v\u00e0 gia \u0111\u00ecnh \u0111\u00e3 v\u00e0 \u0111ang b\u1ecb giam gi\u1eef: T\u00e1i h\u00f2a nh\u1eadp<\/li>\n<li>C\u1ef1u chi\u1ebfn binh: MDCom2Vets<\/li>\n<li>S\u1ee9c kh\u1ecfe: MDWellness<\/li>\n<\/ul>\n<p>\u0110\u0103ng k\u00fd b\u1eb1ng c\u00e1ch nh\u1eafn tin b\u1ea5t k\u1ef3 t\u1eeb kh\u00f3a n\u00e0y t\u1edbi 211-631 (211MD1).<\/p>\n<ul>\n<li>Chu\u1ea9n b\u1ecb s\u1eb5n s\u00e0ng cho th\u1ea3m h\u1ecda: MDReady | MDListo<\/li>\n<\/ul>\n<p><em>211 Maryland cung c\u1ea5p c\u00e1c ch\u01b0\u01a1ng tr\u00ecnh c\u1ea3nh b\u00e1o tin nh\u1eafn v\u0103n b\u1ea3n cung c\u1ea5p th\u00f4ng tin v\u1ec1 ngu\u1ed3n l\u1ef1c c\u1ee5 th\u1ec3 theo khu v\u1ef1c ho\u1eb7c cung c\u1ea5p c\u1ea3nh b\u00e1o th\u1ea3m h\u1ecda. C\u00f3 th\u1ec3 \u00e1p d\u1ee5ng m\u1ee9c gi\u00e1 tin nh\u1eafn v\u00e0 d\u1eef li\u1ec7u. T\u1ea7n su\u1ea5t tin nh\u1eafn c\u00f3 th\u1ec3 thay \u0111\u1ed5i. Nh\u1eafn tin STOP \u0111\u1ebfn c\u00f9ng m\u1ed9t s\u1ed1 \u0111\u1ec3 h\u1ee7y \u0111\u0103ng k\u00fd. \u0110\u1ec3 \u0111\u01b0\u1ee3c tr\u1ee3 gi\u00fap, h\u00e3y nh\u1eafn tin HELP. C\u00e1c \u0111i\u1ec1u kho\u1ea3n SMS \u0111\u1ea7y \u0111\u1ee7 t\u1ea1i\u00a0<a href=\"https:\/\/211md.org\/vi\/tin-nhan\/\">https:\/\/211md.org\/sms\/<\/a>\u00a0V\u00e0\u00a0<a href=\"https:\/\/211md.org\/vi\/chinh-sach-bao-mat\/\">Ch\u00ednh s\u00e1ch b\u1ea3o m\u1eadt<\/a>\u00a0c\u0169ng s\u1ebd \u0111\u01b0\u1ee3c \u00e1p d\u1ee5ng.\u00a0<\/em><\/p>","protected":false},"excerpt":{"rendered":"<p>C\u00e2u h\u1ecfi th\u01b0\u1eddng g\u1eb7p T\u00ecm hi\u1ec3u th\u00eam v\u1ec1 c\u00e1c C\u00e2u h\u1ecfi th\u01b0\u1eddng g\u1eb7p chung c\u1ee7a ch\u00fang t\u00f4i b\u00ean d\u01b0\u1edbi ho\u1eb7c truy c\u1eadp trang \u0110\u1ed1i t\u00e1c c\u1ee7a ch\u00fang t\u00f4i \u0111\u1ec3 bi\u1ebft C\u00e2u h\u1ecfi th\u01b0\u1eddng g\u1eb7p c\u1ee7a \u0110\u1ed1i t\u00e1c. 211 Maryland l\u00e0 g\u00ec? Thu g\u1ecdn 211 l\u00e0 H\u1ec7 th\u1ed1ng Th\u00f4ng tin v\u00e0 Gi\u1edbi thi\u1ec7u v\u1ec1 d\u1ecbch v\u1ee5 y t\u1ebf v\u00e0 nh\u00e2n sinh to\u00e0n di\u1ec7n nh\u1ea5t c\u1ee7a ti\u1ec3u bang. V\u1edbi h\u01a1n 7.500 ngu\u1ed3n l\u1ef1c, nh\u1eefng ng\u01b0\u1eddi c\u00f3 nhu c\u1ea7u thi\u1ebft y\u1ebfu c\u00f3 th\u1ec3 \u0111\u01b0\u1ee3c k\u1ebft n\u1ed1i v\u1edbi d\u1ecbch v\u1ee5 h\u1ed7 tr\u1ee3 \u0111\u1ecba ph\u01b0\u01a1ng 24\/7\/365. 211 Maryland l\u00e0\u2026<\/p>","protected":false},"author":8,"featured_media":1622,"parent":521,"menu_order":0,"comment_status":"closed","ping_status":"closed","template":"","meta":{"footnotes":""},"class_list":["post-669","page","type-page","status-publish","has-post-thumbnail","hentry"],"_links":{"self":[{"href":"https:\/\/211md.org\/vi\/wp-json\/wp\/v2\/pages\/669","targetHints":{"allow":["GET"]}}],"collection":[{"href":"https:\/\/211md.org\/vi\/wp-json\/wp\/v2\/pages"}],"about":[{"href":"https:\/\/211md.org\/vi\/wp-json\/wp\/v2\/types\/page"}],"author":[{"embeddable":true,"href":"https:\/\/211md.org\/vi\/wp-json\/wp\/v2\/users\/8"}],"replies":[{"embeddable":true,"href":"https:\/\/211md.org\/vi\/wp-json\/wp\/v2\/comments?post=669"}],"version-history":[{"count":3,"href":"https:\/\/211md.org\/vi\/wp-json\/wp\/v2\/pages\/669\/revisions"}],"predecessor-version":[{"id":33896,"href":"https:\/\/211md.org\/vi\/wp-json\/wp\/v2\/pages\/669\/revisions\/33896"}],"up":[{"embeddable":true,"href":"https:\/\/211md.org\/vi\/wp-json\/wp\/v2\/pages\/521"}],"wp:featuredmedia":[{"embeddable":true,"href":"https:\/\/211md.org\/vi\/wp-json\/wp\/v2\/media\/1622"}],"wp:attachment":[{"href":"https:\/\/211md.org\/vi\/wp-json\/wp\/v2\/media?parent=669"}],"curies":[{"name":"wp","href":"https:\/\/api.w.org\/{rel}","templated":true}]}}