{"id":707,"date":"2021-04-05T20:35:47","date_gmt":"2021-04-05T20:35:47","guid":{"rendered":"https:\/\/211md.org\/?page_id=707"},"modified":"2023-10-31T14:58:30","modified_gmt":"2023-10-31T18:58:30","slug":"du-lieu-2","status":"publish","type":"page","link":"https:\/\/211md.org\/vi\/data\/","title":{"rendered":"D\u1eef li\u1ec7u"},"content":{"rendered":"<img decoding=\"async\" src=\"https:\/\/211md.org\/wp-content\/uploads\/2021\/05\/Find-Your-Story.png\" alt=\"M\u1ed9t tay c\u1ea7m k\u00ednh l\u00fap nh\u00ecn v\u00e0o \u1ea3nh h\u1ed3 s\u01a1 c\u1ee7a nhi\u1ec1u ng\u01b0\u1eddi\" itemprop=\"image\" title=\"T\u00ecm c\u00e2u chuy\u1ec7n c\u1ee7a b\u1ea1n\" onerror=\"this.style.display='none'\">\n\t<h2>M\u1ed7i Ng\u01b0\u1eddi C\u00f3 M\u1ed9t C\u00e2u Chuy\u1ec7n<\/h2>\n<p><strong>Ch\u00fang t\u00f4i \u0111\u01b0a nh\u1eefng c\u00e2u chuy\u1ec7n v\u1ec1 c\u1ed9ng \u0111\u1ed3ng c\u1ee7a b\u1ea1n v\u00e0o cu\u1ed9c s\u1ed1ng b\u1eb1ng d\u1eef li\u1ec7u c\u1ee7a ch\u00fang t\u00f4i.<\/strong><\/p>\n<p>C\u00f3 \u0111\u01b0\u1ee3c th\u00f4ng tin chi ti\u1ebft v\u1ec1 l\u1ecbch s\u1eed v\u00e0 th\u1eddi gian th\u1ef1c \u0111\u1ec3 \u0111\u01b0a ra quy\u1ebft \u0111\u1ecbnh chi\u1ebfn l\u01b0\u1ee3c v\u1edbi b\u1ea3ng \u0111i\u1ec1u khi\u1ec3n d\u1eef li\u1ec7u \u0111\u01b0\u1ee3c ph\u00e2n \u0111o\u1ea1n. Kh\u00e1m ph\u00e1 c\u00e1c xu h\u01b0\u1edbng nh\u00e2n kh\u1ea9u h\u1ecdc v\u00e0 \u0111\u1ecba l\u00fd. D\u1eef li\u1ec7u \u0111\u01b0\u1ee3c c\u1eadp nh\u1eadt h\u00e0ng tu\u1ea7n.<\/p>\n<h2>\n\t\tKh\u00e1m ph\u00e1 d\u1eef li\u1ec7u c\u1ee7a ch\u00fang t\u00f4i\n\t<\/h2>\n\t\t\t\t<a href=\"https:\/\/app.powerbi.com\/view?r=eyJrIjoiNjQ1ODhiMGUtODc0OC00NjcyLWJjOTgtNTE3YTNlM2E0OTcyIiwidCI6ImJjNTRlYmRiLTU3NDYtNDZmYS1iOGM0LWVkZWFkNjE2MmY2ZCIsImMiOjF9\" target=\"_blank\" rel=\"noopener\" itemprop=\"url\">\n\t\t\t\t<img decoding=\"async\" src=\"https:\/\/211md.org\/wp-content\/uploads\/bb-plugin\/cache\/contacts-2-square.png\" alt=\"\u0110\u00e1m \u0111\u00f4ng\" itemprop=\"image\" title=\"danh b\u1ea1 (2)\" onerror=\"this.style.display='none'\">\n\t\t\t\t<\/a>\n<h3><a href=\"https:\/\/app.powerbi.com\/view?r=eyJrIjoiNjQ1ODhiMGUtODc0OC00NjcyLWJjOTgtNTE3YTNlM2E0OTcyIiwidCI6ImJjNTRlYmRiLTU3NDYtNDZmYS1iOGM0LWVkZWFkNjE2MmY2ZCIsImMiOjF9\" target=\"_blank\" rel=\"noopener\">Li\u00ean l\u1ea1c<\/a><\/h3>\t\t\n<p>Nh\u1eadn d\u1eef li\u1ec7u v\u1ec1 s\u1ed1 l\u01b0\u1ee3ng ng\u01b0\u1eddi d\u00e2n Maryland c\u1ea7n tr\u1ee3 gi\u00fap trong m\u1ed9t qu\u1eadn ho\u1eb7c m\u00e3 ZIP c\u1ee5 th\u1ec3.<\/p>\n<a href=\"https:\/\/app.powerbi.com\/view?r=eyJrIjoiNjQ1ODhiMGUtODc0OC00NjcyLWJjOTgtNTE3YTNlM2E0OTcyIiwidCI6ImJjNTRlYmRiLTU3NDYtNDZmYS1iOGM0LWVkZWFkNjE2MmY2ZCIsImMiOjF9\" rel=\"noopener\" target=\"_blank\">Xem trang t\u1ed5ng quan<\/a>\t\t\n\t\t\t\t<a href=\"https:\/\/app.powerbi.com\/view?r=eyJrIjoiZjZiYTc5M2UtOWUzYS00MWRjLThhM2EtZTg2Y2QxYzljZGE1IiwidCI6ImJjNTRlYmRiLTU3NDYtNDZmYS1iOGM0LWVkZWFkNjE2MmY2ZCIsImMiOjF9&amp;pageName=ReportSection5aceecb1f28d8306afa3\" target=\"_blank\" rel=\"noopener\" itemprop=\"url\">\n\t\t\t\t<img decoding=\"async\" src=\"https:\/\/211md.org\/wp-content\/uploads\/bb-plugin\/cache\/Data-Post-Image-COVID-square.png\" alt=\"M\u1ed9t t\u1ebf b\u00e0o COVID-19\" itemprop=\"image\" title=\"H\u00ecnh \u1ea3nh \u0111\u0103ng d\u1eef li\u1ec7u - COVID\" onerror=\"this.style.display='none'\">\n\t\t\t\t<\/a>\n<h3><a href=\"https:\/\/app.powerbi.com\/view?r=eyJrIjoiZjZiYTc5M2UtOWUzYS00MWRjLThhM2EtZTg2Y2QxYzljZGE1IiwidCI6ImJjNTRlYmRiLTU3NDYtNDZmYS1iOGM0LWVkZWFkNjE2MmY2ZCIsImMiOjF9&amp;pageName=ReportSection5aceecb1f28d8306afa3\" target=\"_blank\" rel=\"noopener\">COVID-19<\/a><\/h3>\t\t\n\t\t\t<p>Kh\u00e1m ph\u00e1 c\u00e1c nhu c\u1ea7u li\u00ean quan \u0111\u1ebfn COVID-19 trong c\u1ed9ng \u0111\u1ed3ng c\u1ee7a b\u1ea1n, bao g\u1ed3m c\u00e1c chi ti\u1ebft c\u1ee5 th\u1ec3 v\u1ec1 nhu c\u1ea7u x\u00e9t nghi\u1ec7m v\u00e0 th\u1ef1c ph\u1ea9m.<\/p>\n<a href=\"https:\/\/app.powerbi.com\/view?r=eyJrIjoiZjZiYTc5M2UtOWUzYS00MWRjLThhM2EtZTg2Y2QxYzljZGE1IiwidCI6ImJjNTRlYmRiLTU3NDYtNDZmYS1iOGM0LWVkZWFkNjE2MmY2ZCIsImMiOjF9&amp;pageName=ReportSection5aceecb1f28d8306afa3\" rel=\"noopener\" target=\"_blank\">Xem trang t\u1ed5ng quan<\/a>\t\t\n\t\t\t\t<a href=\"https:\/\/app.powerbi.com\/view?r=eyJrIjoiN2I5OTdiNWItZDNmMC00NDZkLWJhOTYtOWJmNTJiYzYwMmZiIiwidCI6ImJjNTRlYmRiLTU3NDYtNDZmYS1iOGM0LWVkZWFkNjE2MmY2ZCIsImMiOjF9\" target=\"_blank\" rel=\"noopener\" itemprop=\"url\">\n\t\t\t\t<img decoding=\"async\" src=\"https:\/\/211md.org\/wp-content\/uploads\/bb-plugin\/cache\/Data-Post-Image-Demographics-square.png\" alt=\"m\u1ed9t nh\u00f3m ng\u01b0\u1eddi m\u1ec9m c\u01b0\u1eddi tr\u01b0\u1edbc \u1ed1ng k\u00ednh\" itemprop=\"image\" title=\"H\u00ecnh \u1ea3nh b\u00e0i \u0111\u0103ng d\u1eef li\u1ec7u - Nh\u00e2n kh\u1ea9u h\u1ecdc\" onerror=\"this.style.display='none'\">\n\t\t\t\t<\/a>\n<h3><a href=\"https:\/\/app.powerbi.com\/view?r=eyJrIjoiN2I5OTdiNWItZDNmMC00NDZkLWJhOTYtOWJmNTJiYzYwMmZiIiwidCI6ImJjNTRlYmRiLTU3NDYtNDZmYS1iOGM0LWVkZWFkNjE2MmY2ZCIsImMiOjF9\" target=\"_blank\" rel=\"noopener\">nh\u00e2n kh\u1ea9u h\u1ecdc<\/a><\/h3>\t\t\n<p>Kh\u00e1m ph\u00e1 nh\u00e2n kh\u1ea9u h\u1ecdc c\u1ee7a 211 li\u00ean h\u1ec7 Maryland.<\/p>\n<a href=\"https:\/\/app.powerbi.com\/view?r=eyJrIjoiN2I5OTdiNWItZDNmMC00NDZkLWJhOTYtOWJmNTJiYzYwMmZiIiwidCI6ImJjNTRlYmRiLTU3NDYtNDZmYS1iOGM0LWVkZWFkNjE2MmY2ZCIsImMiOjF9\" rel=\"noopener\" target=\"_blank\">Xem trang t\u1ed5ng quan<\/a>\t\t\n\t\t\t\t<a href=\"https:\/\/app.powerbi.com\/view?r=eyJrIjoiN2UwMGViNTctMDliYS00MGI3LTk4ZTMtZmNkN2NmZWNkMDk4IiwidCI6ImJjNTRlYmRiLTU3NDYtNDZmYS1iOGM0LWVkZWFkNjE2MmY2ZCIsImMiOjF9&amp;pageName=ReportSection5aceecb1f28d8306afa3\" target=\"_blank\" rel=\"noopener\" itemprop=\"url\">\n\t\t\t\t<img decoding=\"async\" src=\"https:\/\/211md.org\/wp-content\/uploads\/bb-plugin\/cache\/Data-Post-Image-Food-Insecurity-square.png\" alt=\"M\u1ed9t ng\u01b0\u1eddi d\u1ee1 m\u1ed9t h\u1ed9p th\u1ef1c ph\u1ea9m\" itemprop=\"image\" title=\"H\u00ecnh \u1ea3nh \u0111\u0103ng d\u1eef li\u1ec7u - M\u1ea5t an to\u00e0n th\u1ef1c ph\u1ea9m\" onerror=\"this.style.display='none'\">\n\t\t\t\t<\/a>\n<h3><a href=\"https:\/\/app.powerbi.com\/view?r=eyJrIjoiN2UwMGViNTctMDliYS00MGI3LTk4ZTMtZmNkN2NmZWNkMDk4IiwidCI6ImJjNTRlYmRiLTU3NDYtNDZmYS1iOGM0LWVkZWFkNjE2MmY2ZCIsImMiOjF9&amp;pageName=ReportSection5aceecb1f28d8306afa3\" target=\"_blank\" rel=\"noopener\">COVID-19 M\u1ea5t An To\u00e0n Th\u1ef1c Ph\u1ea9m<\/a><\/h3>\t\t\n<p>T\u00ecm c\u00e1c \u0111\u1ecba \u0111i\u1ec3m c\u00f3 t\u00ecnh tr\u1ea1ng m\u1ea5t an ninh l\u01b0\u01a1ng th\u1ef1c l\u1edbn nh\u1ea5t trong \u0111\u1ea1i d\u1ecbch COVID-19.<\/p>\n<a href=\"https:\/\/app.powerbi.com\/view?r=eyJrIjoiN2UwMGViNTctMDliYS00MGI3LTk4ZTMtZmNkN2NmZWNkMDk4IiwidCI6ImJjNTRlYmRiLTU3NDYtNDZmYS1iOGM0LWVkZWFkNjE2MmY2ZCIsImMiOjF9&amp;pageName=ReportSection5aceecb1f28d8306afa3\" rel=\"noopener\" target=\"_blank\">Xem trang t\u1ed5ng quan<\/a>\t\t\n\t\t\t\t<a href=\"https:\/\/app.powerbi.com\/view?r=eyJrIjoiZDcxYWJlYjEtODQ5NC00N2ZlLTlhYTEtZjliYzkzZTExNjgxIiwidCI6ImJjNTRlYmRiLTU3NDYtNDZmYS1iOGM0LWVkZWFkNjE2MmY2ZCIsImMiOjF9&amp;pageName=ReportSection\" target=\"_blank\" rel=\"noopener\" itemprop=\"url\">\n\t\t\t\t<img decoding=\"async\" src=\"https:\/\/211md.org\/wp-content\/uploads\/bb-plugin\/cache\/Data-Post-Image-Needs-square.png\" alt=\"c\u1edd Maryland\" itemprop=\"image\" title=\"Data Post Image - Nhu c\u1ea7u\" onerror=\"this.style.display='none'\">\n\t\t\t\t<\/a>\n<h3><a href=\"https:\/\/app.powerbi.com\/view?r=eyJrIjoiZDcxYWJlYjEtODQ5NC00N2ZlLTlhYTEtZjliYzkzZTExNjgxIiwidCI6ImJjNTRlYmRiLTU3NDYtNDZmYS1iOGM0LWVkZWFkNjE2MmY2ZCIsImMiOjF9&amp;pageName=ReportSection\" target=\"_blank\" rel=\"noopener\">nhu c\u1ea7u<\/a><\/h3>\t\t\n\t\t\t<p>Kh\u00e1m ph\u00e1 c\u00e1c nhu c\u1ea7u v\u1ec1 d\u1ecbch v\u1ee5 y t\u1ebf v\u00e0 con ng\u01b0\u1eddi c\u0169ng nh\u01b0 ch\u00fang \u0111\u00e3 thay \u0111\u1ed5i nh\u01b0 th\u1ebf n\u00e0o theo th\u1eddi gian. Ngo\u00e0i ra, h\u00e3y kh\u00e1m ph\u00e1 nh\u1eefng nhu c\u1ea7u ch\u01b0a \u0111\u01b0\u1ee3c \u0111\u00e1p \u1ee9ng.<\/p>\n<a href=\"https:\/\/app.powerbi.com\/view?r=eyJrIjoiZDcxYWJlYjEtODQ5NC00N2ZlLTlhYTEtZjliYzkzZTExNjgxIiwidCI6ImJjNTRlYmRiLTU3NDYtNDZmYS1iOGM0LWVkZWFkNjE2MmY2ZCIsImMiOjF9&amp;pageName=ReportSection\" rel=\"noopener\" target=\"_blank\">Xem trang t\u1ed5ng quan<\/a>\t\t\n\t\t\t\t<a href=\"https:\/\/app.powerbi.com\/view?r=eyJrIjoiOGJlY2U1OGItMDBmOS00NTI5LTgzNTQtYWU0ZjkxZWYzNTJhIiwidCI6ImJjNTRlYmRiLTU3NDYtNDZmYS1iOGM0LWVkZWFkNjE2MmY2ZCIsImMiOjF9\" target=\"_blank\" rel=\"noopener\" itemprop=\"url\">\n\t\t\t\t<img decoding=\"async\" src=\"https:\/\/211md.org\/wp-content\/uploads\/bb-plugin\/cache\/agencies-square.png\" alt=\"M\u1ed9t t\u00f2a nh\u00e0 hi\u1ec7n \u0111\u1ea1i\" itemprop=\"image\" title=\"c\u01a1 quan\" onerror=\"this.style.display='none'\">\n\t\t\t\t<\/a>\n<h3><a href=\"https:\/\/app.powerbi.com\/view?r=eyJrIjoiOGJlY2U1OGItMDBmOS00NTI5LTgzNTQtYWU0ZjkxZWYzNTJhIiwidCI6ImJjNTRlYmRiLTU3NDYtNDZmYS1iOGM0LWVkZWFkNjE2MmY2ZCIsImMiOjF9\" target=\"_blank\" rel=\"noopener\">C\u01a1 quan gi\u1edbi thi\u1ec7u<\/a><\/h3>\t\t\n<p>Kh\u00e1m ph\u00e1 c\u00e1c c\u01a1 quan 211 \u0111\u1ec1 c\u1eadp \u0111\u1ebfn ng\u01b0\u1eddi d\u00e2n Maryland v\u00e0 c\u00e1c nhu c\u1ea7u thi\u1ebft y\u1ebfu \u0111\u01b0\u1ee3c gi\u1ea3i quy\u1ebft.<\/p>\n<a href=\"https:\/\/app.powerbi.com\/view?r=eyJrIjoiOGJlY2U1OGItMDBmOS00NTI5LTgzNTQtYWU0ZjkxZWYzNTJhIiwidCI6ImJjNTRlYmRiLTU3NDYtNDZmYS1iOGM0LWVkZWFkNjE2MmY2ZCIsImMiOjF9\" rel=\"noopener\" target=\"_blank\">Xem trang t\u1ed5ng quan<\/a>\t\t\n\t<h2>B\u1ea3ng \u0111i\u1ec1u khi\u1ec3n d\u1eef li\u1ec7u t\u00f9y ch\u1ec9nh<\/h2>\n<p>C\u1ea7n g\u00f3i d\u1eef li\u1ec7u t\u00f9y ch\u1ec9nh ho\u1eb7c b\u1ea3ng \u0111i\u1ec1u khi\u1ec3n \u0111\u0103ng k\u00fd v\u1edbi th\u00f4ng tin b\u1ed5 sung? \u0110\u1ea1t \u0111\u01b0\u1ee3c c\u00e1c s\u1ed1 li\u1ec7u b\u1ed5 sung nh\u01b0 \u0111\u1ea1i l\u00fd nh\u1eadn \u0111\u01b0\u1ee3c nhi\u1ec1u nh\u1ea5t 211 l\u01b0\u1ee3t gi\u1edbi thi\u1ec7u \u1edf Maryland v\u00e0 h\u01a1n th\u1ebf n\u1eefa. Ngo\u00e0i ra, ch\u00fang t\u00f4i s\u1ebd t\u00edch h\u1ee3p d\u1eef li\u1ec7u c\u1ee7a m\u00ecnh v\u00e0o b\u1ea3ng \u0111i\u1ec1u khi\u1ec3n c\u1ee7a t\u1ed5 ch\u1ee9c b\u1ea1n \u0111\u1ec3 kh\u00e1m ph\u00e1 nh\u1eefng hi\u1ec3u bi\u1ebft s\u00e2u s\u1eafc h\u01a1n n\u1eefa.<\/p>\n<p><strong>Li\u00ean h\u1ec7 v\u1edbi ch\u00fang t\u00f4i ngay h\u00f4m nay v\u1ec1 b\u1ea3ng \u0111i\u1ec1u khi\u1ec3n d\u1eef li\u1ec7u t\u00f9y ch\u1ec9nh ho\u1eb7c c\u00e2u h\u1ecfi chung v\u1ec1 d\u1eef li\u1ec7u.<\/strong><\/p>","protected":false},"excerpt":{"rendered":"<p>M\u1ed7i ng\u01b0\u1eddi \u0111\u1ec1u c\u00f3 m\u1ed9t c\u00e2u chuy\u1ec7n Ch\u00fang t\u00f4i l\u00e0m s\u1ed1ng \u0111\u1ed9ng nh\u1eefng c\u00e2u chuy\u1ec7n v\u1ec1 c\u1ed9ng \u0111\u1ed3ng c\u1ee7a b\u1ea1n b\u1eb1ng d\u1eef li\u1ec7u c\u1ee7a ch\u00fang t\u00f4i. Thu th\u1eadp th\u00f4ng tin chi ti\u1ebft v\u1ec1 l\u1ecbch s\u1eed v\u00e0 th\u1eddi gian th\u1ef1c \u0111\u1ec3 \u0111\u01b0a ra quy\u1ebft \u0111\u1ecbnh chi\u1ebfn l\u01b0\u1ee3c v\u1edbi b\u1ea3ng th\u00f4ng tin d\u1eef li\u1ec7u \u0111\u01b0\u1ee3c ph\u00e2n \u0111o\u1ea1n. Kh\u00e1m ph\u00e1 xu h\u01b0\u1edbng nh\u00e2n kh\u1ea9u h\u1ecdc v\u00e0 \u0111\u1ecba l\u00fd. D\u1eef li\u1ec7u \u0111\u01b0\u1ee3c c\u1eadp nh\u1eadt h\u00e0ng tu\u1ea7n. Kh\u00e1m ph\u00e1 D\u1eef li\u1ec7u Li\u00ean h\u1ec7 c\u1ee7a Ch\u00fang t\u00f4i Nh\u1eadn d\u1eef li\u1ec7u v\u1ec1 s\u1ed1 l\u01b0\u1ee3ng ng\u01b0\u1eddi d\u00e2n Maryland c\u1ea7n tr\u1ee3 gi\u00fap \u1edf m\u1ed9t qu\u1eadn c\u1ee5 th\u1ec3 ho\u1eb7c\u2026<\/p>","protected":false},"author":8,"featured_media":1631,"parent":0,"menu_order":0,"comment_status":"closed","ping_status":"closed","template":"","meta":{"footnotes":""},"class_list":["post-707","page","type-page","status-publish","has-post-thumbnail","hentry"],"_links":{"self":[{"href":"https:\/\/211md.org\/vi\/wp-json\/wp\/v2\/pages\/707","targetHints":{"allow":["GET"]}}],"collection":[{"href":"https:\/\/211md.org\/vi\/wp-json\/wp\/v2\/pages"}],"about":[{"href":"https:\/\/211md.org\/vi\/wp-json\/wp\/v2\/types\/page"}],"author":[{"embeddable":true,"href":"https:\/\/211md.org\/vi\/wp-json\/wp\/v2\/users\/8"}],"replies":[{"embeddable":true,"href":"https:\/\/211md.org\/vi\/wp-json\/wp\/v2\/comments?post=707"}],"version-history":[{"count":0,"href":"https:\/\/211md.org\/vi\/wp-json\/wp\/v2\/pages\/707\/revisions"}],"wp:featuredmedia":[{"embeddable":true,"href":"https:\/\/211md.org\/vi\/wp-json\/wp\/v2\/media\/1631"}],"wp:attachment":[{"href":"https:\/\/211md.org\/vi\/wp-json\/wp\/v2\/media?parent=707"}],"curies":[{"name":"wp","href":"https:\/\/api.w.org\/{rel}","templated":true}]}}