{"id":719,"date":"2021-04-05T21:15:11","date_gmt":"2021-04-05T21:15:11","guid":{"rendered":"https:\/\/211md.org\/?page_id=719"},"modified":"2024-09-19T06:31:43","modified_gmt":"2024-09-19T10:31:43","slug":"nghe-nghiep","status":"publish","type":"page","link":"https:\/\/211md.org\/vi\/about\/careers\/","title":{"rendered":"ngh\u1ec1 nghi\u1ec7p"},"content":{"rendered":"<h2>S\u1ef1 nghi\u1ec7p t\u1ea1o n\u00ean s\u1ef1 kh\u00e1c bi\u1ec7t<\/h2>\n<p>211 Maryland l\u00e0 m\u1ed9t t\u1ed5 ch\u1ee9c phi l\u1ee3i nhu\u1eadn theo m\u1ee5c 501(c)(3) \u0111ang ph\u00e1t tri\u1ec3n v\u1edbi nhi\u1ec1u s\u00e1ng ki\u1ebfn m\u1edbi v\u00e0 th\u00fa v\u1ecb. \u0110\u1ec3 \u1ee9ng tuy\u1ec3n, h\u00e3y g\u1eedi s\u01a1 y\u1ebfu l\u00fd l\u1ecbch v\u00e0 y\u00eau c\u1ea7u v\u1ec1 m\u1ee9c l\u01b0\u01a1ng c\u1ee7a b\u1ea1n t\u1edbi&nbsp;<a href=\"mailto:info@211md.org\">info@211md.org<\/a>. Xin vui l\u00f2ng kh\u00f4ng g\u1ecdi \u0111i\u1ec7n tho\u1ea1i.<\/p>\n\t<h2>V\u1ecb tr\u00ed m\u1edf<\/h2>\n<p>Kh\u00f4ng c\u00f3 v\u1ecb tr\u00ed m\u1edf t\u1ea1i th\u1eddi \u0111i\u1ec3m n\u00e0y.<\/p>\n\t<h2>L\u00e0m vi\u1ec7c t\u1ea1i 211 Maryland, Inc<\/h2>\n<p>T\u00f4i tin r\u1eb1ng m\u1ed7i ch\u00fang ta ph\u1ea3i t\u00ecm th\u1ea5y \u00fd ngh\u0129a trong c\u00f4ng vi\u1ec7c c\u1ee7a m\u00ecnh v\u00e0 \u0111i\u1ec1u \u0111\u00f3 s\u1ebd di\u1ec5n ra t\u1ed1t \u0111\u1eb9p nh\u1ea5t khi b\u1ea1n bi\u1ebft r\u1eb1ng \u0111\u00f3 kh\u00f4ng ch\u1ec9 l\u00e0 c\u00f4ng vi\u1ec7c m\u00e0 c\u00f2n l\u00e0 th\u1ee9 gi\u00fap c\u1ea3i thi\u1ec7n cu\u1ed9c s\u1ed1ng c\u1ee7a ng\u01b0\u1eddi kh\u00e1c. Nh\u00e2n vi\u00ean c\u1ee7a M\u1ea1ng Th\u00f4ng tin Maryland, c\u00f2n \u0111\u01b0\u1ee3c g\u1ecdi l\u00e0 211 Maryland, c\u1ed1 g\u1eafng t\u1ea1o ra s\u1ef1 kh\u00e1c bi\u1ec7t m\u1ed7i ng\u00e0y. N\u00f3 b\u1eaft \u0111\u1ea7u v\u1edbi vi\u1ec7c c\u1ee7a ch\u00fang t\u00f4i&nbsp;<strong>L\u1eddi h\u1ee9a th\u01b0\u01a1ng hi\u1ec7u<\/strong>&nbsp;<em>\u201c\u0111\u1ec3 n\u00e2ng cao c\u00e1c c\u00e1 nh\u00e2n v\u00e0 c\u1ed9ng \u0111\u1ed3ng b\u1eb1ng c\u00e1ch li\u00ean k\u1ebft nh\u1eefng ng\u01b0\u1eddi c\u00f3 nhu c\u1ea7u ch\u01b0a \u0111\u01b0\u1ee3c \u0111\u00e1p \u1ee9ng v\u1edbi c\u00e1c ngu\u1ed3n l\u1ef1c thi\u1ebft y\u1ebfu.\u201d<\/em><\/p>\n<p>V\u1edbi t\u01b0 c\u00e1ch l\u00e0 trung t\u00e2m k\u1ebft n\u1ed1i 24\/7\/365 c\u00e1c d\u1ecbch v\u1ee5 y t\u1ebf v\u00e0 con ng\u01b0\u1eddi c\u1ee7a ti\u1ec3u bang, ch\u00fang t\u00f4i c\u00f3 m\u1ed9t m\u1ea1ng l\u01b0\u1edbi c\u00e1c trung t\u00e2m cu\u1ed9c g\u1ecdi, h\u1ecd l\u00e0 nh\u1eefng anh h\u00f9ng h\u1ed7 tr\u1ee3 nh\u1eefng ng\u01b0\u1eddi g\u1eb7p kh\u00f3 kh\u0103n. C\u00f4ng ngh\u1ec7 c\u1ee7a ch\u00fang t\u00f4i cho ph\u00e9p m\u1ecdi ng\u01b0\u1eddi k\u1ebft n\u1ed1i v\u1edbi ch\u00fang t\u00f4i qua \u0111i\u1ec7n tho\u1ea1i, tin nh\u1eafn ho\u1eb7c tr\u00f2 chuy\u1ec7n. C\u00e1c \u0111\u1ed1i t\u00e1c c\u1ed9ng \u0111\u1ed3ng l\u00e0m vi\u1ec7c v\u1edbi ch\u00fang t\u00f4i c\u00f3 th\u1ec3 \u0111\u00e1p \u1ee9ng nh\u1eefng nhu c\u1ea7u ch\u01b0a \u0111\u01b0\u1ee3c \u0111\u00e1p \u1ee9ng c\u1ee7a h\u01a1n 400.000 ng\u01b0\u1eddi d\u00e2n Maryland m\u1ed7i n\u0103m.<\/p>\n<p>T\u1ea7m nh\u00ecn t\u1ed5 ch\u1ee9c c\u1ee7a ch\u00fang t\u00f4i khi\u1ebfn ch\u00fang t\u00f4i t\u01b0\u1edfng t\u01b0\u1ee3ng c\u00f3 th\u1ec3 l\u00e0m \u0111\u01b0\u1ee3c nh\u1eefng \u0111i\u1ec1u kh\u00f4ng th\u1ec3 v\u00e0 s\u1ef1 \u0111\u1ed5i m\u1edbi \u0111\u00e3 gi\u00fap ch\u00fang t\u00f4i tr\u1edf th\u00e0nh ng\u01b0\u1eddi d\u1eabn \u0111\u1ea7u trong l\u0129nh v\u1ef1c c\u1ee7a m\u00ecnh.<\/p>\n<p>\u0110\u1ed9i 211 Maryland r\u1ea5t ch\u1eb7t ch\u1ebd. Khi ch\u00fang t\u00f4i m\u1edf r\u1ed9ng \u0111\u1ed9i ng\u0169 c\u1ee7a m\u00ecnh, t\u00f4i r\u1ea5t h\u00e0o h\u1ee9ng v\u1edbi t\u1ea5t c\u1ea3 nh\u1eefng c\u00e1ch m\u00e0 t\u00e0i n\u0103ng v\u00e0 kinh nghi\u1ec7m c\u1ee7a m\u1ed9t c\u00e1 nh\u00e2n \u0111\u1ecbnh h\u00ecnh cu\u1ed9c s\u1ed1ng c\u1ee7a ng\u01b0\u1eddi d\u00e2n Maryland c\u0169ng nh\u01b0 s\u1ef1 ph\u00e1t tri\u1ec3n ngh\u1ec1 nghi\u1ec7p, c\u00e1 nh\u00e2n c\u1ee7a h\u1ecd!<\/p>\n<p>\u2013 Quinton Askew, ch\u1ee7 t\u1ecbch v\u00e0 gi\u00e1m \u0111\u1ed1c \u0111i\u1ec1u h\u00e0nh<\/p>","protected":false},"excerpt":{"rendered":"<p>S\u1ef1 nghi\u1ec7p t\u1ea1o n\u00ean s\u1ef1 kh\u00e1c bi\u1ec7t 211 Maryland l\u00e0 m\u1ed9t t\u1ed5 ch\u1ee9c phi l\u1ee3i nhu\u1eadn 501(c)(3) \u0111ang ph\u00e1t tri\u1ec3n v\u1edbi m\u1ed9t s\u1ed1 s\u00e1ng ki\u1ebfn m\u1edbi v\u00e0 th\u00fa v\u1ecb. \u0110\u1ec3 \u0111\u0103ng k\u00fd, h\u00e3y g\u1eedi s\u01a1 y\u1ebfu l\u00fd l\u1ecbch v\u00e0 y\u00eau c\u1ea7u v\u1ec1 m\u1ee9c l\u01b0\u01a1ng c\u1ee7a b\u1ea1n t\u1edbi info@211md.org. Xin vui l\u00f2ng kh\u00f4ng g\u1ecdi \u0111i\u1ec7n tho\u1ea1i. V\u1ecb tr\u00ed m\u1edf Kh\u00f4ng c\u00f3 v\u1ecb tr\u00ed m\u1edf t\u1ea1i th\u1eddi \u0111i\u1ec3m n\u00e0y. L\u00e0m vi\u1ec7c t\u1ea1i 211 Maryland, Inc T\u00f4i tin r\u1eb1ng m\u1ed7i ch\u00fang ta ph\u1ea3i t\u00ecm th\u1ea5y \u00fd ngh\u0129a\u2026<\/p>","protected":false},"author":8,"featured_media":1630,"parent":521,"menu_order":0,"comment_status":"closed","ping_status":"closed","template":"","meta":{"footnotes":""},"class_list":["post-719","page","type-page","status-publish","has-post-thumbnail","hentry"],"_links":{"self":[{"href":"https:\/\/211md.org\/vi\/wp-json\/wp\/v2\/pages\/719","targetHints":{"allow":["GET"]}}],"collection":[{"href":"https:\/\/211md.org\/vi\/wp-json\/wp\/v2\/pages"}],"about":[{"href":"https:\/\/211md.org\/vi\/wp-json\/wp\/v2\/types\/page"}],"author":[{"embeddable":true,"href":"https:\/\/211md.org\/vi\/wp-json\/wp\/v2\/users\/8"}],"replies":[{"embeddable":true,"href":"https:\/\/211md.org\/vi\/wp-json\/wp\/v2\/comments?post=719"}],"version-history":[{"count":0,"href":"https:\/\/211md.org\/vi\/wp-json\/wp\/v2\/pages\/719\/revisions"}],"up":[{"embeddable":true,"href":"https:\/\/211md.org\/vi\/wp-json\/wp\/v2\/pages\/521"}],"wp:featuredmedia":[{"embeddable":true,"href":"https:\/\/211md.org\/vi\/wp-json\/wp\/v2\/media\/1630"}],"wp:attachment":[{"href":"https:\/\/211md.org\/vi\/wp-json\/wp\/v2\/media?parent=719"}],"curies":[{"name":"wp","href":"https:\/\/api.w.org\/{rel}","templated":true}]}}