{"id":750,"date":"2021-04-06T14:10:21","date_gmt":"2021-04-06T14:10:21","guid":{"rendered":"https:\/\/211md.org\/?page_id=750"},"modified":"2025-10-29T07:08:30","modified_gmt":"2025-10-29T11:08:30","slug":"tai-nguyen-theo-quan","status":"publish","type":"page","link":"https:\/\/211md.org\/vi\/resources-by-county\/","title":{"rendered":"T\u00e0i nguy\u00ean theo qu\u1eadn"},"content":{"rendered":"<h2>T\u00ecm t\u00e0i nguy\u00ean g\u1ea7n b\u1ea1n<\/h2>\n<p>B\u1ea1n c\u00f3 c\u1ea7n h\u1ed7 tr\u1ee3 v\u1ec1 th\u1ef1c ph\u1ea9m, nh\u00e0 \u1edf, h\u1ed7 tr\u1ee3 ti\u1ec7n \u00edch ho\u1eb7c s\u1ee9c kh\u1ecfe t\u00e2m th\u1ea7n kh\u00f4ng? B\u1ea1n kh\u00f4ng c\u00f4 \u0111\u01a1n.<\/p>\n<p>Ch\u1ecdn qu\u1eadn n\u01a1i b\u1ea1n mu\u1ed1n nh\u1eadn tr\u1ee3 gi\u00fap v\u00e0 ch\u00fang t\u00f4i s\u1ebd hi\u1ec3n th\u1ecb cho b\u1ea1n c\u00e1c k\u1ebft qu\u1ea3 h\u00e0ng \u0111\u1ea7u \u0111\u1ec3 b\u1ea1n c\u00f3 th\u1ec3 nhanh ch\u00f3ng t\u00ecm \u0111\u01b0\u1ee3c ngu\u1ed3n l\u1ef1c.<\/p>\n\t<!--?xml version=\"1.0\" encoding=\"UTF-8\"?-->","protected":false},"excerpt":{"rendered":"<p>T\u00ecm ngu\u1ed3n h\u1ed7 tr\u1ee3 g\u1ea7n b\u1ea1n B\u1ea1n c\u1ea7n h\u1ed7 tr\u1ee3 v\u1ec1 th\u1ef1c ph\u1ea9m, nh\u00e0 \u1edf, ti\u1ec7n \u00edch ho\u1eb7c s\u1ee9c kh\u1ecfe t\u00e2m th\u1ea7n? B\u1ea1n kh\u00f4ng \u0111\u01a1n \u0111\u1ed9c. H\u00e3y ch\u1ecdn qu\u1eadn\/huy\u1ec7n n\u01a1i b\u1ea1n mu\u1ed1n nh\u1eadn h\u1ed7 tr\u1ee3, v\u00e0 ch\u00fang t\u00f4i s\u1ebd hi\u1ec3n th\u1ecb nh\u1eefng k\u1ebft qu\u1ea3 h\u00e0ng \u0111\u1ea7u \u0111\u1ec3 b\u1ea1n c\u00f3 th\u1ec3 t\u00ecm ki\u1ebfm ngu\u1ed3n h\u1ed7 tr\u1ee3 nhanh ch\u00f3ng.<\/p>","protected":false},"author":8,"featured_media":1635,"parent":0,"menu_order":0,"comment_status":"closed","ping_status":"closed","template":"","meta":{"footnotes":""},"class_list":["post-750","page","type-page","status-publish","has-post-thumbnail","hentry"],"_links":{"self":[{"href":"https:\/\/211md.org\/vi\/wp-json\/wp\/v2\/pages\/750","targetHints":{"allow":["GET"]}}],"collection":[{"href":"https:\/\/211md.org\/vi\/wp-json\/wp\/v2\/pages"}],"about":[{"href":"https:\/\/211md.org\/vi\/wp-json\/wp\/v2\/types\/page"}],"author":[{"embeddable":true,"href":"https:\/\/211md.org\/vi\/wp-json\/wp\/v2\/users\/8"}],"replies":[{"embeddable":true,"href":"https:\/\/211md.org\/vi\/wp-json\/wp\/v2\/comments?post=750"}],"version-history":[{"count":3,"href":"https:\/\/211md.org\/vi\/wp-json\/wp\/v2\/pages\/750\/revisions"}],"predecessor-version":[{"id":34089,"href":"https:\/\/211md.org\/vi\/wp-json\/wp\/v2\/pages\/750\/revisions\/34089"}],"wp:featuredmedia":[{"embeddable":true,"href":"https:\/\/211md.org\/vi\/wp-json\/wp\/v2\/media\/1635"}],"wp:attachment":[{"href":"https:\/\/211md.org\/vi\/wp-json\/wp\/v2\/media?parent=750"}],"curies":[{"name":"wp","href":"https:\/\/api.w.org\/{rel}","templated":true}]}}