{"id":758,"date":"2021-04-06T14:59:28","date_gmt":"2021-04-06T14:59:28","guid":{"rendered":"https:\/\/211md.org\/?page_id=758"},"modified":"2025-07-11T18:05:03","modified_gmt":"2025-07-11T22:05:03","slug":"tham-gia-co-so-du-lieu-cua-chung-toi","status":"publish","type":"page","link":"https:\/\/211md.org\/vi\/partner\/join-our-database\/","title":{"rendered":"Tham gia c\u01a1 s\u1edf d\u1eef li\u1ec7u c\u1ee7a ch\u00fang t\u00f4i"},"content":{"rendered":"<h2>\n\t\t\tTh\u00eam \u0111\u1ea1i l\u00fd c\u1ee7a b\u1ea1n l\u00e0m t\u00e0i nguy\u00ean\t<\/h2>\n\t<p>Ch\u00fang t\u00f4i mong \u0111\u01b0\u1ee3c coi t\u1ed5 ch\u1ee9c c\u1ee7a b\u1ea1n l\u00e0 m\u1ed9t ngu\u1ed3n l\u1ef1c \u0111\u1ec3 k\u1ebft n\u1ed1i ng\u01b0\u1eddi d\u00e2n Maryland. Ch\u00fang t\u00f4i bao g\u1ed3m c\u00e1c c\u01a1 quan v\u00e0 t\u1ed5 ch\u1ee9c d\u1ecbch v\u1ee5 y t\u1ebf v\u00e0 con ng\u01b0\u1eddi ph\u1ee5c v\u1ee5 c\u01b0 d\u00e2n c\u1ee7a ti\u1ec3u bang n\u00e0y, b\u1ea5t k\u1ec3 v\u1ecb tr\u00ed th\u1ef1c t\u1ebf c\u1ee7a nh\u00e0 cung c\u1ea5p d\u1ecbch v\u1ee5. \u0111\u1ecdc c\u1ee7a ch\u00fang t\u00f4i\u00a0<a href=\"\/vi\/chinh-sach-hoa-nhap\/\">Ch\u00ednh s\u00e1ch bao g\u1ed3m<\/a>.<\/p>\n\t\t\t<a href=\"https:\/\/docs.google.com\/forms\/d\/e\/1FAIpQLSdP1V4oqiAOGr2uK9rkCIxzTpexnlyuDmDkqfJ0CjtIbmWV0A\/viewform\" target=\"_blank\" rel=\"noopener\">\n\t\t\t\t\t\t\tTham gia ngay\n\t\t\t\t\t<\/a>\n\t<p>B\u1ea1n c\u1ea7n c\u1eadp nh\u1eadt danh s\u00e1ch c\u1ee7a m\u00ecnh trong c\u01a1 s\u1edf d\u1eef li\u1ec7u t\u00e0i nguy\u00ean? <a href=\"mailto: resources@211md.org\" target=\"_blank\" rel=\"noopener\">G\u1eedi email cho ch\u00fang t\u00f4i<\/a>.<\/p>\n<h2>\n\t\t\tL\u00e0m th\u1ebf n\u00e0o ch\u00fang t\u00f4i c\u00f3 th\u1ec3 gi\u00fap t\u1ed5 ch\u1ee9c c\u1ee7a b\u1ea1n\t<\/h2>\n\t<p>211 l\u00e0 ngu\u1ed3n l\u1ef1c d\u00e0nh cho t\u1ea5t c\u1ea3 m\u1ecdi ng\u01b0\u1eddi \u2013 c\u00e1 nh\u00e2n, nh\u00e2n vi\u00ean x\u00e3 h\u1ed9i, b\u00e1c s\u0129, y t\u00e1, vi\u00ean ch\u1ee9c ch\u00ednh ph\u1ee7, t\u1ed5 ch\u1ee9c phi l\u1ee3i nhu\u1eadn v\u00e0 c\u00e1c t\u1ed5 ch\u1ee9c. Ch\u00fang t\u00f4i k\u1ebft n\u1ed1i ng\u01b0\u1eddi d\u00e2n Maryland v\u1edbi c\u00e1c ngu\u1ed3n l\u1ef1c \u0111\u00e1p \u1ee9ng m\u1ecdi nhu c\u1ea7u ch\u01b0a \u0111\u01b0\u1ee3c \u0111\u00e1p \u1ee9ng c\u1ee7a h\u1ecd.<\/p>\n\t\t\t\t<img decoding=\"async\" src=\"https:\/\/211md.org\/wp-content\/uploads\/2021\/05\/Image-Pre-Screen-Callers.png\" alt=\"Ng\u01b0\u1eddi ph\u1ee5 n\u1eef \u0111\u1ed9i \u0111\u1ea7u tr\u1ea3 l\u1eddi cu\u1ed9c g\u1ecdi\" itemprop=\"image\" height=\"211\" width=\"211\" title=\"Ng\u01b0\u1eddi g\u1ecdi h\u00ecnh \u1ea3nh tr\u01b0\u1edbc m\u00e0n h\u00ecnh\" onerror=\"this.style.display='none'\" loading='lazy' \/>\n<h3>Ng\u01b0\u1eddi g\u1ecdi tr\u01b0\u1edbc m\u00e0n h\u00ecnh<\/h3><p>Ch\u00fang t\u00f4i h\u1ed7 tr\u1ee3 c\u00e1c t\u1ed5 ch\u1ee9c b\u1eb1ng c\u00e1ch s\u00e0ng l\u1ecdc tr\u01b0\u1edbc nh\u1eefng ng\u01b0\u1eddi Maryland v\u00e0 ch\u1ec9 gi\u1edbi thi\u1ec7u nh\u1eefng ng\u01b0\u1eddi \u0111\u00e1p \u1ee9ng c\u00e1c nguy\u00ean t\u1eafc v\u1ec1 t\u00ednh \u0111\u1ee7 \u0111i\u1ec1u ki\u1ec7n.<\/p>\n\t\t\t\t<img decoding=\"async\" src=\"https:\/\/211md.org\/wp-content\/uploads\/2021\/05\/Image-Guidance-on-Eligibility-Requirements.png\" alt=\"Ng\u01b0\u1eddi ph\u1ee5 n\u1eef l\u00e0m vi\u1ec7c v\u1edbi tai nghe khi nh\u00ecn v\u00e0o camera\" itemprop=\"image\" height=\"211\" width=\"211\" title=\"H\u01b0\u1edbng d\u1eabn b\u1eb1ng h\u00ecnh \u1ea3nh v\u1ec1 c\u00e1c y\u00eau c\u1ea7u \u0111\u1ee7 \u0111i\u1ec1u ki\u1ec7n\" onerror=\"this.style.display='none'\" loading='lazy' \/>\n<h3>H\u01b0\u1edbng d\u1eabn v\u1ec1 Y\u00eau c\u1ea7u \u0110\u1ee7 \u0111i\u1ec1u ki\u1ec7n<\/h3><p>Ch\u00fang t\u00f4i h\u01b0\u1edbng d\u1eabn ng\u01b0\u1eddi g\u1ecdi th\u00f4ng qua c\u00e1c y\u00eau c\u1ea7u v\u1ec1 t\u00ednh \u0111\u1ee7 \u0111i\u1ec1u ki\u1ec7n, \u0111\u1ec3 h\u1ecd c\u00f3 s\u1eb5n t\u1ea5t c\u1ea3 c\u00e1c th\u1ee7 t\u1ee5c gi\u1ea5y t\u1edd c\u1ea7n thi\u1ebft \u0111\u1ec3 n\u1ed9p \u0111\u01a1n xin tr\u1ee3 c\u1ea5p ho\u1eb7c y\u00eau c\u1ea7u h\u1ed7 tr\u1ee3.<\/p>\n\t\t\t\t<img decoding=\"async\" src=\"https:\/\/211md.org\/wp-content\/uploads\/2021\/05\/Image-Saves-Time-and-Money.png\" alt=\"ng\u01b0\u1eddi ph\u1ee5 n\u1eef l\u00e0m vi\u1ec7c nh\u00ecn v\u00e0o camera\" itemprop=\"image\" height=\"211\" width=\"211\" title=\"H\u00ecnh \u1ea3nh-Ti\u1ebft ki\u1ec7m th\u1eddi gian v\u00e0 ti\u1ec1n b\u1ea1c\" onerror=\"this.style.display='none'\" loading='lazy' \/>\n<h3>Ti\u1ebft ki\u1ec7m th\u1eddi gian v\u00e0 ti\u1ec1n b\u1ea1c<\/h3><p>C\u00e1c chuy\u00ean gia t\u00e0i nguy\u00ean c\u1ee7a ch\u00fang t\u00f4i \u0111\u01b0\u1ee3c \u0111\u00e0o t\u1ea1o v\u1ec1 th\u00f4ng tin v\u00e0 d\u1ecbch v\u1ee5 gi\u1edbi thi\u1ec7u gi\u00fap ti\u1ebft ki\u1ec7m th\u1eddi gian cho t\u1ed5 ch\u1ee9c c\u1ee7a b\u1ea1n khi tr\u1ea3 l\u1eddi c\u00e1c c\u00e2u h\u1ecfi v\u1ec1 l\u1ee3i \u00edch v\u00e0 l\u1eadp tr\u00ecnh.<\/p>\n\t\t\t\t<img decoding=\"async\" src=\"https:\/\/211md.org\/wp-content\/uploads\/2021\/05\/Image-Support-Your-Programs.png\" alt=\"doanh nh\u00e2n b\u1eaft tay\" itemprop=\"image\" height=\"211\" width=\"211\" title=\"H\u1ed7 tr\u1ee3 h\u00ecnh \u1ea3nh cho c\u00e1c ch\u01b0\u01a1ng tr\u00ecnh c\u1ee7a b\u1ea1n\" onerror=\"this.style.display='none'\" loading='lazy' \/>\n<h3>H\u1ed7 tr\u1ee3 c\u00e1c ch\u01b0\u01a1ng tr\u00ecnh c\u1ee7a b\u1ea1n<\/h3><p>V\u1edbi t\u01b0 c\u00e1ch l\u00e0 \u0111i\u1ec3m truy c\u1eadp m\u1ed9t c\u1eeda, ch\u00fang t\u00f4i c\u00f3 th\u1ec3 gi\u00fap t\u1ed5 ch\u1ee9c c\u1ee7a b\u1ea1n t\u1eadp trung v\u00e0o vi\u1ec7c ph\u1ee5c v\u1ee5 kh\u00e1ch h\u00e0ng h\u01a1n l\u00e0 t\u00ecm ki\u1ebfm h\u1ecd.<\/p>","protected":false},"excerpt":{"rendered":"<p>Th\u00eam C\u01a1 quan c\u1ee7a b\u1ea1n l\u00e0m Ngu\u1ed3n l\u1ef1c Ch\u00fang t\u00f4i mong mu\u1ed1n \u0111\u01b0\u1ee3c xem x\u00e9t t\u1ed5 ch\u1ee9c c\u1ee7a b\u1ea1n nh\u01b0 m\u1ed9t ngu\u1ed3n l\u1ef1c \u0111\u1ec3 k\u1ebft n\u1ed1i ng\u01b0\u1eddi d\u00e2n Maryland. Ch\u00fang t\u00f4i bao g\u1ed3m c\u00e1c c\u01a1 quan v\u00e0 t\u1ed5 ch\u1ee9c y t\u1ebf v\u00e0 d\u1ecbch v\u1ee5 nh\u00e2n sinh ph\u1ee5c v\u1ee5 c\u01b0 d\u00e2n c\u1ee7a ti\u1ec3u bang n\u00e0y, b\u1ea5t k\u1ec3 v\u1ecb tr\u00ed \u0111\u1ecba l\u00fd c\u1ee7a nh\u00e0 cung c\u1ea5p d\u1ecbch v\u1ee5. \u0110\u1ecdc Ch\u00ednh s\u00e1ch Bao g\u1ed3m c\u1ee7a ch\u00fang t\u00f4i. Tham gia ngay B\u1ea1n c\u1ea7n c\u1eadp nh\u1eadt danh s\u00e1ch c\u1ee7a m\u00ecnh trong c\u01a1 s\u1edf d\u1eef li\u1ec7u ngu\u1ed3n l\u1ef1c?\u2026<\/p>","protected":false},"author":8,"featured_media":1982,"parent":486,"menu_order":0,"comment_status":"closed","ping_status":"closed","template":"","meta":{"footnotes":""},"class_list":["post-758","page","type-page","status-publish","has-post-thumbnail","hentry"],"_links":{"self":[{"href":"https:\/\/211md.org\/vi\/wp-json\/wp\/v2\/pages\/758","targetHints":{"allow":["GET"]}}],"collection":[{"href":"https:\/\/211md.org\/vi\/wp-json\/wp\/v2\/pages"}],"about":[{"href":"https:\/\/211md.org\/vi\/wp-json\/wp\/v2\/types\/page"}],"author":[{"embeddable":true,"href":"https:\/\/211md.org\/vi\/wp-json\/wp\/v2\/users\/8"}],"replies":[{"embeddable":true,"href":"https:\/\/211md.org\/vi\/wp-json\/wp\/v2\/comments?post=758"}],"version-history":[{"count":3,"href":"https:\/\/211md.org\/vi\/wp-json\/wp\/v2\/pages\/758\/revisions"}],"predecessor-version":[{"id":4917,"href":"https:\/\/211md.org\/vi\/wp-json\/wp\/v2\/pages\/758\/revisions\/4917"}],"up":[{"embeddable":true,"href":"https:\/\/211md.org\/vi\/wp-json\/wp\/v2\/pages\/486"}],"wp:featuredmedia":[{"embeddable":true,"href":"https:\/\/211md.org\/vi\/wp-json\/wp\/v2\/media\/1982"}],"wp:attachment":[{"href":"https:\/\/211md.org\/vi\/wp-json\/wp\/v2\/media?parent=758"}],"curies":[{"name":"wp","href":"https:\/\/api.w.org\/{rel}","templated":true}]}}