{"id":766,"date":"2021-04-06T16:00:16","date_gmt":"2021-04-06T16:00:16","guid":{"rendered":"https:\/\/211md.org\/?page_id=766"},"modified":"2025-08-21T11:44:39","modified_gmt":"2025-08-21T15:44:39","slug":"nha-cung-cap-tai-nguyen","status":"publish","type":"page","link":"https:\/\/211md.org\/vi\/partner\/resource-providers\/","title":{"rendered":"Nh\u00e0 cung c\u1ea5p t\u00e0i nguy\u00ean"},"content":{"rendered":"<h2>\n\t\t\tC\u1ea3m \u01a1n b\u1ea1n \u0111\u00e3 l\u00e0 m\u1ed9t t\u00e0i nguy\u00ean\t<\/h2>\n\t<p>Vui l\u00f2ng <a href=\"http:\/\/search.211md.org\" target=\"_blank\" rel=\"noopener\">\u00f4n t\u1eadp<\/a> v\u00e0 c\u1eadp nh\u1eadt (n\u1ebfu c\u1ea7n) th\u00f4ng tin ch\u01b0\u01a1ng tr\u00ecnh c\u1ee7a c\u01a1 quan b\u1ea1n.<\/p>\n\t\t\t<a href=\"mailto:%20resources@211md.org\" target=\"_blank\" rel=\"noopener\">\n\t\t\t\t\t\t\tC\u1eadp nh\u1eadt danh s\u00e1ch\n\t\t\t\t\t<\/a>\n\t\t\t<a href=\"https:\/\/docs.google.com\/forms\/d\/e\/1FAIpQLSdP1V4oqiAOGr2uK9rkCIxzTpexnlyuDmDkqfJ0CjtIbmWV0A\/viewform\" target=\"_blank\" rel=\"noopener\">\n\t\t\t\t\t\t\tTh\u00eam t\u1ed5 ch\u1ee9c\n\t\t\t\t\t<\/a>","protected":false},"excerpt":{"rendered":"<p>C\u1ea3m \u01a1n b\u1ea1n \u0111\u00e3 l\u00e0 ngu\u1ed3n th\u00f4ng tin h\u1eefu \u00edch. Vui l\u00f2ng xem l\u1ea1i v\u00e0 c\u1eadp nh\u1eadt (n\u1ebfu c\u1ea7n) th\u00f4ng tin ch\u01b0\u01a1ng tr\u00ecnh c\u1ee7a c\u01a1 quan b\u1ea1n. C\u1eadp nh\u1eadt danh s\u00e1ch Th\u00eam t\u1ed5 ch\u1ee9c<\/p>","protected":false},"author":8,"featured_media":1633,"parent":486,"menu_order":0,"comment_status":"closed","ping_status":"closed","template":"","meta":{"footnotes":""},"class_list":["post-766","page","type-page","status-publish","has-post-thumbnail","hentry"],"_links":{"self":[{"href":"https:\/\/211md.org\/vi\/wp-json\/wp\/v2\/pages\/766","targetHints":{"allow":["GET"]}}],"collection":[{"href":"https:\/\/211md.org\/vi\/wp-json\/wp\/v2\/pages"}],"about":[{"href":"https:\/\/211md.org\/vi\/wp-json\/wp\/v2\/types\/page"}],"author":[{"embeddable":true,"href":"https:\/\/211md.org\/vi\/wp-json\/wp\/v2\/users\/8"}],"replies":[{"embeddable":true,"href":"https:\/\/211md.org\/vi\/wp-json\/wp\/v2\/comments?post=766"}],"version-history":[{"count":4,"href":"https:\/\/211md.org\/vi\/wp-json\/wp\/v2\/pages\/766\/revisions"}],"predecessor-version":[{"id":4974,"href":"https:\/\/211md.org\/vi\/wp-json\/wp\/v2\/pages\/766\/revisions\/4974"}],"up":[{"embeddable":true,"href":"https:\/\/211md.org\/vi\/wp-json\/wp\/v2\/pages\/486"}],"wp:featuredmedia":[{"embeddable":true,"href":"https:\/\/211md.org\/vi\/wp-json\/wp\/v2\/media\/1633"}],"wp:attachment":[{"href":"https:\/\/211md.org\/vi\/wp-json\/wp\/v2\/media?parent=766"}],"curies":[{"name":"wp","href":"https:\/\/api.w.org\/{rel}","templated":true}]}}