{"id":813,"date":"2021-04-07T18:54:23","date_gmt":"2021-04-07T18:54:23","guid":{"rendered":"https:\/\/211md.org\/?page_id=813"},"modified":"2024-05-02T13:40:17","modified_gmt":"2024-05-02T17:40:17","slug":"toa-soan","status":"publish","type":"page","link":"https:\/\/211md.org\/vi\/newsroom\/","title":{"rendered":"t\u00f2a so\u1ea1n"},"content":{"rendered":"<h2>\n\t\tC\u00e1c Stories\n\t<\/h2>\n<h2>\n\t\t211 Tin t\u1ee9c Maryland\n\t<\/h2>\n\t\t\t<a href=\"\/vi\/toa-soan\/211-maryland-news\/\" target=\"_self\" rel=\"noopener\">\n\t\t\t\t\t\t\tXem t\u1ea5t c\u1ea3 tin t\u1ee9c\n\t\t\t\t\t<\/a>\n<h3>\n\t\tTh\u1ec3 lo\u1ea1i\n\t<\/h3>\n\t\t<h2>LI\u00caN L\u1ea0C<\/h2>\n\t\t<p>Vui l\u00f2ng li\u00ean h\u1ec7 v\u1edbi ch\u00fang t\u00f4i \u0111\u1ec3 l\u00ean l\u1ecbch ph\u1ecfng v\u1ea5n ho\u1eb7c nh\u1eadn d\u1eef li\u1ec7u li\u00ean quan \u0111\u1ebfn cu\u1ed9c g\u1ecdi 211 Maryland v\u00e0 n\u1ec1n t\u1ea3ng nh\u1eafn tin theo y\u00eau c\u1ea7u:\u00a0<a href=\"mailto:media@211md.org\">media@211md.org<\/a><\/p>\n\t\t\t<a href=\"mailto:media@211md.org\" target=\"_self\" rel=\"noopener\">\n\t\t\t\t\t\t\tG\u1eedi email cho ch\u00fang t\u00f4i\n\t\t\t\t\t<\/a>\n\t\t\t\t<img loading=\"lazy\" decoding=\"async\" src=\"https:\/\/211md.org\/wp-content\/uploads\/2021\/04\/Data-1.png\" alt=\"Ng\u01b0\u1eddi ph\u1ee5 n\u1eef l\u00e0m vi\u1ec7c tr\u00ean m\u00e1y t\u00ednh c\u1ee7a c\u00f4 \u1ea5y nh\u00ecn v\u00e0o bi\u1ec3u \u0111\u1ed3\" itemprop=\"image\" height=\"348\" width=\"460\" title=\"D\u1eef li\u1ec7u-1\" onerror=\"this.style.display='none'\"  \/>\n\t<h2><strong>H\u00e3y \u0111\u1ec3 nh\u1eefng con s\u1ed1 k\u1ec3 c\u00e2u chuy\u1ec7n<\/strong><\/h2>\n<p>211 C\u00e1c k\u1ebft n\u1ed1i li\u00ean t\u1ee5c c\u1ee7a Maryland cung c\u1ea5p th\u00f4ng tin cho c\u1ed9ng \u0111\u1ed3ng v\u1ec1 c\u00e1c xu h\u01b0\u1edbng d\u1ecbch v\u1ee5 y t\u1ebf v\u00e0 con ng\u01b0\u1eddi. Truy c\u1eadp h\u00e0ng ngh\u00ecn c\u00e2u chuy\u1ec7n v\u1ec1 c\u00e1c nhu c\u1ea7u c\u01a1 b\u1ea3n, t\u1eadp th\u1ec3 trong khu v\u1ef1c ph\u1ee7 s\u00f3ng c\u1ee7a b\u1ea1n th\u00f4ng qua b\u1ed9 d\u1eef li\u1ec7u v\u1ec1 nhu c\u1ea7u ch\u01b0a \u0111\u01b0\u1ee3c \u0111\u00e1p \u1ee9ng to\u00e0n di\u1ec7n nh\u1ea5t trong ti\u1ec3u bang. H\u00e3y k\u1ec3 c\u00e2u chuy\u1ec7n v\u1ec1 c\u1ed9ng \u0111\u1ed3ng c\u1ee7a b\u1ea1n ngay h\u00f4m nay!<\/p>\n\t<h2><strong>211 B\u1ed9 c\u00f4ng c\u1ee5 Maryland<\/strong><\/h2>\n<p>T\u1ea3i xu\u1ed1ng c\u00e1c t\u00e0i li\u1ec7u trong b\u1ed9 c\u00f4ng c\u1ee5 nh\u01b0 th\u1ebb ti\u1ebfp c\u1eadn c\u1ed9ng \u0111\u1ed3ng, \u0111\u1ed3 h\u1ecda truy\u1ec1n th\u00f4ng x\u00e3 h\u1ed9i v\u00e0 t\u1edd th\u00f4ng tin v\u1ec1 211 v\u00e0 c\u00e1c ch\u01b0\u01a1ng tr\u00ecnh c\u1ee7a n\u00f3. S\u1eed d\u1ee5ng c\u00e1c b\u1ea3n t\u1ea3i xu\u1ed1ng k\u1ef9 thu\u1eadt s\u1ed1 ho\u1eb7c \u0111\u1eb7t h\u00e0ng c\u00e1c t\u00e0i li\u1ec7u s\u1eb5n s\u00e0ng \u0111\u1ec3 in.<\/p>\n\t\t\t\t<img loading=\"lazy\" decoding=\"async\" src=\"https:\/\/211md.org\/wp-content\/uploads\/2021\/05\/Top-View-Postcard-Mockup-scaled.jpg\" alt=\"211 th\u1ebb Ti\u1ebfp c\u1eadn Maryland\" itemprop=\"image\" height=\"1707\" width=\"2560\" title=\"M\u00f4 h\u00ecnh b\u01b0u thi\u1ebfp nh\u00ecn t\u1eeb tr\u00ean xu\u1ed1ng\" onerror=\"this.style.display='none'\"  \/>","protected":false},"excerpt":{"rendered":"<p>C\u00e2u chuy\u1ec7n n\u1ed5i b\u1eadt 211 Tin t\u1ee9c Maryland Xem t\u1ea5t c\u1ea3 danh m\u1ee5c tin t\u1ee9c LI\u00caN H\u1ec6 Vui l\u00f2ng li\u00ean h\u1ec7 v\u1edbi ch\u00fang t\u00f4i \u0111\u1ec3 \u0111\u1eb7t l\u1ecbch ph\u1ecfng v\u1ea5n ho\u1eb7c nh\u1eadn d\u1eef li\u1ec7u li\u00ean quan \u0111\u1ebfn 211 cu\u1ed9c g\u1ecdi \u1edf Maryland v\u00e0 n\u1ec1n t\u1ea3ng nh\u1eafn tin theo y\u00eau c\u1ea7u: media@211md.org G\u1eedi email cho ch\u00fang t\u00f4i H\u00e3y \u0111\u1ec3 nh\u1eefng con s\u1ed1 k\u1ec3 c\u00e2u chuy\u1ec7n 211 li\u00ean t\u1ee5c c\u1ee7a Maryland c\u00e1c k\u1ebft n\u1ed1i th\u00f4ng b\u00e1o cho c\u1ed9ng \u0111\u1ed3ng v\u1ec1 xu h\u01b0\u1edbng d\u1ecbch v\u1ee5 y t\u1ebf v\u00e0 con ng\u01b0\u1eddi. Truy c\u1eadp h\u00e0ng ng\u00e0n\u2026<\/p>","protected":false},"author":8,"featured_media":1874,"parent":0,"menu_order":0,"comment_status":"closed","ping_status":"closed","template":"","meta":{"footnotes":""},"class_list":["post-813","page","type-page","status-publish","has-post-thumbnail","hentry"],"_links":{"self":[{"href":"https:\/\/211md.org\/vi\/wp-json\/wp\/v2\/pages\/813","targetHints":{"allow":["GET"]}}],"collection":[{"href":"https:\/\/211md.org\/vi\/wp-json\/wp\/v2\/pages"}],"about":[{"href":"https:\/\/211md.org\/vi\/wp-json\/wp\/v2\/types\/page"}],"author":[{"embeddable":true,"href":"https:\/\/211md.org\/vi\/wp-json\/wp\/v2\/users\/8"}],"replies":[{"embeddable":true,"href":"https:\/\/211md.org\/vi\/wp-json\/wp\/v2\/comments?post=813"}],"version-history":[{"count":0,"href":"https:\/\/211md.org\/vi\/wp-json\/wp\/v2\/pages\/813\/revisions"}],"wp:featuredmedia":[{"embeddable":true,"href":"https:\/\/211md.org\/vi\/wp-json\/wp\/v2\/media\/1874"}],"wp:attachment":[{"href":"https:\/\/211md.org\/vi\/wp-json\/wp\/v2\/media?parent=813"}],"curies":[{"name":"wp","href":"https:\/\/api.w.org\/{rel}","templated":true}]}}