{"id":838,"date":"2021-04-08T19:41:22","date_gmt":"2021-04-08T19:41:22","guid":{"rendered":"https:\/\/211md.org\/?page_id=838"},"modified":"2026-04-03T14:28:37","modified_gmt":"2026-04-03T18:28:37","slug":"cham-soc-suc-khoe","status":"publish","type":"page","link":"https:\/\/211md.org\/vi\/resources\/health-care\/","title":{"rendered":"T\u00ecm d\u1ecbch v\u1ee5 ch\u0103m s\u00f3c s\u1ee9c kh\u1ecfe mi\u1ec5n ph\u00ed v\u00e0 chi ph\u00ed th\u1ea5p"},"content":{"rendered":"<figure data-animation-delay=\"0\" data-animation-duration=\"1\" itemscope itemtype=\"https:\/\/schema.org\/ImageObject\">\n\t\t\t\t<img decoding=\"async\" src=\"https:\/\/stg-maryland211-staging.kinsta.cloud\/wp-content\/uploads\/2025\/08\/5-1-scaled.png\" alt=\"5\" height=\"692\" width=\"2560\" title=\"5\" onerror=\"this.style.display='none'\" loading=\"lazy\" \/>\n\t<\/figure>\n\t\t<p>B\u1ea1n \u0111ang t\u00ecm ki\u1ebfm m\u1ed9t ph\u00f2ng kh\u00e1m s\u1ee9c kh\u1ecfe mi\u1ec5n ph\u00ed ho\u1eb7c chi ph\u00ed th\u1ea5p ho\u1eb7c m\u1ed9t ngu\u1ed3n t\u00e0i nguy\u00ean y t\u1ebf kh\u00e1c? C\u00e1c d\u1ecbch v\u1ee5 y t\u1ebf c\u00f3 th\u1ec3 bao g\u1ed3m kh\u00e1m s\u00e0ng l\u1ecdc ph\u00f2ng ng\u1eeba, x\u00e9t nghi\u1ec7m trong ph\u00f2ng th\u00ed nghi\u1ec7m, ch\u0103m s\u00f3c thai s\u1ea3n, thi\u1ebft b\u1ecb y t\u1ebf gi\u00e1 r\u1ebb, ch\u0103m s\u00f3c m\u1eaft, ch\u0103m s\u00f3c r\u0103ng mi\u1ec7ng, th\u1eed thai, ph\u00f2ng kh\u00e1m ngo\u1ea1i tr\u00fa d\u00e0nh cho c\u1ef1u chi\u1ebfn binh, b\u1ea3o hi\u1ec3m, v.v.<\/p>\n\t\t\t<a href=\"#start\"  target=\"_self\">\n\t\t\t\t\t\tB\u1eaft \u0111\u1ea7u\n\t\t\t\t\t<\/a>\n<figure data-animation-delay=\"0\" data-animation-duration=\"1\" itemscope itemtype=\"https:\/\/schema.org\/ImageObject\">\n\t\t\t\t<img decoding=\"async\" src=\"https:\/\/211md.org\/wp-content\/plugins\/bb-plugin\/img\/pixel.png\" alt=\"\" onerror=\"this.style.display='none'\" loading=\"lazy\" \/>\n\t<\/figure>\n<figure data-animation-delay=\"0\" data-animation-duration=\"1.3\" itemscope itemtype=\"https:\/\/schema.org\/ImageObject\">\n\t\t\t\t<img decoding=\"async\" src=\"https:\/\/stg-maryland211-staging.kinsta.cloud\/wp-content\/uploads\/2025\/08\/16.png\" alt=\"16\" height=\"1000\" width=\"1000\" title=\"16\" onerror=\"this.style.display='none'\" loading=\"lazy\" \/>\n\t<\/figure>\n\t\t<figure itemscope itemtype=\"https:\/\/schema.org\/ImageObject\">\n\t\t\t\t<a href=\"https:\/\/search.211md.org\/\"  target=\"_blank\" rel=\"noopener\"  itemprop=\"url\">\n\t\t\t\t<img decoding=\"async\" src=\"https:\/\/stg-maryland211-staging.kinsta.cloud\/wp-content\/uploads\/2025\/08\/2025_MdInfoNet_Icon-Sets-white_Locate.png\" alt=\"\" onerror=\"this.style.display='none'\" loading=\"lazy\" \/>\n\t\t\t\t<\/a>\n\t<\/figure>\n<h2><a href=\"https:\/\/search.211md.org\/\" target=\"_blank\"  rel=\"noopener\">T\u00e0i nguy\u00ean ch\u0103m s\u00f3c s\u1ee9c kh\u1ecfe chung<\/a><\/h2><p>C\u01a1 s\u1edf d\u1eef li\u1ec7u T\u00e0i nguy\u00ean C\u1ed9ng \u0111\u1ed3ng 211 c\u00f3 th\u1ec3 gi\u00fap b\u1ea1n t\u00ecm ki\u1ebfm c\u00e1c ngu\u1ed3n l\u1ef1c ch\u0103m s\u00f3c s\u1ee9c kh\u1ecfe. H\u00e3y b\u1eaft \u0111\u1ea7u v\u1edbi nh\u1eefng t\u00ecm ki\u1ebfm ph\u1ed5 bi\u1ebfn n\u00e0y.<\/p>\n\t\t\t<a href=\"https:\/\/search.211md.org\/search?query=LV-6800&#038;query_type=taxonomy&#038;query_label=\"  target=\"_blank\" rel=\"noopener\">\n\t\t\t\t\t\tCh\u0103m s\u00f3c nhi khoa\n\t\t\t\t\t<\/a>\n\t\t\t<a href=\"https:\/\/search.211md.org\/search?query=LT-3400&#038;query_type=taxonomy&#038;query_label=\"  target=\"_blank\" rel=\"noopener\">\n\t\t\t\t\t\tti\u00eam ch\u1ee7ng\n\t\t\t\t\t<\/a>\n\t\t\t<a href=\"https:\/\/search.211md.org\/search?query=LV-2400&#038;query_type=taxonomy&#038;query_label=\"  target=\"_blank\" rel=\"noopener\">\n\t\t\t\t\t\tch\u0103m s\u00f3c m\u1eaft\n\t\t\t\t\t<\/a>\n\t\t\t<a href=\"https:\/\/search.211md.org\/search?query=LJ-2000.6750&#038;query_type=taxonomy&#038;query_label=\"  target=\"_blank\" rel=\"noopener\">\n\t\t\t\t\t\tx\u00e9t nghi\u1ec7m thai k\u1ef3\n\t\t\t\t\t<\/a>\n\t\t\t<a href=\"https:\/\/search.211md.org\/search?query=Transportation%20Medical&#038;query_type=text\"  target=\"_blank\" rel=\"noopener\">\n\t\t\t\t\t\tV\u1eadn chuy\u1ec3n y t\u1ebf\n\t\t\t\t\t<\/a>\n\t\t\t<a href=\"https:\/\/search.211md.org\/search?query=Mammograms%20Breast%20Exams&#038;query_type=text\"  target=\"_blank\" rel=\"noopener\">\n\t\t\t\t\t\tCh\u1ee5p nh\u0169 \u1ea3nh\/s\u00e0ng l\u1ecdc v\u00fa\n\t\t\t\t\t<\/a>\n\t\t\t<a href=\"https:\/\/search.211md.org\/search?query=LT-1750.0500&#038;query_label=AIDS%2FHIV+Clinics&#038;query_type=taxonomy\"  target=\"_blank\" rel=\"noopener\">\n\t\t\t\t\t\tPh\u00f2ng kh\u00e1m AIDS\/HIV\n\t\t\t\t\t<\/a>\n<figure itemscope itemtype=\"https:\/\/schema.org\/ImageObject\">\n\t\t\t\t<img decoding=\"async\" src=\"https:\/\/211md.org\/wp-content\/uploads\/2022\/05\/doctor-with-young-child-providing-health-care.jpg\" alt=\"b\u00e1c s\u0129 c\u00f3 con nh\u1ecf ch\u0103m s\u00f3c s\u1ee9c kh\u1ecfe\" height=\"682\" width=\"1024\" title=\"b\u00e1c-s\u0129-c\u00f3-tr\u1ebb-tr\u1ebb-cung-c\u1ea5p-ch\u0103m-s\u00f3c\" onerror=\"this.style.display='none'\" loading=\"lazy\" \/>\n\t<\/figure>\n\t<h2>N\u01a1i \u0111\u1ec3 nh\u1eadn \u0111\u01b0\u1ee3c d\u1ecbch v\u1ee5 ch\u0103m s\u00f3c s\u1ee9c kh\u1ecfe gi\u00e1 r\u1ebb<\/h2>\n<p>D\u1ecbch v\u1ee5 ch\u0103m s\u00f3c s\u1ee9c kh\u1ecfe v\u00e0 b\u1ea3o hi\u1ec3m y t\u1ebf mi\u1ec5n ph\u00ed v\u00e0 chi ph\u00ed th\u1ea5p c\u00f3 s\u1eb5n t\u1ea1i Maryland.<\/p>\n<p>C\u00e1c s\u1edf y t\u1ebf \u0111\u1ecba ph\u01b0\u01a1ng, c\u00f3 tr\u1ee5 s\u1edf t\u1ea1i c\u00e1c qu\u1eadn tr\u00ean kh\u1eafp Maryland cung c\u1ea5p m\u1ed9t s\u1ed1 d\u1ecbch v\u1ee5 y t\u1ebf, bao g\u1ed3m ti\u00eam ch\u1ee7ng, s\u00e0ng l\u1ecdc ph\u00f2ng ng\u1eeba v\u00e0 <a href=\"https:\/\/211md.org\/vi\/tai-nguyen\/cham-soc-suc-khoe\/cham-soc-nha-khoa\/\">Ch\u0103m s\u00f3c nha khoa<\/a>. C\u00e1c d\u1ecbch v\u1ee5 y t\u1ebf c\u00f3 th\u1ec3 kh\u00e1c nhau t\u00f9y theo \u0111\u1ecba \u0111i\u1ec3m v\u00e0 c\u00f3 th\u1ec3 c\u00f3 c\u00e1c y\u00eau c\u1ea7u v\u1ec1 t\u00ednh \u0111\u1ee7 \u0111i\u1ec1u ki\u1ec7n.<\/p>\n<p>C\u00e1c ph\u00f2ng kh\u00e1m c\u1ed9ng \u0111\u1ed3ng c\u0169ng cung c\u1ea5p c\u00e1c d\u1ecbch v\u1ee5 ch\u0103m s\u00f3c, ch\u1eb3ng h\u1ea1n nh\u01b0 kh\u00e1m s\u1ee9c kh\u1ecfe v\u00e0 \u0111\u1eb7t l\u1ecbch h\u1eb9n v\u1edbi b\u00e1c s\u0129. C\u00e1c d\u1ecbch v\u1ee5 s\u1ebd kh\u00e1c nhau t\u00f9y theo \u0111\u1ecba \u0111i\u1ec3m v\u00e0 lo\u1ea1i h\u00ecnh c\u01a1 s\u1edf, nh\u01b0ng m\u1ed9t s\u1ed1 d\u1ecbch v\u1ee5 c\u00f3 th\u1ec3 bao g\u1ed3m:<\/p>\n<ul>\n<li>ki\u1ec3m tra<\/li>\n<li>t\u1ea7m so\u00e1t ph\u00f2ng ng\u1eeba<\/li>\n<li>\u0110i\u1ec1u tr\u1ecb khi b\u1ea1n b\u1ecb b\u1ec7nh.<\/li>\n<li>ch\u0103m s\u00f3c thai k\u1ef3<\/li>\n<li>ch\u1ee7ng ng\u1eeba<\/li>\n<li>th\u0103m tr\u1ebb kh\u1ecfe<\/li>\n<li>Ch\u0103m s\u00f3c nha khoa<\/li>\n<li>Thu\u1ed1c theo toa<\/li>\n<li>H\u1ed7 tr\u1ee3 v\u1ec1 s\u1ee9c kh\u1ecfe t\u00e2m th\u1ea7n v\u00e0 R\u1ed1i lo\u1ea1n s\u1eed d\u1ee5ng ch\u1ea5t k\u00edch th\u00edch (SUD)<\/li>\n<\/ul>\n\t\t\t<a href=\"https:\/\/health.maryland.gov\/Pages\/departments.ASPX\" target=\"_blank\" rel=\"noopener\">\n\t\t\t\t\t\tT\u00ecm S\u1edf Y t\u1ebf\n\t\t\t\t\t<\/a>\n\t<p>&nbsp;<\/p>\n<p>N\u1ebfu b\u00e1c s\u0129 k\u00ea \u0111\u01a1n thu\u1ed1c m\u00e0 b\u1ea1n kh\u00f4ng \u0111\u1ee7 kh\u1ea3 n\u0103ng chi tr\u1ea3 th\u00ec s\u1ebd c\u00f3 c\u00e1c ch\u01b0\u01a1ng tr\u00ecnh h\u1ed7 tr\u1ee3 b\u1ec7nh nh\u00e2n v\u00e0 ch\u01b0\u01a1ng tr\u00ecnh gi\u1ea3m gi\u00e1 t\u1ea1i c\u00e1c hi\u1ec7u thu\u1ed1c c\u00f3 tham gia \u1edf Maryland. T\u00ecm hi\u1ec3u v\u1ec1 <a href=\"https:\/\/211md.org\/vi\/tai-nguyen\/cham-soc-suc-khoe\/don-thuoc\/\">ch\u01b0\u01a1ng tr\u00ecnh gi\u1ea3m gi\u00e1 thu\u1ed1c<\/a> c\u00f3 s\u1eb5n \u1edf Maryland.<\/p>\n<p>N\u1ebfu b\u1ea1n g\u1eb7p v\u1ea5n \u0111\u1ec1 v\u1ec1 thanh to\u00e1n y t\u1ebf ho\u1eb7c kh\u00f4ng \u0111\u1ee7 kh\u1ea3 n\u0103ng thanh to\u00e1n h\u00f3a \u0111\u01a1n y t\u1ebf, c\u00e1c c\u01a1 quan \u0111\u1ecba ph\u01b0\u01a1ng v\u00e0 qu\u1ed1c gia s\u1ebd <a href=\"https:\/\/211md.org\/vi\/tai-nguyen\/cham-soc-suc-khoe\/y-te-chi-phi-ho-tro\/\">tr\u1ee3 gi\u00fap c\u00f3 s\u1eb5n cho c\u00e1c chi ph\u00ed y t\u1ebf<\/a>. B\u1ea1n c\u0169ng c\u00f3 th\u1ec3 \u0111\u1ee7 \u0111i\u1ec1u ki\u1ec7n nh\u1eadn c\u00e1c thi\u1ebft b\u1ecb y t\u1ebf mi\u1ec5n ph\u00ed nh\u01b0 n\u1ea1ng, xe l\u0103n ho\u1eb7c c\u00e1c thi\u1ebft b\u1ecb y t\u1ebf l\u00e2u b\u1ec1n hi\u1ec7n c\u00f3 kh\u00e1c.<\/p>\n\t\t<h2>L\u00e0m th\u1ebf n\u00e0o \u0111\u1ec3 t\u00ecm d\u1ecbch v\u1ee5 ch\u0103m s\u00f3c s\u1ee9c kh\u1ecfe t\u00e2m th\u1ea7n h\u1ee3p t\u00fai ti\u1ec1n<\/h2>\n\t\t<p>B\u1ea1n c\u0169ng c\u00f3 th\u1ec3 nh\u1eadn \u0111\u01b0\u1ee3c c\u00e1c d\u1ecbch v\u1ee5 n\u1ed9i tr\u00fa, ngo\u1ea1i tr\u00fa v\u00e0 t\u01b0 v\u1ea5n t\u1eeb nh\u00e0 cung c\u1ea5p d\u1ecbch v\u1ee5 s\u1ee9c kh\u1ecfe h\u00e0nh vi t\u1ea1i Maryland.<\/p>\n<p>M\u1ed9t s\u1ed1 t\u1ed5 ch\u1ee9c n\u00e0y c\u00f3 th\u1ec3 cung c\u1ea5p d\u1ecbch v\u1ee5 mi\u1ec5n ph\u00ed ho\u1eb7c gi\u00e1 r\u1ebb.<\/p>\n<p>N\u1ebfu b\u1ea1n c\u1ea7n tr\u1ee3 gi\u00fap ngay l\u1eadp t\u1ee9c v\u1ec1 \u00fd ngh\u0129 t\u1ef1 t\u1eed ho\u1eb7c c\u1ea3m x\u00fac \u0111au kh\u1ed5, h\u00e3y g\u1ecdi 9-8-8 \u0111\u1ec3 n\u00f3i chuy\u1ec7n v\u1edbi chuy\u00ean gia \u0111\u00e3 \u0111\u01b0\u1ee3c \u0111\u00e0o t\u1ea1o.<\/p>\n<p>M\u1ea1ng th\u00f4ng tin Maryland, cung c\u1ea5p d\u1ecbch v\u1ee5 cho 211 d\u1ecbch v\u1ee5 t\u1ea1i Maryland, cung c\u1ea5p c\u01a1 s\u1edf d\u1eef li\u1ec7u t\u00e0i nguy\u00ean s\u1ee9c kh\u1ecfe h\u00e0nh vi 988.<\/p>\n<p>K\u1ebft n\u1ed1i v\u1edbi nh\u00e0 cung c\u1ea5p. Ch\u1ecdn b\u1ed9 l\u1ecdc \u0111\u1ec3 thu h\u1eb9p ph\u1ea1m vi t\u00ecm ki\u1ebfm v\u00e0 nh\u1eadp m\u00e3 ZIP.<\/p>\n\t\t\t<a href=\"https:\/\/search.988.mdinfonet.org\/\" target=\"_blank\" rel=\"noopener\">\n\t\t\t\t\t\t\tFind Mental Health Providers\n\t\t\t<\/a>\n\t<p>N\u1ebfu b\u1ea1n \u0111ang v\u1eadt l\u1ed9n v\u1edbi s\u1ee9c kh\u1ecfe t\u00e2m th\u1ea7n, h\u00e3y bi\u1ebft r\u1eb1ng b\u1ea1n kh\u00f4ng \u0111\u01a1n \u0111\u1ed9c. <a href=\"\/vi\/tai-nguyen\/suc-khoe-tinh-than\/tram-cam\/\">Bi\u1ebft c\u00e1c d\u1ea5u hi\u1ec7u c\u1ea3nh b\u00e1o tr\u1ea7m c\u1ea3m<\/a>\u00a0V\u00e0\u00a0<a href=\"\/vi\/tai-nguyen\/suc-khoe-tinh-than\/phong-chong-tu-tu\/\">t\u1ef1 s\u00e1t<\/a>\u0111\u1ec3 b\u1ea1n c\u00f3 th\u1ec3 nh\u1eadn \u0111\u01b0\u1ee3c s\u1ef1 gi\u00fap \u0111\u1ee1 cho b\u1ea3n th\u00e2n ho\u1eb7c ng\u01b0\u1eddi th\u00e2n y\u00eau c\u1ee7a m\u00ecnh.<\/p>\n<h3>S\u1eed d\u1ee5ng ch\u1ea5t k\u00edch th\u00edch<\/h3>\n<p>Ngo\u00e0i ra c\u00f2n c\u00f3 d\u1ecbch v\u1ee5 \u0111i\u1ec1u tr\u1ecb v\u00e0 h\u1ed7 tr\u1ee3 cho nh\u1eefng lo ng\u1ea1i v\u1ec1 s\u1eed d\u1ee5ng ch\u1ea5t g\u00e2y nghi\u1ec7n.<\/p>\n<p>B\u1ea1n c\u00f3 th\u1ec3 g\u1ecdi 9-8-8 \u0111\u1ec3 n\u00f3i chuy\u1ec7n ngay v\u1edbi ai \u0111\u00f3 v\u1ec1 vi\u1ec7c s\u1eed d\u1ee5ng ch\u1ea5t g\u00e2y nghi\u1ec7n.<\/p>\n<p>Ph\u00e1t hi\u1ec7n\u00a0<a href=\"https:\/\/211md.org\/vi\/tai-nguyen\/su-dung-chat-kich-thich\/\" target=\"_blank\" rel=\"noopener\">l\u1ef1a ch\u1ecdn \u0111i\u1ec1u tr\u1ecb ch\u1ea5t<\/a> v\u00e0 c\u00e1c ch\u01b0\u01a1ng tr\u00ecnh gi\u00e1 c\u1ea3 ph\u1ea3i ch\u0103ng.<\/p>\n\t<h2>C\u1ea7n n\u00f3i chuy\u1ec7n?\u00a0<\/h2>\n<p>&nbsp;<\/p>\n\t<h2>G\u1ecdi ho\u1eb7c nh\u1eafn tin 988<\/h2>\n\t\t\t<a href=\"https:\/\/988lifeline.org\/chat\/\" target=\"_blank\" rel=\"noopener\">\n\t\t\t\t\t\t\tTr\u00f2 chuy\u1ec7n ngay (ti\u1ebfng Anh)\n\t\t\t\t\t<\/a>\n\t\t\t<a href=\"https:\/\/988lifeline.org\/es\/chat\/\" target=\"_blank\" rel=\"noopener\">\n\t\t\t\t\t\t\tChatea Ahora (T\u00e2y Ban Nha)\n\t\t\t\t\t<\/a>\n\t<p>B\u1ea5t k\u1ef3 ai c\u1ea7n h\u1ed7 tr\u1ee3 v\u1ec1 s\u1ee9c kh\u1ecfe t\u00e2m th\u1ea7n ho\u1eb7c c\u00e1c nhu c\u1ea7u li\u00ean quan \u0111\u1ebfn s\u1eed d\u1ee5ng d\u01b0\u1ee3c ch\u1ea5t \u0111\u1ec1u c\u00f3 th\u1ec3 g\u1ecdi 988. <a href=\"https:\/\/988min.org\/\" target=\"_blank\" rel=\"noopener\">T\u00ecm hi\u1ec3u v\u1ec1 988 \u1edf Maryland<\/a>.<\/p>\n<figure itemscope itemtype=\"https:\/\/schema.org\/ImageObject\">\n\t\t\t\t<img decoding=\"async\" src=\"https:\/\/211md.org\/wp-content\/plugins\/bb-plugin\/img\/pixel.png\" alt=\"\" onerror=\"this.style.display='none'\" loading=\"lazy\" \/>\n\t<\/figure>\n\t\t<figure itemscope itemtype=\"https:\/\/schema.org\/ImageObject\">\n\t\t\t\t<img decoding=\"async\" src=\"https:\/\/211md.org\/wp-content\/uploads\/bb-plugin\/cache\/Call-center-specialst-circle-4e9ecd7b3425be4576416abc911049bb-.jpg\" alt=\"Chuy\u00ean gia trung t\u00e2m cu\u1ed9c g\u1ecdi\" title=\"Trung t\u00e2m cu\u1ed9c g\u1ecdi \u0111\u1eb7c bi\u1ec7t\" onerror=\"this.style.display='none'\" loading=\"lazy\" \/>\n\t<\/figure>\n<h2>Quay s\u1ed1 211<\/h2><p>H\u00e3y tr\u00f2 chuy\u1ec7n v\u1edbi m\u1ed9t ng\u01b0\u1eddi chu \u0111\u00e1o v\u00e0 gi\u00e0u l\u00f2ng tr\u1eafc \u1ea9n 24\/7. H\u1ecd c\u0169ng c\u00f3 th\u1ec3 k\u1ebft n\u1ed1i b\u1ea1n v\u1edbi c\u00e1c ngu\u1ed3n l\u1ef1c.\u00a0<\/p>\n\t\t\t<a href=\"tel:%20+211\"  target=\"_blank\" rel=\"noopener\">\n\t\t\t\t\t\tQuay s\u1ed1 211 (di \u0111\u1ed9ng)\n\t\t\t\t\t<\/a>\n<h2>\n\t\t\tRelated Health information\t<\/h2>\n\t\t<h4><a href=\"\/vi\/tai-nguyen\/lao-hoa-khuyet-tat\/?utm_source=Home&#038;utm_medium=Referral&#038;utm_campaign=211Resources&#038;utm_content=Aging\" target=\"_self\">L\u00e3o h\u00f3a &amp; Khuy\u1ebft t\u1eadt<\/a><\/h4><figure itemscope itemtype=\"https:\/\/schema.org\/ImageObject\">\n\t\t\t\t<a href=\"\/vi\/tai-nguyen\/lao-hoa-khuyet-tat\/?utm_source=Home&#038;utm_medium=Referral&#038;utm_campaign=211Resources&#038;utm_content=Aging\"  target=\"_self\" itemprop=\"url\">\n\t\t\t\t<img decoding=\"async\" src=\"https:\/\/211md.org\/wp-content\/uploads\/bb-plugin\/cache\/2025_MdInfoNet_Icon-Sets_Aging-disability-square-c466727102cae71e5f27b8539bb51945-.png\" alt=\"\" onerror=\"this.style.display='none'\" loading=\"lazy\" \/>\n\t\t\t\t<\/a>\n\t<\/figure>\n\t\t<h4><a href=\"\/vi\/tai-nguyen\/gia-dinh-tre-em\/?utm_source=Home&#038;utm_medium=Referral&#038;utm_campaign=211Resources&#038;utm_content=Children\" target=\"_self\">Tr\u1ebb em &amp; Gia \u0111\u00ecnh<\/a><\/h4><figure itemscope itemtype=\"https:\/\/schema.org\/ImageObject\">\n\t\t\t\t<a href=\"\/vi\/tai-nguyen\/gia-dinh-tre-em\/?utm_source=Home&#038;utm_medium=Referral&#038;utm_campaign=211Resources&#038;utm_content=Children\"  target=\"_self\" itemprop=\"url\">\n\t\t\t\t<img decoding=\"async\" src=\"https:\/\/211md.org\/wp-content\/uploads\/bb-plugin\/cache\/2025_211_Icon-Sets_Child-care-square-f3b0d4edab3dcc467fadb5f55f4064c6-.png\" alt=\"parent and child icon for child care\" height=\"417\" width=\"417\" title=\"2025_211_B\u1ed9 bi\u1ec3u t\u01b0\u1ee3ng_Ch\u0103m s\u00f3c tr\u1ebb em\" onerror=\"this.style.display='none'\" loading=\"lazy\" \/>\n\t\t\t\t<\/a>\n\t<\/figure>\n\t\t<h4><a href=\"\/vi\/tai-nguyen\/gia-dinh-bao-luc\/?utm_source=Home&#038;utm_medium=Referral&#038;utm_campaign=211Resources&#038;utm_content=Domestic\" target=\"_self\">B\u1ea1o l\u1ef1c gia \u0111\u00ecnh<\/a><\/h4><figure itemscope itemtype=\"https:\/\/schema.org\/ImageObject\">\n\t\t\t\t<a href=\"\/vi\/tai-nguyen\/gia-dinh-bao-luc\/?utm_source=Home&#038;utm_medium=Referral&#038;utm_campaign=211Resources&#038;utm_content=Domestic\"  target=\"_self\" itemprop=\"url\">\n\t\t\t\t<img decoding=\"async\" src=\"https:\/\/211md.org\/wp-content\/uploads\/bb-plugin\/cache\/2025_211_Icon-Sets_Domestic-Violence-square-7b597694a6f05fe90cdc376aa573bc63-.png\" alt=\"House with a heart in the middle icon\" height=\"417\" width=\"417\" title=\"2025_211_B\u1ed9 bi\u1ec3u t\u01b0\u1ee3ng_B\u1ea1o l\u1ef1c gia \u0111\u00ecnh\" onerror=\"this.style.display='none'\" loading=\"lazy\" \/>\n\t\t\t\t<\/a>\n\t<\/figure>\n\t\t<h4><a href=\"\/vi\/tai-nguyen\/tim-kiem-viec-lam\/?utm_source=Home&#038;utm_medium=Referral&#038;utm_campaign=211Resources&#038;utm_content=Employment\" target=\"_self\">Thu\u00ea ng\u01b0\u1eddi l\u00e0m<\/a><\/h4><figure itemscope itemtype=\"https:\/\/schema.org\/ImageObject\">\n\t\t\t\t<a href=\"\/vi\/tai-nguyen\/tim-kiem-viec-lam\/?utm_source=Home&#038;utm_medium=Referral&#038;utm_campaign=211Resources&#038;utm_content=Employment\"  target=\"_self\" itemprop=\"url\">\n\t\t\t\t<img decoding=\"async\" src=\"https:\/\/211md.org\/wp-content\/uploads\/bb-plugin\/cache\/2025_MdInfoNet_Icon-Sets_Employment-square-44707bd410e4df10a470bf130ebcea86-.png\" alt=\"\" onerror=\"this.style.display='none'\" loading=\"lazy\" \/>\n\t\t\t\t<\/a>\n\t<\/figure>\n\t\t<h4><a href=\"\/vi\/tai-nguyen\/cham-soc-suc-khoe\/?utm_source=Home&#038;utm_medium=Referral&#038;utm_campaign=211Resources&#038;utm_content=Health%20Care\" target=\"_self\">Ch\u0103m s\u00f3c s\u1ee9c kh\u1ecfe<\/a><\/h4><figure itemscope itemtype=\"https:\/\/schema.org\/ImageObject\">\n\t\t\t\t<a href=\"\/vi\/tai-nguyen\/cham-soc-suc-khoe\/?utm_source=Home&#038;utm_medium=Referral&#038;utm_campaign=211Resources&#038;utm_content=Health%20Care\"  target=\"_self\" itemprop=\"url\">\n\t\t\t\t<img decoding=\"async\" src=\"https:\/\/211md.org\/wp-content\/uploads\/bb-plugin\/cache\/2025_MdInfoNet_Icon-Sets_Health-Care-square-dee98a0060cbe0e7f27eda253fc12679-.png\" alt=\"\" onerror=\"this.style.display='none'\" loading=\"lazy\" \/>\n\t\t\t\t<\/a>\n\t<\/figure>\n\t\t<h4><a href=\"\/vi\/tai-nguyen\/moi-doi-voi-chung-toi-va-maryland\/?utm_source=Home&#038;utm_medium=Referral&#038;utm_campaign=211Resources&#038;utm_content=Immigration\" target=\"_self\">nh\u1eadp c\u01b0<\/a><\/h4><figure itemscope itemtype=\"https:\/\/schema.org\/ImageObject\">\n\t\t\t\t<a href=\"\/vi\/tai-nguyen\/moi-doi-voi-chung-toi-va-maryland\/?utm_source=Home&#038;utm_medium=Referral&#038;utm_campaign=211Resources&#038;utm_content=Immigration\"  target=\"_self\" itemprop=\"url\">\n\t\t\t\t<img decoding=\"async\" src=\"https:\/\/211md.org\/wp-content\/uploads\/bb-plugin\/cache\/2025_MdInfoNet_Icon-Sets_Immigration-square-8b97b7fdfe5e6071405e216855065118-.png\" alt=\"bi\u1ec3u t\u01b0\u1ee3ng nh\u1eadp c\u01b0\" title=\"2025_MdInfoNet_Icon-Sets_Immigration\" onerror=\"this.style.display='none'\" loading=\"lazy\" \/>\n\t\t\t\t<\/a>\n\t<\/figure>\n\t\t<h4><a href=\"\/vi\/tai-nguyen\/gia-dinh-tre-em\/quan-he-ho-hang\/?utm_source=Home&#038;utm_medium=Referral&#038;utm_campaign=211Resources&#038;utm_content=Kinship\" target=\"_self\">h\u1ecd h\u00e0ng<\/a><\/h4><figure itemscope itemtype=\"https:\/\/schema.org\/ImageObject\">\n\t\t\t\t<a href=\"\/vi\/tai-nguyen\/gia-dinh-tre-em\/quan-he-ho-hang\/?utm_source=Home&#038;utm_medium=Referral&#038;utm_campaign=211Resources&#038;utm_content=Kinship\"  target=\"_self\" itemprop=\"url\">\n\t\t\t\t<img decoding=\"async\" src=\"https:\/\/211md.org\/wp-content\/uploads\/bb-plugin\/cache\/2025_211_Icon-Sets_Kinship-square-45bdf872866f5735f842c32071109267-.png\" alt=\"Bi\u1ec3u t\u01b0\u1ee3ng h\u1ecd h\u00e0ng\" height=\"417\" width=\"417\" title=\"2025_211_B\u1ed9 bi\u1ec3u t\u01b0\u1ee3ng_Quan h\u1ec7 h\u1ecd h\u00e0ng\" onerror=\"this.style.display='none'\" loading=\"lazy\" \/>\n\t\t\t\t<\/a>\n\t<\/figure>\n\t\t<h4><a href=\"\/vi\/tai-nguyen\/dich-vu-phap-ly\/?utm_source=Home&#038;utm_medium=Referral&#038;utm_campaign=211Resources&#038;utm_content=Legal\" target=\"_self\">D\u1ecbch v\u1ee5 ph\u00e1p l\u00fd<\/a><\/h4><figure itemscope itemtype=\"https:\/\/schema.org\/ImageObject\">\n\t\t\t\t<a href=\"\/vi\/tai-nguyen\/dich-vu-phap-ly\/?utm_source=Home&#038;utm_medium=Referral&#038;utm_campaign=211Resources&#038;utm_content=Legal\"  target=\"_self\" itemprop=\"url\">\n\t\t\t\t<img decoding=\"async\" src=\"https:\/\/211md.org\/wp-content\/uploads\/bb-plugin\/cache\/2025_MdInfoNet_Icon-Sets_Legal-square-18fdf438feb8435588174d9046463257-.png\" alt=\"\" onerror=\"this.style.display='none'\" loading=\"lazy\" \/>\n\t\t\t\t<\/a>\n\t<\/figure>\n\t\t<h4><a href=\"\/vi\/tai-nguyen\/suc-khoe-tinh-than\/?utm_source=Home&#038;utm_medium=Referral&#038;utm_campaign=211Resources&#038;utm_content=Mental\" target=\"_self\">S\u1ee9c kh\u1ecfe tinh th\u1ea7n<\/a><\/h4><figure itemscope itemtype=\"https:\/\/schema.org\/ImageObject\">\n\t\t\t\t<a href=\"\/vi\/tai-nguyen\/suc-khoe-tinh-than\/?utm_source=Home&#038;utm_medium=Referral&#038;utm_campaign=211Resources&#038;utm_content=Mental\"  target=\"_self\" itemprop=\"url\">\n\t\t\t\t<img decoding=\"async\" src=\"https:\/\/211md.org\/wp-content\/uploads\/bb-plugin\/cache\/2025_MdInfoNet_Icon-Sets_Mental-Health-square-c59b38c4a993a947d4c9280fbe2d2fee-.png\" alt=\"\" onerror=\"this.style.display='none'\" loading=\"lazy\" \/>\n\t\t\t\t<\/a>\n\t<\/figure>\n\t\t<h4><a href=\"\/vi\/tai-nguyen\/mdreentry\/?utm_source=Home&#038;utm_medium=Referral&#038;utm_campaign=211Resources&#038;utm_content=Reentry\" target=\"_self\">V\u00e0o l\u1ea1i<\/a><\/h4><figure itemscope itemtype=\"https:\/\/schema.org\/ImageObject\">\n\t\t\t\t<a href=\"\/vi\/tai-nguyen\/mdreentry\/?utm_source=Home&#038;utm_medium=Referral&#038;utm_campaign=211Resources&#038;utm_content=Reentry\"  target=\"_self\" itemprop=\"url\">\n\t\t\t\t<img decoding=\"async\" src=\"https:\/\/211md.org\/wp-content\/uploads\/bb-plugin\/cache\/2025_211_Icon-Sets_Reentry-square-8676fea38abd920a832f45642fe31cca-.png\" alt=\"Bi\u1ec3u t\u01b0\u1ee3ng nh\u1eadp l\u1ea1i\" height=\"417\" width=\"417\" title=\"2025_211_B\u1ed9 bi\u1ec3u t\u01b0\u1ee3ng_Nh\u1eadp l\u1ea1i\" onerror=\"this.style.display='none'\" loading=\"lazy\" \/>\n\t\t\t\t<\/a>\n\t<\/figure>\n\t\t<h4><a href=\"\/vi\/tai-nguyen\/su-dung-chat-kich-thich\/?utm_source=Home&#038;utm_medium=Referral&#038;utm_campaign=211Resources&#038;utm_content=Substance\" target=\"_self\">S\u1eed d\u1ee5ng ch\u1ea5t k\u00edch th\u00edch<\/a><\/h4><figure itemscope itemtype=\"https:\/\/schema.org\/ImageObject\">\n\t\t\t\t<a href=\"\/vi\/tai-nguyen\/su-dung-chat-kich-thich\/?utm_source=Home&#038;utm_medium=Referral&#038;utm_campaign=211Resources&#038;utm_content=Substance\"  target=\"_self\" itemprop=\"url\">\n\t\t\t\t<img decoding=\"async\" src=\"https:\/\/211md.org\/wp-content\/uploads\/bb-plugin\/cache\/2025_MdInfoNet_Icon-Sets_Substance-Abuse-square-4f414f085e657267739c181957754f48-.png\" alt=\"Pills for substance Use icon\" title=\"2025_MdInfoNet_Icon-Sets_Substance-Abuse\" onerror=\"this.style.display='none'\" loading=\"lazy\" \/>\n\t\t\t\t<\/a>\n\t<\/figure>\n\t\t<h4><a href=\"\/vi\/tai-nguyen\/cuu-chien-binh\/?utm_source=Home&#038;utm_medium=Referral&#038;utm_campaign=211Resources&#038;utm_content=Veterans\" target=\"_self\">c\u1ef1u chi\u1ebfn binh<\/a><\/h4><figure itemscope itemtype=\"https:\/\/schema.org\/ImageObject\">\n\t\t\t\t<a href=\"\/vi\/tai-nguyen\/cuu-chien-binh\/?utm_source=Home&#038;utm_medium=Referral&#038;utm_campaign=211Resources&#038;utm_content=Veterans\"  target=\"_self\" itemprop=\"url\">\n\t\t\t\t<img decoding=\"async\" src=\"https:\/\/211md.org\/wp-content\/uploads\/bb-plugin\/cache\/2025_MdInfoNet_Icon-Sets_Rating-square-6e60d00cce4faa8e0a6d4ad7366aa733-.png\" alt=\"\" onerror=\"this.style.display='none'\" loading=\"lazy\" \/>\n\t\t\t\t<\/a>\n\t<\/figure>","protected":false},"excerpt":{"rendered":"<p>B\u1ea1n \u0111ang t\u00ecm ki\u1ebfm m\u1ed9t ph\u00f2ng kh\u00e1m s\u1ee9c kh\u1ecfe mi\u1ec5n ph\u00ed ho\u1eb7c gi\u00e1 r\u1ebb, ho\u1eb7c m\u1ed9t ngu\u1ed3n l\u1ef1c y t\u1ebf kh\u00e1c? C\u00e1c d\u1ecbch v\u1ee5 y t\u1ebf c\u00f3 th\u1ec3 bao g\u1ed3m s\u00e0ng l\u1ecdc ph\u00f2ng ng\u1eeba, x\u00e9t nghi\u1ec7m, ch\u0103m s\u00f3c thai s\u1ea3n, thi\u1ebft b\u1ecb y t\u1ebf gi\u00e1 r\u1ebb, ch\u0103m s\u00f3c m\u1eaft, ch\u0103m s\u00f3c r\u0103ng mi\u1ec7ng, x\u00e9t nghi\u1ec7m thai k\u1ef3, ph\u00f2ng kh\u00e1m ngo\u1ea1i tr\u00fa d\u00e0nh cho c\u1ef1u chi\u1ebfn binh, b\u1ea3o hi\u1ec3m, v.v. B\u1eaft \u0111\u1ea7u v\u1edbi c\u00e1c ngu\u1ed3n l\u1ef1c ch\u0103m s\u00f3c s\u1ee9c kh\u1ecfe ph\u1ed5 bi\u1ebfn C\u01a1 s\u1edf d\u1eef li\u1ec7u T\u00e0i nguy\u00ean C\u1ed9ng \u0111\u1ed3ng 211 c\u00f3 th\u1ec3 gi\u00fap b\u1ea1n t\u00ecm\u2026<\/p>","protected":false},"author":8,"featured_media":3045,"parent":930,"menu_order":0,"comment_status":"closed","ping_status":"closed","template":"","meta":{"footnotes":""},"class_list":["post-838","page","type-page","status-publish","has-post-thumbnail","hentry"],"_links":{"self":[{"href":"https:\/\/211md.org\/vi\/wp-json\/wp\/v2\/pages\/838","targetHints":{"allow":["GET"]}}],"collection":[{"href":"https:\/\/211md.org\/vi\/wp-json\/wp\/v2\/pages"}],"about":[{"href":"https:\/\/211md.org\/vi\/wp-json\/wp\/v2\/types\/page"}],"author":[{"embeddable":true,"href":"https:\/\/211md.org\/vi\/wp-json\/wp\/v2\/users\/8"}],"replies":[{"embeddable":true,"href":"https:\/\/211md.org\/vi\/wp-json\/wp\/v2\/comments?post=838"}],"version-history":[{"count":11,"href":"https:\/\/211md.org\/vi\/wp-json\/wp\/v2\/pages\/838\/revisions"}],"predecessor-version":[{"id":34450,"href":"https:\/\/211md.org\/vi\/wp-json\/wp\/v2\/pages\/838\/revisions\/34450"}],"up":[{"embeddable":true,"href":"https:\/\/211md.org\/vi\/wp-json\/wp\/v2\/pages\/930"}],"wp:featuredmedia":[{"embeddable":true,"href":"https:\/\/211md.org\/vi\/wp-json\/wp\/v2\/media\/3045"}],"wp:attachment":[{"href":"https:\/\/211md.org\/vi\/wp-json\/wp\/v2\/media?parent=838"}],"curies":[{"name":"wp","href":"https:\/\/api.w.org\/{rel}","templated":true}]}}