{"id":899,"date":"2021-04-14T19:11:10","date_gmt":"2021-04-14T19:11:10","guid":{"rendered":"https:\/\/211md.org\/?page_id=899"},"modified":"2025-10-29T06:36:42","modified_gmt":"2025-10-29T10:36:42","slug":"quyen-tang","status":"publish","type":"page","link":"https:\/\/211md.org\/vi\/donate\/","title":{"rendered":"Quy\u00ean t\u1eb7ng"},"content":{"rendered":"<img decoding=\"async\" src=\"https:\/\/stg-maryland211-staging.kinsta.cloud\/wp-content\/uploads\/2025\/08\/5-1-scaled.png\" alt=\"5\" itemprop=\"image\" height=\"692\" width=\"2560\" title=\"5\" onerror=\"this.style.display='none'\" loading=\"lazy\" \/>\n\t\t<h1><a href=\"https:\/\/secure.givelively.org\/donate\/maryland-information-network-2-1-1-maryland-inc\/support-the-211-call-center-network\" target=\"_blank\" rel=\"noopener\">S\u1eb5n s\u00e0ng \u0111\u1ec3 thay \u0111\u1ed5i cu\u1ed9c s\u1ed1ng? Lan t\u1ecfa hy v\u1ecdng.<\/a><\/h1><p>H\u00e0ng n\u0103m, h\u01a1n 1,1 tri\u1ec7u ng\u01b0\u1eddi d\u00e2n Maryland d\u1ef1a v\u00e0o 211 \u0111\u1ec3 k\u1ebft n\u1ed1i h\u1ecd v\u1edbi th\u00f4ng tin v\u00e0 c\u00e1c ngu\u1ed3n l\u1ef1c c\u1ed9ng \u0111\u1ed3ng khi c\u1ea7n gi\u00fap \u0111\u1ee1. Cho d\u00f9 ai \u0111\u00f3 mu\u1ed1n t\u00ecm ki\u1ebfm trong C\u01a1 s\u1edf d\u1eef li\u1ec7u T\u00e0i nguy\u00ean c\u1ee7a ch\u00fang t\u00f4i hay mu\u1ed1n tr\u00f2 chuy\u1ec7n v\u1edbi m\u1ed9t ng\u01b0\u1eddi chu \u0111\u00e1o v\u00e0 gi\u00e0u l\u00f2ng tr\u1eafc \u1ea9n, s\u1ef1 h\u1ed7 tr\u1ee3 lu\u00f4n s\u1eb5n s\u00e0ng 24\/7\/365.<\/p>\n<p>L\u00e0 h\u1ec7 th\u1ed1ng th\u00f4ng tin v\u00e0 gi\u1edbi thi\u1ec7u v\u1ec1 d\u1ecbch v\u1ee5 y t\u1ebf v\u00e0 nh\u00e2n sinh to\u00e0n di\u1ec7n nh\u1ea5t c\u1ee7a ti\u1ec3u bang, ch\u00fang t\u00f4i cung c\u1ea5p quy\u1ec1n truy c\u1eadp v\u00e0o h\u01a1n 8.500 ngu\u1ed3n l\u1ef1c c\u1ed9ng \u0111\u1ed3ng.<\/p>\n<p>211 \u0111\u01b0\u1ee3c cung c\u1ea5p b\u1edfi <a href=\"https:\/\/mdinfonet.org\/\" target=\"_blank\" rel=\"noopener\">M\u1ea1ng th\u00f4ng tin Maryland<\/a>, m\u1ed9t t\u1ed5 ch\u1ee9c phi l\u1ee3i nhu\u1eadn 501(c)(3) v\u00e0 l\u00e0 \u0111\u01a1n v\u1ecb qu\u1ea3n l\u00fd \u0111\u01b0\u1ee3c ti\u1ec3u bang \u1ee7y quy\u1ec1n c\u1ee7a h\u1ec7 th\u1ed1ng 211 t\u1ea1i Maryland.<\/p>\n\t\t\t<a href=\"https:\/\/secure.givelively.org\/donate\/maryland-information-network-2-1-1-maryland-inc\/support-the-211-call-center-network\" target=\"_blank\" rel=\"noopener\">\n\t\t\t\t\t\tQuy\u00ean t\u1eb7ng\n\t\t\t\t\t<\/a>\n\t\t\t\t<img decoding=\"async\" src=\"https:\/\/211md.org\/wp-content\/plugins\/bb-plugin\/img\/pixel.png\" alt=\"\" itemprop=\"image\" onerror=\"this.style.display='none'\" loading=\"lazy\" \/>\n\t\t\t\t<img decoding=\"async\" src=\"https:\/\/stg-maryland211-staging.kinsta.cloud\/wp-content\/uploads\/2025\/08\/16.png\" alt=\"16\" itemprop=\"image\" height=\"1000\" width=\"1000\" title=\"16\" onerror=\"this.style.display='none'\" loading=\"lazy\" \/>\n\t<h2>T\u00e1c \u0111\u1ed9ng c\u1ee7a ch\u00fang t\u00f4i<\/h2>\n\t\t1.151.771+ K\u1ebft n\u1ed1i\n\t<p><em>Ch\u1ec9 mu\u1ed1n n\u00f3i l\u1eddi c\u1ea3m \u01a1n \u0111\u1ebfn t\u1ea5t c\u1ea3. T\u00f4i xin ch\u00e2n th\u00e0nh c\u1ea3m \u01a1n qu\u00fd v\u1ecb v\u00ec l\u1ea7n g\u1eedi h\u1ed7 tr\u1ee3 th\u1ef1c ph\u1ea9m cu\u1ed1i c\u00f9ng m\u00e0 t\u00f4i nh\u1eadn \u0111\u01b0\u1ee3c. T\u00f4i ch\u1eafc ch\u1eafn \u0111\u00e1nh gi\u00e1 cao n\u00f3. C\u1ea3m \u01a1n m\u1ed9t l\u1ea7n n\u1eefa.<\/em><\/p>\n<p>-211 Ng\u01b0\u1eddi g\u1ecdi<\/p>\n\t\t\t<a href=\"https:\/\/secure.givelively.org\/donate\/maryland-information-network-2-1-1-maryland-inc\/support-the-211-call-center-network\" target=\"_blank\" rel=\"noopener\">\n\t\t\t\t\t\t\tQuy\u00ean t\u1eb7ng\n\t\t\t\t\t<\/a>\n<h3>\n\t\t\tQuy\u00ean g\u00f3p c\u1ee7a b\u1ea1n gi\u00fap \u00edch nh\u01b0 th\u1ebf n\u00e0o\t<\/h3>\n\t<h2>$500<\/h2>\n<p>K\u1ebft n\u1ed1i Maryland<\/p>\n\t<h2>$211<\/h2>\n<p>K\u1ef7 ni\u1ec7m 211<\/p>\n\t<h2>$100<\/h2>\n<p>N\u00e2ng cao nh\u1eadn th\u1ee9c v\u00e0 ti\u1ebfp c\u1eadn c\u1ed9ng \u0111\u1ed3ng<\/p>\n\t<h2>$50<\/h2>\n<p>H\u1ed7 tr\u1ee3 n\u1ec1n t\u1ea3ng t\u00e0i nguy\u00ean tin nh\u1eafn v\u0103n b\u1ea3n<\/p>\n\t\t\t<a href=\"https:\/\/secure.givelively.org\/donate\/maryland-information-network-2-1-1-maryland-inc\/support-the-211-call-center-network\" target=\"_blank\" rel=\"noopener\">\n\t\t\t\t\t\t\tQuy\u00ean g\u00f3p ngay b\u00e2y gi\u1edd\n\t\t\t\t\t<\/a>","protected":false},"excerpt":{"rendered":"<p>S\u1eb5n s\u00e0ng thay \u0111\u1ed5i cu\u1ed9c s\u1ed1ng? H\u00e3y lan t\u1ecfa hy v\u1ecdng. H\u00e0ng n\u0103m, h\u01a1n 1,1 tri\u1ec7u ng\u01b0\u1eddi d\u00e2n Maryland d\u1ef1a v\u00e0o 211 \u0111\u1ec3 k\u1ebft n\u1ed1i h\u1ecd v\u1edbi th\u00f4ng tin v\u00e0 c\u00e1c ngu\u1ed3n l\u1ef1c c\u1ed9ng \u0111\u1ed3ng khi c\u1ea7n gi\u00fap \u0111\u1ee1. D\u00f9 b\u1ea1n mu\u1ed1n t\u00ecm ki\u1ebfm trong C\u01a1 s\u1edf d\u1eef li\u1ec7u T\u00e0i nguy\u00ean c\u1ee7a ch\u00fang t\u00f4i hay mu\u1ed1n tr\u00f2 chuy\u1ec7n v\u1edbi m\u1ed9t ng\u01b0\u1eddi t\u1eadn t\u00e2m v\u00e0 gi\u00e0u l\u00f2ng tr\u1eafc \u1ea9n, ch\u00fang t\u00f4i lu\u00f4n s\u1eb5n s\u00e0ng h\u1ed7 tr\u1ee3 24\/7\/365. L\u00e0 t\u1ed5 ch\u1ee9c y t\u1ebf v\u00e0 nh\u00e2n \u0111\u1ea1o to\u00e0n di\u1ec7n nh\u1ea5t c\u1ee7a ti\u1ec3u bang\u2026<\/p>","protected":false},"author":8,"featured_media":2181,"parent":0,"menu_order":0,"comment_status":"closed","ping_status":"closed","template":"","meta":{"footnotes":""},"class_list":["post-899","page","type-page","status-publish","has-post-thumbnail","hentry"],"_links":{"self":[{"href":"https:\/\/211md.org\/vi\/wp-json\/wp\/v2\/pages\/899","targetHints":{"allow":["GET"]}}],"collection":[{"href":"https:\/\/211md.org\/vi\/wp-json\/wp\/v2\/pages"}],"about":[{"href":"https:\/\/211md.org\/vi\/wp-json\/wp\/v2\/types\/page"}],"author":[{"embeddable":true,"href":"https:\/\/211md.org\/vi\/wp-json\/wp\/v2\/users\/8"}],"replies":[{"embeddable":true,"href":"https:\/\/211md.org\/vi\/wp-json\/wp\/v2\/comments?post=899"}],"version-history":[{"count":2,"href":"https:\/\/211md.org\/vi\/wp-json\/wp\/v2\/pages\/899\/revisions"}],"predecessor-version":[{"id":34064,"href":"https:\/\/211md.org\/vi\/wp-json\/wp\/v2\/pages\/899\/revisions\/34064"}],"wp:featuredmedia":[{"embeddable":true,"href":"https:\/\/211md.org\/vi\/wp-json\/wp\/v2\/media\/2181"}],"wp:attachment":[{"href":"https:\/\/211md.org\/vi\/wp-json\/wp\/v2\/media?parent=899"}],"curies":[{"name":"wp","href":"https:\/\/api.w.org\/{rel}","templated":true}]}}