{"id":912,"date":"2021-04-14T20:04:50","date_gmt":"2021-04-14T20:04:50","guid":{"rendered":"https:\/\/211md.org\/?page_id=912"},"modified":"2026-01-16T08:31:10","modified_gmt":"2026-01-16T13:31:10","slug":"lien-he-chung-toi","status":"publish","type":"page","link":"https:\/\/211md.org\/vi\/contact-us\/","title":{"rendered":"Li\u00ean h\u1ec7 ch\u00fang t\u00f4i"},"content":{"rendered":"<p><strong>Dial 211 for questions about food, housing, rent, or other essential needs. <\/strong><\/p>\n<p>Gh\u00e9 th\u0103m ch\u00fang t\u00f4i <a href=\"\/vi\/about\/duoc-giup-do\/\">nh\u1eadn trang tr\u1ee3 gi\u00fap<\/a> to learn more about the ways to connect with help.<\/p>\n<p>For general questions, not related to an essential need, you can contact us below or by emailing us at: <a href=\"mailto:info@211MD.org\" target=\"_blank\" rel=\"noopener\">info@211MD.org<\/a><\/p>\n<p>*We will respond when we can. To connect with help, please dial 211 or use the 211 Community Resource Database to <a href=\"http:\/\/search.211md.org\" target=\"_blank\" rel=\"noopener\">search for resources<\/a>.<\/p>\n\t<h2>G\u1eb7p r\u1eafc r\u1ed1i?<\/h2>\n<p>H\u1ea7u h\u1ebft c\u00e1c \u0111i\u1ec7n tho\u1ea1i \u0111\u1ec1u h\u1ed7 tr\u1ee3 quay s\u1ed1 211. N\u1ebfu g\u1eb7p kh\u00f3 kh\u0103n khi li\u00ean h\u1ec7 v\u1edbi 211, b\u1ea1n c\u00f3 th\u1ec3 g\u1ecdi b\u1eb1ng c\u00e1c s\u1ed1 sau \u0111\u1ec3 n\u00f3i chuy\u1ec7n v\u1edbi chuy\u00ean gia cu\u1ed9c g\u1ecdi 211:<\/p>\n<strong>Khu v\u1ef1c Th\u1ee7 \u0111\u00f4 &amp; S. Maryland:<\/strong>\u00a0301-864-7161<br \/>\nC\u00e1c qu\u1eadn Calvert, Charles, Prince George&#039;s, St. Mary&#039;s v\u00e0 2\/3 ph\u00eda nam c\u1ee7a Qu\u1eadn Montgomery\n<strong>Trung t\u00e2m Maryland:<\/strong> 1-866-406-8156<br \/>\nC\u00e1c Qu\u1eadn Anne Arundel, Baltimore, Th\u00e0nh ph\u1ed1 Baltimore, Carroll, Harford v\u00e0 Howard\n<strong>B\u1edd bi\u1ec3n ph\u00eda \u0111\u00f4ng:<\/strong>\u00a01-866-231-7101<br \/>\nC\u00e1c qu\u1eadn Caroline, Cecil, Dorchester, Kent, Queen Anne, Somerset, Talbot, Wicomico v\u00e0 Worcester\n<strong>T\u00e2y Maryland:<\/strong>\u00a01-866-411-6803<br \/>\nC\u00e1c Qu\u1eadn Allegany, Frederick, Garrett v\u00e0 Washington v\u00e0 1\/3 ph\u00eda b\u1eafc c\u1ee7a Qu\u1eadn Montgomery\n\t<h2>Li\u00ean h\u1ec7 ch\u00fang t\u00f4i<\/h2>\n<p>B\u1ea1n c\u00f3 th\u1ec3 \u0111\u1ebfn v\u0103n ph\u00f2ng c\u1ee7a ch\u00fang t\u00f4i b\u1eb1ng c\u00e1ch g\u1ecdi 301-970-9888.<\/p>\n<strong>\u0110\u1ecba ch\u1ec9:<\/strong><br \/>\n<a href=\"https:\/\/maps.app.goo.gl\/rvmzh444CPiBK11C6\" target=\"_blank\" rel=\"noopener\">Maryland Information Network, powering 211 Maryland<\/a><br \/>\n9770 \u1ed4 \u0111\u0129a r\u1eebng Patuxent<br \/>\nPh\u00f2ng 334<br \/>\nColumbia, MD 21046\n<p>&nbsp;<\/p>","protected":false},"excerpt":{"rendered":"<p>Dial 211 for questions about food, housing, rent, or other essential needs. Visit our get help page to learn more about the ways to connect with help. For general questions, not related to an essential need, you can contact us below or by emailing us at: info@211MD.org *We will respond when we can. To connect&hellip;<\/p>","protected":false},"author":8,"featured_media":931,"parent":0,"menu_order":0,"comment_status":"closed","ping_status":"closed","template":"","meta":{"footnotes":""},"class_list":["post-912","page","type-page","status-publish","has-post-thumbnail","hentry"],"_links":{"self":[{"href":"https:\/\/211md.org\/vi\/wp-json\/wp\/v2\/pages\/912","targetHints":{"allow":["GET"]}}],"collection":[{"href":"https:\/\/211md.org\/vi\/wp-json\/wp\/v2\/pages"}],"about":[{"href":"https:\/\/211md.org\/vi\/wp-json\/wp\/v2\/types\/page"}],"author":[{"embeddable":true,"href":"https:\/\/211md.org\/vi\/wp-json\/wp\/v2\/users\/8"}],"replies":[{"embeddable":true,"href":"https:\/\/211md.org\/vi\/wp-json\/wp\/v2\/comments?post=912"}],"version-history":[{"count":8,"href":"https:\/\/211md.org\/vi\/wp-json\/wp\/v2\/pages\/912\/revisions"}],"predecessor-version":[{"id":4874,"href":"https:\/\/211md.org\/vi\/wp-json\/wp\/v2\/pages\/912\/revisions\/4874"}],"wp:featuredmedia":[{"embeddable":true,"href":"https:\/\/211md.org\/vi\/wp-json\/wp\/v2\/media\/931"}],"wp:attachment":[{"href":"https:\/\/211md.org\/vi\/wp-json\/wp\/v2\/media?parent=912"}],"curies":[{"name":"wp","href":"https:\/\/api.w.org\/{rel}","templated":true}]}}