{"id":920,"date":"2021-04-15T13:52:40","date_gmt":"2021-04-15T13:52:40","guid":{"rendered":"https:\/\/211md.org\/?page_id=920"},"modified":"2026-04-28T10:45:44","modified_gmt":"2026-04-28T14:45:44","slug":"con-at-chu-bai","status":"publish","type":"page","link":"https:\/\/211md.org\/vi\/resources\/children-families\/aces\/","title":{"rendered":"Ng\u0103n ch\u1eb7n ngh\u1ecbch c\u1ea3nh th\u1eddi th\u01a1 \u1ea5u"},"content":{"rendered":"<figure data-animation-delay=\"0\" data-animation-duration=\"1\" itemscope itemtype=\"https:\/\/schema.org\/ImageObject\">\n\t\t\t\t<img decoding=\"async\" src=\"https:\/\/stg-maryland211-staging.kinsta.cloud\/wp-content\/uploads\/2025\/08\/5-1-scaled.png\" alt=\"5\" height=\"692\" width=\"2560\" title=\"5\" onerror=\"this.style.display='none'\" loading=\"lazy\" \/>\n\t<\/figure>\n\t\t<p>Every child deserves a strong start, and that starts with the experiences they have at home, at school, and in their communities. Childhood experiences, both good and bad, shape a child&#8217;s developing brain.<\/p>\n<p>When children face serious adversity without enough support, it can have lasting effects on their health and well-being.<\/p>\n<p>That&#8217;s why it takes all of us to create safe, supportive spaces where children can thrive, no matter what life throws their way.<\/p>\n\t\t\t<a href=\"#start\"  target=\"_self\">\n\t\t\t\t\t\tB\u1eaft \u0111\u1ea7u\n\t\t\t\t\t<\/a>\n<figure data-animation-delay=\"0\" data-animation-duration=\"1\" itemscope itemtype=\"https:\/\/schema.org\/ImageObject\">\n\t\t\t\t<img decoding=\"async\" src=\"https:\/\/211md.org\/wp-content\/plugins\/bb-plugin\/img\/pixel.png\" alt=\"\" onerror=\"this.style.display='none'\" loading=\"lazy\" \/>\n\t<\/figure>\n<figure data-animation-delay=\"0\" data-animation-duration=\"1.3\" itemscope itemtype=\"https:\/\/schema.org\/ImageObject\">\n\t\t\t\t<img decoding=\"async\" src=\"https:\/\/stg-maryland211-staging.kinsta.cloud\/wp-content\/uploads\/2025\/08\/16.png\" alt=\"16\" height=\"1000\" width=\"1000\" title=\"16\" onerror=\"this.style.display='none'\" loading=\"lazy\" \/>\n\t<\/figure>\n\t<h2>T\u1ea1i sao ngh\u1ecbch c\u1ea3nh th\u1eddi th\u01a1 \u1ea5u l\u1ea1i quan tr\u1ecdng?<\/h2>\n<p>Nh\u1eefng tr\u1ea3i nghi\u1ec7m v\u00e0 m\u00f4i tr\u01b0\u1eddng b\u1ea5t l\u1ee3i th\u1eddi th\u01a1 \u1ea5u l\u00e0 ph\u1ed5 bi\u1ebfn. Ch\u00fang bao g\u1ed3m nh\u1eefng vi\u1ec7c nh\u01b0 ch\u1ee9ng ki\u1ebfn b\u1ea1o l\u1ef1c ho\u1eb7c tr\u1ea3i qua s\u1ef1 ph\u00e2n bi\u1ec7t \u0111\u1ed1i x\u1eed.<\/p>\n<p>N\u1ebfu tr\u1ebb kh\u00f4ng \u0111\u01b0\u1ee3c h\u1ed7 tr\u1ee3 khi g\u1eb7p ngh\u1ecbch c\u1ea3nh, \u0111i\u1ec1u \u0111\u00f3 c\u00f3 th\u1ec3 g\u00e2y t\u1ed5n h\u1ea1i l\u00e2u d\u00e0i, l\u00e0m suy y\u1ebfu s\u1ee9c kh\u1ecfe tinh th\u1ea7n v\u00e0 th\u1ec3 ch\u1ea5t c\u1ee7a tr\u1ebb.<\/p>\n<p>Children can tolerate severe stress if stable, responsive adult relationships are in place to buffer the negative impact.<\/p>\n<p>But when children are exposed to prolonged severe adversity, and adults aren&#8217;t there to help them cope, their stress systems can over-activate. This &#8220;toxic stress response&#8221; increases the risk of later health problems.<\/p>\n<figure itemscope itemtype=\"https:\/\/schema.org\/ImageObject\">\n\t\t\t\t<img decoding=\"async\" src=\"http:\/\/211md.org\/wp-content\/uploads\/2026\/04\/Adult-and-child-walk-together-holding-hands.jpg\" alt=\"Child holding adult hand\" title=\"Adult and child walk together holding hands\" onerror=\"this.style.display='none'\" loading=\"lazy\" \/>\n\t<\/figure>\n\t\t<h3>How Early Adversity Can Impact Children<\/h3>\n\t\t<p>A groundbreaking study in the 1990s revealed the powerful relationship between serious, negative events in childhood and people&#8217;s physical and mental health in adulthood.<\/p>\n<p>C\u00e1c <a href=\"https:\/\/vetoviolence.cdc.gov\/apps\/aces-infographic\/\" target=\"_blank\" rel=\"noopener\">Nghi\u00ean c\u1ee9u v\u1ec1 Tr\u1ea3i nghi\u1ec7m b\u1ea5t l\u1ee3i th\u1eddi th\u01a1 \u1ea5u (ACE)<\/a> asked adults about the difficult events they experienced before the age of 18 and then examined their health outcomes later in life.<\/p>\n<p>Some findings fit with what we might expect.<\/p>\n<blockquote><p>For example, people who had experienced abuse or neglect as kids were more likely to have mental health challenges as adults.<\/p><\/blockquote>\n<p>But other findings were surprising.<\/p>\n<blockquote>The realization that the earlier the adversity a person experienced, the greater the<br \/>\neffect it had in later life.<\/blockquote>\n<p>One serious event in childhood seemed to have few or no long-term consequences.<\/p>\n<h4>Health impacts<\/h4>\n<p>Multiple ACEs increased the risk of health problems in adulthood. For example, children who experienced four adverse experiences were twice as likely to be diagnosed with cancer than those who had no significant experiences of childhood trauma.<\/p>\n<p>While there is a connection between early adversity and one&#8217;s adulthood health, it&#8217;s important to note that adversity and long-term health impacts are <u>kh\u00f4ng <\/u>inevitable. There are things we can all do &#8211; as individuals, grown-ups, and communities &#8211; to prevent ACEs and support healing.<\/p>\n<p>Keep learning about ACEs from our partners at Maryland Essentials for Childhood.<\/p>\n\t\t\t<a href=\"https:\/\/marylandefc.org\/grownups\/aces\/\" target=\"_blank\" rel=\"noopener\">\n\t\t\t\t\t\tKeep reading about ACEs\n\t\t\t\t\t<\/a>\n\t<h3>Ngh\u1ecbch c\u1ea3nh c\u00f3 ph\u1ed5 bi\u1ebfn kh\u00f4ng?<\/h3>\n<p>If you or your child have faced serious adversity, you are not alone. Most people in Maryland have experienced at least one form of adversity by the time they are adults.<\/p>\n<blockquote><p>About 1 in 4 Maryland residents have experienced 3 or more ACEs, according to The Maryland State Council on Child Abuse &amp; Neglect.<\/p><\/blockquote>\n\t<h2>What Can We Do?<\/h2>\n<p>The experiences children have early in life can shape their lifelong health. By providing positive experiences, we can buffer the impacts of adverse ones. Think of it like a scale where you&#8217;re balancing the positive and negative experiences.<\/p>\n<h3>Create positive experiences<\/h3>\n<p>To stack on the positive experiences, we can all focus on:<\/p>\n<ul>\n<li>Creating safe, stable, and nurturing relationships with the children in our lives.<\/li>\n<li>Supporting each other and using community supports for parents, so we feel like we have someone in our corner.<\/li>\n<li>Connecting families to resources like 211.<\/li>\n<li>Supporting our mental health.<\/li>\n<li>Creating <a href=\"https:\/\/marylandefc.org\/grownups\/protective-factors\/\" target=\"_blank\" rel=\"noopener\">positive childhood experiences<\/a>. These positive experiences lay the foundation for a happy and healthy life. This infographic shows how we can build resilience for Maryland&#8217;s children and families.<\/li>\n<\/ul>\n\t\t<h2>Focus On Your Relationship<\/h2>\n\t\t<p>We all have the power within us to make a difference in a child&#8217;s life. Safe, stable, and nurturing relationships can serve as counterbalances to help our scales tip toward resilient outcomes.<\/p>\n<p>Those relationships can be with a parent, caregiver, grandparent, aunt, uncle, coach, mentor, neighbor, or friend.<\/p>\n<p>These are everyday things that we can all do to support children. Friends, relatives, neighbors, and coaches can show up and be present for children who are not their own, too.<\/p>\n<ul>\n<li>Focus on being present and engaged.<\/li>\n<li>Have fun, laugh, and play with the child.<\/li>\n<li>When there are concerns, support the child rather than trying to &#8220;fix&#8221; the situation.<\/li>\n<\/ul>\n<p>This connectivity helps buffer against any adverse situations. It helps children feel loved, appreciated, and aware of their surroundings. It also creates a sense of purpose and belonging, helping to calibrate resilience for children and adults in our communities.<\/p>\n<p>You don&#8217;t have to be perfect. Focus on consistency, and get support for building these skills in the\u00a0Brain-Building Toolkit, provided by\u00a0our partners at Maryland Essentials for Childhood.<\/p>\n\t\t\t<a href=\"https:\/\/marylandefc.org\/grownups\/protective-factors\/#stable-nurturing-relationships\" target=\"_blank\" rel=\"noopener\">\n\t\t\t\t\t\t\tBuild these skills\n\t\t\t<\/a>\n<figure itemscope itemtype=\"https:\/\/schema.org\/ImageObject\">\n\t\t\t\t<img decoding=\"async\" src=\"http:\/\/211md.org\/wp-content\/uploads\/2026\/04\/coach-motivating-his-team-in-a-huddle.jpg\" alt=\"baseball coach supporting team\" title=\"coach motivating his team in a huddle\" onerror=\"this.style.display='none'\" loading=\"lazy\" \/>\n\t<\/figure>\n<figure itemscope itemtype=\"https:\/\/schema.org\/ImageObject\">\n\t\t\t\t<img decoding=\"async\" src=\"http:\/\/211md.org\/wp-content\/uploads\/2026\/04\/mom-on-phone-while-holding-baby.jpg\" alt=\"new mom on phone\" title=\"mom on phone while holding baby\" onerror=\"this.style.display='none'\" loading=\"lazy\" \/>\n\t<\/figure>\n\t<h2>Call or Text if you need help<\/h2>\n<p>A community of support is waiting to help wherever you are in your journey.<\/p>\n<p>Call any of these numbers 24\/7 to get connected to support:<\/p>\n<ul>\n<li>\n<h4>Essential Needs &#8211;\u00a0Dial 211<\/h4>\nSpeak with an information and referral specialist who can identify programs and resources to help you. Whether that&#8217;s finding a <a href=\"https:\/\/211md.org\/vi\/tai-nguyen\/do-an\/\">ph\u00f2ng \u0111\u1ef1ng th\u1ee9c \u0103n<\/a>, help with <a href=\"https:\/\/211md.org\/vi\/tai-nguyen\/nha-o\/\">thu\u00ea<\/a> ho\u1eb7c <a href=\"https:\/\/211md.org\/vi\/tai-nguyen\/gia-dinh-tre-em\/#Find\">child care<\/a> &#8211; 211 can connect you to essential needs. If you need something else, <a href=\"https:\/\/search.211md.org\/\" target=\"_blank\" rel=\"noopener\">search all resources<\/a>.<\/li>\n<li>\n<h4>Parenting Help &#8211; Call\u00a01-800-243-7337<\/h4>\nCall the Maryland Parenting Hotline to get answers to parenting questions.<\/li>\n<li>\n<h4>Mental Health &#8211; Call or text 988<\/h4>\nThe Suicide &amp; Crisis Lifeline offers 24\/7 mental health and substance use support<\/li>\n<\/ul>\n\t<h2>H\u1ed7 tr\u1ee3 v\u0103n b\u1ea3n tu\u1ed5i teen<\/h2>\n<p>Adolescence is a time of great opportunity. You can make a difference and shape their futures during this time of discovery.<\/p>\n<p>If your teen needs help, connect them with\u00a0<a href=\"https:\/\/211md.org\/vi\/about\/tin-nhan-2\/mdyoungminds\/\">MDYoungMinds<\/a>. It&#8217;s an informational texting program that provides support for common teen concerns and supports mental health.<\/p>\n<p>\u0110\u0103ng k\u00fd b\u1eb1ng c\u00e1ch nh\u1eafn tin MDYoungMinds t\u1edbi 898-211.<\/p>\n<p>Teens can also use the 988 hotline for immediate support. Online chats are available in <a href=\"https:\/\/988lifeline.org\/chat\/\" target=\"_blank\" rel=\"noopener\">Ti\u1ebfng Anh<\/a> V\u00e0 <a href=\"https:\/\/988lifeline.org\/es\/chat\/\" target=\"_blank\" rel=\"noopener\">ng\u01b0\u1eddi T\u00e2y Ban Nha<\/a>.<\/p>\n<h3>Tham gia nh\u00f3m h\u1ed7 tr\u1ee3 \u0111\u1ed3ng \u0111\u1eb3ng gia \u0111\u00ecnh<\/h3>\n<p>Families can also use peer support. Support specialists<\/p>\n<p>help families navigate services, listen to concerns, attend meetings with the family, explain rights, make connections, and provide learning and outreach opportunities.<\/p>\n<p>Contact the Maryland Coalition of Families (MCF) to connect with a family peer support specialist for free.<\/p>\n<p>Call 410-730-8267 and press 1 for immediate support. You can also\u00a0contact the local <a href=\"https:\/\/www.mdcoalition.org\/what-we-do\/family-peer-support\/\" target=\"_blank\" rel=\"noopener\">peer support specialist<\/a> in your county.<\/p>\n<p>MCF c\u0169ng cung c\u1ea5p c\u00e1c nh\u00f3m h\u1ed7 tr\u1ee3 tr\u00ean to\u00e0n ti\u1ec3u bang khi \u0111au bu\u1ed3n, s\u1eed d\u1ee5ng ch\u1ea5t k\u00edch th\u00edch, h\u1ed7 tr\u1ee3 \u0111\u1ed3ng \u0111\u1eb3ng v\u00e0 h\u01a1n th\u1ebf n\u1eefa.\u00a0<a href=\"http:\/\/www.mdcoalition.org\/get-help-now\/parent-caregiver-support-groups\" target=\"_blank\" rel=\"noopener\">Find a Maryland support group<\/a> for parents, caregivers, or young adults.<\/p>\n<p>Resources are also available\u00a0for several mental health concerns like trauma, ADHD and depression in the Children&#8217;s Mental Health Matters Family Resource Kit, available in <a href=\"https:\/\/www.childrensmentalhealthmatters.org\/files\/2021\/03\/CMHM-Family-Resource-Kit-2021.pdf\" target=\"_blank\" rel=\"noopener\">Ti\u1ebfng Anh<\/a> V\u00e0 <a href=\"https:\/\/www.childrensmentalhealthmatters.org\/files\/2021\/07\/CMHM-Family-Resource-Kit-2021_ES.pdf\" target=\"_blank\" rel=\"noopener\">ng\u01b0\u1eddi T\u00e2y Ban Nha<\/a>.<\/p>\n<p>Learn more about other <a href=\"https:\/\/211md.org\/vi\/tai-nguyen\/gia-dinh-tre-em\/lam-cha-me\/\">parenting supports<\/a> that are available when you need to talk or get answers to questions or need help <a href=\"https:\/\/211md.org\/vi\/tai-nguyen\/gia-dinh-tre-em\/hanh-vi-tre-em\/\">managing a child&#8217;s behavior<\/a>.<\/p>\n\t\t<figure itemscope itemtype=\"https:\/\/schema.org\/ImageObject\">\n\t\t\t\t<a href=\"https:\/\/search.211md.org\/\" target=\"_blank\" rel=\"noopener\" itemprop=\"url\">\n\t\t\t\t<img decoding=\"async\" src=\"https:\/\/stg-maryland211-staging.kinsta.cloud\/wp-content\/uploads\/2025\/08\/2025_MdInfoNet_Icon-Sets-white_Locate.png\" alt=\"\" onerror=\"this.style.display='none'\" loading=\"lazy\" \/>\n\t\t\t\t<\/a>\n\t<\/figure>\n<h2><a href=\"https:\/\/search.211md.org\/\" target=\"_blank\" rel=\"noopener\">T\u00ecm t\u00e0i nguy\u00ean ngay<\/a><\/h2><p>T\u00ecm th\u1ea5y <strong>t\u00e0i nguy\u00ean c\u1ed9ng \u0111\u1ed3ng <\/strong>\u0111\u1ec3 t\u00ecm ki\u1ebfm th\u1ef1c ph\u1ea9m, ch\u0103m s\u00f3c s\u1ee9c kh\u1ecfe, nh\u00e0 \u1edf v\u00e0 nhi\u1ec1u th\u00f4ng tin kh\u00e1c trong c\u01a1 s\u1edf d\u1eef li\u1ec7u c\u1ee7a ch\u00fang t\u00f4i. T\u00ecm ki\u1ebfm theo m\u00e3 ZIP.<\/p>\n\t\t\t<a href=\"https:\/\/search.211md.org\/\" target=\"_blank\" rel=\"noopener\">\n\t\t\t\t\t\t\tT\u00ecm ki\u1ebfm ngay b\u00e2y gi\u1edd\n\t\t\t<\/a>\n<figure itemscope itemtype=\"https:\/\/schema.org\/ImageObject\">\n\t\t\t\t<img decoding=\"async\" src=\"http:\/\/211md.org\/wp-content\/uploads\/2026\/04\/community-health-fair.jpg\" alt=\"health care worker at cmmunity event\" title=\"community health fair\" onerror=\"this.style.display='none'\" loading=\"lazy\" \/>\n\t<\/figure>\n\t<h2 data-start=\"4451\" data-end=\"4495\">Together, We Can Make A Difference<\/h2>\nIt takes more than one person, or one program, to buffer the impact of childhood adversity. It takes all of us including the communities where we work, live and play.\n<p>Communities like <a href=\"https:\/\/www.springboardmd.org\/adverse-childhood-experiences-interface-training\/\" target=\"_blank\" rel=\"noopener\">H\u1ea1t Harford<\/a> are coming together to create self-healing environments that reduce the incidence of adverse childhood experiences. Springboard Community Services is working with the county on this initiative, and talked about it on <a href=\"https:\/\/211md.org\/vi\/tap-16-dich-vu-cong-dong\/\" target=\"_blank\" rel=\"noopener\"><em>What&#8217;s the 211?<\/em> t\u1ec7p \u00e2m thanh<\/a>. Listen and learn.<\/p>\nWhen we work together to strengthen families, build connections, and create safe, nurturing spaces for every child, we&#8217;re building more than resilience. We&#8217;re building a better future.\n<h2>\n\t\t\tYou may also like these articles\t<\/h2>\n\t\t<h4><a href=\"\/vi\/tai-nguyen\/lao-hoa-khuyet-tat\/?utm_source=Home&#038;utm_medium=Referral&#038;utm_campaign=211Resources&#038;utm_content=Aging\" target=\"_self\">L\u00e3o h\u00f3a &amp; Khuy\u1ebft t\u1eadt<\/a><\/h4><figure itemscope itemtype=\"https:\/\/schema.org\/ImageObject\">\n\t\t\t\t<a href=\"\/vi\/tai-nguyen\/lao-hoa-khuyet-tat\/?utm_source=Home&#038;utm_medium=Referral&#038;utm_campaign=211Resources&#038;utm_content=Aging\"  target=\"_self\" itemprop=\"url\">\n\t\t\t\t<img decoding=\"async\" src=\"https:\/\/211md.org\/wp-content\/uploads\/bb-plugin\/cache\/2025_MdInfoNet_Icon-Sets_Aging-disability-square-c466727102cae71e5f27b8539bb51945-.png\" alt=\"\" onerror=\"this.style.display='none'\" loading=\"lazy\" \/>\n\t\t\t\t<\/a>\n\t<\/figure>\n\t\t<h4><a href=\"\/vi\/tai-nguyen\/gia-dinh-tre-em\/?utm_source=Home&#038;utm_medium=Referral&#038;utm_campaign=211Resources&#038;utm_content=Children\" target=\"_self\">Tr\u1ebb em &amp; Gia \u0111\u00ecnh<\/a><\/h4><figure itemscope itemtype=\"https:\/\/schema.org\/ImageObject\">\n\t\t\t\t<a href=\"\/vi\/tai-nguyen\/gia-dinh-tre-em\/?utm_source=Home&#038;utm_medium=Referral&#038;utm_campaign=211Resources&#038;utm_content=Children\"  target=\"_self\" itemprop=\"url\">\n\t\t\t\t<img decoding=\"async\" src=\"https:\/\/211md.org\/wp-content\/uploads\/bb-plugin\/cache\/2025_211_Icon-Sets_Child-care-square-f3b0d4edab3dcc467fadb5f55f4064c6-.png\" alt=\"parent and child icon for child care\" height=\"417\" width=\"417\" title=\"2025_211_B\u1ed9 bi\u1ec3u t\u01b0\u1ee3ng_Ch\u0103m s\u00f3c tr\u1ebb em\" onerror=\"this.style.display='none'\" loading=\"lazy\" \/>\n\t\t\t\t<\/a>\n\t<\/figure>\n\t\t<h4><a href=\"\/vi\/tai-nguyen\/gia-dinh-bao-luc\/?utm_source=Home&#038;utm_medium=Referral&#038;utm_campaign=211Resources&#038;utm_content=Domestic\" target=\"_self\">B\u1ea1o l\u1ef1c gia \u0111\u00ecnh<\/a><\/h4><figure itemscope itemtype=\"https:\/\/schema.org\/ImageObject\">\n\t\t\t\t<a href=\"\/vi\/tai-nguyen\/gia-dinh-bao-luc\/?utm_source=Home&#038;utm_medium=Referral&#038;utm_campaign=211Resources&#038;utm_content=Domestic\"  target=\"_self\" itemprop=\"url\">\n\t\t\t\t<img decoding=\"async\" src=\"https:\/\/211md.org\/wp-content\/uploads\/bb-plugin\/cache\/2025_211_Icon-Sets_Domestic-Violence-square-7b597694a6f05fe90cdc376aa573bc63-.png\" alt=\"House with a heart in the middle icon\" height=\"417\" width=\"417\" title=\"2025_211_B\u1ed9 bi\u1ec3u t\u01b0\u1ee3ng_B\u1ea1o l\u1ef1c gia \u0111\u00ecnh\" onerror=\"this.style.display='none'\" loading=\"lazy\" \/>\n\t\t\t\t<\/a>\n\t<\/figure>\n\t\t<h4><a href=\"\/vi\/tai-nguyen\/tim-kiem-viec-lam\/?utm_source=Home&#038;utm_medium=Referral&#038;utm_campaign=211Resources&#038;utm_content=Employment\" target=\"_self\">Thu\u00ea ng\u01b0\u1eddi l\u00e0m<\/a><\/h4><figure itemscope itemtype=\"https:\/\/schema.org\/ImageObject\">\n\t\t\t\t<a href=\"\/vi\/tai-nguyen\/tim-kiem-viec-lam\/?utm_source=Home&#038;utm_medium=Referral&#038;utm_campaign=211Resources&#038;utm_content=Employment\"  target=\"_self\" itemprop=\"url\">\n\t\t\t\t<img decoding=\"async\" src=\"https:\/\/211md.org\/wp-content\/uploads\/bb-plugin\/cache\/2025_MdInfoNet_Icon-Sets_Employment-square-44707bd410e4df10a470bf130ebcea86-.png\" alt=\"\" onerror=\"this.style.display='none'\" loading=\"lazy\" \/>\n\t\t\t\t<\/a>\n\t<\/figure>\n\t\t<h4><a href=\"\/vi\/tai-nguyen\/cham-soc-suc-khoe\/?utm_source=Home&#038;utm_medium=Referral&#038;utm_campaign=211Resources&#038;utm_content=Health%20Care\" target=\"_self\">Ch\u0103m s\u00f3c s\u1ee9c kh\u1ecfe<\/a><\/h4><figure itemscope itemtype=\"https:\/\/schema.org\/ImageObject\">\n\t\t\t\t<a href=\"\/vi\/tai-nguyen\/cham-soc-suc-khoe\/?utm_source=Home&#038;utm_medium=Referral&#038;utm_campaign=211Resources&#038;utm_content=Health%20Care\"  target=\"_self\" itemprop=\"url\">\n\t\t\t\t<img decoding=\"async\" src=\"https:\/\/211md.org\/wp-content\/uploads\/bb-plugin\/cache\/2025_MdInfoNet_Icon-Sets_Health-Care-square-dee98a0060cbe0e7f27eda253fc12679-.png\" alt=\"\" onerror=\"this.style.display='none'\" loading=\"lazy\" \/>\n\t\t\t\t<\/a>\n\t<\/figure>\n\t\t<h4><a href=\"\/vi\/tai-nguyen\/moi-doi-voi-chung-toi-va-maryland\/?utm_source=Home&#038;utm_medium=Referral&#038;utm_campaign=211Resources&#038;utm_content=Immigration\" target=\"_self\">nh\u1eadp c\u01b0<\/a><\/h4><figure itemscope itemtype=\"https:\/\/schema.org\/ImageObject\">\n\t\t\t\t<a href=\"\/vi\/tai-nguyen\/moi-doi-voi-chung-toi-va-maryland\/?utm_source=Home&#038;utm_medium=Referral&#038;utm_campaign=211Resources&#038;utm_content=Immigration\"  target=\"_self\" itemprop=\"url\">\n\t\t\t\t<img decoding=\"async\" src=\"https:\/\/211md.org\/wp-content\/uploads\/bb-plugin\/cache\/2025_MdInfoNet_Icon-Sets_Immigration-square-8b97b7fdfe5e6071405e216855065118-.png\" alt=\"bi\u1ec3u t\u01b0\u1ee3ng nh\u1eadp c\u01b0\" title=\"2025_MdInfoNet_Icon-Sets_Immigration\" onerror=\"this.style.display='none'\" loading=\"lazy\" \/>\n\t\t\t\t<\/a>\n\t<\/figure>\n\t\t<h4><a href=\"\/vi\/tai-nguyen\/gia-dinh-tre-em\/quan-he-ho-hang\/?utm_source=Home&#038;utm_medium=Referral&#038;utm_campaign=211Resources&#038;utm_content=Kinship\" target=\"_self\">h\u1ecd h\u00e0ng<\/a><\/h4><figure itemscope itemtype=\"https:\/\/schema.org\/ImageObject\">\n\t\t\t\t<a href=\"\/vi\/tai-nguyen\/gia-dinh-tre-em\/quan-he-ho-hang\/?utm_source=Home&#038;utm_medium=Referral&#038;utm_campaign=211Resources&#038;utm_content=Kinship\"  target=\"_self\" itemprop=\"url\">\n\t\t\t\t<img decoding=\"async\" src=\"https:\/\/211md.org\/wp-content\/uploads\/bb-plugin\/cache\/2025_211_Icon-Sets_Kinship-square-45bdf872866f5735f842c32071109267-.png\" alt=\"Bi\u1ec3u t\u01b0\u1ee3ng h\u1ecd h\u00e0ng\" height=\"417\" width=\"417\" title=\"2025_211_B\u1ed9 bi\u1ec3u t\u01b0\u1ee3ng_Quan h\u1ec7 h\u1ecd h\u00e0ng\" onerror=\"this.style.display='none'\" loading=\"lazy\" \/>\n\t\t\t\t<\/a>\n\t<\/figure>\n\t\t<h4><a href=\"\/vi\/tai-nguyen\/dich-vu-phap-ly\/?utm_source=Home&#038;utm_medium=Referral&#038;utm_campaign=211Resources&#038;utm_content=Legal\" target=\"_self\">D\u1ecbch v\u1ee5 ph\u00e1p l\u00fd<\/a><\/h4><figure itemscope itemtype=\"https:\/\/schema.org\/ImageObject\">\n\t\t\t\t<a href=\"\/vi\/tai-nguyen\/dich-vu-phap-ly\/?utm_source=Home&#038;utm_medium=Referral&#038;utm_campaign=211Resources&#038;utm_content=Legal\"  target=\"_self\" itemprop=\"url\">\n\t\t\t\t<img decoding=\"async\" src=\"https:\/\/211md.org\/wp-content\/uploads\/bb-plugin\/cache\/2025_MdInfoNet_Icon-Sets_Legal-square-18fdf438feb8435588174d9046463257-.png\" alt=\"\" onerror=\"this.style.display='none'\" loading=\"lazy\" \/>\n\t\t\t\t<\/a>\n\t<\/figure>\n\t\t<h4><a href=\"\/vi\/tai-nguyen\/suc-khoe-tinh-than\/?utm_source=Home&#038;utm_medium=Referral&#038;utm_campaign=211Resources&#038;utm_content=Mental\" target=\"_self\">S\u1ee9c kh\u1ecfe tinh th\u1ea7n<\/a><\/h4><figure itemscope itemtype=\"https:\/\/schema.org\/ImageObject\">\n\t\t\t\t<a href=\"\/vi\/tai-nguyen\/suc-khoe-tinh-than\/?utm_source=Home&#038;utm_medium=Referral&#038;utm_campaign=211Resources&#038;utm_content=Mental\"  target=\"_self\" itemprop=\"url\">\n\t\t\t\t<img decoding=\"async\" src=\"https:\/\/211md.org\/wp-content\/uploads\/bb-plugin\/cache\/2025_MdInfoNet_Icon-Sets_Mental-Health-square-c59b38c4a993a947d4c9280fbe2d2fee-.png\" alt=\"\" onerror=\"this.style.display='none'\" loading=\"lazy\" \/>\n\t\t\t\t<\/a>\n\t<\/figure>\n\t\t<h4><a href=\"\/vi\/tai-nguyen\/mdreentry\/?utm_source=Home&#038;utm_medium=Referral&#038;utm_campaign=211Resources&#038;utm_content=Reentry\" target=\"_self\">V\u00e0o l\u1ea1i<\/a><\/h4><figure itemscope itemtype=\"https:\/\/schema.org\/ImageObject\">\n\t\t\t\t<a href=\"\/vi\/tai-nguyen\/mdreentry\/?utm_source=Home&#038;utm_medium=Referral&#038;utm_campaign=211Resources&#038;utm_content=Reentry\"  target=\"_self\" itemprop=\"url\">\n\t\t\t\t<img decoding=\"async\" src=\"https:\/\/211md.org\/wp-content\/uploads\/bb-plugin\/cache\/2025_211_Icon-Sets_Reentry-square-8676fea38abd920a832f45642fe31cca-.png\" alt=\"Bi\u1ec3u t\u01b0\u1ee3ng nh\u1eadp l\u1ea1i\" height=\"417\" width=\"417\" title=\"2025_211_B\u1ed9 bi\u1ec3u t\u01b0\u1ee3ng_Nh\u1eadp l\u1ea1i\" onerror=\"this.style.display='none'\" loading=\"lazy\" \/>\n\t\t\t\t<\/a>\n\t<\/figure>\n\t\t<h4><a href=\"\/vi\/tai-nguyen\/su-dung-chat-kich-thich\/?utm_source=Home&#038;utm_medium=Referral&#038;utm_campaign=211Resources&#038;utm_content=Substance\" target=\"_self\">S\u1eed d\u1ee5ng ch\u1ea5t k\u00edch th\u00edch<\/a><\/h4><figure itemscope itemtype=\"https:\/\/schema.org\/ImageObject\">\n\t\t\t\t<a href=\"\/vi\/tai-nguyen\/su-dung-chat-kich-thich\/?utm_source=Home&#038;utm_medium=Referral&#038;utm_campaign=211Resources&#038;utm_content=Substance\"  target=\"_self\" itemprop=\"url\">\n\t\t\t\t<img decoding=\"async\" src=\"https:\/\/211md.org\/wp-content\/uploads\/bb-plugin\/cache\/2025_MdInfoNet_Icon-Sets_Substance-Abuse-square-4f414f085e657267739c181957754f48-.png\" alt=\"Pills for substance Use icon\" title=\"2025_MdInfoNet_Icon-Sets_Substance-Abuse\" onerror=\"this.style.display='none'\" loading=\"lazy\" \/>\n\t\t\t\t<\/a>\n\t<\/figure>\n\t\t<h4><a href=\"\/vi\/tai-nguyen\/cuu-chien-binh\/?utm_source=Home&#038;utm_medium=Referral&#038;utm_campaign=211Resources&#038;utm_content=Veterans\" target=\"_self\">c\u1ef1u chi\u1ebfn binh<\/a><\/h4><figure itemscope itemtype=\"https:\/\/schema.org\/ImageObject\">\n\t\t\t\t<a href=\"\/vi\/tai-nguyen\/cuu-chien-binh\/?utm_source=Home&#038;utm_medium=Referral&#038;utm_campaign=211Resources&#038;utm_content=Veterans\"  target=\"_self\" itemprop=\"url\">\n\t\t\t\t<img decoding=\"async\" src=\"https:\/\/211md.org\/wp-content\/uploads\/bb-plugin\/cache\/2025_MdInfoNet_Icon-Sets_Rating-square-6e60d00cce4faa8e0a6d4ad7366aa733-.png\" alt=\"\" onerror=\"this.style.display='none'\" loading=\"lazy\" \/>\n\t\t\t\t<\/a>\n\t<\/figure>","protected":false},"excerpt":{"rendered":"<p>Every child deserves a strong start, and that starts with the experiences they have at home, at school, and in their communities. Childhood experiences, both good and bad, shape a child&#8217;s developing brain. When children face serious adversity without enough support, it can have lasting effects on their health and well-being. That&#8217;s why it takes&hellip;<\/p>","protected":false},"author":8,"featured_media":4017,"parent":839,"menu_order":0,"comment_status":"closed","ping_status":"closed","template":"","meta":{"footnotes":""},"group":[],"class_list":["post-920","page","type-page","status-publish","has-post-thumbnail","hentry"],"_links":{"self":[{"href":"https:\/\/211md.org\/vi\/wp-json\/wp\/v2\/pages\/920","targetHints":{"allow":["GET"]}}],"collection":[{"href":"https:\/\/211md.org\/vi\/wp-json\/wp\/v2\/pages"}],"about":[{"href":"https:\/\/211md.org\/vi\/wp-json\/wp\/v2\/types\/page"}],"author":[{"embeddable":true,"href":"https:\/\/211md.org\/vi\/wp-json\/wp\/v2\/users\/8"}],"replies":[{"embeddable":true,"href":"https:\/\/211md.org\/vi\/wp-json\/wp\/v2\/comments?post=920"}],"version-history":[{"count":8,"href":"https:\/\/211md.org\/vi\/wp-json\/wp\/v2\/pages\/920\/revisions"}],"predecessor-version":[{"id":34596,"href":"https:\/\/211md.org\/vi\/wp-json\/wp\/v2\/pages\/920\/revisions\/34596"}],"up":[{"embeddable":true,"href":"https:\/\/211md.org\/vi\/wp-json\/wp\/v2\/pages\/839"}],"wp:featuredmedia":[{"embeddable":true,"href":"https:\/\/211md.org\/vi\/wp-json\/wp\/v2\/media\/4017"}],"wp:attachment":[{"href":"https:\/\/211md.org\/vi\/wp-json\/wp\/v2\/media?parent=920"}],"wp:term":[{"taxonomy":"group","embeddable":true,"href":"https:\/\/211md.org\/vi\/wp-json\/wp\/v2\/group?post=920"}],"curies":[{"name":"wp","href":"https:\/\/api.w.org\/{rel}","templated":true}]}}