{"id":926,"date":"2021-04-15T16:08:30","date_gmt":"2021-04-15T16:08:30","guid":{"rendered":"https:\/\/211md.org\/?page_id=926"},"modified":"2026-02-03T17:01:53","modified_gmt":"2026-02-03T22:01:53","slug":"nha-o","status":"publish","type":"page","link":"https:\/\/211md.org\/vi\/resources\/housing-shelter\/","title":{"rendered":"T\u00ecm n\u01a1i tr\u00fa \u1ea9n kh\u1ea9n c\u1ea5p, h\u1ed7 tr\u1ee3 ng\u01b0\u1eddi v\u00f4 gia c\u01b0 v\u00e0 nh\u1eadn tr\u1ee3 gi\u00fap nh\u00e0 \u1edf"},"content":{"rendered":"<figure data-animation-delay=\"0\" data-animation-duration=\"1\" itemscope itemtype=\"https:\/\/schema.org\/ImageObject\">\n\t\t\t\t<img decoding=\"async\" src=\"https:\/\/stg-maryland211-staging.kinsta.cloud\/wp-content\/uploads\/2025\/08\/5-1-scaled.png\" alt=\"5\" height=\"692\" width=\"2560\" title=\"5\" onerror=\"this.style.display='none'\" loading=\"lazy\" \/>\n\t<\/figure>\n\t\t<p>There are many housing programs in Maryland communities that reduce the cost of rent, cover security deposits, prevent eviction, and provide emergency shelter.\u00a0<\/p>\n<p>Search the 211 Community Resource Database for low-income housing programs, which offer housing vouchers to eligible families, covering a portion of the rent each month. Local housing agencies run these programs. <\/p>\n<p>Or keep reading for other housing needs, including homelessness.<\/p>\n\t\t\t<a href=\"https:\/\/search.211md.org\/search?query=BH-7000.4600&#038;query_type=taxonomy&#038;query_label=&#038;utm_source=Housing%20&#038;utm_medium=Referral&#038;utm_campaign=AffordableSubsidized&#038;utm_content=&#038;utm_source=211&#038;utm_medium=Referral&#038;utm_campaign=Housing&#038;utm_content=subsidized\"  target=\"_blank\" rel=\"noopener\">\n\t\t\t\t\t\tSearch for subsidized housing\n\t\t\t\t\t<\/a>\n<figure data-animation-delay=\"0\" data-animation-duration=\"1\" itemscope itemtype=\"https:\/\/schema.org\/ImageObject\">\n\t\t\t\t<a href=\"https:\/\/search.211md.org\/search?query=BH-7000.4600&#038;query_type=taxonomy&#038;query_label=&#038;utm_source=Housing%20&#038;utm_medium=Referral&#038;utm_campaign=AffordableSubsidized&#038;utm_content=&#038;utm_source=211&#038;utm_medium=Referral&#038;utm_campaign=Housing&#038;utm_content=subsidized\"  target=\"_blank\" rel=\"noopener\"  itemprop=\"url\">\n\t\t\t\t<img decoding=\"async\" src=\"https:\/\/211md.org\/wp-content\/plugins\/bb-plugin\/img\/pixel.png\" alt=\"\" onerror=\"this.style.display='none'\" loading=\"lazy\" \/>\n\t\t\t\t<\/a>\n\t<\/figure>\n<figure data-animation-delay=\"0\" data-animation-duration=\"1.3\" itemscope itemtype=\"https:\/\/schema.org\/ImageObject\">\n\t\t\t\t<img decoding=\"async\" src=\"https:\/\/stg-maryland211-staging.kinsta.cloud\/wp-content\/uploads\/2025\/08\/16.png\" alt=\"16\" height=\"1000\" width=\"1000\" title=\"16\" onerror=\"this.style.display='none'\" loading=\"lazy\" \/>\n\t<\/figure>\n<figure data-animation-delay=\"0\" data-animation-duration=\"1\" itemscope itemtype=\"https:\/\/schema.org\/ImageObject\">\n\t\t\t\t<img decoding=\"async\" src=\"http:\/\/211md.org\/wp-content\/uploads\/2025\/09\/Homeless-Shelter-Beds.jpg\" alt=\"man lying on bed at homeless shelter\" title=\"Gi\u01b0\u1eddng cho ng\u01b0\u1eddi v\u00f4 gia c\u01b0\" onerror=\"this.style.display='none'\" loading=\"lazy\" \/>\n\t<\/figure>\n\t<h2>Find A Homeless Shelter<\/h2>\n<p>If you or someone you know is experiencing homelessness or you have nowhere to go, a homeless shelter can provide a place to sleep. Motel vouchers are also an option, if needed.<\/p>\n<p>Support services may also be available to help you obtain other benefits at the shelter.<\/p>\n<p>The Coordinated Entry Programs below streamline the process for those needing homeless services, ensuring there is no wrong door to access help.<\/p>\n<p>Nh\u1eefng t\u00ecm ki\u1ebfm ph\u1ed5 bi\u1ebfn n\u00e0y trong C\u01a1 s\u1edf d\u1eef li\u1ec7u t\u00e0i nguy\u00ean c\u1ed9ng \u0111\u1ed3ng 211 s\u1ebd gi\u00fap b\u1ea1n k\u1ebft n\u1ed1i v\u1edbi c\u00e1c ngu\u1ed3n l\u1ef1c \u0111\u1ecba ph\u01b0\u01a1ng.<\/p>\n\t\t\t<a href=\"https:\/\/search.211md.org\/search?query=BH-1800.3500&#038;query_type=taxonomy&#038;query_label=&#038;utm_source=211&#038;utm_medium=Referral&#038;utm_campaign=Housing&#038;utm_content=Drop%20In\"  target=\"_blank\" rel=\"noopener\">\n\t\t\t\t\t\tTrung t\u00e2m ti\u1ebfp nh\u1eadn ng\u01b0\u1eddi v\u00f4 gia c\u01b0\n\t\t\t\t\t<\/a>\n\t\t\t<a href=\"https:\/\/search.211md.org\/search?query=BH-1800.5000&#038;query_label=Homeless+Motel+Vouchers&#038;query_type=taxonomy&#038;utm_source=211&#038;utm_medium=Referral&#038;utm_campaign=Housing&#038;utm_content=Motel%20Vouchers\"  target=\"_blank\" rel=\"noopener\">\n\t\t\t\t\t\tPhi\u1ebfu qu\u00e0 t\u1eb7ng nh\u00e0 tr\u1ecd cho ng\u01b0\u1eddi v\u00f4 gia c\u01b0\n\t\t\t\t\t<\/a>\n\t\t\t<a href=\"https:\/\/search.211md.org\/search?query=BH-0500.3200-310&#038;query_type=taxonomy&#038;query_label=&#038;utm_source=211&#038;utm_medium=Referral&#038;utm_campaign=Housing&#038;utm_content=Coordinated%20Entry\"  target=\"_blank\" rel=\"noopener\">\n\t\t\t\t\t\tC\u01a1 quan nh\u1eadp c\u1ea3nh ph\u1ed1i h\u1ee3p v\u00f4 gia c\u01b0\n\t\t\t\t\t<\/a>\n\t\t\t<a href=\"https:\/\/search.211md.org\/search?query=YV-3000&#038;query_label=Homeless+People&#038;query_type=taxonomy&#038;utm_source=211&#038;utm_medium=Referral&#038;utm_campaign=Housing&#038;utm_content=Homeless%20Resources\"  target=\"_blank\" rel=\"noopener\">\n\t\t\t\t\t\tT\u00e0i nguy\u00ean cho ng\u01b0\u1eddi v\u00f4 gia c\u01b0 \n\t\t\t\t\t<\/a>\n\t\t\t<a href=\"https:\/\/search.211md.org\/search?query=BH-8600&#038;query_type=taxonomy&#038;query_label=&#038;utm_source=211&#038;utm_medium=Referral&#038;utm_campaign=Housing&#038;utm_content=Transitional\"  target=\"_blank\" rel=\"noopener\">\n\t\t\t\t\t\tNh\u00e0 \u1edf\/N\u01a1i t\u1ea1m tr\u00fa chuy\u1ec3n ti\u1ebfp\n\t\t\t\t\t<\/a>\n\t<h2>n\u01a1i tr\u00fa \u1ea9n kh\u1ea9n c\u1ea5p<\/h2>\n<p>If you are experiencing domestic violence, a weather emergency like extreme heat or cold, or need an emergency shelter, connect with help by choosing the resource you need.<\/p>\n\t\t\t<a href=\"https:\/\/search.211md.org\/search?query=BH-1800.8500-150&#038;query_type=taxonomy&#038;query_label=&#038;utm_source=211&#038;utm_medium=Referral&#038;utm_campaign=Housing&#038;utm_content=Emergency%20Shelter\"  target=\"_blank\" rel=\"noopener\">\n\t\t\t\t\t\tn\u01a1i tr\u00fa \u1ea9n kh\u1ea9n c\u1ea5p\n\t\t\t\t\t<\/a>\n\t\t\t<a href=\"https:\/\/search.211md.org\/search?query=BH-1800.1500-100&#038;query_type=taxonomy&#038;query_label=&#038;utm_source=211&#038;utm_medium=Referral&#038;utm_campaign=Housing&#038;utm_content=Domestic%20Shelter\"  target=\"_blank\" rel=\"noopener\">\n\t\t\t\t\t\tM\u00e1i \u1ea5m b\u1ea1o l\u1ef1c gia \u0111\u00ecnh\n\t\t\t\t\t<\/a>\n\t\t\t<a href=\"https:\/\/search.211md.org\/search?query=BH-1800.8500-185&#038;query_type=taxonomy&#038;query_label=&#038;utm_source=211&#038;utm_medium=Referral&#038;utm_campaign=Housing&#038;utm_content=Weather\"  target=\"_blank\" rel=\"noopener\">\n\t\t\t\t\t\tN\u01a1i tr\u00fa \u1ea9n th\u1eddi ti\u1ebft kh\u1eafc nghi\u1ec7t\n\t\t\t\t\t<\/a>\n\t\t<h2>H\u1ed7 tr\u1ee3 thu\u00ea nh\u00e0<\/h2>\n<p>B\u1ea1n \u0111ang g\u1eb7p kh\u00f3 kh\u0103n trong vi\u1ec7c tr\u1ea3 ti\u1ec1n thu\u00ea nh\u00e0 ho\u1eb7c c\u1ea7n ti\u1ec1n \u0111\u1eb7t c\u1ecdc? H\u00e3y tr\u00e1nh b\u1ecb \u0111u\u1ed5i kh\u1ecfi nh\u00e0 b\u1eb1ng c\u00e1c ch\u01b0\u01a1ng tr\u00ecnh h\u1ed7 tr\u1ee3 ti\u1ec1n thu\u00ea nh\u00e0 t\u1ea1i \u0111\u1ecba ph\u01b0\u01a1ng.<\/p>\n<p>T\u00ecm ki\u1ebfm trong c\u01a1 s\u1edf d\u1eef li\u1ec7u T\u00e0i nguy\u00ean C\u1ed9ng \u0111\u1ed3ng 211. Ch\u1ecdn m\u1ed9t t\u00f9y ch\u1ecdn b\u00ean d\u01b0\u1edbi v\u00e0 nh\u1eadp m\u00e3 ZIP tr\u00ean trang k\u1ebft qu\u1ea3.<\/p>\n\t\t\t<a href=\"https:\/\/search.211md.org\/search?query=BH-3800.7000&#038;query_type=taxonomy&#038;query_label=&#038;&#038;utm_source=211&#038;utm_medium=Referral&#038;utm_campaign=Housing&#038;utm_content=Rental%20Payment\"  target=\"_blank\" rel=\"noopener\">\n\t\t\t\t\t\tT\u00ecm ki\u1ebfm s\u1ef1 tr\u1ee3 gi\u00fap v\u1ec1 thanh to\u00e1n ti\u1ec1n thu\u00ea nh\u00e0 \n\t\t\t\t\t<\/a>\n\t\t\t<a href=\"https:\/\/search.211md.org\/search?query=BH-3800.8000&#038;query_type=taxonomy&#038;query_label=&#038;utm_source=211&#038;utm_medium=Referral&#038;utm_campaign=Housing&#038;utm_content=Security%20Deposit\"  target=\"_blank\" rel=\"noopener\">\n\t\t\t\t\t\tT\u00ecm ki\u1ebfm s\u1ef1 tr\u1ee3 gi\u00fap v\u1ec1 ti\u1ec1n \u0111\u1eb7t c\u1ecdc thu\u00ea nh\u00e0 \n\t\t\t\t\t<\/a>\n\t<h3>T\u00ecm ki\u1ebfm nh\u00e0 \u1edf Maryland<\/h3>\n<p>To find a specific property, get an understanding of the rent and its location, use <a href=\"https:\/\/www.mdhousingsearch.org\/index.html\" target=\"_blank\" rel=\"noopener\">T\u00ecm ki\u1ebfm nh\u00e0 \u1edf Maryland<\/a>.<\/p>\n<figure data-animation-delay=\"0\" data-animation-duration=\"1\" itemscope itemtype=\"https:\/\/schema.org\/ImageObject\">\n\t\t\t\t<img decoding=\"async\" src=\"http:\/\/211md.org\/wp-content\/uploads\/2022\/05\/City-of-Baltimore-Maryland-skyline.jpg\" alt=\"\u0110\u01b0\u1eddng ch\u00e2n tr\u1eddi Baltimore Maryland\" title=\"Th\u00e0nh ph\u1ed1-Baltimore,-Maryland-skyline\" onerror=\"this.style.display='none'\" loading=\"lazy\" \/>\n\t<\/figure>\n\t\t<h2>Ng\u01b0\u1eddi \u0111i\u1ec1u h\u01b0\u1edbng nh\u00e0 \u1edf t\u1ea1i Th\u00e0nh ph\u1ed1 Baltimore<\/h2>\n<p>T\u1ea1i Th\u00e0nh ph\u1ed1 Baltimore, b\u1ea1n c\u0169ng c\u00f3 th\u1ec3 nh\u1eadn \u0111\u01b0\u1ee3c s\u1ef1 h\u1ed7 tr\u1ee3 t\u1eeb chuy\u00ean vi\u00ean t\u01b0 v\u1ea5n nh\u00e0 \u1edf. H\u1ecd cung c\u1ea5p d\u1ecbch v\u1ee5 t\u01b0 v\u1ea5n mi\u1ec5n ph\u00ed.<\/p>\n<p>Ng\u01b0\u1eddi h\u01b0\u1edbng d\u1eabn v\u1ec1 nh\u00e0 \u1edf c\u00f3 th\u1ec3 gi\u00fap b\u1ea1n hi\u1ec3u r\u00f5 t\u00ecnh h\u00ecnh nh\u00e0 \u1edf v\u00e0 c\u00e1c gi\u1ea3i ph\u00e1p h\u1ed7 tr\u1ee3.<\/p>\n<p>H\u1ecd s\u1ebd x\u00e1c \u0111\u1ecbnh c\u00e1c ngu\u1ed3n l\u1ef1c trong ng\u1eafn h\u1ea1n v\u00e0 t\u1ea1o ra m\u1ed9t k\u1ebf ho\u1ea1ch nh\u00e0 \u1edf c\u00e1 nh\u00e2n bao g\u1ed3m s\u1ef1 \u1ed5n \u0111\u1ecbnh nh\u00e0 \u1edf l\u00e2u d\u00e0i.<\/p>\n<p>S\u00e1ch h\u01b0\u1edbng d\u1eabn c\u00f3 s\u1eb5n t\u1ea1i n\u0103m chi nh\u00e1nh Th\u01b0 vi\u1ec7n Pratt th\u00f4ng qua ch\u01b0\u01a1ng tr\u00ecnh c\u1ee7a V\u0103n ph\u00f2ng D\u1ecbch v\u1ee5 Ng\u01b0\u1eddi v\u00f4 gia c\u01b0 thu\u1ed9c Th\u1ecb tr\u01b0\u1edfng (MOHS). T\u00ecm m\u1ed9t chi nh\u00e1nh g\u1ea7n \u0111\u00f3.<\/p>\n\t\t\t<a href=\"https:\/\/homeless.baltimorecity.gov\/housing-navigators-community\" target=\"_blank\" rel=\"noopener\">\n\t\t\t\t\t\tT\u00ecm m\u1ed9t ng\u01b0\u1eddi d\u1eabn \u0111\u01b0\u1eddng nh\u00e0 \u1edf\n\t\t\t\t\t<\/a>\n\t<p>C\u00f3 th\u00eam h\u1ed7 tr\u1ee3 t\u1ea1i Th\u00e0nh ph\u1ed1 Baltimore. \u0110\u1ecdc h\u01b0\u1edbng d\u1eabn c\u1ee7a 211 v\u1ec1 c\u00e1c ch\u01b0\u01a1ng tr\u00ecnh h\u1ed7 tr\u1ee3 t\u1ea1i Baltimore \u0111\u1ec3 t\u00ecm ki\u1ebfm s\u1ef1 h\u1ed7 tr\u1ee3 cho c\u00e1c nhu c\u1ea7u kh\u00e1c bao g\u1ed3m th\u1ef1c ph\u1ea9m, ti\u1ec1n \u0111\u1eb7t c\u1ecdc, h\u1ed7 tr\u1ee3 t\u00e0i ch\u00ednh, v.v.<\/p>\n\t\t\t<a href=\"\/vi\/tai-nguyen-theo-quan\/thanh-pho-baltimore\/?utm_source=211&#038;utm_medium=Referral&#038;utm_campaign=Housing&#038;utm_content=BC\"  target=\"_self\">\n\t\t\t\t\t\tH\u01b0\u1edbng d\u1eabn v\u1ec1 c\u00e1c ch\u01b0\u01a1ng tr\u00ecnh c\u1ee7a Baltimore c\u1ee7a 211\n\t\t\t\t\t<\/a>\n\t<h3><b>H\u1ed7 tr\u1ee3 th\u1ebf ch\u1ea5p v\u00e0 t\u1ecbch thu nh\u00e0<\/b><\/h3>\n<p>B\u1ea1n \u0111ang ch\u1eadm thanh to\u00e1n kho\u1ea3n th\u1ebf ch\u1ea5p? C\u00f3 nhi\u1ec1u ngu\u1ed3n l\u1ef1c c\u1ed9ng \u0111\u1ed3ng gi\u00fap b\u1ea1n c\u1ee9u ng\u00f4i nh\u00e0 kh\u1ecfi b\u1ecb t\u1ecbch thu.<\/p>\n<p>B\u1ea1n c\u0169ng c\u00f3 th\u1ec3 nh\u1eadn \u0111\u01b0\u1ee3c s\u1ef1 tr\u1ee3 gi\u00fap n\u1ebfu ch\u1ee7 nh\u00e0 b\u1ea1n \u0111ang thu\u00ea \u0111ang ph\u1ea3i \u0111\u1ed1i m\u1eb7t v\u1edbi vi\u1ec7c b\u1ecb t\u1ecbch thu t\u00e0i s\u1ea3n.<\/p>\n<h3>T\u00ecm t\u00e0i nguy\u00ean c\u1ed9ng \u0111\u1ed3ng<\/h3>\n\t\t\t<a href=\"https:\/\/search.211md.org\/search?query=BH-3800.6500&#038;query_type=taxonomy&#038;query_label=&#038;utm_source=Housing%20&#038;utm_medium=Referral&#038;utm_campaign=PropertyTax&#038;utm_content=\" target=\"_blank\" rel=\"noopener\">\n\t\t\t\t\t\tH\u1ed7 tr\u1ee3 thu\u1ebf t\u00e0i s\u1ea3n\n\t\t\t\t\t<\/a>\n\t\t\t<a href=\"https:\/\/search.211md.org\/search?query=BH-1800.5000&#038;query_label=Homeless+Motel+Vouchers&#038;query_type=taxonomy&#038;utm_source=211&#038;utm_medium=Referral&#038;utm_campaign=Housing&#038;utm_content=Homeless%20Motel\" target=\"_blank\" rel=\"noopener\">\n\t\t\t\t\t\tPhi\u1ebfu qu\u00e0 t\u1eb7ng nh\u00e0 tr\u1ecd cho ng\u01b0\u1eddi v\u00f4 gia c\u01b0\n\t\t\t\t\t<\/a>\n\t\t\t<a href=\"https:\/\/search.211md.org\/search?query=DM-1800.8500&#038;query_type=taxonomy&#038;query_label=&#038;utm_source=211&#038;utm_medium=Referral&#038;utm_campaign=Housing&#038;utm_content=Tax%20Foreclosure\" target=\"_blank\" rel=\"noopener\">\n\t\t\t\t\t\tH\u1ed7 tr\u1ee3 t\u1ecbch thu t\u00e0i s\u1ea3n do thu\u1ebf\n\t\t\t\t\t<\/a>\n\t<h3>Ti\u1ebfp t\u1ee5c h\u1ecdc t\u1eadp<\/h3>\n<p>C\u1ea9m nang v\u1ec1 quy tr\u00ecnh t\u1ecbch bi\u00ean nh\u00e0 c\u1ee7a 211 h\u01b0\u1edbng d\u1eabn ch\u1ee7 nh\u00e0 c\u00e1c l\u1ef1a ch\u1ecdn, bao g\u1ed3m k\u1ebf ho\u1ea1ch tr\u1ea3 n\u1ee3, \u0111i\u1ec1u ch\u1ec9nh, v.v. T\u00e0i li\u1ec7u c\u0169ng th\u1ea3o lu\u1eadn v\u1ec1 c\u00e1ch m\u1ed9t c\u1ed1 v\u1ea5n nh\u00e0 \u1edf c\u00f3 th\u1ec3 h\u1ed7 tr\u1ee3 v\u00e0 c\u00e1ch nhanh nh\u1ea5t \u0111\u1ec3 k\u1ebft n\u1ed1i v\u1edbi h\u1ecd.<\/p>\n\t\t\t<a href=\"\/vi\/tai-nguyen\/nha-o\/tich-thu-tai-san-the-chap\/?utm_source=211&#038;utm_medium=Referral&#038;utm_campaign=Housing&#038;utm_content=Foreclosure\"  target=\"_self\">\n\t\t\t\t\t\tH\u01b0\u1edbng d\u1eabn t\u1ecbch thu t\u00e0i s\u1ea3n th\u1ebf ch\u1ea5p 211\n\t\t\t\t\t<\/a>\n\t\t<figure itemscope itemtype=\"https:\/\/schema.org\/ImageObject\">\n\t\t\t\t<a href=\"https:\/\/search.211md.org\/\" target=\"_blank\" rel=\"noopener\" itemprop=\"url\">\n\t\t\t\t<img decoding=\"async\" src=\"https:\/\/stg-maryland211-staging.kinsta.cloud\/wp-content\/uploads\/2025\/08\/2025_MdInfoNet_Icon-Sets-white_Locate.png\" alt=\"\" onerror=\"this.style.display='none'\" loading=\"lazy\" \/>\n\t\t\t\t<\/a>\n\t<\/figure>\n<h2><a href=\"https:\/\/search.211md.org\/\" target=\"_blank\" rel=\"noopener\">T\u00ecm ngu\u1ed3n nh\u00e0 \u1edf<\/a><\/h2><p>There are over 700 housing resources, including shelters, subsidized housing, home maintenance programs, and more. Start searching now, by typing in your need into the 211 Community Resource Database.<\/p>\n\t\t\t<a href=\"https:\/\/search.211md.org\/\" target=\"_blank\" rel=\"noopener\">\n\t\t\t\t\t\t\tT\u00ecm ki\u1ebfm ngay b\u00e2y gi\u1edd\n\t\t\t<\/a>\n<h2>\n\t\t\tTh\u00f4ng tin li\u00ean quan\t<\/h2>\n\t\t<h4><a href=\"\/vi\/tai-nguyen\/lao-hoa-khuyet-tat\/?utm_source=Home&#038;utm_medium=Referral&#038;utm_campaign=211Resources&#038;utm_content=Aging\" target=\"_self\">L\u00e3o h\u00f3a &amp; Khuy\u1ebft t\u1eadt<\/a><\/h4><figure itemscope itemtype=\"https:\/\/schema.org\/ImageObject\">\n\t\t\t\t<a href=\"\/vi\/tai-nguyen\/lao-hoa-khuyet-tat\/?utm_source=Home&#038;utm_medium=Referral&#038;utm_campaign=211Resources&#038;utm_content=Aging\"  target=\"_self\" itemprop=\"url\">\n\t\t\t\t<img decoding=\"async\" src=\"https:\/\/211md.org\/wp-content\/uploads\/bb-plugin\/cache\/2025_MdInfoNet_Icon-Sets_Aging-disability-square-c466727102cae71e5f27b8539bb51945-.png\" alt=\"\" onerror=\"this.style.display='none'\" loading=\"lazy\" \/>\n\t\t\t\t<\/a>\n\t<\/figure>\n\t\t<h4><a href=\"\/vi\/tai-nguyen\/gia-dinh-tre-em\/?utm_source=Home&#038;utm_medium=Referral&#038;utm_campaign=211Resources&#038;utm_content=Children\" target=\"_self\">Tr\u1ebb em &amp; Gia \u0111\u00ecnh<\/a><\/h4><figure itemscope itemtype=\"https:\/\/schema.org\/ImageObject\">\n\t\t\t\t<a href=\"\/vi\/tai-nguyen\/gia-dinh-tre-em\/?utm_source=Home&#038;utm_medium=Referral&#038;utm_campaign=211Resources&#038;utm_content=Children\"  target=\"_self\" itemprop=\"url\">\n\t\t\t\t<img decoding=\"async\" src=\"https:\/\/211md.org\/wp-content\/uploads\/bb-plugin\/cache\/2025_211_Icon-Sets_Child-care-square-f3b0d4edab3dcc467fadb5f55f4064c6-.png\" alt=\"parent and child icon for child care\" height=\"417\" width=\"417\" title=\"2025_211_B\u1ed9 bi\u1ec3u t\u01b0\u1ee3ng_Ch\u0103m s\u00f3c tr\u1ebb em\" onerror=\"this.style.display='none'\" loading=\"lazy\" \/>\n\t\t\t\t<\/a>\n\t<\/figure>\n\t\t<h4><a href=\"\/vi\/tai-nguyen\/gia-dinh-bao-luc\/?utm_source=Home&#038;utm_medium=Referral&#038;utm_campaign=211Resources&#038;utm_content=Domestic\" target=\"_self\">B\u1ea1o l\u1ef1c gia \u0111\u00ecnh<\/a><\/h4><figure itemscope itemtype=\"https:\/\/schema.org\/ImageObject\">\n\t\t\t\t<a href=\"\/vi\/tai-nguyen\/gia-dinh-bao-luc\/?utm_source=Home&#038;utm_medium=Referral&#038;utm_campaign=211Resources&#038;utm_content=Domestic\"  target=\"_self\" itemprop=\"url\">\n\t\t\t\t<img decoding=\"async\" src=\"https:\/\/211md.org\/wp-content\/uploads\/bb-plugin\/cache\/2025_211_Icon-Sets_Domestic-Violence-square-7b597694a6f05fe90cdc376aa573bc63-.png\" alt=\"House with a heart in the middle icon\" height=\"417\" width=\"417\" title=\"2025_211_B\u1ed9 bi\u1ec3u t\u01b0\u1ee3ng_B\u1ea1o l\u1ef1c gia \u0111\u00ecnh\" onerror=\"this.style.display='none'\" loading=\"lazy\" \/>\n\t\t\t\t<\/a>\n\t<\/figure>\n\t\t<h4><a href=\"\/vi\/tai-nguyen\/tim-kiem-viec-lam\/?utm_source=Home&#038;utm_medium=Referral&#038;utm_campaign=211Resources&#038;utm_content=Employment\" target=\"_self\">Thu\u00ea ng\u01b0\u1eddi l\u00e0m<\/a><\/h4><figure itemscope itemtype=\"https:\/\/schema.org\/ImageObject\">\n\t\t\t\t<a href=\"\/vi\/tai-nguyen\/tim-kiem-viec-lam\/?utm_source=Home&#038;utm_medium=Referral&#038;utm_campaign=211Resources&#038;utm_content=Employment\"  target=\"_self\" itemprop=\"url\">\n\t\t\t\t<img decoding=\"async\" src=\"https:\/\/211md.org\/wp-content\/uploads\/bb-plugin\/cache\/2025_MdInfoNet_Icon-Sets_Employment-square-44707bd410e4df10a470bf130ebcea86-.png\" alt=\"\" onerror=\"this.style.display='none'\" loading=\"lazy\" \/>\n\t\t\t\t<\/a>\n\t<\/figure>\n\t\t<h4><a href=\"\/vi\/tai-nguyen\/cham-soc-suc-khoe\/?utm_source=Home&#038;utm_medium=Referral&#038;utm_campaign=211Resources&#038;utm_content=Health%20Care\" target=\"_self\">Ch\u0103m s\u00f3c s\u1ee9c kh\u1ecfe<\/a><\/h4><figure itemscope itemtype=\"https:\/\/schema.org\/ImageObject\">\n\t\t\t\t<a href=\"\/vi\/tai-nguyen\/cham-soc-suc-khoe\/?utm_source=Home&#038;utm_medium=Referral&#038;utm_campaign=211Resources&#038;utm_content=Health%20Care\"  target=\"_self\" itemprop=\"url\">\n\t\t\t\t<img decoding=\"async\" src=\"https:\/\/211md.org\/wp-content\/uploads\/bb-plugin\/cache\/2025_MdInfoNet_Icon-Sets_Health-Care-square-dee98a0060cbe0e7f27eda253fc12679-.png\" alt=\"\" onerror=\"this.style.display='none'\" loading=\"lazy\" \/>\n\t\t\t\t<\/a>\n\t<\/figure>\n\t\t<h4><a href=\"\/vi\/tai-nguyen\/gia-dinh-tre-em\/quan-he-ho-hang\/?utm_source=Home&#038;utm_medium=Referral&#038;utm_campaign=211Resources&#038;utm_content=Kinship\" target=\"_self\">h\u1ecd h\u00e0ng<\/a><\/h4><figure itemscope itemtype=\"https:\/\/schema.org\/ImageObject\">\n\t\t\t\t<a href=\"\/vi\/tai-nguyen\/gia-dinh-tre-em\/quan-he-ho-hang\/?utm_source=Home&#038;utm_medium=Referral&#038;utm_campaign=211Resources&#038;utm_content=Kinship\"  target=\"_self\" itemprop=\"url\">\n\t\t\t\t<img decoding=\"async\" src=\"https:\/\/211md.org\/wp-content\/uploads\/bb-plugin\/cache\/2025_211_Icon-Sets_Kinship-square-45bdf872866f5735f842c32071109267-.png\" alt=\"Bi\u1ec3u t\u01b0\u1ee3ng h\u1ecd h\u00e0ng\" height=\"417\" width=\"417\" title=\"2025_211_B\u1ed9 bi\u1ec3u t\u01b0\u1ee3ng_Quan h\u1ec7 h\u1ecd h\u00e0ng\" onerror=\"this.style.display='none'\" loading=\"lazy\" \/>\n\t\t\t\t<\/a>\n\t<\/figure>\n\t\t<h4><a href=\"\/vi\/tai-nguyen\/dich-vu-phap-ly\/?utm_source=Home&#038;utm_medium=Referral&#038;utm_campaign=211Resources&#038;utm_content=Legal\" target=\"_self\">D\u1ecbch v\u1ee5 ph\u00e1p l\u00fd<\/a><\/h4><figure itemscope itemtype=\"https:\/\/schema.org\/ImageObject\">\n\t\t\t\t<a href=\"\/vi\/tai-nguyen\/dich-vu-phap-ly\/?utm_source=Home&#038;utm_medium=Referral&#038;utm_campaign=211Resources&#038;utm_content=Legal\"  target=\"_self\" itemprop=\"url\">\n\t\t\t\t<img decoding=\"async\" src=\"https:\/\/211md.org\/wp-content\/uploads\/bb-plugin\/cache\/2025_MdInfoNet_Icon-Sets_Legal-square-18fdf438feb8435588174d9046463257-.png\" alt=\"\" onerror=\"this.style.display='none'\" loading=\"lazy\" \/>\n\t\t\t\t<\/a>\n\t<\/figure>\n\t\t<h4><a href=\"\/vi\/tai-nguyen\/suc-khoe-tinh-than\/?utm_source=Home&#038;utm_medium=Referral&#038;utm_campaign=211Resources&#038;utm_content=Mental\" target=\"_self\">S\u1ee9c kh\u1ecfe tinh th\u1ea7n<\/a><\/h4><figure itemscope itemtype=\"https:\/\/schema.org\/ImageObject\">\n\t\t\t\t<a href=\"\/vi\/tai-nguyen\/suc-khoe-tinh-than\/?utm_source=Home&#038;utm_medium=Referral&#038;utm_campaign=211Resources&#038;utm_content=Mental\"  target=\"_self\" itemprop=\"url\">\n\t\t\t\t<img decoding=\"async\" src=\"https:\/\/211md.org\/wp-content\/uploads\/bb-plugin\/cache\/2025_MdInfoNet_Icon-Sets_Mental-Health-square-c59b38c4a993a947d4c9280fbe2d2fee-.png\" alt=\"\" onerror=\"this.style.display='none'\" loading=\"lazy\" \/>\n\t\t\t\t<\/a>\n\t<\/figure>\n\t\t<h4><a href=\"\/vi\/tai-nguyen\/mdreentry\/?utm_source=Home&#038;utm_medium=Referral&#038;utm_campaign=211Resources&#038;utm_content=Reentry\" target=\"_self\">V\u00e0o l\u1ea1i<\/a><\/h4><figure itemscope itemtype=\"https:\/\/schema.org\/ImageObject\">\n\t\t\t\t<a href=\"\/vi\/tai-nguyen\/mdreentry\/?utm_source=Home&#038;utm_medium=Referral&#038;utm_campaign=211Resources&#038;utm_content=Reentry\"  target=\"_self\" itemprop=\"url\">\n\t\t\t\t<img decoding=\"async\" src=\"https:\/\/211md.org\/wp-content\/uploads\/bb-plugin\/cache\/2025_211_Icon-Sets_Reentry-square-8676fea38abd920a832f45642fe31cca-.png\" alt=\"Bi\u1ec3u t\u01b0\u1ee3ng nh\u1eadp l\u1ea1i\" height=\"417\" width=\"417\" title=\"2025_211_B\u1ed9 bi\u1ec3u t\u01b0\u1ee3ng_Nh\u1eadp l\u1ea1i\" onerror=\"this.style.display='none'\" loading=\"lazy\" \/>\n\t\t\t\t<\/a>\n\t<\/figure>\n\t\t<h4><a href=\"\/vi\/tai-nguyen\/su-dung-chat-kich-thich\/?utm_source=Home&#038;utm_medium=Referral&#038;utm_campaign=211Resources&#038;utm_content=Substance\" target=\"_self\">S\u1eed d\u1ee5ng ch\u1ea5t k\u00edch th\u00edch<\/a><\/h4><figure itemscope itemtype=\"https:\/\/schema.org\/ImageObject\">\n\t\t\t\t<a href=\"\/vi\/tai-nguyen\/su-dung-chat-kich-thich\/?utm_source=Home&#038;utm_medium=Referral&#038;utm_campaign=211Resources&#038;utm_content=Substance\"  target=\"_self\" itemprop=\"url\">\n\t\t\t\t<img decoding=\"async\" src=\"https:\/\/211md.org\/wp-content\/uploads\/bb-plugin\/cache\/2025_MdInfoNet_Icon-Sets_Substance-Abuse-square-4f414f085e657267739c181957754f48-.png\" alt=\"Pills for substance Use icon\" title=\"2025_MdInfoNet_Icon-Sets_Substance-Abuse\" onerror=\"this.style.display='none'\" loading=\"lazy\" \/>\n\t\t\t\t<\/a>\n\t<\/figure>\n\t\t<h4><a href=\"\/vi\/tai-nguyen\/cuu-chien-binh\/?utm_source=Home&#038;utm_medium=Referral&#038;utm_campaign=211Resources&#038;utm_content=Veterans\" target=\"_self\">c\u1ef1u chi\u1ebfn binh<\/a><\/h4><figure itemscope itemtype=\"https:\/\/schema.org\/ImageObject\">\n\t\t\t\t<a href=\"\/vi\/tai-nguyen\/cuu-chien-binh\/?utm_source=Home&#038;utm_medium=Referral&#038;utm_campaign=211Resources&#038;utm_content=Veterans\"  target=\"_self\" itemprop=\"url\">\n\t\t\t\t<img decoding=\"async\" src=\"https:\/\/211md.org\/wp-content\/uploads\/bb-plugin\/cache\/2025_MdInfoNet_Icon-Sets_Rating-square-6e60d00cce4faa8e0a6d4ad7366aa733-.png\" alt=\"\" onerror=\"this.style.display='none'\" loading=\"lazy\" \/>\n\t\t\t\t<\/a>\n\t<\/figure>","protected":false},"excerpt":{"rendered":"<p>There are many housing programs in Maryland communities that reduce the cost of rent, cover security deposits, prevent eviction, and provide emergency shelter.\u00a0 Search the 211 Community Resource Database for low-income housing programs, which offer housing vouchers to eligible families, covering a portion of the rent each month. Local housing agencies run these programs. Or&hellip;<\/p>","protected":false},"author":8,"featured_media":33784,"parent":930,"menu_order":0,"comment_status":"closed","ping_status":"closed","template":"","meta":{"footnotes":""},"class_list":["post-926","page","type-page","status-publish","has-post-thumbnail","hentry"],"_links":{"self":[{"href":"https:\/\/211md.org\/vi\/wp-json\/wp\/v2\/pages\/926","targetHints":{"allow":["GET"]}}],"collection":[{"href":"https:\/\/211md.org\/vi\/wp-json\/wp\/v2\/pages"}],"about":[{"href":"https:\/\/211md.org\/vi\/wp-json\/wp\/v2\/types\/page"}],"author":[{"embeddable":true,"href":"https:\/\/211md.org\/vi\/wp-json\/wp\/v2\/users\/8"}],"replies":[{"embeddable":true,"href":"https:\/\/211md.org\/vi\/wp-json\/wp\/v2\/comments?post=926"}],"version-history":[{"count":11,"href":"https:\/\/211md.org\/vi\/wp-json\/wp\/v2\/pages\/926\/revisions"}],"predecessor-version":[{"id":34245,"href":"https:\/\/211md.org\/vi\/wp-json\/wp\/v2\/pages\/926\/revisions\/34245"}],"up":[{"embeddable":true,"href":"https:\/\/211md.org\/vi\/wp-json\/wp\/v2\/pages\/930"}],"wp:featuredmedia":[{"embeddable":true,"href":"https:\/\/211md.org\/vi\/wp-json\/wp\/v2\/media\/33784"}],"wp:attachment":[{"href":"https:\/\/211md.org\/vi\/wp-json\/wp\/v2\/media?parent=926"}],"curies":[{"name":"wp","href":"https:\/\/api.w.org\/{rel}","templated":true}]}}