{"id":930,"date":"2021-04-15T17:45:40","date_gmt":"2021-04-15T17:45:40","guid":{"rendered":"https:\/\/211md.org\/?page_id=930"},"modified":"2025-09-10T09:28:22","modified_gmt":"2025-09-10T13:28:22","slug":"tai-nguyen","status":"publish","type":"page","link":"https:\/\/211md.org\/vi\/resources\/","title":{"rendered":"T\u00e0i nguy\u00ean"},"content":{"rendered":"<h2>\n\t\t\tK\u1ebft n\u1ed1i Maryland\t<\/h2>\n\t<p><strong>H\u1ec7 th\u1ed1ng 211 c\u1ee7a Maryland l\u00e0 ngu\u1ed3n l\u1ef1c to\u00e0n ti\u1ec3u bang k\u1ebft n\u1ed1i ng\u01b0\u1eddi d\u00e2n v\u1edbi ngu\u1ed3n nh\u00e2n l\u1ef1c v\u00e0 y t\u1ebf th\u00f4ng qua \u0111i\u1ec7n tho\u1ea1i, Internet v\u00e0 tin nh\u1eafn v\u0103n b\u1ea3n.\u00a0<\/strong><\/p>\n<p>\u0110\u00e2y c\u0169ng l\u00e0 m\u1ed9t ngu\u1ed3n t\u00e0i nguy\u00ean \u0111\u1ec3 c\u00e1c quan ch\u1ee9c ch\u00ednh ph\u1ee7 cung c\u1ea5p th\u00f4ng tin cho ng\u01b0\u1eddi d\u00e2n Maryland trong tr\u01b0\u1eddng h\u1ee3p c\u00f3 thi\u00ean tai ho\u1eb7c s\u1ef1 c\u1ed1 do con ng\u01b0\u1eddi g\u00e2y ra v\u00e0 l\u00e0 c\u00e1ch \u0111\u1ec3 ng\u01b0\u1eddi d\u00e2n Maryland k\u1ebft n\u1ed1i v\u1edbi c\u00e1c c\u01a1 h\u1ed9i \u0111\u1ec3 gi\u00fap \u0111\u1ee1 ng\u01b0\u1eddi kh\u00e1c.<\/p>\n<p>Xem l\u1ef1a ch\u1ecdn t\u00e0i nguy\u00ean c\u1ee7a ch\u00fang t\u00f4i b\u00ean d\u01b0\u1edbi v\u00e0 nh\u1eadn tr\u1ee3 gi\u00fap b\u1ea1n c\u1ea7n t\u1eeb <a href=\"https:\/\/maps.app.goo.gl\/MioD8coRsGDmsagVA\" target=\"_blank\" rel=\"noopener\">211 Maryland<\/a>.<\/p>\n\t\t<h4><a href=\"\/vi\/tai-nguyen\/lao-hoa-khuyet-tat\/\" target=\"_self\">L\u00e3o h\u00f3a &amp; Khuy\u1ebft t\u1eadt<\/a><\/h4>\n\t\t\t\t<a href=\"\/vi\/tai-nguyen\/lao-hoa-khuyet-tat\/\"  target=\"_self\" itemprop=\"url\">\n\t\t\t\t<img decoding=\"async\" src=\"https:\/\/211md.org\/wp-content\/uploads\/bb-plugin\/cache\/2025_MdInfoNet_Icon-Sets_Aging-disability-square-c466727102cae71e5f27b8539bb51945-.png\" alt=\"2025_MdInfoNet_B\u1ed9 bi\u1ec3u t\u01b0\u1ee3ng_T\u00e0n t\u1eadt do tu\u1ed5i gi\u00e0\" itemprop=\"image\" title=\"2025_MdInfoNet_B\u1ed9 bi\u1ec3u t\u01b0\u1ee3ng_T\u00e0n t\u1eadt do tu\u1ed5i gi\u00e0\" onerror=\"this.style.display='none'\" loading=\"lazy\" \/>\n\t\t\t\t<\/a>\n\t\t<h4><a href=\"https:\/\/211md.org\/vi\/tai-nguyen\/gia-dinh-tre-em\/\" target=\"_blank\" rel=\"noopener\">Tr\u1ebb em &amp; Gia \u0111\u00ecnh<\/a><\/h4>\n\t\t\t\t<a href=\"https:\/\/211md.org\/vi\/tai-nguyen\/gia-dinh-tre-em\/\" target=\"_blank\" rel=\"noopener\" itemprop=\"url\">\n\t\t\t\t<img decoding=\"async\" src=\"https:\/\/211md.org\/wp-content\/uploads\/bb-plugin\/cache\/2025_211_Icon-Sets_Child-care-square-a8953c7678f51ed443764342b64ee948-.png\" alt=\"2025_211_B\u1ed9 bi\u1ec3u t\u01b0\u1ee3ng_Ch\u0103m s\u00f3c tr\u1ebb em\" itemprop=\"image\" title=\"2025_211_B\u1ed9 bi\u1ec3u t\u01b0\u1ee3ng_Ch\u0103m s\u00f3c tr\u1ebb em\" onerror=\"this.style.display='none'\" loading=\"lazy\" \/>\n\t\t\t\t<\/a>\n\t\t<h4><a href=\"\/vi\/tai-nguyen\/gia-dinh-bao-luc\/\" target=\"_self\">B\u1ea1o l\u1ef1c gia \u0111\u00ecnh<\/a><\/h4>\n\t\t\t\t<a href=\"\/vi\/tai-nguyen\/gia-dinh-bao-luc\/\"  target=\"_self\" itemprop=\"url\">\n\t\t\t\t<img decoding=\"async\" src=\"https:\/\/211md.org\/wp-content\/uploads\/bb-plugin\/cache\/2025_211_Icon-Sets_Domestic-Violence-square-e6e48b12d9d44dadd394e0d40debfd96-.png\" alt=\"Bi\u1ec3u t\u01b0\u1ee3ng b\u1ea1o l\u1ef1c gia \u0111\u00ecnh\" itemprop=\"image\" title=\"2025_211_B\u1ed9 bi\u1ec3u t\u01b0\u1ee3ng_B\u1ea1o l\u1ef1c gia \u0111\u00ecnh\" onerror=\"this.style.display='none'\" loading=\"lazy\" \/>\n\t\t\t\t<\/a>\n\t\t<h4><a href=\"\/vi\/tai-nguyen\/tim-kiem-viec-lam\/\" target=\"_self\">Thu\u00ea ng\u01b0\u1eddi l\u00e0m<\/a><\/h4>\n\t\t\t\t<a href=\"\/vi\/tai-nguyen\/tim-kiem-viec-lam\/\"  target=\"_self\" itemprop=\"url\">\n\t\t\t\t<img decoding=\"async\" src=\"https:\/\/211md.org\/wp-content\/uploads\/bb-plugin\/cache\/2025_MdInfoNet_Icon-Sets_Employment-square-44707bd410e4df10a470bf130ebcea86-.png\" alt=\"2025_MdInfoNet_B\u1ed9 bi\u1ec3u t\u01b0\u1ee3ng_Vi\u1ec7c l\u00e0m\" itemprop=\"image\" title=\"2025_MdInfoNet_B\u1ed9 bi\u1ec3u t\u01b0\u1ee3ng_Vi\u1ec7c l\u00e0m\" onerror=\"this.style.display='none'\" loading=\"lazy\" \/>\n\t\t\t\t<\/a>\n\t\t<h4><a href=\"\/vi\/tai-nguyen\/cham-soc-suc-khoe\/\" target=\"_self\">Ch\u0103m s\u00f3c s\u1ee9c kh\u1ecfe<\/a><\/h4>\n\t\t\t\t<a href=\"\/vi\/tai-nguyen\/cham-soc-suc-khoe\/\"  target=\"_self\" itemprop=\"url\">\n\t\t\t\t<img decoding=\"async\" src=\"https:\/\/211md.org\/wp-content\/uploads\/bb-plugin\/cache\/2025_MdInfoNet_Icon-Sets_Health-Care-square-dee98a0060cbe0e7f27eda253fc12679-.png\" alt=\"2025_MdInfoNet_B\u1ed9 bi\u1ec3u t\u01b0\u1ee3ng_Ch\u0103m s\u00f3c s\u1ee9c kh\u1ecfe\" itemprop=\"image\" title=\"2025_MdInfoNet_B\u1ed9 bi\u1ec3u t\u01b0\u1ee3ng_Ch\u0103m s\u00f3c s\u1ee9c kh\u1ecfe\" onerror=\"this.style.display='none'\" loading=\"lazy\" \/>\n\t\t\t\t<\/a>\n\t\t<h4><a href=\"\/vi\/tai-nguyen\/gia-dinh-tre-em\/quan-he-ho-hang\/\" target=\"_self\">h\u1ecd h\u00e0ng<\/a><\/h4>\n\t\t\t\t<a href=\"\/vi\/tai-nguyen\/gia-dinh-tre-em\/quan-he-ho-hang\/\"  target=\"_self\" itemprop=\"url\">\n\t\t\t\t<img decoding=\"async\" src=\"https:\/\/211md.org\/wp-content\/uploads\/bb-plugin\/cache\/2025_211_Icon-Sets_Kinship-square-21d4c353354c53c083c80118abb066f2-.png\" alt=\"Bi\u1ec3u t\u01b0\u1ee3ng h\u1ecd h\u00e0ng\" itemprop=\"image\" title=\"2025_211_B\u1ed9 bi\u1ec3u t\u01b0\u1ee3ng_Quan h\u1ec7 h\u1ecd h\u00e0ng\" onerror=\"this.style.display='none'\" loading=\"lazy\" \/>\n\t\t\t\t<\/a>\n\t\t<h4><a href=\"\/vi\/tai-nguyen\/dich-vu-phap-ly\/\" target=\"_self\">D\u1ecbch v\u1ee5 ph\u00e1p l\u00fd<\/a><\/h4>\n\t\t\t\t<a href=\"\/vi\/tai-nguyen\/dich-vu-phap-ly\/\"  target=\"_self\" itemprop=\"url\">\n\t\t\t\t<img decoding=\"async\" src=\"https:\/\/211md.org\/wp-content\/uploads\/bb-plugin\/cache\/2025_MdInfoNet_Icon-Sets_Legal-square-18fdf438feb8435588174d9046463257-.png\" alt=\"2025_MdInfoNet_B\u1ed9 bi\u1ec3u t\u01b0\u1ee3ng_Ph\u00e1p l\u00fd\" itemprop=\"image\" title=\"2025_MdInfoNet_B\u1ed9 bi\u1ec3u t\u01b0\u1ee3ng_Ph\u00e1p l\u00fd\" onerror=\"this.style.display='none'\" loading=\"lazy\" \/>\n\t\t\t\t<\/a>\n\t\t<h4><a href=\"\/vi\/tai-nguyen\/suc-khoe-tinh-than\/\" target=\"_self\">S\u1ee9c kh\u1ecfe tinh th\u1ea7n<\/a><\/h4>\n\t\t\t\t<a href=\"\/vi\/tai-nguyen\/suc-khoe-tinh-than\/\"  target=\"_self\" itemprop=\"url\">\n\t\t\t\t<img decoding=\"async\" src=\"https:\/\/211md.org\/wp-content\/uploads\/bb-plugin\/cache\/2025_MdInfoNet_Icon-Sets_Mental-Health-square-c59b38c4a993a947d4c9280fbe2d2fee-.png\" alt=\"2025_MdInfoNet_B\u1ed9 bi\u1ec3u t\u01b0\u1ee3ng_S\u1ee9c kh\u1ecfe t\u00e2m th\u1ea7n\" itemprop=\"image\" title=\"2025_MdInfoNet_B\u1ed9 bi\u1ec3u t\u01b0\u1ee3ng_S\u1ee9c kh\u1ecfe t\u00e2m th\u1ea7n\" onerror=\"this.style.display='none'\" loading=\"lazy\" \/>\n\t\t\t\t<\/a>\n\t\t<h4><a href=\"\/vi\/tai-nguyen\/mdreentry\/\" target=\"_self\">V\u00e0o l\u1ea1i<\/a><\/h4>\n\t\t\t\t<a href=\"\/vi\/tai-nguyen\/mdreentry\/\"  target=\"_self\" itemprop=\"url\">\n\t\t\t\t<img decoding=\"async\" src=\"https:\/\/211md.org\/wp-content\/uploads\/bb-plugin\/cache\/2025_211_Icon-Sets_Reentry-square-f36b65d903a62fd4c3819ff05988ca60-.png\" alt=\"Bi\u1ec3u t\u01b0\u1ee3ng nh\u1eadp l\u1ea1i\" itemprop=\"image\" title=\"2025_211_B\u1ed9 bi\u1ec3u t\u01b0\u1ee3ng_Nh\u1eadp l\u1ea1i\" onerror=\"this.style.display='none'\" loading=\"lazy\" \/>\n\t\t\t\t<\/a>\n\t\t<h4><a href=\"\/vi\/tai-nguyen\/su-dung-chat-kich-thich\/\" target=\"_self\">S\u1eed d\u1ee5ng ch\u1ea5t k\u00edch th\u00edch<\/a><\/h4>\n\t\t\t\t<a href=\"\/vi\/tai-nguyen\/su-dung-chat-kich-thich\/\"  target=\"_self\" itemprop=\"url\">\n\t\t\t\t<img decoding=\"async\" src=\"https:\/\/211md.org\/wp-content\/uploads\/bb-plugin\/cache\/2025_MdInfoNet_Icon-Sets_Substance-Abuse-square-9022fec9d18a64118ad685c101885b55-.png\" alt=\"2025_MdInfoNet_B\u1ed9 bi\u1ec3u t\u01b0\u1ee3ng_L\u1ea1m d\u1ee5ng ch\u1ea5t g\u00e2y nghi\u1ec7n\" itemprop=\"image\" title=\"2025_MdInfoNet_B\u1ed9 bi\u1ec3u t\u01b0\u1ee3ng_L\u1ea1m d\u1ee5ng ch\u1ea5t g\u00e2y nghi\u1ec7n\" onerror=\"this.style.display='none'\" loading=\"lazy\" \/>\n\t\t\t\t<\/a>\n\t\t<h4><a href=\"\/vi\/tai-nguyen\/cuu-chien-binh\/\" target=\"_self\">c\u1ef1u chi\u1ebfn binh<\/a><\/h4>\n\t\t\t\t<a href=\"\/vi\/tai-nguyen\/cuu-chien-binh\/\"  target=\"_self\" itemprop=\"url\">\n\t\t\t\t<img decoding=\"async\" src=\"https:\/\/211md.org\/wp-content\/uploads\/bb-plugin\/cache\/2025_MdInfoNet_Icon-Sets_Rating-square-6e60d00cce4faa8e0a6d4ad7366aa733-.png\" alt=\"2025_MdInfoNet_B\u1ed9 bi\u1ec3u t\u01b0\u1ee3ng_X\u1ebfp h\u1ea1ng\" itemprop=\"image\" title=\"2025_MdInfoNet_B\u1ed9 bi\u1ec3u t\u01b0\u1ee3ng_X\u1ebfp h\u1ea1ng\" onerror=\"this.style.display='none'\" loading=\"lazy\" \/>\n\t\t\t\t<\/a>","protected":false},"excerpt":{"rendered":"<p>K\u1ebft n\u1ed1i Maryland H\u1ec7 th\u1ed1ng 211 c\u1ee7a Maryland l\u00e0 m\u1ed9t ngu\u1ed3n l\u1ef1c to\u00e0n ti\u1ec3u bang, k\u1ebft n\u1ed1i c\u01b0 d\u00e2n v\u1edbi c\u00e1c ngu\u1ed3n l\u1ef1c y t\u1ebf v\u00e0 nh\u00e2n s\u1ef1 th\u00f4ng qua \u0111i\u1ec7n tho\u1ea1i, Internet v\u00e0 tin nh\u1eafn v\u0103n b\u1ea3n. \u0110\u00e2y c\u0169ng l\u00e0 m\u1ed9t ngu\u1ed3n l\u1ef1c \u0111\u1ec3 c\u00e1c quan ch\u1ee9c ch\u00ednh ph\u1ee7 cung c\u1ea5p th\u00f4ng tin cho ng\u01b0\u1eddi d\u00e2n Maryland trong tr\u01b0\u1eddng h\u1ee3p x\u1ea3y ra thi\u00ean tai ho\u1eb7c s\u1ef1 c\u1ed1 do con ng\u01b0\u1eddi g\u00e2y ra, \u0111\u1ed3ng th\u1eddi l\u00e0 m\u1ed9t c\u00e1ch \u0111\u1ec3 ng\u01b0\u1eddi d\u00e2n Maryland k\u1ebft n\u1ed1i v\u1edbi\u2026<\/p>","protected":false},"author":8,"featured_media":1981,"parent":0,"menu_order":0,"comment_status":"closed","ping_status":"closed","template":"","meta":{"footnotes":""},"class_list":["post-930","page","type-page","status-publish","has-post-thumbnail","hentry"],"_links":{"self":[{"href":"https:\/\/211md.org\/vi\/wp-json\/wp\/v2\/pages\/930","targetHints":{"allow":["GET"]}}],"collection":[{"href":"https:\/\/211md.org\/vi\/wp-json\/wp\/v2\/pages"}],"about":[{"href":"https:\/\/211md.org\/vi\/wp-json\/wp\/v2\/types\/page"}],"author":[{"embeddable":true,"href":"https:\/\/211md.org\/vi\/wp-json\/wp\/v2\/users\/8"}],"replies":[{"embeddable":true,"href":"https:\/\/211md.org\/vi\/wp-json\/wp\/v2\/comments?post=930"}],"version-history":[{"count":3,"href":"https:\/\/211md.org\/vi\/wp-json\/wp\/v2\/pages\/930\/revisions"}],"predecessor-version":[{"id":33817,"href":"https:\/\/211md.org\/vi\/wp-json\/wp\/v2\/pages\/930\/revisions\/33817"}],"wp:featuredmedia":[{"embeddable":true,"href":"https:\/\/211md.org\/vi\/wp-json\/wp\/v2\/media\/1981"}],"wp:attachment":[{"href":"https:\/\/211md.org\/vi\/wp-json\/wp\/v2\/media?parent=930"}],"curies":[{"name":"wp","href":"https:\/\/api.w.org\/{rel}","templated":true}]}}