{"id":962,"date":"2021-04-16T13:37:14","date_gmt":"2021-04-16T13:37:14","guid":{"rendered":"https:\/\/211md.org\/?page_id=962"},"modified":"2025-10-14T22:03:06","modified_gmt":"2025-10-15T02:03:06","slug":"tin-nhan-2","status":"publish","type":"page","link":"https:\/\/211md.org\/vi\/about\/text-messages\/","title":{"rendered":"Tin nh\u1eafn"},"content":{"rendered":"<h2>Tin nh\u1eafn v\u0103n b\u1ea3n th\u00f4ng tin v\u00e0 truy\u1ec1n c\u1ea3m h\u1ee9ng<\/h2>\n<p>211 Maryland cung c\u1ea5p cho ng\u01b0\u1eddi d\u00e2n m\u1ed9t s\u1ed1 c\u00e1ch \u0111\u1ec3 k\u1ebft n\u1ed1i v\u1edbi ngu\u1ed3n nh\u00e2n l\u1ef1c v\u00e0 y t\u1ebf thi\u1ebft y\u1ebfu. Ngo\u00e0i vi\u1ec7c g\u1ecdi 211, ch\u00fang t\u00f4i c\u00f2n cung c\u1ea5p c\u00e1c chi\u1ebfn d\u1ecbch PUSH-ALERT b\u1eb1ng v\u0103n b\u1ea3n. B\u1ea1n g\u1eedi \u201ct\u1eeb kh\u00f3a\u201d \u0111\u1ebfn m\u1ed9t s\u1ed1 v\u00e0 b\u1ea1n s\u1ebd nh\u1eadn \u0111\u01b0\u1ee3c tin nh\u1eafn v\u0103n b\u1ea3n mang t\u00ednh th\u00f4ng tin v\u00e0 h\u1ed7 tr\u1ee3.<\/p>\n\t\t\t\t<img decoding=\"async\" src=\"https:\/\/211md.org\/wp-content\/uploads\/2021\/04\/Informational-and-Inspirational-Text-Messages-from-211-Maryland-.jpg\" alt=\"Ng\u01b0\u1eddi ph\u1ee5 n\u1eef m\u1ec9m c\u01b0\u1eddi m\u1ed9t \u0111i\u1ec3m v\u00e0 iPhone\" itemprop=\"image\" height=\"630\" width=\"1200\" title=\"Tin nh\u1eafn v\u0103n b\u1ea3n th\u00f4ng tin v\u00e0 truy\u1ec1n c\u1ea3m h\u1ee9ng t\u1eeb 211 Maryland\" onerror=\"this.style.display='none'\" loading='lazy' \/>\n\t<p>N\u1ebfu b\u1ea1n \u0111ang s\u1eed d\u1ee5ng \u0111i\u1ec7n tho\u1ea1i di \u0111\u1ed9ng, h\u00e3y nh\u1ea5p v\u00e0o n\u00fat t\u1eeb kh\u00f3a \u0111\u1ec3 m\u1edf tin nh\u1eafn v\u0103n b\u1ea3n. N\u1ebfu kh\u00f4ng, h\u00e3y nh\u1eafn tin t\u1eeb kh\u00f3a \u0111\u1ebfn s\u1ed1 \u0111i\u1ec7n tho\u1ea1i.<\/p>\n\t\t<p><em>211 Maryland cung c\u1ea5p c\u00e1c ch\u01b0\u01a1ng tr\u00ecnh c\u1ea3nh b\u00e1o tin nh\u1eafn v\u0103n b\u1ea3n cung c\u1ea5p th\u00f4ng tin v\u1ec1 ngu\u1ed3n l\u1ef1c c\u1ee5 th\u1ec3 theo khu v\u1ef1c ho\u1eb7c cung c\u1ea5p c\u1ea3nh b\u00e1o th\u1ea3m h\u1ecda. C\u00f3 th\u1ec3 \u00e1p d\u1ee5ng m\u1ee9c gi\u00e1 tin nh\u1eafn v\u00e0 d\u1eef li\u1ec7u. T\u1ea7n su\u1ea5t tin nh\u1eafn c\u00f3 th\u1ec3 thay \u0111\u1ed5i. Nh\u1eafn tin STOP \u0111\u1ebfn c\u00f9ng m\u1ed9t s\u1ed1 \u0111\u1ec3 h\u1ee7y \u0111\u0103ng k\u00fd. \u0110\u1ec3 \u0111\u01b0\u1ee3c tr\u1ee3 gi\u00fap, h\u00e3y nh\u1eafn tin HELP. C\u00e1c \u0111i\u1ec1u kho\u1ea3n SMS \u0111\u1ea7y \u0111\u1ee7 t\u1ea1i <a href=\"https:\/\/211md.org\/vi\/tin-nhan\/\">https:\/\/211md.org\/sms\/<\/a> V\u00e0 <a href=\"https:\/\/211md.org\/vi\/chinh-sach-bao-mat\/\">Ch\u00ednh s\u00e1ch b\u1ea3o m\u1eadt<\/a> c\u0169ng s\u1ebd \u0111\u01b0\u1ee3c \u00e1p d\u1ee5ng.\u00a0<\/em><\/p>\n\t\t<h3><a href=\"sms:\/\/898-211;?&#038;body=MDYoungMinds\" target=\"_blank\"  rel=\"noopener\">H\u1ed7 tr\u1ee3 S\u1ee9c kh\u1ecfe T\u00e2m th\u1ea7n Thanh thi\u1ebfu ni\u00ean<\/a><\/h3><p><strong>MDYoungMinds<\/strong>\u00a0h\u1ed7 tr\u1ee3 s\u1ee9c kh\u1ecfe t\u00e2m th\u1ea7n c\u1ee7a c\u00e1c c\u00e1 nh\u00e2n t\u1eeb 18 tu\u1ed5i tr\u1edf xu\u1ed1ng.<\/p>\n<p>T\u00ecm hi\u1ec3u v\u1ec1\u00a0<a href=\"https:\/\/211md.org\/vi\/tai-nguyen\/suc-khoe-tinh-than\/tram-cam\/\" target=\"_blank\" rel=\"noopener\">d\u1ea5u hi\u1ec7u tr\u1ea7m c\u1ea3m tu\u1ed5i teen<\/a>\u00a0v\u00e0 nh\u1eefng c\u00e1ch\u00a0<a href=\"https:\/\/211md.org\/vi\/about\/tin-nhan-2\/mdyoungminds\/\" target=\"_blank\" rel=\"noopener\">MDYoungMinds<\/a>\u00a0c\u00f3 th\u1ec3 h\u1ed7 tr\u1ee3 thanh thi\u1ebfu ni\u00ean v\u00e0 thanh ni\u00ean.<\/p>\n<p>\u0110\u1ed1i t\u00e1c: B\u1ed9 Y t\u1ebf Maryland, V\u0103n ph\u00f2ng Ph\u00f2ng ch\u1ed1ng T\u1ef1 t\u1eed<\/p>\n<p>Nh\u1eafn tin cho MDYoungMinds t\u1edbi 898-211.<\/p>\n\t\t\t<a href=\"sms:\/\/898-211;?&#038;body=MDYoungMinds\" target=\"_blank\" rel=\"noopener\">\n\t\t\t\t\t\t\tV\u0103n b\u1ea3n MDYoungMinds\n\t\t\t\t\t<\/a>\n\t\t<h3><a href=\"sms:\/\/898-211;?&#038;body=MDMINDHEALTH\" target=\"_blank\"  rel=\"noopener\">S\u1ee9c kh\u1ecfe tinh th\u1ea7n<\/a><\/h3><p><strong>MDMindS\u1ee9c kh\u1ecfe<\/strong>\u00a0\u0111\u01b0a ra c\u00e1c th\u00f4ng \u0111i\u1ec7p \u0111\u1ed9ng vi\u00ean, c\u1ea3nh b\u00e1o \u0111\u1ec3 duy tr\u00ec s\u1ee9c kh\u1ecfe t\u00e2m th\u1ea7n t\u1ed1t v\u00e0 c\u00e1c ngu\u1ed3n l\u1ef1c cho c\u00e1c d\u1ecbch v\u1ee5 v\u00e0 t\u01b0 v\u1ea5n v\u1ec1 kh\u1ee7ng ho\u1ea3ng \u1edf Maryland. C\u00e1c tin nh\u1eafn v\u0103n b\u1ea3n c\u0169ng c\u00f3 s\u1eb5n b\u1eb1ng ti\u1ebfng T\u00e2y Ban Nha t\u1ea1i\u00a0<strong>MDSaludTinh th\u1ea7n<\/strong>.<\/p>\n<p><a href=\"https:\/\/211md.org\/vi\/about\/tin-nhan-2\/md-mindhealth\/\">T\u00ecm hi\u1ec3u th\u00eam v\u1ec1 c\u00e1ch MDMindHealth<\/a>\u00a0c\u00f3 th\u1ec3 gi\u00fap b\u1ea1n ho\u1eb7c ai \u0111\u00f3 m\u00e0 b\u1ea1n bi\u1ebft.<\/p>\n<p>\u0110\u1ed1i t\u00e1c: B\u1ed9 Y t\u1ebf Maryland, C\u01a1 quan Qu\u1ea3n l\u00fd S\u1ee9c kh\u1ecfe H\u00e0nh vi<\/p>\n<p>Nh\u1eafn tin MDMindHealth t\u1edbi 898-211<\/p>\n<p>So\u1ea1n tin MDSaludMental g\u1eedi 898-211<\/p>\n\t\t\t<a href=\"sms:\/\/898-211;?&#038;body=MDMINDHEALTH\" target=\"_blank\" rel=\"noopener\">\n\t\t\t\t\t\t\tV\u0103n b\u1ea3n MDMindHealth\n\t\t\t\t\t<\/a>\n\t\t\t<a href=\"sms:\/\/898-211;?&#038;body=MDSALUDMENTAL\" target=\"_blank\" rel=\"noopener\">\n\t\t\t\t\t\t\tV\u0103n b\u1ea3n MDsaludmental\n\t\t\t\t\t<\/a>\n\t\t<h3><a href=\"sms:\/\/898-211;?&#038;body=MDKinCares\" target=\"_blank\"  rel=\"noopener\">h\u1ed7 tr\u1ee3 quan h\u1ec7 h\u1ecd h\u00e0ng<\/a><\/h3><p><strong>MDKinCares<\/strong>\u00a0cung c\u1ea5p s\u1ef1 khuy\u1ebfn kh\u00edch, h\u1ed7 tr\u1ee3 v\u00e0 ngu\u1ed3n l\u1ef1c cho nh\u1eefng ng\u01b0\u1eddi ch\u0103m s\u00f3c.<\/p>\n<p>\u0110\u1ed1i t\u00e1c: B\u1ed9 D\u1ecbch v\u1ee5 Nh\u00e2n sinh Maryland<\/p>\n<p>So\u1ea1n tin MDKinCares t\u1edbi 898-211.<\/p>\n\t\t\t<a href=\"sms:\/\/898-211;?&#038;body=MDKinCares\" target=\"_blank\" rel=\"noopener\">\n\t\t\t\t\t\t\tNh\u1eafn tin MDKinCares\n\t\t\t\t\t<\/a>\n\t\t<h3><a href=\"sms:\/\/898-211;?&#038;body=MDAging\" target=\"_blank\"  rel=\"noopener\">Ng\u01b0\u1eddi L\u1edbn Tu\u1ed5i V\u00e0 Ng\u01b0\u1eddi Khuy\u1ebft T\u1eadt<\/a><\/h3><p><strong>MDA l\u00e3o h\u00f3a<\/strong>\u00a0cung c\u1ea5p kh\u1ea3 n\u0103ng ti\u1ebfp c\u1eadn ngay l\u1eadp t\u1ee9c v\u00e0 theo y\u00eau c\u1ea7u \u0111\u1ed1i v\u1edbi c\u00e1c nh\u00e0 cung c\u1ea5p d\u1ecbch v\u1ee5 v\u00e0 ngu\u1ed3n l\u1ef1c cho ng\u01b0\u1eddi cao tu\u1ed5i v\u00e0 ng\u01b0\u1eddi ch\u0103m s\u00f3c ng\u01b0\u1eddi l\u1edbn b\u1ecb khuy\u1ebft t\u1eadt.<\/p>\n<p>\u0110\u1ed1i t\u00e1c: S\u1edf L\u00e3o h\u00f3a Maryland<\/p>\n<p>So\u1ea1n tin MDAg\u1eedi t\u1edbi 898-211<\/p>\n\t\t\t<a href=\"sms:\/\/898-211;?&#038;body=MDAging\" target=\"_blank\" rel=\"noopener\">\n\t\t\t\t\t\t\tMDA h\u00f3a v\u0103n b\u1ea3n\n\t\t\t\t\t<\/a>\n\t\t<h3><a href=\"sms:\/\/898-211;?&#038;body=MidShore\" target=\"_blank\"  rel=\"noopener\">S\u1ef1 ki\u1ec7n v\u00e0 ngu\u1ed3n l\u1ef1c c\u1ed9ng \u0111\u1ed3ng \u1edf Mid Shore<\/a><\/h3><p><strong>gi\u1eefa b\u1edd<\/strong> k\u1ebft n\u1ed1i c\u01b0 d\u00e2n \u1edf c\u00e1c qu\u1eadn Queen Anne&#039;s, Kent, Talbot, Dorchester v\u00e0 Caroline v\u1edbi c\u00e1c s\u1ef1 ki\u1ec7n \u0111\u1ecba ph\u01b0\u01a1ng v\u00e0 ngu\u1ed3n l\u1ef1c c\u1ed9ng \u0111\u1ed3ng. <a href=\"https:\/\/211md.org\/vi\/whats-the-211\/\">T\u00ecm hi\u1ec3u th\u00eam<\/a> v\u1ec1 c\u00e1ch Mid Shore k\u1ebft n\u1ed1i c\u01b0 d\u00e2n v\u1edbi 211.<\/p>\n<p>\u0110\u1ed1i t\u00e1c: Li\u00ean minh c\u1ea3i thi\u1ec7n s\u1ee9c kh\u1ecfe Mid Shore<\/p>\n<p>Nh\u1eafn tin MidShore t\u1edbi 898-211<\/p>\n\t\t\t<a href=\"sms:\/\/898-211;?&#038;body=MidShore\" target=\"_blank\" rel=\"noopener\">\n\t\t\t\t\t\t\tv\u0103n b\u1ea3n gi\u1eefa b\u1edd\n\t\t\t\t\t<\/a>\n\t\t<h3><a href=\"sms:\/\/898-211;?&#038;body=MDSTopHate\" target=\"_blank\"  rel=\"noopener\">B\u00e1o C\u00e1o S\u1ef1 C\u1ed1 Gh\u00e9t V\u00e0 T\u1ed9i \u00c1c<\/a><\/h3><p><strong>MDStopGh\u00e9t<\/strong>\u00a0l\u00e0 ngu\u1ed3n t\u00e0i nguy\u00ean m\u1ed9t c\u1eeda \u0111\u1ec3 b\u00e1o c\u00e1o c\u00e1c t\u1ed9i \u00e1c v\u00e0 s\u1ef1 c\u1ed1 do th\u00f9 h\u1eadn v\u00e0 cung c\u1ea5p t\u00e0i nguy\u00ean cho n\u1ea1n nh\u00e2n.\u00a0<a href=\"https:\/\/211md.org\/vi\/dung-lai\/\" target=\"_blank\" rel=\"noopener\">Ng\u1eebng gh\u00e9t b\u1eb1ng c\u00e1ch b\u00e1o c\u00e1o n\u00f3!<\/a><\/p>\n<p>\u0110\u1ed1i t\u00e1c: V\u0103n ph\u00f2ng Th\u1ed1ng \u0111\u1ed1c v\u1ec1 c\u00e1c v\u1ea5n \u0111\u1ec1 nh\u1eadp c\u01b0 | V\u0103n ph\u00f2ng S\u00e1ng ki\u1ebfn C\u1ed9ng \u0111\u1ed3ng c\u1ee7a Th\u1ed1ng \u0111\u1ed1c<\/p>\n<p>So\u1ea1n tin MDStopHate g\u1eedi 898-211<\/p>\n\t\t\t<a href=\"sms:\/\/898-211;?&#038;body=MDSTopHate\" target=\"_blank\" rel=\"noopener\">\n\t\t\t\t\t\t\tV\u0103n b\u1ea3n MDStopHate\n\t\t\t\t\t<\/a>\n\t\t<h3><a href=\"sms:\/\/898-211;?&#038;body=Reentry\" target=\"_blank\"  rel=\"noopener\">V\u00e0o l\u1ea1i<\/a><\/h3><p><strong>V\u00e0o l\u1ea1i<\/strong> k\u1ebft n\u1ed1i c\u00e1c c\u00e1 nh\u00e2n b\u1ecb giam gi\u1eef v\u00e0 tr\u01b0\u1edbc \u0111\u00e2y b\u1ecb giam gi\u1eef v\u00e0 gia \u0111\u00ecnh c\u1ee7a h\u1ecd v\u1edbi c\u00e1c ngu\u1ed3n l\u1ef1c, s\u1ef1 ki\u1ec7n v\u00e0 th\u00f4ng tin. <a href=\"https:\/\/211md.org\/vi\/tai-nguyen\/mdreentry\/\">T\u00ecm hi\u1ec3u th\u00eam<\/a> v\u1ec1 c\u00e1ch th\u1ee9c h\u1ee3p t\u00e1c n\u00e0y \u0111ang k\u1ebft n\u1ed1i c\u00e1c gia \u0111\u00ecnh v\u1edbi c\u00e1c ngu\u1ed3n l\u1ef1c t\u00e1i s\u1eed d\u1ee5ng.<\/p>\n<p>\u0110\u1ed1i t\u00e1c: B\u1ed9 An to\u00e0n C\u00f4ng c\u1ed9ng v\u00e0 D\u1ecbch v\u1ee5 C\u1ea3i hu\u1ea5n Maryland (DPSCS)<\/p>\n<p>Nh\u1eafn tin G\u1eedi l\u1ea1i t\u1edbi 898-211<\/p>\n\t\t\t<a href=\"sms:\/\/898-211;?&#038;body=Reentry\" target=\"_blank\" rel=\"noopener\">\n\t\t\t\t\t\t\tNh\u1eadp l\u1ea1i v\u0103n b\u1ea3n\n\t\t\t\t\t<\/a>\n\t\t<h3><a href=\"sms:\/\/898-211;?&#038;body=MDCom2Vets\" target=\"_blank\"  rel=\"noopener\">c\u1ef1u chi\u1ebfn binh<\/a><\/h3><p><strong>MDCom2Vets<\/strong>\u00a0t\u0103ng k\u1ebft n\u1ed1i v\u1edbi c\u00e1c C\u1ef1u chi\u1ebfn binh v\u00e0 cung c\u1ea5p th\u00f4ng tin c\u1eadp nh\u1eadt li\u00ean t\u1ee5c cho c\u00e1c s\u1ef1 ki\u1ec7n, t\u00e0i nguy\u00ean v\u00e0 nh\u00e0 cung c\u1ea5p c\u00f3 s\u1eb5n trong c\u1ed9ng \u0111\u1ed3ng.<\/p>\n<p>\u0110\u1ed1i t\u00e1c: B\u1ed9 Y t\u1ebf Maryland, C\u01a1 quan Qu\u1ea3n l\u00fd S\u1ee9c kh\u1ecfe H\u00e0nh vi<\/p>\n<p>So\u1ea1n tin MDCom2Vets g\u1eedi 898-211<\/p>\n\t\t\t<a href=\"sms:\/\/898-211;?&#038;body=MDCom2Vets\" target=\"_blank\" rel=\"noopener\">\n\t\t\t\t\t\t\tNh\u1eafn tin MDCom2Vets\n\t\t\t\t\t<\/a>\n\t\t<h3><a href=\"sms:\/\/898-211;?&#038;body=MDWellness\" target=\"_blank\"  rel=\"noopener\">s\u1ee9c kh\u1ecfe<\/a><\/h3><p><strong>MDWellness<\/strong>\u00a0t\u1eadp trung v\u00e0o s\u01a1 c\u1ee9u s\u1ee9c kh\u1ecfe t\u00e2m th\u1ea7n cho ngh\u1ec1 gi\u00fap vi\u1ec7c. Ng\u01b0\u1eddi \u0111\u0103ng k\u00fd nh\u1eadn \u0111\u01b0\u1ee3c c\u00e1c chi\u1ebfn l\u01b0\u1ee3c v\u00e0 ngu\u1ed3n l\u1ef1c \u0111\u1ec3 truy c\u1eadp c\u00e1c d\u1ecbch v\u1ee5 qu\u1ea3n l\u00fd c\u0103ng th\u1eb3ng th\u00f4ng qua ch\u00e1nh ni\u1ec7m, dinh d\u01b0\u1ee1ng v\u00e0 li\u00ean k\u1ebft x\u00e3 h\u1ed9i.<\/p>\n<p>\u0110\u1ed1i t\u00e1c: \u0110\u1ea1i h\u1ecdc Maryland<\/p>\n<p>So\u1ea1n tin MDWellness t\u1edbi 898-211<\/p>\n\t\t\t<a href=\"sms:\/\/898-211;?&#038;body=MDWellness\" target=\"_blank\" rel=\"noopener\">\n\t\t\t\t\t\t\tV\u0103n b\u1ea3n MDS\u1ee9c kh\u1ecfe\n\t\t\t\t\t<\/a>\n<h2>K\u1ebft n\u1ed1i v\u1edbi kh\u00e1n gi\u1ea3 c\u1ee7a b\u1ea1n theo y\u00eau c\u1ea7u<\/h2>\n<p>S\u1eed d\u1ee5ng n\u1ec1n t\u1ea3ng nh\u1eafn tin 211 Maryland \u0111\u1ec3 g\u1eedi tin nh\u1eafn t\u00f9y ch\u1ec9nh t\u1edbi (nh\u1eefng) \u0111\u1ed1i t\u01b0\u1ee3ng c\u1ee7a b\u1ea1n. H\u1ecfi v\u1ec1 gi\u00e1 c\u01b0\u1edbc v\u00e0 ch\u1ee9c n\u0103ng, \u0111\u1ed3ng th\u1eddi tham gia c\u00f9ng c\u00e1c t\u1ed5 ch\u1ee9c kh\u00e1c \u0111\u00e3 s\u1eed d\u1ee5ng 211 MD \u0111\u1ec3 g\u1eedi tin nh\u1eafn v\u0103n b\u1ea3n. <a href=\"https:\/\/211md.org\/vi\/lien-he-chung-toi\/\">Li\u00ean h\u1ec7 v\u1edbi ch\u00fang t\u00f4i h\u00f4m nay.<\/a><\/p>","protected":false},"excerpt":{"rendered":"<p>Tin nh\u1eafn V\u0103n b\u1ea3n Th\u00f4ng tin v\u00e0 Truy\u1ec1n c\u1ea3m h\u1ee9ng 211 Maryland cung c\u1ea5p cho ng\u01b0\u1eddi d\u00e2n m\u1ed9t s\u1ed1 c\u00e1ch \u0111\u1ec3 k\u1ebft n\u1ed1i v\u1edbi ngu\u1ed3n nh\u00e2n l\u1ef1c v\u00e0 s\u1ee9c kh\u1ecfe thi\u1ebft y\u1ebfu. Ngo\u00e0i vi\u1ec7c g\u1ecdi 211, ch\u00fang t\u00f4i c\u00f2n cung c\u1ea5p c\u00e1c chi\u1ebfn d\u1ecbch PUSH-ALERT b\u1eb1ng v\u0103n b\u1ea3n. B\u1ea1n g\u1eedi \u201ct\u1eeb kh\u00f3a\u201d \u0111\u1ebfn m\u1ed9t s\u1ed1 v\u00e0 b\u1ea1n s\u1ebd nh\u1eadn \u0111\u01b0\u1ee3c tin nh\u1eafn v\u0103n b\u1ea3n mang t\u00ednh th\u00f4ng tin v\u00e0 h\u1ed7 tr\u1ee3. N\u1ebfu b\u1ea1n \u0111ang s\u1eed d\u1ee5ng \u0111i\u1ec7n tho\u1ea1i di \u0111\u1ed9ng, h\u00e3y nh\u1ea5p v\u00e0o t\u1eeb kh\u00f3a\u2026<\/p>","protected":false},"author":8,"featured_media":1925,"parent":521,"menu_order":0,"comment_status":"closed","ping_status":"closed","template":"","meta":{"footnotes":""},"class_list":["post-962","page","type-page","status-publish","has-post-thumbnail","hentry"],"_links":{"self":[{"href":"https:\/\/211md.org\/vi\/wp-json\/wp\/v2\/pages\/962","targetHints":{"allow":["GET"]}}],"collection":[{"href":"https:\/\/211md.org\/vi\/wp-json\/wp\/v2\/pages"}],"about":[{"href":"https:\/\/211md.org\/vi\/wp-json\/wp\/v2\/types\/page"}],"author":[{"embeddable":true,"href":"https:\/\/211md.org\/vi\/wp-json\/wp\/v2\/users\/8"}],"replies":[{"embeddable":true,"href":"https:\/\/211md.org\/vi\/wp-json\/wp\/v2\/comments?post=962"}],"version-history":[{"count":4,"href":"https:\/\/211md.org\/vi\/wp-json\/wp\/v2\/pages\/962\/revisions"}],"predecessor-version":[{"id":4830,"href":"https:\/\/211md.org\/vi\/wp-json\/wp\/v2\/pages\/962\/revisions\/4830"}],"up":[{"embeddable":true,"href":"https:\/\/211md.org\/vi\/wp-json\/wp\/v2\/pages\/521"}],"wp:featuredmedia":[{"embeddable":true,"href":"https:\/\/211md.org\/vi\/wp-json\/wp\/v2\/media\/1925"}],"wp:attachment":[{"href":"https:\/\/211md.org\/vi\/wp-json\/wp\/v2\/media?parent=962"}],"curies":[{"name":"wp","href":"https:\/\/api.w.org\/{rel}","templated":true}]}}