{"id":973,"date":"2021-04-16T15:37:10","date_gmt":"2021-04-16T15:37:10","guid":{"rendered":"https:\/\/211md.org\/?page_id=973"},"modified":"2025-09-07T16:24:29","modified_gmt":"2025-09-07T20:24:29","slug":"ngan-chan-truc-xuat","status":"publish","type":"page","link":"https:\/\/211md.org\/vi\/resources\/housing-shelter\/eviction-prevention\/","title":{"rendered":"C\u1ea7n tr\u1ee3 gi\u00fap v\u1ec1 ti\u1ec1n thu\u00ea nh\u00e0? L\u00e0m th\u1ebf n\u00e0o \u0111\u1ec3 ng\u0103n ch\u1eb7n vi\u1ec7c b\u1ecb \u0111u\u1ed5i kh\u1ecfi nh\u00e0"},"content":{"rendered":"<p>B\u1ea1n \u0111ang g\u1eb7p kh\u00f3 kh\u0103n trong vi\u1ec7c tr\u1ea3 ti\u1ec1n thu\u00ea nh\u00e0? 211 c\u00f3 th\u1ec3 gi\u00fap \u0111\u1ee1.<\/p>\n<h2>Nh\u1eadn tr\u1ee3 gi\u00fap Thanh to\u00e1n ti\u1ec1n thu\u00ea nh\u00e0<\/h2>\n<p>C\u00e1c chuy\u00ean gia c\u1ee7a 211 c\u00f3 th\u1ec3 gi\u00fap x\u00e1c \u0111\u1ecbnh c\u00e1c c\u01a1 quan \u0111\u1ecba ph\u01b0\u01a1ng cung c\u1ea5p h\u1ed7 tr\u1ee3 t\u00e0i ch\u00ednh \u0111\u1ec3 b\u00f9 \u0111\u1eafp chi ph\u00ed thu\u00ea nh\u00e0. H\u1ecd c\u00f3 th\u1ec3 cung c\u1ea5p th\u00f4ng tin c\u1ee5 th\u1ec3 v\u1ec1 c\u00e1c ch\u01b0\u01a1ng tr\u00ecnh, bao g\u1ed3m c\u1ea3 vi\u1ec7c li\u1ec7u c\u00f3 c\u1ea7n th\u00f4ng b\u00e1o tr\u1ee5c xu\u1ea5t theo l\u1ec7nh c\u1ee7a t\u00f2a \u00e1n hay kh\u00f4ng \u0111\u1ec3 \u0111\u1ee7 \u0111i\u1ec1u ki\u1ec7n nh\u1eadn tr\u1ee3 gi\u00fap.<\/p>\n<p>\u0110\u1ec3 \u0111\u01b0\u1ee3c tr\u1ee3 gi\u00fap tr\u1ea3 ti\u1ec1n thu\u00ea nh\u00e0:<\/p>\n<ul>\n<li>Quay s\u1ed1 211<\/li>\n<li>T\u00ecm ki\u1ebfm t\u00e0i nguy\u00ean c\u1ee5c b\u1ed9 trong c\u01a1 s\u1edf d\u1eef li\u1ec7u 211. D\u01b0\u1edbi \u0111\u00e2y l\u00e0 hai t\u00ecm ki\u1ebfm \u0111\u1ec3 gi\u00fap b\u1ea1n b\u1eaft \u0111\u1ea7u \u2013 <a href=\"https:\/\/search.211md.org\/search?query=BH-3800.7000&amp;query_type=taxonomy&amp;query_label=&amp;query_language=en\" target=\"_blank\" rel=\"noopener\">h\u1ed7 tr\u1ee3 tr\u1ea3 ti\u1ec1n thu\u00ea nh\u00e0<\/a>\u00a0V\u00e0 <a href=\"https:\/\/search.211md.org\/search?query=BH-3800.8000&amp;query_type=taxonomy&amp;query_label=&amp;query_language=en\" target=\"_blank\" rel=\"noopener\">tr\u1ee3 gi\u00fap v\u1ec1 ti\u1ec1n \u0111\u1eb7t c\u1ecdc.<\/a><\/li>\n<\/ul>\n<h3>Quy\u1ec1n c\u1ee7a b\u1ea1n v\u1edbi t\u01b0 c\u00e1ch l\u00e0 ng\u01b0\u1eddi thu\u00ea nh\u00e0<\/h3>\n<p>Ngo\u00e0i vi\u1ec7c t\u00ecm ki\u1ebfm h\u1ed7 tr\u1ee3 t\u00e0i ch\u00ednh \u0111\u1ec3 \u0111\u01b0\u1ee3c tr\u1ee3 gi\u00fap v\u1ec1 ti\u1ec1n thu\u00ea nh\u00e0, h\u00e3y n\u00f3i chuy\u1ec7n v\u1edbi ch\u1ee7 nh\u00e0 v\u1ec1 t\u00ecnh hu\u1ed1ng c\u1ee7a b\u1ea1n v\u00e0 xem li\u1ec7u c\u00f3 th\u1ec3 th\u1ef1c hi\u1ec7n \u0111\u01b0\u1ee3c k\u1ebf ho\u1ea1ch thanh to\u00e1n hay kh\u00f4ng.<\/p>\n<p>Bi\u1ebft c\u1ee7a b\u1ea1n\u00a0<a href=\"\/vi\/tai-nguyen\/dich-vu-phap-ly\/quyen-cua-nguoi-thue-nha\/\" rel=\"noopener\">quy\u1ec1n v\u00e0 ngh\u0129a v\u1ee5 ph\u00e1p l\u00fd theo h\u1ee3p \u0111\u1ed3ng thu\u00ea<\/a>.<\/p>\n<h3>Ng\u0103n ng\u1eeba tr\u1ee5c xu\u1ea5t do COVID-19<\/h3>\n<p>B\u1ea1n c\u0169ng c\u00f3 th\u1ec3 \u0111\u1ee7 \u0111i\u1ec1u ki\u1ec7n cho\u00a0<a href=\"\/vi\/tai-nguyen\/nha-o\/covid-cho-thue-tro-giup\/\" rel=\"noopener\">h\u1ed7 tr\u1ee3 thu\u00ea nh\u00e0 kh\u1ea9n c\u1ea5p n\u1ebfu \u0111\u1ea1i d\u1ecbch \u1ea3nh h\u01b0\u1edfng \u0111\u1ebfn t\u00e0i ch\u00ednh c\u1ee7a b\u1ea1n<\/a>.<\/p>\n<p>B\u1ed9 Gia c\u01b0 v\u00e0 Ph\u00e1t tri\u1ec3n C\u1ed9ng \u0111\u1ed3ng Maryland \u0111ang gi\u00e1m s\u00e1t Quan h\u1ec7 \u0110\u1ed1i t\u00e1c Ph\u00f2ng ch\u1ed1ng Tr\u1ee5c xu\u1ea5t. B\u1ea1n c\u00f3 th\u1ec3 \u0111\u0103ng k\u00fd th\u00f4ng qua qu\u1eadn \u0111\u1ecba ph\u01b0\u01a1ng c\u1ee7a m\u00ecnh \u0111\u1ec3 \u0111\u01b0\u1ee3c h\u1ed7 tr\u1ee3 ti\u1ec1n thu\u00ea do COVID-19.<\/p>\n<p>M\u1ed7i qu\u1eadn c\u00f3 th\u00f4ng tin \u0111\u0103ng k\u00fd ch\u01b0\u01a1ng tr\u00ecnh ri\u00eang. Kinh ph\u00ed c\u00f3 h\u1ea1n v\u00e0 nhi\u1ec1u ch\u01b0\u01a1ng tr\u00ecnh \u0111\u00e3 k\u1ebft th\u00fac.<\/p>\n<p>&nbsp;<\/p>\n\t\t\t\t<img decoding=\"async\" src=\"https:\/\/211md.org\/wp-content\/uploads\/2021\/06\/Moving.png\" alt=\"C\u1eb7p \u0111\u00f4i c\u0103ng th\u1eb3ng v\u1ec1 vi\u1ec7c chuy\u1ec3n nh\u00e0\" itemprop=\"image\" height=\"348\" width=\"460\" title=\"Di chuy\u1ec3n\" onerror=\"this.style.display='none'\" loading='lazy' \/>\n\t\t\t\t<img decoding=\"async\" src=\"https:\/\/211md.org\/wp-content\/uploads\/2021\/05\/Apartment-Complex.png\" alt=\"M\u1ed9t khu chung c\u01b0\" itemprop=\"image\" height=\"348\" width=\"460\" title=\"T\u1ed5 h\u1ee3p chung c\u01b0\" onerror=\"this.style.display='none'\" loading='lazy' \/>\n\t<h2>T\u00ecm nh\u00e0 \u1edf<\/h2>\n<p>N\u1ebfu b\u1ea1n s\u1eafp b\u1ecb \u0111u\u1ed5i kh\u1ecfi nh\u00e0 v\u00e0 c\u1ea7n nh\u00e0 \u1edf gi\u00e1 ph\u1ea3i ch\u0103ng, h\u00e3y t\u00ecm m\u1ed9t c\u0103n h\u1ed9 ho\u1eb7c nh\u00e0 cho thu\u00ea tr\u00ean\u00a0<a href=\"https:\/\/marylandhousingsearch.org\/\" target=\"_blank\" rel=\"noopener\">T\u00ecm ki\u1ebfm nh\u00e0 \u1edf Maryland<\/a>.<\/p>\n<p>C\u00e1c\u00a0<a href=\"https:\/\/search.211md.org\/search?query=BH-7000.4600&amp;query_type=taxonomy&amp;query_label=&amp;query_language=en\" target=\"_blank\" rel=\"noopener\">ngu\u1ed3n l\u1ef1c to\u00e0n ti\u1ec3u bang c\u0169ng c\u00f3 danh s\u00e1ch nh\u00e0 cho thu\u00ea thu nh\u1eadp th\u1ea5p v\u00e0 \u0111\u01b0\u1ee3c tr\u1ee3 c\u1ea5p<\/a>.<\/p>\n<h2>Th\u00f4ng tin li\u00ean quan<\/h2>\n<p><a href=\"https:\/\/211md.org\/vi\/tai-nguyen\/nha-o\/\">Th\u00f4ng tin chung v\u1ec1 nh\u00e0 \u1edf<\/a><\/p>\n<p><a title=\"Th\u1ebf ch\u1ea5p\/T\u1ecbch thu t\u00e0i s\u1ea3n th\u1ebf ch\u1ea5p \" href=\"https:\/\/211md.org\/vi\/tai-nguyen\/nha-o\/tich-thu-tai-san-the-chap\/\">Th\u1ebf ch\u1ea5p\/T\u1ecbch thu t\u00e0i s\u1ea3n th\u1ebf ch\u1ea5p<\/a><\/p>\n<p><a href=\"https:\/\/211md.org\/vi\/tai-nguyen\/nha-o\/senior-housing\/\" target=\"_blank\" rel=\"noopener\">Nh\u00e0 cao c\u1ea5p<\/a><\/p>\n<h2>\n\t\t\tT\u00ecm t\u00e0i nguy\u00ean\t<\/h2>\n\t\t\t\t<a href=\"\/vi\/tai-nguyen\/lao-hoa-khuyet-tat\/\"  target=\"_self\" itemprop=\"url\">\n\t\t\t\t<img decoding=\"async\" src=\"https:\/\/211md.org\/wp-content\/uploads\/bb-plugin\/cache\/Mask-Group-41@2x-circle-73eaadba4cad8269faa4720e25cf1c85-.png\" alt=\"\u0110\u00f4i ch\u00e2n c\u1ee7a m\u1ed9t ng\u01b0\u1eddi ph\u1ee5 n\u1eef l\u1edbn tu\u1ed5i v\u00e0 m\u1ed9t c\u00f4 g\u00e1i tr\u1ebb c\u00f9ng nhau b\u01b0\u1edbc \u0111i\" itemprop=\"image\" height=\"500\" width=\"500\" title=\"D\u1ecbch v\u1ee5 ng\u01b0\u1eddi khuy\u1ebft t\u1eadt\" onerror=\"this.style.display='none'\" loading='lazy' \/>\n\t\t\t\t<\/a>\n\t\t<h3><a href=\"\/vi\/tai-nguyen\/lao-hoa-khuyet-tat\/\" target=\"_self\">L\u00e3o h\u00f3a &amp; Khuy\u1ebft t\u1eadt<\/a><\/h3>\t\n\t\t\t\t<a href=\"\/vi\/tai-nguyen\/gia-dinh-tre-em\/\"  target=\"_self\" itemprop=\"url\">\n\t\t\t\t<img decoding=\"async\" src=\"https:\/\/211md.org\/wp-content\/uploads\/bb-plugin\/cache\/Mask-Group-38@2x-circle-ac40d46265fbec62083cd27f6dcf23b0-.png\" alt=\"m\u1ed9t ch\u00e0ng trai v\u00e0 c\u00f4 g\u00e1i tr\u1ebb m\u1ec9m c\u01b0\u1eddi v\u00e0 nh\u00ecn v\u00e0o m\u00e1y \u1ea3nh\" itemprop=\"image\" height=\"500\" width=\"500\" title=\"Nh\u00f3m m\u1eb7t n\u1ea1 38@2x\" onerror=\"this.style.display='none'\" loading='lazy' \/>\n\t\t\t\t<\/a>\n\t\t<h3><a href=\"\/vi\/tai-nguyen\/gia-dinh-tre-em\/\" target=\"_self\">Tr\u1ebb em &amp; Gia \u0111\u00ecnh<\/a><\/h3>\t\n\t\t\t\t<a href=\"\/vi\/tai-nguyen\/gia-dinh-bao-luc\/\"  target=\"_self\" itemprop=\"url\">\n\t\t\t\t<img decoding=\"async\" src=\"https:\/\/211md.org\/wp-content\/uploads\/bb-plugin\/cache\/Mask-Group-39@2x-circle-b2589197a13c791d910f46dd10b27a87-.png\" alt=\"Hai \u0111\u00f4i n\u1eafm tay nhau\" itemprop=\"image\" height=\"500\" width=\"500\" title=\"Nh\u00f3m m\u1eb7t n\u1ea1 39@2x\" onerror=\"this.style.display='none'\" loading='lazy' \/>\n\t\t\t\t<\/a>\n\t\t<h3><a href=\"\/vi\/tai-nguyen\/gia-dinh-bao-luc\/\" target=\"_self\">B\u1ea1o h\u00e0nh Gia \u0111\u00ecnh\/Gia \u0111\u00ecnh<\/a><\/h3>\t\n\t\t\t\t<a href=\"\/vi\/tai-nguyen\/tim-kiem-viec-lam\/\"  target=\"_self\" itemprop=\"url\">\n\t\t\t\t<img decoding=\"async\" src=\"https:\/\/211md.org\/wp-content\/uploads\/bb-plugin\/cache\/Employment-circle-bf72562329e950df948954f5d3f44b2e-.png\" alt=\"Th\u1ee3 s\u1eeda xe\" itemprop=\"image\" height=\"500\" width=\"500\" title=\"Thu\u00ea ng\u01b0\u1eddi l\u00e0m\" onerror=\"this.style.display='none'\" loading='lazy' \/>\n\t\t\t\t<\/a>\n\t\t<h3><a href=\"\/vi\/tai-nguyen\/tim-kiem-viec-lam\/\" target=\"_self\">Thu\u00ea ng\u01b0\u1eddi l\u00e0m<\/a><\/h3>\t\n\t\t\t\t<a href=\"\/vi\/tai-nguyen\/cham-soc-suc-khoe\/\"  target=\"_self\" itemprop=\"url\">\n\t\t\t\t<img decoding=\"async\" src=\"https:\/\/211md.org\/wp-content\/uploads\/bb-plugin\/cache\/Mask-Group-35@2x-circle-94be10c13e4adae1683b4589dc2f5b2f-.png\" alt=\"B\u00e1c s\u0129 kh\u00e1m ch\u00e2n cho b\u00e9 trai\" itemprop=\"image\" height=\"500\" width=\"500\" title=\"Nh\u00f3m m\u1eb7t n\u1ea1 35@2x\" onerror=\"this.style.display='none'\" loading='lazy' \/>\n\t\t\t\t<\/a>\n\t\t<h3><a href=\"\/vi\/tai-nguyen\/cham-soc-suc-khoe\/\" target=\"_self\">Ch\u0103m s\u00f3c s\u1ee9c kh\u1ecfe<\/a><\/h3>\t\n\t\t\t\t<a href=\"\/vi\/tai-nguyen\/do-an\/\"  target=\"_self\" itemprop=\"url\">\n\t\t\t\t<img decoding=\"async\" src=\"https:\/\/211md.org\/wp-content\/uploads\/bb-plugin\/cache\/Mask-Group-32@2x-circle-1c6d647dcaf998fa079d26735cedc92b-.png\" alt=\"Rau s\u1ea1ch\" itemprop=\"image\" height=\"500\" width=\"500\" title=\"Nh\u00f3m m\u1eb7t n\u1ea1 32@2x\" onerror=\"this.style.display='none'\" loading='lazy' \/>\n\t\t\t\t<\/a>\n\t\t<h3><a href=\"\/vi\/tai-nguyen\/do-an\/\" target=\"_self\">\u0110\u1ed3 \u0103n<\/a><\/h3>\t\n\t\t\t\t<a href=\"\/vi\/tai-nguyen\/nha-o\/\"  target=\"_self\" itemprop=\"url\">\n\t\t\t\t<img decoding=\"async\" src=\"https:\/\/211md.org\/wp-content\/uploads\/bb-plugin\/cache\/Mask-Group-34@2x-circle-b99c55fc16ef21f35e2f2a1f7cc37b9a-.png\" alt=\"Ban c\u00f4ng chung c\u01b0\" itemprop=\"image\" height=\"500\" width=\"500\" title=\"Chung c\u01b0-Khu ph\u1ee9c h\u1ee3p\" onerror=\"this.style.display='none'\" loading='lazy' \/>\n\t\t\t\t<\/a>\n\t\t<h3><a href=\"\/vi\/tai-nguyen\/nha-o\/\" target=\"_self\">Nh\u00e0 \u1ede &amp; N\u01a1i Tr\u00fa \u1ea8n<\/a><\/h3>\t\n\t\t\t\t<a href=\"\/vi\/tai-nguyen\/moi-doi-voi-chung-toi-va-maryland\/\"  target=\"_self\" itemprop=\"url\">\n\t\t\t\t<img decoding=\"async\" src=\"https:\/\/211md.org\/wp-content\/uploads\/bb-plugin\/cache\/American-flag-circle-0016cc327e27ef7aeb080f1da6c6e98b-.jpg\" alt=\"m\u1edbi \u0111\u1ebfn Hoa K\u1ef3\" itemprop=\"image\" height=\"364\" width=\"1366\" title=\"C\u1edd M\u1ef9\" onerror=\"this.style.display='none'\" loading='lazy' \/>\n\t\t\t\t<\/a>\n\t\t<h3><a href=\"\/vi\/tai-nguyen\/moi-doi-voi-chung-toi-va-maryland\/\" target=\"_self\">nh\u1eadp c\u01b0<\/a><\/h3>\t\n\t\t\t\t<a href=\"\/vi\/tai-nguyen\/gia-dinh-tre-em\/quan-he-ho-hang\/\"  target=\"_self\" itemprop=\"url\">\n\t\t\t\t<img decoding=\"async\" src=\"https:\/\/211md.org\/wp-content\/uploads\/bb-plugin\/cache\/kinship-family-navigating-a-computer-circle-045fee9d587aefb20221bfea41a2cf9b-.png\" alt=\"gia \u0111\u00ecnh h\u1ecd h\u00e0ng \u0111ang \u0111i\u1ec1u h\u01b0\u1edbng m\u00e1y t\u00ednh\" itemprop=\"image\" title=\"gia \u0111\u00ecnh h\u1ecd h\u00e0ng \u0111ang \u0111i\u1ec1u h\u01b0\u1edbng m\u00e1y t\u00ednh\" onerror=\"this.style.display='none'\" loading='lazy' \/>\n\t\t\t\t<\/a>\n\t\t<h3><a href=\"\/vi\/tai-nguyen\/gia-dinh-tre-em\/quan-he-ho-hang\/\" target=\"_self\">h\u1ecd h\u00e0ng<\/a><\/h3>\t\n\t\t\t\t<a href=\"\/vi\/tai-nguyen\/dich-vu-phap-ly\/\"  target=\"_self\" itemprop=\"url\">\n\t\t\t\t<img decoding=\"async\" src=\"https:\/\/211md.org\/wp-content\/uploads\/bb-plugin\/cache\/Housing-Legal-circle-9a8f3c1c72c54b6e1ce612d2993c1ad4-.png\" alt=\"B\u00faa ph\u00e1p l\u00fd v\u1edbi m\u00f4 h\u00ecnh ng\u00f4i nh\u00e0 b\u1eb1ng nh\u1ef1a b\u00ean c\u1ea1nh\" itemprop=\"image\" height=\"348\" width=\"460\" title=\"Ph\u00e1p l\u00fd nh\u00e0 \u1edf\" onerror=\"this.style.display='none'\" loading='lazy' \/>\n\t\t\t\t<\/a>\n\t\t<h3><a href=\"\/vi\/tai-nguyen\/dich-vu-phap-ly\/\" target=\"_self\">D\u1ecbch v\u1ee5 ph\u00e1p l\u00fd<\/a><\/h3>\t\n\t\t\t\t<a href=\"\/vi\/tai-nguyen\/suc-khoe-tinh-than\/\"  target=\"_self\" itemprop=\"url\">\n\t\t\t\t<img decoding=\"async\" src=\"https:\/\/211md.org\/wp-content\/uploads\/bb-plugin\/cache\/Mask-Group-40@2x-circle-7bd9426367852fb3d841bc4bdc57a550-.png\" alt=\"H\u1ed3 s\u01a1 c\u1ee7a m\u1ed9t ng\u01b0\u1eddi \u0111\u00e0n \u00f4ng v\u00e0 ph\u1ee5 n\u1eef\" itemprop=\"image\" height=\"500\" width=\"500\" title=\"Nh\u00f3m m\u1eb7t n\u1ea1 40@2x\" onerror=\"this.style.display='none'\" loading='lazy' \/>\n\t\t\t\t<\/a>\n\t\t<h3><a href=\"\/vi\/tai-nguyen\/suc-khoe-tinh-than\/\" target=\"_self\">S\u1ee9c kh\u1ecfe tinh th\u1ea7n<\/a><\/h3>\t\n\t\t\t\t<a href=\"\/vi\/tai-nguyen\/mdreentry\/\"  target=\"_self\" itemprop=\"url\">\n\t\t\t\t<img decoding=\"async\" src=\"https:\/\/211md.org\/wp-content\/uploads\/bb-plugin\/cache\/Diverse-group-of-community-members-circle-4457c114cd48613bc79a0fb50060319c-.jpg\" alt=\"Nh\u00f3m th\u00e0nh vi\u00ean c\u1ed9ng \u0111\u1ed3ng \u0111a d\u1ea1ng\" itemprop=\"image\" height=\"800\" width=\"1200\" title=\"Nh\u00f3m th\u00e0nh vi\u00ean c\u1ed9ng \u0111\u1ed3ng \u0111a d\u1ea1ng\" onerror=\"this.style.display='none'\" loading='lazy' \/>\n\t\t\t\t<\/a>\n\t\t<h3><a href=\"\/vi\/tai-nguyen\/mdreentry\/\" target=\"_self\">V\u00e0o l\u1ea1i<\/a><\/h3>\t\n\t\t\t\t<a href=\"\/vi\/dung-lai\/\"  target=\"_self\" itemprop=\"url\">\n\t\t\t\t<img decoding=\"async\" src=\"https:\/\/211md.org\/wp-content\/uploads\/bb-plugin\/cache\/Background-section-MDStophate-circle-08e2bae1cf9f2ad6cc83e01e23da8cb9-.jpg\" alt=\"Ph\u1ea7n n\u1ec1n-MDStophate\" itemprop=\"image\" height=\"768\" width=\"1366\" title=\"Ph\u1ea7n n\u1ec1n-MDStophate\" onerror=\"this.style.display='none'\" loading='lazy' \/>\n\t\t\t\t<\/a>\n\t\t<h3><a href=\"\/vi\/dung-lai\/\" target=\"_self\">Ng\u1eebng gh\u00e9t<\/a><\/h3>\t\n\t\t\t\t<a href=\"\/vi\/tai-nguyen\/su-dung-chat-kich-thich\/\"  target=\"_self\" itemprop=\"url\">\n\t\t\t\t<img decoding=\"async\" src=\"https:\/\/211md.org\/wp-content\/uploads\/bb-plugin\/cache\/Substance-Use-circle-ad2d564932dc31267e0c32a6fb2d915c-.png\" alt=\"Tay \u0111\u1eadp thu\u1ed1c\" itemprop=\"image\" height=\"500\" width=\"500\" title=\"S\u1eed d\u1ee5ng ch\u1ea5t g\u00e2y nghi\u1ec7n\" onerror=\"this.style.display='none'\" loading='lazy' \/>\n\t\t\t\t<\/a>\n\t\t<h3><a href=\"\/vi\/tai-nguyen\/su-dung-chat-kich-thich\/\" target=\"_self\">S\u1eed d\u1ee5ng ch\u1ea5t k\u00edch th\u00edch<\/a><\/h3>\t\n\t\t\t\t<a href=\"\/vi\/tai-nguyen\/dich-vu-thue\/\"  target=\"_self\" itemprop=\"url\">\n\t\t\t\t<img decoding=\"async\" src=\"https:\/\/211md.org\/wp-content\/uploads\/bb-plugin\/cache\/Mask-Group-34-circle-166a606e37e61188c9a17d5e634cda3c-.png\" alt=\"Ng\u01b0\u1eddi \u0111i\u1ec1n v\u00e0o gi\u1ea5y t\u1edd thu\u1ebf thu nh\u1eadp\" itemprop=\"image\" height=\"500\" width=\"500\" title=\"M\u1eb7t N\u1ea1 Nh\u00f3m 34\" onerror=\"this.style.display='none'\" loading='lazy' \/>\n\t\t\t\t<\/a>\n\t\t<h3><a href=\"\/vi\/tai-nguyen\/dich-vu-thue\/\" target=\"_self\">D\u1ecbch v\u1ee5 thu\u1ebf<\/a><\/h3>\t\n\t\t\t\t<a href=\"\/vi\/tai-nguyen\/ho-tro-tien-ich\/\"  target=\"_self\" itemprop=\"url\">\n\t\t\t\t<img decoding=\"async\" src=\"https:\/\/211md.org\/wp-content\/uploads\/bb-plugin\/cache\/Mask-Group-37@2x-circle-9661a11b9c4082079c9a1f06bc539567-.png\" alt=\"M\u1ed9t b\u00f3ng \u0111\u00e8n th\u1eafp s\u00e1ng\" itemprop=\"image\" height=\"500\" width=\"500\" title=\"Nh\u00f3m m\u1eb7t n\u1ea1 37@2x\" onerror=\"this.style.display='none'\" loading='lazy' \/>\n\t\t\t\t<\/a>\n\t\t<h3><a href=\"\/vi\/tai-nguyen\/ho-tro-tien-ich\/\" target=\"_self\">H\u1ed7 tr\u1ee3 ti\u1ec7n \u00edch<\/a><\/h3>\t\n\t\t\t\t<a href=\"\/vi\/tai-nguyen\/cuu-chien-binh\/\"  target=\"_self\" itemprop=\"url\">\n\t\t\t\t<img decoding=\"async\" src=\"https:\/\/211md.org\/wp-content\/uploads\/bb-plugin\/cache\/Veterans-circle-7c6972a59826c74f1f658f61df785fc3-.png\" alt=\"M\u1ed9t ng\u01b0\u1eddi l\u00ednh b\u1eaft tay ai \u0111\u00f3 v\u00e0 m\u1ec9m c\u01b0\u1eddi\" itemprop=\"image\" title=\"c\u1ef1u chi\u1ebfn binh\" onerror=\"this.style.display='none'\" loading='lazy' \/>\n\t\t\t\t<\/a>\n\t\t<h3><a href=\"\/vi\/tai-nguyen\/cuu-chien-binh\/\" target=\"_self\">c\u1ef1u chi\u1ebfn binh<\/a><\/h3>","protected":false},"excerpt":{"rendered":"<p>B\u1ea1n c\u00f3 g\u1eb7p kh\u00f3 kh\u0103n khi tr\u1ea3 ti\u1ec1n thu\u00ea nh\u00e0 kh\u00f4ng? 211 c\u00f3 th\u1ec3 gi\u00fap b\u1ea1n. Nh\u1eadn tr\u1ee3 gi\u00fap tr\u1ea3 ti\u1ec1n thu\u00ea nh\u00e0 C\u00e1c chuy\u00ean gia c\u1ee7a 211 c\u00f3 th\u1ec3 gi\u00fap x\u00e1c \u0111\u1ecbnh c\u00e1c c\u01a1 quan \u0111\u1ecba ph\u01b0\u01a1ng cung c\u1ea5p h\u1ed7 tr\u1ee3 t\u00e0i ch\u00ednh \u0111\u1ec3 b\u00f9 \u0111\u1eafp chi ph\u00ed thu\u00ea nh\u00e0. H\u1ecd c\u00f3 th\u1ec3 cung c\u1ea5p th\u00f4ng tin c\u1ee5 th\u1ec3 v\u1ec1 c\u00e1c ch\u01b0\u01a1ng tr\u00ecnh, bao g\u1ed3m c\u1ea3 vi\u1ec7c c\u00f3 c\u1ea7n th\u00f4ng b\u00e1o tr\u1ee5c xu\u1ea5t theo l\u1ec7nh c\u1ee7a t\u00f2a \u00e1n hay kh\u00f4ng, \u0111\u1ec3 \u0111\u1ee7 \u0111i\u1ec1u ki\u1ec7n \u0111\u01b0\u1ee3c tr\u1ee3 gi\u00fap. \u0110\u1ec3 nh\u1eadn tr\u1ee3 gi\u00fap tr\u1ea3 ti\u1ec1n thu\u00ea nh\u00e0: Quay s\u1ed1 211\u2026<\/p>","protected":false},"author":8,"featured_media":2432,"parent":926,"menu_order":0,"comment_status":"closed","ping_status":"closed","template":"","meta":{"footnotes":""},"class_list":["post-973","page","type-page","status-publish","has-post-thumbnail","hentry"],"_links":{"self":[{"href":"https:\/\/211md.org\/vi\/wp-json\/wp\/v2\/pages\/973","targetHints":{"allow":["GET"]}}],"collection":[{"href":"https:\/\/211md.org\/vi\/wp-json\/wp\/v2\/pages"}],"about":[{"href":"https:\/\/211md.org\/vi\/wp-json\/wp\/v2\/types\/page"}],"author":[{"embeddable":true,"href":"https:\/\/211md.org\/vi\/wp-json\/wp\/v2\/users\/8"}],"replies":[{"embeddable":true,"href":"https:\/\/211md.org\/vi\/wp-json\/wp\/v2\/comments?post=973"}],"version-history":[{"count":4,"href":"https:\/\/211md.org\/vi\/wp-json\/wp\/v2\/pages\/973\/revisions"}],"predecessor-version":[{"id":4666,"href":"https:\/\/211md.org\/vi\/wp-json\/wp\/v2\/pages\/973\/revisions\/4666"}],"up":[{"embeddable":true,"href":"https:\/\/211md.org\/vi\/wp-json\/wp\/v2\/pages\/926"}],"wp:featuredmedia":[{"embeddable":true,"href":"https:\/\/211md.org\/vi\/wp-json\/wp\/v2\/media\/2432"}],"wp:attachment":[{"href":"https:\/\/211md.org\/vi\/wp-json\/wp\/v2\/media?parent=973"}],"curies":[{"name":"wp","href":"https:\/\/api.w.org\/{rel}","templated":true}]}}