{"id":983,"date":"2021-04-16T16:58:29","date_gmt":"2021-04-16T16:58:29","guid":{"rendered":"https:\/\/211md.org\/?page_id=983"},"modified":"2025-09-07T17:09:00","modified_gmt":"2025-09-07T21:09:00","slug":"tich-thu-tai-san-the-chap","status":"publish","type":"page","link":"https:\/\/211md.org\/vi\/resources\/housing-shelter\/mortgage-foreclosure\/","title":{"rendered":"Th\u1ebf ch\u1ea5p nh\u00e0 b\u1ecb t\u1ecbch thu"},"content":{"rendered":"<img decoding=\"async\" src=\"https:\/\/stg-maryland211-staging.kinsta.cloud\/wp-content\/uploads\/2025\/08\/5-1-scaled.png\" alt=\"5\" itemprop=\"image\" height=\"692\" width=\"2560\" title=\"5\" onerror=\"this.style.display='none'\" loading=\"lazy\" \/>\n\t\t<h1><a href=\"#start\" target=\"_self\">Ti\u00eau \u0111\u1ec1 trang m\u1eb7c \u0111\u1ecbnh<\/a><\/h1><p>Lu\u00f4n c\u00f3 tr\u1ee3 gi\u00fap n\u1ebfu b\u1ea1n \u0111ang g\u1eb7p kh\u00f3 kh\u0103n trong vi\u1ec7c thanh to\u00e1n kho\u1ea3n th\u1ebf ch\u1ea5p c\u1ee7a m\u00ecnh. B\u1ea1n h\u00e0nh \u0111\u1ed9ng c\u00e0ng s\u1edbm th\u00ec c\u00e0ng t\u1ed1t.<\/p>\n<p>T\u00ecm hi\u1ec3u v\u1ec1 quy tr\u00ecnh v\u00e0 c\u00e1ch chuy\u00ean gia t\u01b0 v\u1ea5n nh\u00e0 \u1edf c\u00f3 th\u1ec3 gi\u00fap \u0111\u1ee1.<\/p>\n\t\t\t<a href=\"#start\" target=\"_self\">\n\t\t\t\t\t\tB\u1eaft \u0111\u1ea7u\n\t\t\t\t\t<\/a>\n\t\t\t\t<img decoding=\"async\" src=\"https:\/\/211md.org\/wp-content\/plugins\/bb-plugin\/img\/pixel.png\" alt=\"\" itemprop=\"image\" onerror=\"this.style.display='none'\" loading=\"lazy\" \/>\n\t\t<h2>S\u1eed d\u1ee5ng c\u1ed1 v\u1ea5n nh\u00e0 \u1edf<\/h2>\n<p>C\u00f3 nhi\u1ec1u c\u00e1ch \u0111\u1ec3 gi\u1eef l\u1ea1i ng\u00f4i nh\u00e0 c\u1ee7a b\u1ea1n n\u1ebfu b\u1ea1n kh\u00f4ng th\u1ec3 tr\u1ea3 ti\u1ec1n h\u00e0ng th\u00e1ng ho\u1eb7c b\u1ecb t\u1ecbch thu nh\u00e0.<\/p>\n<p>S\u00e1ng ki\u1ebfn B\u1ea3o to\u00e0n v\u1ed1n ch\u1ee7 s\u1edf h\u1eefu nh\u00e0 \u1edf Maryland (HOPE) c\u00f3 th\u1ec3 gi\u00fap c\u1ee9u nh\u00e0 \u1edf.<\/p>\n<p>C\u01a1 quan n\u00e0y l\u00e0m vi\u1ec7c v\u1edbi c\u00e1c c\u1ed1 v\u1ea5n nh\u00e0 \u1edf t\u1ea1i c\u00e1c t\u1ed5 ch\u1ee9c phi l\u1ee3i nhu\u1eadn tr\u00ean to\u00e0n ti\u1ec3u bang.<\/p>\n<p>C\u00e1c c\u1ed1 v\u1ea5n gi\u00fap ch\u1ee7 nh\u00e0 hi\u1ec3u v\u1ec1 quy tr\u00ecnh t\u1ecbch thu t\u00e0i s\u1ea3n th\u1ebf ch\u1ea5p v\u00e0 c\u00e1c ch\u01b0\u01a1ng tr\u00ecnh c\u00f3 th\u1ec3 h\u1ed7 tr\u1ee3 h\u1ecd.<\/p>\n<p>H\u1ed7 tr\u1ee3 mi\u1ec5n ph\u00ed t\u1ea1i Maryland. H\u00e3y c\u1ea9n th\u1eadn v\u1edbi nh\u1eefng c\u00f4ng ty h\u1ee9a h\u1eb9n h\u1ed7 tr\u1ee3 v\u1edbi m\u1ee9c ph\u00ed nh\u1ea5t \u0111\u1ecbnh.<\/p>\n<p>G\u1ecdi <a href=\"https:\/\/dhcd.maryland.gov\/Residents\/Pages\/HOPE\/Homeowners.aspx\" target=\"_blank\" rel=\"noopener\">MONG<\/a> t\u1ea1i 1-877-462-7555.<\/p>\n<h3>L\u1eeba \u0111\u1ea3o c\u1ee9u h\u1ed9 t\u1ecbch thu nh\u00e0<\/h3>\n<p>Kh\u00f4ng m\u1ea5t ph\u00ed \u0111\u1ec3 \u0111\u01b0\u1ee3c tr\u1ee3 gi\u00fap v\u1ec1 vi\u1ec7c t\u1ecbch thu t\u00e0i s\u1ea3n th\u1ebf ch\u1ea5p \u1edf Maryland.<\/p>\n<p>M\u1ed9t s\u1ed1 k\u1ebb l\u1eeba \u0111\u1ea3o d\u1ee5 d\u1ed7 ch\u1ee7 nh\u00e0 k\u00fd v\u00e0o gi\u1ea5y t\u1edd s\u1edf h\u1eefu v\u00e0 l\u1ea5y nh\u00e0, trong khi nh\u1eefng k\u1ebb kh\u00e1c l\u1ea1i thu ph\u00ed r\u1ea5t cao m\u00e0 kh\u00f4ng cung c\u1ea5p b\u1ea5t k\u1ef3 d\u1ecbch v\u1ee5 n\u00e0o.<\/p>\n<p>Kh\u00f4ng k\u00fd b\u1ea5t k\u1ef3 t\u00e0i li\u1ec7u n\u00e0o m\u00e0 kh\u00f4ng c\u00f3 l\u1eddi khuy\u00ean ph\u00e1p l\u00fd kh\u00e1ch quan, tham kh\u1ea3o \u00fd ki\u1ebfn c\u1ee7a c\u00f4ng ty cho vay th\u1ebf ch\u1ea5p ho\u1eb7c n\u00f3i chuy\u1ec7n v\u1edbi c\u1ed1 v\u1ea5n c\u1ee7a HOPE.<\/p>\n\t\t\t\t<img decoding=\"async\" src=\"http:\/\/211md.org\/wp-content\/uploads\/2025\/09\/homeowner-talking-ot-a-housing-counselor.jpg\" alt=\"ch\u1ee7 nh\u00e0 \u0111ang n\u00f3i chuy\u1ec7n v\u1edbi m\u1ed9t c\u1ed1 v\u1ea5n nh\u00e0 \u1edf\" itemprop=\"image\" title=\"ch\u1ee7 nh\u00e0 \u0111ang n\u00f3i chuy\u1ec7n v\u1edbi m\u1ed9t c\u1ed1 v\u1ea5n nh\u00e0 \u1edf\" onerror=\"this.style.display='none'\" loading=\"lazy\" \/>\n\t<h3>T\u00ecm ki\u1ebfm nh\u00e0 \u1edf ph\u1ed5 bi\u1ebfn trong c\u01a1 s\u1edf d\u1eef li\u1ec7u c\u1ee7a ch\u00fang t\u00f4i<\/h3><p>T\u00ecm ki\u1ebfm trong C\u01a1 s\u1edf d\u1eef li\u1ec7u T\u00e0i nguy\u00ean C\u1ed9ng \u0111\u1ed3ng nh\u1eefng t\u00ecm ki\u1ebfm nh\u00e0 \u1edf ph\u1ed5 bi\u1ebfn n\u00e0y. K\u1ebft n\u1ed1i v\u1edbi nh\u1eefng g\u00ec b\u1ea1n c\u1ea7n.<\/p>\n\t\t\t<a href=\"https:\/\/search.211md.org\/search?query=DM-1800.5000&#038;query_label=Mortgage+Delinquency+and+Default+Counseling&#038;query_type=taxonomy\" target=\"_blank\" rel=\"noopener\">\n\t\t\t\t\t\tN\u1ee3 qu\u00e1 h\u1ea1n v\u00e0 t\u01b0 v\u1ea5n th\u1ebf ch\u1ea5p\n\t\t\t\t\t<\/a>\n\t\t\t<a href=\"https:\/\/search.211md.org\/search?query=BH-3800.5000&#038;query_label=Mortgage+Payment+Assistance&#038;query_type=taxonomy\" target=\"_self\">\n\t\t\t\t\t\th\u1ed7 tr\u1ee3 thanh to\u00e1n th\u1ebf ch\u1ea5p\n\t\t\t\t\t<\/a>\n\t\t\t<a href=\"https:\/\/search.211md.org\/search?query=DM-1800.8500&#038;query_label=Tax+Foreclosure+Assistance&#038;query_type=taxonomy\" target=\"_blank\" rel=\"noopener\">\n\t\t\t\t\t\tH\u1ed7 tr\u1ee3 t\u1ecbch thu t\u00e0i s\u1ea3n th\u1ebf ch\u1ea5p\n\t\t\t\t\t<\/a>\n\t\t\t<a href=\"https:\/\/search.211md.org\/search?query=BH-3700&#038;query_label=Housing+Counseling&#038;query_type=taxonomy\" target=\"_blank\" rel=\"noopener\">\n\t\t\t\t\t\tT\u01b0 v\u1ea5n nh\u00e0 \u1edf\n\t\t\t\t\t<\/a>\n\t\t\t<a href=\"https:\/\/search.211md.org\/search?query=BH-1800.8500-150%2CBH-3000.3500%2CPH-3300.2750%2CBH-7000.4600%2CBH-8400.6000-060%2CBH-8600&#038;query_label=I+need+help+with+housing.&#038;query_type=taxonomy\" target=\"_blank\" rel=\"noopener\">\n\t\t\t\t\t\tTr\u1ee3 gi\u00fap nh\u00e0 \u1edf chung\n\t\t\t\t\t<\/a>\n\t<h2>Quy tr\u00ecnh t\u1ecbch thu nh\u00e0<\/h2>\n<p>Sau khi thi\u1ebfu m\u1ed9t kho\u1ea3n thanh to\u00e1n, kho\u1ea3n th\u1ebf ch\u1ea5p s\u1ebd b\u1ecb coi l\u00e0 v\u1ee1 n\u1ee3.<\/p>\n<p>Ng\u01b0\u1eddi cho vay c\u00f3 th\u1ec3 g\u1eedi \u201cth\u00f4ng b\u00e1o thi\u1ebfu h\u1ee5t\u201d.<\/p>\n<p>Sau nhi\u1ec1u l\u1ea7n thanh to\u00e1n tr\u1ec5, m\u1ed9t &quot;th\u00f4ng b\u00e1o v\u1ee1 n\u1ee3&quot; c\u00f3 th\u1ec3 \u0111\u01b0\u1ee3c g\u1eedi \u0111\u1ebfn. Th\u00f4ng b\u00e1o n\u00e0y gi\u1ea3i th\u00edch s\u1ed1 ti\u1ec1n n\u1ee3 v\u00e0 c\u1ea3nh b\u00e1o r\u1eb1ng vi\u1ec7c t\u1ecbch thu t\u00e0i s\u1ea3n c\u00f3 th\u1ec3 x\u1ea3y ra.<\/p>\n<p>Th\u1ee7 t\u1ee5c t\u1ecbch thu t\u00e0i s\u1ea3n c\u00f3 th\u1ec3 b\u1eaft \u0111\u1ea7u h\u1ee3p ph\u00e1p khi kho\u1ea3n th\u1ebf ch\u1ea5p kh\u00f4ng \u0111\u01b0\u1ee3c thanh to\u00e1n trong v\u00f2ng 90 ng\u00e0y.<\/p>\n<p>B\u01b0\u1edbc ti\u1ebfp theo l\u00e0 \u201cTh\u00f4ng b\u00e1o v\u1ec1 h\u00e0nh \u0111\u1ed9ng t\u1ecbch thu t\u00e0i s\u1ea3n\u201d. Lu\u1eadt Maryland y\u00eau c\u1ea7u th\u00f4ng b\u00e1o ph\u1ea3i \u0111\u01b0\u1ee3c g\u1eedi qua \u0111\u01b0\u1eddng b\u01b0u \u0111i\u1ec7n c\u00f3 ch\u1ee9ng nh\u1eadn v\u00e0 \u0111\u01b0\u1eddng b\u01b0u \u0111i\u1ec7n h\u1ea1ng nh\u1ea5t \u00edt nh\u1ea5t 45 ng\u00e0y tr\u01b0\u1edbc khi n\u1ed9p \u0111\u01a1n xin t\u1ecbch thu t\u00e0i s\u1ea3n.<\/p>\n<p>\u0110\u1eebng ch\u1edd \u0111\u1ee3i \u0111i\u1ec1u n\u00e0y x\u1ea3y ra. B\u1ea1n c\u00e0ng s\u1edbm nh\u1eadn \u0111\u01b0\u1ee3c s\u1ef1 h\u1ed7 tr\u1ee3 v\u1ec1 v\u1ea5n \u0111\u1ec1 th\u1ebf ch\u1ea5p th\u00ec kh\u1ea3 n\u0103ng gi\u1eef \u0111\u01b0\u1ee3c nh\u00e0 c\u00e0ng cao.<\/p>\n<p>Xem d\u00f2ng th\u1eddi gian c\u1ee7a\u00a0<a href=\"https:\/\/dhcd.maryland.gov\/Residents\/Documents\/HOPE\/TheNetworkForclosureTimeline_May2012v4.pdf\" target=\"_blank\" rel=\"noopener\">Quy tr\u00ecnh t\u1ecbch thu nh\u00e0 \u1edf Maryland<\/a>.<\/p>\n\t\t\t\t<img decoding=\"async\" src=\"https:\/\/211md.org\/wp-content\/uploads\/2021\/05\/Housing-Legal.png\" alt=\"B\u00faa ph\u00e1p l\u00fd v\u1edbi m\u00f4 h\u00ecnh ng\u00f4i nh\u00e0 b\u1eb1ng nh\u1ef1a b\u00ean c\u1ea1nh\" itemprop=\"image\" height=\"348\" width=\"460\" title=\"Ph\u00e1p l\u00fd nh\u00e0 \u1edf\" onerror=\"this.style.display='none'\" loading=\"lazy\" \/>\n\t<h2>T\u00f9y ch\u1ecdn thanh to\u00e1n th\u1ebf ch\u1ea5p<\/h2>\n<p>N\u00f3i chung, nh\u1eefng ng\u01b0\u1eddi cho vay nh\u00e0 \u1edf kh\u00f4ng mu\u1ed1n t\u1ecbch thu t\u00e0i s\u1ea3n th\u1ebf ch\u1ea5p. Hi\u1ebfm khi c\u00f3 ng\u01b0\u1eddi chi\u1ebfn th\u1eafng trong v\u1ee5 t\u1ecbch thu nh\u00e0 v\u00ec c\u00e1c chi ph\u00ed li\u00ean quan. C\u1ed1 g\u1eafng v\u1ea1ch ra m\u1ed9t k\u1ebf ho\u1ea1ch thanh to\u00e1n v\u1edbi ng\u01b0\u1eddi cho vay c\u1ee7a b\u1ea1n cho \u0111\u1ebfn khi b\u1ea1n kh\u00e1 h\u01a1n v\u1ec1 m\u1eb7t t\u00e0i ch\u00ednh.<\/p>\n<p>\u0110i\u1ec1u quan tr\u1ecdng l\u00e0 y\u00eau c\u1ea7u gi\u00fap \u0111\u1ee1 s\u1edbm v\u00e0 ki\u00ean tr\u00ec c\u0169ng nh\u01b0 nh\u1eadn \u0111\u01b0\u1ee3c l\u1eddi khuy\u00ean t\u1eeb c\u1ed1 v\u1ea5n nh\u00e0 \u1edf \u0111\u01b0\u1ee3c ti\u1ec3u bang ph\u00ea duy\u1ec7t. H\u1ecd c\u00f3 th\u1ec3 gi\u00fap b\u1ea1n hi\u1ec3u c\u00e1c t\u00e0i li\u1ec7u th\u1ebf ch\u1ea5p, gi\u1ea3i th\u00edch c\u00e1c l\u1ef1a ch\u1ecdn b\u1ea1n c\u00f3 v\u00e0 gi\u00fap b\u1ea1n th\u01b0\u01a1ng l\u01b0\u1ee3ng \u201cK\u1ebf ho\u1ea1ch t\u1eadp luy\u1ec7n\u201d v\u1edbi ng\u01b0\u1eddi cho vay.<\/p>\n<p>\u0110\u1ebfn cu\u1ed9c h\u1eb9n \u0111\u00e3 chu\u1ea9n b\u1ecb s\u1eb5n gi\u1ea5y t\u1edd thanh to\u00e1n, t\u1edd khai thu\u1ebf v\u00e0 b\u1ea5t k\u1ef3 th\u00f4ng b\u00e1o ho\u1eb7c h\u00f3a \u0111\u01a1n n\u00e0o t\u1eeb ng\u01b0\u1eddi cho vay c\u1ee7a b\u1ea1n, c\u00f9ng v\u1edbi ng\u00e2n s\u00e1ch h\u1ed9 gia \u0111\u00ecnh c\u1ee7a b\u1ea1n v\u00e0 danh s\u00e1ch c\u00e1c ch\u1ee7 n\u1ee3.<\/p>\n<p>K\u1ebf ho\u1ea1ch t\u1eadp luy\u1ec7n kh\u1ea3 thi c\u00f3 th\u1ec3 bao g\u1ed3m:<\/p>\n<ul>\n<li aria-level=\"1\">K\u1ebf ho\u1ea1ch tr\u1ea3 n\u1ee3 \u2013 B\u1eaft k\u1ecbp b\u1eb1ng c\u00e1ch th\u00eam m\u1ed9t ph\u1ea7n s\u1ed1 ti\u1ec1n qu\u00e1 h\u1ea1n v\u00e0o kho\u1ea3n thanh to\u00e1n h\u00e0ng th\u00e1ng c\u1ee7a b\u1ea1n.<\/li>\n<li aria-level=\"1\">K\u1ebf ho\u1ea1ch Nh\u1eabn nh\u1ee5c \u2013 C\u00e1c kho\u1ea3n thanh to\u00e1n h\u00e0ng th\u00e1ng c\u1ee7a b\u1ea1n t\u1ea1m th\u1eddi b\u1ecb gi\u1ea3m ho\u1eb7c t\u1ea1m d\u1eebng. Th\u01b0\u1eddng c\u00f3 s\u1ed1 ti\u1ec1n cao h\u01a1n khi thanh to\u00e1n \u0111\u01b0\u1ee3c kh\u00f4i ph\u1ee5c.<\/li>\n<li aria-level=\"1\">K\u1ebf ho\u1ea1ch s\u1eeda \u0111\u1ed5i kho\u1ea3n vay \u2013 Ng\u01b0\u1eddi cho vay \u0111\u1ed3ng \u00fd thay \u0111\u1ed5i c\u00e1c \u0111i\u1ec1u kho\u1ea3n c\u1ee7a b\u1ea1n theo m\u1ed9t c\u00e1ch n\u00e0o \u0111\u00f3. H\u1ecd c\u00f3 th\u1ec3 gi\u1ea3m l\u00e3i su\u1ea5t c\u1ee7a b\u1ea1n, k\u00e9o d\u00e0i th\u1eddi gian thanh to\u00e1n kho\u1ea3n vay ho\u1eb7c th\u01b0\u01a1ng l\u01b0\u1ee3ng h\u00ecnh ph\u1ea1t tr\u1ea3 tr\u01b0\u1edbc.<\/li>\n<li aria-level=\"1\">Y\u00eau c\u1ea7u m\u1ed9t ph\u1ea7n \u2013 Ng\u01b0\u1eddi cho vay c\u00f3 th\u1ec3 cung c\u1ea5p m\u1ed9t kho\u1ea3n vay l\u00e3i su\u1ea5t th\u1ea5p ho\u1eb7c kh\u00f4ng l\u00e3i su\u1ea5t th\u00f4ng qua c\u00f4ng ty b\u1ea3o hi\u1ec3m (FHA ho\u1eb7c b\u1ea3o hi\u1ec3m th\u1ebf ch\u1ea5p t\u01b0 nh\u00e2n) \u0111\u1ec3 b\u00f9 \u0111\u1eafp kho\u1ea3n n\u1ee3 c\u00f2n thi\u1ebfu. C\u00f3 th\u1ec3 c\u00f3 nh\u1eefng kho\u1ea3n thanh to\u00e1n nh\u1ecf h\u00e0ng th\u00e1ng. Kho\u1ea3n vay s\u1ebd \u0111\u1ebfn h\u1ea1n khi b\u1ea1n b\u00e1n t\u00e0i s\u1ea3n ho\u1eb7c khi b\u1ea1n tr\u1ea3 h\u1ebft kho\u1ea3n th\u1ebf ch\u1ea5p \u0111\u1ea7u ti\u00ean.<\/li>\n<li aria-level=\"1\">K\u1ebf ho\u1ea1ch Recast (kh\u00f4ng c\u00f3 s\u1eb5n v\u1edbi Fannie Mae ho\u1eb7c Freddie Mac) \u2013 B\u1ea1n \u0111\u1eb7t c\u00e1c kho\u1ea3n thanh to\u00e1n c\u00f2n thi\u1ebfu \u1edf ph\u1ea7n cu\u1ed1i c\u1ee7a kho\u1ea3n vay.<\/li>\n<\/ul>\n<p>N\u1ebfu ng\u01b0\u1eddi cho vay t\u1eeb ch\u1ed1i \u0111\u1ec1 xu\u1ea5t c\u1ee7a b\u1ea1n, h\u00e3y c\u1ed1 g\u1eafng th\u01b0\u01a1ng l\u01b0\u1ee3ng v\u00e0 t\u00ecm hi\u1ec3u nh\u1eefng g\u00ec h\u1ecd c\u00f3 th\u1ec3 s\u1eb5n s\u00e0ng ch\u1ea5p nh\u1eadn. N\u1ebfu \u0111i\u1ec1u \u0111\u00f3 c\u00f3 v\u1ebb v\u00f4 l\u00fd ho\u1eb7c kh\u00f4ng c\u00f4ng b\u1eb1ng, h\u00e3y y\u00eau c\u1ea7u n\u00f3i chuy\u1ec7n v\u1edbi chuy\u00ean gia ho\u1eb7c ng\u01b0\u1eddi gi\u00e1m s\u00e1t gi\u1ea3m nh\u1eb9 t\u1ed5n th\u1ea5t. M\u1eb7c d\u00f9 c\u1ed1 v\u1ea5n nh\u00e0 \u1edf c\u00f3 th\u1ec3 gi\u00fap \u00edch r\u1ea5t nhi\u1ec1u nh\u01b0ng b\u1ea1n c\u1ea7n ph\u1ea3i \u0111\u00f3ng vai tr\u00f2 l\u00e0 ng\u01b0\u1eddi \u1ee7ng h\u1ed9 m\u00ecnh. Ngay c\u1ea3 khi vi\u1ec7c t\u1ecbch thu t\u00e0i s\u1ea3n th\u1ebf ch\u1ea5p l\u00e0 kh\u00f4ng th\u1ec3 tr\u00e1nh kh\u1ecfi, b\u1ea1n v\u1eabn c\u00f3 th\u1ec3 th\u01b0\u01a1ng l\u01b0\u1ee3ng c\u00e1c \u0111i\u1ec1u kho\u1ea3n t\u1ed1t h\u01a1n ho\u1eb7c k\u00e9o d\u00e0i th\u1eddi gian \u0111\u1ec3 kh\u00f4ng b\u1ecb thi\u1ec7t th\u00f2i. H\u00e3y s\u1eb5n s\u00e0ng ti\u1ebfp t\u1ee5c chi\u1ebfn \u0111\u1ea5u!<\/p>\n\t\t\t\t<img decoding=\"async\" src=\"https:\/\/211md.org\/wp-content\/plugins\/bb-plugin\/img\/pixel.png\" alt=\"\" itemprop=\"image\" onerror=\"this.style.display='none'\" loading=\"lazy\" \/>\n\t\t\t\t<img decoding=\"async\" src=\"https:\/\/211md.org\/wp-content\/uploads\/bb-plugin\/cache\/Call-center-specialst-circle-4e9ecd7b3425be4576416abc911049bb-.jpg\" alt=\"Chuy\u00ean gia trung t\u00e2m cu\u1ed9c g\u1ecdi\" itemprop=\"image\" title=\"Trung t\u00e2m cu\u1ed9c g\u1ecdi \u0111\u1eb7c bi\u1ec7t\" onerror=\"this.style.display='none'\" loading=\"lazy\" \/>\n<h2>Quay s\u1ed1 211<\/h2><p>H\u00e3y tr\u00f2 chuy\u1ec7n v\u1edbi m\u1ed9t ng\u01b0\u1eddi chu \u0111\u00e1o v\u00e0 gi\u00e0u l\u00f2ng tr\u1eafc \u1ea9n 24\/7. H\u1ecd c\u0169ng c\u00f3 th\u1ec3 k\u1ebft n\u1ed1i b\u1ea1n v\u1edbi c\u00e1c ngu\u1ed3n l\u1ef1c.\u00a0<\/p>\n<h2>\n\t\t\tTh\u00f4ng tin li\u00ean quan\t<\/h2>\n\t<h2>kh\u00e1m ph\u00e1 c\u00e1c ch\u01b0\u01a1ng tr\u00ecnh h\u1ed7 tr\u1ee3<\/h2>\n<p>T\u00ecm hi\u1ec3u v\u1ec1 c\u00e1c ch\u01b0\u01a1ng tr\u00ecnh tr\u1ee3 c\u1ea5p v\u00e0 c\u00e1ch k\u1ebft n\u1ed1i v\u1edbi b\u1ed9 ph\u1eadn h\u1ed7 tr\u1ee3.<\/p>\n\t\t<h3><a href=\"\/vi\/tai-nguyen\/do-an\/\" target=\"_self\">\u0110\u1ed3 \u0103n<\/a><\/h3><p>Th\u1ef1c ph\u1ea9m mi\u1ec5n ph\u00ed g\u1ea7n t\u00f4i, t\u1ee7 \u0111\u1ef1ng th\u1ee9c \u0103n, SNAP, WIC, ti\u1ebft ki\u1ec7m ti\u1ec1n mua s\u1eafm<\/p>\n<a href=\"\/vi\/tai-nguyen\/do-an\/\"  target=\"_self\">T\u00ecm hi\u1ec3u th\u00eam<\/a>\t\n\t\t\t\t<a href=\"\/vi\/tai-nguyen\/do-an\/\"  target=\"_self\" itemprop=\"url\">\n\t\t\t\t<img decoding=\"async\" src=\"https:\/\/211md.org\/wp-content\/uploads\/bb-plugin\/cache\/2025_MdInfoNet_Icon-Sets-white_food-square-dfa1c607bcdb6b34735ae61e84e21386-.png\" alt=\"2025_MdInfoNet_B\u1ed9 bi\u1ec3u t\u01b0\u1ee3ng-tr\u1eafng_th\u1ef1c ph\u1ea9m\" itemprop=\"image\" title=\"2025_MdInfoNet_B\u1ed9 bi\u1ec3u t\u01b0\u1ee3ng-tr\u1eafng_th\u1ef1c ph\u1ea9m\" onerror=\"this.style.display='none'\" loading=\"lazy\" \/>\n\t\t\t\t<\/a>\n\t\t<h3><a href=\"\/vi\/tai-nguyen\/ho-tro-tien-ich\/\" target=\"_self\">Ti\u1ec7n \u00edch<\/a><\/h3><p>Ch\u01b0\u01a1ng tr\u00ecnh h\u1ed7 tr\u1ee3 h\u00f3a \u0111\u01a1n \u0111i\u1ec7n, gas v\u00e0 n\u01b0\u1edbc<\/p>\n<a href=\"\/vi\/tai-nguyen\/ho-tro-tien-ich\/\"  target=\"_self\">T\u00ecm hi\u1ec3u th\u00eam<\/a>\t\n\t\t\t\t<a href=\"\/vi\/tai-nguyen\/ho-tro-tien-ich\/\"  target=\"_self\" itemprop=\"url\">\n\t\t\t\t<img decoding=\"async\" src=\"https:\/\/211md.org\/wp-content\/uploads\/bb-plugin\/cache\/2025_MdInfoNet_Icon-Sets-white_Utilities-square-485aa1950491235898117da61fd0a70a-.png\" alt=\"2025_MdInfoNet_B\u1ed9 bi\u1ec3u t\u01b0\u1ee3ng-white_Utilities\" itemprop=\"image\" title=\"2025_MdInfoNet_B\u1ed9 bi\u1ec3u t\u01b0\u1ee3ng-white_Utilities\" onerror=\"this.style.display='none'\" loading=\"lazy\" \/>\n\t\t\t\t<\/a>\n\t\t\t\t<a href=\"\/vi\/tai-nguyen\/nha-o\/\"  target=\"_self\" itemprop=\"url\">\n\t\t\t\t<img decoding=\"async\" src=\"https:\/\/211md.org\/wp-content\/uploads\/bb-plugin\/cache\/2025_MdInfoNet_Icon-Sets-white_Housing-square-5b4ab26c33cdf5bd88fd6164be4cc0b8-.png\" alt=\"2025_MdInfoNet_B\u1ed9 bi\u1ec3u t\u01b0\u1ee3ng-nh\u00e0 \u1edf m\u00e0u tr\u1eafng\" itemprop=\"image\" title=\"2025_MdInfoNet_B\u1ed9 bi\u1ec3u t\u01b0\u1ee3ng-nh\u00e0 \u1edf m\u00e0u tr\u1eafng\" onerror=\"this.style.display='none'\" loading=\"lazy\" \/>\n\t\t\t\t<\/a>\n\t\t<h3><a href=\"\/vi\/tai-nguyen\/nha-o\/\" target=\"_self\">nh\u00e0 \u1edf<\/a><\/h3><p>Thanh to\u00e1n ti\u1ec1n thu\u00ea nh\u00e0, ph\u00f2ng ch\u1ed1ng b\u1ecb \u0111u\u1ed5i kh\u1ecfi nh\u00e0, n\u01a1i tr\u00fa \u1ea9n cho ng\u01b0\u1eddi v\u00f4 gia c\u01b0<\/p>\n<a href=\"\/vi\/tai-nguyen\/nha-o\/\"  target=\"_self\">T\u00ecm hi\u1ec3u th\u00eam<\/a>\t\n\t\t\t\t<a href=\"\/vi\/tai-nguyen\/moi-doi-voi-chung-toi-va-maryland\/\"  target=\"_self\" itemprop=\"url\">\n\t\t\t\t<img decoding=\"async\" src=\"https:\/\/211md.org\/wp-content\/uploads\/bb-plugin\/cache\/2025_MdInfoNet_Icon-Sets-white_Immigration-square-71ef90812193ac6d0e3edc3e61891f7f-.png\" alt=\"2025_MdInfoNet_B\u1ed9 bi\u1ec3u t\u01b0\u1ee3ng-tr\u1eafng_Nh\u1eadp c\u01b0\" itemprop=\"image\" title=\"2025_MdInfoNet_B\u1ed9 bi\u1ec3u t\u01b0\u1ee3ng-tr\u1eafng_Nh\u1eadp c\u01b0\" onerror=\"this.style.display='none'\" loading=\"lazy\" \/>\n\t\t\t\t<\/a>\n\t\t<h3><a href=\"\/vi\/tai-nguyen\/moi-doi-voi-chung-toi-va-maryland\/\" target=\"_self\">nh\u1eadp c\u01b0<\/a><\/h3><p>H\u1ed7 tr\u1ee3 nh\u1eadp c\u01b0 cho ng\u01b0\u1eddi M\u1ef9 m\u1edbi v\u00e0 ng\u01b0\u1eddi t\u1ecb n\u1ea1n<\/p>\n<a href=\"\/vi\/tai-nguyen\/moi-doi-voi-chung-toi-va-maryland\/\"  target=\"_self\">T\u00ecm hi\u1ec3u th\u00eam<\/a>\t\n\t\t<h4><a href=\"\/vi\/tai-nguyen\/lao-hoa-khuyet-tat\/\" target=\"_self\">L\u00e3o h\u00f3a &amp; Khuy\u1ebft t\u1eadt<\/a><\/h4>\n\t\t\t\t<a href=\"\/vi\/tai-nguyen\/lao-hoa-khuyet-tat\/\"  target=\"_self\" itemprop=\"url\">\n\t\t\t\t<img decoding=\"async\" src=\"https:\/\/211md.org\/wp-content\/uploads\/bb-plugin\/cache\/2025_MdInfoNet_Icon-Sets_Aging-disability-square-c466727102cae71e5f27b8539bb51945-.png\" alt=\"2025_MdInfoNet_B\u1ed9 bi\u1ec3u t\u01b0\u1ee3ng_T\u00e0n t\u1eadt do tu\u1ed5i gi\u00e0\" itemprop=\"image\" title=\"2025_MdInfoNet_B\u1ed9 bi\u1ec3u t\u01b0\u1ee3ng_T\u00e0n t\u1eadt do tu\u1ed5i gi\u00e0\" onerror=\"this.style.display='none'\" loading=\"lazy\" \/>\n\t\t\t\t<\/a>\n\t\t<h4><a href=\"https:\/\/211md.org\/vi\/tai-nguyen\/gia-dinh-tre-em\/\" target=\"_blank\" rel=\"noopener\">Tr\u1ebb em &amp; Gia \u0111\u00ecnh<\/a><\/h4>\n\t\t\t\t<a href=\"https:\/\/211md.org\/vi\/tai-nguyen\/gia-dinh-tre-em\/\" target=\"_blank\" rel=\"noopener\" itemprop=\"url\">\n\t\t\t\t<img decoding=\"async\" src=\"https:\/\/211md.org\/wp-content\/uploads\/bb-plugin\/cache\/2025_MdInfoNet_Icon-Sets_Child-Care-square-a9a0002f8a1c05e3f89f8b914f61699f-.png\" alt=\"\" itemprop=\"image\" onerror=\"this.style.display='none'\" loading=\"lazy\" \/>\n\t\t\t\t<\/a>\n\t\t<h4><a href=\"\/vi\/tai-nguyen\/gia-dinh-bao-luc\/\" target=\"_self\">B\u1ea1o l\u1ef1c gia \u0111\u00ecnh<\/a><\/h4>\n\t\t\t\t<a href=\"\/vi\/tai-nguyen\/gia-dinh-bao-luc\/\"  target=\"_self\" itemprop=\"url\">\n\t\t\t\t<img decoding=\"async\" src=\"https:\/\/211md.org\/wp-content\/uploads\/bb-plugin\/cache\/2025_MdInfoNet_Icon-Sets_Protection-square-ed94a34c5cb05f036201f3e0966332c1-.png\" alt=\"2025_MdInfoNet_B\u1ed9 bi\u1ec3u t\u01b0\u1ee3ng_B\u1ea3o v\u1ec7\" itemprop=\"image\" title=\"2025_MdInfoNet_B\u1ed9 bi\u1ec3u t\u01b0\u1ee3ng_B\u1ea3o v\u1ec7\" onerror=\"this.style.display='none'\" loading=\"lazy\" \/>\n\t\t\t\t<\/a>\n\t\t<h4><a href=\"\/vi\/tai-nguyen\/tim-kiem-viec-lam\/\" target=\"_self\">Thu\u00ea ng\u01b0\u1eddi l\u00e0m<\/a><\/h4>\n\t\t\t\t<a href=\"\/vi\/tai-nguyen\/tim-kiem-viec-lam\/\"  target=\"_self\" itemprop=\"url\">\n\t\t\t\t<img decoding=\"async\" src=\"https:\/\/211md.org\/wp-content\/uploads\/bb-plugin\/cache\/2025_MdInfoNet_Icon-Sets_Employment-square-44707bd410e4df10a470bf130ebcea86-.png\" alt=\"2025_MdInfoNet_B\u1ed9 bi\u1ec3u t\u01b0\u1ee3ng_Vi\u1ec7c l\u00e0m\" itemprop=\"image\" title=\"2025_MdInfoNet_B\u1ed9 bi\u1ec3u t\u01b0\u1ee3ng_Vi\u1ec7c l\u00e0m\" onerror=\"this.style.display='none'\" loading=\"lazy\" \/>\n\t\t\t\t<\/a>\n\t\t<h4><a href=\"\/vi\/tai-nguyen\/cham-soc-suc-khoe\/\" target=\"_self\">Ch\u0103m s\u00f3c s\u1ee9c kh\u1ecfe<\/a><\/h4>\n\t\t\t\t<a href=\"\/vi\/tai-nguyen\/cham-soc-suc-khoe\/\"  target=\"_self\" itemprop=\"url\">\n\t\t\t\t<img decoding=\"async\" src=\"https:\/\/211md.org\/wp-content\/uploads\/bb-plugin\/cache\/2025_MdInfoNet_Icon-Sets_Health-Care-square-dee98a0060cbe0e7f27eda253fc12679-.png\" alt=\"2025_MdInfoNet_B\u1ed9 bi\u1ec3u t\u01b0\u1ee3ng_Ch\u0103m s\u00f3c s\u1ee9c kh\u1ecfe\" itemprop=\"image\" title=\"2025_MdInfoNet_B\u1ed9 bi\u1ec3u t\u01b0\u1ee3ng_Ch\u0103m s\u00f3c s\u1ee9c kh\u1ecfe\" onerror=\"this.style.display='none'\" loading=\"lazy\" \/>\n\t\t\t\t<\/a>\n\t\t<h4><a href=\"\/vi\/tai-nguyen\/gia-dinh-tre-em\/quan-he-ho-hang\/\" target=\"_self\">h\u1ecd h\u00e0ng<\/a><\/h4>\n\t\t\t\t<a href=\"\/vi\/tai-nguyen\/gia-dinh-tre-em\/quan-he-ho-hang\/\"  target=\"_self\" itemprop=\"url\">\n\t\t\t\t<img decoding=\"async\" src=\"https:\/\/211md.org\/wp-content\/uploads\/bb-plugin\/cache\/2025_MdInfoNet_Icon-Sets_Community-square-4956d72cf95aef42b6ee5fc6feb149ef-.png\" alt=\"2025_MdInfoNet_B\u1ed9 bi\u1ec3u t\u01b0\u1ee3ng_C\u1ed9ng \u0111\u1ed3ng\" itemprop=\"image\" title=\"2025_MdInfoNet_B\u1ed9 bi\u1ec3u t\u01b0\u1ee3ng_C\u1ed9ng \u0111\u1ed3ng\" onerror=\"this.style.display='none'\" loading=\"lazy\" \/>\n\t\t\t\t<\/a>\n\t\t<h4><a href=\"\/vi\/tai-nguyen\/dich-vu-phap-ly\/\" target=\"_self\">D\u1ecbch v\u1ee5 ph\u00e1p l\u00fd<\/a><\/h4>\n\t\t\t\t<a href=\"\/vi\/tai-nguyen\/dich-vu-phap-ly\/\"  target=\"_self\" itemprop=\"url\">\n\t\t\t\t<img decoding=\"async\" src=\"https:\/\/211md.org\/wp-content\/uploads\/bb-plugin\/cache\/2025_MdInfoNet_Icon-Sets_Legal-square-18fdf438feb8435588174d9046463257-.png\" alt=\"2025_MdInfoNet_B\u1ed9 bi\u1ec3u t\u01b0\u1ee3ng_Ph\u00e1p l\u00fd\" itemprop=\"image\" title=\"2025_MdInfoNet_B\u1ed9 bi\u1ec3u t\u01b0\u1ee3ng_Ph\u00e1p l\u00fd\" onerror=\"this.style.display='none'\" loading=\"lazy\" \/>\n\t\t\t\t<\/a>\n\t\t<h4><a href=\"\/vi\/tai-nguyen\/suc-khoe-tinh-than\/\" target=\"_self\">S\u1ee9c kh\u1ecfe tinh th\u1ea7n<\/a><\/h4>\n\t\t\t\t<a href=\"\/vi\/tai-nguyen\/suc-khoe-tinh-than\/\"  target=\"_self\" itemprop=\"url\">\n\t\t\t\t<img decoding=\"async\" src=\"https:\/\/211md.org\/wp-content\/uploads\/bb-plugin\/cache\/2025_MdInfoNet_Icon-Sets_Mental-Health-square-c59b38c4a993a947d4c9280fbe2d2fee-.png\" alt=\"2025_MdInfoNet_B\u1ed9 bi\u1ec3u t\u01b0\u1ee3ng_S\u1ee9c kh\u1ecfe t\u00e2m th\u1ea7n\" itemprop=\"image\" title=\"2025_MdInfoNet_B\u1ed9 bi\u1ec3u t\u01b0\u1ee3ng_S\u1ee9c kh\u1ecfe t\u00e2m th\u1ea7n\" onerror=\"this.style.display='none'\" loading=\"lazy\" \/>\n\t\t\t\t<\/a>\n\t\t<h4><a href=\"\/vi\/tai-nguyen\/mdreentry\/\" target=\"_self\">V\u00e0o l\u1ea1i<\/a><\/h4>\n\t\t\t\t<a href=\"\/vi\/tai-nguyen\/mdreentry\/\"  target=\"_self\" itemprop=\"url\">\n\t\t\t\t<img decoding=\"async\" src=\"https:\/\/211md.org\/wp-content\/uploads\/bb-plugin\/cache\/2025_MdInfoNet_Icon-Sets_Partnership-square-daedf11c7eeda165b0fe97a4a84b80e0-.png\" alt=\"2025_MdInfoNet_B\u1ed9 bi\u1ec3u t\u01b0\u1ee3ng_Quan h\u1ec7 \u0111\u1ed1i t\u00e1c\" itemprop=\"image\" title=\"2025_MdInfoNet_B\u1ed9 bi\u1ec3u t\u01b0\u1ee3ng_Quan h\u1ec7 \u0111\u1ed1i t\u00e1c\" onerror=\"this.style.display='none'\" loading=\"lazy\" \/>\n\t\t\t\t<\/a>\n\t\t<h4><a href=\"\/vi\/tai-nguyen\/su-dung-chat-kich-thich\/\" target=\"_self\">S\u1eed d\u1ee5ng ch\u1ea5t k\u00edch th\u00edch<\/a><\/h4>\n\t\t\t\t<a href=\"\/vi\/tai-nguyen\/su-dung-chat-kich-thich\/\"  target=\"_self\" itemprop=\"url\">\n\t\t\t\t<img decoding=\"async\" src=\"https:\/\/211md.org\/wp-content\/uploads\/bb-plugin\/cache\/2025_MdInfoNet_Icon-Sets_Substance-Abuse-square-9022fec9d18a64118ad685c101885b55-.png\" alt=\"2025_MdInfoNet_B\u1ed9 bi\u1ec3u t\u01b0\u1ee3ng_L\u1ea1m d\u1ee5ng ch\u1ea5t g\u00e2y nghi\u1ec7n\" itemprop=\"image\" title=\"2025_MdInfoNet_B\u1ed9 bi\u1ec3u t\u01b0\u1ee3ng_L\u1ea1m d\u1ee5ng ch\u1ea5t g\u00e2y nghi\u1ec7n\" onerror=\"this.style.display='none'\" loading=\"lazy\" \/>\n\t\t\t\t<\/a>\n\t\t<h4><a href=\"\/vi\/tai-nguyen\/cuu-chien-binh\/\" target=\"_self\">c\u1ef1u chi\u1ebfn binh<\/a><\/h4>\n\t\t\t\t<a href=\"\/vi\/tai-nguyen\/cuu-chien-binh\/\"  target=\"_self\" itemprop=\"url\">\n\t\t\t\t<img decoding=\"async\" src=\"https:\/\/211md.org\/wp-content\/uploads\/bb-plugin\/cache\/2025_MdInfoNet_Icon-Sets_Rating-square-6e60d00cce4faa8e0a6d4ad7366aa733-.png\" alt=\"2025_MdInfoNet_B\u1ed9 bi\u1ec3u t\u01b0\u1ee3ng_X\u1ebfp h\u1ea1ng\" itemprop=\"image\" title=\"2025_MdInfoNet_B\u1ed9 bi\u1ec3u t\u01b0\u1ee3ng_X\u1ebfp h\u1ea1ng\" onerror=\"this.style.display='none'\" loading=\"lazy\" \/>\n\t\t\t\t<\/a>","protected":false},"excerpt":{"rendered":"<p>Ti\u00eau \u0111\u1ec1 Trang M\u1eb7c \u0111\u1ecbnh c\u00f3 s\u1eb5n Tr\u1ee3 gi\u00fap n\u1ebfu b\u1ea1n \u0111ang g\u1eb7p kh\u00f3 kh\u0103n trong vi\u1ec7c tr\u1ea3 ti\u1ec1n th\u1ebf ch\u1ea5p. B\u1ea1n c\u00e0ng h\u00e0nh \u0111\u1ed9ng s\u1edbm, c\u00e0ng t\u1ed1t. T\u00ecm hi\u1ec3u v\u1ec1 quy tr\u00ecnh v\u00e0 c\u00e1ch m\u1ed9t c\u1ed1 v\u1ea5n nh\u00e0 \u1edf c\u00f3 th\u1ec3 h\u1ed7 tr\u1ee3. B\u1eaft \u0111\u1ea7u S\u1eed d\u1ee5ng t\u01b0 v\u1ea5n nh\u00e0 \u1edf C\u00f3 nhi\u1ec1u c\u00e1ch \u0111\u1ec3 c\u1ee9u ng\u00f4i nh\u00e0 c\u1ee7a b\u1ea1n n\u1ebfu b\u1ea1n kh\u00f4ng th\u1ec3 tr\u1ea3 c\u00e1c kho\u1ea3n thanh to\u00e1n h\u00e0ng th\u00e1ng ho\u1eb7c \u0111ang b\u1ecb t\u1ecbch thu.\u2026<\/p>","protected":false},"author":8,"featured_media":1816,"parent":926,"menu_order":0,"comment_status":"closed","ping_status":"closed","template":"","meta":{"footnotes":""},"class_list":["post-983","page","type-page","status-publish","has-post-thumbnail","hentry"],"_links":{"self":[{"href":"https:\/\/211md.org\/vi\/wp-json\/wp\/v2\/pages\/983","targetHints":{"allow":["GET"]}}],"collection":[{"href":"https:\/\/211md.org\/vi\/wp-json\/wp\/v2\/pages"}],"about":[{"href":"https:\/\/211md.org\/vi\/wp-json\/wp\/v2\/types\/page"}],"author":[{"embeddable":true,"href":"https:\/\/211md.org\/vi\/wp-json\/wp\/v2\/users\/8"}],"replies":[{"embeddable":true,"href":"https:\/\/211md.org\/vi\/wp-json\/wp\/v2\/comments?post=983"}],"version-history":[{"count":3,"href":"https:\/\/211md.org\/vi\/wp-json\/wp\/v2\/pages\/983\/revisions"}],"predecessor-version":[{"id":33718,"href":"https:\/\/211md.org\/vi\/wp-json\/wp\/v2\/pages\/983\/revisions\/33718"}],"up":[{"embeddable":true,"href":"https:\/\/211md.org\/vi\/wp-json\/wp\/v2\/pages\/926"}],"wp:featuredmedia":[{"embeddable":true,"href":"https:\/\/211md.org\/vi\/wp-json\/wp\/v2\/media\/1816"}],"wp:attachment":[{"href":"https:\/\/211md.org\/vi\/wp-json\/wp\/v2\/media?parent=983"}],"curies":[{"name":"wp","href":"https:\/\/api.w.org\/{rel}","templated":true}]}}