{"id":985,"date":"2021-04-16T17:24:12","date_gmt":"2021-04-16T17:24:12","guid":{"rendered":"https:\/\/211md.org\/?page_id=985"},"modified":"2025-10-23T18:21:25","modified_gmt":"2025-10-23T22:21:25","slug":"tro-cap-that-nghiep","status":"publish","type":"page","link":"https:\/\/211md.org\/vi\/resources\/employment-search\/unemployment-benefits\/","title":{"rendered":"Tr\u1ee3 c\u1ea5p Th\u1ea5t nghi\u1ec7p Maryland"},"content":{"rendered":"<img decoding=\"async\" src=\"https:\/\/stg-maryland211-staging.kinsta.cloud\/wp-content\/uploads\/2025\/08\/5-1-scaled.png\" alt=\"5\" itemprop=\"image\" height=\"692\" width=\"2560\" title=\"5\" onerror=\"this.style.display='none'\" loading=\"lazy\" \/>\n\t\t<p>Nh\u00e2n vi\u00ean Maryland b\u1ecb m\u1ea5t vi\u1ec7c do l\u1ed7i kh\u00f4ng ph\u1ea3i do l\u1ed7i c\u1ee7a h\u1ecd c\u00f3 th\u1ec3 \u0111\u1ee7 \u0111i\u1ec1u ki\u1ec7n nh\u1eadn tr\u1ee3 c\u1ea5p th\u1ea5t nghi\u1ec7p. Ch\u01b0\u01a1ng tr\u00ecnh n\u00e0y cung c\u1ea5p c\u00e1c kho\u1ea3n tr\u1ee3 c\u1ea5p b\u1ea3o hi\u1ec3m th\u1ea5t nghi\u1ec7p (UI) t\u1ea1m th\u1eddi \u0111\u1ec3 thay th\u1ebf m\u1ed9t ph\u1ea7n thu nh\u1eadp c\u1ee7a h\u1ecd.<\/p>\n<p>\u1ede Maryland, c\u00e1 nh\u00e2n ph\u1ea3i n\u1ed9p \u0111\u01a1n h\u00e0ng tu\u1ea7n v\u00e0 x\u00e1c minh r\u1eb1ng h\u1ecd \u0111ang t\u00edch c\u1ef1c t\u00ecm ki\u1ebfm vi\u1ec7c l\u00e0m.<\/p>\n<p>T\u00ecm hi\u1ec3u c\u00e1ch n\u1ed9p \u0111\u01a1n xin tr\u1ee3 c\u1ea5p, nh\u1eadn b\u1ea3o hi\u1ec3m y t\u1ebf khi th\u1ea5t nghi\u1ec7p v\u00e0 c\u00e1ch y\u00eau c\u1ea7u tr\u1ee3 c\u1ea5p khi khai thu\u1ebf.<\/p>\n\t\t\t<a href=\"#start\" target=\"_self\">\n\t\t\t\t\t\tB\u1eaft \u0111\u1ea7u\n\t\t\t\t\t<\/a>\n\t\t\t\t<img decoding=\"async\" src=\"https:\/\/211md.org\/wp-content\/plugins\/bb-plugin\/img\/pixel.png\" alt=\"\" itemprop=\"image\" onerror=\"this.style.display='none'\" loading=\"lazy\" \/>\n\t\t\t\t<img decoding=\"async\" src=\"https:\/\/stg-maryland211-staging.kinsta.cloud\/wp-content\/uploads\/2025\/08\/16.png\" alt=\"16\" itemprop=\"image\" height=\"1000\" width=\"1000\" title=\"16\" onerror=\"this.style.display='none'\" loading=\"lazy\" \/>\n\t\t\t\t<img decoding=\"async\" src=\"http:\/\/211md.org\/wp-content\/uploads\/2021\/05\/Girl-Looking-At-Phone-scaled.jpg\" alt=\"c\u00f4 g\u00e1i nh\u00ecn v\u00e0o \u0111i\u1ec7n tho\u1ea1i v\u1edbi m\u1ed9t notepad v\u00e0 b\u00fat\" itemprop=\"image\" title=\"Ng\u01b0\u1eddi T\u00e2y Ban Nha, Ng\u01b0\u1eddi La tinh, Tr\u1ebb, Thi\u1ebfu ni\u00ean, C\u00f4 g\u00e1i, \u0110\u1ea1i h\u1ecdc, Sinh vi\u00ean, C\u1ea7m, \u0110i\u1ec7n tho\u1ea1i th\u00f4ng minh, \u0110ang h\u1ecdc\" onerror=\"this.style.display='none'\" loading=\"lazy\" \/>\n<h2>T\u1ef7 l\u1ec7 th\u1ea5t nghi\u1ec7p \u1edf Maryland l\u00e0 bao nhi\u00eau?<\/h2>\n<p>C\u00f3 hai con s\u1ed1 th\u1ea5t nghi\u1ec7p ch\u00ednh. M\u1ed9t l\u00e0 \u0111\u1ea1i l\u00fd tr\u1ef1c ti\u1ebfp v\u00e0 m\u1ed9t l\u00e0 h\u1ec7 th\u1ed1ng \u0111i\u1ec7n tho\u1ea1i IVR. B\u1ea1n c\u0169ng c\u00f3 th\u1ec3 b\u1eaft \u0111\u1ea7u m\u1ed9t <a href=\"http:\/\/www.labor.maryland.gov\/employment\/unemployment.shtml\" target=\"_blank\" rel=\"noopener\">tr\u00f2 chuy\u1ec7n v\u1edbi tr\u1ee3 l\u00fd \u1ea3o<\/a>.<\/p>\n<p>Khi\u1ebfu n\u1ea1i m\u1edbi ho\u1eb7c th\u00f4ng tin v\u1ec1 khi\u1ebfu n\u1ea1i hi\u1ec7n c\u00f3:<\/p>\n<img loading=\"lazy\" decoding=\"async\" src=\"http:\/\/211md.org\/wp-content\/uploads\/2025\/08\/2025_MdInfoNet_Icon-Sets_Phone-400x400.png\" alt=\"Bi\u1ec3u t\u01b0\u1ee3ng \u0111i\u1ec7n tho\u1ea1i\" width=\"50\" height=\"50\" \/>G\u1ecdi<br \/>\n667-206-6520. X\u00e1c nh\u1eadn y\u00eau c\u1ea7u b\u1ed3i th\u01b0\u1eddng h\u00e0ng tu\u1ea7n, \u0111\u1eb7t l\u1ea1i m\u00e3 PIN ho\u1eb7c ki\u1ec3m tra tr\u1ea1ng th\u00e1i thanh to\u00e1n: g\u1ecdi <img loading=\"lazy\" decoding=\"async\" src=\"http:\/\/211md.org\/wp-content\/uploads\/2025\/08\/2025_MdInfoNet_Icon-Sets_Phone-400x400.png\" alt=\"Bi\u1ec3u t\u01b0\u1ee3ng \u0111i\u1ec7n tho\u1ea1i\" width=\"50\" height=\"50\" \/>G\u1ecdi<br \/>\n410-949-0022.\n<p>&nbsp;<\/p>\n<p>Ngo\u00e0i ra c\u00f2n c\u00f3 m\u1ed9t t\u00f9y ch\u1ecdn \u0111\u1ec3 <a href=\"http:\/\/www.labor.maryland.gov\/employment\/officenum.shtml\" target=\"_blank\" rel=\"noopener\">tr\u00f2 chuy\u1ec7n tr\u1ef1c tuy\u1ebfn<\/a>.<\/p>\n<h3>\u0110\u00f3ng c\u1eeda ch\u00ednh ph\u1ee7 li\u00ean bang v\u00e0 th\u1ea5t nghi\u1ec7p<\/h3>\n<p>If you&#8217;re a federal worker, you may be eligible for unemployment during the government shutdown. It depends on your status. <a href=\"https:\/\/labor.maryland.gov\/unemployment-insurance\/claimants\/federal-employees\/frequently-asked-questions.shtml\" target=\"_blank\" rel=\"noopener\">Nh\u1eefng c\u00e2u h\u1ecfi th\u01b0\u1eddng g\u1eb7p n\u00e0y<\/a> t\u1eeb B\u1ed9 Lao \u0111\u1ed9ng Maryland gi\u00fap tr\u1ea3 l\u1eddi nh\u1eefng c\u00e2u h\u1ecfi th\u01b0\u1eddng g\u1eb7p v\u1ec1 ph\u00fac l\u1ee3i.<\/p>\n<p>There&#8217;s also a <a href=\"https:\/\/labor.maryland.gov\/federalworkers\/shutdownloan\/\" target=\"_blank\" rel=\"noopener\">Ch\u01b0\u01a1ng tr\u00ecnh cho vay \u0111\u00f3ng c\u1eeda li\u00ean bang<\/a> cung c\u1ea5p kho\u1ea3n vay $700 kh\u00f4ng l\u00e3i su\u1ea5t v\u00e0 \u0111\u01b0\u1ee3c ho\u00e0n tr\u1ea3 sau khi th\u1eddi gian \u0111\u00f3ng c\u1eeda k\u1ebft th\u00fac v\u00e0 nh\u1eadn \u0111\u01b0\u1ee3c ti\u1ec1n l\u01b0\u01a1ng qu\u00e1 h\u1ea1n.<\/p>\n<h3><b>BEACON 2.0 l\u00e0 g\u00ec?<\/b><\/h3>\n<p>B\u1ed9 Lao \u0111\u1ed9ng Maryland, S\u1edf B\u1ea3o hi\u1ec3m Th\u1ea5t nghi\u1ec7p, s\u1eed d\u1ee5ng m\u1ed9t ch\u01b0\u01a1ng tr\u00ecnh c\u00f3 t\u00ean l\u00e0 <a href=\"https:\/\/beacon.labor.maryland.gov\/beacon\/claimant-page.html\" target=\"_blank\" rel=\"noopener\">\u0110\u00c8N HI\u1ec6U 2.0<\/a> h\u1ed7 tr\u1ee3 ng\u01b0\u1eddi d\u00e2n Maryland n\u1ed9p \u0111\u01a1n xin tr\u1ee3 c\u1ea5p th\u1ea5t nghi\u1ec7p v\u00e0 qu\u1ea3n l\u00fd c\u00e1c y\u00eau c\u1ea7u b\u1ea3o hi\u1ec3m th\u1ea5t nghi\u1ec7p (WEBCERT).<\/p>\n<h3>B\u1ea1n c\u1ea7n nh\u1eefng gi\u1ea5y t\u1edd g\u00ec \u0111\u1ec3 n\u1ed9p \u0111\u01a1n xin tr\u1ee3 c\u1ea5p th\u1ea5t nghi\u1ec7p?<\/h3>\n<p>Tr\u01b0\u1edbc khi n\u1ed9p \u0111\u01a1n th\u1ea5t nghi\u1ec7p, h\u00e3y thu th\u1eadp c\u00e1c t\u00e0i li\u1ec7u m\u00e0 ti\u1ec3u bang s\u1ebd c\u1ea7n \u0111\u1ec3 x\u00e1c minh y\u00eau c\u1ea7u c\u1ee7a b\u1ea1n. Ch\u00fang bao g\u1ed3m th\u00f4ng tin c\u00e1 nh\u00e2n v\u00e0 l\u1ecbch s\u1eed vi\u1ec7c l\u00e0m trong 18 th\u00e1ng qua. B\u1ea1n s\u1ebd c\u1ea7n t\u00ean, \u0111\u1ecba ch\u1ec9 v\u00e0 s\u1ed1 \u0111i\u1ec7n tho\u1ea1i c\u1ee7a t\u1ea5t c\u1ea3 c\u00e1c nh\u00e0 tuy\u1ec3n d\u1ee5ng c\u1ee7a b\u1ea1n trong th\u1eddi gian \u0111\u00f3.<\/p>\n<p>Ng\u01b0\u1eddi n\u1ed9p \u0111\u01a1n c\u00f3 th\u1ec3 \u0111\u01b0\u1ee3c y\u00eau c\u1ea7u cung c\u1ea5p c\u00e1c t\u00e0i li\u1ec7u nh\u01b0:<\/p>\n<ul>\n<li>phi\u1ebfu l\u01b0\u01a1ng<\/li>\n<li>W-2<\/li>\n<li>M\u1eabu \u0111\u01a1n 1099<\/li>\n<li>khai thu\u1ebf<\/li>\n<\/ul>\n<p><a href=\"http:\/\/www.labor.maryland.gov\/employment\/uiclaimdocs.pdf\" target=\"_blank\" rel=\"noopener\">T\u00ecm hi\u1ec3u v\u1ec1 c\u00e1c t\u00e0i li\u1ec7u<\/a> c\u00f3 th\u1ec3 \u0111\u01b0\u1ee3c y\u00eau c\u1ea7u \u0111\u1ec3 n\u1ed9p \u0111\u01a1n khi\u1ebfu n\u1ea1i.<\/p>\n<h3><b>C\u00e1ch ch\u1ee9ng nh\u1eadn y\u00eau c\u1ea7u b\u1ed3i th\u01b0\u1eddng m\u1ed7i tu\u1ea7n<\/b><\/h3>\n<p>M\u1ed7i tu\u1ea7n, ng\u01b0\u1eddi h\u01b0\u1edfng tr\u1ee3 c\u1ea5p th\u1ea5t nghi\u1ec7p ph\u1ea3i n\u1ed9p gi\u1ea5y x\u00e1c nh\u1eadn y\u00eau c\u1ea7u. C\u00f3 th\u1ec3 th\u1ef1c hi\u1ec7n theo m\u1ed9t trong ba c\u00e1ch sau:<\/p>\n<ul>\n<li aria-level=\"1\">n\u1ed9p h\u1ed3 s\u01a1 qua\u00a0<a href=\"https:\/\/beacon.labor.maryland.gov\/beacon\/claimant-page.html\" target=\"_blank\" rel=\"noopener\">\u0110\u00c8N HI\u1ec6U 2.0<\/a><\/li>\n<li aria-level=\"1\">S\u1eed d\u1ee5ng \u1ee9ng d\u1ee5ng c\u00f3 t\u00ean \u201cMD Th\u1ea5t nghi\u1ec7p d\u00e0nh cho Ng\u01b0\u1eddi y\u00eau c\u1ea7u b\u1ed3i th\u01b0\u1eddng\u201d. T\u1ea3i n\u00f3 xu\u1ed1ng tr\u00ean\u00a0<a href=\"https:\/\/bit.ly\/AppleMDBEACON\" target=\"_blank\" rel=\"noopener\">C\u1eeda h\u00e0ng iTunes c\u1ee7a Apple<\/a>\u00a0ho\u1eb7c\u00a0<a href=\"https:\/\/bit.ly\/GoogleMDBEACON\" target=\"_blank\" rel=\"noopener\">Google Play<\/a>.<\/li>\n<li aria-level=\"1\">G\u1ecdi 410-949-0022<\/li>\n<\/ul>\n\t\t<h2><a href=\"https:\/\/labor.maryland.gov\/unemployment-insurance\/claimants\/job-search.shtml\" target=\"_blank\" rel=\"noopener\">Ho\u1ea1t \u0111\u1ed9ng c\u00f4ng vi\u1ec7c h\u00e0ng tu\u1ea7n b\u1eaft bu\u1ed9c<\/a><\/h2><p>\u0110\u1ec3 ti\u1ebfp t\u1ee5c \u0111\u1ee7 \u0111i\u1ec1u ki\u1ec7n nh\u1eadn tr\u1ee3 c\u1ea5p th\u1ea5t nghi\u1ec7p, ng\u01b0\u1eddi d\u00e2n Maryland ph\u1ea3i t\u00edch c\u1ef1c t\u00ecm ki\u1ebfm vi\u1ec7c l\u00e0m.<\/p>\n<p>M\u1ed7i tu\u1ea7n, ng\u01b0\u1eddi t\u00ecm vi\u1ec7c ph\u1ea3i ho\u00e0n th\u00e0nh \u00edt nh\u1ea5t ba ho\u1ea1t \u0111\u1ed9ng t\u00e1i tuy\u1ec3n d\u1ee5ng h\u1ee3p l\u1ec7. \u00cdt nh\u1ea5t m\u1ed9t ho\u1ea1t \u0111\u1ed9ng ph\u1ea3i li\u00ean quan \u0111\u1ebfn vi\u1ec7c l\u00e0m.<\/p>\n<p>M\u1ed9t li\u00ean h\u1ec7 c\u00f4ng vi\u1ec7c \u0111\u1ee7 \u0111i\u1ec1u ki\u1ec7n li\u00ean quan \u0111\u1ebfn vi\u1ec7c li\u00ean h\u1ec7 v\u1edbi m\u1ed9t nh\u00e0 tuy\u1ec3n d\u1ee5ng ti\u1ec1m n\u0103ng. N\u00f3 c\u00f3 th\u1ec3 tr\u1ef1c ti\u1ebfp, tr\u1ef1c tuy\u1ebfn ho\u1eb7c qua fax ho\u1eb7c email.<\/p>\n<p>S\u1edf Lao \u0111\u1ed9ng Maryland c\u00f3 danh s\u00e1ch c\u00e1c ho\u1ea1t \u0111\u1ed9ng \u0111\u1ee7 \u0111i\u1ec1u ki\u1ec7n \u0111\u00e1p \u1ee9ng y\u00eau c\u1ea7u n\u00e0y.<\/p>\n<p>&nbsp;<\/p>\n\t\t\t<a href=\"https:\/\/labor.maryland.gov\/unemployment-insurance\/claimants\/job-search.shtml\" target=\"_blank\" rel=\"noopener\">\n\t\t\t\t\t\t\tT\u00ecm hi\u1ec3u th\u00eam\n\t\t\t\t\t<\/a>\n\t\t\t\t<a href=\"https:\/\/search.211md.org\/\" target=\"_blank\" rel=\"noopener\" itemprop=\"url\">\n\t\t\t\t<img decoding=\"async\" src=\"https:\/\/stg-maryland211-staging.kinsta.cloud\/wp-content\/uploads\/2025\/08\/2025_MdInfoNet_Icon-Sets-white_Locate.png\" alt=\"\" itemprop=\"image\" onerror=\"this.style.display='none'\" loading=\"lazy\" \/>\n\t\t\t\t<\/a>\n<h2><a href=\"https:\/\/search.211md.org\/\" target=\"_blank\" rel=\"noopener\">T\u00ecm t\u00e0i nguy\u00ean ngay<\/a><\/h2><p>T\u00ecm th\u1ea5y <strong>t\u00e0i nguy\u00ean c\u1ed9ng \u0111\u1ed3ng <\/strong>\u0111\u1ec3 t\u00ecm ki\u1ebfm th\u1ef1c ph\u1ea9m, ch\u0103m s\u00f3c s\u1ee9c kh\u1ecfe, nh\u00e0 \u1edf v\u00e0 nhi\u1ec1u th\u00f4ng tin kh\u00e1c trong c\u01a1 s\u1edf d\u1eef li\u1ec7u c\u1ee7a ch\u00fang t\u00f4i. T\u00ecm ki\u1ebfm theo m\u00e3 ZIP.<\/p>\n\t\t\t<a href=\"https:\/\/search.211md.org\/\" target=\"_blank\" rel=\"noopener\">\n\t\t\t\t\t\t\tT\u00ecm ki\u1ebfm ngay b\u00e2y gi\u1edd\n\t\t\t<\/a>\n\t\t\t\t<img decoding=\"async\" src=\"http:\/\/211md.org\/wp-content\/uploads\/2025\/09\/person-doing-taxes.jpg\" alt=\"ng\u01b0\u1eddi l\u00e0m thu\u1ebf, \u0111i\u1ec1n v\u00e0o m\u1eabu \u0111\u01a1n 1040\" itemprop=\"image\" title=\"ng\u01b0\u1eddi l\u00e0m thu\u1ebf\" onerror=\"this.style.display='none'\" loading=\"lazy\" \/>\n\t\t<h2>C\u00e1ch n\u1ed9p thu\u1ebf th\u1ea5t nghi\u1ec7p<\/h2>\n<p>Khi n\u1ed9p thu\u1ebf, ng\u01b0\u1eddi nh\u1eadn b\u1ea3o hi\u1ec3m th\u1ea5t nghi\u1ec7p (UI) ph\u1ea3i cung c\u1ea5p b\u1eb1ng ch\u1ee9ng v\u1ec1 c\u00e1c kho\u1ea3n tr\u1ee3 c\u1ea5p (ti\u1ec1n) \u0111\u00e3 nh\u1eadn theo M\u1eabu \u0111\u01a1n 1099-G.<\/p>\n<h3>M\u1eabu 1099-G l\u00e0 g\u00ec?<\/h3>\n<p>M\u1eabu \u0111\u01a1n n\u00e0y \u0111\u01b0\u1ee3c g\u1ecdi l\u00e0 B\u00e1o c\u00e1o cho Ng\u01b0\u1eddi nh\u1eadn m\u1ed9t s\u1ed1 kho\u1ea3n thanh to\u00e1n c\u1ee7a Ch\u00ednh ph\u1ee7.<\/p>\n<p>M\u1eabu 1099-G bao g\u1ed3m t\u1ed5ng s\u1ed1 ti\u1ec1n tr\u1ee3 c\u1ea5p th\u1ea5t nghi\u1ec7p c\u1ee7a Maryland cho m\u1ed7i n\u0103m d\u01b0\u01a1ng l\u1ecbch.<\/p>\n<p>S\u1ed1 ti\u1ec1n n\u00e0y c\u00f3 th\u1ec3 kh\u00e1c v\u1edbi s\u1ed1 ti\u1ec1n nh\u1eadn \u0111\u01b0\u1ee3c trong tu\u1ea7n(c\u00e1c tu\u1ea7n) h\u01b0\u1edfng tr\u1ee3 c\u1ea5p th\u1ea5t nghi\u1ec7p.<\/p>\n<p>N\u1ebfu c\u00f3 th\u1eafc m\u1eafc, h\u00e3y trao \u0111\u1ed5i v\u1edbi ng\u01b0\u1eddi khai thu\u1ebf. D\u1ecbch v\u1ee5 khai thu\u1ebf mi\u1ec5n ph\u00ed c\u00f3 s\u1eb5n t\u1ea1i Maryland cho nh\u1eefng ng\u01b0\u1eddi \u0111\u1ee7 \u0111i\u1ec1u ki\u1ec7n.<\/p>\n\t\t\t<a href=\"https:\/\/211md.org\/vi\/tai-nguyen\/dich-vu-thue\/\" target=\"_blank\" rel=\"noopener\">\n\t\t\t\t\t\t\tT\u00ecm tr\u1ee3 gi\u00fap v\u1ec1 thu\u1ebf mi\u1ec5n ph\u00ed\n\t\t\t\t\t<\/a>\n\t<h2>L\u00e0m th\u1ebf n\u00e0o \u0111\u1ec3 c\u00f3 \u0111\u01b0\u1ee3c b\u1ea3o hi\u1ec3m y t\u1ebf khi th\u1ea5t nghi\u1ec7p<\/h2>\n<p>Khi m\u1ea5t vi\u1ec7c, ngo\u00e0i vi\u1ec7c h\u1ebft l\u01b0\u01a1ng, c\u00f2n c\u00f3 nh\u1eefng lo l\u1eafng kh\u00e1c. C\u00f2n b\u1ea3o hi\u1ec3m y t\u1ebf th\u00ec sao?<\/p>\n<p>M\u1eb7c d\u00f9 c\u00f4ng vi\u1ec7c c\u00f3 th\u1ec3 k\u1ebft th\u00fac v\u1edbi ng\u01b0\u1eddi s\u1eed d\u1ee5ng lao \u0111\u1ed9ng, nh\u01b0ng nh\u00e2n vi\u00ean c\u0169 c\u00f3 th\u1ec3 \u0111\u1ee7 \u0111i\u1ec1u ki\u1ec7n \u0111\u1ec3:<\/p>\n<ul>\n<li>ti\u1ebfp t\u1ee5c b\u1ea3o hi\u1ec3m y t\u1ebf c\u1ee7a h\u1ecd trong khi th\u1ea5t nghi\u1ec7p th\u00f4ng qua COBRA<\/li>\n<li>ho\u1eb7c mua b\u1ea3o hi\u1ec3m th\u00f4ng qua Maryland Health Connection<\/li>\n<\/ul>\n<p>T\u00ecm hi\u1ec3u v\u1ec1 c\u1ea3 hai l\u1ef1a ch\u1ecdn.<\/p>\n<h3>COBRA l\u00e0 g\u00ec?<\/h3>\n<p>COBRA l\u00e0 vi\u1ebft t\u1eaft c\u1ee7a \u0110\u1ea1o lu\u1eadt \u0111i\u1ec1u h\u00f2a ng\u00e2n s\u00e1ch t\u1ed5ng h\u1ee3p.<\/p>\n<p>\u0110\u00e2y l\u00e0 m\u1ed9t c\u00e1i t\u00ean l\u1edbn, nh\u01b0ng th\u01b0\u1eddng \u0111\u01b0\u1ee3c g\u1ecdi l\u00e0 COBRA.<\/p>\n\t\t\t\t<img decoding=\"async\" src=\"http:\/\/211md.org\/wp-content\/uploads\/2022\/05\/woman-talking-to-her-doctor.jpg\" alt=\"ng\u01b0\u1eddi ph\u1ee5 n\u1eef n\u00f3i chuy\u1ec7n v\u1edbi b\u00e1c s\u0129 c\u1ee7a m\u00ecnh\" itemprop=\"image\" title=\"lam-phu-nu\" onerror=\"this.style.display='none'\" loading=\"lazy\" \/>\n\t<p>N\u00f3 gi\u00fap ng\u01b0\u1eddi lao \u0111\u1ed9ng v\u00e0 gia \u0111\u00ecnh h\u1ecd \u0111\u01b0\u1ee3c h\u01b0\u1edfng b\u1ea3o hi\u1ec3m y t\u1ebf sau khi ngh\u1ec9 vi\u1ec7c.<\/p>\n<p>COBRA th\u01b0\u1eddng c\u00f3 s\u1eb5n cho:<\/p>\n<ul>\n<li>nh\u00e2n vi\u00ean b\u1ecb sa th\u1ea3i<\/li>\n<li>m\u1ea5t vi\u1ec7c, mi\u1ec5n l\u00e0 kh\u00f4ng c\u00f3 h\u00e0nh vi sai tr\u00e1i nghi\u00eam tr\u1ecdng<\/li>\n<li>d\u00e0nh cho nh\u1eefng c\u00e1 nh\u00e2n t\u1ef1 nguy\u1ec7n ngh\u1ec9 vi\u1ec7c<\/li>\n<\/ul>\n<h4>COBRA c\u00f3 hi\u1ec7u l\u1ef1c trong bao l\u00e2u?<\/h4>\n<p>L\u1ee3i \u00edch v\u1ec1 s\u1ee9c kh\u1ecfe c\u00f3 th\u1ec3 k\u00e9o d\u00e0i \u00edt nh\u1ea5t 18 th\u00e1ng v\u00e0 l\u00ean \u0111\u1ebfn 36 th\u00e1ng trong m\u1ed9t s\u1ed1 tr\u01b0\u1eddng h\u1ee3p.<\/p>\n<h4>Chi ph\u00ed l\u00e0 bao nhi\u00eau?<\/h4>\n<p>Th\u00f4ng th\u01b0\u1eddng, chi ph\u00ed n\u00e0y \u0111\u1eaft h\u01a1n ph\u00ed b\u1ea3o hi\u1ec3m y t\u1ebf ph\u1ea3i tr\u1ea3 khi l\u00e0m vi\u1ec7c cho c\u00f4ng ty.<\/p>\n<p>\u0110\u00f4i khi gi\u00e1 cao h\u01a1n \u0111\u00e1ng k\u1ec3. T\u1ea1i sao? B\u1edfi v\u00ec ng\u01b0\u1eddi s\u1eed d\u1ee5ng lao \u0111\u1ed9ng kh\u00f4ng c\u00f2n chi tr\u1ea3 m\u1ed9t ph\u1ea7n b\u1ea3o hi\u1ec3m y t\u1ebf n\u1eefa.<\/p>\n<p>C\u00e1 nh\u00e2n mua COBRA th\u01b0\u1eddng ph\u1ea3i tr\u1ea3 to\u00e0n b\u1ed9 ph\u00ed b\u1ea3o hi\u1ec3m.<\/p>\n<p>Trao \u0111\u1ed5i v\u1edbi c\u00f4ng ty c\u0169 v\u1ec1 vi\u1ec7c li\u1ec7u COBRA c\u00f3 \u0111\u01b0\u1ee3c \u00e1p d\u1ee5ng khi b\u1ea1n th\u1ea5t nghi\u1ec7p hay kh\u00f4ng.<\/p>\n<h3>K\u1ebft n\u1ed1i Y t\u1ebf Maryland<\/h3>\n<p>Ng\u01b0\u1eddi th\u1ea5t nghi\u1ec7p c\u00f3 th\u1ec3 \u0111\u0103ng k\u00fd b\u1ea3o hi\u1ec3m th\u00f4ng qua Maryland Health Connection.<\/p>\n<p>\u0110\u1ecdc h\u01b0\u1edbng d\u1eabn v\u1ec1 b\u1ea3o hi\u1ec3m y t\u1ebf c\u1ee7a 211.<\/p>\n\t\t\t<a href=\"https:\/\/211md.org\/vi\/tai-nguyen\/cham-soc-suc-khoe\/bao-hiem-y-te\/\" target=\"_self\">\n\t\t\t\t\t\t\tT\u00ecm hi\u1ec3u v\u1ec1 c\u00e1c l\u1ef1a ch\u1ecdn b\u1ea3o hi\u1ec3m y t\u1ebf\n\t\t\t\t\t<\/a>\n\t\t\t\t<img decoding=\"async\" src=\"https:\/\/211md.org\/wp-content\/plugins\/bb-plugin\/img\/pixel.png\" alt=\"\" itemprop=\"image\" onerror=\"this.style.display='none'\" loading=\"lazy\" \/>\n\t\t\t\t<img decoding=\"async\" src=\"https:\/\/211md.org\/wp-content\/uploads\/bb-plugin\/cache\/Call-center-specialst-circle-4e9ecd7b3425be4576416abc911049bb-.jpg\" alt=\"Chuy\u00ean gia trung t\u00e2m cu\u1ed9c g\u1ecdi\" itemprop=\"image\" title=\"Trung t\u00e2m cu\u1ed9c g\u1ecdi \u0111\u1eb7c bi\u1ec7t\" onerror=\"this.style.display='none'\" loading=\"lazy\" \/>\n<h2>Quay s\u1ed1 211<\/h2><p>H\u00e3y tr\u00f2 chuy\u1ec7n v\u1edbi m\u1ed9t ng\u01b0\u1eddi chu \u0111\u00e1o v\u00e0 gi\u00e0u l\u00f2ng tr\u1eafc \u1ea9n 24\/7. H\u1ecd c\u0169ng c\u00f3 th\u1ec3 k\u1ebft n\u1ed1i b\u1ea1n v\u1edbi c\u00e1c ngu\u1ed3n l\u1ef1c.\u00a0<\/p>\n\t\t\t<a href=\"tel:%20+211\" target=\"_blank\" rel=\"noopener\">\n\t\t\t\t\t\tQuay s\u1ed1 211 (di \u0111\u1ed9ng)\n\t\t\t\t\t<\/a>\n<h2>\n\t\t\tTh\u00f4ng tin li\u00ean quan v\u1ec1 nhu c\u1ea7u vi\u1ec7c l\u00e0m\t<\/h2>\n\t\t<h4><a href=\"\/vi\/tai-nguyen\/lao-hoa-khuyet-tat\/?utm_source=Home&#038;utm_medium=Referral&#038;utm_campaign=211Resources&#038;utm_content=Aging\" target=\"_self\">L\u00e3o h\u00f3a &amp; Khuy\u1ebft t\u1eadt<\/a><\/h4>\n\t\t\t\t<a href=\"\/vi\/tai-nguyen\/lao-hoa-khuyet-tat\/?utm_source=Home&#038;utm_medium=Referral&#038;utm_campaign=211Resources&#038;utm_content=Aging\"  target=\"_self\" itemprop=\"url\">\n\t\t\t\t<img decoding=\"async\" src=\"https:\/\/211md.org\/wp-content\/uploads\/bb-plugin\/cache\/2025_MdInfoNet_Icon-Sets_Aging-disability-square-c466727102cae71e5f27b8539bb51945-.png\" alt=\"\" itemprop=\"image\" onerror=\"this.style.display='none'\" loading=\"lazy\" \/>\n\t\t\t\t<\/a>\n\t\t<h4><a href=\"\/vi\/tai-nguyen\/gia-dinh-tre-em\/?utm_source=Home&#038;utm_medium=Referral&#038;utm_campaign=211Resources&#038;utm_content=Children\" target=\"_self\">Tr\u1ebb em &amp; Gia \u0111\u00ecnh<\/a><\/h4>\n\t\t\t\t<a href=\"\/vi\/tai-nguyen\/gia-dinh-tre-em\/?utm_source=Home&#038;utm_medium=Referral&#038;utm_campaign=211Resources&#038;utm_content=Children\"  target=\"_self\" itemprop=\"url\">\n\t\t\t\t<img decoding=\"async\" src=\"https:\/\/211md.org\/wp-content\/uploads\/bb-plugin\/cache\/2025_211_Icon-Sets_Child-care-square-f3b0d4edab3dcc467fadb5f55f4064c6-.png\" alt=\"2025_211_B\u1ed9 bi\u1ec3u t\u01b0\u1ee3ng_Ch\u0103m s\u00f3c tr\u1ebb em\" itemprop=\"image\" height=\"417\" width=\"417\" title=\"2025_211_B\u1ed9 bi\u1ec3u t\u01b0\u1ee3ng_Ch\u0103m s\u00f3c tr\u1ebb em\" onerror=\"this.style.display='none'\" loading=\"lazy\" \/>\n\t\t\t\t<\/a>\n\t\t<h4><a href=\"\/vi\/tai-nguyen\/gia-dinh-bao-luc\/?utm_source=Home&#038;utm_medium=Referral&#038;utm_campaign=211Resources&#038;utm_content=Domestic\" target=\"_self\">B\u1ea1o l\u1ef1c gia \u0111\u00ecnh<\/a><\/h4>\n\t\t\t\t<a href=\"\/vi\/tai-nguyen\/gia-dinh-bao-luc\/?utm_source=Home&#038;utm_medium=Referral&#038;utm_campaign=211Resources&#038;utm_content=Domestic\"  target=\"_self\" itemprop=\"url\">\n\t\t\t\t<img decoding=\"async\" src=\"https:\/\/211md.org\/wp-content\/uploads\/bb-plugin\/cache\/2025_211_Icon-Sets_Domestic-Violence-square-7b597694a6f05fe90cdc376aa573bc63-.png\" alt=\"Bi\u1ec3u t\u01b0\u1ee3ng b\u1ea1o l\u1ef1c gia \u0111\u00ecnh\" itemprop=\"image\" height=\"417\" width=\"417\" title=\"2025_211_B\u1ed9 bi\u1ec3u t\u01b0\u1ee3ng_B\u1ea1o l\u1ef1c gia \u0111\u00ecnh\" onerror=\"this.style.display='none'\" loading=\"lazy\" \/>\n\t\t\t\t<\/a>\n\t\t<h4><a href=\"\/vi\/tai-nguyen\/tim-kiem-viec-lam\/?utm_source=Home&#038;utm_medium=Referral&#038;utm_campaign=211Resources&#038;utm_content=Employment\" target=\"_self\">Thu\u00ea ng\u01b0\u1eddi l\u00e0m<\/a><\/h4>\n\t\t\t\t<a href=\"\/vi\/tai-nguyen\/tim-kiem-viec-lam\/?utm_source=Home&#038;utm_medium=Referral&#038;utm_campaign=211Resources&#038;utm_content=Employment\"  target=\"_self\" itemprop=\"url\">\n\t\t\t\t<img decoding=\"async\" src=\"https:\/\/211md.org\/wp-content\/uploads\/bb-plugin\/cache\/2025_MdInfoNet_Icon-Sets_Employment-square-44707bd410e4df10a470bf130ebcea86-.png\" alt=\"\" itemprop=\"image\" onerror=\"this.style.display='none'\" loading=\"lazy\" \/>\n\t\t\t\t<\/a>\n\t\t<h4><a href=\"\/vi\/tai-nguyen\/cham-soc-suc-khoe\/?utm_source=Home&#038;utm_medium=Referral&#038;utm_campaign=211Resources&#038;utm_content=Health%20Care\" target=\"_self\">Ch\u0103m s\u00f3c s\u1ee9c kh\u1ecfe<\/a><\/h4>\n\t\t\t\t<a href=\"\/vi\/tai-nguyen\/cham-soc-suc-khoe\/?utm_source=Home&#038;utm_medium=Referral&#038;utm_campaign=211Resources&#038;utm_content=Health%20Care\"  target=\"_self\" itemprop=\"url\">\n\t\t\t\t<img decoding=\"async\" src=\"https:\/\/211md.org\/wp-content\/uploads\/bb-plugin\/cache\/2025_MdInfoNet_Icon-Sets_Health-Care-square-dee98a0060cbe0e7f27eda253fc12679-.png\" alt=\"\" itemprop=\"image\" onerror=\"this.style.display='none'\" loading=\"lazy\" \/>\n\t\t\t\t<\/a>\n\t\t<h4><a href=\"\/vi\/tai-nguyen\/gia-dinh-tre-em\/quan-he-ho-hang\/?utm_source=Home&#038;utm_medium=Referral&#038;utm_campaign=211Resources&#038;utm_content=Kinship\" target=\"_self\">h\u1ecd h\u00e0ng<\/a><\/h4>\n\t\t\t\t<a href=\"\/vi\/tai-nguyen\/gia-dinh-tre-em\/quan-he-ho-hang\/?utm_source=Home&#038;utm_medium=Referral&#038;utm_campaign=211Resources&#038;utm_content=Kinship\"  target=\"_self\" itemprop=\"url\">\n\t\t\t\t<img decoding=\"async\" src=\"https:\/\/211md.org\/wp-content\/uploads\/bb-plugin\/cache\/2025_211_Icon-Sets_Kinship-square-45bdf872866f5735f842c32071109267-.png\" alt=\"Bi\u1ec3u t\u01b0\u1ee3ng h\u1ecd h\u00e0ng\" itemprop=\"image\" height=\"417\" width=\"417\" title=\"2025_211_B\u1ed9 bi\u1ec3u t\u01b0\u1ee3ng_Quan h\u1ec7 h\u1ecd h\u00e0ng\" onerror=\"this.style.display='none'\" loading=\"lazy\" \/>\n\t\t\t\t<\/a>\n\t\t<h4><a href=\"\/vi\/tai-nguyen\/dich-vu-phap-ly\/?utm_source=Home&#038;utm_medium=Referral&#038;utm_campaign=211Resources&#038;utm_content=Legal\" target=\"_self\">D\u1ecbch v\u1ee5 ph\u00e1p l\u00fd<\/a><\/h4>\n\t\t\t\t<a href=\"\/vi\/tai-nguyen\/dich-vu-phap-ly\/?utm_source=Home&#038;utm_medium=Referral&#038;utm_campaign=211Resources&#038;utm_content=Legal\"  target=\"_self\" itemprop=\"url\">\n\t\t\t\t<img decoding=\"async\" src=\"https:\/\/211md.org\/wp-content\/uploads\/bb-plugin\/cache\/2025_MdInfoNet_Icon-Sets_Legal-square-18fdf438feb8435588174d9046463257-.png\" alt=\"\" itemprop=\"image\" onerror=\"this.style.display='none'\" loading=\"lazy\" \/>\n\t\t\t\t<\/a>\n\t\t<h4><a href=\"\/vi\/tai-nguyen\/suc-khoe-tinh-than\/?utm_source=Home&#038;utm_medium=Referral&#038;utm_campaign=211Resources&#038;utm_content=Mental\" target=\"_self\">S\u1ee9c kh\u1ecfe tinh th\u1ea7n<\/a><\/h4>\n\t\t\t\t<a href=\"\/vi\/tai-nguyen\/suc-khoe-tinh-than\/?utm_source=Home&#038;utm_medium=Referral&#038;utm_campaign=211Resources&#038;utm_content=Mental\"  target=\"_self\" itemprop=\"url\">\n\t\t\t\t<img decoding=\"async\" src=\"https:\/\/211md.org\/wp-content\/uploads\/bb-plugin\/cache\/2025_MdInfoNet_Icon-Sets_Mental-Health-square-c59b38c4a993a947d4c9280fbe2d2fee-.png\" alt=\"\" itemprop=\"image\" onerror=\"this.style.display='none'\" loading=\"lazy\" \/>\n\t\t\t\t<\/a>\n\t\t<h4><a href=\"\/vi\/tai-nguyen\/mdreentry\/?utm_source=Home&#038;utm_medium=Referral&#038;utm_campaign=211Resources&#038;utm_content=Reentry\" target=\"_self\">V\u00e0o l\u1ea1i<\/a><\/h4>\n\t\t\t\t<a href=\"\/vi\/tai-nguyen\/mdreentry\/?utm_source=Home&#038;utm_medium=Referral&#038;utm_campaign=211Resources&#038;utm_content=Reentry\"  target=\"_self\" itemprop=\"url\">\n\t\t\t\t<img decoding=\"async\" src=\"https:\/\/211md.org\/wp-content\/uploads\/bb-plugin\/cache\/2025_211_Icon-Sets_Reentry-square-8676fea38abd920a832f45642fe31cca-.png\" alt=\"Bi\u1ec3u t\u01b0\u1ee3ng nh\u1eadp l\u1ea1i\" itemprop=\"image\" height=\"417\" width=\"417\" title=\"2025_211_B\u1ed9 bi\u1ec3u t\u01b0\u1ee3ng_Nh\u1eadp l\u1ea1i\" onerror=\"this.style.display='none'\" loading=\"lazy\" \/>\n\t\t\t\t<\/a>\n\t\t<h4><a href=\"\/vi\/tai-nguyen\/su-dung-chat-kich-thich\/?utm_source=Home&#038;utm_medium=Referral&#038;utm_campaign=211Resources&#038;utm_content=Substance\" target=\"_self\">S\u1eed d\u1ee5ng ch\u1ea5t k\u00edch th\u00edch<\/a><\/h4>\n\t\t\t\t<a href=\"\/vi\/tai-nguyen\/su-dung-chat-kich-thich\/?utm_source=Home&#038;utm_medium=Referral&#038;utm_campaign=211Resources&#038;utm_content=Substance\"  target=\"_self\" itemprop=\"url\">\n\t\t\t\t<img decoding=\"async\" src=\"https:\/\/211md.org\/wp-content\/uploads\/bb-plugin\/cache\/2025_MdInfoNet_Icon-Sets_Substance-Abuse-square-9022fec9d18a64118ad685c101885b55-.png\" alt=\"\" itemprop=\"image\" onerror=\"this.style.display='none'\" loading=\"lazy\" \/>\n\t\t\t\t<\/a>\n\t\t<h4><a href=\"\/vi\/tai-nguyen\/cuu-chien-binh\/?utm_source=Home&#038;utm_medium=Referral&#038;utm_campaign=211Resources&#038;utm_content=Veterans\" target=\"_self\">c\u1ef1u chi\u1ebfn binh<\/a><\/h4>\n\t\t\t\t<a href=\"\/vi\/tai-nguyen\/cuu-chien-binh\/?utm_source=Home&#038;utm_medium=Referral&#038;utm_campaign=211Resources&#038;utm_content=Veterans\"  target=\"_self\" itemprop=\"url\">\n\t\t\t\t<img decoding=\"async\" src=\"https:\/\/211md.org\/wp-content\/uploads\/bb-plugin\/cache\/2025_MdInfoNet_Icon-Sets_Rating-square-6e60d00cce4faa8e0a6d4ad7366aa733-.png\" alt=\"\" itemprop=\"image\" onerror=\"this.style.display='none'\" loading=\"lazy\" \/>\n\t\t\t\t<\/a>","protected":false},"excerpt":{"rendered":"<p>Nh\u00e2n vi\u00ean Maryland b\u1ecb m\u1ea5t vi\u1ec7c do l\u1ed7i kh\u00f4ng ph\u1ea3i do l\u1ed7i c\u1ee7a h\u1ecd c\u00f3 th\u1ec3 \u0111\u1ee7 \u0111i\u1ec1u ki\u1ec7n nh\u1eadn tr\u1ee3 c\u1ea5p th\u1ea5t nghi\u1ec7p. Ch\u01b0\u01a1ng tr\u00ecnh n\u00e0y cung c\u1ea5p c\u00e1c kho\u1ea3n tr\u1ee3 c\u1ea5p b\u1ea3o hi\u1ec3m th\u1ea5t nghi\u1ec7p (UI) t\u1ea1m th\u1eddi \u0111\u1ec3 thay th\u1ebf m\u1ed9t ph\u1ea7n thu nh\u1eadp. T\u1ea1i Maryland, ng\u01b0\u1eddi lao \u0111\u1ed9ng ph\u1ea3i n\u1ed9p \u0111\u01a1n h\u00e0ng tu\u1ea7n v\u00e0 x\u00e1c minh r\u1eb1ng h\u1ecd \u0111ang t\u00edch c\u1ef1c t\u00ecm ki\u1ebfm vi\u1ec7c l\u00e0m. T\u00ecm hi\u1ec3u c\u00e1ch \u0111\u0103ng k\u00fd tr\u1ee3 c\u1ea5p, mua b\u1ea3o hi\u1ec3m y t\u1ebf\u2026<\/p>","protected":false},"author":8,"featured_media":33905,"parent":924,"menu_order":0,"comment_status":"closed","ping_status":"closed","template":"","meta":{"footnotes":""},"class_list":["post-985","page","type-page","status-publish","has-post-thumbnail","hentry"],"_links":{"self":[{"href":"https:\/\/211md.org\/vi\/wp-json\/wp\/v2\/pages\/985","targetHints":{"allow":["GET"]}}],"collection":[{"href":"https:\/\/211md.org\/vi\/wp-json\/wp\/v2\/pages"}],"about":[{"href":"https:\/\/211md.org\/vi\/wp-json\/wp\/v2\/types\/page"}],"author":[{"embeddable":true,"href":"https:\/\/211md.org\/vi\/wp-json\/wp\/v2\/users\/8"}],"replies":[{"embeddable":true,"href":"https:\/\/211md.org\/vi\/wp-json\/wp\/v2\/comments?post=985"}],"version-history":[{"count":5,"href":"https:\/\/211md.org\/vi\/wp-json\/wp\/v2\/pages\/985\/revisions"}],"predecessor-version":[{"id":34019,"href":"https:\/\/211md.org\/vi\/wp-json\/wp\/v2\/pages\/985\/revisions\/34019"}],"up":[{"embeddable":true,"href":"https:\/\/211md.org\/vi\/wp-json\/wp\/v2\/pages\/924"}],"wp:featuredmedia":[{"embeddable":true,"href":"https:\/\/211md.org\/vi\/wp-json\/wp\/v2\/media\/33905"}],"wp:attachment":[{"href":"https:\/\/211md.org\/vi\/wp-json\/wp\/v2\/media?parent=985"}],"curies":[{"name":"wp","href":"https:\/\/api.w.org\/{rel}","templated":true}]}}