{"id":991,"date":"2021-04-16T17:42:02","date_gmt":"2021-04-16T17:42:02","guid":{"rendered":"https:\/\/211md.org\/?page_id=991"},"modified":"2025-12-01T10:13:33","modified_gmt":"2025-12-01T15:13:33","slug":"wic","status":"publish","type":"page","link":"https:\/\/211md.org\/vi\/resources\/food\/wic\/","title":{"rendered":"WIC Maryland gi\u00fap \u0111\u1ee1 ph\u1ee5 n\u1eef, tr\u1ebb s\u01a1 sinh v\u00e0 tr\u1ebb em v\u1ec1 th\u1ef1c ph\u1ea9m nh\u01b0 th\u1ebf n\u00e0o"},"content":{"rendered":"<img decoding=\"async\" src=\"https:\/\/stg-maryland211-staging.kinsta.cloud\/wp-content\/uploads\/2025\/08\/5-1-scaled.png\" alt=\"5\" itemprop=\"image\" height=\"692\" width=\"2560\" title=\"5\" onerror=\"this.style.display='none'\" loading=\"lazy\" \/>\n\t\t<p>WIC cung c\u1ea5p phi\u1ebfu mua th\u1ef1c ph\u1ea9m cho c\u00e1c b\u00e0 m\u1eb9 t\u01b0\u01a1ng lai \u0111\u1ee7 \u0111i\u1ec1u ki\u1ec7n, c\u00e1c b\u00e0 m\u1eb9 m\u1edbi sinh \u0111ang cho con b\u00fa v\u00e0 tr\u1ebb em d\u01b0\u1edbi 5 tu\u1ed5i.<\/p>\n<p>T\u00ecm hi\u1ec3u v\u1ec1 \u0111i\u1ec1u ki\u1ec7n tham gia v\u00e0 k\u1ebft n\u1ed1i v\u1edbi ch\u01b0\u01a1ng tr\u00ecnh th\u1ef1c ph\u1ea9m n\u00e0y c\u0169ng nh\u01b0 c\u00e1c ch\u01b0\u01a1ng tr\u00ecnh kh\u00e1c.<\/p>\n\t\t\t<a href=\"#start\" target=\"_self\">\n\t\t\t\t\t\tB\u1eaft \u0111\u1ea7u\n\t\t\t\t\t<\/a>\n\t\t\t\t<img decoding=\"async\" src=\"https:\/\/211md.org\/wp-content\/plugins\/bb-plugin\/img\/pixel.png\" alt=\"\" itemprop=\"image\" onerror=\"this.style.display='none'\" loading=\"lazy\" \/>\n\t\t\t\t<img decoding=\"async\" src=\"https:\/\/stg-maryland211-staging.kinsta.cloud\/wp-content\/uploads\/2025\/08\/16.png\" alt=\"16\" itemprop=\"image\" height=\"1000\" width=\"1000\" title=\"16\" onerror=\"this.style.display='none'\" loading=\"lazy\" \/>\n\t\t\t\t<img decoding=\"async\" src=\"https:\/\/211md.org\/wp-content\/uploads\/2021\/05\/Woman-Feeding-Baby.png\" alt=\"M\u1eb9 cho b\u00e9 s\u01a1 sinh b\u00fa\" itemprop=\"image\" height=\"348\" width=\"460\" title=\"Ng\u01b0\u1eddi Ph\u1ee5 N\u1eef Cho B\u00e9 \u0102n\" onerror=\"this.style.display='none'\" loading=\"lazy\" \/>\n\t<h2>WIC Maryland<\/h2>\n<p>Maryland WIC cung c\u1ea5p phi\u1ebfu mua th\u1ef1c ph\u1ea9m, gi\u00e1o d\u1ee5c dinh d\u01b0\u1ee1ng v\u00e0 h\u1ed7 tr\u1ee3 nu\u00f4i con b\u1eb1ng s\u1eefa m\u1eb9.<\/p>\n<p>Ch\u01b0\u01a1ng tr\u00ecnh h\u1ed7 tr\u1ee3 t\u1eadp trung v\u00e0o ch\u1ebf \u0111\u1ed9 dinh d\u01b0\u1ee1ng t\u1ed1t h\u01a1n v\u00e0 t\u01b0\u01a1ng lai t\u01b0\u01a1i s\u00e1ng h\u01a1n cho tr\u1ebb em.<\/p>\n<p>Ch\u01b0\u01a1ng tr\u00ecnh c\u0169ng c\u00f3 th\u1ec3 k\u1ebft n\u1ed1i ph\u1ee5 n\u1eef v\u00e0 tr\u1ebb em v\u1edbi c\u00e1c d\u1ecbch v\u1ee5 kh\u00e1c.\u00a0<\/p>\n<h3>B\u1ea1n c\u00f3 th\u1ec3 mua g\u00ec v\u1edbi WIC?<\/h3>\n<p>Th\u1ebb WIC c\u00f3 th\u1ec3 \u0111\u01b0\u1ee3c s\u1eed d\u1ee5ng \u0111\u1ec3 mua c\u00e1c m\u1eb7t h\u00e0ng t\u1ea1p h\u00f3a nh\u01b0:<\/p>\n<ul>\n<li>tr\u00e1i c\u00e2y t\u01b0\u01a1i<\/li>\n<li>rau<\/li>\n<li>th\u1ee9c \u0103n tr\u1ebb em<\/li>\n<li>s\u1eefa<\/li>\n<li>tr\u1ee9ng<\/li>\n<li>\u0111\u1eadu<\/li>\n<li>ph\u00f4 mai<\/li>\n<\/ul>\n<p>Theo nh\u01b0\u00a0<a href=\"https:\/\/health.maryland.gov\/phpa\/wic\/Pages\/participants.aspx\" target=\"_blank\" rel=\"noopener\">S\u1edf Y t\u1ebf Maryland<\/a>, h\u01a1n m\u1ed9t n\u1eeda s\u1ed1 tr\u1ebb s\u01a1 sinh sinh ra \u1edf Hoa K\u1ef3 tham gia WIC.\u00a0<\/p>\n\t\t\t\t<a href=\"https:\/\/search.211md.org\/\" target=\"_blank\" rel=\"noopener\" itemprop=\"url\">\n\t\t\t\t<img decoding=\"async\" src=\"https:\/\/stg-maryland211-staging.kinsta.cloud\/wp-content\/uploads\/2025\/08\/2025_MdInfoNet_Icon-Sets-white_Locate.png\" alt=\"\" itemprop=\"image\" onerror=\"this.style.display='none'\" loading=\"lazy\" \/>\n\t\t\t\t<\/a>\n<h2><a href=\"https:\/\/search.211md.org\/\" target=\"_blank\" rel=\"noopener\">T\u00ecm t\u00e0i nguy\u00ean ngay<\/a><\/h2><p>T\u00ecm th\u1ea5y <strong>t\u00e0i nguy\u00ean c\u1ed9ng \u0111\u1ed3ng <\/strong>\u0111\u1ec3 t\u00ecm ki\u1ebfm th\u1ef1c ph\u1ea9m, ch\u0103m s\u00f3c s\u1ee9c kh\u1ecfe, nh\u00e0 \u1edf v\u00e0 nhi\u1ec1u th\u00f4ng tin kh\u00e1c trong c\u01a1 s\u1edf d\u1eef li\u1ec7u c\u1ee7a ch\u00fang t\u00f4i. T\u00ecm ki\u1ebfm theo m\u00e3 ZIP.<\/p>\n\t\t\t<a href=\"https:\/\/search.211md.org\/\" target=\"_blank\" rel=\"noopener\">\n\t\t\t\t\t\t\tT\u00ecm ki\u1ebfm ngay b\u00e2y gi\u1edd\n\t\t\t<\/a>\n\t\t\t\t<img decoding=\"async\" src=\"http:\/\/211md.org\/wp-content\/uploads\/2025\/09\/Child-eating-food.jpg\" alt=\"Tr\u1ebb em \u0111ang \u0103n th\u1ee9c \u0103n\" itemprop=\"image\" title=\"Tr\u1ebb em \u0111ang \u0103n th\u1ee9c \u0103n\" onerror=\"this.style.display='none'\" loading=\"lazy\" \/>\n\t<h3>Ai \u0110\u1ee7 \u0110i\u1ec1u Ki\u1ec7n Tham Gia WIC \u1ede Maryland?<\/h3>\n<p>\u0110\u1ec3 \u0111\u0103ng k\u00fd WIC, b\u1ea1n c\u1ea7n ph\u1ea3i \u0111\u00e1p \u1ee9ng c\u00e1c nguy\u00ean t\u1eafc v\u1ec1 ti\u00eau chu\u1ea9n v\u00e0 \u0111\u1eb7t l\u1ecbch h\u1eb9n v\u1edbi c\u01a1 quan WIC t\u1ea1i \u0111\u1ecba ph\u01b0\u01a1ng c\u1ee7a b\u1ea1n.<\/p>\n<p>B\u1ea1n c\u00f3 th\u1ec3 \u0111\u0103ng k\u00fd WIC Maryland n\u1ebfu b\u1ea1n:<\/p>\n<ul>\n<li>S\u1ed1ng \u1edf Maryland<\/li>\n<li>B\u1ea1n l\u00e0:\n<ul>\n<li>C\u00f3 thai<\/li>\n<li>Ng\u01b0\u1eddi m\u1eb9 m\u1edbi (t\u1ed1i \u0111a s\u00e1u th\u00e1ng sau khi sinh)<\/li>\n<li>Cho con b\u00fa (\u0111\u1ebfn m\u1ed9t n\u0103m sau khi sinh)<\/li>\n<li>tr\u1ebb s\u01a1 sinh<\/li>\n<li>Tr\u1ebb em d\u01b0\u1edbi n\u0103m tu\u1ed5i<\/li>\n<\/ul>\n<\/li>\n<li>G\u1eb7p\u00a0<a href=\"https:\/\/health.maryland.gov\/phpa\/wic\/Documents\/certification\/O-00%20Income%20Guidelines%20E_S%20Current.pdf\" target=\"_blank\" rel=\"noopener\">h\u01b0\u1edbng d\u1eabn thu nh\u1eadp<\/a><\/li>\n<li>C\u00f3 nhu c\u1ea7u dinh d\u01b0\u1ee1ng<\/li>\n<\/ul>\n<p>N\u1ebfu \u0111\u00e1p \u1ee9ng c\u00e1c ti\u00eau chu\u1ea9n n\u00e0y, b\u1ea1n c\u00f3 th\u1ec3 nh\u1eadn \u0111\u01b0\u1ee3c ph\u00fac l\u1ee3i WIC b\u1ea5t k\u1ec3 c\u00f4ng vi\u1ec7c ho\u1eb7c ho\u00e0n c\u1ea3nh c\u00e1 nh\u00e2n c\u1ee7a b\u1ea1n nh\u01b0 th\u1ebf n\u00e0o. B\u1ea1n c\u00f3 th\u1ec3 \u0111\u1ee7 \u0111i\u1ec1u ki\u1ec7n ngay c\u1ea3 khi b\u1ea1n \u0111ang l\u00e0m vi\u1ec7c, th\u1ea5t nghi\u1ec7p, \u0111\u00e3 k\u1ebft h\u00f4n, \u0111\u1ed9c th\u00e2n, s\u1edf h\u1eefu nh\u00e0 ho\u1eb7c s\u1ed1ng v\u1edbi b\u1ea1n b\u00e8.<\/p>\n<p>Cha, m\u1eb9, \u00f4ng b\u00e0 v\u00e0 ng\u01b0\u1eddi gi\u00e1m h\u1ed9 c\u00f3 th\u1ec3 n\u1ed9p \u0111\u01a1n xin tr\u1ee3 c\u1ea5p cho tr\u1ebb em d\u01b0\u1edbi n\u0103m tu\u1ed5i.<\/p>\n<p>&nbsp;<\/p>\n\t\t\n\t\t<h2>\u1ee8ng d\u1ee5ng WIC Maryland<\/h2>\n<p>\u0110\u1ec3 b\u1eaft \u0111\u1ea7u \u0111\u0103ng k\u00fd WIC Maryland, b\u1ea1n c\u1ea7n \u0111\u1eb7t l\u1ecbch h\u1eb9n v\u1edbi c\u01a1 quan WIC t\u1ea1i \u0111\u1ecba ph\u01b0\u01a1ng c\u1ee7a m\u00ecnh.\u00a0<\/p>\n<p>B\u1ea1n s\u1ebd c\u1ea7n mang theo b\u1eb1ng ch\u1ee9ng v\u1ec1 thu nh\u1eadp h\u1ed9 gia \u0111\u00ecnh, b\u1eb1ng ch\u1ee9ng nh\u1eadn d\u1ea1ng, b\u1eb1ng ch\u1ee9ng v\u1ec1 \u0111\u1ecba ch\u1ec9 c\u1ee7a b\u1ea1n v\u00e0 c\u00f3 th\u1ec3 b\u1eb1ng ch\u1ee9ng mang thai, h\u1ed3 s\u01a1 ti\u00eam ch\u1ee7ng cho con b\u1ea1n ho\u1eb7c gi\u1ea5y gi\u1edbi thi\u1ec7u.<\/p>\n<h3>Li\u00ean h\u1ec7 WIC<\/h3>\n<ul>\n<li>G\u1ecdi 1-800-242-4942 <\/li>\n<li>G\u1eedi email \u0111\u1ebfn MDH.WIC@Maryland.gov<\/li>\n<li>\u0110i \u0111\u1ebfn v\u0103n ph\u00f2ng \u0111\u1ecba ph\u01b0\u01a1ng<\/li>\n<\/ul>\n\t\t\t<a href=\"https:\/\/phpa.health.maryland.gov\/wic\/Pages\/wic-apply.aspx\" target=\"_blank\" rel=\"noopener\">\n\t\t\t\t\t\t\tK\u1ebft n\u1ed1i v\u1edbi WIC\n\t\t\t\t\t<\/a>\n\t\t\t\t<img decoding=\"async\" src=\"https:\/\/211md.org\/wp-content\/plugins\/bb-plugin\/img\/pixel.png\" alt=\"\" itemprop=\"image\" onerror=\"this.style.display='none'\" loading=\"lazy\" \/>\n\t\t\t\t<img decoding=\"async\" src=\"https:\/\/211md.org\/wp-content\/uploads\/bb-plugin\/cache\/Call-center-specialst-circle-eeffe277a2415307db9e1df3ed658a58-.jpg\" alt=\"Chuy\u00ean gia trung t\u00e2m cu\u1ed9c g\u1ecdi\" itemprop=\"image\" height=\"800\" width=\"1200\" title=\"Trung t\u00e2m cu\u1ed9c g\u1ecdi \u0111\u1eb7c bi\u1ec7t\" onerror=\"this.style.display='none'\" loading=\"lazy\" \/>\n<h2>Quay s\u1ed1 211<\/h2><p>H\u00e3y tr\u00f2 chuy\u1ec7n v\u1edbi m\u1ed9t ng\u01b0\u1eddi chu \u0111\u00e1o v\u00e0 gi\u00e0u l\u00f2ng tr\u1eafc \u1ea9n 24\/7. H\u1ecd c\u0169ng c\u00f3 th\u1ec3 k\u1ebft n\u1ed1i b\u1ea1n v\u1edbi c\u00e1c ngu\u1ed3n l\u1ef1c.<\/p>\n<p>G\u1ecdi 211 ho\u1eb7c tr\u00ean \u0111i\u1ec7n tho\u1ea1i di \u0111\u1ed9ng, nh\u1ea5p v\u00e0o n\u00fat b\u00ean d\u01b0\u1edbi.<\/p>\n\t\t\t<a href=\"tel:%20+211\" target=\"_blank\" rel=\"noopener\">\n\t\t\t\t\t\tQuay s\u1ed1 211\n\t\t\t\t\t<\/a>\n\t\t\t\t<img decoding=\"async\" src=\"http:\/\/211md.org\/wp-content\/uploads\/2025\/09\/Maryland-WIC-App-Screenshots.jpg\" alt=\"\u1ea2nh ch\u1ee5p m\u00e0n h\u00ecnh \u1ee9ng d\u1ee5ng WIC Maryland\" itemprop=\"image\" title=\"\u1ea2nh ch\u1ee5p m\u00e0n h\u00ecnh \u1ee9ng d\u1ee5ng WIC Maryland\" onerror=\"this.style.display='none'\" loading=\"lazy\" \/>\n<h3>\u1ee8ng d\u1ee5ng WIC<\/h3>\n<p>Ngo\u00e0i ra c\u00f2n c\u00f3 m\u1ed9t \u1ee9ng d\u1ee5ng mi\u1ec5n ph\u00ed \u0111\u1ec3 k\u1ebft n\u1ed1i b\u1ea1n v\u1edbi c\u00e1c ph\u00fac l\u1ee3i WIC \u1edf Maryland. B\u1ea1n c\u00f3 th\u1ec3 xem c\u00e1c cu\u1ed9c h\u1eb9n s\u1eafp t\u1edbi, l\u1ee3i \u00edch th\u1ef1c ph\u1ea9m, qu\u00e9t UPC trong khi mua s\u1eafm \u0111\u1ec3 xem s\u1ea3n ph\u1ea9m c\u00f3 \u0111\u01b0\u1ee3c WIC ch\u1ea5p thu\u1eadn hay kh\u00f4ng v\u00e0 t\u00ecm c\u00e1c \u0111\u1ecba \u0111i\u1ec3m c\u1eeda h\u00e0ng WIC v\u00e0 ph\u00f2ng kh\u00e1m WIC tr\u00ean kh\u1eafp Maryland.<\/p>\n\t\t\t<a href=\"https:\/\/phpa.health.maryland.gov\/wic\/Pages\/wic-apply.aspx\" target=\"_blank\" rel=\"noopener\">\n\t\t\t\t\t\tT\u1ea3i xu\u1ed1ng tr\u00ean Apple\n\t\t\t\t\t<\/a>\n\t\t\t<a href=\"https:\/\/play.google.com\/store\/apps\/details?id=com.sigmasoftware.mdwic&#038;hl=en_US\" target=\"_blank\" rel=\"noopener\">\n\t\t\t\t\t\tT\u1ea3i xu\u1ed1ng tr\u00ean Android\n\t\t\t\t\t<\/a>\n<h2>\n\t\t\tT\u00ecm hi\u1ec3u th\u00eam th\u00f4ng tin v\u1ec1 th\u1ef1c ph\u1ea9m v\u00e0 tr\u1ebb em\t<\/h2>\n\t\t<h4><a href=\"\/vi\/tai-nguyen\/lao-hoa-khuyet-tat\/?utm_source=Home&#038;utm_medium=Referral&#038;utm_campaign=211Resources&#038;utm_content=Aging\" target=\"_self\">L\u00e3o h\u00f3a &amp; Khuy\u1ebft t\u1eadt<\/a><\/h4>\n\t\t\t\t<a href=\"\/vi\/tai-nguyen\/lao-hoa-khuyet-tat\/?utm_source=Home&#038;utm_medium=Referral&#038;utm_campaign=211Resources&#038;utm_content=Aging\"  target=\"_self\" itemprop=\"url\">\n\t\t\t\t<img decoding=\"async\" src=\"https:\/\/211md.org\/wp-content\/uploads\/bb-plugin\/cache\/2025_MdInfoNet_Icon-Sets_Aging-disability-square-c466727102cae71e5f27b8539bb51945-.png\" alt=\"\" itemprop=\"image\" onerror=\"this.style.display='none'\" loading=\"lazy\" \/>\n\t\t\t\t<\/a>\n\t\t<h4><a href=\"\/vi\/tai-nguyen\/gia-dinh-tre-em\/?utm_source=Home&#038;utm_medium=Referral&#038;utm_campaign=211Resources&#038;utm_content=Children\" target=\"_self\">Tr\u1ebb em &amp; Gia \u0111\u00ecnh<\/a><\/h4>\n\t\t\t\t<a href=\"\/vi\/tai-nguyen\/gia-dinh-tre-em\/?utm_source=Home&#038;utm_medium=Referral&#038;utm_campaign=211Resources&#038;utm_content=Children\"  target=\"_self\" itemprop=\"url\">\n\t\t\t\t<img decoding=\"async\" src=\"https:\/\/211md.org\/wp-content\/uploads\/bb-plugin\/cache\/2025_211_Icon-Sets_Child-care-square-f3b0d4edab3dcc467fadb5f55f4064c6-.png\" alt=\"parent and child icon for child care\" itemprop=\"image\" height=\"417\" width=\"417\" title=\"2025_211_B\u1ed9 bi\u1ec3u t\u01b0\u1ee3ng_Ch\u0103m s\u00f3c tr\u1ebb em\" onerror=\"this.style.display='none'\" loading=\"lazy\" \/>\n\t\t\t\t<\/a>\n\t\t<h4><a href=\"\/vi\/tai-nguyen\/gia-dinh-bao-luc\/?utm_source=Home&#038;utm_medium=Referral&#038;utm_campaign=211Resources&#038;utm_content=Domestic\" target=\"_self\">B\u1ea1o l\u1ef1c gia \u0111\u00ecnh<\/a><\/h4>\n\t\t\t\t<a href=\"\/vi\/tai-nguyen\/gia-dinh-bao-luc\/?utm_source=Home&#038;utm_medium=Referral&#038;utm_campaign=211Resources&#038;utm_content=Domestic\"  target=\"_self\" itemprop=\"url\">\n\t\t\t\t<img decoding=\"async\" src=\"https:\/\/211md.org\/wp-content\/uploads\/bb-plugin\/cache\/2025_211_Icon-Sets_Domestic-Violence-square-7b597694a6f05fe90cdc376aa573bc63-.png\" alt=\"Bi\u1ec3u t\u01b0\u1ee3ng b\u1ea1o l\u1ef1c gia \u0111\u00ecnh\" itemprop=\"image\" height=\"417\" width=\"417\" title=\"2025_211_B\u1ed9 bi\u1ec3u t\u01b0\u1ee3ng_B\u1ea1o l\u1ef1c gia \u0111\u00ecnh\" onerror=\"this.style.display='none'\" loading=\"lazy\" \/>\n\t\t\t\t<\/a>\n\t\t<h4><a href=\"\/vi\/tai-nguyen\/tim-kiem-viec-lam\/?utm_source=Home&#038;utm_medium=Referral&#038;utm_campaign=211Resources&#038;utm_content=Employment\" target=\"_self\">Thu\u00ea ng\u01b0\u1eddi l\u00e0m<\/a><\/h4>\n\t\t\t\t<a href=\"\/vi\/tai-nguyen\/tim-kiem-viec-lam\/?utm_source=Home&#038;utm_medium=Referral&#038;utm_campaign=211Resources&#038;utm_content=Employment\"  target=\"_self\" itemprop=\"url\">\n\t\t\t\t<img decoding=\"async\" src=\"https:\/\/211md.org\/wp-content\/uploads\/bb-plugin\/cache\/2025_MdInfoNet_Icon-Sets_Employment-square-44707bd410e4df10a470bf130ebcea86-.png\" alt=\"\" itemprop=\"image\" onerror=\"this.style.display='none'\" loading=\"lazy\" \/>\n\t\t\t\t<\/a>\n\t\t<h4><a href=\"\/vi\/tai-nguyen\/cham-soc-suc-khoe\/?utm_source=Home&#038;utm_medium=Referral&#038;utm_campaign=211Resources&#038;utm_content=Health%20Care\" target=\"_self\">Ch\u0103m s\u00f3c s\u1ee9c kh\u1ecfe<\/a><\/h4>\n\t\t\t\t<a href=\"\/vi\/tai-nguyen\/cham-soc-suc-khoe\/?utm_source=Home&#038;utm_medium=Referral&#038;utm_campaign=211Resources&#038;utm_content=Health%20Care\"  target=\"_self\" itemprop=\"url\">\n\t\t\t\t<img decoding=\"async\" src=\"https:\/\/211md.org\/wp-content\/uploads\/bb-plugin\/cache\/2025_MdInfoNet_Icon-Sets_Health-Care-square-dee98a0060cbe0e7f27eda253fc12679-.png\" alt=\"\" itemprop=\"image\" onerror=\"this.style.display='none'\" loading=\"lazy\" \/>\n\t\t\t\t<\/a>\n\t\t<h4><a href=\"\/vi\/tai-nguyen\/gia-dinh-tre-em\/quan-he-ho-hang\/?utm_source=Home&#038;utm_medium=Referral&#038;utm_campaign=211Resources&#038;utm_content=Kinship\" target=\"_self\">h\u1ecd h\u00e0ng<\/a><\/h4>\n\t\t\t\t<a href=\"\/vi\/tai-nguyen\/gia-dinh-tre-em\/quan-he-ho-hang\/?utm_source=Home&#038;utm_medium=Referral&#038;utm_campaign=211Resources&#038;utm_content=Kinship\"  target=\"_self\" itemprop=\"url\">\n\t\t\t\t<img decoding=\"async\" src=\"https:\/\/211md.org\/wp-content\/uploads\/bb-plugin\/cache\/2025_211_Icon-Sets_Kinship-square-45bdf872866f5735f842c32071109267-.png\" alt=\"Bi\u1ec3u t\u01b0\u1ee3ng h\u1ecd h\u00e0ng\" itemprop=\"image\" height=\"417\" width=\"417\" title=\"2025_211_B\u1ed9 bi\u1ec3u t\u01b0\u1ee3ng_Quan h\u1ec7 h\u1ecd h\u00e0ng\" onerror=\"this.style.display='none'\" loading=\"lazy\" \/>\n\t\t\t\t<\/a>\n\t\t<h4><a href=\"\/vi\/tai-nguyen\/dich-vu-phap-ly\/?utm_source=Home&#038;utm_medium=Referral&#038;utm_campaign=211Resources&#038;utm_content=Legal\" target=\"_self\">D\u1ecbch v\u1ee5 ph\u00e1p l\u00fd<\/a><\/h4>\n\t\t\t\t<a href=\"\/vi\/tai-nguyen\/dich-vu-phap-ly\/?utm_source=Home&#038;utm_medium=Referral&#038;utm_campaign=211Resources&#038;utm_content=Legal\"  target=\"_self\" itemprop=\"url\">\n\t\t\t\t<img decoding=\"async\" src=\"https:\/\/211md.org\/wp-content\/uploads\/bb-plugin\/cache\/2025_MdInfoNet_Icon-Sets_Legal-square-18fdf438feb8435588174d9046463257-.png\" alt=\"\" itemprop=\"image\" onerror=\"this.style.display='none'\" loading=\"lazy\" \/>\n\t\t\t\t<\/a>\n\t\t<h4><a href=\"\/vi\/tai-nguyen\/suc-khoe-tinh-than\/?utm_source=Home&#038;utm_medium=Referral&#038;utm_campaign=211Resources&#038;utm_content=Mental\" target=\"_self\">S\u1ee9c kh\u1ecfe tinh th\u1ea7n<\/a><\/h4>\n\t\t\t\t<a href=\"\/vi\/tai-nguyen\/suc-khoe-tinh-than\/?utm_source=Home&#038;utm_medium=Referral&#038;utm_campaign=211Resources&#038;utm_content=Mental\"  target=\"_self\" itemprop=\"url\">\n\t\t\t\t<img decoding=\"async\" src=\"https:\/\/211md.org\/wp-content\/uploads\/bb-plugin\/cache\/2025_MdInfoNet_Icon-Sets_Mental-Health-square-c59b38c4a993a947d4c9280fbe2d2fee-.png\" alt=\"\" itemprop=\"image\" onerror=\"this.style.display='none'\" loading=\"lazy\" \/>\n\t\t\t\t<\/a>\n\t\t<h4><a href=\"\/vi\/tai-nguyen\/mdreentry\/?utm_source=Home&#038;utm_medium=Referral&#038;utm_campaign=211Resources&#038;utm_content=Reentry\" target=\"_self\">V\u00e0o l\u1ea1i<\/a><\/h4>\n\t\t\t\t<a href=\"\/vi\/tai-nguyen\/mdreentry\/?utm_source=Home&#038;utm_medium=Referral&#038;utm_campaign=211Resources&#038;utm_content=Reentry\"  target=\"_self\" itemprop=\"url\">\n\t\t\t\t<img decoding=\"async\" src=\"https:\/\/211md.org\/wp-content\/uploads\/bb-plugin\/cache\/2025_211_Icon-Sets_Reentry-square-8676fea38abd920a832f45642fe31cca-.png\" alt=\"Bi\u1ec3u t\u01b0\u1ee3ng nh\u1eadp l\u1ea1i\" itemprop=\"image\" height=\"417\" width=\"417\" title=\"2025_211_B\u1ed9 bi\u1ec3u t\u01b0\u1ee3ng_Nh\u1eadp l\u1ea1i\" onerror=\"this.style.display='none'\" loading=\"lazy\" \/>\n\t\t\t\t<\/a>\n\t\t<h4><a href=\"\/vi\/tai-nguyen\/su-dung-chat-kich-thich\/?utm_source=Home&#038;utm_medium=Referral&#038;utm_campaign=211Resources&#038;utm_content=Substance\" target=\"_self\">S\u1eed d\u1ee5ng ch\u1ea5t k\u00edch th\u00edch<\/a><\/h4>\n\t\t\t\t<a href=\"\/vi\/tai-nguyen\/su-dung-chat-kich-thich\/?utm_source=Home&#038;utm_medium=Referral&#038;utm_campaign=211Resources&#038;utm_content=Substance\"  target=\"_self\" itemprop=\"url\">\n\t\t\t\t<img decoding=\"async\" src=\"https:\/\/211md.org\/wp-content\/uploads\/bb-plugin\/cache\/2025_MdInfoNet_Icon-Sets_Substance-Abuse-square-9022fec9d18a64118ad685c101885b55-.png\" alt=\"\" itemprop=\"image\" onerror=\"this.style.display='none'\" loading=\"lazy\" \/>\n\t\t\t\t<\/a>\n\t\t<h4><a href=\"\/vi\/tai-nguyen\/cuu-chien-binh\/?utm_source=Home&#038;utm_medium=Referral&#038;utm_campaign=211Resources&#038;utm_content=Veterans\" target=\"_self\">c\u1ef1u chi\u1ebfn binh<\/a><\/h4>\n\t\t\t\t<a href=\"\/vi\/tai-nguyen\/cuu-chien-binh\/?utm_source=Home&#038;utm_medium=Referral&#038;utm_campaign=211Resources&#038;utm_content=Veterans\"  target=\"_self\" itemprop=\"url\">\n\t\t\t\t<img decoding=\"async\" src=\"https:\/\/211md.org\/wp-content\/uploads\/bb-plugin\/cache\/2025_MdInfoNet_Icon-Sets_Rating-square-6e60d00cce4faa8e0a6d4ad7366aa733-.png\" alt=\"\" itemprop=\"image\" onerror=\"this.style.display='none'\" loading=\"lazy\" \/>\n\t\t\t\t<\/a>","protected":false},"excerpt":{"rendered":"<p>WIC cung c\u1ea5p phi\u1ebfu th\u1ef1c ph\u1ea9m cho c\u00e1c b\u00e0 m\u1eb9 t\u01b0\u01a1ng lai \u0111\u1ee7 \u0111i\u1ec1u ki\u1ec7n, c\u00e1c b\u00e0 m\u1eb9 m\u1edbi sinh \u0111ang cho con b\u00fa v\u00e0 tr\u1ebb em d\u01b0\u1edbi 5 tu\u1ed5i. T\u00ecm hi\u1ec3u v\u1ec1 \u0111i\u1ec1u ki\u1ec7n tham gia v\u00e0 k\u1ebft n\u1ed1i v\u1edbi ch\u01b0\u01a1ng tr\u00ecnh th\u1ef1c ph\u1ea9m n\u00e0y c\u00f9ng c\u00e1c ch\u01b0\u01a1ng tr\u00ecnh kh\u00e1c. B\u1eaft \u0111\u1ea7u WIC Maryland WIC Maryland cung c\u1ea5p phi\u1ebfu th\u1ef1c ph\u1ea9m, gi\u00e1o d\u1ee5c dinh d\u01b0\u1ee1ng v\u00e0 h\u1ed7 tr\u1ee3 nu\u00f4i con b\u1eb1ng s\u1eefa m\u1eb9. Ch\u01b0\u01a1ng tr\u00ecnh h\u1ed7 tr\u1ee3 t\u1eadp trung v\u00e0o dinh d\u01b0\u1ee1ng t\u1ed1t h\u01a1n v\u00e0 m\u1ed9t t\u01b0\u01a1ng lai t\u01b0\u01a1i s\u00e1ng h\u01a1n cho\u2026<\/p>","protected":false},"author":8,"featured_media":33737,"parent":746,"menu_order":0,"comment_status":"closed","ping_status":"closed","template":"","meta":{"footnotes":""},"group":[],"class_list":["post-991","page","type-page","status-publish","has-post-thumbnail","hentry"],"_links":{"self":[{"href":"https:\/\/211md.org\/vi\/wp-json\/wp\/v2\/pages\/991","targetHints":{"allow":["GET"]}}],"collection":[{"href":"https:\/\/211md.org\/vi\/wp-json\/wp\/v2\/pages"}],"about":[{"href":"https:\/\/211md.org\/vi\/wp-json\/wp\/v2\/types\/page"}],"author":[{"embeddable":true,"href":"https:\/\/211md.org\/vi\/wp-json\/wp\/v2\/users\/8"}],"replies":[{"embeddable":true,"href":"https:\/\/211md.org\/vi\/wp-json\/wp\/v2\/comments?post=991"}],"version-history":[{"count":11,"href":"https:\/\/211md.org\/vi\/wp-json\/wp\/v2\/pages\/991\/revisions"}],"predecessor-version":[{"id":34179,"href":"https:\/\/211md.org\/vi\/wp-json\/wp\/v2\/pages\/991\/revisions\/34179"}],"up":[{"embeddable":true,"href":"https:\/\/211md.org\/vi\/wp-json\/wp\/v2\/pages\/746"}],"wp:featuredmedia":[{"embeddable":true,"href":"https:\/\/211md.org\/vi\/wp-json\/wp\/v2\/media\/33737"}],"wp:attachment":[{"href":"https:\/\/211md.org\/vi\/wp-json\/wp\/v2\/media?parent=991"}],"wp:term":[{"taxonomy":"group","embeddable":true,"href":"https:\/\/211md.org\/vi\/wp-json\/wp\/v2\/group?post=991"}],"curies":[{"name":"wp","href":"https:\/\/api.w.org\/{rel}","templated":true}]}}