{"id":999,"date":"2021-04-16T18:11:18","date_gmt":"2021-04-16T18:11:18","guid":{"rendered":"https:\/\/211md.org\/?page_id=999"},"modified":"2025-09-07T20:53:11","modified_gmt":"2025-09-08T00:53:11","slug":"chuong-trinh-he","status":"publish","type":"page","link":"https:\/\/211md.org\/vi\/resources\/children-families\/summer-programs\/","title":{"rendered":"Tr\u1ea1i h\u00e8, ch\u01b0\u01a1ng tr\u00ecnh v\u00e0 h\u1ed7 tr\u1ee3 th\u1ef1c ph\u1ea9m cho tr\u1ebb em"},"content":{"rendered":"<p>B\u1ea1n \u0111ang t\u1ef1 h\u1ecfi l\u00e0m th\u1ebf n\u00e0o \u0111\u1ec3 gi\u1eef cho con b\u1ea1n b\u1eadn r\u1ed9n trong khi ch\u00fang \u0111ang ngh\u1ec9 h\u00e8? C\u00f3 s\u1eb5n c\u00e1c ch\u01b0\u01a1ng tr\u00ecnh gi\u1ea3i tr\u00ed mi\u1ec5n ph\u00ed ho\u1eb7c chi ph\u00ed th\u1ea5p trong khu v\u1ef1c c\u1ee7a b\u1ea1n.\u00a0\u00a0<\/p>\n<p>Nhi\u1ec1u c\u00f4ng vi\u00ean, c\u01a1 quan v\u00e0 t\u1ed5 ch\u1ee9c gi\u1ea3i tr\u00ed \u1edf \u0111\u1ecba ph\u01b0\u01a1ng cung c\u1ea5p c\u00e1c ch\u01b0\u01a1ng tr\u00ecnh v\u00e0 tr\u1ea1i \u0111\u1ec3 gi\u00fap tr\u1ebb em ho\u1ea1t \u0111\u1ed9ng trong m\u00f9a h\u00e8 m\u1ed9t c\u00e1ch vui v\u1ebb v\u00e0 h\u1ea5p d\u1eabn.<\/p>\n<h2>T\u00ecm tr\u1ea1i h\u00e8 Maryland<\/h2>\n<p><a href=\"https:\/\/search.211md.org\/search?query=PL-6400.1500-820&amp;query_type=taxonomy&amp;query_label=&amp;query_language=en\" target=\"_blank\" rel=\"noopener\">211 c\u00f3 c\u01a1 s\u1edf d\u1eef li\u1ec7u v\u1ec1 g\u1ea7n 200 tr\u1ea1i h\u00e8 v\u00e0 ngu\u1ed3n t\u00e0i li\u1ec7u<\/a>. B\u1ea1n c\u00f3 th\u1ec3 t\u00ecm ki\u1ebfm theo th\u00e0nh ph\u1ed1 ho\u1eb7c m\u00e3 ZIP, ng\u00f4n ng\u1eef v\u00e0 \u0111\u1ed9 tu\u1ed5i c\u1ee7a tr\u1ebb. <\/p>\n<p>Danh s\u00e1ch n\u00e0y bao g\u1ed3m c\u00e1c ch\u01b0\u01a1ng tr\u00ecnh C\u00f4ng vi\u00ean &amp; Gi\u1ea3i tr\u00ed, YMCA v\u00e0 c\u00e1c t\u1ed5 ch\u1ee9c kh\u00e1c. C\u01a1 s\u1edf d\u1eef li\u1ec7u 211 c\u0169ng bao g\u1ed3m c\u00e1c t\u00e0i nguy\u00ean tr\u1ea1i nh\u01b0 Danh m\u1ee5c Tr\u1ea1i h\u00e8 c\u1ee7a Li\u00ean minh Gia \u0111\u00ecnh Baltimore, c\u00f3 c\u00e1c tr\u1ea1i \u1edf khu v\u1ef1c Baltimore. B\u1ea1n ph\u1ea3i cung c\u1ea5p t\u00ean v\u00e0 email c\u1ee7a m\u00ecnh \u0111\u1ec3 t\u1ea3i xu\u1ed1ng <a href=\"https:\/\/www.baltimorefamilies.org\/summer-camp-directory.html\" target=\"_blank\" rel=\"noopener\">Th\u01b0 m\u1ee5c tr\u1ea1i h\u00e8 Baltimore<\/a>.<\/p>\n<p>B\u1ea1n c\u0169ng c\u00f3 th\u1ec3 t\u00ecm ki\u1ebfm c\u00e1c tr\u1ea1i h\u00e8 v\u00e0 x\u00e1c minh tr\u1ea1i b\u1ea1n ch\u1ecdn \u0111\u00e3 \u0111\u01b0\u1ee3c c\u1ea5p ph\u00e9p b\u1eb1ng c\u00e1ch s\u1eed d\u1ee5ng <a href=\"https:\/\/mdhyouthcamps.force.com\/CampSearch\/s\/\" target=\"_blank\" rel=\"noopener\">C\u01a1 s\u1edf d\u1eef li\u1ec7u tr\u1ea1i c\u1ee7a B\u1ed9 Y t\u1ebf Maryland<\/a>. C\u01a1 s\u1edf d\u1eef li\u1ec7u c\u1ee7a B\u1ed9 Y t\u1ebf cho ph\u00e9p b\u1ea1n t\u00ecm ki\u1ebfm theo t\u00ean tr\u1ea1i, s\u1ed1 gi\u1ea5y ph\u00e9p ho\u1eb7c qu\u1eadn.<\/p>\n\t\t\t\t<img decoding=\"async\" src=\"https:\/\/211md.org\/wp-content\/uploads\/2021\/05\/Diverse-Children.png\" alt=\"M\u1ed9t nh\u00f3m tr\u1ebb gi\u01a1 tay v\u00e0 m\u1ec9m c\u01b0\u1eddi\" itemprop=\"image\" height=\"348\" width=\"460\" title=\"tr\u1ebb em \u0111a d\u1ea1ng\" onerror=\"this.style.display='none'\" loading='lazy' \/>\n\t<h3>Ch\u01b0\u01a1ng tr\u00ecnh b\u1ed3i d\u01b0\u1ee1ng<\/h3>\n<p>211 c\u0169ng cung c\u1ea5p danh s\u00e1ch c\u00e1c ch\u01b0\u01a1ng tr\u00ecnh b\u1ed3i d\u01b0\u1ee1ng thanh ni\u00ean trong m\u00f9a h\u00e8. Ch\u00fang c\u00f3 th\u1ec3 bao g\u1ed3m d\u1ea1y k\u00e8m, ho\u1ea1t \u0111\u1ed9ng gi\u00e1o d\u1ee5c, h\u1ed7 tr\u1ee3 h\u1ecdc t\u1eadp v\u00e0 c\u00e1c ch\u01b0\u01a1ng tr\u00ecnh \u0111\u1eb7c bi\u1ec7t kh\u00e1c. <a href=\"https:\/\/search.211md.org\/search?query=PL-6400.1500-820&amp;query_type=taxonomy&amp;query_label=&amp;query_language=en\" target=\"_blank\" rel=\"noopener\">T\u00ecm ki\u1ebfm c\u00e1c ch\u01b0\u01a1ng tr\u00ecnh b\u1ed3i d\u01b0\u1ee1ng trong c\u01a1 s\u1edf d\u1eef li\u1ec7u t\u00e0i nguy\u00ean to\u00e0n ti\u1ec3u bang c\u1ee7a ch\u00fang t\u00f4i<\/a>.<\/p>\n<h4>C\u00e1c h\u1ed7 tr\u1ee3 kh\u00e1c d\u00e0nh cho tr\u1ebb em<\/h4>\n<p>211 c\u0169ng c\u00f3 c\u00e1c ngu\u1ed3n h\u1ed7 tr\u1ee3 d\u00e0nh cho tr\u1ebb em c\u00f3 th\u1ec3 gi\u00fap d\u1ea1y k\u00e8m ho\u1eb7c c\u1ed1 v\u1ea5n. Ch\u00fang t\u00f4i c\u0169ng c\u00f3 t\u00ecm ki\u1ebfm c\u00e1c tr\u01b0\u1eddng c\u00f4ng l\u1eadp. Ki\u1ec3m tra v\u1edbi khu h\u1ecdc ch\u00e1nh \u0111\u1ecba ph\u01b0\u01a1ng c\u1ee7a b\u1ea1n \u0111\u1ec3 xem h\u1ecd c\u00f3 ch\u01b0\u01a1ng tr\u00ecnh h\u00e8 ho\u1eb7c tr\u01b0\u1eddng h\u1ecdc h\u00e8 hay kh\u00f4ng.<\/p>\n<p>B\u1ea1n c\u0169ng c\u00f3 th\u1ec3 g\u1ecdi s\u1ed1 211 \u0111\u1ec3 \u0111\u01b0\u1ee3c tr\u1ee3 gi\u00fap t\u00ecm tr\u1ea1i h\u00e8 ho\u1eb7c ch\u01b0\u01a1ng tr\u00ecnh.<\/p>\n<p>T\u00ecm ki\u1ebfm:<\/p>\n<ul>\n<li><a href=\"https:\/\/search.211md.org\/search?query=HL-8700&amp;query_type=taxonomy&amp;query_label=&amp;query_language=en\" target=\"_blank\" rel=\"noopener\">D\u1ecbch v\u1ee5 gia s\u01b0<\/a><\/li>\n<li><a href=\"https:\/\/search.211md.org\/search?query=HD-8000&amp;query_type=taxonomy&amp;query_label=&amp;query_language=en\" target=\"_blank\" rel=\"noopener\">Tr\u01b0\u1eddng c\u00f4ng<\/a><\/li>\n<li><a href=\"https:\/\/search.211md.org\/search?query=PH-1400.5000-100&amp;query_type=taxonomy&amp;query_label=&amp;query_language=en\" target=\"_blank\" rel=\"noopener\">Ch\u01b0\u01a1ng tr\u00ecnh K\u00e8m c\u1eb7p Ng\u01b0\u1eddi l\u1edbn\/Tr\u1ebb em<\/a><\/li>\n<\/ul>\n\t<h2><b>Th\u1ef1c Ph\u1ea9m Cho Tr\u1ebb Tu\u1ed5i \u0110i H\u1ecdc Trong M\u00f9a H\u00e8<\/b>\u00a0<\/h2>\n<p>Nhi\u1ec1u khu h\u1ecdc ch\u00e1nh cung c\u1ea5p c\u00e1c b\u1eefa \u0103n l\u00e0nh m\u1ea1nh cho tr\u1ebb em trong m\u00f9a h\u00e8 nh\u01b0 m\u1ed9t ph\u1ea7n m\u1edf r\u1ed9ng c\u1ee7a c\u00e1c d\u1ecbch v\u1ee5 \u0111\u01b0\u1ee3c cung c\u1ea5p trong n\u0103m h\u1ecdc. B\u1ea1n kh\u00f4ng c\u1ea7n ph\u1ea3i \u0111\u0103ng k\u00fd ho\u1eb7c cung c\u1ea5p gi\u1ea5y t\u1edd t\u00f9y th\u00e2n \u0111\u1ec3 nh\u1eadn th\u1ee9c \u0103n cho tr\u1ebb em t\u1eeb 18 tu\u1ed5i tr\u1edf xu\u1ed1ng.\u00a0<\/p>\n<p>C\u00e1c ch\u01b0\u01a1ng tr\u00ecnh n\u00e0y th\u01b0\u1eddng di\u1ec5n ra t\u1ea1i th\u01b0 vi\u1ec7n, tr\u01b0\u1eddng h\u1ecdc, t\u1ed5 ch\u1ee9c t\u00f4n gi\u00e1o, trung t\u00e2m gi\u1ea3i tr\u00ed ho\u1eb7c \u0111\u1ed1i t\u00e1c c\u1ed9ng \u0111\u1ed3ng kh\u00e1c.<\/p>\n<p><a href=\"https:\/\/mars.msde.maryland.gov\/mars_sitesearch\/\" target=\"_blank\" rel=\"noopener\">T\u00ecm m\u1ed9t trang web th\u1ef1c ph\u1ea9m m\u00f9a h\u00e8 g\u1ea7n b\u1ea1n<\/a>.\u00a0<\/p>\n<h3>Bucks n\u1eafng m\u00f9a h\u00e8<\/h3>\n<p>B\u1eaft \u0111\u1ea7u t\u1eeb n\u0103m nay, c\u0169ng s\u1ebd c\u00f3 ch\u01b0\u01a1ng tr\u00ecnh EBT M\u00f9a h\u00e8 \u0111\u01b0\u1ee3c g\u1ecdi l\u00e0 <a href=\"https:\/\/www.fns.usda.gov\/summer\/sunbucks\" target=\"_blank\" rel=\"noopener\">SUN Bucks<\/a> \u0111\u1ec3 gi\u1ea3m b\u1edbt n\u1ea1n \u0111\u00f3i m\u00f9a h\u00e8.<\/p>\n<p>C\u00e1c gia \u0111\u00ecnh \u0111\u1ee7 \u0111i\u1ec1u ki\u1ec7n s\u1ebd nh\u1eadn \u0111\u01b0\u1ee3c $120 cho m\u1ed7i \u0111\u1ee9a tr\u1ebb \u0111\u1ec3 gi\u00fap mua h\u00e0ng t\u1ea1p h\u00f3a cho con h\u1ecd trong m\u00f9a h\u00e8 khi tr\u01b0\u1eddng h\u1ecdc \u0111\u00f3ng c\u1eeda. H\u1ea7u h\u1ebft c\u00e1c gia \u0111\u00ecnh \u1edf Maryland s\u1ebd \u0111\u01b0\u1ee3c t\u1ef1 \u0111\u1ed9ng ghi danh. B\u1ea1n kh\u00f4ng c\u1ea7n ph\u1ea3i n\u1ed9p \u0111\u01a1n n\u1ebfu:<\/p>\n<ul>\n<li>h\u1ed9 gia \u0111\u00ecnh nh\u1eadn \u0111\u01b0\u1ee3c b\u1eefa \u0103n t\u1ea1i tr\u01b0\u1eddng mi\u1ec5n ph\u00ed ho\u1eb7c gi\u1ea3m gi\u00e1<\/li>\n<li>h\u1ed9 gia \u0111\u00ecnh tham gia SNAP (tem th\u1ef1c ph\u1ea9m), H\u1ed7 tr\u1ee3 Ti\u1ec1n m\u1eb7t T\u1ea1m th\u1eddi (TCA) ho\u1eb7c Medicaid<\/li>\n<li>tr\u1ebb em \u0111ang \u0111\u01b0\u1ee3c ch\u0103m s\u00f3c nu\u00f4i d\u01b0\u1ee1ng, v\u00f4 gia c\u01b0, di c\u01b0 ho\u1eb7c b\u1ecf tr\u1ed1n<\/li>\n<\/ul>\n<p>Ch\u01b0\u01a1ng tr\u00ecnh n\u00e0y d\u1ef1 ki\u1ebfn s\u1ebd gi\u00fap nu\u00f4i s\u1ed1ng 50.000 tr\u1ebb em tr\u00ean to\u00e0n ti\u1ec3u bang.<\/p>\n<p>\u0110\u00e2y l\u00e0 m\u1ed9t l\u1ee3i \u00edch t\u1ea1p h\u00f3a \u0111\u01b0\u1ee3c li\u00ean bang t\u00e0i tr\u1ee3. V\u00e0o th\u00e1ng 6, th\u00e1ng 7 v\u00e0 th\u00e1ng 8, c\u00e1c gia \u0111\u00ecnh s\u1ebd nh\u1eadn \u0111\u01b0\u1ee3c $40 m\u1ed7i th\u00e1ng (t\u1ed5ng c\u1ed9ng $120) cho m\u1ed7i h\u1ecdc sinh \u0111\u1ee7 \u0111i\u1ec1u ki\u1ec7n. Ti\u1ec1n s\u1ebd h\u1ebft h\u1ea1n sau 122 ng\u00e0y k\u1ec3 t\u1eeb ng\u00e0y ph\u00e1t h\u00e0nh v\u00e0 kh\u00f4ng th\u1ec3 c\u1ea5p l\u1ea1i.<\/p>\n<p>H\u1ecdc nhi\u1ec1u h\u01a1n v\u1ec1 <a href=\"https:\/\/dhs.maryland.gov\/sunbucks\/\" target=\"_blank\" rel=\"noopener\">Bucks m\u00f9a h\u00e8 \u1edf Maryland<\/a>.<\/p>\n\t\t\t\t<img decoding=\"async\" src=\"http:\/\/211md.org\/wp-content\/uploads\/2024\/04\/School-aged-children-getting-free-lunch.jpg\" alt=\"Tr\u1ebb em tu\u1ed5i \u0111i h\u1ecdc \u0111\u01b0\u1ee3c \u0103n tr\u01b0a mi\u1ec5n ph\u00ed\" itemprop=\"image\" title=\"Tr\u1ebb em tu\u1ed5i \u0111i h\u1ecdc \u0111\u01b0\u1ee3c \u0103n tr\u01b0a mi\u1ec5n ph\u00ed\" onerror=\"this.style.display='none'\" loading='lazy' \/>\n<h2>Th\u00f4ng tin li\u00ean quan<\/h2>\n<p><a title=\"l\u00e0m cha m\u1eb9\" href=\"https:\/\/211md.org\/vi\/tai-nguyen\/gia-dinh-tre-em\/lam-cha-me\/\">H\u1ed7 tr\u1ee3 nu\u00f4i d\u1ea1y con c\u00e1i<\/a><\/p>\n<p><a title=\"c\u00f3 con\" href=\"https:\/\/211md.org\/vi\/tai-nguyen\/gia-dinh-tre-em\/sinh-con\/\">c\u00f3 con<\/a><\/p>\n<p><a href=\"https:\/\/211md.org\/vi\/tai-nguyen\/do-an\/wic\/\">Ph\u1ee5 n\u1eef, Tr\u1ebb s\u01a1 sinh v\u00e0 Tr\u1ebb em (WIC)<\/a><\/p>\n<p><a title=\"ACE\" href=\"https:\/\/211md.org\/vi\/tai-nguyen\/gia-dinh-tre-em\/con-at-chu-bai\/\">ACE<\/a><\/p>\n<p><a title=\"Con t\u00f4i m\u1ea5t ki\u1ec3m so\u00e1t\" href=\"https:\/\/211md.org\/vi\/tai-nguyen\/gia-dinh-tre-em\/hanh-vi-tre-em\/\">h\u00e0nh vi tr\u1ebb em<\/a><\/p>\n<p><a href=\"https:\/\/211md.org\/vi\/tai-nguyen\/gia-dinh-tre-em\/quan-he-ho-hang\/\" target=\"_blank\" rel=\"noopener\">Ch\u0103m s\u00f3c h\u1ecd h\u00e0ng<\/a><\/p>\n<p><a href=\"https:\/\/211md.org\/vi\/tai-nguyen\/gia-dinh-tre-em\/quan-he-ho-hang-2\/\" target=\"_blank\" rel=\"noopener\">\u0110i\u1ec1u h\u01b0\u1edbng quan h\u1ec7 h\u1ecd h\u00e0ng<\/a><\/p>\n<h2>\n\t\t\tT\u00ecm t\u00e0i nguy\u00ean\t<\/h2>\n\t\t\t\t<a href=\"\/vi\/tai-nguyen\/lao-hoa-khuyet-tat\/\"  target=\"_self\" itemprop=\"url\">\n\t\t\t\t<img decoding=\"async\" src=\"https:\/\/211md.org\/wp-content\/uploads\/bb-plugin\/cache\/Mask-Group-41@2x-circle-73eaadba4cad8269faa4720e25cf1c85-.png\" alt=\"\u0110\u00f4i ch\u00e2n c\u1ee7a m\u1ed9t ng\u01b0\u1eddi ph\u1ee5 n\u1eef l\u1edbn tu\u1ed5i v\u00e0 m\u1ed9t c\u00f4 g\u00e1i tr\u1ebb c\u00f9ng nhau b\u01b0\u1edbc \u0111i\" itemprop=\"image\" height=\"500\" width=\"500\" title=\"D\u1ecbch v\u1ee5 ng\u01b0\u1eddi khuy\u1ebft t\u1eadt\" onerror=\"this.style.display='none'\" loading='lazy' \/>\n\t\t\t\t<\/a>\n\t\t<h3><a href=\"\/vi\/tai-nguyen\/lao-hoa-khuyet-tat\/\" target=\"_self\">L\u00e3o h\u00f3a &amp; Khuy\u1ebft t\u1eadt<\/a><\/h3>\t\n\t\t\t\t<a href=\"\/vi\/tai-nguyen\/gia-dinh-tre-em\/\"  target=\"_self\" itemprop=\"url\">\n\t\t\t\t<img decoding=\"async\" src=\"https:\/\/211md.org\/wp-content\/uploads\/bb-plugin\/cache\/Mask-Group-38@2x-circle-ac40d46265fbec62083cd27f6dcf23b0-.png\" alt=\"m\u1ed9t ch\u00e0ng trai v\u00e0 c\u00f4 g\u00e1i tr\u1ebb m\u1ec9m c\u01b0\u1eddi v\u00e0 nh\u00ecn v\u00e0o m\u00e1y \u1ea3nh\" itemprop=\"image\" height=\"500\" width=\"500\" title=\"Nh\u00f3m m\u1eb7t n\u1ea1 38@2x\" onerror=\"this.style.display='none'\" loading='lazy' \/>\n\t\t\t\t<\/a>\n\t\t<h3><a href=\"\/vi\/tai-nguyen\/gia-dinh-tre-em\/\" target=\"_self\">Tr\u1ebb em &amp; Gia \u0111\u00ecnh<\/a><\/h3>\t\n\t\t\t\t<a href=\"\/vi\/tai-nguyen\/gia-dinh-bao-luc\/\"  target=\"_self\" itemprop=\"url\">\n\t\t\t\t<img decoding=\"async\" src=\"https:\/\/211md.org\/wp-content\/uploads\/bb-plugin\/cache\/Mask-Group-39@2x-circle-b2589197a13c791d910f46dd10b27a87-.png\" alt=\"Hai \u0111\u00f4i n\u1eafm tay nhau\" itemprop=\"image\" height=\"500\" width=\"500\" title=\"Nh\u00f3m m\u1eb7t n\u1ea1 39@2x\" onerror=\"this.style.display='none'\" loading='lazy' \/>\n\t\t\t\t<\/a>\n\t\t<h3><a href=\"\/vi\/tai-nguyen\/gia-dinh-bao-luc\/\" target=\"_self\">B\u1ea1o h\u00e0nh Gia \u0111\u00ecnh\/Gia \u0111\u00ecnh<\/a><\/h3>\t\n\t\t\t\t<a href=\"\/vi\/tai-nguyen\/tim-kiem-viec-lam\/\"  target=\"_self\" itemprop=\"url\">\n\t\t\t\t<img decoding=\"async\" src=\"https:\/\/211md.org\/wp-content\/uploads\/bb-plugin\/cache\/Employment-circle-bf72562329e950df948954f5d3f44b2e-.png\" alt=\"Th\u1ee3 s\u1eeda xe\" itemprop=\"image\" height=\"500\" width=\"500\" title=\"Thu\u00ea ng\u01b0\u1eddi l\u00e0m\" onerror=\"this.style.display='none'\" loading='lazy' \/>\n\t\t\t\t<\/a>\n\t\t<h3><a href=\"\/vi\/tai-nguyen\/tim-kiem-viec-lam\/\" target=\"_self\">Thu\u00ea ng\u01b0\u1eddi l\u00e0m<\/a><\/h3>\t\n\t\t\t\t<a href=\"\/vi\/tai-nguyen\/cham-soc-suc-khoe\/\"  target=\"_self\" itemprop=\"url\">\n\t\t\t\t<img decoding=\"async\" src=\"https:\/\/211md.org\/wp-content\/uploads\/bb-plugin\/cache\/Mask-Group-35@2x-circle-94be10c13e4adae1683b4589dc2f5b2f-.png\" alt=\"B\u00e1c s\u0129 kh\u00e1m ch\u00e2n cho b\u00e9 trai\" itemprop=\"image\" height=\"500\" width=\"500\" title=\"Nh\u00f3m m\u1eb7t n\u1ea1 35@2x\" onerror=\"this.style.display='none'\" loading='lazy' \/>\n\t\t\t\t<\/a>\n\t\t<h3><a href=\"\/vi\/tai-nguyen\/cham-soc-suc-khoe\/\" target=\"_self\">Ch\u0103m s\u00f3c s\u1ee9c kh\u1ecfe<\/a><\/h3>\t\n\t\t\t\t<a href=\"\/vi\/tai-nguyen\/do-an\/\"  target=\"_self\" itemprop=\"url\">\n\t\t\t\t<img decoding=\"async\" src=\"https:\/\/211md.org\/wp-content\/uploads\/bb-plugin\/cache\/Mask-Group-32@2x-circle-1c6d647dcaf998fa079d26735cedc92b-.png\" alt=\"Rau s\u1ea1ch\" itemprop=\"image\" height=\"500\" width=\"500\" title=\"Nh\u00f3m m\u1eb7t n\u1ea1 32@2x\" onerror=\"this.style.display='none'\" loading='lazy' \/>\n\t\t\t\t<\/a>\n\t\t<h3><a href=\"\/vi\/tai-nguyen\/do-an\/\" target=\"_self\">\u0110\u1ed3 \u0103n<\/a><\/h3>\t\n\t\t\t\t<a href=\"\/vi\/tai-nguyen\/nha-o\/\"  target=\"_self\" itemprop=\"url\">\n\t\t\t\t<img decoding=\"async\" src=\"https:\/\/211md.org\/wp-content\/uploads\/bb-plugin\/cache\/Mask-Group-34@2x-circle-b99c55fc16ef21f35e2f2a1f7cc37b9a-.png\" alt=\"Ban c\u00f4ng chung c\u01b0\" itemprop=\"image\" height=\"500\" width=\"500\" title=\"Chung c\u01b0-Khu ph\u1ee9c h\u1ee3p\" onerror=\"this.style.display='none'\" loading='lazy' \/>\n\t\t\t\t<\/a>\n\t\t<h3><a href=\"\/vi\/tai-nguyen\/nha-o\/\" target=\"_self\">Nh\u00e0 \u1ede &amp; N\u01a1i Tr\u00fa \u1ea8n<\/a><\/h3>\t\n\t\t\t\t<a href=\"\/vi\/tai-nguyen\/moi-doi-voi-chung-toi-va-maryland\/\"  target=\"_self\" itemprop=\"url\">\n\t\t\t\t<img decoding=\"async\" src=\"https:\/\/211md.org\/wp-content\/uploads\/bb-plugin\/cache\/American-flag-circle-0016cc327e27ef7aeb080f1da6c6e98b-.jpg\" alt=\"m\u1edbi \u0111\u1ebfn Hoa K\u1ef3\" itemprop=\"image\" height=\"364\" width=\"1366\" title=\"C\u1edd M\u1ef9\" onerror=\"this.style.display='none'\" loading='lazy' \/>\n\t\t\t\t<\/a>\n\t\t<h3><a href=\"\/vi\/tai-nguyen\/moi-doi-voi-chung-toi-va-maryland\/\" target=\"_self\">nh\u1eadp c\u01b0<\/a><\/h3>\t\n\t\t\t\t<a href=\"\/vi\/tai-nguyen\/gia-dinh-tre-em\/quan-he-ho-hang\/\"  target=\"_self\" itemprop=\"url\">\n\t\t\t\t<img decoding=\"async\" src=\"https:\/\/211md.org\/wp-content\/uploads\/bb-plugin\/cache\/kinship-family-navigating-a-computer-circle-045fee9d587aefb20221bfea41a2cf9b-.png\" alt=\"gia \u0111\u00ecnh h\u1ecd h\u00e0ng \u0111ang \u0111i\u1ec1u h\u01b0\u1edbng m\u00e1y t\u00ednh\" itemprop=\"image\" title=\"gia \u0111\u00ecnh h\u1ecd h\u00e0ng \u0111ang \u0111i\u1ec1u h\u01b0\u1edbng m\u00e1y t\u00ednh\" onerror=\"this.style.display='none'\" loading='lazy' \/>\n\t\t\t\t<\/a>\n\t\t<h3><a href=\"\/vi\/tai-nguyen\/gia-dinh-tre-em\/quan-he-ho-hang\/\" target=\"_self\">h\u1ecd h\u00e0ng<\/a><\/h3>\t\n\t\t\t\t<a href=\"\/vi\/tai-nguyen\/dich-vu-phap-ly\/\"  target=\"_self\" itemprop=\"url\">\n\t\t\t\t<img decoding=\"async\" src=\"https:\/\/211md.org\/wp-content\/uploads\/bb-plugin\/cache\/Housing-Legal-circle-9a8f3c1c72c54b6e1ce612d2993c1ad4-.png\" alt=\"B\u00faa ph\u00e1p l\u00fd v\u1edbi m\u00f4 h\u00ecnh ng\u00f4i nh\u00e0 b\u1eb1ng nh\u1ef1a b\u00ean c\u1ea1nh\" itemprop=\"image\" height=\"348\" width=\"460\" title=\"Ph\u00e1p l\u00fd nh\u00e0 \u1edf\" onerror=\"this.style.display='none'\" loading='lazy' \/>\n\t\t\t\t<\/a>\n\t\t<h3><a href=\"\/vi\/tai-nguyen\/dich-vu-phap-ly\/\" target=\"_self\">D\u1ecbch v\u1ee5 ph\u00e1p l\u00fd<\/a><\/h3>\t\n\t\t\t\t<a href=\"\/vi\/tai-nguyen\/suc-khoe-tinh-than\/\"  target=\"_self\" itemprop=\"url\">\n\t\t\t\t<img decoding=\"async\" src=\"https:\/\/211md.org\/wp-content\/uploads\/bb-plugin\/cache\/Mask-Group-40@2x-circle-7bd9426367852fb3d841bc4bdc57a550-.png\" alt=\"H\u1ed3 s\u01a1 c\u1ee7a m\u1ed9t ng\u01b0\u1eddi \u0111\u00e0n \u00f4ng v\u00e0 ph\u1ee5 n\u1eef\" itemprop=\"image\" height=\"500\" width=\"500\" title=\"Nh\u00f3m m\u1eb7t n\u1ea1 40@2x\" onerror=\"this.style.display='none'\" loading='lazy' \/>\n\t\t\t\t<\/a>\n\t\t<h3><a href=\"\/vi\/tai-nguyen\/suc-khoe-tinh-than\/\" target=\"_self\">S\u1ee9c kh\u1ecfe tinh th\u1ea7n<\/a><\/h3>\t\n\t\t\t\t<a href=\"\/vi\/tai-nguyen\/mdreentry\/\"  target=\"_self\" itemprop=\"url\">\n\t\t\t\t<img decoding=\"async\" src=\"https:\/\/211md.org\/wp-content\/uploads\/bb-plugin\/cache\/Diverse-group-of-community-members-circle-4457c114cd48613bc79a0fb50060319c-.jpg\" alt=\"Nh\u00f3m th\u00e0nh vi\u00ean c\u1ed9ng \u0111\u1ed3ng \u0111a d\u1ea1ng\" itemprop=\"image\" height=\"800\" width=\"1200\" title=\"Nh\u00f3m th\u00e0nh vi\u00ean c\u1ed9ng \u0111\u1ed3ng \u0111a d\u1ea1ng\" onerror=\"this.style.display='none'\" loading='lazy' \/>\n\t\t\t\t<\/a>\n\t\t<h3><a href=\"\/vi\/tai-nguyen\/mdreentry\/\" target=\"_self\">V\u00e0o l\u1ea1i<\/a><\/h3>\t\n\t\t\t\t<a href=\"\/vi\/dung-lai\/\"  target=\"_self\" itemprop=\"url\">\n\t\t\t\t<img decoding=\"async\" src=\"https:\/\/211md.org\/wp-content\/uploads\/bb-plugin\/cache\/Background-section-MDStophate-circle-08e2bae1cf9f2ad6cc83e01e23da8cb9-.jpg\" alt=\"Ph\u1ea7n n\u1ec1n-MDStophate\" itemprop=\"image\" height=\"768\" width=\"1366\" title=\"Ph\u1ea7n n\u1ec1n-MDStophate\" onerror=\"this.style.display='none'\" loading='lazy' \/>\n\t\t\t\t<\/a>\n\t\t<h3><a href=\"\/vi\/dung-lai\/\" target=\"_self\">Ng\u1eebng gh\u00e9t<\/a><\/h3>\t\n\t\t\t\t<a href=\"\/vi\/tai-nguyen\/su-dung-chat-kich-thich\/\"  target=\"_self\" itemprop=\"url\">\n\t\t\t\t<img decoding=\"async\" src=\"https:\/\/211md.org\/wp-content\/uploads\/bb-plugin\/cache\/Substance-Use-circle-ad2d564932dc31267e0c32a6fb2d915c-.png\" alt=\"Tay \u0111\u1eadp thu\u1ed1c\" itemprop=\"image\" height=\"500\" width=\"500\" title=\"S\u1eed d\u1ee5ng ch\u1ea5t g\u00e2y nghi\u1ec7n\" onerror=\"this.style.display='none'\" loading='lazy' \/>\n\t\t\t\t<\/a>\n\t\t<h3><a href=\"\/vi\/tai-nguyen\/su-dung-chat-kich-thich\/\" target=\"_self\">S\u1eed d\u1ee5ng ch\u1ea5t k\u00edch th\u00edch<\/a><\/h3>\t\n\t\t\t\t<a href=\"\/vi\/tai-nguyen\/dich-vu-thue\/\"  target=\"_self\" itemprop=\"url\">\n\t\t\t\t<img decoding=\"async\" src=\"https:\/\/211md.org\/wp-content\/uploads\/bb-plugin\/cache\/Mask-Group-34-circle-166a606e37e61188c9a17d5e634cda3c-.png\" alt=\"Ng\u01b0\u1eddi \u0111i\u1ec1n v\u00e0o gi\u1ea5y t\u1edd thu\u1ebf thu nh\u1eadp\" itemprop=\"image\" height=\"500\" width=\"500\" title=\"M\u1eb7t N\u1ea1 Nh\u00f3m 34\" onerror=\"this.style.display='none'\" loading='lazy' \/>\n\t\t\t\t<\/a>\n\t\t<h3><a href=\"\/vi\/tai-nguyen\/dich-vu-thue\/\" target=\"_self\">D\u1ecbch v\u1ee5 thu\u1ebf<\/a><\/h3>\t\n\t\t\t\t<a href=\"\/vi\/tai-nguyen\/ho-tro-tien-ich\/\"  target=\"_self\" itemprop=\"url\">\n\t\t\t\t<img decoding=\"async\" src=\"https:\/\/211md.org\/wp-content\/uploads\/bb-plugin\/cache\/Mask-Group-37@2x-circle-9661a11b9c4082079c9a1f06bc539567-.png\" alt=\"M\u1ed9t b\u00f3ng \u0111\u00e8n th\u1eafp s\u00e1ng\" itemprop=\"image\" height=\"500\" width=\"500\" title=\"Nh\u00f3m m\u1eb7t n\u1ea1 37@2x\" onerror=\"this.style.display='none'\" loading='lazy' \/>\n\t\t\t\t<\/a>\n\t\t<h3><a href=\"\/vi\/tai-nguyen\/ho-tro-tien-ich\/\" target=\"_self\">H\u1ed7 tr\u1ee3 ti\u1ec7n \u00edch<\/a><\/h3>\t\n\t\t\t\t<a href=\"\/vi\/tai-nguyen\/cuu-chien-binh\/\"  target=\"_self\" itemprop=\"url\">\n\t\t\t\t<img decoding=\"async\" src=\"https:\/\/211md.org\/wp-content\/uploads\/bb-plugin\/cache\/Veterans-circle-7c6972a59826c74f1f658f61df785fc3-.png\" alt=\"M\u1ed9t ng\u01b0\u1eddi l\u00ednh b\u1eaft tay ai \u0111\u00f3 v\u00e0 m\u1ec9m c\u01b0\u1eddi\" itemprop=\"image\" title=\"c\u1ef1u chi\u1ebfn binh\" onerror=\"this.style.display='none'\" loading='lazy' \/>\n\t\t\t\t<\/a>\n\t\t<h3><a href=\"\/vi\/tai-nguyen\/cuu-chien-binh\/\" target=\"_self\">c\u1ef1u chi\u1ebfn binh<\/a><\/h3>","protected":false},"excerpt":{"rendered":"<p>B\u1ea1n \u0111ang t\u1ef1 h\u1ecfi l\u00e0m th\u1ebf n\u00e0o \u0111\u1ec3 gi\u1eef cho con b\u1ea1n b\u1eadn r\u1ed9n trong khi ch\u00fang \u0111ang trong k\u1ef3 ngh\u1ec9 h\u00e8? C\u00f3 nh\u1eefng ch\u01b0\u01a1ng tr\u00ecnh gi\u1ea3i tr\u00ed mi\u1ec5n ph\u00ed ho\u1eb7c chi ph\u00ed th\u1ea5p \u1edf khu v\u1ef1c c\u1ee7a b\u1ea1n.  Nhi\u1ec1u c\u00f4ng vi\u00ean, c\u01a1 quan v\u00e0 t\u1ed5 ch\u1ee9c gi\u1ea3i tr\u00ed \u1edf \u0111\u1ecba ph\u01b0\u01a1ng cung c\u1ea5p c\u00e1c ch\u01b0\u01a1ng tr\u00ecnh v\u00e0 tr\u1ea1i \u0111\u1ec3 gi\u00fap tr\u1ebb em ho\u1ea1t \u0111\u1ed9ng trong m\u00f9a h\u00e8 m\u1ed9t c\u00e1ch vui v\u1ebb v\u00e0 h\u1ea5p d\u1eabn. T\u00ecm m\u1ed9t m\u00f9a h\u00e8 \u1edf Maryland\u2026<\/p>","protected":false},"author":8,"featured_media":3225,"parent":839,"menu_order":0,"comment_status":"closed","ping_status":"closed","template":"","meta":{"footnotes":""},"class_list":["post-999","page","type-page","status-publish","has-post-thumbnail","hentry"],"_links":{"self":[{"href":"https:\/\/211md.org\/vi\/wp-json\/wp\/v2\/pages\/999","targetHints":{"allow":["GET"]}}],"collection":[{"href":"https:\/\/211md.org\/vi\/wp-json\/wp\/v2\/pages"}],"about":[{"href":"https:\/\/211md.org\/vi\/wp-json\/wp\/v2\/types\/page"}],"author":[{"embeddable":true,"href":"https:\/\/211md.org\/vi\/wp-json\/wp\/v2\/users\/8"}],"replies":[{"embeddable":true,"href":"https:\/\/211md.org\/vi\/wp-json\/wp\/v2\/comments?post=999"}],"version-history":[{"count":2,"href":"https:\/\/211md.org\/vi\/wp-json\/wp\/v2\/pages\/999\/revisions"}],"predecessor-version":[{"id":4679,"href":"https:\/\/211md.org\/vi\/wp-json\/wp\/v2\/pages\/999\/revisions\/4679"}],"up":[{"embeddable":true,"href":"https:\/\/211md.org\/vi\/wp-json\/wp\/v2\/pages\/839"}],"wp:featuredmedia":[{"embeddable":true,"href":"https:\/\/211md.org\/vi\/wp-json\/wp\/v2\/media\/3225"}],"wp:attachment":[{"href":"https:\/\/211md.org\/vi\/wp-json\/wp\/v2\/media?parent=999"}],"curies":[{"name":"wp","href":"https:\/\/api.w.org\/{rel}","templated":true}]}}