{"id":1000,"date":"2021-04-16T18:12:42","date_gmt":"2021-04-16T18:12:42","guid":{"rendered":"https:\/\/211md.org\/?page_id=1000"},"modified":"2025-06-09T13:52:06","modified_gmt":"2025-06-09T17:52:06","slug":"ifura-abuse","status":"publish","type":"page","link":"https:\/\/211md.org\/yo\/resources\/aging-disability\/suspect-abuse\/","title":{"rendered":"Ifura Abuse?"},"content":{"rendered":"<h2>Jabo ifura Abuse<\/h2>\n<p>Lati jabo ilokulo ti a fura si: Pe 1-800-917-7383, wakati 24 lojum\u1ecd, lati ibikibi laarin ipinl\u1eb9 MD tabi\u00a0<a href=\"https:\/\/dhr.maryland.gov\/child-protective-services\/reporting-suspected-child-abuse-or-neglect\/local-offices\/\" target=\"_blank\" rel=\"noreferrer noopener\">kiliki ibi<\/a>\u00a0lati wa n\u1ecdmba naa si \u1eb8ka Aw\u1ecdn I\u1e63\u1eb9 Awuj\u1ecd ti agbegbe r\u1eb9, \u1ecdfiisi Aw\u1ecdn i\u1e63\u1eb9 Idaabobo Agba.<\/p>\n<p>Aw\u1ecdn I\u1e63\u1eb9 Aabo Agba (APS) j\u1eb9 eto ti o n\u1e63e iran\u1e63\u1eb9 fun aw\u1ecdn agbalagba 18 ati ju ti o wa ni ipo ailagbara ati boya ni ewu ti, tabi ni iriri ilokulo ati ipalara.  W\u1ecdn \u1e63e iwadii aw\u1ecdn ipo ti ilokulo ti a fura si ati pese aw\u1ecdn i\u1e63\u1eb9 alam\u1ecddaju ti a \u1e63e ap\u1eb9r\u1eb9 lati daabobo ilera ti aw\u1ecdn agbalagba ti o ni ipalara. Orisirisi aw\u1ecdn iru ilokulo ati aibikita ti o \u1e63e atil\u1eb9yin ijab\u1ecd kan ti a \u1e63e si Aw\u1ecdn i\u1e63\u1eb9 Idaabobo Agba:<\/p>\n<ul>\n<li><strong>Ti ara Abuse<\/strong>\u00a0- jij\u1eb9 irora ti ara tabi ipalara si agbalagba, fun ap\u1eb9\u1eb9r\u1eb9 lilu, \u1ecdgb\u1eb9, tabi idaduro nipas\u1eb9 aw\u1ecdn \u1ecdna ti ara tabi kemikali.<\/li>\n<li><strong>Ibalopo ilokulo<\/strong>\u00a0\u2013 ti kii-consensual ibalopo olubas\u1ecdr\u1ecd ti eyikeyi iru.<\/li>\n<li><strong>Aibikita<\/strong>\u00a0\u2013 ikuna nipas\u1eb9 aw\u1ecdn ti o ni iduro lati pese ounj\u1eb9, ibi aabo, it\u1ecdju ilera, tabi aabo fun alagba ti o ni ipalara.<\/li>\n<li><strong>ilokulo<\/strong>\u00a0\u2013 ilokulo, ilokulo, tabi fifipam\u1ecd aw\u1ecdn owo, ohun-ini, tabi dukia ti agba fun anfani \u1eb9lomiran.<\/li>\n<li><strong>Ibanuj\u1eb9 \u1eb9dun<\/strong>\u00a0- jij\u1eb9 irora opolo, ibanuj\u1eb9, tabi ip\u1ecdnju lori eniyan agbalagba nipas\u1eb9 \u1ecdr\u1ecd sis\u1ecd tabi aw\u1ecdn i\u1e63e ai\u1e63e-\u1ecdr\u1ecd, fun ap\u1eb9\u1eb9r\u1eb9 itiju, \u1eb9ru, tabi id\u1eb9ruba.<\/li>\n<li><strong>Ik\u1ecdsil\u1eb9<\/strong>\u00a0\u2013 ifasil\u1eb9 aw\u1ecdn agba ti o ni ipalara nipas\u1eb9 \u1eb9nik\u1eb9ni ti o ti gba ojuse fun it\u1ecdju tabi itimole ti eniyan naa.<\/li>\n<li><strong>Aibikita ara-\u1eb9ni<\/strong>\u00a0- ti a \u1e63e afihan bi ikuna ti eniyan lati \u1e63e pataki, aw\u1ecdn i\u1e63\u1eb9 \u1e63i\u1e63e it\u1ecdju ara \u1eb9ni ati pe iru ikuna naa \u1e63e ewu ilera tabi aabo tir\u1eb9.<\/li>\n<\/ul>\n<p><em>(ti a mu lati Isakoso lori Aging- Ile-i\u1e63\u1eb9 Oril\u1eb9-ede lori oju opo w\u1eb9\u1eb9bu Abuse Al\u00e0gb\u00e0,\u00a0<a href=\"https:\/\/ncea.acl.gov\/\" target=\"_blank\" rel=\"noreferrer noopener\">fun alaye siwaju sii, t\u1eb9 nibi<\/a>)<\/em><\/p>\n\t<h2>Ami Of Abuse<\/h2>\n<p>G\u1eb9g\u1eb9 bi \u1ecdp\u1ecdl\u1ecdp\u1ecd aw\u1ecdn iru ilokulo \u1e63e wa, \u1ecdp\u1ecdl\u1ecdp\u1ecd aw\u1ecdn ami ti ilokulo lo wa. Iw\u1ecdnyi p\u1eb9lu:<\/p>\n\t<h3>Ti ara Abuse<\/h3>\n<ul>\n<li>gige, \u1ecdgb\u1eb9, welts tabi \u1ecdgb\u1eb9<\/li>\n<li>jona<\/li>\n<li>dabi unkempt, id\u1ecdti, smelly<\/li>\n<li>\u00e0\u00ecj\u1eb9unrek\u00e1n\u00fa<\/li>\n<li>ipo i\u1e63oogun ti ko ni it\u1ecdju<\/li>\n<li>nosi ti o dabi aise<\/li>\n<\/ul>\n<h3>Iwa<\/h3>\n<ul>\n<li>ibinu<\/li>\n<li>\u015fuga<\/li>\n<li>iporuru<\/li>\n<li>iberu<\/li>\n<li>ailagbara<\/li>\n<li>itiju<\/li>\n<\/ul>\n<ul>\n\n<\/ul>\n\t<h3>Awujo<\/h3>\n<ul>\n<li>yiy\u1ecd kuro lati aw\u1ecdn \u1ecdr\u1eb9, \u1eb9bi ati aw\u1ecdn i\u1e63\u1eb9 \u1e63i\u1e63e<\/li>\n<li>nkan na abuse, sise jade<\/li>\n<li>soro lar\u1ecdw\u1ecdto<\/li>\n<\/ul>\n<p>&nbsp;<\/p>\n<h3>Olowo<\/h3>\n<ul>\n<li>dani inawo akitiyan<\/li>\n<li>iyipada ifowo iroyin<\/li>\n<li>aisanwo owo<\/li>\n<li>aw\u1ecdn ibuw\u1ecdlu lori aw\u1ecdn s\u1ecdwedowo ati aw\u1ecdn iwe a\u1e63\u1eb9 miiran ko baramu<\/li>\n\n<\/ul>\n\t<p><a href=\"https:\/\/dhr.maryland.gov\/child-protective-services\/reporting-suspected-child-abuse-or-neglect\/signs-neglect-abuse\/\" target=\"_blank\" rel=\"noreferrer noopener\">T\u1eb9 ibi lati wo iwe-ipam\u1ecd \u1eb8ka Aw\u1ecdn I\u1e63\u1eb9 Eniyan MD kan p\u1eb9lu alaye afikun lori aw\u1ecdn ami ilokulo.<\/a><\/p>\n<p>Lakoko ti gbogbo eniyan le ati ni iyanju lati \u1e63e ijab\u1ecd si APS nipa ilokulo ti a fura si (ko nilo \u1eb9ri), \u1ecdp\u1ecdl\u1ecdp\u1ecd aw\u1ecdn \u1eb9gb\u1eb9 eniyan ti o nilo lab\u1eb9 ofin si.  Iw\u1ecdnyi p\u1eb9lu: aw\u1ecdn alam\u1ecddaju ilera, aw\u1ecdn o\u1e63i\u1e63\u1eb9 i\u1e63\u1eb9 eniyan ati \u1ecdl\u1ecdpa ati pe w\u1ecdn pe w\u1ecdn ni onirohin ti a fun ni a\u1e63\u1eb9.<\/p>\n<p>Ijab\u1ecd kan le \u1e63e ni ailoruk\u1ecd ati \u1eb9nik\u1eb9ni ti o \u1e63e ijab\u1ecd ni \u201cigbagb\u1ecd to dara\u201d ni aabo lab\u1eb9 ofin lati layabiliti ilu ati aw\u1ecdn ijiya \u1ecddar\u00e0n. Sib\u1eb9sib\u1eb9, ti o ba ni aw\u1ecdn ibeere afikun tabi ko ni itara lati \u1e63e b\u1eb9, j\u1ecdw\u1ecd t\u1eb9 211 fun it\u1ecdnis\u1ecdna ati iranl\u1ecdw\u1ecd.<\/p>\n<p>Nigbati o ba n \u1e63e ijab\u1ecd kan, o\u1e63i\u1e63\u1eb9 APS yoo beere fun \u1ecdp\u1ecdl\u1ecdp\u1ecd alaye.  Eyi yoo ni p\u1eb9lu: oruk\u1ecd, \u1ecdj\u1ecd ori, adir\u1eb9si ati ipo ti agbalagba ti o ni ipalara, alaye lori eniyan ti o ni iduro fun it\u1ecdju w\u1ecdn, apejuwe ti &quot;iseda ati iye&quot; ti ilokulo, ati alaye miiran ti o y\u1eb9.  Paapa ti o ko ba ni alaye pup\u1ecd ti alaye ati pe ko \u1e63e akiyesi nipa aw\u1ecdn \u1eb9ya kan ti ipo naa, o dara jul\u1ecd lati pe APS ki o pese alaye ti o ni fun w\u1ecdn ki w\u1ecdn le \u1e63e i\u1e63iro ijab\u1ecd naa ki o pinnu bi o \u1e63e dara jul\u1ecd lati t\u1eb9siwaju.<\/p>\n<p>Aw\u1ecdn ipo wa ninu eyiti a \u1e63e ijab\u1ecd kan si APS ati nitori ko pade as\u1ecdye \/ aw\u1ecdn i\u1e63edede ilokulo w\u1ecdn, w\u1ecdn ko \u1e63e iwadii tabi \u1e63e laja.  Ti afikun iranl\u1ecdw\u1ecd ati aw\u1ecdn orisun ba tun nilo ni aw\u1ecdn ipo w\u1ecdnyi, o le j\u1eb9 anfani lati kan si di\u1eb9 ninu aw\u1ecdn iru aw\u1ecdn ile-i\u1e63\u1eb9 ati aw\u1ecdn i\u1e63\u1eb9 w\u1ecdnyi:<\/p>\n<ul>\n<li>\n<ul>\n<li><em><strong>Isakoso \u1ecdran -<\/strong><\/em>\u00a0Di\u1eb9 ninu aw\u1ecdn eto \u1e63i\u1e63\u1eb9 p\u1eb9lu aw\u1ecdn agbalagba ati aw\u1ecdn agbalagba ti o ni ipalara lati \u1e63e ay\u1eb9wo aw\u1ecdn aini w\u1ecdn; se agbekale aw\u1ecdn eto it\u1ecdju; wiw\u1ecdle aw\u1ecdn i\u1e63\u1eb9; ipoidojuko ifiji\u1e63\u1eb9 ti aw\u1ecdn i\u1e63\u1eb9 ti o nilo; rii daju pe aw\u1ecdn i\u1e63\u1eb9 ti gba ati t\u1eb9le ati \u1e63e at\u1eb9le il\u1ecdsiwaju.<\/li>\n<li><em><strong>Alaye Agba ati Iranl\u1ecdw\u1ecd -<\/strong><\/em>\u00a0Gbogbo agbegbe ni Maryland ati Ilu Baltimore ni Alaye Agba ati \u1ecdfiisi Iranl\u1ecdw\u1ecd, ti a \u1e63e lati \u1e63e iran\u1e63\u1eb9 fun aw\u1ecdn agbalagba ati pese alaye ati aw\u1ecdn it\u1ecdkasi si aw\u1ecdn orisun agbegbe. Aw\u1ecdn alam\u1ecdja ti o\u1e63i\u1e63\u1eb9 yoo \u1e63e ay\u1eb9wo aw\u1ecdn iwulo ati taara aw\u1ecdn olupe ni deede.\u00a0<a href=\"http:\/\/www.aging.maryland.gov\/Pages\/ProgramsAndServices.aspx\" target=\"_blank\" rel=\"noreferrer noopener\">T\u1eb9 fun atok\u1ecd ti Alaye Agba ati aw\u1ecdn \u1ecdfiisi Iranl\u1ecdw\u1ecd\u00a0<\/a><\/li>\n<li><em><strong>Aaye Wiw\u1ecdle Maryland (MAP) -<\/strong><\/em>\u00a0\u1eccp\u1ecdl\u1ecdp\u1ecd aw\u1ecdn agbegbe ni Maryland ati Baltimore City ni \u1ecdfiisi Wiw\u1ecdle Maryland kan. Aw\u1ecdn \u1ecdfiisi w\u1ecdnyi j\u1eb9 ap\u1eb9r\u1eb9 lati \u1e63i\u1e63\u1eb9 bi aaye tit\u1eb9si kan fun \u1ecdp\u1ecdl\u1ecdp\u1ecd aw\u1ecdn eto ati aw\u1ecdn orisun ti a \u1e63e ap\u1eb9r\u1eb9 lati \u1e63e iranl\u1ecdw\u1ecd fun aw\u1ecdn agbalagba ati aw\u1ecdn agbalagba (18+) p\u1eb9lu ailera. Aw\u1ecdn alam\u1ecdja yoo \u1e63e ay\u1eb9wo aw\u1ecdn iwulo ati \u1e63e aw\u1ecdn it\u1ecdkasi ti o y\u1eb9.\u00a0<a href=\"https:\/\/www.marylandaccesspoint.info\/consumer\/connect.php\" target=\"_blank\" rel=\"noreferrer noopener\">T\u1eb9 lati wa \u1ecdfiisi MAP ni agbegbe r\u1eb9<\/a><\/li>\n<li><em><strong>211 &#8211;<\/strong><\/em> A wa ni aw\u1ecdn wakati 24 lojum\u1ecd \/ aw\u1ecdn \u1ecdj\u1ecd 7 ni \u1ecds\u1eb9 kan lati sop\u1ecd aw\u1ecdn olupe p\u1eb9lu \u1ecdp\u1ecdl\u1ecdp\u1ecd ilera ati aw\u1ecdn orisun eniyan ni agbegbe w\u1ecdn. Aw\u1ecdn alam\u1ecdja ti o\u1e63i\u1e63\u1eb9 yoo \u1e63e igbelew\u1ecdn ti aw\u1ecdn iwulo ati pese aw\u1ecdn it\u1ecdkasi ti o y\u1eb9. Lati de \u1ecdd\u1ecd wa, t\u1eb9 211 nir\u1ecdrun.<\/li>\n<\/ul>\n<\/li>\n<\/ul>\n<h2>Alaye ti o j\u1ecdm\u1ecd<\/h2>\n<p><a href=\"https:\/\/211md.org\/yo\/oro\/ailera-ti-ogbo\/oogun\/\">Aw\u1ecdn Anfani Eto ilera<\/a><\/p>\n<p><a href=\"https:\/\/211md.org\/yo\/oro\/ailera-ti-ogbo\/ifura-abuse\/\">Ifura Abuse?<\/a><\/p>\n<p><a href=\"https:\/\/marylandaccesspoint.211md.org\/\" target=\"_blank\" rel=\"noopener\">Aaye Wiw\u1ecdle Maryland (MAP)<\/a><\/p>\n<p><a href=\"https:\/\/211md.org\/yo\/oro\/ailera-ti-ogbo\/senior-housing\/\">Agba Housing<\/a><\/p>\n<h2>\n\t\t\tWa Oro\t<\/h2>\n\t\t\t\t<a href=\"\/yo\/oro\/ailera-ti-ogbo\/\"  target=\"_self\" itemprop=\"url\">\n\t\t\t\t<img decoding=\"async\" src=\"https:\/\/211md.org\/wp-content\/uploads\/bb-plugin\/cache\/Mask-Group-41@2x-circle-73eaadba4cad8269faa4720e25cf1c85-.png\" alt=\"\u1eb8s\u1eb9 ti agbalagba obirin ati \u1ecdm\u1ecddebinrin ti nrin pap\u1ecd\" itemprop=\"image\" height=\"500\" width=\"500\" title=\"Aw\u1ecdn i\u1e63\u1eb9 ailera\" onerror=\"this.style.display='none'\" loading='lazy' \/>\n\t\t\t\t<\/a>\n\t\t<h3><a href=\"\/yo\/oro\/ailera-ti-ogbo\/\" target=\"_self\">Ti ogbo &amp; Alaabo<\/a><\/h3>\t\n\t\t\t\t<a href=\"\/yo\/oro\/omo-idile\/\"  target=\"_self\" itemprop=\"url\">\n\t\t\t\t<img decoding=\"async\" src=\"https:\/\/211md.org\/wp-content\/uploads\/bb-plugin\/cache\/Mask-Group-38@2x-circle-ac40d46265fbec62083cd27f6dcf23b0-.png\" alt=\"\u1eccd\u1ecdm\u1ecdkunrin ati \u1ecdm\u1ecddebinrin kan n r\u1eb9rin mus\u1eb9 ati wiwo kam\u1eb9ra naa\" itemprop=\"image\" height=\"500\" width=\"500\" title=\"\u1eb8gb\u1eb9 boju 38@2x\" onerror=\"this.style.display='none'\" loading='lazy' \/>\n\t\t\t\t<\/a>\n\t\t<h3><a href=\"\/yo\/oro\/omo-idile\/\" target=\"_self\">Aw\u1ecdn \u1ecdm\u1ecdde &amp; Aw\u1ecdn idile<\/a><\/h3>\t\n\t\t\t\t<a href=\"\/yo\/oro\/abele-ebi-iwa-ipa\/\"  target=\"_self\" itemprop=\"url\">\n\t\t\t\t<img decoding=\"async\" src=\"https:\/\/211md.org\/wp-content\/uploads\/bb-plugin\/cache\/Mask-Group-39@2x-circle-b2589197a13c791d910f46dd10b27a87-.png\" alt=\"\u1eccw\u1ecd meji meji di ara w\u1ecdn mu\" itemprop=\"image\" height=\"500\" width=\"500\" title=\"\u1eb8gb\u1eb9 boju 39@2x\" onerror=\"this.style.display='none'\" loading='lazy' \/>\n\t\t\t\t<\/a>\n\t\t<h3><a href=\"\/yo\/oro\/abele-ebi-iwa-ipa\/\" target=\"_self\">Abele \/ \u00ccd\u00edl\u00e9 Iwa-ipa<\/a><\/h3>\t\n\t\t\t\t<a href=\"\/yo\/oro\/wiwa-oojo\/\"  target=\"_self\" itemprop=\"url\">\n\t\t\t\t<img decoding=\"async\" src=\"https:\/\/211md.org\/wp-content\/uploads\/bb-plugin\/cache\/Employment-circle-bf72562329e950df948954f5d3f44b2e-.png\" alt=\"Mekaniki \u1ecdk\u1ecd ay\u1ecdk\u1eb9l\u1eb9 kan\" itemprop=\"image\" height=\"500\" width=\"500\" title=\"Igbanisise\" onerror=\"this.style.display='none'\" loading='lazy' \/>\n\t\t\t\t<\/a>\n\t\t<h3><a href=\"\/yo\/oro\/wiwa-oojo\/\" target=\"_self\">Igbanisise<\/a><\/h3>\t\n\t\t\t\t<a href=\"\/yo\/oro\/itoju-ilera\/\"  target=\"_self\" itemprop=\"url\">\n\t\t\t\t<img decoding=\"async\" src=\"https:\/\/211md.org\/wp-content\/uploads\/bb-plugin\/cache\/Mask-Group-35@2x-circle-94be10c13e4adae1683b4589dc2f5b2f-.png\" alt=\"Dokita ti n wo \u1eb9s\u1eb9 aw\u1ecdn \u1ecdm\u1ecdkunrin\" itemprop=\"image\" height=\"500\" width=\"500\" title=\"\u1eb8gb\u1eb9 boju 35@2x\" onerror=\"this.style.display='none'\" loading='lazy' \/>\n\t\t\t\t<\/a>\n\t\t<h3><a href=\"\/yo\/oro\/itoju-ilera\/\" target=\"_self\">It\u1ecdju Ilera<\/a><\/h3>\t\n\t\t\t\t<a href=\"\/yo\/oro\/ounje\/\"  target=\"_self\" itemprop=\"url\">\n\t\t\t\t<img decoding=\"async\" src=\"https:\/\/211md.org\/wp-content\/uploads\/bb-plugin\/cache\/Mask-Group-32@2x-circle-1c6d647dcaf998fa079d26735cedc92b-.png\" alt=\"Aw\u1ecdn \u1eb9f\u1ecd titun\" itemprop=\"image\" height=\"500\" width=\"500\" title=\"\u1eb8gb\u1eb9 boju 32@2x\" onerror=\"this.style.display='none'\" loading='lazy' \/>\n\t\t\t\t<\/a>\n\t\t<h3><a href=\"\/yo\/oro\/ounje\/\" target=\"_self\">Ounj\u1eb9<\/a><\/h3>\t\n\t\t\t\t<a href=\"\/yo\/oro\/ibugbe-ibugbe\/\"  target=\"_self\" itemprop=\"url\">\n\t\t\t\t<img decoding=\"async\" src=\"https:\/\/211md.org\/wp-content\/uploads\/bb-plugin\/cache\/Mask-Group-34@2x-circle-b99c55fc16ef21f35e2f2a1f7cc37b9a-.png\" alt=\"Iy\u1eb9wu eka balikoni\" itemprop=\"image\" height=\"500\" width=\"500\" title=\"Iy\u1eb9wu-Complex\" onerror=\"this.style.display='none'\" loading='lazy' \/>\n\t\t\t\t<\/a>\n\t\t<h3><a href=\"\/yo\/oro\/ibugbe-ibugbe\/\" target=\"_self\">Ibugbe &amp; Koseemani<\/a><\/h3>\t\n\t\t\t\t<a href=\"\/yo\/oro\/tuntun-si-wa-ati-maryland\/\"  target=\"_self\" itemprop=\"url\">\n\t\t\t\t<img decoding=\"async\" src=\"https:\/\/211md.org\/wp-content\/uploads\/bb-plugin\/cache\/American-flag-circle-0016cc327e27ef7aeb080f1da6c6e98b-.jpg\" alt=\"titun si United States\" itemprop=\"image\" height=\"364\" width=\"1366\" title=\"American-flag\" onerror=\"this.style.display='none'\" loading='lazy' \/>\n\t\t\t\t<\/a>\n\t\t<h3><a href=\"\/yo\/oro\/tuntun-si-wa-ati-maryland\/\" target=\"_self\">I\u1e63il\u1ecd<\/a><\/h3>\t\n\t\t\t\t<a href=\"\/yo\/oro\/omo-idile\/itoju-ibatan\/\"  target=\"_self\" itemprop=\"url\">\n\t\t\t\t<img decoding=\"async\" src=\"https:\/\/211md.org\/wp-content\/uploads\/bb-plugin\/cache\/kinship-family-navigating-a-computer-circle-045fee9d587aefb20221bfea41a2cf9b-.png\" alt=\"ibatan idile lil\u1ecd kiri k\u1ecdmputa kan\" itemprop=\"image\" title=\"ibatan idile lil\u1ecd kiri k\u1ecdmputa kan\" onerror=\"this.style.display='none'\" loading='lazy' \/>\n\t\t\t\t<\/a>\n\t\t<h3><a href=\"\/yo\/oro\/omo-idile\/itoju-ibatan\/\" target=\"_self\">\u00ccb\u00e1tan<\/a><\/h3>\t\n\t\t\t\t<a href=\"\/yo\/oro\/ofin-awon-i%e1%b9%a3e\/\"  target=\"_self\" itemprop=\"url\">\n\t\t\t\t<img decoding=\"async\" src=\"https:\/\/211md.org\/wp-content\/uploads\/bb-plugin\/cache\/Housing-Legal-circle-9a8f3c1c72c54b6e1ce612d2993c1ad4-.png\" alt=\"Ofin gavel p\u1eb9lu kan ike awo\u1e63e ti a ile t\u00f3k\u00e0n si o\" itemprop=\"image\" height=\"348\" width=\"460\" title=\"Ofin Ile\" onerror=\"this.style.display='none'\" loading='lazy' \/>\n\t\t\t\t<\/a>\n\t\t<h3><a href=\"\/yo\/oro\/ofin-awon-i%e1%b9%a3e\/\" target=\"_self\">Aw\u1ecdn i\u1e63\u1eb9 ofin<\/a><\/h3>\t\n\t\t\t\t<a href=\"\/yo\/oro\/opolo-ilera\/\"  target=\"_self\" itemprop=\"url\">\n\t\t\t\t<img decoding=\"async\" src=\"https:\/\/211md.org\/wp-content\/uploads\/bb-plugin\/cache\/Mask-Group-40@2x-circle-7bd9426367852fb3d841bc4bdc57a550-.png\" alt=\"Aw\u1ecdn profaili ti \u1ecdkunrin kan ati obinrin\" itemprop=\"image\" height=\"500\" width=\"500\" title=\"\u1eb8gb\u1eb9 boju 40@2x\" onerror=\"this.style.display='none'\" loading='lazy' \/>\n\t\t\t\t<\/a>\n\t\t<h3><a href=\"\/yo\/oro\/opolo-ilera\/\" target=\"_self\">Opolo Health<\/a><\/h3>\t\n\t\t\t\t<a href=\"\/yo\/oro\/ogbon-inu\/\"  target=\"_self\" itemprop=\"url\">\n\t\t\t\t<img decoding=\"async\" src=\"https:\/\/211md.org\/wp-content\/uploads\/bb-plugin\/cache\/Diverse-group-of-community-members-circle-4457c114cd48613bc79a0fb50060319c-.jpg\" alt=\"\u1eb8gb\u1eb9 Oniruuru ti aw\u1ecdn \u1ecdm\u1ecd \u1eb9gb\u1eb9 agbegbe\" itemprop=\"image\" height=\"800\" width=\"1200\" title=\"\u1eb8gb\u1eb9 Oniruuru ti aw\u1ecdn \u1ecdm\u1ecd \u1eb9gb\u1eb9 agbegbe\" onerror=\"this.style.display='none'\" loading='lazy' \/>\n\t\t\t\t<\/a>\n\t\t<h3><a href=\"\/yo\/oro\/ogbon-inu\/\" target=\"_self\">Atunw\u1ecdle<\/a><\/h3>\t\n\t\t\t\t<a href=\"\/yo\/ikorira\/\"  target=\"_self\" itemprop=\"url\">\n\t\t\t\t<img decoding=\"async\" src=\"https:\/\/211md.org\/wp-content\/uploads\/bb-plugin\/cache\/Background-section-MDStophate-circle-08e2bae1cf9f2ad6cc83e01e23da8cb9-.jpg\" alt=\"Background-apakan-MDStophate\" itemprop=\"image\" height=\"768\" width=\"1366\" title=\"Background-apakan-MDStophate\" onerror=\"this.style.display='none'\" loading='lazy' \/>\n\t\t\t\t<\/a>\n\t\t<h3><a href=\"\/yo\/ikorira\/\" target=\"_self\">Duro Ikorira<\/a><\/h3>\t\n\t\t\t\t<a href=\"\/yo\/oro\/lilo-nkan-elo\/\"  target=\"_self\" itemprop=\"url\">\n\t\t\t\t<img decoding=\"async\" src=\"https:\/\/211md.org\/wp-content\/uploads\/bb-plugin\/cache\/Substance-Use-circle-ad2d564932dc31267e0c32a6fb2d915c-.png\" alt=\"Aw\u1ecdn oogun fif\u1ecd \u1ecdw\u1ecd\" itemprop=\"image\" height=\"500\" width=\"500\" title=\"Nkan-Lilo\" onerror=\"this.style.display='none'\" loading='lazy' \/>\n\t\t\t\t<\/a>\n\t\t<h3><a href=\"\/yo\/oro\/lilo-nkan-elo\/\" target=\"_self\">Ohun elo Lilo<\/a><\/h3>\t\n\t\t\t\t<a href=\"\/yo\/oro\/ori-awon-i%e1%b9%a3e\/\"  target=\"_self\" itemprop=\"url\">\n\t\t\t\t<img decoding=\"async\" src=\"https:\/\/211md.org\/wp-content\/uploads\/bb-plugin\/cache\/Mask-Group-34-circle-166a606e37e61188c9a17d5e634cda3c-.png\" alt=\"Eniyan \u00e0gb\u00e1ye jade owo oya-ori iwe\" itemprop=\"image\" height=\"500\" width=\"500\" title=\"\u1eb8gb\u1eb9 iboju 34\" onerror=\"this.style.display='none'\" loading='lazy' \/>\n\t\t\t\t<\/a>\n\t\t<h3><a href=\"\/yo\/oro\/ori-awon-i%e1%b9%a3e\/\" target=\"_self\">Aw\u1ecdn i\u1e63\u1eb9-ori<\/a><\/h3>\t\n\t\t\t\t<a href=\"\/yo\/oro\/iranlowo-ohun-elo\/\"  target=\"_self\" itemprop=\"url\">\n\t\t\t\t<img decoding=\"async\" src=\"https:\/\/211md.org\/wp-content\/uploads\/bb-plugin\/cache\/Mask-Group-37@2x-circle-9661a11b9c4082079c9a1f06bc539567-.png\" alt=\"Atupa ina soke\" itemprop=\"image\" height=\"500\" width=\"500\" title=\"\u1eb8gb\u1eb9 boju 37@2x\" onerror=\"this.style.display='none'\" loading='lazy' \/>\n\t\t\t\t<\/a>\n\t\t<h3><a href=\"\/yo\/oro\/iranlowo-ohun-elo\/\" target=\"_self\">Iranl\u1ecdw\u1ecd IwUlO<\/a><\/h3>\t\n\t\t\t\t<a href=\"\/yo\/oro\/ogbo\/\"  target=\"_self\" itemprop=\"url\">\n\t\t\t\t<img decoding=\"async\" src=\"https:\/\/211md.org\/wp-content\/uploads\/bb-plugin\/cache\/Veterans-circle-7c6972a59826c74f1f658f61df785fc3-.png\" alt=\"\u1eccm\u1ecd-ogun ti nm\u00ec \u1ecdw\u1ecd \u1eb9nikan ti o r\u1eb9rin mus\u1eb9\" itemprop=\"image\" title=\"Ogbo\" onerror=\"this.style.display='none'\" loading='lazy' \/>\n\t\t\t\t<\/a>\n\t\t<h3><a href=\"\/yo\/oro\/ogbo\/\" target=\"_self\">Ogbo<\/a><\/h3>","protected":false},"excerpt":{"rendered":"<p>Jab\u1ecd Iwakulo Ti Afura Lati jabo ilokulo ti a fura si: Pe 1-800-917-7383, wakati 24 lojum\u1ecd, lati ibikibi laarin ipinl\u1eb9 MD tabi t\u1eb9 ibi lati wa n\u1ecdmba naa si \u1eb8ka ti Aw\u1ecdn I\u1e63\u1eb9 Awuj\u1ecd ti agbegbe, \u1ecdfiisi Aw\u1ecdn i\u1e63\u1eb9 Idaabobo Agba. Aw\u1ecdn i\u1e63\u1eb9 Idaabobo Agba (APS) j\u1eb9 eto ti o n\u1e63e iran\u1e63\u1eb9 fun aw\u1ecdn agbalagba 18 ati ju ti o wa ni ipo ti\u2026<\/p>","protected":false},"author":8,"featured_media":1597,"parent":840,"menu_order":0,"comment_status":"closed","ping_status":"closed","template":"","meta":{"footnotes":""},"class_list":["post-1000","page","type-page","status-publish","has-post-thumbnail","hentry"],"_links":{"self":[{"href":"https:\/\/211md.org\/yo\/wp-json\/wp\/v2\/pages\/1000","targetHints":{"allow":["GET"]}}],"collection":[{"href":"https:\/\/211md.org\/yo\/wp-json\/wp\/v2\/pages"}],"about":[{"href":"https:\/\/211md.org\/yo\/wp-json\/wp\/v2\/types\/page"}],"author":[{"embeddable":true,"href":"https:\/\/211md.org\/yo\/wp-json\/wp\/v2\/users\/8"}],"replies":[{"embeddable":true,"href":"https:\/\/211md.org\/yo\/wp-json\/wp\/v2\/comments?post=1000"}],"version-history":[{"count":2,"href":"https:\/\/211md.org\/yo\/wp-json\/wp\/v2\/pages\/1000\/revisions"}],"predecessor-version":[{"id":4684,"href":"https:\/\/211md.org\/yo\/wp-json\/wp\/v2\/pages\/1000\/revisions\/4684"}],"up":[{"embeddable":true,"href":"https:\/\/211md.org\/yo\/wp-json\/wp\/v2\/pages\/840"}],"wp:featuredmedia":[{"embeddable":true,"href":"https:\/\/211md.org\/yo\/wp-json\/wp\/v2\/media\/1597"}],"wp:attachment":[{"href":"https:\/\/211md.org\/yo\/wp-json\/wp\/v2\/media?parent=1000"}],"curies":[{"name":"wp","href":"https:\/\/api.w.org\/{rel}","templated":true}]}}