{"id":1014,"date":"2021-04-16T18:37:05","date_gmt":"2021-04-16T18:37:05","guid":{"rendered":"https:\/\/211md.org\/?page_id=1014"},"modified":"2026-04-04T10:13:42","modified_gmt":"2026-04-04T14:13:42","slug":"oogun","status":"publish","type":"page","link":"https:\/\/211md.org\/yo\/resources\/health-care\/medicare\/","title":{"rendered":"Aw\u1ecdn Anfani Eto ilera"},"content":{"rendered":"<figure data-animation-delay=\"0\" data-animation-duration=\"1\" itemscope itemtype=\"https:\/\/schema.org\/ImageObject\">\n\t\t\t\t<img decoding=\"async\" src=\"https:\/\/stg-maryland211-staging.kinsta.cloud\/wp-content\/uploads\/2025\/08\/5-1-scaled.png\" alt=\"5\" height=\"692\" width=\"2560\" title=\"5\" onerror=\"this.style.display='none'\" loading=\"lazy\" \/>\n\t<\/figure>\n\t\t<h1><a href=\"#start\" target=\"_self\">Ak\u1ecdle Oju-iwe Aiyipada<\/a><\/h1><p>Eto ilera j\u1eb9 eto i\u1e63eduro ilera ti ij\u1ecdba, ti o pese iranl\u1ecdw\u1ecd fun aw\u1ecdn eniyan ti \u1ecdj\u1ecd-ori 65 ati agbalagba, aw\u1ecdn eniyan ti o wa lab\u1eb9 65 p\u1eb9lu aw\u1ecdn alaabo kan, ati \u1ecdj\u1ecd ori eyikeyi ti o ni Arun Kidirin Ipari Ipari tabi ikuna kidinrin ayeraye to nilo it\u1ecd-\u1ecdgb\u1eb9 tabi gbigbe kidinrin.<\/p>\n<p>K\u1ecd \u1eb9k\u1ecd nipa aw\u1ecdn ori\u1e63i ti Ibora I\u1e63eduro ati bii o \u1e63e le gba iranl\u1ecdw\u1ecd lil\u1ecd kiri nipas\u1eb9 eto ti a pe ni SHIP.<\/p>\n\t\t\t<a href=\"#start\"  target=\"_self\">\n\t\t\t\t\t\tB\u1eb9r\u1eb9\n\t\t\t\t\t<\/a>\n<figure data-animation-delay=\"0\" data-animation-duration=\"1\" itemscope itemtype=\"https:\/\/schema.org\/ImageObject\">\n\t\t\t\t<img decoding=\"async\" src=\"https:\/\/211md.org\/wp-content\/plugins\/bb-plugin\/img\/pixel.png\" alt=\"\" onerror=\"this.style.display='none'\" loading=\"lazy\" \/>\n\t<\/figure>\n<figure data-animation-delay=\"0\" data-animation-duration=\"1.3\" itemscope itemtype=\"https:\/\/schema.org\/ImageObject\">\n\t\t\t\t<img decoding=\"async\" src=\"https:\/\/stg-maryland211-staging.kinsta.cloud\/wp-content\/uploads\/2025\/08\/16.png\" alt=\"16\" height=\"1000\" width=\"1000\" title=\"16\" onerror=\"this.style.display='none'\" loading=\"lazy\" \/>\n\t<\/figure>\n<figure data-animation-delay=\"0\" data-animation-duration=\"1\" itemscope itemtype=\"https:\/\/schema.org\/ImageObject\">\n\t\t\t\t<img decoding=\"async\" src=\"http:\/\/211md.org\/wp-content\/uploads\/2023\/11\/Person-on-Medicare-at-the-doctor.jpg\" alt=\"Senior at doctor\" title=\"Eniyan lori Eto ilera ni dokita\" onerror=\"this.style.display='none'\" loading=\"lazy\" \/>\n\t<\/figure>\n\t<h2>Aw\u1ecdn ori\u1e63i ti Ibori I\u1e63eduro<\/h2>\n<p>Aw\u1ecdn ori\u1e63i m\u1eb9ta ti agbegbe Eto ilera wa:<\/p>\n<ul>\n<li>Eto ilera Ap\u00e1 A: I\u1e63eduro Ile-iwosan<\/li>\n<li>Eto ilera Ap\u00e1 B: I\u1e63eduro I\u1e63oogun<\/li>\n<li>Eto ilera Ap\u00e1 C: Aw\u1ecdn Eto Anfani<\/li>\n<li>I\u1e63eduro Abala D: Aw\u1ecdn Eto Oogun I\u1e63eduro<\/li>\n<\/ul>\n<h3><strong>Abala A: I\u1e63eduro Ile-iwosan<\/strong><\/h3>\n<p>Eto ilera Ap\u00e1 A bo aw\u1ecdn inawo bii:<\/p>\n<ul>\n<li>it\u1ecdju ile-iwosan inpatient<\/li>\n<li>ti oye nt\u1ecdj\u00fa ohun elo<\/li>\n<li>inpatient isodi<\/li>\n<li>it\u1ecdju ile iwosan<\/li>\n<li>di\u1eb9 ninu aw\u1ecdn i\u1e63\u1eb9 it\u1ecdju ilera ile<\/li>\n<\/ul>\n<p>Wo kaadi Medicare lati pinnu boya Abala A wa p\u1eb9lu.<\/p>\n<p>Ti o ba ni Ap\u00e1 A, iw\u1ecd yoo wo \u201cIle-iwosan (APA A)\u201d ti a t\u1eb9 sori kaadi naa.<\/p>\n<p>Pup\u1ecd eniyan ko ni lati sanwo fun Ap\u00e1 A.<\/p>\n<p>O da lori i\u1e63\u1eb9 ti o ni aabo ti Eto ilera, g\u1eb9g\u1eb9bi ipinnu nipas\u1eb9 Isakoso Aabo Awuj\u1ecd.<\/p>\n\t<h3>Abala B: I\u1e63eduro I\u1e63oogun<\/h3>\n<p>Eto ilera Ap\u00e1 B j\u1eb9 I\u1e63eduro i\u1e63oogun, eyiti o \u1e63e iranl\u1ecdw\u1ecd lati bo aw\u1ecdn i\u1e63\u1eb9 pataki ti i\u1e63oogun bii:<\/p>\n<ul>\n<li>dokita \u1ecdd\u1ecd\u1ecddun<\/li>\n<li>ile \u00ecgbo\u00f2g\u00f9n<\/li>\n<li>ohun elo i\u1e63oogun ti o t\u1ecd (DME)<\/li>\n<li>di\u1eb9 ninu aw\u1ecdn i\u1e63\u1eb9 ilera ile<\/li>\n<li>it\u1ecdju i\u1e63oogun miiran ti ko ni aabo nipas\u1eb9 Ap\u00e1 A<\/li>\n<li>di\u1eb9 ninu aw\u1ecdn i\u1e63\u1eb9 idena<\/li>\n<\/ul>\n<p>Pup\u1ecd eniyan n sanwo ni o\u1e63oo\u1e63u fun Ap\u00e1 B. Iyakuro lododun tun wa.<\/p>\n<p>Aw\u1ecdn <a href=\"https:\/\/www.cms.gov\/newsroom\/fact-sheets\/2024-medicare-parts-b-premiums-and-deductibles\" target=\"_blank\" rel=\"noopener\">Aw\u1ecdn ile-i\u1e63\u1eb9 fun Eto ilera &amp; Medikedi <\/a>Aw\u1ecdn i\u1e63\u1eb9 n \u1e63i\u1e63\u1eb9 eto naa ati aw\u1ecdn alaye ti a nireti fun Ap\u00e1 B.<\/p>\n<h3>Ap\u00e1 C: Afikun Ibora nipas\u1eb9 Aw\u1ecdn ile-i\u1e63\u1eb9 Aladani<\/h3>\n<p>Aw\u1ecdn ile-i\u1e63\u1eb9 aladani ti a f\u1ecdw\u1ecdsi nipas\u1eb9 Eto ilera nfunni ni Eto ilera Ap\u00e1 C, ati pese afikun agbegbe.<\/p>\n<p>Eyi le p\u1eb9lu:<\/p>\n<ul>\n<li>iran<\/li>\n<li>igb\u1ecdran<\/li>\n<li>eh\u00edn<\/li>\n<li>aw\u1ecdn eto ilera ati ilera<\/li>\n<\/ul>\n<p>Pup\u1ecd tun p\u1eb9lu agbegbe oogun oogun ti oogun (Apakan D).<\/p>\n<h3>Ap\u00e1 D: Aw\u1ecdn iwe ilana<\/h3>\n<p>Eto ilera Ap\u00e1 D n pese agbegbe oogun oogun fun gbogbo aw\u1ecdn \u1eb9ni-k\u1ecd\u1ecdkan p\u1eb9lu Eto ilera.<\/p>\n<p>Lati gba agbegbe oogun oogun ti Medicare, o gb\u1ecdd\u1ecd darap\u1ecd m\u1ecd ero ti ile-i\u1e63\u1eb9 i\u1e63eduro \u1e63i\u1e63\u1eb9 tabi ile-i\u1e63\u1eb9 aladani miiran ti Medicare f\u1ecdw\u1ecdsi.<\/p>\n<p>Eto k\u1ecd\u1ecdkan le yat\u1ecd ni idiyele ati aw\u1ecdn oogun ti o bo.<\/p>\n\t<h2>\u1ecck\u1ecd Maryland: Gba Iranl\u1ecdw\u1ecd Wiwa Eto Ti o t\u1ecd<\/h2>\n<p>Aw\u1ecdn oluy\u1ecd\u1ecdda ti ik\u1eb9k\u1ecd p\u1eb9lu Eto Iranl\u1ecdw\u1ecd I\u1e63eduro I\u1e63eduro Ilera ti Ipinle Maryland (SHIP) funni ni im\u1ecdran \u1ecdf\u1eb9 lati \u1e63e iranl\u1ecdw\u1ecd fun aw\u1ecdn eniyan k\u1ecd\u1ecdkan pinnu iru eto Eto ilera lati yan.<\/p>\n<p>Aw\u1ecdn oludamoran SHIP le \u1e63e iranl\u1ecdw\u1ecd fun aw\u1ecdn eniyan k\u1ecd\u1ecdkan:<\/p>\n<ul>\n<li>ye owo ati agbegbe<\/li>\n<li>afiwe aw\u1ecdn a\u1e63ayan<\/li>\n<li>foruk\u1ecdsil\u1eb9 tabi yi eto<\/li>\n<li>\u1e63atun\u1e63e aw\u1ecdn a\u1e63i\u1e63e \u00ecd\u00edyel\u00e9 tabi aw\u1ecdn \u1ecdran<\/li>\n<\/ul>\n<p>Aw\u1ecdn oludamoran SHIP agbegbe le \u1e63e iranl\u1ecdw\u1ecd p\u1eb9lu gbogbo aw\u1ecdn \u1eb9ya ti Eto ilera, AD.<\/p>\n<p>Ni afikun, w\u1ecdn le \u1e63e iranl\u1ecdw\u1ecd p\u1eb9lu iranl\u1ecdw\u1ecd owo fun aw\u1ecdn alanfani ti o ni owo kekere ati p\u1eb9lu jibiti Medicare ati ilokulo.<\/p>\n<h3>Kan si Maryland \u1ecdk\u1ecd<\/h3>\n<p>Wa oludamoran SHIP agbegbe kan:<\/p>\n<ul>\n<li>Agbegbe Allegany - 301-783-1710<\/li>\n<li>Agbegbe Anne Arundel - 410-222-4257<\/li>\n<li>Ilu Baltimore - 410-396-2273<\/li>\n<li>Agbegbe Baltimore - 410-887-2059<\/li>\n<li>Calvert County - 410-535-4606<\/li>\n<li>Agbegbe Carroll - 410-386-3800<\/li>\n<li>Caroline County - 410-479-2535<\/li>\n<li>Agbegbe Cecil - 410-996-8174<\/li>\n<li>Charles County - 301-934-9305<\/li>\n<li>Agbegbe Dorchester - 410-376-3662<\/li>\n<li>Frederick County - 301-600-1234<\/li>\n<li>Garrett County - 301-334-9431<\/li>\n<li>Harford County - 410-638-3025<\/li>\n<li>Agbegbe Howard - 410-313-7392<\/li>\n<li>Agbegbe Kent - 410-778-2564<\/li>\n<li>Agbegbe Montgomery - 301-255-4250<\/li>\n<li>Prince George k\u00e1 County - 301-265-8471<\/li>\n<li>Mary k\u00e1 County - 301-475-4200 Ext. 1064<\/li>\n<li>Agbegbe Somerset - 410-742-0505<\/li>\n<li>Talbot County - 301-475-4200 Ext. 231<\/li>\n<li>Queen Anne k\u00e1 County - 410-758-0848 a\u1e63ayan 3<\/li>\n<li>Washington County - 301-790-0275<\/li>\n<li>Agbegbe Wicomico - 410-742-0505<\/li>\n<li>Agbegbe Worcester - 410-742-0505<\/li>\n<\/ul>\n\t\t\t<a href=\"https:\/\/aging.maryland.gov\/Pages\/state-health-insurance-program.aspx\" target=\"_blank\" rel=\"noopener\">\n\t\t\t\t\t\t\tOlubas\u1ecdr\u1ecd SHIP\n\t\t\t\t\t<\/a>\n<figure itemscope itemtype=\"https:\/\/schema.org\/ImageObject\">\n\t\t\t\t<img decoding=\"async\" src=\"https:\/\/211md.org\/wp-content\/plugins\/bb-plugin\/img\/pixel.png\" alt=\"\" onerror=\"this.style.display='none'\" loading=\"lazy\" \/>\n\t<\/figure>\n\t\t<figure itemscope itemtype=\"https:\/\/schema.org\/ImageObject\">\n\t\t\t\t<img decoding=\"async\" src=\"https:\/\/211md.org\/wp-content\/uploads\/bb-plugin\/cache\/Call-center-specialst-circle-4e9ecd7b3425be4576416abc911049bb-.jpg\" alt=\"Oloye ile-i\u1e63\u1eb9 ipe\" title=\"Ipe aarin pataki\" onerror=\"this.style.display='none'\" loading=\"lazy\" \/>\n\t<\/figure>\n<h2>T\u1eb9 211<\/h2><p>Soro si eniyan abojuto ati aanu 24\/7. W\u1ecdn tun le sop\u1ecd si aw\u1ecdn orisun.\u00a0<\/p>\n\t\t\t<a href=\"tel:%20+211\"  target=\"_blank\" rel=\"noopener\">\n\t\t\t\t\t\tT\u1eb9 211 (alagbeka)\n\t\t\t\t\t<\/a>\n<figure data-animation-delay=\"0\" data-animation-duration=\"1\" itemscope itemtype=\"https:\/\/schema.org\/ImageObject\">\n\t\t\t\t<img decoding=\"async\" src=\"http:\/\/211md.org\/wp-content\/uploads\/2025\/09\/Senior-couple-looking-at-Medicare-options-on-tablet.jpg\" alt=\"Aw\u1ecdn t\u1ecdk\u1ecdtaya agba ti n wo aw\u1ecdn a\u1e63ayan Medicare lori tabul\u1eb9ti\" title=\"Aw\u1ecdn t\u1ecdk\u1ecdtaya agba ti n wo aw\u1ecdn a\u1e63ayan Medicare lori tabul\u1eb9ti\" onerror=\"this.style.display='none'\" loading=\"lazy\" \/>\n\t<\/figure>\n\t<h2>Eto Iforuk\u1ecdsil\u1eb9 \u1e62ii sil\u1eb9<\/h2>\n<p>Ni gbogbo \u1ecddun, aw\u1ecdn olugba y\u1eb9 ki o \u1e63e atuny\u1eb9wo agbegbe Eto ilera w\u1ecdn ati\u00a0<a href=\"https:\/\/www.medicare.gov\/plan-compare\/#\/?year=2023&amp;lang=en\" target=\"_blank\" rel=\"noopener\">afiwe eto<\/a>\u00a0lakoko iforuk\u1ecdsil\u1eb9 \u1e63i\u1e63i sil\u1eb9 ni isubu.<\/p>\n<p>O le darap\u1ecd m\u1ecd Eto Anfani Eto ilera titun tabi Eto oogun oogun Ap\u00e1 D, yipada lati Eto ilera atil\u1eb9ba si Eto Anfani Eto ilera, tabi yipada lati Eto Anfani I\u1e63eduro ilera si Eto ilera atil\u1eb9ba (p\u1eb9lu tabi laisi ero Ap\u00e1 D).<\/p>\n<p>O tun le gba eto Medigap kan (Afikun I\u1e63eduro) ni Maryland.<\/p>\n<h3>Bii o \u1e63e le \u1e63e atuny\u1eb9wo eto Eto ilera kan<\/h3>\n<p>Beere l\u1ecdw\u1ecd arar\u1eb9 aw\u1ecdn ibeere w\u1ecdnyi nipa Eto Anfani Eto ilera r\u1eb9:<\/p>\n<ul>\n<li>Elo ni aw\u1ecdn ere ni o\u1e63u k\u1ecd\u1ecdkan, ti o ba j\u1eb9 eyikeyi?<\/li>\n<li>Elo ni iy\u1ecdkuro ati i\u1e63eduro-idap\u1ecd\/daak\u1ecd fun aw\u1ecdn i\u1e63\u1eb9 ti Mo nilo?<\/li>\n<li>Kini iye owo ti o jade kuro ninu apo \u1ecdd\u1ecd\u1ecddun?<\/li>\n<li>Kini agbegbe i\u1e63\u1eb9 ti ero naa?<\/li>\n<li>\u1e62e aw\u1ecdn dokita mi ati aw\u1ecdn ile-iwosan wa ni n\u1eb9tiw\u1ecd\u1ecdki?<\/li>\n<li>Aw\u1ecdn ofin wo ni MO gb\u1ecdd\u1ecd t\u1eb9le lati w\u1ecdle si aw\u1ecdn i\u1e63\u1eb9 it\u1ecdju ilera ati aw\u1ecdn oogun oogun mi?<\/li>\n<li>Nj\u1eb9 ero naa bo aw\u1ecdn anfani it\u1ecdju ilera ni afikun ti ko ni aabo nipas\u1eb9 Original Medicare?<\/li>\n<li>Kini idiyele iraw\u1ecd ti ero naa?<\/li>\n<li>\u1e62e eto yii yoo ni ipa lori afikun agbegbe ti Mo ni?<\/li>\n<\/ul>\n<p>\u1e62e afiwe ero r\u1eb9 si aw\u1ecdn miiran, \u1e63e i\u1e63iro aw\u1ecdn idiyele ti apo ati wo eto iraw\u1ecd lati ni oye idiyele ero fun didara ati i\u1e63\u1eb9.<\/p>\n\t<h3>Aw\u1ecdn akoko Iforuk\u1ecdsil\u1eb9 pataki<\/h3>\n<p>Ni afikun si iforuk\u1ecdsil\u1eb9 \u1e63i\u1e63i, aw\u1ecdn akoko iforuk\u1ecdsil\u1eb9 pataki wa ti o da lori aw\u1ecdn ipo ti ara \u1eb9ni. Iw\u1ecd yoo ni \u1eb9t\u1ecd lati foruk\u1ecdsil\u1eb9 ni Eto ilera ti:<\/p>\n<ul>\n<li>O gbe.<\/li>\n<li>O ni \u1eb9t\u1ecd fun Medikedi.<\/li>\n<li>O y\u1eb9 fun Afikun Iranl\u1ecdw\u1ecd p\u1eb9lu aw\u1ecdn idiyele oogun oogun.<\/li>\n<li>O n gba it\u1ecdju ni ile-\u1eb9k\u1ecd kan g\u1eb9g\u1eb9bi ile-i\u1e63\u1eb9 nt\u1ecdj\u00fa ti oye tabi ile-iwosan it\u1ecdju igba pip\u1eb9.<\/li>\n<li>O f\u1eb9 yipada si ero kan p\u1eb9lu iw\u1ecdn didara didara iraw\u1ecd 5 kan.<\/li>\n<\/ul>\n\t\t\t<a href=\"https:\/\/www.medicare.gov\/basics\/get-started-with-medicare\" target=\"_blank\" rel=\"noopener\">\n\t\t\t\t\t\t\tGet started with medicare\n\t\t\t<\/a>\n<h2>\n\t\t\tAlaye ti o j\u1ecdm\u1ecd\t<\/h2>\n\t\t<h4><a href=\"\/yo\/oro\/ailera-ti-ogbo\/?utm_source=Home&#038;utm_medium=Referral&#038;utm_campaign=211Resources&#038;utm_content=Aging\" target=\"_self\">Ti ogbo &amp; Alaabo<\/a><\/h4><figure itemscope itemtype=\"https:\/\/schema.org\/ImageObject\">\n\t\t\t\t<a href=\"\/yo\/oro\/ailera-ti-ogbo\/?utm_source=Home&#038;utm_medium=Referral&#038;utm_campaign=211Resources&#038;utm_content=Aging\"  target=\"_self\" itemprop=\"url\">\n\t\t\t\t<img decoding=\"async\" src=\"https:\/\/211md.org\/wp-content\/uploads\/bb-plugin\/cache\/2025_MdInfoNet_Icon-Sets_Aging-disability-square-c466727102cae71e5f27b8539bb51945-.png\" alt=\"\" onerror=\"this.style.display='none'\" loading=\"lazy\" \/>\n\t\t\t\t<\/a>\n\t<\/figure>\n\t\t<h4><a href=\"\/yo\/oro\/omo-idile\/?utm_source=Home&#038;utm_medium=Referral&#038;utm_campaign=211Resources&#038;utm_content=Children\" target=\"_self\">Aw\u1ecdn \u1ecdm\u1ecdde &amp; Aw\u1ecdn idile<\/a><\/h4><figure itemscope itemtype=\"https:\/\/schema.org\/ImageObject\">\n\t\t\t\t<a href=\"\/yo\/oro\/omo-idile\/?utm_source=Home&#038;utm_medium=Referral&#038;utm_campaign=211Resources&#038;utm_content=Children\"  target=\"_self\" itemprop=\"url\">\n\t\t\t\t<img decoding=\"async\" src=\"https:\/\/211md.org\/wp-content\/uploads\/bb-plugin\/cache\/2025_211_Icon-Sets_Child-care-square-f3b0d4edab3dcc467fadb5f55f4064c6-.png\" alt=\"parent and child icon for child care\" height=\"417\" width=\"417\" title=\"2025_211_Icon Sets_Child itoju\" onerror=\"this.style.display='none'\" loading=\"lazy\" \/>\n\t\t\t\t<\/a>\n\t<\/figure>\n\t\t<h4><a href=\"\/yo\/oro\/abele-ebi-iwa-ipa\/?utm_source=Home&#038;utm_medium=Referral&#038;utm_campaign=211Resources&#038;utm_content=Domestic\" target=\"_self\">Iwa-ipa Abele<\/a><\/h4><figure itemscope itemtype=\"https:\/\/schema.org\/ImageObject\">\n\t\t\t\t<a href=\"\/yo\/oro\/abele-ebi-iwa-ipa\/?utm_source=Home&#038;utm_medium=Referral&#038;utm_campaign=211Resources&#038;utm_content=Domestic\"  target=\"_self\" itemprop=\"url\">\n\t\t\t\t<img decoding=\"async\" src=\"https:\/\/211md.org\/wp-content\/uploads\/bb-plugin\/cache\/2025_211_Icon-Sets_Domestic-Violence-square-7b597694a6f05fe90cdc376aa573bc63-.png\" alt=\"House with a heart in the middle icon\" height=\"417\" width=\"417\" title=\"2025_211_Icon \u1e62eto_Iwa-ipa Abele\" onerror=\"this.style.display='none'\" loading=\"lazy\" \/>\n\t\t\t\t<\/a>\n\t<\/figure>\n\t\t<h4><a href=\"\/yo\/oro\/wiwa-oojo\/?utm_source=Home&#038;utm_medium=Referral&#038;utm_campaign=211Resources&#038;utm_content=Employment\" target=\"_self\">Igbanisise<\/a><\/h4><figure itemscope itemtype=\"https:\/\/schema.org\/ImageObject\">\n\t\t\t\t<a href=\"\/yo\/oro\/wiwa-oojo\/?utm_source=Home&#038;utm_medium=Referral&#038;utm_campaign=211Resources&#038;utm_content=Employment\"  target=\"_self\" itemprop=\"url\">\n\t\t\t\t<img decoding=\"async\" src=\"https:\/\/211md.org\/wp-content\/uploads\/bb-plugin\/cache\/2025_MdInfoNet_Icon-Sets_Employment-square-44707bd410e4df10a470bf130ebcea86-.png\" alt=\"\" onerror=\"this.style.display='none'\" loading=\"lazy\" \/>\n\t\t\t\t<\/a>\n\t<\/figure>\n\t\t<h4><a href=\"\/yo\/oro\/itoju-ilera\/?utm_source=Home&#038;utm_medium=Referral&#038;utm_campaign=211Resources&#038;utm_content=Health%20Care\" target=\"_self\">It\u1ecdju Ilera<\/a><\/h4><figure itemscope itemtype=\"https:\/\/schema.org\/ImageObject\">\n\t\t\t\t<a href=\"\/yo\/oro\/itoju-ilera\/?utm_source=Home&#038;utm_medium=Referral&#038;utm_campaign=211Resources&#038;utm_content=Health%20Care\"  target=\"_self\" itemprop=\"url\">\n\t\t\t\t<img decoding=\"async\" src=\"https:\/\/211md.org\/wp-content\/uploads\/bb-plugin\/cache\/2025_MdInfoNet_Icon-Sets_Health-Care-square-dee98a0060cbe0e7f27eda253fc12679-.png\" alt=\"\" onerror=\"this.style.display='none'\" loading=\"lazy\" \/>\n\t\t\t\t<\/a>\n\t<\/figure>\n\t\t<h4><a href=\"\/yo\/oro\/tuntun-si-wa-ati-maryland\/?utm_source=Home&#038;utm_medium=Referral&#038;utm_campaign=211Resources&#038;utm_content=Immigration\" target=\"_self\">I\u1e63il\u1ecd<\/a><\/h4><figure itemscope itemtype=\"https:\/\/schema.org\/ImageObject\">\n\t\t\t\t<a href=\"\/yo\/oro\/tuntun-si-wa-ati-maryland\/?utm_source=Home&#038;utm_medium=Referral&#038;utm_campaign=211Resources&#038;utm_content=Immigration\"  target=\"_self\" itemprop=\"url\">\n\t\t\t\t<img decoding=\"async\" src=\"https:\/\/211md.org\/wp-content\/uploads\/bb-plugin\/cache\/2025_MdInfoNet_Icon-Sets_Immigration-square-8b97b7fdfe5e6071405e216855065118-.png\" alt=\"I\u1e63il\u1ecd icon\" title=\"2025_MdInfoNet_Icon-Sets_Immigration\" onerror=\"this.style.display='none'\" loading=\"lazy\" \/>\n\t\t\t\t<\/a>\n\t<\/figure>\n\t\t<h4><a href=\"\/yo\/oro\/omo-idile\/itoju-ibatan\/?utm_source=Home&#038;utm_medium=Referral&#038;utm_campaign=211Resources&#038;utm_content=Kinship\" target=\"_self\">\u00ccb\u00e1tan<\/a><\/h4><figure itemscope itemtype=\"https:\/\/schema.org\/ImageObject\">\n\t\t\t\t<a href=\"\/yo\/oro\/omo-idile\/itoju-ibatan\/?utm_source=Home&#038;utm_medium=Referral&#038;utm_campaign=211Resources&#038;utm_content=Kinship\"  target=\"_self\" itemprop=\"url\">\n\t\t\t\t<img decoding=\"async\" src=\"https:\/\/211md.org\/wp-content\/uploads\/bb-plugin\/cache\/2025_211_Icon-Sets_Kinship-square-45bdf872866f5735f842c32071109267-.png\" alt=\"Aami ibatan\" height=\"417\" width=\"417\" title=\"2025_211_Icon Sets_Kinship\" onerror=\"this.style.display='none'\" loading=\"lazy\" \/>\n\t\t\t\t<\/a>\n\t<\/figure>\n\t\t<h4><a href=\"\/yo\/oro\/ofin-awon-i%e1%b9%a3e\/?utm_source=Home&#038;utm_medium=Referral&#038;utm_campaign=211Resources&#038;utm_content=Legal\" target=\"_self\">Aw\u1ecdn i\u1e63\u1eb9 ofin<\/a><\/h4><figure itemscope itemtype=\"https:\/\/schema.org\/ImageObject\">\n\t\t\t\t<a href=\"\/yo\/oro\/ofin-awon-i%e1%b9%a3e\/?utm_source=Home&#038;utm_medium=Referral&#038;utm_campaign=211Resources&#038;utm_content=Legal\"  target=\"_self\" itemprop=\"url\">\n\t\t\t\t<img decoding=\"async\" src=\"https:\/\/211md.org\/wp-content\/uploads\/bb-plugin\/cache\/2025_MdInfoNet_Icon-Sets_Legal-square-18fdf438feb8435588174d9046463257-.png\" alt=\"\" onerror=\"this.style.display='none'\" loading=\"lazy\" \/>\n\t\t\t\t<\/a>\n\t<\/figure>\n\t\t<h4><a href=\"\/yo\/oro\/opolo-ilera\/?utm_source=Home&#038;utm_medium=Referral&#038;utm_campaign=211Resources&#038;utm_content=Mental\" target=\"_self\">Opolo Health<\/a><\/h4><figure itemscope itemtype=\"https:\/\/schema.org\/ImageObject\">\n\t\t\t\t<a href=\"\/yo\/oro\/opolo-ilera\/?utm_source=Home&#038;utm_medium=Referral&#038;utm_campaign=211Resources&#038;utm_content=Mental\"  target=\"_self\" itemprop=\"url\">\n\t\t\t\t<img decoding=\"async\" src=\"https:\/\/211md.org\/wp-content\/uploads\/bb-plugin\/cache\/2025_MdInfoNet_Icon-Sets_Mental-Health-square-c59b38c4a993a947d4c9280fbe2d2fee-.png\" alt=\"\" onerror=\"this.style.display='none'\" loading=\"lazy\" \/>\n\t\t\t\t<\/a>\n\t<\/figure>\n\t\t<h4><a href=\"\/yo\/oro\/ogbon-inu\/?utm_source=Home&#038;utm_medium=Referral&#038;utm_campaign=211Resources&#038;utm_content=Reentry\" target=\"_self\">Atunw\u1ecdle<\/a><\/h4><figure itemscope itemtype=\"https:\/\/schema.org\/ImageObject\">\n\t\t\t\t<a href=\"\/yo\/oro\/ogbon-inu\/?utm_source=Home&#038;utm_medium=Referral&#038;utm_campaign=211Resources&#038;utm_content=Reentry\"  target=\"_self\" itemprop=\"url\">\n\t\t\t\t<img decoding=\"async\" src=\"https:\/\/211md.org\/wp-content\/uploads\/bb-plugin\/cache\/2025_211_Icon-Sets_Reentry-square-8676fea38abd920a832f45642fe31cca-.png\" alt=\"Aami iw\u1ecdle\" height=\"417\" width=\"417\" title=\"2025_211_Icon Sets_Reentry\" onerror=\"this.style.display='none'\" loading=\"lazy\" \/>\n\t\t\t\t<\/a>\n\t<\/figure>\n\t\t<h4><a href=\"\/yo\/oro\/lilo-nkan-elo\/?utm_source=Home&#038;utm_medium=Referral&#038;utm_campaign=211Resources&#038;utm_content=Substance\" target=\"_self\">Ohun elo Lilo<\/a><\/h4><figure itemscope itemtype=\"https:\/\/schema.org\/ImageObject\">\n\t\t\t\t<a href=\"\/yo\/oro\/lilo-nkan-elo\/?utm_source=Home&#038;utm_medium=Referral&#038;utm_campaign=211Resources&#038;utm_content=Substance\"  target=\"_self\" itemprop=\"url\">\n\t\t\t\t<img decoding=\"async\" src=\"https:\/\/211md.org\/wp-content\/uploads\/bb-plugin\/cache\/2025_MdInfoNet_Icon-Sets_Substance-Abuse-square-4f414f085e657267739c181957754f48-.png\" alt=\"Pills for substance Use icon\" title=\"2025_MdInfoNet_Icon-Sets_Substance-Abuse\" onerror=\"this.style.display='none'\" loading=\"lazy\" \/>\n\t\t\t\t<\/a>\n\t<\/figure>\n\t\t<h4><a href=\"\/yo\/oro\/ogbo\/?utm_source=Home&#038;utm_medium=Referral&#038;utm_campaign=211Resources&#038;utm_content=Veterans\" target=\"_self\">Ogbo<\/a><\/h4><figure itemscope itemtype=\"https:\/\/schema.org\/ImageObject\">\n\t\t\t\t<a href=\"\/yo\/oro\/ogbo\/?utm_source=Home&#038;utm_medium=Referral&#038;utm_campaign=211Resources&#038;utm_content=Veterans\"  target=\"_self\" itemprop=\"url\">\n\t\t\t\t<img decoding=\"async\" src=\"https:\/\/211md.org\/wp-content\/uploads\/bb-plugin\/cache\/2025_MdInfoNet_Icon-Sets_Rating-square-6e60d00cce4faa8e0a6d4ad7366aa733-.png\" alt=\"\" onerror=\"this.style.display='none'\" loading=\"lazy\" \/>\n\t\t\t\t<\/a>\n\t<\/figure>","protected":false},"excerpt":{"rendered":"<p>Eto ilera Ak\u1ecdle Oju-iwe Aiyipada j\u1eb9 eto i\u1e63eduro ilera ti ij\u1ecdba, ti o pese iranl\u1ecdw\u1ecd fun aw\u1ecdn eniyan ti \u1ecdj\u1ecd-ori 65 ati agbalagba, aw\u1ecdn eniyan lab\u1eb9 65 p\u1eb9lu aw\u1ecdn alaabo kan, ati eniyan \u1ecdj\u1ecd ori eyikeyi ti o ni Arun Kidirin Ipari Ipari tabi ikuna kidinrin ayeraye to nilo it\u1ecd-\u1ecdgb\u1eb9 tabi gbigbe kidinrin. K\u1ecd \u1eb9k\u1ecd nipa aw\u1ecdn ori\u1e63i ti Ibora I\u1e63eduro ati bii o \u1e63e le gba iranl\u1ecdw\u1ecd lil\u1ecd kiri\u2026<\/p>","protected":false},"author":8,"featured_media":33836,"parent":838,"menu_order":0,"comment_status":"closed","ping_status":"closed","template":"","meta":{"footnotes":""},"class_list":["post-1014","page","type-page","status-publish","has-post-thumbnail","hentry"],"_links":{"self":[{"href":"https:\/\/211md.org\/yo\/wp-json\/wp\/v2\/pages\/1014","targetHints":{"allow":["GET"]}}],"collection":[{"href":"https:\/\/211md.org\/yo\/wp-json\/wp\/v2\/pages"}],"about":[{"href":"https:\/\/211md.org\/yo\/wp-json\/wp\/v2\/types\/page"}],"author":[{"embeddable":true,"href":"https:\/\/211md.org\/yo\/wp-json\/wp\/v2\/users\/8"}],"replies":[{"embeddable":true,"href":"https:\/\/211md.org\/yo\/wp-json\/wp\/v2\/comments?post=1014"}],"version-history":[{"count":10,"href":"https:\/\/211md.org\/yo\/wp-json\/wp\/v2\/pages\/1014\/revisions"}],"predecessor-version":[{"id":34486,"href":"https:\/\/211md.org\/yo\/wp-json\/wp\/v2\/pages\/1014\/revisions\/34486"}],"up":[{"embeddable":true,"href":"https:\/\/211md.org\/yo\/wp-json\/wp\/v2\/pages\/838"}],"wp:featuredmedia":[{"embeddable":true,"href":"https:\/\/211md.org\/yo\/wp-json\/wp\/v2\/media\/33836"}],"wp:attachment":[{"href":"https:\/\/211md.org\/yo\/wp-json\/wp\/v2\/media?parent=1014"}],"curies":[{"name":"wp","href":"https:\/\/api.w.org\/{rel}","templated":true}]}}