{"id":1021,"date":"2021-04-16T18:52:14","date_gmt":"2021-04-16T18:52:14","guid":{"rendered":"https:\/\/211md.org\/?page_id=1021"},"modified":"2025-12-10T11:35:32","modified_gmt":"2025-12-10T16:35:32","slug":"awon-iwa-omo","status":"publish","type":"page","link":"https:\/\/211md.org\/yo\/resources\/children-families\/child-behaviors\/","title":{"rendered":"Gbigba Iranl\u1ecdw\u1ecd p\u1eb9lu Aw\u1ecdn ihuwasi \u1ecdm\u1ecdde"},"content":{"rendered":"<p>\u00d3 l\u00e8 \u1e63\u00f2ro l\u00e1ti m\u1ecd b\u00ed a \u1e63e l\u00e8 f\u00e8s\u00ec n\u00edgb\u00e0 t\u00ed \u1ecdm\u1ecd kan b\u00e1 \u201c\u1e63e b\u1eb9\u0301\u1eb9\u0300.\u201d Ni Oriire aw\u1ecdn \u1ecdna ti o munadoko wa ti aw\u1ecdn obi ati aw\u1ecdn alabojuto le dahun nigbati \u1ecdm\u1ecd ba n pariwo, n pariwo, k\u1ecdlu, tapa, buje tabi fif\u1ecd aw\u1ecdn nkan.<\/p>\n<h3>Fun Iranl\u1ecdw\u1ecd L\u1eb9s\u1eb9k\u1eb9s\u1eb9<\/h3>\n<p>Ti o ba ni ibakcdun l\u1eb9s\u1eb9k\u1eb9s\u1eb9 nipa ihuwasi \u1ecdm\u1ecd r\u1eb9, aw\u1ecdn t\u1eb9lifoonu w\u1ecdnyi le pese iranl\u1ecdw\u1ecd:<\/p>\n<ul>\n<li><strong>Igi \u00ccd\u00edl\u00e9 24-wakati Obi HelpLine<\/strong><br \/>\nPe 1-800-243-7337 fun \u1ecdf\u1eb9 ati atil\u1eb9yin a\u1e63iri, im\u1ecdran ati aw\u1ecdn orisun agbegbe ni Maryland.\u00a0<a href=\"https:\/\/www.familytreemd.org\/programs\/helpline\/\" target=\"_blank\" rel=\"noopener\">K\u1ecd \u1eb9k\u1ecd di\u1eb9 sii nipa \u1eccna Iranl\u1ecdw\u1ecd Igi \u00ccd\u00edl\u00e9<\/a>.<\/li>\n<li><strong>Pe 9-8-8<\/strong><br \/>\nTi o ba ni aniyan nipa ilera \u1ecdp\u1ecdl\u1ecd \u1ecdm\u1ecd tabi lilo nkan, pe 9-8-8.<\/li>\n<\/ul>\n\t\t\t\t<img loading=\"lazy\" decoding=\"async\" src=\"https:\/\/211md.org\/wp-content\/uploads\/2021\/05\/Child-Holding-Ears.png\" alt=\"\u1eccm\u1ecdde ti o ni ibanuj\u1eb9 mu \u1ecdw\u1ecd r\u1eb9 le et\u00ed r\u1eb9\" itemprop=\"image\" height=\"348\" width=\"460\" title=\"Et\u00ed Dimu \u1eccm\u1ecd\" onerror=\"this.style.display='none'\"  \/>\n\t<h3>Ti o ba ni aniyan Nipa Iwa \u1eccm\u1ecd R\u1eb9<\/h3>\n<p>Ti aw\u1ecdn iwa ti o nija ba n \u1e63\u1eb9l\u1eb9 nigbagbogbo, o j\u1eb9 eewu lati ro pe \u1ecdm\u1ecd r\u1eb9 yoo \u201cdagba lati inu r\u1eb9.\u201d \u1e62i\u1e63e ni kutukutu lori aw\u1ecdn ifiyesi j\u1eb9 \u1ecdna ti o dara jul\u1ecd lati \u1e63e iranl\u1ecdw\u1ecd fun \u1ecdm\u1ecd r\u1eb9.<\/p>\n<p>Pup\u1ecd aw\u1ecdn \u1ecdran ni a le yanju p\u1eb9lu \u1ecdna ti o t\u1ecd, \u1e63ugb\u1ecdn o r\u1ecdrun nigbagbogbo ati munadoko di\u1eb9 sii lati \u1e63e nkan laip\u1eb9 \u1e63aaju i\u1e63oro kan buru si.<\/p>\n<p>Igbes\u1eb9 ak\u1ecdk\u1ecd ti o dara ni lati ba olupese ilera \u1ecdm\u1ecd r\u1eb9 s\u1ecdr\u1ecd, bii dokita \u1ecdm\u1ecd tabi n\u1ecd\u1ecdsi w\u1ecdn. K\u1ecd aw\u1ecdn ibeere r\u1eb9 sil\u1eb9, aw\u1ecdn ifiyesi, ati di\u1eb9 ninu aw\u1ecdn ap\u1eb9\u1eb9r\u1eb9; mu aw\u1ecdn w\u1ecdnyi si ipinnu lati pade. S\u1ecd fun dokita tabi n\u1ecd\u1ecdsi ni ib\u1eb9r\u1eb9 ipinnu lati pade pe o ni aw\u1ecdn ifiyesi nipa ihuwasi ati idagbasoke \u1ecdm\u1ecd r\u1eb9. <a href=\"https:\/\/www.cdc.gov\/ncbddd\/actearly\/pdf\/help_pdfs\/How-Talk-Doctor-English-Spanish-508.pdf\" target=\"_blank\" rel=\"noopener\">Iwe yii le \u1e63e iranl\u1ecdw\u1ecd fun \u1ecd lati mura sil\u1eb9 fun ibara\u1eb9nis\u1ecdr\u1ecd naa<\/a>.<\/p>\n\t<h3>Aw\u1ecdn orisun Atil\u1eb9yin miiran<\/h3>\n<p>Lil\u1ecd kiri aw\u1ecdn ihuwasi w\u1ecdnyi le nira fun \u1ecdm\u1ecd ati obi. Iranl\u1ecdw\u1ecd wa.<\/p>\n<ul>\n<li><strong>Pe 2-1-1<br \/>\n<\/strong>Ti o ba nilo atil\u1eb9yin, t\u1eb9 2-1-1. A le \u1e63e iranl\u1ecdw\u1ecd fun \u1ecd lati m\u1ecd iru eto tabi orisun ti o t\u1ecd fun \u1ecd.<\/li>\n<li><strong>Maryland I\u1e63\u1ecdkan ti Aw\u1ecdn idile \u1eb8l\u1eb9gb\u1eb9 Support<\/strong><br \/>\nIle-ib\u1eb9w\u1eb9 le \u1e63e iranl\u1ecdw\u1ecd fun \u1ecd lati l\u1ecd kiri aw\u1ecdn ifiyesi ilera ihuwasi g\u1eb9g\u1eb9bi \u1eb9bi nipas\u1eb9 r\u1eb9 <a href=\"https:\/\/www.mdcoalition.org\/what-we-do\/family-peer-support\/\" target=\"_blank\" rel=\"noopener\">ebi \u1eb9l\u1eb9gb\u1eb9 support eto<\/a>. W\u1ecdn le \u1e63e iranl\u1ecdw\u1ecd p\u1eb9lu aw\u1ecdn IEP ati aw\u1ecdn ohun elo miiran ti a nilo lati \u1e63e atil\u1eb9yin fun \u1eb9bi ati \u1ecdm\u1ecd.<\/li>\n<li><strong>Ilera \u1eccp\u1ecdl\u1ecd Aw\u1ecdn \u1ecdm\u1ecdde \u1e62e nkan Ohun elo Ohun elo \u1eb8bi<\/strong><strong><br \/>\n<\/strong>Gba lati ayelujara sinu\u00a0<a href=\"https:\/\/www.childrensmentalhealthmatters.org\/files\/2021\/03\/CMHM-Family-Resource-Kit-2021.pdf\" target=\"_blank\" rel=\"noopener\">English<\/a>\u00a0tabi\u00a0<a href=\"https:\/\/www.childrensmentalhealthmatters.org\/files\/2021\/07\/CMHM-Family-Resource-Kit-2021_ES.pdf\" target=\"_blank\" rel=\"noopener\">Sipeeni<\/a>. Iw\u1ecd yoo wa alaye lori aw\u1ecdn ak\u1ecdle pup\u1ecd, p\u1eb9lu aw\u1ecdn rudurudu jij\u1eb9, Arun Aipe Aipe Ifarabal\u1eb9 (ADHD), aibal\u1eb9, ibanuj\u1eb9 tabi aw\u1ecdn ifiyesi ilera \u1ecdp\u1ecdl\u1ecd miiran.<\/li>\n<\/ul>\n<p>&nbsp;<\/p>\n\t\t\t\t<img decoding=\"async\" src=\"http:\/\/211md.org\/wp-content\/uploads\/2024\/02\/mother-comforting-child.jpg\" alt=\"\u00ecy\u00e1 \u00ect\u00f9n\u00fa \u1ecdm\u1ecd\" itemprop=\"image\" title=\"\u00ecy\u00e1 \u00ect\u00f9n\u00fa \u1ecdm\u1ecd\" onerror=\"this.style.display='none'\"  \/>\n<h2>Alaye ti o j\u1ecdm\u1ecd<\/h2>\n<p><a title=\"Jije Obi\" href=\"https:\/\/211md.org\/yo\/oro\/omo-idile\/jije-obi\/\">Atil\u1eb9yin obi<\/a><\/p>\n<p><a title=\"ACEs\" href=\"https:\/\/211md.org\/yo\/oro\/omo-idile\/aces\/\">ACEs<\/a><\/p>\n<p><a href=\"https:\/\/211md.org\/yo\/oro\/opolo-ilera\/odomokunrin-support\/\">\u1eccd\u1ecdm\u1ecdkunrin Opolo Health Support<\/a><\/p>\n<p><a href=\"https:\/\/211md.org\/yo\/oro\/omo-idile\/ibatan-ibatan\/\" target=\"_blank\" rel=\"noopener\">Lil\u1ecd kiri ibatan<\/a><\/p>\n<h2>\n\t\tWa Oro\n\t<\/h2>\n\t\t\t\t<a href=\"\/yo\/oro\/ailera-ti-ogbo\/\" target=\"_self\" itemprop=\"url\" rel=\"noopener\">\n\t\t\t\t<img loading=\"lazy\" decoding=\"async\" src=\"https:\/\/211md.org\/wp-content\/uploads\/bb-plugin\/cache\/Mask-Group-41@2x-circle-73eaadba4cad8269faa4720e25cf1c85-.png\" alt=\"\u1eb8s\u1eb9 ti agbalagba obirin ati \u1ecdm\u1ecddebinrin ti nrin pap\u1ecd\" itemprop=\"image\" height=\"500\" width=\"500\" title=\"Aw\u1ecdn i\u1e63\u1eb9 ailera\" onerror=\"this.style.display='none'\"  \/>\n\t\t\t\t<\/a>\n\t\t<h3><a href=\"\/yo\/oro\/ailera-ti-ogbo\/\" target=\"_self\" rel=\"noopener\">Ti ogbo &amp; Alaabo<\/a><\/h3>\t\n\t\t\t\t<a href=\"\/yo\/oro\/omo-idile\/\" target=\"_self\" itemprop=\"url\" rel=\"noopener\">\n\t\t\t\t<img loading=\"lazy\" decoding=\"async\" src=\"https:\/\/211md.org\/wp-content\/uploads\/bb-plugin\/cache\/Mask-Group-38@2x-circle-ac40d46265fbec62083cd27f6dcf23b0-.png\" alt=\"\u1eccd\u1ecdm\u1ecdkunrin ati \u1ecdm\u1ecddebinrin kan n r\u1eb9rin mus\u1eb9 ati wiwo kam\u1eb9ra naa\" itemprop=\"image\" height=\"500\" width=\"500\" title=\"\u1eb8gb\u1eb9 boju 38@2x\" onerror=\"this.style.display='none'\"  \/>\n\t\t\t\t<\/a>\n\t\t<h3><a href=\"\/yo\/oro\/omo-idile\/\" target=\"_self\" rel=\"noopener\">Aw\u1ecdn \u1ecdm\u1ecdde &amp; Aw\u1ecdn idile<\/a><\/h3>\t\n\t\t\t\t<a href=\"\/yo\/oro\/covid-19-awon-olusewadi-aarin\/\" target=\"_self\" itemprop=\"url\" rel=\"noopener\">\n\t\t\t\t<img loading=\"lazy\" decoding=\"async\" src=\"https:\/\/211md.org\/wp-content\/uploads\/bb-plugin\/cache\/Mask-Group-35-circle-1d65595bca7a4e0f07d3d14ca4f42835-.png\" alt=\"A \u1ecdkunrin ati obinrin igbonwo bumping\" itemprop=\"image\" height=\"500\" width=\"500\" title=\"\u1eb8gb\u1eb9 iboju 35\" onerror=\"this.style.display='none'\"  \/>\n\t\t\t\t<\/a>\n\t\t<h3><a href=\"\/yo\/oro\/covid-19-awon-olusewadi-aarin\/\" target=\"_self\" rel=\"noopener\">Aw\u1ecdn orisun COVID-19<\/a><\/h3>\t\n\t\t\t\t<a href=\"\/yo\/oro\/abele-ebi-iwa-ipa\/\" target=\"_self\" itemprop=\"url\" rel=\"noopener\">\n\t\t\t\t<img loading=\"lazy\" decoding=\"async\" src=\"https:\/\/211md.org\/wp-content\/uploads\/bb-plugin\/cache\/Mask-Group-39@2x-circle-b2589197a13c791d910f46dd10b27a87-.png\" alt=\"\u1eccw\u1ecd meji meji di ara w\u1ecdn mu\" itemprop=\"image\" height=\"500\" width=\"500\" title=\"\u1eb8gb\u1eb9 boju 39@2x\" onerror=\"this.style.display='none'\"  \/>\n\t\t\t\t<\/a>\n\t\t<h3><a href=\"\/yo\/oro\/abele-ebi-iwa-ipa\/\" target=\"_self\" rel=\"noopener\">Abele \/ \u00ccd\u00edl\u00e9 Iwa-ipa<\/a><\/h3>\t\n\t\t\t\t<a href=\"\/yo\/oro\/wiwa-oojo\/\" target=\"_self\" itemprop=\"url\" rel=\"noopener\">\n\t\t\t\t<img loading=\"lazy\" decoding=\"async\" src=\"https:\/\/211md.org\/wp-content\/uploads\/bb-plugin\/cache\/Employment-circle-bf72562329e950df948954f5d3f44b2e-.png\" alt=\"Mekaniki \u1ecdk\u1ecd ay\u1ecdk\u1eb9l\u1eb9 kan\" itemprop=\"image\" height=\"500\" width=\"500\" title=\"Igbanisise\" onerror=\"this.style.display='none'\"  \/>\n\t\t\t\t<\/a>\n\t\t<h3><a href=\"\/yo\/oro\/wiwa-oojo\/\" target=\"_self\" rel=\"noopener\">Igbanisise<\/a><\/h3>\t\n\t\t\t\t<a href=\"\/yo\/oro\/itoju-ilera\/\" target=\"_self\" itemprop=\"url\" rel=\"noopener\">\n\t\t\t\t<img loading=\"lazy\" decoding=\"async\" src=\"https:\/\/211md.org\/wp-content\/uploads\/bb-plugin\/cache\/Mask-Group-35@2x-circle-94be10c13e4adae1683b4589dc2f5b2f-.png\" alt=\"Dokita ti n wo \u1eb9s\u1eb9 aw\u1ecdn \u1ecdm\u1ecdkunrin\" itemprop=\"image\" height=\"500\" width=\"500\" title=\"\u1eb8gb\u1eb9 boju 35@2x\" onerror=\"this.style.display='none'\"  \/>\n\t\t\t\t<\/a>\n\t\t<h3><a href=\"\/yo\/oro\/itoju-ilera\/\" target=\"_self\" rel=\"noopener\">It\u1ecdju Ilera<\/a><\/h3>\t\n\t\t\t\t<a href=\"\/yo\/oro\/ounje\/\" target=\"_self\" itemprop=\"url\" rel=\"noopener\">\n\t\t\t\t<img loading=\"lazy\" decoding=\"async\" src=\"https:\/\/211md.org\/wp-content\/uploads\/bb-plugin\/cache\/Mask-Group-32@2x-circle-1c6d647dcaf998fa079d26735cedc92b-.png\" alt=\"Aw\u1ecdn \u1eb9f\u1ecd titun\" itemprop=\"image\" height=\"500\" width=\"500\" title=\"\u1eb8gb\u1eb9 boju 32@2x\" onerror=\"this.style.display='none'\"  \/>\n\t\t\t\t<\/a>\n\t\t<h3><a href=\"\/yo\/oro\/ounje\/\" target=\"_self\" rel=\"noopener\">Ounj\u1eb9<\/a><\/h3>\t\n\t\t\t\t<a href=\"\/yo\/oro\/ibugbe-ibugbe\/\" target=\"_self\" itemprop=\"url\" rel=\"noopener\">\n\t\t\t\t<img loading=\"lazy\" decoding=\"async\" src=\"https:\/\/211md.org\/wp-content\/uploads\/bb-plugin\/cache\/Mask-Group-34@2x-circle-b99c55fc16ef21f35e2f2a1f7cc37b9a-.png\" alt=\"Iy\u1eb9wu eka balikoni\" itemprop=\"image\" height=\"500\" width=\"500\" title=\"Iy\u1eb9wu-Complex\" onerror=\"this.style.display='none'\"  \/>\n\t\t\t\t<\/a>\n\t\t<h3><a href=\"\/yo\/oro\/ibugbe-ibugbe\/\" target=\"_self\" rel=\"noopener\">Ibugbe &amp; Koseemani<\/a><\/h3>\t\n\t\t\t\t<a href=\"\/yo\/oro\/tuntun-si-wa-ati-maryland\/\" target=\"_self\" itemprop=\"url\" rel=\"noopener\">\n\t\t\t\t<img loading=\"lazy\" decoding=\"async\" src=\"https:\/\/211md.org\/wp-content\/uploads\/bb-plugin\/cache\/American-flag-circle-0016cc327e27ef7aeb080f1da6c6e98b-.jpg\" alt=\"titun si United States\" itemprop=\"image\" height=\"364\" width=\"1366\" title=\"American-flag\" onerror=\"this.style.display='none'\"  \/>\n\t\t\t\t<\/a>\n\t\t<h3><a href=\"\/yo\/oro\/tuntun-si-wa-ati-maryland\/\" target=\"_self\" rel=\"noopener\">I\u1e63il\u1ecd<\/a><\/h3>\t\n\t\t\t\t<a href=\"\/yo\/oro\/ofin-awon-i%e1%b9%a3e\/\" target=\"_self\" itemprop=\"url\" rel=\"noopener\">\n\t\t\t\t<img loading=\"lazy\" decoding=\"async\" src=\"https:\/\/211md.org\/wp-content\/uploads\/bb-plugin\/cache\/Housing-Legal-circle-9a8f3c1c72c54b6e1ce612d2993c1ad4-.png\" alt=\"Ofin gavel p\u1eb9lu kan ike awo\u1e63e ti a ile t\u00f3k\u00e0n si o\" itemprop=\"image\" height=\"348\" width=\"460\" title=\"Ofin Ile\" onerror=\"this.style.display='none'\"  \/>\n\t\t\t\t<\/a>\n\t\t<h3><a href=\"\/yo\/oro\/ofin-awon-i%e1%b9%a3e\/\" target=\"_self\" rel=\"noopener\">Aw\u1ecdn i\u1e63\u1eb9 ofin<\/a><\/h3>\t\n\t\t\t\t<a href=\"\/yo\/oro\/opolo-ilera\/\" target=\"_self\" itemprop=\"url\" rel=\"noopener\">\n\t\t\t\t<img loading=\"lazy\" decoding=\"async\" src=\"https:\/\/211md.org\/wp-content\/uploads\/bb-plugin\/cache\/Mask-Group-40@2x-circle-7bd9426367852fb3d841bc4bdc57a550-.png\" alt=\"Aw\u1ecdn profaili ti \u1ecdkunrin kan ati obinrin\" itemprop=\"image\" height=\"500\" width=\"500\" title=\"\u1eb8gb\u1eb9 boju 40@2x\" onerror=\"this.style.display='none'\"  \/>\n\t\t\t\t<\/a>\n\t\t<h3><a href=\"\/yo\/oro\/opolo-ilera\/\" target=\"_self\" rel=\"noopener\">Opolo Health<\/a><\/h3>\t\n\t\t\t\t<a href=\"\/yo\/ikorira\/\" target=\"_self\" itemprop=\"url\" rel=\"noopener\">\n\t\t\t\t<img loading=\"lazy\" decoding=\"async\" src=\"https:\/\/211md.org\/wp-content\/uploads\/bb-plugin\/cache\/Background-section-MDStophate-circle-08e2bae1cf9f2ad6cc83e01e23da8cb9-.jpg\" alt=\"Background-apakan-MDStophate\" itemprop=\"image\" height=\"768\" width=\"1366\" title=\"Background-apakan-MDStophate\" onerror=\"this.style.display='none'\"  \/>\n\t\t\t\t<\/a>\n\t\t<h3><a href=\"\/yo\/ikorira\/\" target=\"_self\" rel=\"noopener\">Duro Ikorira<\/a><\/h3>\t\n\t\t\t\t<a href=\"\/yo\/oro\/lilo-nkan-elo\/\" target=\"_self\" itemprop=\"url\" rel=\"noopener\">\n\t\t\t\t<img loading=\"lazy\" decoding=\"async\" src=\"https:\/\/211md.org\/wp-content\/uploads\/bb-plugin\/cache\/Substance-Use-circle-ad2d564932dc31267e0c32a6fb2d915c-.png\" alt=\"Aw\u1ecdn oogun fif\u1ecd \u1ecdw\u1ecd\" itemprop=\"image\" height=\"500\" width=\"500\" title=\"Nkan-Lilo\" onerror=\"this.style.display='none'\"  \/>\n\t\t\t\t<\/a>\n\t\t<h3><a href=\"\/yo\/oro\/lilo-nkan-elo\/\" target=\"_self\" rel=\"noopener\">Ohun elo Lilo<\/a><\/h3>\t\n\t\t\t\t<a href=\"\/yo\/oro\/ori-awon-i%e1%b9%a3e\/\" target=\"_self\" itemprop=\"url\" rel=\"noopener\">\n\t\t\t\t<img loading=\"lazy\" decoding=\"async\" src=\"https:\/\/211md.org\/wp-content\/uploads\/bb-plugin\/cache\/Mask-Group-34-circle-166a606e37e61188c9a17d5e634cda3c-.png\" alt=\"Eniyan \u00e0gb\u00e1ye jade owo oya-ori iwe\" itemprop=\"image\" height=\"500\" width=\"500\" title=\"\u1eb8gb\u1eb9 iboju 34\" onerror=\"this.style.display='none'\"  \/>\n\t\t\t\t<\/a>\n\t\t<h3><a href=\"\/yo\/oro\/ori-awon-i%e1%b9%a3e\/\" target=\"_self\" rel=\"noopener\">Aw\u1ecdn i\u1e63\u1eb9-ori<\/a><\/h3>\t\n\t\t\t\t<a href=\"\/yo\/oro\/iranlowo-ohun-elo\/\" target=\"_self\" itemprop=\"url\" rel=\"noopener\">\n\t\t\t\t<img loading=\"lazy\" decoding=\"async\" src=\"https:\/\/211md.org\/wp-content\/uploads\/bb-plugin\/cache\/Mask-Group-37@2x-circle-9661a11b9c4082079c9a1f06bc539567-.png\" alt=\"Atupa ina soke\" itemprop=\"image\" height=\"500\" width=\"500\" title=\"\u1eb8gb\u1eb9 boju 37@2x\" onerror=\"this.style.display='none'\"  \/>\n\t\t\t\t<\/a>\n\t\t<h3><a href=\"\/yo\/oro\/iranlowo-ohun-elo\/\" target=\"_self\" rel=\"noopener\">Iranl\u1ecdw\u1ecd IwUlO<\/a><\/h3>\t\n\t\t\t\t<a href=\"\/yo\/oro\/ogbo\/\" target=\"_self\" itemprop=\"url\" rel=\"noopener\">\n\t\t\t\t<img loading=\"lazy\" decoding=\"async\" src=\"https:\/\/211md.org\/wp-content\/uploads\/bb-plugin\/cache\/Veterans-circle-b5b2b017288a5af0f61a41d0f31d0f82-.png\" alt=\"\u1eccm\u1ecd-ogun ti nm\u00ec \u1ecdw\u1ecd \u1eb9nikan ti o r\u1eb9rin mus\u1eb9\" itemprop=\"image\" height=\"500\" width=\"500\" title=\"Ogbo\" onerror=\"this.style.display='none'\"  \/>\n\t\t\t\t<\/a>\n\t\t<h3><a href=\"\/yo\/oro\/ogbo\/\" target=\"_self\" rel=\"noopener\">Ogbo<\/a><\/h3>","protected":false},"excerpt":{"rendered":"<p>\u00d3 l\u00e8 \u1e63\u00f2ro l\u00e1ti m\u1ecd b\u00ed a \u1e63e l\u00e8 f\u00e8s\u00ec n\u00edgb\u00e0 t\u00ed \u1ecdm\u1ecd kan b\u00e1 \u201c\u1e63e b\u1eb9\u0301\u1eb9\u0300.\u201d Ni Oriire aw\u1ecdn \u1ecdna ti o munadoko wa ti aw\u1ecdn obi ati aw\u1ecdn alabojuto le dahun nigbati \u1ecdm\u1ecd ba n pariwo, n pariwo, k\u1ecdlu, tapa, buje tabi fif\u1ecd aw\u1ecdn nkan. Fun Iranl\u1ecdw\u1ecd L\u1eb9s\u1eb9k\u1eb9s\u1eb9 Ti o ba ni ibakcdun l\u1eb9s\u1eb9k\u1eb9s\u1eb9 nipa ihuwasi \u1ecdm\u1ecd r\u1eb9, aw\u1ecdn laini gboona w\u1ecdnyi le funni\u2026<\/p>","protected":false},"author":8,"featured_media":4025,"parent":839,"menu_order":0,"comment_status":"closed","ping_status":"closed","template":"","meta":{"footnotes":""},"class_list":["post-1021","page","type-page","status-publish","has-post-thumbnail","hentry"],"_links":{"self":[{"href":"https:\/\/211md.org\/yo\/wp-json\/wp\/v2\/pages\/1021","targetHints":{"allow":["GET"]}}],"collection":[{"href":"https:\/\/211md.org\/yo\/wp-json\/wp\/v2\/pages"}],"about":[{"href":"https:\/\/211md.org\/yo\/wp-json\/wp\/v2\/types\/page"}],"author":[{"embeddable":true,"href":"https:\/\/211md.org\/yo\/wp-json\/wp\/v2\/users\/8"}],"replies":[{"embeddable":true,"href":"https:\/\/211md.org\/yo\/wp-json\/wp\/v2\/comments?post=1021"}],"version-history":[{"count":2,"href":"https:\/\/211md.org\/yo\/wp-json\/wp\/v2\/pages\/1021\/revisions"}],"predecessor-version":[{"id":4709,"href":"https:\/\/211md.org\/yo\/wp-json\/wp\/v2\/pages\/1021\/revisions\/4709"}],"up":[{"embeddable":true,"href":"https:\/\/211md.org\/yo\/wp-json\/wp\/v2\/pages\/839"}],"wp:featuredmedia":[{"embeddable":true,"href":"https:\/\/211md.org\/yo\/wp-json\/wp\/v2\/media\/4025"}],"wp:attachment":[{"href":"https:\/\/211md.org\/yo\/wp-json\/wp\/v2\/media?parent=1021"}],"curies":[{"name":"wp","href":"https:\/\/api.w.org\/{rel}","templated":true}]}}