{"id":1023,"date":"2021-04-16T18:54:38","date_gmt":"2021-04-16T18:54:38","guid":{"rendered":"https:\/\/211md.org\/?page_id=1023"},"modified":"2025-10-03T16:48:43","modified_gmt":"2025-10-03T20:48:43","slug":"nini-omo","status":"publish","type":"page","link":"https:\/\/211md.org\/yo\/resources\/children-families\/having-a-baby\/","title":{"rendered":"Nini \u1eccm\u1ecd"},"content":{"rendered":"<img decoding=\"async\" src=\"https:\/\/stg-maryland211-staging.kinsta.cloud\/wp-content\/uploads\/2025\/08\/5-1-scaled.png\" alt=\"5\" itemprop=\"image\" height=\"692\" width=\"2560\" title=\"5\" onerror=\"this.style.display='none'\" loading=\"lazy\" \/>\n\t\t<p>Gbigba \u1ecdm\u1ecd tuntun j\u1eb9 akoko igbadun. O tun j\u1eb9 iyipada nla ati pup\u1ecd lati lil\u00f6 kiri. Lati it\u1ecdju oyun ati ounj\u1eb9 si atil\u1eb9yin \u1eb9dun ati aw\u1ecdn pataki \u1ecdm\u1ecd, 211 so aw\u1ecdn alabojuto ati aw\u1ecdn obi p\u1ecd si aw\u1ecdn atil\u1eb9yin agbegbe fun oyun, ibim\u1ecd, ati aw\u1ecdn \u1ecddun ib\u1eb9r\u1eb9 ti igbesi aye \u1ecdm\u1ecd naa.<\/p>\n<p>B\u1eb9r\u1eb9 wiwa r\u1eb9 nipa gbigbe foonu tabi wiwa aw\u1ecdn orisun ninu aaye data orisun gbogbo ipinl\u1eb9 wa.<\/p>\n\t\t\t<a href=\"#start\" target=\"_self\">\n\t\t\t\t\t\tB\u1eb9r\u1eb9\n\t\t\t\t\t<\/a>\n\t\t\t\t<img decoding=\"async\" src=\"https:\/\/211md.org\/wp-content\/plugins\/bb-plugin\/img\/pixel.png\" alt=\"\" itemprop=\"image\" onerror=\"this.style.display='none'\" loading=\"lazy\" \/>\n\t\t\t\t<img decoding=\"async\" src=\"https:\/\/stg-maryland211-staging.kinsta.cloud\/wp-content\/uploads\/2025\/08\/16.png\" alt=\"16\" itemprop=\"image\" height=\"1000\" width=\"1000\" title=\"16\" onerror=\"this.style.display='none'\" loading=\"lazy\" \/>\n\t\t\t\t<img decoding=\"async\" src=\"http:\/\/211md.org\/wp-content\/uploads\/2025\/09\/Prenatal-Health-care-for-pregnant-mom.jpg\" alt=\"It\u1ecdju ilera ti oyun fun iya aboyun\" itemprop=\"image\" title=\"It\u1ecdju Ilera Prenatal fun iya aboyun\" onerror=\"this.style.display='none'\" loading=\"lazy\" \/>\n\t<h2>It\u1ecdju Ilera fun Aw\u1ecdn iya aboyun ati aw\u1ecdn \u1ecdm\u1ecd ikoko<\/h2>\n<p>Lakoko oyun, it\u1ecdju ilera (it\u1ecdju oyun) \u1e63e pataki fun ilera ti iya ati \u1ecdm\u1ecd ti o dagba. Aw\u1ecdn eto i\u1e63eduro ilera wa lati pese it\u1ecdju ilera \u1ecdf\u1eb9 ati iye owo kekere lakoko oyun.<\/p>\n<p>Ti o ko ba \u1e63e deede fun aw\u1ecdn eto nigba aboyun, \u1e63ay\u1eb9wo l\u1eb9\u1eb9kansi ni kete ti a bi \u1ecdm\u1ecd naa, nitori w\u1ecdn le \u1e63e deede paapaa ti o ko ba \u1e63e b\u1eb9.<\/p>\n\t\t\t<a href=\"https:\/\/search.211md.org\/search?query=YK-6500.6600&#038;query_label=Pregnant+Individuals&#038;query_type=taxonomy\" target=\"_blank\" rel=\"noopener\">\n\t\t\t\t\t\tIt\u1ecdju Ilera fun Aw\u1ecdn iya aboyun\n\t\t\t\t\t<\/a>\n\t\t\t<a href=\"https:\/\/search.211md.org\/search?query=LJ-2000.6750&#038;query_label=Pregnancy+Testing&#038;query_type=taxonomy\" target=\"_self\">\n\t\t\t\t\t\tIdanwo oyun\n\t\t\t\t\t<\/a>\n\t<h3>Medikedi<\/h3>\n<p>Medikedi nfunni ni agbegbe lakoko oyun ati fun aw\u1ecdn o\u1e63u di\u1eb9 l\u1eb9hin ibim\u1ecd \u1ecdm\u1ecd naa. K\u1ecd \u1eb9k\u1ecd <a href=\"https:\/\/health.maryland.gov\/mmcp\/eligibility\/Pages\/generalrequirements.aspx\" target=\"_blank\" rel=\"noopener\">bi o \u1e63e le y\u1eb9 fun Medikedi<\/a>. Wa ti tun \u1eb9ya a\u1e63ayan fun awon ti o wa ni ko US ilu, ni o wa <a href=\"https:\/\/health.maryland.gov\/mmcp\/medicaid-mch-initiatives\/Pages\/healthybabies.aspx\" target=\"_blank\" rel=\"noopener\">aboyun<\/a>, ati pade aw\u1ecdn afij\u1eb9\u1eb9ri miiran.<\/p>\n<h3>Eto I\u1e63eduro Ilera Aw\u1ecdn \u1ecdm\u1ecdde Maryland<\/h3>\n<p>Ti o ko ba pade aw\u1ecdn ibeere yiy\u1eb9 ni eto inawo Medikedi \u1e63ugb\u1ecdn ko tun y\u1eb9 fun i\u1e63eduro ik\u1ecdk\u1ecd, a\u1e63ayan miiran ni Eto I\u1e63eduro Ilera ti Aw\u1ecdn \u1ecdm\u1ecdde ti Maryland (MCHP). Eto naa \u1e63e atil\u1eb9yin <strong>aw\u1ecdn aboyun ti o y\u1eb9 ati aw\u1ecdn \u1ecdm\u1ecdde titi di \u1ecddun 19<\/strong>.<\/p>\n<p>W\u1ecdn le pese:<\/p>\n<ul>\n<li>dokita \u1ecdd\u1ecd\u1ecddun<\/li>\n<li>itoju eh\u00edn<\/li>\n<li>i\u1e63\u1eb9 lab<\/li>\n<li>aw\u1ecdn ajesara<\/li>\n<li>opolo ilera aw\u1ecdn i\u1e63\u1eb9<\/li>\n<li>itoju iran<\/li>\n<\/ul>\n<p>Waye fun agbegbe yii lori ayelujara nipas\u1eb9\u00a0<a href=\"https:\/\/www.marylandhealthconnection.gov\/\" target=\"_blank\" rel=\"noopener\">Maryland Health Asop\u1ecd<\/a> tabi \u1ecdkan ninu aw\u1ecdn <a href=\"https:\/\/health.maryland.gov\/mmcp\/eligibility\/Pages\/apply.aspx\" target=\"_blank\" rel=\"noopener\">yiyan aw\u1ecdn \u1ecdna<\/a>, g\u1eb9g\u1eb9bi \u1eb9ka ilera agbegbe tabi aw\u1ecdn i\u1e63\u1eb9 awuj\u1ecd.\u00a0<\/p>\n<p>&nbsp;<\/p>\n\t<h2>Agbegbe Oro<\/h2>\n<p>A ni aw\u1ecdn \u1ecdg\u1ecd\u1ecdg\u1ecdrun aw\u1ecdn orisun ninu aaye data orisun orisun agbegbe 211 wa fun aw\u1ecdn aboyun ati aw\u1ecdn iya ibim\u1ecd, ati aw\u1ecdn \u1ecdm\u1ecd ikoko. Wa aw\u1ecdn ti o nilo nipas\u1eb9 iru atil\u1eb9yin.<\/p>\n<h3>Oyun-j\u1eb9m\u1ecd<\/h3>\n<ul>\n<li><a href=\"https:\/\/search.211md.org\/search?query=YK-6500.6600&amp;query_label=Pregnant+Individuals&amp;query_type=taxonomy\" target=\"_blank\" rel=\"noopener\">Gbogbogbo oyun Support<\/a><\/li>\n<li><a href=\"https:\/\/search.211md.org\/search?query=LJ-2000.6750&amp;query_label=Pregnancy+Testing&amp;query_type=taxonomy\" target=\"_blank\" rel=\"noopener\">Idanwo oyun<\/a><\/li>\n<\/ul>\n<h3>Igbaninimoran \/ Atil\u1eb9yin<\/h3>\n<p>T\u1eb9 aw\u1ecdn \u1ecdna asop\u1ecd fun atok\u1ecd ti im\u1ecdran ati aw\u1ecdn \u1eb9gb\u1eb9 atil\u1eb9yin ninu aaye data wa. T\u1eb9 koodu ZIP kan sii fun aw\u1ecdn atok\u1ecd nitosi.<\/p>\n<ul>\n<li><a href=\"https:\/\/search.211md.org\/search?query=Family+Planning+%26+Pregnancy+Counseling&amp;query_label=Family+Planning+%26+Pregnancy+Counseling&amp;query_type=taxonomy\" target=\"_blank\" rel=\"noopener\">Eto idile \/ Igbaninimoran oyun<\/a><\/li>\n<li><a href=\"https:\/\/search.211md.org\/search?query=PN-8100.6500-680&amp;query_type=taxonomy&amp;query_label=&amp;query_language=en\">Aw\u1ecdn \u1eb9gb\u1eb9 Atil\u1eb9yin Oyun \/ Ibim\u1ecd<\/a><\/li>\n<li><a href=\"https:\/\/search.211md.org\/search?query=PH-6100&amp;query_type=taxonomy&amp;query_label=&amp;query_language=en\">\u1eb8k\u1ecd ti obi<\/a><\/li>\n<\/ul>\n<h3>Ailewu Haven<\/h3>\n<p>Ti o ko ba f\u1eb9 lati t\u1ecdju \u1ecdm\u1ecd naa, Ailewu Haven j\u1eb9 \u1ecdna a\u1e63iri lati fi \u1ecdm\u1ecd ikoko ti ko ni ipalara sil\u1eb9 lailewu. O ko ni lati dahun ibeere eyikeyi. N\u00eckan s\u1ecd, \u201cEyi j\u1eb9 \u1eccm\u1ecd Hafefe Ailewu\u201d ki o si s\u1ecd w\u1ecdn sil\u1eb9 ni ipo ti a yan ni Maryland.<\/p>\n\t\t\t<a href=\"https:\/\/211md.org\/yo\/oro\/omo-idile\/ibi-aabo\/\" target=\"_blank\" rel=\"noopener\">\n\t\t\t\t\t\tWa ibi aabo kan\n\t\t\t\t\t<\/a>\n\t<h3>Gbigbe \u1eccm\u1ecd<\/h3>\n<p>Ti iya ko ba le \u1e63e abojuto \u1ecdm\u1ecd naa, aw\u1ecdn eto wa lati \u1e63e iranl\u1ecdw\u1ecd.<\/p>\n<p>Iw\u1ecdnyi j\u1eb9 aw\u1ecdn iwadii Igbaninimoran ti o w\u1ecdp\u1ecd ni aaye data orisun wa.<\/p>\n<ul>\n<li><a href=\"https:\/\/search.211md.org\/search?query=PH-0300&amp;query_type=taxonomy&amp;query_label=&amp;query_language=en\">olomo Services<\/a><\/li>\n<li><a href=\"https:\/\/search.211md.org\/search?query=PH-6300&amp;query_type=taxonomy&amp;query_label=&amp;query_language=en\">It\u1ecdju Olut\u1ecdju \/ Aw\u1ecdn ile \u1eb8gb\u1eb9 Aw\u1ecdn \u1ecdm\u1ecdde<\/a><\/li>\n<\/ul>\n<p>Iba\u1e63ep\u1ecd le tun j\u1eb9 a\u1e63ayan ti inira to \u1e63e pataki kan ba wa. Eyi j\u1eb9 eto igba di\u1eb9 p\u1eb9lu ibatan kan tabi ti kii \u1e63e ibatan, ati pe o le j\u1eb9 deede tabi alaye.<\/p>\n<h4>L\u1eb9hin ibim\u1ecd<\/h4>\n<p>Wa atil\u1eb9yin l\u1eb9hin ibim\u1ecd ni ibi ipam\u1ecd data wa.<\/p>\n<ul>\n<li><a href=\"https:\/\/search.211md.org\/search?query=Breastfeeding+Support&amp;query_label=Breastfeeding+Support&amp;query_type=taxonomy\" target=\"_blank\" rel=\"noopener\">Atil\u1eb9yin \u1eccyan<\/a><\/li>\n<li><a href=\"https:\/\/search.211md.org\/search?query=Diapers+%26+Baby+Supplies&amp;query_label=Diapers+%26+Baby+Supplies&amp;query_type=taxonomy\" target=\"_blank\" rel=\"noopener\">Iled\u00ec\u00ed ati omo ipese<\/a><\/li>\n<li><a href=\"https:\/\/search.211md.org\/search?query=BD-1800.8200-250&amp;query_type=taxonomy&amp;query_label=&amp;query_language=en\" target=\"_blank\" rel=\"noopener\">F\u1ecd\u1ecdmu \/ Ounj\u1eb9 \u1eccm\u1ecd<\/a>\u00a0<\/li>\n<\/ul>\n\t\t\t\t<img decoding=\"async\" src=\"https:\/\/211md.org\/wp-content\/plugins\/bb-plugin\/img\/pixel.png\" alt=\"\" itemprop=\"image\" onerror=\"this.style.display='none'\" loading=\"lazy\" \/>\n\t\t\t\t<img decoding=\"async\" src=\"https:\/\/211md.org\/wp-content\/uploads\/bb-plugin\/cache\/Call-center-specialst-circle-4e9ecd7b3425be4576416abc911049bb-.jpg\" alt=\"Oloye ile-i\u1e63\u1eb9 ipe\" itemprop=\"image\" title=\"Ipe aarin pataki\" onerror=\"this.style.display='none'\" loading=\"lazy\" \/>\n<h2>T\u1eb9 211<\/h2><p>Soro si eniyan abojuto ati aanu 24\/7. W\u1ecdn tun le sop\u1ecd si aw\u1ecdn orisun.\u00a0<\/p>\n\t\t\t<a href=\"tel:%20+211\" target=\"_blank\" rel=\"noopener\">\n\t\t\t\t\t\tT\u1eb9 211 (alagbeka)\n\t\t\t\t\t<\/a>\n\t\t<h2>Ounje fun oyun: WIC<\/h2>\n\t\t<p>Maryland WIC (Aw\u1ecdn obinrin, Aw\u1ecdn \u1ecdm\u1ecdde ati Aw\u1ecdn \u1ecdm\u1ecdde) n pese iraye si ounj\u1eb9, lakoko ti o loyun ati nt\u1ecdj\u00fa fun aw\u1ecdn ti o pade aw\u1ecdn ibeere yiyan. O tun wa fun aw\u1ecdn \u1ecdm\u1ecdde titi di \u1ecddun marun.<\/p>\n<p>Maryland WIC nfunni ni aw\u1ecdn iwe-\u1eb9ri ounj\u1eb9 fun aw\u1ecdn ounj\u1eb9 to ni ilera, alaye ij\u1eb9\u1eb9mu, ati atil\u1eb9yin \u1ecdm\u1ecd-\u1ecdmu.<\/p>\n<p>K\u1ecd \u1eb9k\u1ecd nipa aw\u1ecdn afij\u1eb9\u1eb9ri ati bii o \u1e63e le lo.<\/p>\n\t\t\t<a href=\"https:\/\/211md.org\/yo\/oro\/ounje\/wic\/\" target=\"_self\">\n\t\t\t\t\t\t\tK\u1ecd \u1eb9k\u1ecd di\u1eb9 si\n\t\t\t\t\t<\/a>\n\t\t\t\t<img decoding=\"async\" src=\"https:\/\/211md.org\/wp-content\/uploads\/2025\/09\/Kid-feeding-his-mom-healthy-food.jpg\" alt=\"Kid ono iya r\u1eb9 ounje ni ilera\" itemprop=\"image\" height=\"800\" width=\"1200\" title=\"Kid ono iya r\u1eb9 ounje ni ilera\" onerror=\"this.style.display='none'\" loading=\"lazy\" \/>\n\t\t\t\t<img decoding=\"async\" src=\"http:\/\/211md.org\/wp-content\/uploads\/2025\/08\/Infant-Home-visiting-program.jpg\" alt=\"Eto ab\u1eb9wo ile \u1ecdm\u1ecd ikoko\" itemprop=\"image\" title=\"\u00cck\u00f3k\u00f3 Home \u00e0b\u1eb9w\u00f2 eto\" onerror=\"this.style.display='none'\" loading=\"lazy\" \/>\n\t<h2>Aw\u1ecdn Eto Ab\u1eb9wo Ile<\/h2>\n<p>Aw\u1ecdn ab\u1eb9wo ile nigba oyun ati l\u1eb9hin ibim\u1ecd j\u1eb9 \u1ecdna nla lati gba aw\u1ecdn idahun si aw\u1ecdn ibeere r\u1eb9 ni itunu ti ile r\u1eb9. O tun j\u1eb9 ap\u1eb9r\u1eb9 fun alejo ile lati ni anfani lati \u1e63e iranl\u1ecdw\u1ecd aw\u1ecdn i\u1e63eduro telo ti o \u1e63i\u1e63\u1eb9 jul\u1ecd fun \u1eb9bi r\u1eb9 ni agbegbe ile r\u1eb9.<\/p>\n<p>Aw\u1ecdn \u1ecdna meji lo wa lati gba ab\u1eb9wo si ile ni Maryland.<\/p>\n<p>\u1ecckan wa nipas\u1eb9 Medikedi ati ekeji j\u1eb9 nipas\u1eb9 agbegbe agbegbe r\u1eb9.<\/p>\n<h3>Ib\u1eb9wo Ile Medikedi<\/h3>\n<p>Aw\u1ecdn ti o y\u1eb9 fun Medikedi le y\u1eb9 fun ab\u1eb9wo si ile lati \u1ecdd\u1ecd n\u1ecd\u1ecdsi tabi alam\u1ecddaju oye nigba oyun ati l\u1eb9hin ibim\u1ecd.<\/p>\n\t<p>Aw\u1ecdn ab\u1eb9wo ile w\u1ecdnyi funni ni aye lati s\u1ecdr\u1ecd nipa:<\/p>\n<ul>\n<li>Oyun<\/li>\n<li>T\u00edt\u1ecd\u0301 \u1ecdm\u1ecd<\/li>\n<li>Itoju l\u1eb9hin ibim\u1ecd<\/li>\n<li>Ounj\u1eb9<\/li>\n<li>Aw\u1ecdn italaya igbesi aye<\/li>\n<\/ul>\n<p>Aw\u1ecdn \u1ecdd\u1ecd\u1ecddun naa j\u1eb9 pato si ipo ti ara \u1eb9ni.<\/p>\n<p>Beere aw\u1ecdn ab\u1eb9wo si ile nipas\u1eb9 alaba\u1e63ep\u1ecd ilera Medikedi kan, t\u1ecdka si ni Maryland g\u1eb9g\u1eb9bi Ajo It\u1ecdju ti i\u1e63akoso (MCO).<\/p>\n<h3>Aw\u1ecdn eto ab\u1eb9wo ile miiran ni Maryland<\/h3>\n<p>Aw\u1ecdn eto ab\u1eb9wo ile miiran tun wa fun aw\u1ecdn obi tuntun ni aw\u1ecdn ilu ati aw\u1ecdn agbegbe jakejado Maryland.<\/p>\n<p>\u00ccd\u00edl\u00e9 Sop\u1ecd Maryland j\u1eb9 eto \u1ecdf\u1eb9 ati atinuwa fun aw\u1ecdn iya tuntun, ti o wa ni aw\u1ecdn agbegbe kan ti Maryland. N\u1ecd\u1ecdsi ti o foruk\u1ecdsil\u1eb9 le \u1e63ay\u1eb9wo \u1ecdm\u1ecd ati obi.<\/p>\n<p>Ib\u1eb9r\u1eb9 Ilera ati aw\u1ecdn eto Aw\u1ecdn idile Ni ilera tun wa ni aw\u1ecdn \u1eb9ya miiran ti ipinl\u1eb9 naa.<\/p>\n<p>Sop\u1ecd p\u1eb9lu eto ab\u1eb9wo ile:<\/p>\n<ul>\n<li><a href=\"https:\/\/www.aahealth.org\/family-health\/healthy-babies\/healthy-start\" target=\"_blank\" rel=\"noopener\">Anne Arundel County<\/a><\/li>\n<li><a href=\"https:\/\/baltimorehealthystart.org\/programs\/home-visiting-programs\/\" target=\"_blank\" rel=\"noopener\">Ilu Baltimore<\/a> | <a href=\"https:\/\/www.familytreemd.org\/fcm\/\" target=\"_blank\" rel=\"noopener\">Ilu Baltimore<\/a> (Aw\u1ecdn alaisan ile-iwosan Sinai)<\/li>\n<li><a href=\"https:\/\/www.frederickhealth.org\/services\/birth-place\/at-home-newborn-visit\/\" target=\"_blank\" rel=\"noopener\">Frederick County<\/a><\/li>\n<li><a href=\"https:\/\/www.howardcountymd.gov\/children-families\/home-visiting\" target=\"_blank\" rel=\"noopener\">Agbegbe Howard<\/a><\/li>\n<li><a href=\"https:\/\/www.childresource.org\/how-we-support\/families\/home-visiting-services\/family-connects-prince-georges\/\" target=\"_blank\" rel=\"noopener\">Prince George k\u00e1 County<\/a><\/li>\n<\/ul>\n<p>Gb\u1ecd iya kan s\u1ecdr\u1ecd nipa bi eto yii \u1e63e \u1e63e iranl\u1ecdw\u1ecd.<\/p>\n<p><iframe loading=\"lazy\" title=\"Gb\u1ecd lati \u1eb8bi Sop\u1ecd Alaisan Frederick County Erica Blake, Iya ti 2\" src=\"https:\/\/player.vimeo.com\/video\/1028885783?h=44cc67f279&amp;dnt=1&amp;app_id=122963\" width=\"500\" height=\"281\" frameborder=\"0\" allow=\"autoplay; fullscreen; picture-in-picture; clipboard-write; encrypted-media; web-share\"><\/iframe><\/p>\n<p>Ninu\u00a0<a href=\"https:\/\/baltimorehealthystart.org\/programs\/home-visiting-programs\/\" target=\"_blank\" rel=\"noopener\">Ilu Baltimore<\/a>, ab\u1eb9wo si ile wa nipas\u1eb9 Eto Ib\u1eb9r\u1eb9 Healthy. Ati ninu\u00a0<a href=\"https:\/\/www.howardcountymd.gov\/children-families\/home-visiting\" target=\"_blank\" rel=\"noopener\">Agbegbe Howard,<\/a> Somerset, ati Worcester County, o j\u1eb9 Aw\u1ecdn idile ti o ni ilera.<\/p>\n\t\t\t\t<a href=\"https:\/\/search.211md.org\/\" target=\"_blank\" rel=\"noopener\" itemprop=\"url\">\n\t\t\t\t<img decoding=\"async\" src=\"https:\/\/stg-maryland211-staging.kinsta.cloud\/wp-content\/uploads\/2025\/08\/2025_MdInfoNet_Icon-Sets-white_Locate.png\" alt=\"\" itemprop=\"image\" onerror=\"this.style.display='none'\" loading=\"lazy\" \/>\n\t\t\t\t<\/a>\n<h2><a href=\"https:\/\/search.211md.org\/\" target=\"_blank\" rel=\"noopener\">Wa Aw\u1ecdn orisun Bayi<\/a><\/h2><p>Wa <strong>awujo oro <\/strong>fun ounje, itoju ilera, ile ati siwaju sii ninu wa database. Wa nipas\u1eb9 koodu ZIP.<\/p>\n\t\t\t<a href=\"https:\/\/search.211md.org\/\" target=\"_blank\" rel=\"noopener\">\n\t\t\t\t\t\t\tWa Bayi\n\t\t\t<\/a>\n\t\t\t\t<img decoding=\"async\" src=\"http:\/\/211md.org\/wp-content\/uploads\/2025\/09\/babies-at-child-care-center.jpg\" alt=\"aw\u1ecdn \u1ecdm\u1ecdde ni ile-i\u1e63\u1eb9 it\u1ecdju \u1ecdm\u1ecdde\" itemprop=\"image\" title=\"aw\u1ecdn \u1ecdm\u1ecdde ni ile-i\u1e63\u1eb9 it\u1ecdju \u1ecdm\u1ecdde\" onerror=\"this.style.display='none'\" loading=\"lazy\" \/>\n\t\t\t\t<img decoding=\"async\" src=\"https:\/\/211md.org\/wp-content\/plugins\/bb-plugin\/img\/pixel.png\" alt=\"\" itemprop=\"image\" onerror=\"this.style.display='none'\" loading=\"lazy\" \/>\n\t<h2>Child Care Resources<\/h2>\n<p>It\u1ecdju \u1ecdm\u1ecdde le j\u1eb9 nija lati wa, ati aw\u1ecdn iya aboyun le pade aw\u1ecdn akoj\u1ecd idaduro. Nitorinaa, gbero ni kutukutu, paapaa \u1e63aaju bi \u1ecdm\u1ecd naa.<\/p>\n<p>Aw\u1ecdn eto iranl\u1ecdw\u1ecd wa lati \u1e63e iranl\u1ecdw\u1ecd sanwo fun it\u1ecdju \u1ecdm\u1ecdde. Aw\u1ecdn 211 <a href=\"https:\/\/211md.org\/yo\/oro\/omo-idile\/\">\u1ecdm\u1ecd itoju guide<\/a> salaye aw\u1ecdn a\u1e63ayan r\u1eb9.<\/p>\n<p>O tun le wa aaye data orisun orisun 211 Agbegbe fun atok\u1ecd ti aw\u1ecdn ile-i\u1e63\u1eb9 igba ewe ati aw\u1ecdn ipo lati gba iranl\u1ecdw\u1ecd lati sanwo fun r\u1eb9.<\/p>\n\t\t\t<a href=\"https:\/\/search.211md.org\/search?query=HD-1800&#038;query_type=taxonomy&#038;query_label=&#038;query_language=en\" target=\"_blank\" rel=\"noopener\">\n\t\t\t\t\t\teko ewe <br \/> (aw\u1ecdn ile-i\u1e63\u1eb9 judy \/ ib\u1eb9r\u1eb9 ori)\n\t\t\t\t\t<\/a>\n\t\t\t<a href=\"https:\/\/search.211md.org\/search?query=PH-1250.1800&#038;query_type=taxonomy&#038;query_label=&#038;query_language=en\" target=\"_blank\" rel=\"noopener\">\n\t\t\t\t\t\to gbooro sii it\u1ecdju \u1ecdm\u1ecd\n\t\t\t\t\t<\/a>\n\t\t\t<a href=\"https:\/\/search.211md.org\/search?query=NL-3000.1500&#038;query_type=taxonomy&#038;query_label=&#038;query_language=en\" target=\"_blank\" rel=\"noopener\">\n\t\t\t\t\t\tIranl\u1ecdw\u1ecd p\u1eb9lu aw\u1ecdn inawo it\u1ecdju \u1ecdm\u1ecd\n\t\t\t\t\t<\/a>\n<h2>\n\t\t\tj\u1eb9m\u1ecd alaye fun aw\u1ecdn idile\t<\/h2>\n\t\t<h4><a href=\"\/yo\/oro\/ailera-ti-ogbo\/?utm_source=Home&#038;utm_medium=Referral&#038;utm_campaign=211Resources&#038;utm_content=Aging\" target=\"_self\">Ti ogbo &amp; Alaabo<\/a><\/h4>\n\t\t\t\t<a href=\"\/yo\/oro\/ailera-ti-ogbo\/?utm_source=Home&#038;utm_medium=Referral&#038;utm_campaign=211Resources&#038;utm_content=Aging\"  target=\"_self\" itemprop=\"url\">\n\t\t\t\t<img decoding=\"async\" src=\"https:\/\/211md.org\/wp-content\/uploads\/bb-plugin\/cache\/2025_MdInfoNet_Icon-Sets_Aging-disability-square-c466727102cae71e5f27b8539bb51945-.png\" alt=\"\" itemprop=\"image\" onerror=\"this.style.display='none'\" loading=\"lazy\" \/>\n\t\t\t\t<\/a>\n\t\t<h4><a href=\"\/yo\/oro\/omo-idile\/?utm_source=Home&#038;utm_medium=Referral&#038;utm_campaign=211Resources&#038;utm_content=Children\" target=\"_self\">Aw\u1ecdn \u1ecdm\u1ecdde &amp; Aw\u1ecdn idile<\/a><\/h4>\n\t\t\t\t<a href=\"\/yo\/oro\/omo-idile\/?utm_source=Home&#038;utm_medium=Referral&#038;utm_campaign=211Resources&#038;utm_content=Children\"  target=\"_self\" itemprop=\"url\">\n\t\t\t\t<img decoding=\"async\" src=\"https:\/\/211md.org\/wp-content\/uploads\/bb-plugin\/cache\/2025_211_Icon-Sets_Child-care-square-f3b0d4edab3dcc467fadb5f55f4064c6-.png\" alt=\"2025_211_Icon Sets_Child itoju\" itemprop=\"image\" height=\"417\" width=\"417\" title=\"2025_211_Icon Sets_Child itoju\" onerror=\"this.style.display='none'\" loading=\"lazy\" \/>\n\t\t\t\t<\/a>\n\t\t<h4><a href=\"\/yo\/oro\/abele-ebi-iwa-ipa\/?utm_source=Home&#038;utm_medium=Referral&#038;utm_campaign=211Resources&#038;utm_content=Domestic\" target=\"_self\">Iwa-ipa Abele<\/a><\/h4>\n\t\t\t\t<a href=\"\/yo\/oro\/abele-ebi-iwa-ipa\/?utm_source=Home&#038;utm_medium=Referral&#038;utm_campaign=211Resources&#038;utm_content=Domestic\"  target=\"_self\" itemprop=\"url\">\n\t\t\t\t<img decoding=\"async\" src=\"https:\/\/211md.org\/wp-content\/uploads\/bb-plugin\/cache\/2025_211_Icon-Sets_Domestic-Violence-square-7b597694a6f05fe90cdc376aa573bc63-.png\" alt=\"Aami iwa-ipa ab\u1eb9le\" itemprop=\"image\" height=\"417\" width=\"417\" title=\"2025_211_Icon \u1e62eto_Iwa-ipa Abele\" onerror=\"this.style.display='none'\" loading=\"lazy\" \/>\n\t\t\t\t<\/a>\n\t\t<h4><a href=\"\/yo\/oro\/wiwa-oojo\/?utm_source=Home&#038;utm_medium=Referral&#038;utm_campaign=211Resources&#038;utm_content=Employment\" target=\"_self\">Igbanisise<\/a><\/h4>\n\t\t\t\t<a href=\"\/yo\/oro\/wiwa-oojo\/?utm_source=Home&#038;utm_medium=Referral&#038;utm_campaign=211Resources&#038;utm_content=Employment\"  target=\"_self\" itemprop=\"url\">\n\t\t\t\t<img decoding=\"async\" src=\"https:\/\/211md.org\/wp-content\/uploads\/bb-plugin\/cache\/2025_MdInfoNet_Icon-Sets_Employment-square-44707bd410e4df10a470bf130ebcea86-.png\" alt=\"\" itemprop=\"image\" onerror=\"this.style.display='none'\" loading=\"lazy\" \/>\n\t\t\t\t<\/a>\n\t\t<h4><a href=\"\/yo\/oro\/itoju-ilera\/?utm_source=Home&#038;utm_medium=Referral&#038;utm_campaign=211Resources&#038;utm_content=Health%20Care\" target=\"_self\">It\u1ecdju Ilera<\/a><\/h4>\n\t\t\t\t<a href=\"\/yo\/oro\/itoju-ilera\/?utm_source=Home&#038;utm_medium=Referral&#038;utm_campaign=211Resources&#038;utm_content=Health%20Care\"  target=\"_self\" itemprop=\"url\">\n\t\t\t\t<img decoding=\"async\" src=\"https:\/\/211md.org\/wp-content\/uploads\/bb-plugin\/cache\/2025_MdInfoNet_Icon-Sets_Health-Care-square-dee98a0060cbe0e7f27eda253fc12679-.png\" alt=\"\" itemprop=\"image\" onerror=\"this.style.display='none'\" loading=\"lazy\" \/>\n\t\t\t\t<\/a>\n\t\t<h4><a href=\"\/yo\/oro\/omo-idile\/itoju-ibatan\/?utm_source=Home&#038;utm_medium=Referral&#038;utm_campaign=211Resources&#038;utm_content=Kinship\" target=\"_self\">\u00ccb\u00e1tan<\/a><\/h4>\n\t\t\t\t<a href=\"\/yo\/oro\/omo-idile\/itoju-ibatan\/?utm_source=Home&#038;utm_medium=Referral&#038;utm_campaign=211Resources&#038;utm_content=Kinship\"  target=\"_self\" itemprop=\"url\">\n\t\t\t\t<img decoding=\"async\" src=\"https:\/\/211md.org\/wp-content\/uploads\/bb-plugin\/cache\/2025_211_Icon-Sets_Kinship-square-45bdf872866f5735f842c32071109267-.png\" alt=\"Aami ibatan\" itemprop=\"image\" height=\"417\" width=\"417\" title=\"2025_211_Icon Sets_Kinship\" onerror=\"this.style.display='none'\" loading=\"lazy\" \/>\n\t\t\t\t<\/a>\n\t\t<h4><a href=\"\/yo\/oro\/ofin-awon-i%e1%b9%a3e\/?utm_source=Home&#038;utm_medium=Referral&#038;utm_campaign=211Resources&#038;utm_content=Legal\" target=\"_self\">Aw\u1ecdn i\u1e63\u1eb9 ofin<\/a><\/h4>\n\t\t\t\t<a href=\"\/yo\/oro\/ofin-awon-i%e1%b9%a3e\/?utm_source=Home&#038;utm_medium=Referral&#038;utm_campaign=211Resources&#038;utm_content=Legal\"  target=\"_self\" itemprop=\"url\">\n\t\t\t\t<img decoding=\"async\" src=\"https:\/\/211md.org\/wp-content\/uploads\/bb-plugin\/cache\/2025_MdInfoNet_Icon-Sets_Legal-square-18fdf438feb8435588174d9046463257-.png\" alt=\"\" itemprop=\"image\" onerror=\"this.style.display='none'\" loading=\"lazy\" \/>\n\t\t\t\t<\/a>\n\t\t<h4><a href=\"\/yo\/oro\/opolo-ilera\/?utm_source=Home&#038;utm_medium=Referral&#038;utm_campaign=211Resources&#038;utm_content=Mental\" target=\"_self\">Opolo Health<\/a><\/h4>\n\t\t\t\t<a href=\"\/yo\/oro\/opolo-ilera\/?utm_source=Home&#038;utm_medium=Referral&#038;utm_campaign=211Resources&#038;utm_content=Mental\"  target=\"_self\" itemprop=\"url\">\n\t\t\t\t<img decoding=\"async\" src=\"https:\/\/211md.org\/wp-content\/uploads\/bb-plugin\/cache\/2025_MdInfoNet_Icon-Sets_Mental-Health-square-c59b38c4a993a947d4c9280fbe2d2fee-.png\" alt=\"\" itemprop=\"image\" onerror=\"this.style.display='none'\" loading=\"lazy\" \/>\n\t\t\t\t<\/a>\n\t\t<h4><a href=\"\/yo\/oro\/ogbon-inu\/?utm_source=Home&#038;utm_medium=Referral&#038;utm_campaign=211Resources&#038;utm_content=Reentry\" target=\"_self\">Atunw\u1ecdle<\/a><\/h4>\n\t\t\t\t<a href=\"\/yo\/oro\/ogbon-inu\/?utm_source=Home&#038;utm_medium=Referral&#038;utm_campaign=211Resources&#038;utm_content=Reentry\"  target=\"_self\" itemprop=\"url\">\n\t\t\t\t<img decoding=\"async\" src=\"https:\/\/211md.org\/wp-content\/uploads\/bb-plugin\/cache\/2025_211_Icon-Sets_Reentry-square-8676fea38abd920a832f45642fe31cca-.png\" alt=\"Aami iw\u1ecdle\" itemprop=\"image\" height=\"417\" width=\"417\" title=\"2025_211_Icon Sets_Reentry\" onerror=\"this.style.display='none'\" loading=\"lazy\" \/>\n\t\t\t\t<\/a>\n\t\t<h4><a href=\"\/yo\/oro\/lilo-nkan-elo\/?utm_source=Home&#038;utm_medium=Referral&#038;utm_campaign=211Resources&#038;utm_content=Substance\" target=\"_self\">Ohun elo Lilo<\/a><\/h4>\n\t\t\t\t<a href=\"\/yo\/oro\/lilo-nkan-elo\/?utm_source=Home&#038;utm_medium=Referral&#038;utm_campaign=211Resources&#038;utm_content=Substance\"  target=\"_self\" itemprop=\"url\">\n\t\t\t\t<img decoding=\"async\" src=\"https:\/\/211md.org\/wp-content\/uploads\/bb-plugin\/cache\/2025_MdInfoNet_Icon-Sets_Substance-Abuse-square-9022fec9d18a64118ad685c101885b55-.png\" alt=\"\" itemprop=\"image\" onerror=\"this.style.display='none'\" loading=\"lazy\" \/>\n\t\t\t\t<\/a>\n\t\t<h4><a href=\"\/yo\/oro\/ogbo\/?utm_source=Home&#038;utm_medium=Referral&#038;utm_campaign=211Resources&#038;utm_content=Veterans\" target=\"_self\">Ogbo<\/a><\/h4>\n\t\t\t\t<a href=\"\/yo\/oro\/ogbo\/?utm_source=Home&#038;utm_medium=Referral&#038;utm_campaign=211Resources&#038;utm_content=Veterans\"  target=\"_self\" itemprop=\"url\">\n\t\t\t\t<img decoding=\"async\" src=\"https:\/\/211md.org\/wp-content\/uploads\/bb-plugin\/cache\/2025_MdInfoNet_Icon-Sets_Rating-square-6e60d00cce4faa8e0a6d4ad7366aa733-.png\" alt=\"\" itemprop=\"image\" onerror=\"this.style.display='none'\" loading=\"lazy\" \/>\n\t\t\t\t<\/a>","protected":false},"excerpt":{"rendered":"<p>Gbigba \u1ecdm\u1ecd tuntun j\u1eb9 akoko igbadun. O tun j\u1eb9 iyipada nla ati pup\u1ecd lati lil\u00f6 kiri. Lati it\u1ecdju oyun ati ounj\u1eb9 si atil\u1eb9yin \u1eb9dun ati aw\u1ecdn pataki \u1ecdm\u1ecd, 211 so aw\u1ecdn alabojuto ati aw\u1ecdn obi p\u1ecd si aw\u1ecdn atil\u1eb9yin agbegbe fun oyun, ibim\u1ecd, ati aw\u1ecdn \u1ecddun ib\u1eb9r\u1eb9 ti igbesi aye \u1ecdm\u1ecd naa. B\u1eb9r\u1eb9 wiwa r\u1eb9 nipa gbigbe aw\u1ecdn\u2026<\/p>","protected":false},"author":8,"featured_media":2077,"parent":839,"menu_order":0,"comment_status":"closed","ping_status":"closed","template":"","meta":{"footnotes":""},"class_list":["post-1023","page","type-page","status-publish","has-post-thumbnail","hentry"],"_links":{"self":[{"href":"https:\/\/211md.org\/yo\/wp-json\/wp\/v2\/pages\/1023","targetHints":{"allow":["GET"]}}],"collection":[{"href":"https:\/\/211md.org\/yo\/wp-json\/wp\/v2\/pages"}],"about":[{"href":"https:\/\/211md.org\/yo\/wp-json\/wp\/v2\/types\/page"}],"author":[{"embeddable":true,"href":"https:\/\/211md.org\/yo\/wp-json\/wp\/v2\/users\/8"}],"replies":[{"embeddable":true,"href":"https:\/\/211md.org\/yo\/wp-json\/wp\/v2\/comments?post=1023"}],"version-history":[{"count":10,"href":"https:\/\/211md.org\/yo\/wp-json\/wp\/v2\/pages\/1023\/revisions"}],"predecessor-version":[{"id":33891,"href":"https:\/\/211md.org\/yo\/wp-json\/wp\/v2\/pages\/1023\/revisions\/33891"}],"up":[{"embeddable":true,"href":"https:\/\/211md.org\/yo\/wp-json\/wp\/v2\/pages\/839"}],"wp:featuredmedia":[{"embeddable":true,"href":"https:\/\/211md.org\/yo\/wp-json\/wp\/v2\/media\/2077"}],"wp:attachment":[{"href":"https:\/\/211md.org\/yo\/wp-json\/wp\/v2\/media?parent=1023"}],"curies":[{"name":"wp","href":"https:\/\/api.w.org\/{rel}","templated":true}]}}