{"id":1060,"date":"2021-04-16T22:07:54","date_gmt":"2021-04-16T22:07:54","guid":{"rendered":"https:\/\/211md.org\/?page_id=1060"},"modified":"2025-06-19T17:32:26","modified_gmt":"2025-06-19T21:32:26","slug":"owo-omi","status":"publish","type":"page","link":"https:\/\/211md.org\/yo\/resources\/utility-assistance\/water-bills\/","title":{"rendered":"Aw\u1ecdn Owo Omi"},"content":{"rendered":"<p>Ti o ba ni akiyesi tiipa, o le y\u1eb9 fun iranl\u1ecdw\u1ecd lati \u1ecdd\u1ecd aw\u1ecdn alanu agbegbe ati aw\u1ecdn aj\u1ecd ti o da lori igbagb\u1ecd. K\u1ecd \u1eb9k\u1ecd di\u1eb9 sii nipas\u1eb9\u00a0<a href=\"https:\/\/search.211md.org\/\" target=\"_blank\" rel=\"noopener\">wiwa aaye data orisun 211 fun Iranl\u1ecdw\u1ecd Bill Bill<\/a> lati wa aw\u1ecdn ajo agbegbe ti o le \u1e63e iranl\u1ecdw\u1ecd. O tun le t\u1eb9 211 tabi k\u1ecd \u1eb9k\u1ecd nipa aw\u1ecdn eto iranl\u1ecdw\u1ecd owo omi Maryland.<\/p>\n\t<h2>Iranl\u1ecdw\u1ecd p\u1eb9lu omi owo<\/h2>\n<p>Ti o ba nilo iranl\u1ecdw\u1ecd lati san owo-owo omi r\u1eb9, o \u1e63e pataki lati gba iranl\u1ecdw\u1ecd ni kete ti o ba m\u1ecd inira owo lati yago fun nini pipa omi r\u1eb9.<\/p>\n<p>Iranl\u1ecdw\u1ecd wa nipas\u1eb9 aw\u1ecdn eto iranl\u1ecdw\u1ecd omi agbegbe, eto isanwo omi owo kekere ti o wa nipas\u1eb9 ipinl\u1eb9 Maryland, aw\u1ecdn aj\u1ecd agbegbe tabi aw\u1ecdn eto isanwo nipas\u1eb9 ile-i\u1e63\u1eb9 omi r\u1eb9.<\/p>\n<p>Ni ak\u1ecdk\u1ecd, s\u1ecdr\u1ecd p\u1eb9lu olupese i\u1e63\u1eb9 r\u1eb9 nipa ipo inawo r\u1eb9 lati yago fun pipa omi r\u1eb9.<\/p>\n<p>O le ni anfani lati fa \u1ecdj\u1ecd to pe tabi \u1e63i\u1e63\u1eb9 eto isanwo miiran.<\/p>\n<p>Eyi ni aw\u1ecdn ap\u1eb9\u1eb9r\u1eb9 di\u1eb9 ti aw\u1ecdn eto iranl\u1ecdw\u1ecd omi lati aw\u1ecdn ile-i\u1e63\u1eb9 omi ati aw\u1ecdn olupese ni Maryland.<\/p>\n\t\t\t\t<img decoding=\"async\" src=\"https:\/\/211md.org\/wp-content\/uploads\/2022\/09\/children-drinking-water.jpg\" alt=\"\u1ecdm\u1ecd-mimu-omi\" itemprop=\"image\" height=\"667\" width=\"1000\" title=\"\u1ecdm\u1ecd-mimu-omi\" onerror=\"this.style.display='none'\" loading='lazy' \/>\n\t<h3>Aw\u1ecdn Eto Iranl\u1ecdw\u1ecd Omi WSSC<\/h3>\n<p>Fun ap\u1eb9\u1eb9r\u1eb9, ti Omi WSSC (Montgomery ati Prince George&#039;s County) j\u1eb9 ile-i\u1e63\u1eb9 omi r\u1eb9, o le ni \u1eb9t\u1ecd fun aw\u1ecdn eto iranl\u1ecdw\u1ecd pup\u1ecd.<\/p>\n<p>Ni ak\u1ecdk\u1ecd, aw\u1ecdn\u00a0<a href=\"https:\/\/www.wsscwater.com\/waterfund\" target=\"_blank\" rel=\"noopener\">Owo Omi<\/a>\u00a0pese to $500 fun odun to y\u1eb9 onibara. Army Igbala n\u1e63i\u1e63\u1eb9 eto yii.<\/p>\n<p>Owo Omi j\u1eb9 eto ti o y\u1eb9 fun owo-wiw\u1ecdle fun aw\u1ecdn idile laarin 200% ti ipele osi ni apapo. Aw\u1ecdn owo wa lori ipil\u1eb9-ak\u1ecdk\u1ecd, ipil\u1eb9 i\u1e63\u1eb9-ak\u1ecdk\u1ecd. Ti agbara ba de fun o\u1e63u kan, ipinnu lati pade at\u1eb9le j\u1eb9 \u1eccj\u1ecd Aar\u1ecd ak\u1ecdk\u1ecd ti o\u1e63u ti n b\u1ecd.<\/p>\n<p>\u00c8kej\u00ec,\u00a0<a href=\"https:\/\/www.wsscwater.com\/payplans\" target=\"_blank\" rel=\"noopener\">Omi WSSC tun funni ni aw\u1ecdn \u1ecdj\u1ecd ipari gigun ati aw\u1ecdn ero isanwo ir\u1ecdrun<\/a>. Aw\u1ecdn ero isanwo le faagun laarin aw\u1ecdn o\u1e63u 36 ati 48, da lori boya o j\u1eb9 (Eto Iranl\u1ecdw\u1ecd Onibara) Onibara ti Af\u1ecdw\u1ecdsi CAP.<\/p>\n<p>Ti o ba j\u1eb9 ayalegbe, o nilo if\u1ecdw\u1ecdsi eni lati \u1e63eto eto isanwo fun owo omi r\u1eb9.<\/p>\n<p>\u1eb8k\u1eb9ta, aw\u1ecdn eto pataki le tun wa ni agbegbe r\u1eb9 lati \u1e63e iranl\u1ecdw\u1ecd p\u1eb9lu aw\u1ecdn sisanwo.<\/p>\n<p>Fun ap\u1eb9\u1eb9r\u1eb9, ni Montgomery County, aw\u1ecdn\u00a0<a href=\"https:\/\/www.montgomerycountymd.gov\/HHS-Program\/SNHS\/rent-relief.html\" target=\"_blank\" rel=\"noopener\">Eto Idena Iyalo COVID-19 tun ni wiwa iranl\u1ecdw\u1ecd ohun elo<\/a>, p\u1eb9lu\u00a0<a href=\"https:\/\/www.wsscwater.com\/assistance\" target=\"_blank\" rel=\"noopener\">WSSC Omi owo<\/a>\u00a0fun aw\u1ecdn idile ti o ni \u1eb9t\u1ecd p\u1eb9lu inira in\u1ecdnwo COVID-19.<\/p>\n<p>Iw\u1ecdnyi j\u1eb9 ap\u1eb9\u1eb9r\u1eb9 fun Omi WSSC nikan, \u1e63ugb\u1ecdn aw\u1ecdn ile-i\u1e63\u1eb9 omi miiran le funni ni iru tabi aw\u1ecdn eto iranl\u1ecdw\u1ecd omi ni afikun.<\/p>\n<p>211 le \u1e63e iranl\u1ecdw\u1ecd fun \u1ecd lati \u1e63e idanim\u1ecd aw\u1ecdn eto ti o \u1e63e iranl\u1ecdw\u1ecd san owo-omi ni agbegbe r\u1eb9.<\/p>\n<h3>Baltimore City Water Owo<\/h3>\n<p>Ti o ba gbe ni\u00a0<a href=\"https:\/\/211md.org\/yo\/oro-nipa-county\/ilu-baltimore\/\" target=\"_blank\" rel=\"noopener\">Ilu Baltimore<\/a>, Eto \u1eb9dinwo Water4All \u1e63e iranl\u1ecdw\u1ecd lati \u1e63\u1eb9da iraye si deede si iranl\u1ecdw\u1ecd omi.<\/p>\n<p><a href=\"https:\/\/cityservices.baltimorecity.gov\/water\/\" target=\"_blank\" rel=\"noopener\">Omi 4Gbogbo<\/a>\u00a0j\u1eb9 eto ti o y\u1eb9 fun owo-wiw\u1ecdle fun aw\u1ecdn idile ti n \u1e63e ni isal\u1eb9 200% ti ipele osi ni apapo. Lakoko ti aw\u1ecdn it\u1ecds\u1ecdna owo-wiw\u1ecdle le yipada, laip\u1eb9, idile Ilu Baltimore ti m\u1eb9rin ti o kere ju $55,500 ni \u1ecddun kan yoo y\u1eb9.<\/p>\n<p>\u1e62e o ko m\u1ecd iye ti o j\u1eb9 gbese?\u00a0<a href=\"https:\/\/cityservices.baltimorecity.gov\/water\/\" target=\"_blank\" rel=\"noopener\">Wa owo omi ni Ilu Baltimore<\/a>\u00a0p\u1eb9lu n\u1ecdmba ak\u1ecd\u1ecdl\u1eb9 tabi adir\u1eb9si i\u1e63\u1eb9.<\/p>\n<p>O tun le y\u1eb9 fun iranl\u1ecdw\u1ecd nipas\u1eb9 eto iranl\u1ecdw\u1ecd omi miiran tabi agbari agbegbe.<\/p>\n<h3>211 Iranl\u1ecdw\u1ecd<\/h3>\n<p>Ti o ba n gbe ni agbegbe miiran, o le t\u1eb9 211 nigbakugba. Aw\u1ecdn alam\u1ecdja 211 le \u1e63e idanim\u1ecd aw\u1ecdn eto iranl\u1ecdw\u1ecd omi agbegbe nitosi r\u1eb9, bakannaa <a href=\"https:\/\/211md.org\/yo\/oro\/iranlowo-ohun-elo\/\">eto fun miiran IwUlO owo<\/a>.<\/p>\n<p><a href=\"https:\/\/211md.org\/yo\/oro-nipa-county\/\">O tun le wa oju-iwe orisun agbegbe r\u1eb9<\/a>.<\/p>\n<h2>Alaye ti o j\u1ecdm\u1ecd<\/h2>\n<p><a title=\"Gba Iranl\u1ecdw\u1ecd Owo P\u1eb9lu Iwe-a\u1e63\u1eb9 Alapapo Maryland R\u1eb9\" href=\"https:\/\/211md.org\/yo\/oro\/iranlowo-ohun-elo\/alapapo-owo\/\">Alapapo Bill<\/a><\/p>\n<p><a href=\"https:\/\/211md.org\/yo\/oro\/iranlowo-ohun-elo\/itanna-owo\/\">Ina Bill<\/a><\/p>\n<p><a title=\"Aw\u1ecdn i\u1e63\u1eb9 foonu\" href=\"https:\/\/211md.org\/yo\/oro\/iranlowo-ohun-elo\/foonu-awon-i%e1%b9%a3e\/\">Foonu &amp; Aw\u1ecdn i\u1e63\u1eb9 Ayelujara<\/a><\/p>\n<p><a href=\"https:\/\/211md.org\/yo\/oro\/iranlowo-ohun-elo\/\">Gbogbo Aw\u1ecdn owo IwUlO<\/a><\/p>\n<h2>\n\t\t\tWa Oro\t<\/h2>\n\t\t\t\t<a href=\"\/yo\/oro\/ailera-ti-ogbo\/\"  target=\"_self\" itemprop=\"url\">\n\t\t\t\t<img decoding=\"async\" src=\"https:\/\/211md.org\/wp-content\/uploads\/bb-plugin\/cache\/Mask-Group-41@2x-circle-73eaadba4cad8269faa4720e25cf1c85-.png\" alt=\"\u1eb8s\u1eb9 ti agbalagba obirin ati \u1ecdm\u1ecddebinrin ti nrin pap\u1ecd\" itemprop=\"image\" height=\"500\" width=\"500\" title=\"Aw\u1ecdn i\u1e63\u1eb9 ailera\" onerror=\"this.style.display='none'\" loading='lazy' \/>\n\t\t\t\t<\/a>\n\t\t<h3><a href=\"\/yo\/oro\/ailera-ti-ogbo\/\" target=\"_self\">Ti ogbo &amp; Alaabo<\/a><\/h3>\t\n\t\t\t\t<a href=\"\/yo\/oro\/omo-idile\/\"  target=\"_self\" itemprop=\"url\">\n\t\t\t\t<img decoding=\"async\" src=\"https:\/\/211md.org\/wp-content\/uploads\/bb-plugin\/cache\/Mask-Group-38@2x-circle-ac40d46265fbec62083cd27f6dcf23b0-.png\" alt=\"\u1eccd\u1ecdm\u1ecdkunrin ati \u1ecdm\u1ecddebinrin kan n r\u1eb9rin mus\u1eb9 ati wiwo kam\u1eb9ra naa\" itemprop=\"image\" height=\"500\" width=\"500\" title=\"\u1eb8gb\u1eb9 boju 38@2x\" onerror=\"this.style.display='none'\" loading='lazy' \/>\n\t\t\t\t<\/a>\n\t\t<h3><a href=\"\/yo\/oro\/omo-idile\/\" target=\"_self\">Aw\u1ecdn \u1ecdm\u1ecdde &amp; Aw\u1ecdn idile<\/a><\/h3>\t\n\t\t\t\t<a href=\"\/yo\/oro\/abele-ebi-iwa-ipa\/\"  target=\"_self\" itemprop=\"url\">\n\t\t\t\t<img decoding=\"async\" src=\"https:\/\/211md.org\/wp-content\/uploads\/bb-plugin\/cache\/Mask-Group-39@2x-circle-b2589197a13c791d910f46dd10b27a87-.png\" alt=\"\u1eccw\u1ecd meji meji di ara w\u1ecdn mu\" itemprop=\"image\" height=\"500\" width=\"500\" title=\"\u1eb8gb\u1eb9 boju 39@2x\" onerror=\"this.style.display='none'\" loading='lazy' \/>\n\t\t\t\t<\/a>\n\t\t<h3><a href=\"\/yo\/oro\/abele-ebi-iwa-ipa\/\" target=\"_self\">Abele \/ \u00ccd\u00edl\u00e9 Iwa-ipa<\/a><\/h3>\t\n\t\t\t\t<a href=\"\/yo\/oro\/wiwa-oojo\/\"  target=\"_self\" itemprop=\"url\">\n\t\t\t\t<img decoding=\"async\" src=\"https:\/\/211md.org\/wp-content\/uploads\/bb-plugin\/cache\/Employment-circle-bf72562329e950df948954f5d3f44b2e-.png\" alt=\"Mekaniki \u1ecdk\u1ecd ay\u1ecdk\u1eb9l\u1eb9 kan\" itemprop=\"image\" height=\"500\" width=\"500\" title=\"Igbanisise\" onerror=\"this.style.display='none'\" loading='lazy' \/>\n\t\t\t\t<\/a>\n\t\t<h3><a href=\"\/yo\/oro\/wiwa-oojo\/\" target=\"_self\">Igbanisise<\/a><\/h3>\t\n\t\t\t\t<a href=\"\/yo\/oro\/itoju-ilera\/\"  target=\"_self\" itemprop=\"url\">\n\t\t\t\t<img decoding=\"async\" src=\"https:\/\/211md.org\/wp-content\/uploads\/bb-plugin\/cache\/Mask-Group-35@2x-circle-94be10c13e4adae1683b4589dc2f5b2f-.png\" alt=\"Dokita ti n wo \u1eb9s\u1eb9 aw\u1ecdn \u1ecdm\u1ecdkunrin\" itemprop=\"image\" height=\"500\" width=\"500\" title=\"\u1eb8gb\u1eb9 boju 35@2x\" onerror=\"this.style.display='none'\" loading='lazy' \/>\n\t\t\t\t<\/a>\n\t\t<h3><a href=\"\/yo\/oro\/itoju-ilera\/\" target=\"_self\">It\u1ecdju Ilera<\/a><\/h3>\t\n\t\t\t\t<a href=\"\/yo\/oro\/ounje\/\"  target=\"_self\" itemprop=\"url\">\n\t\t\t\t<img decoding=\"async\" src=\"https:\/\/211md.org\/wp-content\/uploads\/bb-plugin\/cache\/Mask-Group-32@2x-circle-1c6d647dcaf998fa079d26735cedc92b-.png\" alt=\"Aw\u1ecdn \u1eb9f\u1ecd titun\" itemprop=\"image\" height=\"500\" width=\"500\" title=\"\u1eb8gb\u1eb9 boju 32@2x\" onerror=\"this.style.display='none'\" loading='lazy' \/>\n\t\t\t\t<\/a>\n\t\t<h3><a href=\"\/yo\/oro\/ounje\/\" target=\"_self\">Ounj\u1eb9<\/a><\/h3>\t\n\t\t\t\t<a href=\"\/yo\/oro\/ibugbe-ibugbe\/\"  target=\"_self\" itemprop=\"url\">\n\t\t\t\t<img decoding=\"async\" src=\"https:\/\/211md.org\/wp-content\/uploads\/bb-plugin\/cache\/Mask-Group-34@2x-circle-b99c55fc16ef21f35e2f2a1f7cc37b9a-.png\" alt=\"Iy\u1eb9wu eka balikoni\" itemprop=\"image\" height=\"500\" width=\"500\" title=\"Iy\u1eb9wu-Complex\" onerror=\"this.style.display='none'\" loading='lazy' \/>\n\t\t\t\t<\/a>\n\t\t<h3><a href=\"\/yo\/oro\/ibugbe-ibugbe\/\" target=\"_self\">Ibugbe &amp; Koseemani<\/a><\/h3>\t\n\t\t\t\t<a href=\"\/yo\/oro\/tuntun-si-wa-ati-maryland\/\"  target=\"_self\" itemprop=\"url\">\n\t\t\t\t<img decoding=\"async\" src=\"https:\/\/211md.org\/wp-content\/uploads\/bb-plugin\/cache\/American-flag-circle-0016cc327e27ef7aeb080f1da6c6e98b-.jpg\" alt=\"titun si United States\" itemprop=\"image\" height=\"364\" width=\"1366\" title=\"American-flag\" onerror=\"this.style.display='none'\" loading='lazy' \/>\n\t\t\t\t<\/a>\n\t\t<h3><a href=\"\/yo\/oro\/tuntun-si-wa-ati-maryland\/\" target=\"_self\">I\u1e63il\u1ecd<\/a><\/h3>\t\n\t\t\t\t<a href=\"\/yo\/oro\/omo-idile\/itoju-ibatan\/\"  target=\"_self\" itemprop=\"url\">\n\t\t\t\t<img decoding=\"async\" src=\"https:\/\/211md.org\/wp-content\/uploads\/bb-plugin\/cache\/kinship-family-navigating-a-computer-circle-045fee9d587aefb20221bfea41a2cf9b-.png\" alt=\"ibatan idile lil\u1ecd kiri k\u1ecdmputa kan\" itemprop=\"image\" title=\"ibatan idile lil\u1ecd kiri k\u1ecdmputa kan\" onerror=\"this.style.display='none'\" loading='lazy' \/>\n\t\t\t\t<\/a>\n\t\t<h3><a href=\"\/yo\/oro\/omo-idile\/itoju-ibatan\/\" target=\"_self\">\u00ccb\u00e1tan<\/a><\/h3>\t\n\t\t\t\t<a href=\"\/yo\/oro\/ofin-awon-i%e1%b9%a3e\/\"  target=\"_self\" itemprop=\"url\">\n\t\t\t\t<img decoding=\"async\" src=\"https:\/\/211md.org\/wp-content\/uploads\/bb-plugin\/cache\/Housing-Legal-circle-9a8f3c1c72c54b6e1ce612d2993c1ad4-.png\" alt=\"Ofin gavel p\u1eb9lu kan ike awo\u1e63e ti a ile t\u00f3k\u00e0n si o\" itemprop=\"image\" height=\"348\" width=\"460\" title=\"Ofin Ile\" onerror=\"this.style.display='none'\" loading='lazy' \/>\n\t\t\t\t<\/a>\n\t\t<h3><a href=\"\/yo\/oro\/ofin-awon-i%e1%b9%a3e\/\" target=\"_self\">Aw\u1ecdn i\u1e63\u1eb9 ofin<\/a><\/h3>\t\n\t\t\t\t<a href=\"\/yo\/oro\/opolo-ilera\/\"  target=\"_self\" itemprop=\"url\">\n\t\t\t\t<img decoding=\"async\" src=\"https:\/\/211md.org\/wp-content\/uploads\/bb-plugin\/cache\/Mask-Group-40@2x-circle-7bd9426367852fb3d841bc4bdc57a550-.png\" alt=\"Aw\u1ecdn profaili ti \u1ecdkunrin kan ati obinrin\" itemprop=\"image\" height=\"500\" width=\"500\" title=\"\u1eb8gb\u1eb9 boju 40@2x\" onerror=\"this.style.display='none'\" loading='lazy' \/>\n\t\t\t\t<\/a>\n\t\t<h3><a href=\"\/yo\/oro\/opolo-ilera\/\" target=\"_self\">Opolo Health<\/a><\/h3>\t\n\t\t\t\t<a href=\"\/yo\/oro\/ogbon-inu\/\"  target=\"_self\" itemprop=\"url\">\n\t\t\t\t<img decoding=\"async\" src=\"https:\/\/211md.org\/wp-content\/uploads\/bb-plugin\/cache\/Diverse-group-of-community-members-circle-4457c114cd48613bc79a0fb50060319c-.jpg\" alt=\"\u1eb8gb\u1eb9 Oniruuru ti aw\u1ecdn \u1ecdm\u1ecd \u1eb9gb\u1eb9 agbegbe\" itemprop=\"image\" height=\"800\" width=\"1200\" title=\"\u1eb8gb\u1eb9 Oniruuru ti aw\u1ecdn \u1ecdm\u1ecd \u1eb9gb\u1eb9 agbegbe\" onerror=\"this.style.display='none'\" loading='lazy' \/>\n\t\t\t\t<\/a>\n\t\t<h3><a href=\"\/yo\/oro\/ogbon-inu\/\" target=\"_self\">Atunw\u1ecdle<\/a><\/h3>\t\n\t\t\t\t<a href=\"\/yo\/ikorira\/\"  target=\"_self\" itemprop=\"url\">\n\t\t\t\t<img decoding=\"async\" src=\"https:\/\/211md.org\/wp-content\/uploads\/bb-plugin\/cache\/Background-section-MDStophate-circle-08e2bae1cf9f2ad6cc83e01e23da8cb9-.jpg\" alt=\"Background-apakan-MDStophate\" itemprop=\"image\" height=\"768\" width=\"1366\" title=\"Background-apakan-MDStophate\" onerror=\"this.style.display='none'\" loading='lazy' \/>\n\t\t\t\t<\/a>\n\t\t<h3><a href=\"\/yo\/ikorira\/\" target=\"_self\">Duro Ikorira<\/a><\/h3>\t\n\t\t\t\t<a href=\"\/yo\/oro\/lilo-nkan-elo\/\"  target=\"_self\" itemprop=\"url\">\n\t\t\t\t<img decoding=\"async\" src=\"https:\/\/211md.org\/wp-content\/uploads\/bb-plugin\/cache\/Substance-Use-circle-ad2d564932dc31267e0c32a6fb2d915c-.png\" alt=\"Aw\u1ecdn oogun fif\u1ecd \u1ecdw\u1ecd\" itemprop=\"image\" height=\"500\" width=\"500\" title=\"Nkan-Lilo\" onerror=\"this.style.display='none'\" loading='lazy' \/>\n\t\t\t\t<\/a>\n\t\t<h3><a href=\"\/yo\/oro\/lilo-nkan-elo\/\" target=\"_self\">Ohun elo Lilo<\/a><\/h3>\t\n\t\t\t\t<a href=\"\/yo\/oro\/ori-awon-i%e1%b9%a3e\/\"  target=\"_self\" itemprop=\"url\">\n\t\t\t\t<img decoding=\"async\" src=\"https:\/\/211md.org\/wp-content\/uploads\/bb-plugin\/cache\/Mask-Group-34-circle-166a606e37e61188c9a17d5e634cda3c-.png\" alt=\"Eniyan \u00e0gb\u00e1ye jade owo oya-ori iwe\" itemprop=\"image\" height=\"500\" width=\"500\" title=\"\u1eb8gb\u1eb9 iboju 34\" onerror=\"this.style.display='none'\" loading='lazy' \/>\n\t\t\t\t<\/a>\n\t\t<h3><a href=\"\/yo\/oro\/ori-awon-i%e1%b9%a3e\/\" target=\"_self\">Aw\u1ecdn i\u1e63\u1eb9-ori<\/a><\/h3>\t\n\t\t\t\t<a href=\"\/yo\/oro\/iranlowo-ohun-elo\/\"  target=\"_self\" itemprop=\"url\">\n\t\t\t\t<img decoding=\"async\" src=\"https:\/\/211md.org\/wp-content\/uploads\/bb-plugin\/cache\/Mask-Group-37@2x-circle-9661a11b9c4082079c9a1f06bc539567-.png\" alt=\"Atupa ina soke\" itemprop=\"image\" height=\"500\" width=\"500\" title=\"\u1eb8gb\u1eb9 boju 37@2x\" onerror=\"this.style.display='none'\" loading='lazy' \/>\n\t\t\t\t<\/a>\n\t\t<h3><a href=\"\/yo\/oro\/iranlowo-ohun-elo\/\" target=\"_self\">Iranl\u1ecdw\u1ecd IwUlO<\/a><\/h3>\t\n\t\t\t\t<a href=\"\/yo\/oro\/ogbo\/\"  target=\"_self\" itemprop=\"url\">\n\t\t\t\t<img decoding=\"async\" src=\"https:\/\/211md.org\/wp-content\/uploads\/bb-plugin\/cache\/Veterans-circle-7c6972a59826c74f1f658f61df785fc3-.png\" alt=\"\u1eccm\u1ecd-ogun ti nm\u00ec \u1ecdw\u1ecd \u1eb9nikan ti o r\u1eb9rin mus\u1eb9\" itemprop=\"image\" title=\"Ogbo\" onerror=\"this.style.display='none'\" loading='lazy' \/>\n\t\t\t\t<\/a>\n\t\t<h3><a href=\"\/yo\/oro\/ogbo\/\" target=\"_self\">Ogbo<\/a><\/h3>","protected":false},"excerpt":{"rendered":"<p>Ti o ba ni akiyesi tiipa, o le y\u1eb9 fun iranl\u1ecdw\u1ecd lati \u1ecdd\u1ecd aw\u1ecdn alanu agbegbe ati aw\u1ecdn aj\u1ecd ti o da lori igbagb\u1ecd. K\u1ecd \u1eb9k\u1ecd di\u1eb9 sii nipa wiwa aaye data orisun 211 fun Iranl\u1ecdw\u1ecd Bill Bill lati wa aw\u1ecdn aj\u1ecd agbegbe ti o le \u1e63e iranl\u1ecdw\u1ecd. O tun le t\u1eb9 211 tabi k\u1ecd \u1eb9k\u1ecd nipa aw\u1ecdn eto iranl\u1ecdw\u1ecd owo omi Maryland. Iranl\u1ecdw\u1ecd p\u1eb9lu aw\u1ecdn owo omi Ti o ba\u2026<\/p>","protected":false},"author":8,"featured_media":3287,"parent":932,"menu_order":0,"comment_status":"closed","ping_status":"closed","template":"","meta":{"footnotes":""},"class_list":["post-1060","page","type-page","status-publish","has-post-thumbnail","hentry"],"_links":{"self":[{"href":"https:\/\/211md.org\/yo\/wp-json\/wp\/v2\/pages\/1060","targetHints":{"allow":["GET"]}}],"collection":[{"href":"https:\/\/211md.org\/yo\/wp-json\/wp\/v2\/pages"}],"about":[{"href":"https:\/\/211md.org\/yo\/wp-json\/wp\/v2\/types\/page"}],"author":[{"embeddable":true,"href":"https:\/\/211md.org\/yo\/wp-json\/wp\/v2\/users\/8"}],"replies":[{"embeddable":true,"href":"https:\/\/211md.org\/yo\/wp-json\/wp\/v2\/comments?post=1060"}],"version-history":[{"count":2,"href":"https:\/\/211md.org\/yo\/wp-json\/wp\/v2\/pages\/1060\/revisions"}],"predecessor-version":[{"id":4787,"href":"https:\/\/211md.org\/yo\/wp-json\/wp\/v2\/pages\/1060\/revisions\/4787"}],"up":[{"embeddable":true,"href":"https:\/\/211md.org\/yo\/wp-json\/wp\/v2\/pages\/932"}],"wp:featuredmedia":[{"embeddable":true,"href":"https:\/\/211md.org\/yo\/wp-json\/wp\/v2\/media\/3287"}],"wp:attachment":[{"href":"https:\/\/211md.org\/yo\/wp-json\/wp\/v2\/media?parent=1060"}],"curies":[{"name":"wp","href":"https:\/\/api.w.org\/{rel}","templated":true}]}}