{"id":1092,"date":"2021-04-19T13:26:39","date_gmt":"2021-04-19T13:26:39","guid":{"rendered":"https:\/\/211md.org\/?page_id=1092"},"modified":"2025-10-09T11:21:56","modified_gmt":"2025-10-09T15:21:56","slug":"oniwosan-owo-iranlowo","status":"publish","type":"page","link":"https:\/\/211md.org\/yo\/resources\/veterans\/veteran-financial-help\/","title":{"rendered":"Owo Iranl\u1ecdw\u1ecd fun Ogbo"},"content":{"rendered":"<img decoding=\"async\" src=\"https:\/\/stg-maryland211-staging.kinsta.cloud\/wp-content\/uploads\/2025\/08\/5-1-scaled.png\" alt=\"5\" itemprop=\"image\" height=\"692\" width=\"2560\" title=\"5\" onerror=\"this.style.display='none'\" loading=\"lazy\" \/>\n\t\t<p>Aw\u1ecdn ajo oniwosan le pese atil\u1eb9yin owo si aw\u1ecdn ti o nilo r\u1eb9. <\/p>\n<p>T\u1eb9 211 lati s\u1ecdr\u1ecd si Alaye ati Alam\u1ecdja Ifiran\u1e63\u1eb9 24\/7\/365. <\/p>\n<p>Jeki kika nipa aw\u1ecdn \u1eb9gb\u1eb9 atil\u1eb9yin oniwosan ti o le \u1e63e iranl\u1ecdw\u1ecd p\u1eb9lu aw\u1ecdn awin, aw\u1ecdn ifunni, ati aw\u1ecdn sisanwo inawo.<\/p>\n\t\t\t<a href=\"#start\" target=\"_self\">\n\t\t\t\t\t\tB\u1eb9r\u1eb9\n\t\t\t\t\t<\/a>\n\t\t\t\t<img decoding=\"async\" src=\"https:\/\/211md.org\/wp-content\/plugins\/bb-plugin\/img\/pixel.png\" alt=\"\" itemprop=\"image\" onerror=\"this.style.display='none'\" loading=\"lazy\" \/>\n\t\t\t\t<img decoding=\"async\" src=\"https:\/\/stg-maryland211-staging.kinsta.cloud\/wp-content\/uploads\/2025\/08\/16.png\" alt=\"16\" itemprop=\"image\" height=\"1000\" width=\"1000\" title=\"16\" onerror=\"this.style.display='none'\" loading=\"lazy\" \/>\n\t<h2 aria-level=\"3\"><b>Aw\u1ecdn awin Ati aw\u1ecdn ifunni\u00a0<\/b>\u00a0<\/h2>\n<p>Aw\u1ecdn\u00a0<b><a href=\"https:\/\/veterans.maryland.gov\/maryland-department-of-veterans-affairs-veterans-trust-fund\/\" target=\"_blank\" rel=\"noopener\">Maryland Veterans Trust<\/a>\u202f\u00a0<\/b>pese aw\u1ecdn ifunni ati aw\u1ecdn awin si aw\u1ecdn Ogbo ti o tiraka. Ibi-af\u1eb9de ni lati \u1e63e iranl\u1ecdw\u1ecd fun Aw\u1ecdn Ogbo ti yoo ni ara-\u1eb9ni l\u1eb9hin gbigba iranl\u1ecdw\u1ecd. \u00a0<\/p>\n<p>Aw\u1ecdn Ogbo ti Aw\u1ecdn Ogun Ajeji (VFW) n pese atil\u1eb9yin fun aw\u1ecdn ipo inawo airot\u1eb9l\u1eb9 ti o waye lati imu\u1e63i\u1e63\u1eb9 tabi i\u1e63\u1eb9-\u1e63i\u1e63e ti ologun miiran tabi ipalara. Aw\u1ecdn ifunni to $1,500 wa lati \u1e63e iranl\u1ecdw\u1ecd p\u1eb9lu aw\u1ecdn iwulo igbesi aye ipil\u1eb9. Atunse ko nilo.\u00a0<\/p>\n<p>Aw\u1ecdn inawo ti o y\u1eb9 p\u1eb9lu iyalo, y\u00e1, atun\u1e63e ile, i\u1e63eduro, aw\u1ecdn inawo \u1ecdk\u1ecd, aw\u1ecdn ohun elo, ounj\u1eb9, a\u1e63\u1ecd, aw\u1ecdn inawo \u1ecdm\u1ecdde ati it\u1ecdju ilera pajawiri. K\u1ecd \u1eb9k\u1ecd di\u1eb9 sii nipa aw\u1ecdn\u00a0<a href=\"https:\/\/www.vfw.org\/assistance\/financial-grants\" target=\"_blank\" rel=\"noopener\">VFW k\u00e1 Unmet Needs eto<\/a>.\u00a0<\/p>\n<h3>Aw\u1ecdn awin Igba Kukuru Nipas\u1eb9 Ologun<\/h3>\n<p>Pup\u1ecd aw\u1ecdn \u1eb9ka ologun tun funni ni iranl\u1ecdw\u1ecd nipas\u1eb9 aw\u1ecdn awin ti ko ni anfani igba kukuru, aw\u1ecdn ifunni inawo, aw\u1ecdn it\u1ecdkasi, ati aw\u1ecdn \u1ecdna miiran ti o j\u1ecdm\u1ecd. Aw\u1ecdn awin ati aw\u1ecdn ifunni ni gbogbogbo fun aw\u1ecdn pajawiri airot\u1eb9l\u1eb9. W\u1ecdn funni ni ipil\u1eb9-ipin-\u1ecdran. Kan si ile-i\u1e63\u1eb9 \u1eb9ka r\u1eb9 lati rii boya o y\u1eb9.\u00a0<\/p>\n<ul>\n<li><b>Agbara af\u1eb9f\u1eb9: <\/b>800-769-8951\u00a0<\/li>\n<li><b>Ipil\u1eb9 Aw\u1ecdn ologun: <\/b>202-547-4713\u00a0<\/li>\n<li><b>\u00ccr\u00e0nl\u1ecd\u0301w\u1ecd\u0301 Paj\u00e1w\u00ecr\u00ec \u1eccm\u1ecd ogun: <\/b>1-866-878-6378<\/li>\n<li><b>Iranl\u1ecdw\u1ecd Iba\u1e63ep\u1ecd Olu\u1e63\u1ecd \u1eb8kun: <\/b>410-636-4078\u00a0<\/li>\n<li><b>\u1eb8gb\u1eb9 Oluranl\u1ecdw\u1ecd \u1eccgagun-Marine Corps: <\/b>703-696-4904\u00a0<\/li>\n<\/ul>\n\t\t\t\t<img decoding=\"async\" src=\"http:\/\/211md.org\/wp-content\/uploads\/2025\/06\/Hopeful-looking-Veteran.jpg\" alt=\"Ireti nwa oniwosan\" itemprop=\"image\" title=\"Ireti nwa oniwosan\" onerror=\"this.style.display='none'\" loading=\"lazy\" \/>\n\t<h2 aria-level=\"3\">American \u1eb8gb\u1eb9 \u1ecdm\u1ecd ogun igba die Help<\/h2>\n<p>\u1eb8gb\u1eb9 \u1ecdm\u1ecd ogun Am\u1eb9rika le pese Iranl\u1ecdw\u1ecd Owo Igba di\u1eb9 (TFA) si aw\u1ecdn \u1ecdm\u1ecdde kekere ti i\u1e63\u1eb9 \u1e63i\u1e63e l\u1ecdw\u1ecdl\u1ecdw\u1ecd tabi aw\u1ecdn \u1ecdm\u1ecd \u1eb9gb\u1eb9 \u1eb8gb\u1eb9 Am\u1eb9rika. Owo naa \u1e63e atil\u1eb9yin aw\u1ecdn iwulo ipil\u1eb9 g\u1eb9g\u1eb9bi ibugbe, ounj\u1eb9, aw\u1ecdn ohun elo ati aw\u1ecdn inawo ilera.\u00a0<a href=\"https:\/\/www.legion.org\/financialassistance\/about\" target=\"_blank\" rel=\"noopener\">K\u1ecd \u1eb9k\u1ecd di\u1eb9 sii nipa aw\u1ecdn it\u1ecds\u1ecdna yiy\u1eb9 ni yiyan<\/a>. Kan si r\u1eb9\u00a0<a href=\"http:\/\/www.mdlegion.org\/\" target=\"_blank\" rel=\"noopener\"><b>agbegbe American \u1eb8gb\u1eb9 \u1ecdm\u1ecd ogun Post<\/b><\/a>\u00a0lati beere fun iranl\u1ecdw\u1ecd.\u00a0\u00a0<\/p>\n<p>Is\u1eb9 Homefront tun ni eto Iranl\u1ecdw\u1ecd Owo Lominu kan. O \u1e63e atil\u1eb9yin i\u1e63\u1eb9 \u1e63i\u1e63e ti o y\u1eb9, ti a fi ran\u1e63\u1eb9, Ogbo, tabi ti o gb\u1ecdgb\u1eb9, aisan, tabi \u1ecdm\u1ecd \u1eb9gb\u1eb9 i\u1e63\u1eb9 ti o farapa tabi Ogbo ti o ni \u1ecdgb\u1eb9 ti o sop\u1ecd m\u1ecd i\u1e63\u1eb9, aisan, tabi ipalara.\u00a0<a href=\"https:\/\/operationhomefront.org\/critical-financial-assistance\/\" target=\"_blank\" rel=\"noopener\">Wo boya o y\u1eb9 fun iranl\u1ecdw\u1ecd.<\/a>\u00a0<\/p>\n\t\t\t\t<a href=\"https:\/\/search.211md.org\/\" target=\"_blank\" rel=\"noopener\" itemprop=\"url\">\n\t\t\t\t<img decoding=\"async\" src=\"https:\/\/stg-maryland211-staging.kinsta.cloud\/wp-content\/uploads\/2025\/08\/2025_MdInfoNet_Icon-Sets-white_Locate.png\" alt=\"\" itemprop=\"image\" onerror=\"this.style.display='none'\" loading=\"lazy\" \/>\n\t\t\t\t<\/a>\n<h2><a href=\"https:\/\/search.211md.org\/\" target=\"_blank\" rel=\"noopener\">Wa Aw\u1ecdn orisun Bayi<\/a><\/h2><p>Wa <strong>awujo oro <\/strong>fun ounje, itoju ilera, ile ati siwaju sii ninu wa database. Wa nipas\u1eb9 koodu ZIP.<\/p>\n\t\t\t<a href=\"https:\/\/search.211md.org\/\" target=\"_blank\" rel=\"noopener\">\n\t\t\t\t\t\t\tWa Bayi\n\t\t\t<\/a>\n<h2>\n\t\t\tJ\u1eb9m\u1ecd oniwosan alaye\t<\/h2>\n\t\t\t\t<img decoding=\"async\" src=\"https:\/\/211md.org\/wp-content\/plugins\/bb-plugin\/img\/pixel.png\" alt=\"\" itemprop=\"image\" onerror=\"this.style.display='none'\" loading=\"lazy\" \/>\n\t\t\t\t<img decoding=\"async\" src=\"https:\/\/211md.org\/wp-content\/uploads\/bb-plugin\/cache\/Call-center-specialst-circle-eeffe277a2415307db9e1df3ed658a58-.jpg\" alt=\"Oloye ile-i\u1e63\u1eb9 ipe\" itemprop=\"image\" height=\"800\" width=\"1200\" title=\"Ipe aarin pataki\" onerror=\"this.style.display='none'\" loading=\"lazy\" \/>\n<h2>T\u1eb9 211<\/h2><p>Aw\u1ecdn alai\u1e63\u1eb9 agbegbe ati aw\u1ecdn \u1eb9gb\u1eb9 agbegbe tun \u1e63e iranl\u1ecdw\u1ecd fun aw\u1ecdn ogbo. T\u1eb9 211 ki o si sop\u1ecd si orisun oniwosan ti o sunm\u1ecd jul\u1ecd.<\/p>\n\t\t\t<a href=\"tel:%20+211\" target=\"_blank\" rel=\"noopener\">\n\t\t\t\t\t\tT\u1eb9 211 (alagbeka)\n\t\t\t\t\t<\/a>\n\t\t<h4><a href=\"\/yo\/oro\/ailera-ti-ogbo\/?utm_source=Home&#038;utm_medium=Referral&#038;utm_campaign=211Resources&#038;utm_content=Aging\" target=\"_self\">Ti ogbo &amp; Alaabo<\/a><\/h4>\n\t\t\t\t<a href=\"\/yo\/oro\/ailera-ti-ogbo\/?utm_source=Home&#038;utm_medium=Referral&#038;utm_campaign=211Resources&#038;utm_content=Aging\"  target=\"_self\" itemprop=\"url\">\n\t\t\t\t<img decoding=\"async\" src=\"https:\/\/211md.org\/wp-content\/uploads\/bb-plugin\/cache\/2025_MdInfoNet_Icon-Sets_Aging-disability-square-c466727102cae71e5f27b8539bb51945-.png\" alt=\"\" itemprop=\"image\" onerror=\"this.style.display='none'\" loading=\"lazy\" \/>\n\t\t\t\t<\/a>\n\t\t<h4><a href=\"\/yo\/oro\/omo-idile\/?utm_source=Home&#038;utm_medium=Referral&#038;utm_campaign=211Resources&#038;utm_content=Children\" target=\"_self\">Aw\u1ecdn \u1ecdm\u1ecdde &amp; Aw\u1ecdn idile<\/a><\/h4>\n\t\t\t\t<a href=\"\/yo\/oro\/omo-idile\/?utm_source=Home&#038;utm_medium=Referral&#038;utm_campaign=211Resources&#038;utm_content=Children\"  target=\"_self\" itemprop=\"url\">\n\t\t\t\t<img decoding=\"async\" src=\"https:\/\/211md.org\/wp-content\/uploads\/bb-plugin\/cache\/2025_211_Icon-Sets_Child-care-square-f3b0d4edab3dcc467fadb5f55f4064c6-.png\" alt=\"2025_211_Icon Sets_Child itoju\" itemprop=\"image\" height=\"417\" width=\"417\" title=\"2025_211_Icon Sets_Child itoju\" onerror=\"this.style.display='none'\" loading=\"lazy\" \/>\n\t\t\t\t<\/a>\n\t\t<h4><a href=\"\/yo\/oro\/abele-ebi-iwa-ipa\/?utm_source=Home&#038;utm_medium=Referral&#038;utm_campaign=211Resources&#038;utm_content=Domestic\" target=\"_self\">Iwa-ipa Abele<\/a><\/h4>\n\t\t\t\t<a href=\"\/yo\/oro\/abele-ebi-iwa-ipa\/?utm_source=Home&#038;utm_medium=Referral&#038;utm_campaign=211Resources&#038;utm_content=Domestic\"  target=\"_self\" itemprop=\"url\">\n\t\t\t\t<img decoding=\"async\" src=\"https:\/\/211md.org\/wp-content\/uploads\/bb-plugin\/cache\/2025_211_Icon-Sets_Domestic-Violence-square-7b597694a6f05fe90cdc376aa573bc63-.png\" alt=\"Aami iwa-ipa ab\u1eb9le\" itemprop=\"image\" height=\"417\" width=\"417\" title=\"2025_211_Icon \u1e62eto_Iwa-ipa Abele\" onerror=\"this.style.display='none'\" loading=\"lazy\" \/>\n\t\t\t\t<\/a>\n\t\t<h4><a href=\"\/yo\/oro\/wiwa-oojo\/?utm_source=Home&#038;utm_medium=Referral&#038;utm_campaign=211Resources&#038;utm_content=Employment\" target=\"_self\">Igbanisise<\/a><\/h4>\n\t\t\t\t<a href=\"\/yo\/oro\/wiwa-oojo\/?utm_source=Home&#038;utm_medium=Referral&#038;utm_campaign=211Resources&#038;utm_content=Employment\"  target=\"_self\" itemprop=\"url\">\n\t\t\t\t<img decoding=\"async\" src=\"https:\/\/211md.org\/wp-content\/uploads\/bb-plugin\/cache\/2025_MdInfoNet_Icon-Sets_Employment-square-44707bd410e4df10a470bf130ebcea86-.png\" alt=\"\" itemprop=\"image\" onerror=\"this.style.display='none'\" loading=\"lazy\" \/>\n\t\t\t\t<\/a>\n\t\t<h4><a href=\"\/yo\/oro\/itoju-ilera\/?utm_source=Home&#038;utm_medium=Referral&#038;utm_campaign=211Resources&#038;utm_content=Health%20Care\" target=\"_self\">It\u1ecdju Ilera<\/a><\/h4>\n\t\t\t\t<a href=\"\/yo\/oro\/itoju-ilera\/?utm_source=Home&#038;utm_medium=Referral&#038;utm_campaign=211Resources&#038;utm_content=Health%20Care\"  target=\"_self\" itemprop=\"url\">\n\t\t\t\t<img decoding=\"async\" src=\"https:\/\/211md.org\/wp-content\/uploads\/bb-plugin\/cache\/2025_MdInfoNet_Icon-Sets_Health-Care-square-dee98a0060cbe0e7f27eda253fc12679-.png\" alt=\"\" itemprop=\"image\" onerror=\"this.style.display='none'\" loading=\"lazy\" \/>\n\t\t\t\t<\/a>\n\t\t<h4><a href=\"\/yo\/oro\/omo-idile\/itoju-ibatan\/?utm_source=Home&#038;utm_medium=Referral&#038;utm_campaign=211Resources&#038;utm_content=Kinship\" target=\"_self\">\u00ccb\u00e1tan<\/a><\/h4>\n\t\t\t\t<a href=\"\/yo\/oro\/omo-idile\/itoju-ibatan\/?utm_source=Home&#038;utm_medium=Referral&#038;utm_campaign=211Resources&#038;utm_content=Kinship\"  target=\"_self\" itemprop=\"url\">\n\t\t\t\t<img decoding=\"async\" src=\"https:\/\/211md.org\/wp-content\/uploads\/bb-plugin\/cache\/2025_211_Icon-Sets_Kinship-square-45bdf872866f5735f842c32071109267-.png\" alt=\"Aami ibatan\" itemprop=\"image\" height=\"417\" width=\"417\" title=\"2025_211_Icon Sets_Kinship\" onerror=\"this.style.display='none'\" loading=\"lazy\" \/>\n\t\t\t\t<\/a>\n\t\t<h4><a href=\"\/yo\/oro\/ofin-awon-i%e1%b9%a3e\/?utm_source=Home&#038;utm_medium=Referral&#038;utm_campaign=211Resources&#038;utm_content=Legal\" target=\"_self\">Aw\u1ecdn i\u1e63\u1eb9 ofin<\/a><\/h4>\n\t\t\t\t<a href=\"\/yo\/oro\/ofin-awon-i%e1%b9%a3e\/?utm_source=Home&#038;utm_medium=Referral&#038;utm_campaign=211Resources&#038;utm_content=Legal\"  target=\"_self\" itemprop=\"url\">\n\t\t\t\t<img decoding=\"async\" src=\"https:\/\/211md.org\/wp-content\/uploads\/bb-plugin\/cache\/2025_MdInfoNet_Icon-Sets_Legal-square-18fdf438feb8435588174d9046463257-.png\" alt=\"\" itemprop=\"image\" onerror=\"this.style.display='none'\" loading=\"lazy\" \/>\n\t\t\t\t<\/a>\n\t\t<h4><a href=\"\/yo\/oro\/opolo-ilera\/?utm_source=Home&#038;utm_medium=Referral&#038;utm_campaign=211Resources&#038;utm_content=Mental\" target=\"_self\">Opolo Health<\/a><\/h4>\n\t\t\t\t<a href=\"\/yo\/oro\/opolo-ilera\/?utm_source=Home&#038;utm_medium=Referral&#038;utm_campaign=211Resources&#038;utm_content=Mental\"  target=\"_self\" itemprop=\"url\">\n\t\t\t\t<img decoding=\"async\" src=\"https:\/\/211md.org\/wp-content\/uploads\/bb-plugin\/cache\/2025_MdInfoNet_Icon-Sets_Mental-Health-square-c59b38c4a993a947d4c9280fbe2d2fee-.png\" alt=\"\" itemprop=\"image\" onerror=\"this.style.display='none'\" loading=\"lazy\" \/>\n\t\t\t\t<\/a>\n\t\t<h4><a href=\"\/yo\/oro\/ogbon-inu\/?utm_source=Home&#038;utm_medium=Referral&#038;utm_campaign=211Resources&#038;utm_content=Reentry\" target=\"_self\">Atunw\u1ecdle<\/a><\/h4>\n\t\t\t\t<a href=\"\/yo\/oro\/ogbon-inu\/?utm_source=Home&#038;utm_medium=Referral&#038;utm_campaign=211Resources&#038;utm_content=Reentry\"  target=\"_self\" itemprop=\"url\">\n\t\t\t\t<img decoding=\"async\" src=\"https:\/\/211md.org\/wp-content\/uploads\/bb-plugin\/cache\/2025_211_Icon-Sets_Reentry-square-8676fea38abd920a832f45642fe31cca-.png\" alt=\"Aami iw\u1ecdle\" itemprop=\"image\" height=\"417\" width=\"417\" title=\"2025_211_Icon Sets_Reentry\" onerror=\"this.style.display='none'\" loading=\"lazy\" \/>\n\t\t\t\t<\/a>\n\t\t<h4><a href=\"\/yo\/oro\/lilo-nkan-elo\/?utm_source=Home&#038;utm_medium=Referral&#038;utm_campaign=211Resources&#038;utm_content=Substance\" target=\"_self\">Ohun elo Lilo<\/a><\/h4>\n\t\t\t\t<a href=\"\/yo\/oro\/lilo-nkan-elo\/?utm_source=Home&#038;utm_medium=Referral&#038;utm_campaign=211Resources&#038;utm_content=Substance\"  target=\"_self\" itemprop=\"url\">\n\t\t\t\t<img decoding=\"async\" src=\"https:\/\/211md.org\/wp-content\/uploads\/bb-plugin\/cache\/2025_MdInfoNet_Icon-Sets_Substance-Abuse-square-9022fec9d18a64118ad685c101885b55-.png\" alt=\"\" itemprop=\"image\" onerror=\"this.style.display='none'\" loading=\"lazy\" \/>\n\t\t\t\t<\/a>\n\t\t<h4><a href=\"\/yo\/oro\/ogbo\/?utm_source=Home&#038;utm_medium=Referral&#038;utm_campaign=211Resources&#038;utm_content=Veterans\" target=\"_self\">Ogbo<\/a><\/h4>\n\t\t\t\t<a href=\"\/yo\/oro\/ogbo\/?utm_source=Home&#038;utm_medium=Referral&#038;utm_campaign=211Resources&#038;utm_content=Veterans\"  target=\"_self\" itemprop=\"url\">\n\t\t\t\t<img decoding=\"async\" src=\"https:\/\/211md.org\/wp-content\/uploads\/bb-plugin\/cache\/2025_MdInfoNet_Icon-Sets_Rating-square-6e60d00cce4faa8e0a6d4ad7366aa733-.png\" alt=\"\" itemprop=\"image\" onerror=\"this.style.display='none'\" loading=\"lazy\" \/>\n\t\t\t\t<\/a>","protected":false},"excerpt":{"rendered":"<p>Aw\u1ecdn ajo oniwosan le pese atil\u1eb9yin owo si aw\u1ecdn ti o nilo r\u1eb9. T\u1eb9 211 lati s\u1ecdr\u1ecd si Alaye ati Alam\u1ecdja Ifiran\u1e63\u1eb9 24\/7\/365. Jeki kika nipa aw\u1ecdn \u1eb9gb\u1eb9 atil\u1eb9yin oniwosan ti o le \u1e63e iranl\u1ecdw\u1ecd p\u1eb9lu aw\u1ecdn awin, aw\u1ecdn ifunni, ati aw\u1ecdn sisanwo inawo. B\u1eb9r\u1eb9 Aw\u1ecdn awin Ati Aw\u1ecdn ifunni Igb\u1eb9k\u1eb9le Aw\u1ecdn Ogbo Maryland pese aw\u1ecdn ifunni ati aw\u1ecdn awin si Aw\u1ecdn Ogbo ti o tiraka. Ibi-af\u1eb9de ni lati\u2026<\/p>","protected":false},"author":8,"featured_media":2063,"parent":958,"menu_order":0,"comment_status":"closed","ping_status":"closed","template":"","meta":{"footnotes":""},"class_list":["post-1092","page","type-page","status-publish","has-post-thumbnail","hentry"],"_links":{"self":[{"href":"https:\/\/211md.org\/yo\/wp-json\/wp\/v2\/pages\/1092","targetHints":{"allow":["GET"]}}],"collection":[{"href":"https:\/\/211md.org\/yo\/wp-json\/wp\/v2\/pages"}],"about":[{"href":"https:\/\/211md.org\/yo\/wp-json\/wp\/v2\/types\/page"}],"author":[{"embeddable":true,"href":"https:\/\/211md.org\/yo\/wp-json\/wp\/v2\/users\/8"}],"replies":[{"embeddable":true,"href":"https:\/\/211md.org\/yo\/wp-json\/wp\/v2\/comments?post=1092"}],"version-history":[{"count":5,"href":"https:\/\/211md.org\/yo\/wp-json\/wp\/v2\/pages\/1092\/revisions"}],"predecessor-version":[{"id":33949,"href":"https:\/\/211md.org\/yo\/wp-json\/wp\/v2\/pages\/1092\/revisions\/33949"}],"up":[{"embeddable":true,"href":"https:\/\/211md.org\/yo\/wp-json\/wp\/v2\/pages\/958"}],"wp:featuredmedia":[{"embeddable":true,"href":"https:\/\/211md.org\/yo\/wp-json\/wp\/v2\/media\/2063"}],"wp:attachment":[{"href":"https:\/\/211md.org\/yo\/wp-json\/wp\/v2\/media?parent=1092"}],"curies":[{"name":"wp","href":"https:\/\/api.w.org\/{rel}","templated":true}]}}