{"id":1093,"date":"2021-04-19T13:31:59","date_gmt":"2021-04-19T13:31:59","guid":{"rendered":"https:\/\/211md.org\/?page_id=1093"},"modified":"2026-03-04T10:43:49","modified_gmt":"2026-03-04T15:43:49","slug":"ilera-opolo-fun-awon-ogbo","status":"publish","type":"page","link":"https:\/\/211md.org\/yo\/resources\/veterans\/mental-health-for-veterans\/","title":{"rendered":"Opolo Health Fun Ogbo"},"content":{"rendered":"<figure data-animation-delay=\"0\" data-animation-duration=\"1\" itemscope itemtype=\"https:\/\/schema.org\/ImageObject\">\n\t\t\t\t<img decoding=\"async\" src=\"https:\/\/stg-maryland211-staging.kinsta.cloud\/wp-content\/uploads\/2025\/08\/5-1-scaled.png\" alt=\"5\" height=\"692\" width=\"2560\" title=\"5\" onerror=\"this.style.display='none'\" loading=\"lazy\" \/>\n\t<\/figure>\n\t\t<p>\u1eccf\u1eb9 ati iranl\u1ecdw\u1ecd a\u1e63iri wa fun aw\u1ecdn ogbo ti o n tiraka p\u1eb9lu Arun Wahala Ibanuj\u1eb9 (PTSD), ibanuj\u1eb9, aibal\u1eb9, aw\u1ecdn ero ti igb\u1eb9mi ara \u1eb9ni, ilokulo nkan tabi aw\u1ecdn ifiyesi lilo \u1ecdp\u1ecdl\u1ecd tabi nkan miiran.<\/p>\n<p>Get connected to resources, specifically for Maryland Veterans.<\/p>\n<p>&nbsp;<\/p>\n\t\t\t<a href=\"#start\"  target=\"_self\">\n\t\t\t\t\t\tB\u1eb9r\u1eb9\n\t\t\t\t\t<\/a>\n<figure data-animation-delay=\"0\" data-animation-duration=\"1\" itemscope itemtype=\"https:\/\/schema.org\/ImageObject\">\n\t\t\t\t<img decoding=\"async\" src=\"https:\/\/211md.org\/wp-content\/plugins\/bb-plugin\/img\/pixel.png\" alt=\"\" onerror=\"this.style.display='none'\" loading=\"lazy\" \/>\n\t<\/figure>\n<figure data-animation-delay=\"0\" data-animation-duration=\"1.3\" itemscope itemtype=\"https:\/\/schema.org\/ImageObject\">\n\t\t\t\t<img decoding=\"async\" src=\"https:\/\/stg-maryland211-staging.kinsta.cloud\/wp-content\/uploads\/2025\/08\/16.png\" alt=\"16\" height=\"1000\" width=\"1000\" title=\"16\" onerror=\"this.style.display='none'\" loading=\"lazy\" \/>\n\t<\/figure>\n\t\t<h2><a href=\"https:\/\/www.veteranscrisisline.net\/get-help-now\/chat\/\" target=\"_self\" rel=\"noopener\">Ogbo Support Lines<\/a><\/h2><p>There are several ways for Veterans to get connected to help.<\/p>\n<p>Orisirisi aw\u1ecdn ila \u1e63e atil\u1eb9yin aw\u1ecdn ogbo ti n \u1e63atun\u1e63e si igbesi aye ara ilu, igbesi aye ologun, ati aw\u1ecdn idile.<\/p>\n<h3>Ogbo \u1eb8j\u1eb9 Line<\/h3>\n<p>There&#8217;s also the Veterans Crisis Line, which offers confidential help for anyone in crisis and needing to talk now.<\/p>\n<p>O wa nipas\u1eb9 988 nipa tit\u1eb9 1.<\/p>\n<p>K\u1ecd \u1eb9k\u1ecd di\u1eb9 sii nipa aw\u1ecdn <a href=\"https:\/\/www.veteranscrisisline.net\/\" target=\"_blank\" rel=\"noopener\">Ogbo \u1eb8j\u1eb9 Line<\/a>.<\/p>\n\t\t\t<a href=\"https:\/\/www.veteranscrisisline.net\/get-help-now\/chat\/\" target=\"_self\" rel=\"noopener\">\n\t\t\t\t\t\t\toniwosan iwiregbe support\n\t\t\t\t\t<\/a>\n<figure data-animation-delay=\"0\" data-animation-duration=\"1\" itemscope itemtype=\"https:\/\/schema.org\/ImageObject\">\n\t\t\t\t<img decoding=\"async\" src=\"http:\/\/211md.org\/wp-content\/uploads\/2025\/10\/Veteran-talking-to-the-crisis-line-on-his-computer.jpg\" alt=\"Ogbo ti n s\u1ecdr\u1ecd si laini idaamu lori k\u1ecdnputa r\u1eb9\" title=\"Ogbo ti n s\u1ecdr\u1ecd si laini idaamu lori k\u1ecdnputa r\u1eb9\" onerror=\"this.style.display='none'\" loading=\"lazy\" \/>\n\t<\/figure>\n\t<h3>S\u1ecdr\u1ecd si Ogbo kan<\/h3>\n<p>Ogbo ati ebi \u1eb9gb\u1eb9 tun le pe aw\u1ecdn\u00a0<a href=\"https:\/\/www.vetcenter.va.gov\/media\/Call-Center-PSA.asp\" target=\"_blank\" rel=\"noopener\">Laini Ipe ija<\/a>. <\/p>\n<p>Combat Veterans and their family members answer the phone and can talk about military concerns or adjusting to civilian life.<\/p>\n<p>Pe 1-877-WAR-VETS lati gba atil\u1eb9yin asiri 24\/7\/365.\u00a0<\/p>\n<h3>Olut\u1ecdju Support<\/h3>\n<p>Aw\u1ecdn <a href=\"https:\/\/www.caregiver.va.gov\/Care_Caregivers.asp\" target=\"_blank\" rel=\"noopener\">Alabojuto Support Line<\/a> understands the strain that caring for a Veteran can place on families, both mentally and physically. <\/p>\n<p>aw\u1ecdn \u1ecdm\u1ecd \u1eb9gb\u1eb9 ally le lojiji di aw\u1ecdn alabojuto ati pe o le nilo atil\u1eb9yin. <\/p>\n<p>Pe 855-260-3274 lati ba \u1eb9nikan s\u1ecdr\u1ecd ati lati wa aw\u1ecdn ojutu.\u00a0<\/p>\n\t\t<figure itemscope itemtype=\"https:\/\/schema.org\/ImageObject\">\n\t\t\t\t<img decoding=\"async\" src=\"https:\/\/stg-maryland211-staging.kinsta.cloud\/wp-content\/uploads\/2025\/08\/2025_MdInfoNet_Icon-Sets-white_Locate.png\" alt=\"\" onerror=\"this.style.display='none'\" loading=\"lazy\" \/>\n\t<\/figure>\n<h2>Lo Aw\u1ecdn Iwadi Ogbo w\u1ecdnyi<\/h2><p>The 211 Community Resource Database has Veteran resources. Use these common searches to find resources in your community.<\/p>\n<p>&nbsp;<\/p>\n\t\t\t<a href=\"https:\/\/search.211md.org\/search?query=LN-9000&#038;query_type=taxonomy&#038;query_label=\" target=\"_blank\" rel=\"noopener\">\n\t\t\t\t\t\t\tOgbo ile \u00ecgbo\u00f2g\u00f9n\n\t\t\t\t\t<\/a>\n\t\t\t<a href=\"https:\/\/search.211md.org\/search?query=RP-1400.8000-900&#038;query_type=taxonomy&#038;query_label=\" target=\"_blank\" rel=\"noopener\">\n\t\t\t\t\t\t\tis\u1ecdd\u1ecdtun support\n\t\t\t\t\t<\/a>\n\t\t\t<a href=\"https:\/\/search.211md.org\/search?query=PN-8100.4500-850&#038;query_type=taxonomy&#038;query_label=\" target=\"_blank\" rel=\"noopener\">\n\t\t\t\t\t\t\tAw\u1ecdn \u1eb9gb\u1eb9 atil\u1eb9yin\n\t\t\t\t\t<\/a>\n<figure data-animation-delay=\"0\" data-animation-duration=\"1\" itemscope itemtype=\"https:\/\/schema.org\/ImageObject\">\n\t\t\t\t<img decoding=\"async\" src=\"http:\/\/211md.org\/wp-content\/uploads\/2025\/10\/Veteran-receiving-health-care.jpg\" alt=\"Ogbo on gbigba itoju ilera\" title=\"Ogbo on gbigba itoju ilera\" onerror=\"this.style.display='none'\" loading=\"lazy\" \/>\n\t<\/figure>\n\t<h2 aria-level=\"3\">VA oniwosan Igbaninimoran<\/h2>\n<p>Veteran Centers provide mental health services through the Veterans Affairs to Veterans and their families. <\/p>\n<p>Each center provides mental health services, including:<\/p>\n<ul>\n<li>atun\u1e63eto Igbaninimoran<\/li>\n<li>ebi &amp; \u1eb9gb\u1eb9 Igbaninimoran<\/li>\n<li>ibalopo ibalokanje Igbaninimoran<\/li>\n<li>PTSD Igbaninimoran <\/li>\n<\/ul>\n<p>If you were in combat or experienced any sexual trauma during your military service, bring your DD214 to your local Veteran Center and speak with a counselor or therapist for free, without an appointment, regardless of your enrollment status with VA. Many of the therapists understand, as they are also Veterans. <\/p>\n<p>Aw\u1ecdn ile-i\u1e63\u1eb9 w\u1ecdnyi wa ni gbogbo ipinl\u1eb9 Maryland. Ni aw\u1ecdn igba miiran, gbigbe le pese nipas\u1eb9 aw\u1ecdn anfani VA r\u1eb9. \u00a0<\/p>\n\t\t\t<a href=\"https:\/\/va.gov\/directory\/guide\/vetcenter.asp\" target=\"_blank\" rel=\"noopener\">\n\t\t\t\t\t\t\tWa ile-i\u1e63\u1eb9 oniwosan\n\t\t\t\t\t<\/a>\n\t\t<h2>Eto Idena Igb\u1eb9mi ara \u1eb9ni Sheppard Pratt<\/h2>\nSheppard Pratt n \u1e63i\u1e63\u1eb9 p\u1eb9lu Aw\u1ecdn I\u1e63\u1eb9 Aw\u1ecdn Ogbo lati pese aw\u1ecdn eto idena igb\u1eb9mi ara \u1eb9ni ti o da lori agbegbe nipas\u1eb9 O\u1e63i\u1e63\u1eb9 Sergeant Parker Gordon Fox Eto Idena Igb\u1eb9mi ara \u1eb9ni. Eto naa pese:\n<ul>\n<li aria-level=\"3\">Aw\u1ecdn ay\u1eb9wo ilera \u1ecdp\u1ecdl\u1ecd<\/li>\n<li aria-level=\"3\">Ipese aw\u1ecdn i\u1e63\u1eb9 iwosan fun it\u1ecdju pajawiri<\/li>\n<li aria-level=\"3\">It\u1ecdju \u1ecdran<\/li>\n<li aria-level=\"3\">Iranl\u1ecdw\u1ecd anfani VA fun aw\u1ecdn \u1eb9ni k\u1ecd\u1ecdkan ati aw\u1ecdn idile ti o y\u1eb9<\/li>\n<li aria-level=\"3\">Iranl\u1ecdw\u1ecd p\u1eb9lu gbigba aw\u1ecdn anfani lati ij\u1ecdba (ipinle, agbegbe tabi Federal) tabi eto ti o y\u1eb9.<\/li>\n<li aria-level=\"3\">Iranl\u1ecdw\u1ecd p\u1eb9lu aw\u1ecdn aini pajawiri ti o le \u1e63e alabapin si eewu ti igb\u1eb9mi ara \u1eb9ni. Iw\u1ecdnyi le p\u1eb9lu it\u1ecdju ilera, gbigbe laaye lojoojum\u1ecd, ile, i\u1e63\u1eb9, eto eto inawo ti ara \u1eb9ni, igbim\u1ecdran, gbigbe, ati aw\u1ecdn i\u1e63\u1eb9 atil\u1eb9yin owo oya igba di\u1eb9, aw\u1ecdn i\u1e63\u1eb9 oniduro ati aw\u1ecdn i\u1e63\u1eb9 payee a\u1e63oju, ati aw\u1ecdn \u1ecdran ofin.<\/li>\n<li aria-level=\"3\">If\u1ecdr\u1ecdran\u1e63\u1eb9 lati \u1e63e idanim\u1ecd aw\u1ecdn ti o wa ninu ewu ti igb\u1eb9mi ara \u1eb9ni<\/li>\n<\/ul>\nPe 410-938-4357 lati sop\u1ecd si eto naa.\n<p>&nbsp;<\/p>\n\t\t\t<a href=\"https:\/\/www.mentalhealth.va.gov\/ssgfox-grants\/\" target=\"_blank\" rel=\"noopener\">\n\t\t\t\t\t\t\tsop\u1ecd p\u1eb9lu sheppard pratt\n\t\t\t\t\t<\/a>\n<figure data-animation-delay=\"0\" data-animation-duration=\"1\" itemscope itemtype=\"https:\/\/schema.org\/ImageObject\">\n\t\t\t\t<img decoding=\"async\" src=\"http:\/\/211md.org\/wp-content\/uploads\/2025\/10\/Marylands-Commitment-to-Veterans.jpg\" alt=\"Mama oniwosan n \u1e63e i\u1e63\u1eb9 amurele p\u1eb9lu \u1ecdm\u1ecd\" title=\"Marylands ifaramo to Ogbo\" onerror=\"this.style.display='none'\" loading=\"lazy\" \/>\n\t<\/figure>\n\t<h3 aria-level=\"3\">Ifaramo Maryland Si Aw\u1ecdn Ogbo (MVC)<\/h3>\n<p>Veterans can also get support\u00a0through\u00a0Maryland&#8217;s\u00a0Commitment to Veterans (MCV). Resource coordinators work with Veterans and family members to access essential services through the VA system or private providers. These services can include crisis intervention, emergency services, substance misuse, family &amp; group counseling, and other behavioral health services.\u00a0\u00a0<\/p>\n<p>Additionally, the program supports Veterans who are ineligible for VA services, helping them address their behavioral health needs.\u00a0<\/p>\n<p>Pe n\u1ecdmba ti kii \u1e63e \u1ecdf\u1eb9 ni 1-877-770-4801.\u00a0<\/p>\n\t\t\t<a href=\"https:\/\/veterans.health.maryland.gov\/Pages\/home.aspx\" target=\"_blank\" rel=\"noopener\">\n\t\t\t\t\t\t\tsop\u1ecd p\u1eb9lu Mcv\n\t\t\t\t\t<\/a>\n\t<h3>\u1eccpa Igbelew\u1ecdn Ara<\/h3>\n<p>Ogbo le ko paapaa m\u1ecd ibi ti lati b\u1eb9r\u1eb9, ati aw\u1ecdn ti o ni ok.<\/p>\n<p>Sop\u1ecd p\u1eb9lu VA lati wa aw\u1ecdn orisun ti o dara jul\u1ecd fun ipo ti o ni iriri.<\/p>\n<p>The self-assessment tool helps Veterans find the right support.<\/p>\n\t\t\t<a href=\"https:\/\/www.va.gov\/REACH\/\" target=\"_self\" rel=\"noopener\">\n\t\t\t\t\t\t\tOniwosan ara-Iy\u1eb9wo\n\t\t\t\t\t<\/a>\n<figure itemscope itemtype=\"https:\/\/schema.org\/ImageObject\">\n\t\t\t\t<img decoding=\"async\" src=\"https:\/\/211md.org\/wp-content\/plugins\/bb-plugin\/img\/pixel.png\" alt=\"\" onerror=\"this.style.display='none'\" loading=\"lazy\" \/>\n\t<\/figure>\n\t\t<figure itemscope itemtype=\"https:\/\/schema.org\/ImageObject\">\n\t\t\t\t<img decoding=\"async\" src=\"https:\/\/211md.org\/wp-content\/uploads\/bb-plugin\/cache\/Call-center-specialst-circle-4e9ecd7b3425be4576416abc911049bb-.jpg\" alt=\"Oloye ile-i\u1e63\u1eb9 ipe\" title=\"Ipe aarin pataki\" onerror=\"this.style.display='none'\" loading=\"lazy\" \/>\n\t<\/figure>\n<h2>T\u1eb9 211<\/h2><p>Soro si eniyan abojuto ati aanu 24\/7. W\u1ecdn tun le sop\u1ecd si aw\u1ecdn orisun.\u00a0<\/p>\n\t\t\t<a href=\"tel:%20+211\"  target=\"_blank\" rel=\"noopener\">\n\t\t\t\t\t\tT\u1eb9 211 (alagbeka)\n\t\t\t\t\t<\/a>\n<h2>\n\t\t\tAfikun oniwosan Alaye\t<\/h2>\n\t\t<h4><a href=\"\/yo\/oro\/ailera-ti-ogbo\/?utm_source=Home&#038;utm_medium=Referral&#038;utm_campaign=211Resources&#038;utm_content=Aging\" target=\"_self\">Ti ogbo &amp; Alaabo<\/a><\/h4><figure itemscope itemtype=\"https:\/\/schema.org\/ImageObject\">\n\t\t\t\t<a href=\"\/yo\/oro\/ailera-ti-ogbo\/?utm_source=Home&#038;utm_medium=Referral&#038;utm_campaign=211Resources&#038;utm_content=Aging\"  target=\"_self\" itemprop=\"url\">\n\t\t\t\t<img decoding=\"async\" src=\"https:\/\/211md.org\/wp-content\/uploads\/bb-plugin\/cache\/2025_MdInfoNet_Icon-Sets_Aging-disability-square-c466727102cae71e5f27b8539bb51945-.png\" alt=\"\" onerror=\"this.style.display='none'\" loading=\"lazy\" \/>\n\t\t\t\t<\/a>\n\t<\/figure>\n\t\t<h4><a href=\"\/yo\/oro\/omo-idile\/?utm_source=Home&#038;utm_medium=Referral&#038;utm_campaign=211Resources&#038;utm_content=Children\" target=\"_self\">Aw\u1ecdn \u1ecdm\u1ecdde &amp; Aw\u1ecdn idile<\/a><\/h4><figure itemscope itemtype=\"https:\/\/schema.org\/ImageObject\">\n\t\t\t\t<a href=\"\/yo\/oro\/omo-idile\/?utm_source=Home&#038;utm_medium=Referral&#038;utm_campaign=211Resources&#038;utm_content=Children\"  target=\"_self\" itemprop=\"url\">\n\t\t\t\t<img decoding=\"async\" src=\"https:\/\/211md.org\/wp-content\/uploads\/bb-plugin\/cache\/2025_211_Icon-Sets_Child-care-square-f3b0d4edab3dcc467fadb5f55f4064c6-.png\" alt=\"parent and child icon for child care\" height=\"417\" width=\"417\" title=\"2025_211_Icon Sets_Child itoju\" onerror=\"this.style.display='none'\" loading=\"lazy\" \/>\n\t\t\t\t<\/a>\n\t<\/figure>\n\t\t<h4><a href=\"\/yo\/oro\/abele-ebi-iwa-ipa\/?utm_source=Home&#038;utm_medium=Referral&#038;utm_campaign=211Resources&#038;utm_content=Domestic\" target=\"_self\">Iwa-ipa Abele<\/a><\/h4><figure itemscope itemtype=\"https:\/\/schema.org\/ImageObject\">\n\t\t\t\t<a href=\"\/yo\/oro\/abele-ebi-iwa-ipa\/?utm_source=Home&#038;utm_medium=Referral&#038;utm_campaign=211Resources&#038;utm_content=Domestic\"  target=\"_self\" itemprop=\"url\">\n\t\t\t\t<img decoding=\"async\" src=\"https:\/\/211md.org\/wp-content\/uploads\/bb-plugin\/cache\/2025_211_Icon-Sets_Domestic-Violence-square-7b597694a6f05fe90cdc376aa573bc63-.png\" alt=\"House with a heart in the middle icon\" height=\"417\" width=\"417\" title=\"2025_211_Icon \u1e62eto_Iwa-ipa Abele\" onerror=\"this.style.display='none'\" loading=\"lazy\" \/>\n\t\t\t\t<\/a>\n\t<\/figure>\n\t\t<h4><a href=\"\/yo\/oro\/wiwa-oojo\/?utm_source=Home&#038;utm_medium=Referral&#038;utm_campaign=211Resources&#038;utm_content=Employment\" target=\"_self\">Igbanisise<\/a><\/h4><figure itemscope itemtype=\"https:\/\/schema.org\/ImageObject\">\n\t\t\t\t<a href=\"\/yo\/oro\/wiwa-oojo\/?utm_source=Home&#038;utm_medium=Referral&#038;utm_campaign=211Resources&#038;utm_content=Employment\"  target=\"_self\" itemprop=\"url\">\n\t\t\t\t<img decoding=\"async\" src=\"https:\/\/211md.org\/wp-content\/uploads\/bb-plugin\/cache\/2025_MdInfoNet_Icon-Sets_Employment-square-44707bd410e4df10a470bf130ebcea86-.png\" alt=\"\" onerror=\"this.style.display='none'\" loading=\"lazy\" \/>\n\t\t\t\t<\/a>\n\t<\/figure>\n\t\t<h4><a href=\"\/yo\/oro\/itoju-ilera\/?utm_source=Home&#038;utm_medium=Referral&#038;utm_campaign=211Resources&#038;utm_content=Health%20Care\" target=\"_self\">It\u1ecdju Ilera<\/a><\/h4><figure itemscope itemtype=\"https:\/\/schema.org\/ImageObject\">\n\t\t\t\t<a href=\"\/yo\/oro\/itoju-ilera\/?utm_source=Home&#038;utm_medium=Referral&#038;utm_campaign=211Resources&#038;utm_content=Health%20Care\"  target=\"_self\" itemprop=\"url\">\n\t\t\t\t<img decoding=\"async\" src=\"https:\/\/211md.org\/wp-content\/uploads\/bb-plugin\/cache\/2025_MdInfoNet_Icon-Sets_Health-Care-square-dee98a0060cbe0e7f27eda253fc12679-.png\" alt=\"\" onerror=\"this.style.display='none'\" loading=\"lazy\" \/>\n\t\t\t\t<\/a>\n\t<\/figure>\n\t\t<h4><a href=\"\/yo\/oro\/tuntun-si-wa-ati-maryland\/?utm_source=Home&#038;utm_medium=Referral&#038;utm_campaign=211Resources&#038;utm_content=Immigration\" target=\"_self\">I\u1e63il\u1ecd<\/a><\/h4><figure itemscope itemtype=\"https:\/\/schema.org\/ImageObject\">\n\t\t\t\t<a href=\"\/yo\/oro\/tuntun-si-wa-ati-maryland\/?utm_source=Home&#038;utm_medium=Referral&#038;utm_campaign=211Resources&#038;utm_content=Immigration\"  target=\"_self\" itemprop=\"url\">\n\t\t\t\t<img decoding=\"async\" src=\"https:\/\/211md.org\/wp-content\/uploads\/bb-plugin\/cache\/2025_MdInfoNet_Icon-Sets_Immigration-square-8b97b7fdfe5e6071405e216855065118-.png\" alt=\"I\u1e63il\u1ecd icon\" title=\"2025_MdInfoNet_Icon-Sets_Immigration\" onerror=\"this.style.display='none'\" loading=\"lazy\" \/>\n\t\t\t\t<\/a>\n\t<\/figure>\n\t\t<h4><a href=\"\/yo\/oro\/omo-idile\/itoju-ibatan\/?utm_source=Home&#038;utm_medium=Referral&#038;utm_campaign=211Resources&#038;utm_content=Kinship\" target=\"_self\">\u00ccb\u00e1tan<\/a><\/h4><figure itemscope itemtype=\"https:\/\/schema.org\/ImageObject\">\n\t\t\t\t<a href=\"\/yo\/oro\/omo-idile\/itoju-ibatan\/?utm_source=Home&#038;utm_medium=Referral&#038;utm_campaign=211Resources&#038;utm_content=Kinship\"  target=\"_self\" itemprop=\"url\">\n\t\t\t\t<img decoding=\"async\" src=\"https:\/\/211md.org\/wp-content\/uploads\/bb-plugin\/cache\/2025_211_Icon-Sets_Kinship-square-45bdf872866f5735f842c32071109267-.png\" alt=\"Aami ibatan\" height=\"417\" width=\"417\" title=\"2025_211_Icon Sets_Kinship\" onerror=\"this.style.display='none'\" loading=\"lazy\" \/>\n\t\t\t\t<\/a>\n\t<\/figure>\n\t\t<h4><a href=\"\/yo\/oro\/ofin-awon-i%e1%b9%a3e\/?utm_source=Home&#038;utm_medium=Referral&#038;utm_campaign=211Resources&#038;utm_content=Legal\" target=\"_self\">Aw\u1ecdn i\u1e63\u1eb9 ofin<\/a><\/h4><figure itemscope itemtype=\"https:\/\/schema.org\/ImageObject\">\n\t\t\t\t<a href=\"\/yo\/oro\/ofin-awon-i%e1%b9%a3e\/?utm_source=Home&#038;utm_medium=Referral&#038;utm_campaign=211Resources&#038;utm_content=Legal\"  target=\"_self\" itemprop=\"url\">\n\t\t\t\t<img decoding=\"async\" src=\"https:\/\/211md.org\/wp-content\/uploads\/bb-plugin\/cache\/2025_MdInfoNet_Icon-Sets_Legal-square-18fdf438feb8435588174d9046463257-.png\" alt=\"\" onerror=\"this.style.display='none'\" loading=\"lazy\" \/>\n\t\t\t\t<\/a>\n\t<\/figure>\n\t\t<h4><a href=\"\/yo\/oro\/opolo-ilera\/?utm_source=Home&#038;utm_medium=Referral&#038;utm_campaign=211Resources&#038;utm_content=Mental\" target=\"_self\">Opolo Health<\/a><\/h4><figure itemscope itemtype=\"https:\/\/schema.org\/ImageObject\">\n\t\t\t\t<a href=\"\/yo\/oro\/opolo-ilera\/?utm_source=Home&#038;utm_medium=Referral&#038;utm_campaign=211Resources&#038;utm_content=Mental\"  target=\"_self\" itemprop=\"url\">\n\t\t\t\t<img decoding=\"async\" src=\"https:\/\/211md.org\/wp-content\/uploads\/bb-plugin\/cache\/2025_MdInfoNet_Icon-Sets_Mental-Health-square-c59b38c4a993a947d4c9280fbe2d2fee-.png\" alt=\"\" onerror=\"this.style.display='none'\" loading=\"lazy\" \/>\n\t\t\t\t<\/a>\n\t<\/figure>\n\t\t<h4><a href=\"\/yo\/oro\/ogbon-inu\/?utm_source=Home&#038;utm_medium=Referral&#038;utm_campaign=211Resources&#038;utm_content=Reentry\" target=\"_self\">Atunw\u1ecdle<\/a><\/h4><figure itemscope itemtype=\"https:\/\/schema.org\/ImageObject\">\n\t\t\t\t<a href=\"\/yo\/oro\/ogbon-inu\/?utm_source=Home&#038;utm_medium=Referral&#038;utm_campaign=211Resources&#038;utm_content=Reentry\"  target=\"_self\" itemprop=\"url\">\n\t\t\t\t<img decoding=\"async\" src=\"https:\/\/211md.org\/wp-content\/uploads\/bb-plugin\/cache\/2025_211_Icon-Sets_Reentry-square-8676fea38abd920a832f45642fe31cca-.png\" alt=\"Aami iw\u1ecdle\" height=\"417\" width=\"417\" title=\"2025_211_Icon Sets_Reentry\" onerror=\"this.style.display='none'\" loading=\"lazy\" \/>\n\t\t\t\t<\/a>\n\t<\/figure>\n\t\t<h4><a href=\"\/yo\/oro\/lilo-nkan-elo\/?utm_source=Home&#038;utm_medium=Referral&#038;utm_campaign=211Resources&#038;utm_content=Substance\" target=\"_self\">Ohun elo Lilo<\/a><\/h4><figure itemscope itemtype=\"https:\/\/schema.org\/ImageObject\">\n\t\t\t\t<a href=\"\/yo\/oro\/lilo-nkan-elo\/?utm_source=Home&#038;utm_medium=Referral&#038;utm_campaign=211Resources&#038;utm_content=Substance\"  target=\"_self\" itemprop=\"url\">\n\t\t\t\t<img decoding=\"async\" src=\"https:\/\/211md.org\/wp-content\/uploads\/bb-plugin\/cache\/2025_MdInfoNet_Icon-Sets_Substance-Abuse-square-4f414f085e657267739c181957754f48-.png\" alt=\"Pills for substance Use icon\" title=\"2025_MdInfoNet_Icon-Sets_Substance-Abuse\" onerror=\"this.style.display='none'\" loading=\"lazy\" \/>\n\t\t\t\t<\/a>\n\t<\/figure>\n\t\t<h4><a href=\"\/yo\/oro\/ogbo\/?utm_source=Home&#038;utm_medium=Referral&#038;utm_campaign=211Resources&#038;utm_content=Veterans\" target=\"_self\">Ogbo<\/a><\/h4><figure itemscope itemtype=\"https:\/\/schema.org\/ImageObject\">\n\t\t\t\t<a href=\"\/yo\/oro\/ogbo\/?utm_source=Home&#038;utm_medium=Referral&#038;utm_campaign=211Resources&#038;utm_content=Veterans\"  target=\"_self\" itemprop=\"url\">\n\t\t\t\t<img decoding=\"async\" src=\"https:\/\/211md.org\/wp-content\/uploads\/bb-plugin\/cache\/2025_MdInfoNet_Icon-Sets_Rating-square-6e60d00cce4faa8e0a6d4ad7366aa733-.png\" alt=\"\" onerror=\"this.style.display='none'\" loading=\"lazy\" \/>\n\t\t\t\t<\/a>\n\t<\/figure>","protected":false},"excerpt":{"rendered":"<p>Free and confidential help is available for veterans struggling with Post Traumatic Stress Disorder (PTSD), depression, anxiety, thoughts of suicide, substance misuse or any other mental or substance use concerns. Get connected to resources, specifically for Maryland Veterans. &nbsp; Get Started Veteran Support Lines There are several ways for Veterans to get connected to help.&hellip;<\/p>","protected":false},"author":8,"featured_media":4756,"parent":958,"menu_order":0,"comment_status":"closed","ping_status":"closed","template":"","meta":{"footnotes":""},"class_list":["post-1093","page","type-page","status-publish","has-post-thumbnail","hentry"],"_links":{"self":[{"href":"https:\/\/211md.org\/yo\/wp-json\/wp\/v2\/pages\/1093","targetHints":{"allow":["GET"]}}],"collection":[{"href":"https:\/\/211md.org\/yo\/wp-json\/wp\/v2\/pages"}],"about":[{"href":"https:\/\/211md.org\/yo\/wp-json\/wp\/v2\/types\/page"}],"author":[{"embeddable":true,"href":"https:\/\/211md.org\/yo\/wp-json\/wp\/v2\/users\/8"}],"replies":[{"embeddable":true,"href":"https:\/\/211md.org\/yo\/wp-json\/wp\/v2\/comments?post=1093"}],"version-history":[{"count":7,"href":"https:\/\/211md.org\/yo\/wp-json\/wp\/v2\/pages\/1093\/revisions"}],"predecessor-version":[{"id":34408,"href":"https:\/\/211md.org\/yo\/wp-json\/wp\/v2\/pages\/1093\/revisions\/34408"}],"up":[{"embeddable":true,"href":"https:\/\/211md.org\/yo\/wp-json\/wp\/v2\/pages\/958"}],"wp:featuredmedia":[{"embeddable":true,"href":"https:\/\/211md.org\/yo\/wp-json\/wp\/v2\/media\/4756"}],"wp:attachment":[{"href":"https:\/\/211md.org\/yo\/wp-json\/wp\/v2\/media?parent=1093"}],"curies":[{"name":"wp","href":"https:\/\/api.w.org\/{rel}","templated":true}]}}