{"id":1104,"date":"2021-04-19T14:40:22","date_gmt":"2021-04-19T14:40:22","guid":{"rendered":"https:\/\/211md.org\/?page_id=1104"},"modified":"2026-04-28T11:44:08","modified_gmt":"2026-04-28T15:44:08","slug":"egbogi-inawo-iranlowo","status":"publish","type":"page","link":"https:\/\/211md.org\/yo\/resources\/health-care\/medical-expense-assistance\/","title":{"rendered":"Gba Iranl\u1ecdw\u1ecd p\u1eb9lu Aw\u1ecdn Owo I\u1e63oogun ati Aw\u1ecdn inawo"},"content":{"rendered":"<figure data-animation-delay=\"0\" data-animation-duration=\"1\" itemscope itemtype=\"https:\/\/schema.org\/ImageObject\">\n\t\t\t\t<img decoding=\"async\" src=\"https:\/\/stg-maryland211-staging.kinsta.cloud\/wp-content\/uploads\/2025\/08\/5-1-scaled.png\" alt=\"5\" height=\"692\" width=\"2560\" title=\"5\" onerror=\"this.style.display='none'\" loading=\"lazy\" \/>\n\t<\/figure>\n\t\t<p>\u1e62e o ni inawo i\u1e63oogun ti o ko le san? Iw\u1ecd ko dawa. Maryland ati aw\u1ecdn aj\u1ecd oril\u1eb9-ede le ni iranl\u1ecdw\u1ecd lati \u1e63e ai\u1e63edeede di\u1eb9 ninu aw\u1ecdn idiyele i\u1e63oogun r\u1eb9, laja aw\u1ecdn ariyanjiyan \u00ecd\u00edyel\u00e9 tabi kiko it\u1ecdju, tabi pese aw\u1ecdn ohun elo i\u1e63oogun \u1ecdf\u1eb9.<\/p>\n\t\t\t<a href=\"#start\"  target=\"_self\">\n\t\t\t\t\t\tB\u1eb9r\u1eb9\n\t\t\t\t\t<\/a>\n<figure data-animation-delay=\"0\" data-animation-duration=\"1\" itemscope itemtype=\"https:\/\/schema.org\/ImageObject\">\n\t\t\t\t<img decoding=\"async\" src=\"https:\/\/211md.org\/wp-content\/plugins\/bb-plugin\/img\/pixel.png\" alt=\"\" onerror=\"this.style.display='none'\" loading=\"lazy\" \/>\n\t<\/figure>\n<figure data-animation-delay=\"0\" data-animation-duration=\"1.3\" itemscope itemtype=\"https:\/\/schema.org\/ImageObject\">\n\t\t\t\t<img decoding=\"async\" src=\"https:\/\/stg-maryland211-staging.kinsta.cloud\/wp-content\/uploads\/2025\/08\/16.png\" alt=\"16\" height=\"1000\" width=\"1000\" title=\"16\" onerror=\"this.style.display='none'\" loading=\"lazy\" \/>\n\t<\/figure>\n\t<h3>Talk to Your Provider about Your Bill<\/h3>\n<p>Talk with your healthcare provider about financial assistance programs. Many hospitals have patient programs to help reduce medical bills. Ask about the provider&#8217;s financial assistance policy to learn about the details and eligibility requirements for care.<\/p>\n<p>Fun ap\u1eb9\u1eb9r\u1eb9, aw\u1ecdn <a href=\"https:\/\/www.umms.org\/ummc\/patients-visitors\/for-patients\/financial-assistance\" target=\"_blank\" rel=\"noopener\">University of Maryland Medical Center<\/a> le \u1e63e iranl\u1ecdw\u1ecd fun aw\u1ecdn alaisan lati gba aw\u1ecdn i\u1e63\u1eb9 \u1ecdf\u1eb9 tabi iye owo kekere ti w\u1ecdn ko ba le sanwo fun gbogbo tabi apakan ti it\u1ecdju ile-iwosan w\u1ecdn.<\/p>\n<p>The hospital considers your ability to pay for care, including household income and family size. Also, the provider may also be able to help you apply for coverage through Medicaid or <a href=\"https:\/\/211md.org\/yo\/oro\/itoju-ilera\/ilera-moto\/\">Maryland Health Asop\u1ecd.<\/a><\/p>\n<figure itemscope itemtype=\"https:\/\/schema.org\/ImageObject\">\n\t\t\t\t<img decoding=\"async\" src=\"http:\/\/211md.org\/wp-content\/uploads\/2026\/04\/patient-at-doctors-office-paying-bill-with-receptionist.jpg\" alt=\"patient paying doctor\" title=\"patient at doctors office paying bill with receptionist\" onerror=\"this.style.display='none'\" loading=\"lazy\" \/>\n\t<\/figure>\n\t<h3>Aw\u1ecdn ilana oogun<\/h3>\n<p>Ni afikun si aw\u1ecdn owo iwosan, aw\u1ecdn oogun oogun le tun j\u1eb9 iye owo. Ti dokita r\u1eb9 ba pa\u1e63\u1eb9 oogun ti o ko le mu, o wa <a href=\"https:\/\/211md.org\/yo\/oro\/itoju-ilera\/awon-iwe-ilana-oogun\/\">prescription drug programs <\/a>available at participating Maryland pharmacies.<\/p>\n<p>O tun le wa aaye data orisun 211 fun aw\u1ecdn eto ati aw\u1ecdn aj\u1ecd agbegbe ti o le \u1e63e iranl\u1ecdw\u1ecd.<\/p>\n\t\t\t<a href=\"https:\/\/search.211md.org\/search?query=Medical%20Bill%20Assistance&#038;query_type=text\" target=\"_blank\" rel=\"noopener\">\n\t\t\t\t\t\tMedical bill help\n\t\t\t\t\t<\/a>\n\t\t\t<a href=\"https:\/\/search.211md.org\/search?query=LH-5100.6500&#038;query_type=taxonomy&#038;query_label=\" target=\"_blank\" rel=\"noopener\">\n\t\t\t\t\t\tPrescription drug help\n\t\t\t\t\t<\/a>\n<figure itemscope itemtype=\"https:\/\/schema.org\/ImageObject\">\n\t\t\t\t<img decoding=\"async\" src=\"https:\/\/211md.org\/wp-content\/uploads\/2026\/04\/someone-with-a-broken-arm-signing-legal-papers.jpg\" alt=\"injured person signing legal papers\" height=\"1500\" width=\"2000\" title=\"someone with a broken arm signing legal papers\" onerror=\"this.style.display='none'\" loading=\"lazy\" \/>\n\t<\/figure>\n\t\t<h2>Mediate a Medical Bill<\/h2>\n\t\t<p>Ti o ko ba le yanju owo i\u1e63oogun p\u1eb9lu olupese r\u1eb9 tabi ni \u1ecdran i\u1e63oogun miiran, \u1eb8k\u1ecd Ilera ti Attorney General&#039;s Health and Advocacy Unit (HEAU) le ni ilaja ipo naa ni \u1ecdf\u1eb9. W\u1ecdn le \u1e63e iranl\u1ecdw\u1ecd p\u1eb9lu:<\/p>\n<ul>\n<li>egbogi \u00ecd\u00edyel\u00e9 \u00e0r\u00edy\u00e0njiy\u00e0n<\/li>\n<li>iwe-owo i\u1e63oogun iyal\u1eb9nu lati inu ile-i\u1e63\u1eb9 it\u1ecdju pajawiri ti n\u1eb9tiw\u1ecd\u1ecdki tabi olupese ni ile-iwosan inu-n\u1eb9tiw\u1ecd\u1ecdki tabi ile-i\u1e63\u1eb9 ab\u1eb9<\/li>\n<li>gba owo ti o ga ju ti o dara igbagbo ti siro<\/li>\n<li>ti gba owo fun ohun elo ile-iwosan nipas\u1eb9 ile-iwosan Maryland \u1e63ugb\u1ecdn ko gba ifihan nipa \u1ecdya naa \u1e63aaju ipinnu i\u1e63oogun<\/li>\n<li>egbogi \u1eb9r\u1ecd \u00e0r\u00edy\u00e0njiy\u00e0n<\/li>\n<li>ailagbara lati gba aw\u1ecdn igbasil\u1eb9 i\u1e63oogun tabi aw\u1ecdn \u1eb9da w\u1ecdn<\/li>\n<li>Kiko agbegbe eto ilera aladani fun gbogbo tabi apakan ti it\u1ecdju<\/li>\n<li>lil\u1ecd kiri eto iranl\u1ecdw\u1ecd owo ile-iwosan kan<\/li>\n<li>k\u1ecd iranl\u1ecdw\u1ecd owo tabi aw\u1ecdn a\u1e63ayan isanwo ti o t\u1ecd lati ile-iwosan Maryland kan<\/li>\n<li>ifopinsi ti ik\u1ecdk\u1ecd ilera \u00e8t\u00f2<\/li>\n<li>k\u1ecd iforuk\u1ecdsil\u1eb9 sil\u1eb9 ni Eto Ilera ti o pe tabi k\u1ecd Aw\u1ecdn Kir\u1eb9diti Owo-ori Ere Il\u1ecdsiwaju tabi Aw\u1ecdn Idinku Pipin Idiye nipas\u1eb9 Asop\u1ecd Ilera Maryland<\/li>\n<\/ul>\n\t\t\t<a href=\"https:\/\/www.marylandattorneygeneral.gov\/Pages\/CPD\/HEAU\/default.aspx\" target=\"_blank\" rel=\"noopener\">\n\t\t\t\t\t\tLearn about mediation\n\t\t\t\t\t<\/a>\n\t<h3>Onibaje ati toje arun iranl\u1ecdw\u1ecd owo<\/h3>\n<p>Ti o ba nireti lati fa aw\u1ecdn inawo i\u1e63oogun ti nl\u1ecd l\u1ecdw\u1ecd nitori arun onibaje tabi toje, o le beere fun iranl\u1ecdw\u1ecd nipas\u1eb9 olupese r\u1eb9 ati tun kan si aw\u1ecdn aj\u1ecd ti ko ni ere ti oril\u1eb9-ede ti o le \u1e63e iranl\u1ecdw\u1ecd.<\/p>\n<p>Aw\u1ecdn <a href=\"https:\/\/www.panfoundation.org\/about-pan\/\" target=\"_blank\" rel=\"noopener\">PAN Foundation<\/a> \u1e63e iranl\u1ecdw\u1ecd fun Federally ati aw\u1ecdn alaisan ti o ni i\u1e63eduro i\u1e63owo gba oogun ati it\u1ecdju ti w\u1ecdn nilo fun eewu-aye, onibaje, ati aw\u1ecdn arun toje. Ajo naa n \u1e63e iranl\u1ecdw\u1ecd p\u1eb9lu aw\u1ecdn idiyele oogun oogun ti a ko jade ati aw\u1ecdn it\u1ecdju paapaa.<\/p>\n<p>Lati \u1ecddun 2004, w\u1ecdn ti pese $4 bilionu ni iranl\u1ecdw\u1ecd owo si di\u1eb9 sii ju mili\u1ecdnu kan aw\u1ecdn alaisan ti ko ni i\u1e63eduro.<\/p>\n<p>Aw\u1ecdn <a href=\"https:\/\/www.healthwellfoundation.org\/patients\/\" target=\"_blank\" rel=\"noopener\">HealthWell Foundation<\/a> tun le \u1e63e iranl\u1ecdw\u1ecd fun aw\u1ecdn \u1eb9ni-k\u1ecd\u1ecdkan ti o ni \u1eb9t\u1ecd p\u1eb9lu aw\u1ecdn sisanwo, aw\u1ecdn owo sisan, aw\u1ecdn iyokuro, ati aw\u1ecdn idiyele ti aw\u1ecdn apo-owo miiran fun aw\u1ecdn i\u1e63\u1eb9 ab\u1eb9, aw\u1ecdn afikun, ati aw\u1ecdn ipese. Ajo ni o ni aw\u1ecdn n\u1ecdmba kan ti <a href=\"https:\/\/www.healthwellfoundation.org\/disease-funds\/\" target=\"_blank\" rel=\"noopener\">Owo Arun<\/a> ti o \u1e63e atil\u1eb9yin fun aw\u1ecdn eniyan ti o ni aw\u1ecdn arun kan.<\/p>\n<p><a href=\"https:\/\/www.cancercare.org\/financial_assistance\" target=\"_blank\" rel=\"noopener\">Ak\u00e0n<em>Itoju<\/em><\/a> tun pese iranl\u1ecdw\u1ecd owo ati \u1e63i\u1e63\u1eb9 p\u1eb9lu aw\u1ecdn ajo jakejado oril\u1eb9-ede ti o le \u1e63e iranl\u1ecdw\u1ecd p\u1eb9lu aw\u1ecdn idiyele ti it\u1ecdju alakan. <a href=\"https:\/\/www.cancercare.org\/financial\" target=\"_blank\" rel=\"noopener\">Aw\u1ecdn eto inawo<\/a> yat\u1ecd da lori iru ak\u00e0n ti o ni ati nipas\u1eb9 agbegbe. Aw\u1ecdn <a href=\"https:\/\/www.cancercare.org\/copayfoundation\" target=\"_blank\" rel=\"noopener\">\u00e0j\u1ecd-sanwo iranlowo eto<\/a> ni wiwa aw\u1ecdn ay\u1eb9wo ak\u00e0n kan.<\/p>\n<p>O tun le beere l\u1ecdw\u1ecd olupese r\u1eb9 ti w\u1ecdn ba ni eto iranl\u1ecdw\u1ecd owo lati bo aw\u1ecdn idiyele it\u1ecdju ti nl\u1ecd l\u1ecdw\u1ecd.<\/p>\n\t\t<h2>Ohun elo I\u1e63oogun \u1eccf\u1eb9<\/h2>\n\t\t<p>Durable medical equipment can be expensive if you have to buy it.\u00a0When medical equipment is needed long-term, Medicare, Medicaid, or your insurer should help offset the cost.<\/p>\n<p>Ti kii ba \u1e63e b\u1eb9, o le lo ati aw\u1ecdn ohun elo i\u1e63oogun ti a tun\u1e63e nipas\u1eb9 aw\u1ecdn <a href=\"https:\/\/aging.maryland.gov\/pages\/DME.aspx\" target=\"_blank\" rel=\"noopener\">Ohun elo I\u1e63oogun ti o t\u1ecd Maryland Eto Tun-Lo<\/a> (DME). \u1eb8ka ti Agbo ni o n\u1e63i\u1e63\u1eb9, \u1e63ugb\u1ecdn o wa fun gbogbo eniyan ni Maryland, laibikita \u1ecdj\u1ecd-ori.<\/p>\n<p>You can request equipment such as canes, crutches, walkers, bed rails, shower chairs, wheelchairs, mechanical lifts, power scooters, and hospital beds. Inventory varies, so you have to submit a request.<\/p>\n<p>The agency said it uses occupational and physical therapists to properly match equipment to an individual. They ensure the size is proper for an individual based on their need, height, weight, and any other factors. That helps ensure safety.<\/p>\n<p>\u1eb8ka ti Agbo ti Maryland jiroro bi eto yii \u1e63e n \u1e63i\u1e63\u1eb9 lori <a href=\"https:\/\/211md.org\/yo\/isele-16-md-eka-ti-ogbo\/\">Episode 16 ti Kini 211 naa? adar\u1ecd ese<\/a>.<\/p>\n\t\t\t<a href=\"\"  target=\"_blank\" rel=\"noopener\">\n\t\t\t\t\t\tFind a DME location\n\t\t\t\t\t<\/a>\n\t<h3>Maryland Loan k\u1ecdl\u1ecdfin<\/h3>\n<p>O tun le gba ohun elo i\u1e63oogun tabi im\u1ecd-\u1eb9r\u1ecd iranl\u1ecdw\u1ecd fun igba di\u1eb9, nipas\u1eb9 k\u1ecdl\u1ecdfin awin agbegbe kan.<\/p>\n<p>O le wa aw\u1ecdn k\u1eb9k\u1eb9-k\u1eb9k\u1eb9, aw\u1ecdn ibusun ile-iwosan, aw\u1ecdn ijoko iw\u1eb9, aw\u1ecdn gbigbe igbonse, aw\u1ecdn oju irin ibusun, aw\u1ecdn alarinrin, aw\u1ecdn crutches, aw\u1ecdn \u1ecdpa ati aw\u1ecdn ohun elo i\u1e63oogun ti o t\u1ecd ti o le nilo.<\/p>\n<p>Aw\u1ecdn nkan naa yat\u1ecd, ati pup\u1ecd jul\u1ecd ni a pese laisi idiyele tabi awin p\u1eb9lu idogo aabo isanpada.<\/p>\n<p>Fun ap\u1eb9\u1eb9r\u1eb9, in\u00a0<a href=\"https:\/\/www.charlescountymd.gov\/services\/aging-and-senior-services\/loan-closet-for-durable-medical-equipment\" target=\"_blank\" rel=\"noopener\">Charles County<\/a>, k\u1ecdl\u1ecdfin awin gba aw\u1ecdn \u1eb9ni-k\u1ecd\u1ecdkan laaye lati yawo ohun elo fun aw\u1ecdn \u1ecdj\u1ecd 90. Aw\u1ecdn amugbooro ni a fun ni ipil\u1eb9-\u1ecdran-nipas\u1eb9-ipin, da lori atok\u1ecd k\u1ecdl\u1ecdfin k\u1ecdl\u1ecdfin awin.<\/p>\n<p>Ninu\u00a0<a href=\"https:\/\/www.howardcountymd.gov\/disability-services\" target=\"_blank\" rel=\"noopener\">Agbegbe Howard<\/a>, the Maryland Department of Aging is providing hospital beds and motorized chairs through the Howard County loan closet. The equipment is also accessible to residents of other counties, including Anne Arundel, Baltimore, Carroll, Frederick, Montgomery, and Prince George&#8217;s County.<\/p>\n<p>Ti o ko ba le gbe ohun elo naa, ifiji\u1e63\u1eb9 \u1ecdf\u1eb9 wa nipas\u1eb9\u00a0<a href=\"https:\/\/www.howardcountymd.gov\/News051822d\" target=\"_blank\" rel=\"noopener\">Aladugbo Ride<\/a> ni Howard County.<\/p>\n<p>Niw\u1ecdn igba ti Ile-iy\u1eb9wu Awin Howard County ti \u1e63ii ni \u1ecddun 2004, o ti pin di\u1eb9 sii ju aw\u1ecdn ege ohun elo 35,000 l\u1ecd.\u00a0<a href=\"https:\/\/www.howardcountymd.gov\/disability-services\/loan-closet-equipment\" target=\"_blank\" rel=\"noopener\">View the current medical equipment<\/a> in the Howard County Loan Closet.<\/p>\n<p>Find a local provider by searching the 211 database.<\/p>\n\t\t\t<a href=\"https:\/\/search.211md.org\/search?query=Medical%20Equipment%20Supplies&#038;query_type=text\" target=\"_blank\" rel=\"noopener\">\n\t\t\t\t\t\tMedical equipment\/supplies\n\t\t\t\t\t<\/a>\n\t\t\t<a href=\"https:\/\/search.211md.org\/search?query=Loan%20Closet&#038;query_type=text\" target=\"_blank\" rel=\"noopener\">\n\t\t\t\t\t\tBorrow equipment\n\t\t\t\t\t<\/a>\n\t<h3>\u1e62et\u1ecdr\u1eb9 Aw\u1ecdn Ohun elo I\u1e63oogun<\/h3>\n<p>Ti \u1ecdm\u1ecd \u1eb9bi kan ko ba nilo aw\u1ecdn ohun elo i\u1e63oogun ti o t\u1ecd m\u1ecd bi \u1ecdpa, aw\u1ecdn ohun elo, tabi \u1eb9l\u1eb9rin, o le \u1e63et\u1ecdr\u1eb9 lati \u1e63e iranl\u1ecdw\u1ecd fun \u1eb9ni miiran ti o nilo. \u1e62et\u1ecdr\u1eb9 si k\u1ecdl\u1ecdfin awin agbegbe kan tabi Eto Atun-Lilo I\u1e63oogun ti Maryland Durable (DME) nipas\u1eb9 \u1eb8ka ti Agbo.<\/p>\n<p>Once the Department of Aging receives a donation, the equipment is sanitized, repaired, and redistributed.<\/p>\n\t\t<figure itemscope itemtype=\"https:\/\/schema.org\/ImageObject\">\n\t\t\t\t<a href=\"https:\/\/search.211md.org\/\" target=\"_blank\" rel=\"noopener\" itemprop=\"url\">\n\t\t\t\t<img decoding=\"async\" src=\"https:\/\/stg-maryland211-staging.kinsta.cloud\/wp-content\/uploads\/2025\/08\/2025_MdInfoNet_Icon-Sets-white_Locate.png\" alt=\"\" onerror=\"this.style.display='none'\" loading=\"lazy\" \/>\n\t\t\t\t<\/a>\n\t<\/figure>\n<h2><a href=\"https:\/\/search.211md.org\/\" target=\"_blank\" rel=\"noopener\">Wa Aw\u1ecdn orisun Bayi<\/a><\/h2><p>Wa <strong>awujo oro <\/strong>fun ounje, itoju ilera, ile ati siwaju sii ninu wa database. Wa nipas\u1eb9 koodu ZIP.<\/p>\n\t\t\t<a href=\"https:\/\/search.211md.org\/\" target=\"_blank\" rel=\"noopener\">\n\t\t\t\t\t\t\tWa Bayi\n\t\t\t<\/a>\n<h2>\n\t\t\tOther health related information\t<\/h2>\n\t\t<h4><a href=\"\/yo\/oro\/ailera-ti-ogbo\/?utm_source=Home&#038;utm_medium=Referral&#038;utm_campaign=211Resources&#038;utm_content=Aging\" target=\"_self\">Ti ogbo &amp; Alaabo<\/a><\/h4><figure itemscope itemtype=\"https:\/\/schema.org\/ImageObject\">\n\t\t\t\t<a href=\"\/yo\/oro\/ailera-ti-ogbo\/?utm_source=Home&#038;utm_medium=Referral&#038;utm_campaign=211Resources&#038;utm_content=Aging\"  target=\"_self\" itemprop=\"url\">\n\t\t\t\t<img decoding=\"async\" src=\"https:\/\/211md.org\/wp-content\/uploads\/bb-plugin\/cache\/2025_MdInfoNet_Icon-Sets_Aging-disability-square-c466727102cae71e5f27b8539bb51945-.png\" alt=\"\" onerror=\"this.style.display='none'\" loading=\"lazy\" \/>\n\t\t\t\t<\/a>\n\t<\/figure>\n\t\t<h4><a href=\"\/yo\/oro\/omo-idile\/?utm_source=Home&#038;utm_medium=Referral&#038;utm_campaign=211Resources&#038;utm_content=Children\" target=\"_self\">Aw\u1ecdn \u1ecdm\u1ecdde &amp; Aw\u1ecdn idile<\/a><\/h4><figure itemscope itemtype=\"https:\/\/schema.org\/ImageObject\">\n\t\t\t\t<a href=\"\/yo\/oro\/omo-idile\/?utm_source=Home&#038;utm_medium=Referral&#038;utm_campaign=211Resources&#038;utm_content=Children\"  target=\"_self\" itemprop=\"url\">\n\t\t\t\t<img decoding=\"async\" src=\"https:\/\/211md.org\/wp-content\/uploads\/bb-plugin\/cache\/2025_211_Icon-Sets_Child-care-square-f3b0d4edab3dcc467fadb5f55f4064c6-.png\" alt=\"parent and child icon for child care\" height=\"417\" width=\"417\" title=\"2025_211_Icon Sets_Child itoju\" onerror=\"this.style.display='none'\" loading=\"lazy\" \/>\n\t\t\t\t<\/a>\n\t<\/figure>\n\t\t<h4><a href=\"\/yo\/oro\/abele-ebi-iwa-ipa\/?utm_source=Home&#038;utm_medium=Referral&#038;utm_campaign=211Resources&#038;utm_content=Domestic\" target=\"_self\">Iwa-ipa Abele<\/a><\/h4><figure itemscope itemtype=\"https:\/\/schema.org\/ImageObject\">\n\t\t\t\t<a href=\"\/yo\/oro\/abele-ebi-iwa-ipa\/?utm_source=Home&#038;utm_medium=Referral&#038;utm_campaign=211Resources&#038;utm_content=Domestic\"  target=\"_self\" itemprop=\"url\">\n\t\t\t\t<img decoding=\"async\" src=\"https:\/\/211md.org\/wp-content\/uploads\/bb-plugin\/cache\/2025_211_Icon-Sets_Domestic-Violence-square-7b597694a6f05fe90cdc376aa573bc63-.png\" alt=\"House with a heart in the middle icon\" height=\"417\" width=\"417\" title=\"2025_211_Icon \u1e62eto_Iwa-ipa Abele\" onerror=\"this.style.display='none'\" loading=\"lazy\" \/>\n\t\t\t\t<\/a>\n\t<\/figure>\n\t\t<h4><a href=\"\/yo\/oro\/wiwa-oojo\/?utm_source=Home&#038;utm_medium=Referral&#038;utm_campaign=211Resources&#038;utm_content=Employment\" target=\"_self\">Igbanisise<\/a><\/h4><figure itemscope itemtype=\"https:\/\/schema.org\/ImageObject\">\n\t\t\t\t<a href=\"\/yo\/oro\/wiwa-oojo\/?utm_source=Home&#038;utm_medium=Referral&#038;utm_campaign=211Resources&#038;utm_content=Employment\"  target=\"_self\" itemprop=\"url\">\n\t\t\t\t<img decoding=\"async\" src=\"https:\/\/211md.org\/wp-content\/uploads\/bb-plugin\/cache\/2025_MdInfoNet_Icon-Sets_Employment-square-44707bd410e4df10a470bf130ebcea86-.png\" alt=\"\" onerror=\"this.style.display='none'\" loading=\"lazy\" \/>\n\t\t\t\t<\/a>\n\t<\/figure>\n\t\t<h4><a href=\"\/yo\/oro\/itoju-ilera\/?utm_source=Home&#038;utm_medium=Referral&#038;utm_campaign=211Resources&#038;utm_content=Health%20Care\" target=\"_self\">It\u1ecdju Ilera<\/a><\/h4><figure itemscope itemtype=\"https:\/\/schema.org\/ImageObject\">\n\t\t\t\t<a href=\"\/yo\/oro\/itoju-ilera\/?utm_source=Home&#038;utm_medium=Referral&#038;utm_campaign=211Resources&#038;utm_content=Health%20Care\"  target=\"_self\" itemprop=\"url\">\n\t\t\t\t<img decoding=\"async\" src=\"https:\/\/211md.org\/wp-content\/uploads\/bb-plugin\/cache\/2025_MdInfoNet_Icon-Sets_Health-Care-square-dee98a0060cbe0e7f27eda253fc12679-.png\" alt=\"\" onerror=\"this.style.display='none'\" loading=\"lazy\" \/>\n\t\t\t\t<\/a>\n\t<\/figure>\n\t\t<h4><a href=\"\/yo\/oro\/tuntun-si-wa-ati-maryland\/?utm_source=Home&#038;utm_medium=Referral&#038;utm_campaign=211Resources&#038;utm_content=Immigration\" target=\"_self\">I\u1e63il\u1ecd<\/a><\/h4><figure itemscope itemtype=\"https:\/\/schema.org\/ImageObject\">\n\t\t\t\t<a href=\"\/yo\/oro\/tuntun-si-wa-ati-maryland\/?utm_source=Home&#038;utm_medium=Referral&#038;utm_campaign=211Resources&#038;utm_content=Immigration\"  target=\"_self\" itemprop=\"url\">\n\t\t\t\t<img decoding=\"async\" src=\"https:\/\/211md.org\/wp-content\/uploads\/bb-plugin\/cache\/2025_MdInfoNet_Icon-Sets_Immigration-square-8b97b7fdfe5e6071405e216855065118-.png\" alt=\"I\u1e63il\u1ecd icon\" title=\"2025_MdInfoNet_Icon-Sets_Immigration\" onerror=\"this.style.display='none'\" loading=\"lazy\" \/>\n\t\t\t\t<\/a>\n\t<\/figure>\n\t\t<h4><a href=\"\/yo\/oro\/omo-idile\/itoju-ibatan\/?utm_source=Home&#038;utm_medium=Referral&#038;utm_campaign=211Resources&#038;utm_content=Kinship\" target=\"_self\">\u00ccb\u00e1tan<\/a><\/h4><figure itemscope itemtype=\"https:\/\/schema.org\/ImageObject\">\n\t\t\t\t<a href=\"\/yo\/oro\/omo-idile\/itoju-ibatan\/?utm_source=Home&#038;utm_medium=Referral&#038;utm_campaign=211Resources&#038;utm_content=Kinship\"  target=\"_self\" itemprop=\"url\">\n\t\t\t\t<img decoding=\"async\" src=\"https:\/\/211md.org\/wp-content\/uploads\/bb-plugin\/cache\/2025_211_Icon-Sets_Kinship-square-45bdf872866f5735f842c32071109267-.png\" alt=\"Aami ibatan\" height=\"417\" width=\"417\" title=\"2025_211_Icon Sets_Kinship\" onerror=\"this.style.display='none'\" loading=\"lazy\" \/>\n\t\t\t\t<\/a>\n\t<\/figure>\n\t\t<h4><a href=\"\/yo\/oro\/ofin-awon-i%e1%b9%a3e\/?utm_source=Home&#038;utm_medium=Referral&#038;utm_campaign=211Resources&#038;utm_content=Legal\" target=\"_self\">Aw\u1ecdn i\u1e63\u1eb9 ofin<\/a><\/h4><figure itemscope itemtype=\"https:\/\/schema.org\/ImageObject\">\n\t\t\t\t<a href=\"\/yo\/oro\/ofin-awon-i%e1%b9%a3e\/?utm_source=Home&#038;utm_medium=Referral&#038;utm_campaign=211Resources&#038;utm_content=Legal\"  target=\"_self\" itemprop=\"url\">\n\t\t\t\t<img decoding=\"async\" src=\"https:\/\/211md.org\/wp-content\/uploads\/bb-plugin\/cache\/2025_MdInfoNet_Icon-Sets_Legal-square-18fdf438feb8435588174d9046463257-.png\" alt=\"\" onerror=\"this.style.display='none'\" loading=\"lazy\" \/>\n\t\t\t\t<\/a>\n\t<\/figure>\n\t\t<h4><a href=\"\/yo\/oro\/opolo-ilera\/?utm_source=Home&#038;utm_medium=Referral&#038;utm_campaign=211Resources&#038;utm_content=Mental\" target=\"_self\">Opolo Health<\/a><\/h4><figure itemscope itemtype=\"https:\/\/schema.org\/ImageObject\">\n\t\t\t\t<a href=\"\/yo\/oro\/opolo-ilera\/?utm_source=Home&#038;utm_medium=Referral&#038;utm_campaign=211Resources&#038;utm_content=Mental\"  target=\"_self\" itemprop=\"url\">\n\t\t\t\t<img decoding=\"async\" src=\"https:\/\/211md.org\/wp-content\/uploads\/bb-plugin\/cache\/2025_MdInfoNet_Icon-Sets_Mental-Health-square-c59b38c4a993a947d4c9280fbe2d2fee-.png\" alt=\"\" onerror=\"this.style.display='none'\" loading=\"lazy\" \/>\n\t\t\t\t<\/a>\n\t<\/figure>\n\t\t<h4><a href=\"\/yo\/oro\/ogbon-inu\/?utm_source=Home&#038;utm_medium=Referral&#038;utm_campaign=211Resources&#038;utm_content=Reentry\" target=\"_self\">Atunw\u1ecdle<\/a><\/h4><figure itemscope itemtype=\"https:\/\/schema.org\/ImageObject\">\n\t\t\t\t<a href=\"\/yo\/oro\/ogbon-inu\/?utm_source=Home&#038;utm_medium=Referral&#038;utm_campaign=211Resources&#038;utm_content=Reentry\"  target=\"_self\" itemprop=\"url\">\n\t\t\t\t<img decoding=\"async\" src=\"https:\/\/211md.org\/wp-content\/uploads\/bb-plugin\/cache\/2025_211_Icon-Sets_Reentry-square-8676fea38abd920a832f45642fe31cca-.png\" alt=\"Aami iw\u1ecdle\" height=\"417\" width=\"417\" title=\"2025_211_Icon Sets_Reentry\" onerror=\"this.style.display='none'\" loading=\"lazy\" \/>\n\t\t\t\t<\/a>\n\t<\/figure>\n\t\t<h4><a href=\"\/yo\/oro\/lilo-nkan-elo\/?utm_source=Home&#038;utm_medium=Referral&#038;utm_campaign=211Resources&#038;utm_content=Substance\" target=\"_self\">Ohun elo Lilo<\/a><\/h4><figure itemscope itemtype=\"https:\/\/schema.org\/ImageObject\">\n\t\t\t\t<a href=\"\/yo\/oro\/lilo-nkan-elo\/?utm_source=Home&#038;utm_medium=Referral&#038;utm_campaign=211Resources&#038;utm_content=Substance\"  target=\"_self\" itemprop=\"url\">\n\t\t\t\t<img decoding=\"async\" src=\"https:\/\/211md.org\/wp-content\/uploads\/bb-plugin\/cache\/2025_MdInfoNet_Icon-Sets_Substance-Abuse-square-4f414f085e657267739c181957754f48-.png\" alt=\"Pills for substance Use icon\" title=\"2025_MdInfoNet_Icon-Sets_Substance-Abuse\" onerror=\"this.style.display='none'\" loading=\"lazy\" \/>\n\t\t\t\t<\/a>\n\t<\/figure>\n\t\t<h4><a href=\"\/yo\/oro\/ogbo\/?utm_source=Home&#038;utm_medium=Referral&#038;utm_campaign=211Resources&#038;utm_content=Veterans\" target=\"_self\">Ogbo<\/a><\/h4><figure itemscope itemtype=\"https:\/\/schema.org\/ImageObject\">\n\t\t\t\t<a href=\"\/yo\/oro\/ogbo\/?utm_source=Home&#038;utm_medium=Referral&#038;utm_campaign=211Resources&#038;utm_content=Veterans\"  target=\"_self\" itemprop=\"url\">\n\t\t\t\t<img decoding=\"async\" src=\"https:\/\/211md.org\/wp-content\/uploads\/bb-plugin\/cache\/2025_MdInfoNet_Icon-Sets_Rating-square-6e60d00cce4faa8e0a6d4ad7366aa733-.png\" alt=\"\" onerror=\"this.style.display='none'\" loading=\"lazy\" \/>\n\t\t\t\t<\/a>\n\t<\/figure>\n\t<h2>Wa aw\u1ecdn ohun elo to t\u1ecd<\/h2>\n<p>Kini a le \u1e63e iranl\u1ecdw\u1ecd fun \u1ecd loni?<\/p>\n\t<meta name=\"algolia-site-verification\"  content=\"577A0FE2E1B79863\" \/>","protected":false},"excerpt":{"rendered":"<p>Do you have a medical expense that you can&#8217;t afford? You are not alone. Maryland and national organizations may be able to help offset some of your medical costs, mediate billing disputes or care denial, or provide free medical equipment. Get Started Talk to Your Provider about Your Bill Talk with your healthcare provider about&hellip;<\/p>","protected":false},"author":8,"featured_media":2079,"parent":838,"menu_order":0,"comment_status":"closed","ping_status":"closed","template":"","meta":{"footnotes":""},"class_list":["post-1104","page","type-page","status-publish","has-post-thumbnail","hentry"],"_links":{"self":[{"href":"https:\/\/211md.org\/yo\/wp-json\/wp\/v2\/pages\/1104","targetHints":{"allow":["GET"]}}],"collection":[{"href":"https:\/\/211md.org\/yo\/wp-json\/wp\/v2\/pages"}],"about":[{"href":"https:\/\/211md.org\/yo\/wp-json\/wp\/v2\/types\/page"}],"author":[{"embeddable":true,"href":"https:\/\/211md.org\/yo\/wp-json\/wp\/v2\/users\/8"}],"replies":[{"embeddable":true,"href":"https:\/\/211md.org\/yo\/wp-json\/wp\/v2\/comments?post=1104"}],"version-history":[{"count":11,"href":"https:\/\/211md.org\/yo\/wp-json\/wp\/v2\/pages\/1104\/revisions"}],"predecessor-version":[{"id":34610,"href":"https:\/\/211md.org\/yo\/wp-json\/wp\/v2\/pages\/1104\/revisions\/34610"}],"up":[{"embeddable":true,"href":"https:\/\/211md.org\/yo\/wp-json\/wp\/v2\/pages\/838"}],"wp:featuredmedia":[{"embeddable":true,"href":"https:\/\/211md.org\/yo\/wp-json\/wp\/v2\/media\/2079"}],"wp:attachment":[{"href":"https:\/\/211md.org\/yo\/wp-json\/wp\/v2\/media?parent=1104"}],"curies":[{"name":"wp","href":"https:\/\/api.w.org\/{rel}","templated":true}]}}