{"id":1105,"date":"2021-04-19T14:42:46","date_gmt":"2021-04-19T14:42:46","guid":{"rendered":"https:\/\/211md.org\/?page_id=1105"},"modified":"2025-10-03T22:52:11","modified_gmt":"2025-10-04T02:52:11","slug":"awon-iwe-ilana-oogun","status":"publish","type":"page","link":"https:\/\/211md.org\/yo\/resources\/health-care\/prescriptions\/","title":{"rendered":"Aw\u1ecdn ilana oogun"},"content":{"rendered":"<p>Ti o ba nilo iranl\u1ecdw\u1ecd ti o kun iwe oogun, ipinl\u1eb9 wa, aw\u1ecdn eto iranl\u1ecdw\u1ecd alaisan elegbogi ati aw\u1ecdn \u1eb9gb\u1eb9 ti ko ni ere ti agbegbe ti o le dinku idiyele oogun. T\u1eb9 211 lati wa orisun ti o dara jul\u1ecd fun ipo r\u1eb9.<\/p>\n<p>O tun le&nbsp;<a href=\"https:\/\/search.211md.org\/search?query=prescription+medication&amp;query_type=text&amp;query_language=en\" target=\"_blank\" rel=\"noopener\">wa aw\u1ecdn eto iranl\u1ecdw\u1ecd oogun oogun ni aaye data 211<\/a>.<\/p>\n\t<h3><b>Aw\u1ecdn \u1eb9dinwo oogun<\/b><\/h3>\n<p>Kaadi Maryland Rx j\u1eb9 eto \u1eb9dinwo \u1ecdf\u1eb9 ti o pese aw\u1ecdn \u1eb9dinwo oogun ni aw\u1ecdn ile elegbogi ti n kopa.<\/p>\n<p>Ko si aw\u1ecdn idiyele iforuk\u1ecdsil\u1eb9, aw\u1ecdn ibeere yiyan ko si aw\u1ecdn f\u1ecd\u1ecdmu lati kun. T\u1eb9jade, \u1ecdr\u1ecd tabi imeeli aw\u1ecdn kaadi si ara r\u1eb9.&nbsp;<a href=\"https:\/\/marylandrxcard.com\/create\" target=\"_blank\" rel=\"noopener\">Gba Kaadi Rx Maryland kan<\/a>.<\/p>\n<p>Aw\u1ecdn kaadi ifowopam\u1ecd oogun oogun miiran tun wa jakejado Maryland. Soro p\u1eb9lu dokita r\u1eb9, oloogun tabi&nbsp;<a href=\"https:\/\/search.211md.org\/search?query=prescription+medication&amp;query_type=text&amp;query_language=en\" target=\"_blank\" rel=\"noopener\">wa aaye data 211 Maryland lati wa aw\u1ecdn eto miiran<\/a>.<\/p>\n<p>Ti o ba j\u1eb9 oga, Eto Iranl\u1ecdw\u1ecd O\u00f2g\u00f9n Agba (SPDAP) j\u1eb9 ifunni ti a n\u1e63e fun aw\u1ecdn olugbe Maryland ti o ni owo-wiw\u1ecdle dede ti o y\u1eb9 fun Eto ilera ati foruk\u1ecdsil\u1eb9 ni ero oogun oogun.&nbsp;<a href=\"http:\/\/marylandspdap.com\/\" target=\"_blank\" rel=\"noopener\">K\u1ecd \u1eb9k\u1ecd di\u1eb9 si<\/a>&nbsp;nipa aw\u1ecdn it\u1ecdnis\u1ecdna afij\u1eb9\u1eb9ri fun eto yii.<\/p>\n\t\t\t\t<img loading=\"lazy\" decoding=\"async\" src=\"https:\/\/211md.org\/wp-content\/uploads\/2021\/05\/Pharmacist.png\" alt=\"Pharmacist dani oogun ati foonu kan\" itemprop=\"image\" height=\"348\" width=\"460\" title=\"Onisegun\" onerror=\"this.style.display='none'\">\n\t<h3><b>Wa Aw\u1ecdn Eto Iranl\u1ecdw\u1ecd Alaisan&nbsp;<\/b><\/h3>\n<p>Lati wa aw\u1ecdn eto iranl\u1ecdw\u1ecd ti gbogbo eniyan ati ik\u1ecdk\u1ecd, wa aw\u1ecdn&nbsp;<a href=\"https:\/\/medicineassistancetool.org\/\" target=\"_blank\" rel=\"noopener\">\u1eccpa Iranl\u1ecdw\u1ecd Oogun<\/a>&nbsp;(MAT). \u1eccpa naa baamu aw\u1ecdn alaisan p\u1eb9lu aw\u1ecdn orisun ati aw\u1ecdn eto pinpin iye owo ti o le dinku aw\u1ecdn idiyele ti apo, paapaa ti o ba ni i\u1e63eduro.<\/p>\n<p>\u1eccp\u1ecdl\u1ecdp\u1ecd aw\u1ecdn ile-i\u1e63\u1eb9 oogun pese aw\u1ecdn oogun \u1ecdf\u1eb9 tabi iye owo kekere si aw\u1ecdn \u1eb9ni-k\u1ecd\u1ecdkan ti ko ni i\u1e63eduro ti ko le san oogun w\u1ecdn. Iw\u1ecd yoo nilo lati kan si Eto Iranl\u1ecdw\u1ecd Alaisan k\u1ecd\u1ecdkan fun aw\u1ecdn it\u1ecdnis\u1ecdna afij\u1eb9\u1eb9ri.<\/p>\n<p>&nbsp;<\/p>\n<h3><b>Owo Iranl\u1ecdw\u1ecd Fun ogun<\/b><\/h3>\n<p>Aw\u1ecdn ile ij\u1ecdsin agbegbe ati aw\u1ecdn \u1eb9gb\u1eb9 ti ko ni ere le tun ni anfani lati pese iranl\u1ecdw\u1ecd owo lati \u1e63e ai\u1e63edeede aw\u1ecdn idiyele oogun. T\u1eb9 211 lati wa eto agbegbe tabi <a href=\"https:\/\/search.211md.org\/search?query=Financial%20Assistance%20Health%20Conditions&amp;query_type=text&amp;query_language=en\" target=\"_blank\" rel=\"noopener\">wa aw\u1ecdn database.<\/a><\/p>\n<h2>Alaye ti o j\u1ecdm\u1ecd<\/h2>\n<p><a href=\"\/yo\/oro\/itoju-ilera\/oogun\/\">Eto ilera<\/a><\/p>\n<p><a href=\"\/yo\/oro\/itoju-ilera\/oogun-nu\/\">Is\u1ecdnu O\u00f2g\u00f9n ti Maryland<\/a><\/p>\n<p><a title=\"It\u1ecdju eh\u00edn\" href=\"\/yo\/oro\/itoju-ilera\/itoju-ehin\/\">It\u1ecdju eh\u00edn<\/a><\/p>\n<p><a title=\"Aw\u1ecdn ilana oogun\" href=\"\/yo\/oro\/itoju-ilera\/awon-iwe-ilana-oogun\/\">Aw\u1ecdn ilana oogun<\/a><\/p>\n<p><a href=\"\/yo\/oro\/itoju-ilera\/medikaidi\/\">Medikedi<\/a><\/p>\n<p><a title=\"I\u1e63eduro Ilera\" href=\"\/yo\/oro\/itoju-ilera\/ilera-moto\/\">I\u1e63eduro Ilera<\/a><\/p>\n<p><a title=\"Iranl\u1ecdw\u1ecd Isanwo I\u1e63oogun\" href=\"\/yo\/oro\/itoju-ilera\/egbogi-inawo-iranlowo\/\">Iranl\u1ecdw\u1ecd Isanwo I\u1e63oogun<\/a><\/p>\n<h2>\n\t\tWa Oro\n\t<\/h2>\n\t\t\t\t<a href=\"\/yo\/oro\/ailera-ti-ogbo\/\" target=\"_self\" itemprop=\"url\" rel=\"noopener\">\n\t\t\t\t<img loading=\"lazy\" decoding=\"async\" src=\"https:\/\/211md.org\/wp-content\/uploads\/bb-plugin\/cache\/Mask-Group-41@2x-circle-73eaadba4cad8269faa4720e25cf1c85-.png\" alt=\"\u1eb8s\u1eb9 ti agbalagba obirin ati \u1ecdm\u1ecddebinrin ti nrin pap\u1ecd\" itemprop=\"image\" height=\"500\" width=\"500\" title=\"Aw\u1ecdn i\u1e63\u1eb9 ailera\" onerror=\"this.style.display='none'\">\n\t\t\t\t<\/a>\n\t\t<h3><a href=\"\/yo\/oro\/ailera-ti-ogbo\/\" target=\"_self\" rel=\"noopener\">Ti ogbo &amp; Alaabo<\/a><\/h3>\t\t\n\t\t\t\t<a href=\"\/yo\/oro\/omo-idile\/\" target=\"_self\" itemprop=\"url\" rel=\"noopener\">\n\t\t\t\t<img loading=\"lazy\" decoding=\"async\" src=\"https:\/\/211md.org\/wp-content\/uploads\/bb-plugin\/cache\/Mask-Group-38@2x-circle-ac40d46265fbec62083cd27f6dcf23b0-.png\" alt=\"\u1eccd\u1ecdm\u1ecdkunrin ati \u1ecdm\u1ecddebinrin kan n r\u1eb9rin mus\u1eb9 ati wiwo kam\u1eb9ra naa\" itemprop=\"image\" height=\"500\" width=\"500\" title=\"\u1eb8gb\u1eb9 boju 38@2x\" onerror=\"this.style.display='none'\">\n\t\t\t\t<\/a>\n\t\t<h3><a href=\"\/yo\/oro\/omo-idile\/\" target=\"_self\" rel=\"noopener\">Aw\u1ecdn \u1ecdm\u1ecdde &amp; Aw\u1ecdn idile<\/a><\/h3>\t\t\n\t\t\t\t<a href=\"\/yo\/oro\/covid-19-awon-olusewadi-aarin\/\" target=\"_self\" itemprop=\"url\" rel=\"noopener\">\n\t\t\t\t<img loading=\"lazy\" decoding=\"async\" src=\"https:\/\/211md.org\/wp-content\/uploads\/bb-plugin\/cache\/Mask-Group-35-circle-1d65595bca7a4e0f07d3d14ca4f42835-.png\" alt=\"A \u1ecdkunrin ati obinrin igbonwo bumping\" itemprop=\"image\" height=\"500\" width=\"500\" title=\"\u1eb8gb\u1eb9 iboju 35\" onerror=\"this.style.display='none'\">\n\t\t\t\t<\/a>\n\t\t<h3><a href=\"\/yo\/oro\/covid-19-awon-olusewadi-aarin\/\" target=\"_self\" rel=\"noopener\">Aw\u1ecdn orisun COVID-19<\/a><\/h3>\t\t\n\t\t\t\t<a href=\"\/yo\/oro\/abele-ebi-iwa-ipa\/\" target=\"_self\" itemprop=\"url\" rel=\"noopener\">\n\t\t\t\t<img loading=\"lazy\" decoding=\"async\" src=\"https:\/\/211md.org\/wp-content\/uploads\/bb-plugin\/cache\/Mask-Group-39@2x-circle-b2589197a13c791d910f46dd10b27a87-.png\" alt=\"\u1eccw\u1ecd meji meji di ara w\u1ecdn mu\" itemprop=\"image\" height=\"500\" width=\"500\" title=\"\u1eb8gb\u1eb9 boju 39@2x\" onerror=\"this.style.display='none'\">\n\t\t\t\t<\/a>\n\t\t<h3><a href=\"\/yo\/oro\/abele-ebi-iwa-ipa\/\" target=\"_self\" rel=\"noopener\">Abele \/ \u00ccd\u00edl\u00e9 Iwa-ipa<\/a><\/h3>\t\t\n\t\t\t\t<a href=\"\/yo\/oro\/wiwa-oojo\/\" target=\"_self\" itemprop=\"url\" rel=\"noopener\">\n\t\t\t\t<img loading=\"lazy\" decoding=\"async\" src=\"https:\/\/211md.org\/wp-content\/uploads\/bb-plugin\/cache\/Employment-circle-bf72562329e950df948954f5d3f44b2e-.png\" alt=\"Mekaniki \u1ecdk\u1ecd ay\u1ecdk\u1eb9l\u1eb9 kan\" itemprop=\"image\" height=\"500\" width=\"500\" title=\"Igbanisise\" onerror=\"this.style.display='none'\">\n\t\t\t\t<\/a>\n\t\t<h3><a href=\"\/yo\/oro\/wiwa-oojo\/\" target=\"_self\" rel=\"noopener\">Igbanisise<\/a><\/h3>\t\t\n\t\t\t\t<a href=\"\/yo\/oro\/itoju-ilera\/\" target=\"_self\" itemprop=\"url\" rel=\"noopener\">\n\t\t\t\t<img loading=\"lazy\" decoding=\"async\" src=\"https:\/\/211md.org\/wp-content\/uploads\/bb-plugin\/cache\/Mask-Group-35@2x-circle-94be10c13e4adae1683b4589dc2f5b2f-.png\" alt=\"Dokita ti n wo \u1eb9s\u1eb9 aw\u1ecdn \u1ecdm\u1ecdkunrin\" itemprop=\"image\" height=\"500\" width=\"500\" title=\"\u1eb8gb\u1eb9 boju 35@2x\" onerror=\"this.style.display='none'\">\n\t\t\t\t<\/a>\n\t\t<h3><a href=\"\/yo\/oro\/itoju-ilera\/\" target=\"_self\" rel=\"noopener\">It\u1ecdju Ilera<\/a><\/h3>\t\t\n\t\t\t\t<a href=\"\/yo\/oro\/ounje\/\" target=\"_self\" itemprop=\"url\" rel=\"noopener\">\n\t\t\t\t<img loading=\"lazy\" decoding=\"async\" src=\"https:\/\/211md.org\/wp-content\/uploads\/bb-plugin\/cache\/Mask-Group-32@2x-circle-1c6d647dcaf998fa079d26735cedc92b-.png\" alt=\"Aw\u1ecdn \u1eb9f\u1ecd titun\" itemprop=\"image\" height=\"500\" width=\"500\" title=\"\u1eb8gb\u1eb9 boju 32@2x\" onerror=\"this.style.display='none'\">\n\t\t\t\t<\/a>\n\t\t<h3><a href=\"\/yo\/oro\/ounje\/\" target=\"_self\" rel=\"noopener\">Ounj\u1eb9<\/a><\/h3>\t\t\n\t\t\t\t<a href=\"\/yo\/oro\/ibugbe-ibugbe\/\" target=\"_self\" itemprop=\"url\" rel=\"noopener\">\n\t\t\t\t<img loading=\"lazy\" decoding=\"async\" src=\"https:\/\/211md.org\/wp-content\/uploads\/bb-plugin\/cache\/Mask-Group-34@2x-circle-b99c55fc16ef21f35e2f2a1f7cc37b9a-.png\" alt=\"Iy\u1eb9wu eka balikoni\" itemprop=\"image\" height=\"500\" width=\"500\" title=\"Iy\u1eb9wu-Complex\" onerror=\"this.style.display='none'\">\n\t\t\t\t<\/a>\n\t\t<h3><a href=\"\/yo\/oro\/ibugbe-ibugbe\/\" target=\"_self\" rel=\"noopener\">Ibugbe &amp; Koseemani<\/a><\/h3>\t\t\n\t\t\t\t<a href=\"\/yo\/tuntun-si-wa-ati-maryland\/\" target=\"_self\" itemprop=\"url\" rel=\"noopener\">\n\t\t\t\t<img loading=\"lazy\" decoding=\"async\" src=\"https:\/\/211md.org\/wp-content\/uploads\/bb-plugin\/cache\/American-flag-circle-0016cc327e27ef7aeb080f1da6c6e98b-.jpg\" alt=\"American Flag\" itemprop=\"image\" height=\"364\" width=\"1366\" title=\"American-flag\" onerror=\"this.style.display='none'\">\n\t\t\t\t<\/a>\n\t\t<h3><a href=\"\/yo\/tuntun-si-wa-ati-maryland\/\" target=\"_self\" rel=\"noopener\">I\u1e63il\u1ecd<\/a><\/h3>\t\t\n\t\t\t\t<a href=\"\/yo\/oro\/ofin-awon-i%e1%b9%a3e\/\" target=\"_self\" itemprop=\"url\" rel=\"noopener\">\n\t\t\t\t<img loading=\"lazy\" decoding=\"async\" src=\"https:\/\/211md.org\/wp-content\/uploads\/bb-plugin\/cache\/Housing-Legal-circle-9a8f3c1c72c54b6e1ce612d2993c1ad4-.png\" alt=\"Ofin gavel p\u1eb9lu kan ike awo\u1e63e ti a ile t\u00f3k\u00e0n si o\" itemprop=\"image\" height=\"348\" width=\"460\" title=\"Ofin Ile\" onerror=\"this.style.display='none'\">\n\t\t\t\t<\/a>\n\t\t<h3><a href=\"\/yo\/oro\/ofin-awon-i%e1%b9%a3e\/\" target=\"_self\" rel=\"noopener\">Aw\u1ecdn i\u1e63\u1eb9 ofin<\/a><\/h3>\t\t\n\t\t\t\t<a href=\"\/yo\/oro\/opolo-ilera\/\" target=\"_self\" itemprop=\"url\" rel=\"noopener\">\n\t\t\t\t<img loading=\"lazy\" decoding=\"async\" src=\"https:\/\/211md.org\/wp-content\/uploads\/bb-plugin\/cache\/Mask-Group-40@2x-circle-7bd9426367852fb3d841bc4bdc57a550-.png\" alt=\"Aw\u1ecdn profaili ti \u1ecdkunrin kan ati obinrin\" itemprop=\"image\" height=\"500\" width=\"500\" title=\"\u1eb8gb\u1eb9 boju 40@2x\" onerror=\"this.style.display='none'\">\n\t\t\t\t<\/a>\n\t\t<h3><a href=\"\/yo\/oro\/opolo-ilera\/\" target=\"_self\" rel=\"noopener\">Opolo Health<\/a><\/h3>\t\t\n\t\t\t\t<a href=\"\/yo\/ikorira\/\" target=\"_self\" itemprop=\"url\" rel=\"noopener\">\n\t\t\t\t<img loading=\"lazy\" decoding=\"async\" src=\"https:\/\/211md.org\/wp-content\/uploads\/bb-plugin\/cache\/Background-section-MDStophate-circle-08e2bae1cf9f2ad6cc83e01e23da8cb9-.jpg\" alt=\"Background-apakan-MDStophate\" itemprop=\"image\" height=\"768\" width=\"1366\" title=\"Background-apakan-MDStophate\" onerror=\"this.style.display='none'\">\n\t\t\t\t<\/a>\n\t\t<h3><a href=\"\/yo\/ikorira\/\" target=\"_self\" rel=\"noopener\">Duro Ikorira<\/a><\/h3>\t\t\n\t\t\t\t<a href=\"\/yo\/oro\/lilo-nkan-elo\/\" target=\"_self\" itemprop=\"url\" rel=\"noopener\">\n\t\t\t\t<img loading=\"lazy\" decoding=\"async\" src=\"https:\/\/211md.org\/wp-content\/uploads\/bb-plugin\/cache\/Substance-Use-circle-ad2d564932dc31267e0c32a6fb2d915c-.png\" alt=\"Aw\u1ecdn oogun fif\u1ecd \u1ecdw\u1ecd\" itemprop=\"image\" height=\"500\" width=\"500\" title=\"Nkan-Lilo\" onerror=\"this.style.display='none'\">\n\t\t\t\t<\/a>\n\t\t<h3><a href=\"\/yo\/oro\/lilo-nkan-elo\/\" target=\"_self\" rel=\"noopener\">Ohun elo Lilo<\/a><\/h3>\t\t\n\t\t\t\t<a href=\"\/yo\/oro\/ori-awon-i%e1%b9%a3e\/\" target=\"_self\" itemprop=\"url\" rel=\"noopener\">\n\t\t\t\t<img loading=\"lazy\" decoding=\"async\" src=\"https:\/\/211md.org\/wp-content\/uploads\/bb-plugin\/cache\/Mask-Group-34-circle-166a606e37e61188c9a17d5e634cda3c-.png\" alt=\"Eniyan \u00e0gb\u00e1ye jade owo oya-ori iwe\" itemprop=\"image\" height=\"500\" width=\"500\" title=\"\u1eb8gb\u1eb9 iboju 34\" onerror=\"this.style.display='none'\">\n\t\t\t\t<\/a>\n\t\t<h3><a href=\"\/yo\/oro\/ori-awon-i%e1%b9%a3e\/\" target=\"_self\" rel=\"noopener\">Aw\u1ecdn i\u1e63\u1eb9-ori<\/a><\/h3>\t\t\n\t\t\t\t<a href=\"\/yo\/oro\/iranlowo-ohun-elo\/\" target=\"_self\" itemprop=\"url\" rel=\"noopener\">\n\t\t\t\t<img loading=\"lazy\" decoding=\"async\" src=\"https:\/\/211md.org\/wp-content\/uploads\/bb-plugin\/cache\/Mask-Group-37@2x-circle-9661a11b9c4082079c9a1f06bc539567-.png\" alt=\"Atupa ina soke\" itemprop=\"image\" height=\"500\" width=\"500\" title=\"\u1eb8gb\u1eb9 boju 37@2x\" onerror=\"this.style.display='none'\">\n\t\t\t\t<\/a>\n\t\t<h3><a href=\"\/yo\/oro\/iranlowo-ohun-elo\/\" target=\"_self\" rel=\"noopener\">Iranl\u1ecdw\u1ecd IwUlO<\/a><\/h3>\t\t\n\t\t\t\t<a href=\"\/yo\/oro\/ogbo\/\" target=\"_self\" itemprop=\"url\" rel=\"noopener\">\n\t\t\t\t<img loading=\"lazy\" decoding=\"async\" src=\"https:\/\/211md.org\/wp-content\/uploads\/bb-plugin\/cache\/Veterans-circle-b5b2b017288a5af0f61a41d0f31d0f82-.png\" alt=\"\u1eccm\u1ecd-ogun ti nm\u00ec \u1ecdw\u1ecd \u1eb9nikan ti o r\u1eb9rin mus\u1eb9\" itemprop=\"image\" height=\"500\" width=\"500\" title=\"Ogbo\" onerror=\"this.style.display='none'\">\n\t\t\t\t<\/a>\n\t\t<h3><a href=\"\/yo\/oro\/ogbo\/\" target=\"_self\" rel=\"noopener\">Ogbo<\/a><\/h3>","protected":false},"excerpt":{"rendered":"<p>Ti o ba nilo iranl\u1ecdw\u1ecd ti o kun iwe oogun, ipinl\u1eb9 wa, aw\u1ecdn eto iranl\u1ecdw\u1ecd alaisan elegbogi ati aw\u1ecdn \u1eb9gb\u1eb9 ti ko ni ere ti agbegbe ti o le dinku idiyele oogun. T\u1eb9 211 lati wa orisun ti o dara jul\u1ecd fun ipo r\u1eb9. O tun le wa aw\u1ecdn eto iranl\u1ecdw\u1ecd oogun oogun ni aaye data 211. Aw\u1ecdn \u1eb9dinwo oogun Kaadi Maryland Rx j\u1eb9 \u1ecdf\u1eb9\u2026<\/p>","protected":false},"author":8,"featured_media":1119,"parent":838,"menu_order":0,"comment_status":"closed","ping_status":"closed","template":"","meta":{"footnotes":""},"class_list":["post-1105","page","type-page","status-publish","has-post-thumbnail","hentry"],"_links":{"self":[{"href":"https:\/\/211md.org\/yo\/wp-json\/wp\/v2\/pages\/1105","targetHints":{"allow":["GET"]}}],"collection":[{"href":"https:\/\/211md.org\/yo\/wp-json\/wp\/v2\/pages"}],"about":[{"href":"https:\/\/211md.org\/yo\/wp-json\/wp\/v2\/types\/page"}],"author":[{"embeddable":true,"href":"https:\/\/211md.org\/yo\/wp-json\/wp\/v2\/users\/8"}],"replies":[{"embeddable":true,"href":"https:\/\/211md.org\/yo\/wp-json\/wp\/v2\/comments?post=1105"}],"version-history":[{"count":1,"href":"https:\/\/211md.org\/yo\/wp-json\/wp\/v2\/pages\/1105\/revisions"}],"predecessor-version":[{"id":33910,"href":"https:\/\/211md.org\/yo\/wp-json\/wp\/v2\/pages\/1105\/revisions\/33910"}],"up":[{"embeddable":true,"href":"https:\/\/211md.org\/yo\/wp-json\/wp\/v2\/pages\/838"}],"wp:featuredmedia":[{"embeddable":true,"href":"https:\/\/211md.org\/yo\/wp-json\/wp\/v2\/media\/1119"}],"wp:attachment":[{"href":"https:\/\/211md.org\/yo\/wp-json\/wp\/v2\/media?parent=1105"}],"curies":[{"name":"wp","href":"https:\/\/api.w.org\/{rel}","templated":true}]}}