{"id":1108,"date":"2021-04-19T14:52:35","date_gmt":"2021-04-19T14:52:35","guid":{"rendered":"https:\/\/211md.org\/?page_id=1108"},"modified":"2026-04-04T10:04:52","modified_gmt":"2026-04-04T14:04:52","slug":"medikaidi","status":"publish","type":"page","link":"https:\/\/211md.org\/yo\/resources\/health-care\/medicaid\/","title":{"rendered":"How Maryland Medicaid Works"},"content":{"rendered":"<figure data-animation-delay=\"0\" data-animation-duration=\"1\" itemscope itemtype=\"https:\/\/schema.org\/ImageObject\">\n\t\t\t\t<img decoding=\"async\" src=\"https:\/\/stg-maryland211-staging.kinsta.cloud\/wp-content\/uploads\/2025\/08\/5-1-scaled.png\" alt=\"5\" height=\"692\" width=\"2560\" title=\"5\" onerror=\"this.style.display='none'\" loading=\"lazy\" \/>\n\t<\/figure>\n\t\t<p>Medicaid is available to individuals and families with limited income and resources, including pregnant women and some immigrants.<\/p>\n<p>Children up to age 19 may qualify for Medicaid coverage through the Maryland Children&#8217;s Health Program (MCHP), even if their parents don&#8217;t qualify.<\/p>\n<p>Unlike most health plans, enrollment is available year-round.<\/p>\n<p>If you need help applying for Medicaid or finding the right plan, dial 211 or connect with a Medicaid navigator program.<\/p>\n\t\t\t<a href=\"#help\"  target=\"_self\">\n\t\t\t\t\t\t\tGet Help With Medicaid\n\t\t\t\t\t<\/a>\n<figure data-animation-delay=\"0\" data-animation-duration=\"1\" itemscope itemtype=\"https:\/\/schema.org\/ImageObject\">\n\t\t\t\t<img decoding=\"async\" src=\"https:\/\/211md.org\/wp-content\/plugins\/bb-plugin\/img\/pixel.png\" alt=\"\" onerror=\"this.style.display='none'\" loading=\"lazy\" \/>\n\t<\/figure>\n<figure data-animation-delay=\"0\" data-animation-duration=\"1.3\" itemscope itemtype=\"https:\/\/schema.org\/ImageObject\">\n\t\t\t\t<img decoding=\"async\" src=\"https:\/\/stg-maryland211-staging.kinsta.cloud\/wp-content\/uploads\/2025\/08\/16.png\" alt=\"16\" height=\"1000\" width=\"1000\" title=\"16\" onerror=\"this.style.display='none'\" loading=\"lazy\" \/>\n\t<\/figure>\n<figure itemscope itemtype=\"https:\/\/schema.org\/ImageObject\">\n\t\t\t\t<img decoding=\"async\" src=\"http:\/\/211md.org\/wp-content\/uploads\/2022\/11\/shutterstock_379214491.jpg\" alt=\"girl playing with doctor\" title=\"D\u00f3k\u00edt\u00e0,Otologist,Palying,P\u1eb9lu,Re, Alaisan,Lilo,Otoscope\" onerror=\"this.style.display='none'\" loading=\"lazy\" \/>\n\t<\/figure>\n\t\t<h3>Who Qualifies for Medicaid?<\/h3>\n\t\t<p>Medicaid is typically available to those who financially qualify and are:<\/p>\n<ul>\n<li>An adult 20-64 years old<\/li>\n<li>A child 0-19 years old<\/li>\n<li>Pregnant individual<\/li>\n<li>Parent or primary caretaker<\/li>\n<li>Former foster care youth<\/li>\n<\/ul>\n<p>If you receive other types of public assistance, you may automatically be offered Medicaid.<\/p>\n<p>Medicaid costs are income-based and depend on family size. To get an idea of whether you qualify, recent guidelines indicate that coverage is available for a family of four with children at incomes up to $8,855 per month. However, eligibility changes. <a href=\"https:\/\/www.marylandhealthconnection.gov\/how-to-enroll\/medicaid\/\" target=\"_blank\" rel=\"noopener\">View the latest guidelines<\/a>.<\/p>\n\t\t\t<a href=\"https:\/\/www.marylandhealthconnection.gov\/\" target=\"_blank\" rel=\"noopener\">\n\t\t\t\t\t\t\tWaye\n\t\t\t<\/a>\n\t<h3>Pregnant Women<\/h3>\n<p>While pregnant, you may be eligible for Medicaid. You can apply at any time during the pregnancy. Coverage also extends past birth for 12 months, so you have time to access postpartum and other health services.<\/p>\n<p>There are income limits.<\/p>\n\t\t<h3>Are Immigrants Eligible for Medicaid?<\/h3>\n\t\t<p>Depending on your immigration status, you may be able to apply for Medicaid. You typically qualify if you&#8217;ve lawfully been in the U.S. for 5 years.<\/p>\n<p>However, children under 21 are not subject to the 5-year rule. Also,\u00a0pregnant women (regardless of immigration status) are eligible for Medicaid.<\/p>\n<p>You don&#8217;t need a Social Security Number (SSN) or Taxpayer Identification Number to apply. If you request financial help and file taxes, you will be asked for your SSN.<\/p>\n<p>Federal rules are changing, including the qualifications for financial help with a private plan. You can still apply, but costs may go up.<\/p>\n<p>Read the Maryland Health Connection Frequently Asked Questions (FAQs) about immigration status.<\/p>\n\t\t\t<a href=\"https:\/\/www.marylandhealthconnection.gov\/health-coverage\/immigrant-families\/\" target=\"_blank\" rel=\"noopener\">\n\t\t\t\t\t\t\tRead the FAQs\n\t\t\t<\/a>\n<figure itemscope itemtype=\"https:\/\/schema.org\/ImageObject\">\n\t\t\t\t<img decoding=\"async\" src=\"http:\/\/211md.org\/wp-content\/uploads\/2022\/05\/doctor-with-young-child-providing-health-care.jpg\" alt=\"dokita p\u1eb9lu \u1ecdm\u1ecd kekere ti n pese it\u1ecdju ilera\" title=\"dokita-p\u1eb9lu-odo-\u1ecdm\u1ecd-pese-ilera-it\u1ecdju\" onerror=\"this.style.display='none'\" loading=\"lazy\" \/>\n\t<\/figure>\n\t\t<h2>Medicaid for Children<\/h2>\n\t\t<p>Children may qualify for additional Medicaid health benefits under the Maryland Children&#8217;s Health Program (MCHP). It&#8217;s the state&#8217;s Medicaid program for children up to age 19. Costs may vary, depending on income and family size.<\/p>\n<h3>Maryland Children k\u00e1 Health Eto<\/h3>\n<p>Like Medicaid, care is provided by a Managed Care Organization (MCO).<\/p>\n<p>The MCO provides the following benefits for children:<\/p>\n<ul>\n<li>Itoju eh\u00edn<\/li>\n<li>Doctor visits, including sick and well-visits<\/li>\n<li>Aw\u1ecdn ile iwosan<\/li>\n<li>Lab i\u1e63\u1eb9 ati igbeyewo<\/li>\n<li>Opolo ilera support<\/li>\n<li><a href=\"\/yo\/oro\/lilo-nkan-elo\/\">Ohun elo lilo it\u1ecdju<\/a><\/li>\n<li>Aw\u1ecdn aj\u1eb9sara ati aw\u1ecdn ab\u1eb9r\u1eb9 aisan<\/li>\n<li>Oogun oogun<\/li>\n<li>Gbigbe si aw\u1ecdn ipinnu lati pade i\u1e63oogun<\/li>\n<li>Iranran<\/li>\n<\/ul>\n\t\t\t<a href=\"https:\/\/www.marylandhealthconnection.gov\/\" target=\"_blank\" rel=\"noopener\">\n\t\t\t\t\t\t\tWaye\n\t\t\t<\/a>\n\t<h2>How Medicaid Works<\/h2>\n<p>Most people on Medicaid receive care through a Managed Care Organization (MCO).<\/p>\n<p>If you&#8217;re not enrolled in an MCO, your doctor must submit their fee to Medicaid for payment. These are fee-for-service plans.<\/p>\n<h3>What&#8217;s a Managed Care Organization (MCO)?<\/h3>\n<p>MCOs are private insurance companies chosen to provide and manage Medicaid benefits.<\/p>\n<p>The MCO covers your health care.<\/p>\n\t\t<h3>What&#8217;s Covered?<\/h3>\n\t\t<p><a href=\"https:\/\/www.marylandhealthconnection.gov\/after-you-enroll\/medicaid\/what-medicaid-covers\/\" target=\"_blank\" rel=\"noopener\">Most health care services<\/a> are covered by Medicaid.<\/p>\n<p>The MCO covers basic health services:<\/p>\n<ul>\n<li>Aw\u1ecdn ab\u1eb9wo dokita, p\u1eb9lu aw\u1ecdn ay\u1eb9wo deede ati aw\u1ecdn alam\u1ecdja<\/li>\n<li>Itoju oyun<\/li>\n<li>Eto idile ati i\u1e63akoso ibi<\/li>\n<li>Aw\u1ecdn oogun oogun<\/li>\n<li>Ile-iwosan ati aw\u1ecdn i\u1e63\u1eb9 pajawiri<\/li>\n<li>Alakoko\u00a0<a href=\"\/yo\/oro\/opolo-ilera\/\">opolo ilera aw\u1ecdn i\u1e63\u1eb9<\/a>\u00a0nipas\u1eb9 dokita r\u1eb9<\/li>\n<li>Xrays and lab work<\/li>\n<li>Home health services<\/li>\n<\/ul>\n<p>You&#8217;ll also get coverage for dental care under <a href=\"https:\/\/211md.org\/yo\/oro\/itoju-ilera\/itoju-ehin\/\">Maryland&#8217;s Healthy Smiles Program<\/a>.<\/p>\n<h3>Finding an MCO<\/h3>\n<p>You have options for an MCO. Check which providers serve your area and whether your doctors and pharmacy are part of the MCO.<\/p>\n<p>You can also view the additional services that each provides.<\/p>\n<p>View a list of Managed Care Organizations to find the one for your situation.<\/p>\n\t\t\t<a href=\"https:\/\/www.marylandhealthconnection.gov\/assets\/MCO-Comparison-Chart.pdf\" target=\"_blank\" rel=\"noopener\">\n\t\t\t\t\t\tCompare options\n\t\t\t\t\t<\/a>\n\t<h3>How do I get help with enrollment?<\/h3>\n<p>If you have questions, free help is available in counties throughout Maryland. Navigators can answer questions in-person and help you find the most savings, and help with enrollment.<\/p>\n<p>The navigator programs are offered through third parties. Find the one nearest you.<\/p>\n<h4>Far Western Counties<\/h4>\nWhere: Garrett, Allegany, Washington<br \/>\nWho: <a href=\"http:\/\/ahecwest.org\/wmic\" target=\"_blank\" rel=\"noopener\">Western Maryland Health Insurance Connector<\/a> (AHEC West)<br \/>\nPhone: 888-202-0212\n<h4>Mid Western and Central Counties<\/h4>\nWhere: Frederick, Carroll, Howard, Baltimore, Baltimore City, Anne Arundel<br \/>\nWho: <a href=\"http:\/\/healthcareaccessmaryland.org\/how-we-help\/health-insurance\" target=\"_blank\" rel=\"noopener\">Health Care Access Maryland (HCAM)<\/a><br \/>\nPhone: 855-288-3667 and choose the navigator option.\n<h4>Capital North<\/h4>\nWhere: Montgomery<br \/>\nWho: <a href=\"http:\/\/montgomeryhealthconnection.org\" target=\"_blank\" rel=\"noopener\">Montgomery County Health Connection<\/a><br \/>\nPhone: 240-777-1815\n<h4>Capital South<\/h4>\nWhere: Prince George&#8217;s County<br \/>\nWho:\u00a0<a href=\"http:\/\/PGCHealthConnect.org\" target=\"_blank\" rel=\"noopener\">Prince George&#8217;s Health Connect<\/a> (PGC Health Connect)<br \/>\nPhone: 301-927-4500\n<h4>Eastern Shore &amp; Southern<\/h4>\nWhere: Harford, Cecil, Kent, Queen Anne&#8217;s, Talbot, Caroline, Dorchester, Wicomico, Somerset, Worcester, Calvert, Charles, St. Mary&#8217;s<br \/>\nWho: <a href=\"http:\/\/seedco.org\/marylandhealth\" target=\"_blank\" rel=\"noopener\">Seedco<\/a><br \/>\nPhone: 855-445-5540\n<p>Local health departments and departments of social services can also help. You can also call Maryland Health Connection at 1-855-642-8572 or <a href=\"https:\/\/www.marylandhealthconnection.gov\/find-help\/events\/\" target=\"_blank\" rel=\"noopener\">attend a local event<\/a>.<\/p>\n<figure itemscope itemtype=\"https:\/\/schema.org\/ImageObject\">\n\t\t\t\t<img decoding=\"async\" src=\"http:\/\/211md.org\/wp-content\/uploads\/2026\/04\/counselor-helping-someone-choose-a-health-plan.jpg\" alt=\"health counselor offering help at computer\" title=\"counselor helping someone choose a health plan\" onerror=\"this.style.display='none'\" loading=\"lazy\" \/>\n\t<\/figure>\n\t<h2>How Do I Enroll?<\/h2>\n<p>Medicaid enrollment is through Maryland Health Connection.<\/p>\n<h3>What is Maryland Health Connection?<\/h3>\n<p>It&#8217;s a one-stop enrollment resource for Medicaid and private insurance. You can get an <a href=\"https:\/\/app.marylandhealthconnection.gov\/hixui\/public\/home.html#\/getEstimate?lang=en_US&amp;firstTime=1\" target=\"_blank\" rel=\"noopener\">estimate of coverage costs<\/a> before creating an account and applying for a plan.<\/p>\n<h3>Nigbawo \u1e62e Iforuk\u1ecdsil\u1eb9?<\/h3>\n<p>Enrollment is open year-round\u00a0for MCHP and Medicaid, through Maryland Health Connection.<\/p>\n<p>If you become pregnant, you can also enroll in a health plan or change it within 90 days of learning you&#8217;re pregnant.<\/p>\n<p>Olukuluku nilo lati tunse agbegbe w\u1ecdn l\u1eb9\u1eb9kan ni \u1ecddun. Iw\u1ecd yoo kan si \u1ecd nigbati o to akoko fun is\u1ecdd\u1ecdtun r\u1eb9.<\/p>\n<figure itemscope itemtype=\"https:\/\/schema.org\/ImageObject\">\n\t\t\t\t<img decoding=\"async\" src=\"http:\/\/211md.org\/wp-content\/uploads\/2025\/12\/family-in-sweaters-searching-online-for-utility-help.jpg\" alt=\"couple pointing to phone\" title=\"family in sweaters searching online for utility help\" onerror=\"this.style.display='none'\" loading=\"lazy\" \/>\n\t<\/figure>\n\t\t<h3>What is the application process?<\/h3>\n\t\t<p>There are 3 ways to apply for Maryland Medicaid, and the Maryland Children&#8217;s Health Program (MHCP):<\/p>\n<ul>\n<li>Pe 1-855-642-8572<\/li>\n<li>Waye <a href=\"https:\/\/app.marylandhealthconnection.gov\/hixui\/public\/home.html#\/account-create\" target=\"_blank\" rel=\"noopener\">online.<\/a><\/li>\n<li>Download the agency&#8217;s mobile app (Enroll MHC) on <a href=\"https:\/\/apps.apple.com\/us\/app\/maryland-health-connection\/id1138320353?ign-mpt=uo%3D4\" target=\"_blank\" rel=\"noopener\">Apu<\/a>\u00a0tabi <a href=\"https:\/\/play.google.com\/store\/apps\/details?id=com.marylandhealthconnection.mobile&amp;hl=en_US\" target=\"_blank\" rel=\"noopener\">Android<\/a>.<\/li>\n<\/ul>\n<p>After applying for help, you may need to verify your information, such as your income, citizenship, Social Security number, or other coverage.<\/p>\n<p>You may also need to print, sign, and upload an affidavit to prove your information. <a href=\"https:\/\/www.marylandhealthconnection.gov\/after-you-enroll\/submit-documents\/\" target=\"_blank\" rel=\"noopener\">K\u1ecd \u1eb9k\u1ecd di\u1eb9 sii nipa iru aw\u1ecdn iwe a\u1e63\u1eb9<\/a>\u00a0o le lo lati m\u1ecd daju alaye r\u1eb9 ati aw\u1ecdn affidavits ti o le nilo lati y\u1eb9 fun Medikedi.<\/p>\n<p>During the application, you&#8217;ll also choose a Managed Care Organization (MCO).<\/p>\n\t\t\t<a href=\"https:\/\/www.marylandhealthconnection.gov\/\" target=\"_blank\" rel=\"noopener\">\n\t\t\t\t\t\tWaye\n\t\t\t\t\t<\/a>\n\t<h3>Find a Doctor Who Takes Medicaid<\/h3>\n<p>Once you have Medicaid, you can use the Maryland Department of Health&#8217;s <a href=\"https:\/\/health.maryland.gov\/mmcp\/Pages\/provider-finder.aspx\" target=\"_blank\" rel=\"noopener\">Provider Finder<\/a> tool to find a doctor or facility that accepts Medicaid.<\/p>\n<h2>\n\t\t\tj\u1eb9m\u1ecd ilera alaye\t<\/h2>\n<figure itemscope itemtype=\"https:\/\/schema.org\/ImageObject\">\n\t\t\t\t<img decoding=\"async\" src=\"https:\/\/211md.org\/wp-content\/plugins\/bb-plugin\/img\/pixel.png\" alt=\"\" onerror=\"this.style.display='none'\" loading=\"lazy\" \/>\n\t<\/figure>\n\t\t<figure itemscope itemtype=\"https:\/\/schema.org\/ImageObject\">\n\t\t\t\t<img decoding=\"async\" src=\"https:\/\/211md.org\/wp-content\/uploads\/bb-plugin\/cache\/Call-center-specialst-circle-4e9ecd7b3425be4576416abc911049bb-.jpg\" alt=\"Oloye ile-i\u1e63\u1eb9 ipe\" title=\"Ipe aarin pataki\" onerror=\"this.style.display='none'\" loading=\"lazy\" \/>\n\t<\/figure>\n<h2>T\u1eb9 211<\/h2><p>Soro si eniyan abojuto ati aanu 24\/7. W\u1ecdn tun le sop\u1ecd si aw\u1ecdn orisun.\u00a0<\/p>\n\t\t\t<a href=\"tel:%20+211\"  target=\"_blank\" rel=\"noopener\">\n\t\t\t\t\t\tT\u1eb9 211 (alagbeka)\n\t\t\t\t\t<\/a>\n\t\t<h4><a href=\"\/yo\/oro\/ailera-ti-ogbo\/?utm_source=Home&#038;utm_medium=Referral&#038;utm_campaign=211Resources&#038;utm_content=Aging\" target=\"_self\">Ti ogbo &amp; Alaabo<\/a><\/h4><figure itemscope itemtype=\"https:\/\/schema.org\/ImageObject\">\n\t\t\t\t<a href=\"\/yo\/oro\/ailera-ti-ogbo\/?utm_source=Home&#038;utm_medium=Referral&#038;utm_campaign=211Resources&#038;utm_content=Aging\"  target=\"_self\" itemprop=\"url\">\n\t\t\t\t<img decoding=\"async\" src=\"https:\/\/211md.org\/wp-content\/uploads\/bb-plugin\/cache\/2025_MdInfoNet_Icon-Sets_Aging-disability-square-c466727102cae71e5f27b8539bb51945-.png\" alt=\"\" onerror=\"this.style.display='none'\" loading=\"lazy\" \/>\n\t\t\t\t<\/a>\n\t<\/figure>\n\t\t<h4><a href=\"\/yo\/oro\/omo-idile\/?utm_source=Home&#038;utm_medium=Referral&#038;utm_campaign=211Resources&#038;utm_content=Children\" target=\"_self\">Aw\u1ecdn \u1ecdm\u1ecdde &amp; Aw\u1ecdn idile<\/a><\/h4><figure itemscope itemtype=\"https:\/\/schema.org\/ImageObject\">\n\t\t\t\t<a href=\"\/yo\/oro\/omo-idile\/?utm_source=Home&#038;utm_medium=Referral&#038;utm_campaign=211Resources&#038;utm_content=Children\"  target=\"_self\" itemprop=\"url\">\n\t\t\t\t<img decoding=\"async\" src=\"https:\/\/211md.org\/wp-content\/uploads\/bb-plugin\/cache\/2025_211_Icon-Sets_Child-care-square-f3b0d4edab3dcc467fadb5f55f4064c6-.png\" alt=\"parent and child icon for child care\" height=\"417\" width=\"417\" title=\"2025_211_Icon Sets_Child itoju\" onerror=\"this.style.display='none'\" loading=\"lazy\" \/>\n\t\t\t\t<\/a>\n\t<\/figure>\n\t\t<h4><a href=\"\/yo\/oro\/abele-ebi-iwa-ipa\/?utm_source=Home&#038;utm_medium=Referral&#038;utm_campaign=211Resources&#038;utm_content=Domestic\" target=\"_self\">Iwa-ipa Abele<\/a><\/h4><figure itemscope itemtype=\"https:\/\/schema.org\/ImageObject\">\n\t\t\t\t<a href=\"\/yo\/oro\/abele-ebi-iwa-ipa\/?utm_source=Home&#038;utm_medium=Referral&#038;utm_campaign=211Resources&#038;utm_content=Domestic\"  target=\"_self\" itemprop=\"url\">\n\t\t\t\t<img decoding=\"async\" src=\"https:\/\/211md.org\/wp-content\/uploads\/bb-plugin\/cache\/2025_211_Icon-Sets_Domestic-Violence-square-7b597694a6f05fe90cdc376aa573bc63-.png\" alt=\"House with a heart in the middle icon\" height=\"417\" width=\"417\" title=\"2025_211_Icon \u1e62eto_Iwa-ipa Abele\" onerror=\"this.style.display='none'\" loading=\"lazy\" \/>\n\t\t\t\t<\/a>\n\t<\/figure>\n\t\t<h4><a href=\"\/yo\/oro\/wiwa-oojo\/?utm_source=Home&#038;utm_medium=Referral&#038;utm_campaign=211Resources&#038;utm_content=Employment\" target=\"_self\">Igbanisise<\/a><\/h4><figure itemscope itemtype=\"https:\/\/schema.org\/ImageObject\">\n\t\t\t\t<a href=\"\/yo\/oro\/wiwa-oojo\/?utm_source=Home&#038;utm_medium=Referral&#038;utm_campaign=211Resources&#038;utm_content=Employment\"  target=\"_self\" itemprop=\"url\">\n\t\t\t\t<img decoding=\"async\" src=\"https:\/\/211md.org\/wp-content\/uploads\/bb-plugin\/cache\/2025_MdInfoNet_Icon-Sets_Employment-square-44707bd410e4df10a470bf130ebcea86-.png\" alt=\"\" onerror=\"this.style.display='none'\" loading=\"lazy\" \/>\n\t\t\t\t<\/a>\n\t<\/figure>\n\t\t<h4><a href=\"\/yo\/oro\/itoju-ilera\/?utm_source=Home&#038;utm_medium=Referral&#038;utm_campaign=211Resources&#038;utm_content=Health%20Care\" target=\"_self\">It\u1ecdju Ilera<\/a><\/h4><figure itemscope itemtype=\"https:\/\/schema.org\/ImageObject\">\n\t\t\t\t<a href=\"\/yo\/oro\/itoju-ilera\/?utm_source=Home&#038;utm_medium=Referral&#038;utm_campaign=211Resources&#038;utm_content=Health%20Care\"  target=\"_self\" itemprop=\"url\">\n\t\t\t\t<img decoding=\"async\" src=\"https:\/\/211md.org\/wp-content\/uploads\/bb-plugin\/cache\/2025_MdInfoNet_Icon-Sets_Health-Care-square-dee98a0060cbe0e7f27eda253fc12679-.png\" alt=\"\" onerror=\"this.style.display='none'\" loading=\"lazy\" \/>\n\t\t\t\t<\/a>\n\t<\/figure>\n\t\t<h4><a href=\"\/yo\/oro\/tuntun-si-wa-ati-maryland\/?utm_source=Home&#038;utm_medium=Referral&#038;utm_campaign=211Resources&#038;utm_content=Immigration\" target=\"_self\">I\u1e63il\u1ecd<\/a><\/h4><figure itemscope itemtype=\"https:\/\/schema.org\/ImageObject\">\n\t\t\t\t<a href=\"\/yo\/oro\/tuntun-si-wa-ati-maryland\/?utm_source=Home&#038;utm_medium=Referral&#038;utm_campaign=211Resources&#038;utm_content=Immigration\"  target=\"_self\" itemprop=\"url\">\n\t\t\t\t<img decoding=\"async\" src=\"https:\/\/211md.org\/wp-content\/uploads\/bb-plugin\/cache\/2025_MdInfoNet_Icon-Sets_Immigration-square-8b97b7fdfe5e6071405e216855065118-.png\" alt=\"I\u1e63il\u1ecd icon\" title=\"2025_MdInfoNet_Icon-Sets_Immigration\" onerror=\"this.style.display='none'\" loading=\"lazy\" \/>\n\t\t\t\t<\/a>\n\t<\/figure>\n\t\t<h4><a href=\"\/yo\/oro\/omo-idile\/itoju-ibatan\/?utm_source=Home&#038;utm_medium=Referral&#038;utm_campaign=211Resources&#038;utm_content=Kinship\" target=\"_self\">\u00ccb\u00e1tan<\/a><\/h4><figure itemscope itemtype=\"https:\/\/schema.org\/ImageObject\">\n\t\t\t\t<a href=\"\/yo\/oro\/omo-idile\/itoju-ibatan\/?utm_source=Home&#038;utm_medium=Referral&#038;utm_campaign=211Resources&#038;utm_content=Kinship\"  target=\"_self\" itemprop=\"url\">\n\t\t\t\t<img decoding=\"async\" src=\"https:\/\/211md.org\/wp-content\/uploads\/bb-plugin\/cache\/2025_211_Icon-Sets_Kinship-square-45bdf872866f5735f842c32071109267-.png\" alt=\"Aami ibatan\" height=\"417\" width=\"417\" title=\"2025_211_Icon Sets_Kinship\" onerror=\"this.style.display='none'\" loading=\"lazy\" \/>\n\t\t\t\t<\/a>\n\t<\/figure>\n\t\t<h4><a href=\"\/yo\/oro\/ofin-awon-i%e1%b9%a3e\/?utm_source=Home&#038;utm_medium=Referral&#038;utm_campaign=211Resources&#038;utm_content=Legal\" target=\"_self\">Aw\u1ecdn i\u1e63\u1eb9 ofin<\/a><\/h4><figure itemscope itemtype=\"https:\/\/schema.org\/ImageObject\">\n\t\t\t\t<a href=\"\/yo\/oro\/ofin-awon-i%e1%b9%a3e\/?utm_source=Home&#038;utm_medium=Referral&#038;utm_campaign=211Resources&#038;utm_content=Legal\"  target=\"_self\" itemprop=\"url\">\n\t\t\t\t<img decoding=\"async\" src=\"https:\/\/211md.org\/wp-content\/uploads\/bb-plugin\/cache\/2025_MdInfoNet_Icon-Sets_Legal-square-18fdf438feb8435588174d9046463257-.png\" alt=\"\" onerror=\"this.style.display='none'\" loading=\"lazy\" \/>\n\t\t\t\t<\/a>\n\t<\/figure>\n\t\t<h4><a href=\"\/yo\/oro\/opolo-ilera\/?utm_source=Home&#038;utm_medium=Referral&#038;utm_campaign=211Resources&#038;utm_content=Mental\" target=\"_self\">Opolo Health<\/a><\/h4><figure itemscope itemtype=\"https:\/\/schema.org\/ImageObject\">\n\t\t\t\t<a href=\"\/yo\/oro\/opolo-ilera\/?utm_source=Home&#038;utm_medium=Referral&#038;utm_campaign=211Resources&#038;utm_content=Mental\"  target=\"_self\" itemprop=\"url\">\n\t\t\t\t<img decoding=\"async\" src=\"https:\/\/211md.org\/wp-content\/uploads\/bb-plugin\/cache\/2025_MdInfoNet_Icon-Sets_Mental-Health-square-c59b38c4a993a947d4c9280fbe2d2fee-.png\" alt=\"\" onerror=\"this.style.display='none'\" loading=\"lazy\" \/>\n\t\t\t\t<\/a>\n\t<\/figure>\n\t\t<h4><a href=\"\/yo\/oro\/ogbon-inu\/?utm_source=Home&#038;utm_medium=Referral&#038;utm_campaign=211Resources&#038;utm_content=Reentry\" target=\"_self\">Atunw\u1ecdle<\/a><\/h4><figure itemscope itemtype=\"https:\/\/schema.org\/ImageObject\">\n\t\t\t\t<a href=\"\/yo\/oro\/ogbon-inu\/?utm_source=Home&#038;utm_medium=Referral&#038;utm_campaign=211Resources&#038;utm_content=Reentry\"  target=\"_self\" itemprop=\"url\">\n\t\t\t\t<img decoding=\"async\" src=\"https:\/\/211md.org\/wp-content\/uploads\/bb-plugin\/cache\/2025_211_Icon-Sets_Reentry-square-8676fea38abd920a832f45642fe31cca-.png\" alt=\"Aami iw\u1ecdle\" height=\"417\" width=\"417\" title=\"2025_211_Icon Sets_Reentry\" onerror=\"this.style.display='none'\" loading=\"lazy\" \/>\n\t\t\t\t<\/a>\n\t<\/figure>\n\t\t<h4><a href=\"\/yo\/oro\/lilo-nkan-elo\/?utm_source=Home&#038;utm_medium=Referral&#038;utm_campaign=211Resources&#038;utm_content=Substance\" target=\"_self\">Ohun elo Lilo<\/a><\/h4><figure itemscope itemtype=\"https:\/\/schema.org\/ImageObject\">\n\t\t\t\t<a href=\"\/yo\/oro\/lilo-nkan-elo\/?utm_source=Home&#038;utm_medium=Referral&#038;utm_campaign=211Resources&#038;utm_content=Substance\"  target=\"_self\" itemprop=\"url\">\n\t\t\t\t<img decoding=\"async\" src=\"https:\/\/211md.org\/wp-content\/uploads\/bb-plugin\/cache\/2025_MdInfoNet_Icon-Sets_Substance-Abuse-square-4f414f085e657267739c181957754f48-.png\" alt=\"Pills for substance Use icon\" title=\"2025_MdInfoNet_Icon-Sets_Substance-Abuse\" onerror=\"this.style.display='none'\" loading=\"lazy\" \/>\n\t\t\t\t<\/a>\n\t<\/figure>\n\t\t<h4><a href=\"\/yo\/oro\/ogbo\/?utm_source=Home&#038;utm_medium=Referral&#038;utm_campaign=211Resources&#038;utm_content=Veterans\" target=\"_self\">Ogbo<\/a><\/h4><figure itemscope itemtype=\"https:\/\/schema.org\/ImageObject\">\n\t\t\t\t<a href=\"\/yo\/oro\/ogbo\/?utm_source=Home&#038;utm_medium=Referral&#038;utm_campaign=211Resources&#038;utm_content=Veterans\"  target=\"_self\" itemprop=\"url\">\n\t\t\t\t<img decoding=\"async\" src=\"https:\/\/211md.org\/wp-content\/uploads\/bb-plugin\/cache\/2025_MdInfoNet_Icon-Sets_Rating-square-6e60d00cce4faa8e0a6d4ad7366aa733-.png\" alt=\"\" onerror=\"this.style.display='none'\" loading=\"lazy\" \/>\n\t\t\t\t<\/a>\n\t<\/figure>","protected":false},"excerpt":{"rendered":"<p>Medicaid is available to individuals and families with limited income and resources, including pregnant women and some immigrants. Children up to age 19 may qualify for Medicaid coverage through the Maryland Children&#8217;s Health Program (MCHP), even if their parents don&#8217;t qualify. Unlike most health plans, enrollment is available year-round. If you need help applying for&hellip;<\/p>","protected":false},"author":8,"featured_media":1307,"parent":838,"menu_order":0,"comment_status":"closed","ping_status":"closed","template":"","meta":{"footnotes":""},"class_list":["post-1108","page","type-page","status-publish","has-post-thumbnail","hentry"],"_links":{"self":[{"href":"https:\/\/211md.org\/yo\/wp-json\/wp\/v2\/pages\/1108","targetHints":{"allow":["GET"]}}],"collection":[{"href":"https:\/\/211md.org\/yo\/wp-json\/wp\/v2\/pages"}],"about":[{"href":"https:\/\/211md.org\/yo\/wp-json\/wp\/v2\/types\/page"}],"author":[{"embeddable":true,"href":"https:\/\/211md.org\/yo\/wp-json\/wp\/v2\/users\/8"}],"replies":[{"embeddable":true,"href":"https:\/\/211md.org\/yo\/wp-json\/wp\/v2\/comments?post=1108"}],"version-history":[{"count":11,"href":"https:\/\/211md.org\/yo\/wp-json\/wp\/v2\/pages\/1108\/revisions"}],"predecessor-version":[{"id":34481,"href":"https:\/\/211md.org\/yo\/wp-json\/wp\/v2\/pages\/1108\/revisions\/34481"}],"up":[{"embeddable":true,"href":"https:\/\/211md.org\/yo\/wp-json\/wp\/v2\/pages\/838"}],"wp:featuredmedia":[{"embeddable":true,"href":"https:\/\/211md.org\/yo\/wp-json\/wp\/v2\/media\/1307"}],"wp:attachment":[{"href":"https:\/\/211md.org\/yo\/wp-json\/wp\/v2\/media?parent=1108"}],"curies":[{"name":"wp","href":"https:\/\/api.w.org\/{rel}","templated":true}]}}