{"id":1115,"date":"2021-04-19T16:17:02","date_gmt":"2021-04-19T16:17:02","guid":{"rendered":"https:\/\/211md.org\/?page_id=1115"},"modified":"2024-12-20T12:32:06","modified_gmt":"2024-12-20T17:32:06","slug":"ayalegbe-awon-eto","status":"publish","type":"page","link":"https:\/\/211md.org\/yo\/resources\/legal-services\/tenants-rights\/","title":{"rendered":"Bawo ni Aw\u1ecdn ayalegbe\/Ayalegbe \u1e62e le Gba Iranl\u1ecdw\u1ecd P\u1eb9lu Aw\u1ecdn ariyanjiyan Onile"},"content":{"rendered":"<img loading=\"lazy\" decoding=\"async\" src=\"https:\/\/211md.org\/wp-content\/uploads\/2021\/05\/Key-Handoff.png\" alt=\"Onile nfi aw\u1ecdn k\u1ecdk\u1ecdr\u1ecd si ayalegbe\" itemprop=\"image\" height=\"348\" width=\"460\" title=\"Ifiweran\u1e63\u1eb9 b\u1ecdtini\" onerror=\"this.style.display='none'\"  \/>\n\t<p>\u00c0r\u00edy\u00e0njiy\u00e0n ay\u00e1l\u00e9gb\u00e9 j\u1eb9\u0301 \u1ecd\u0300kan l\u00e1ra \u00e0w\u1ecdn \u1eb9\u0300s\u00f9n t\u00ed \u00f3 w\u1ecd\u0301p\u1ecd\u0300 j\u00f9 l\u1ecd s\u00ed \u1ecc\u0301f\u00ed\u00ecs\u00ec Attorney General\u2019s Office. G\u1eb9g\u1eb9bi ayalegbe, o ni aw\u1ecdn \u1eb9t\u1ecd kan, aw\u1ecdn adehun ati aw\u1ecdn atun\u1e63e ti o wa lab\u1eb9 ofin Maryland. Aw\u1ecdn aabo agbegbe tun le wa tabi aw\u1ecdn ilana ti o yat\u1ecd die-die fun ipinnu ariyanjiyan onile.<\/p>\n<h2>W\u1ecdp\u1ecd onile-ay\u00e1l\u00e9gb\u00e9 \u00e0r\u00edy\u00e0njiy\u00e0n<\/h2>\n<p>Aw\u1ecdn ayalegbe ati aw\u1ecdn onile le tako lori:<\/p>\n<ul>\n<li>owo elo<\/li>\n<li>iyalo<\/li>\n<li>iyalo<\/li>\n<li>aw\u1ecdn ohun idogo aabo<\/li>\n<li>\u1eb9t\u1ecd lati gba ohun-ini<\/li>\n<li>ya renewals<\/li>\n<li>kikan a ya<\/li>\n<li>iyalo escrow<\/li>\n<li>ikuna lati \u1e63e aw\u1ecdn atun\u1e63e<\/li>\n<li>onile retaliation<\/li>\n<li>asiwaju-orisun kun ewu<\/li>\n<li>il\u1ecdkuro<\/li>\n<\/ul>\n<p><a href=\"https:\/\/www.marylandattorneygeneral.gov\/CPD%20Documents\/Tips-Publications\/landlordTenantPDF.pdf\" target=\"_blank\" rel=\"noopener\"><strong>Yi Attorney General It\u1ecds\u1ecdna<\/strong><\/a> nfunni aw\u1ecdn im\u1ecdran fun yago fun ati \u1e63akoso aw\u1ecdn ariyanjiyan ti o w\u1ecdp\u1ecd. O p\u1eb9lu aw\u1ecdn oju i\u1e63\u1eb9l\u1eb9 ti o w\u1ecdp\u1ecd ati pe o funni ni aw\u1ecdn \u1ecdna ti o p\u1ecdju lati mu ipo naa.<\/p>\n<h2>Bii o \u1e63e le \u1e63e it\u1ecdju Ile ti ko ni aabo Ati Aw\u1ecdn atun\u1e63e Yiyalo<\/h2>\n<p>Ti o ba ni abaw\u1ecdn to \u1e63e pataki tabi ti o lewu ninu iy\u1eb9wu r\u1eb9 tabi ile iyalo, aw\u1ecdn ayalegbe ni aw\u1ecdn \u1eb9t\u1ecd kan nitori aw\u1ecdn onile ni aw\u1ecdn adehun kan lab\u1eb9 ofin.<\/p>\n<p>O le ni anfani lati:<\/p>\n<ul>\n<li>Lo ak\u1ecd\u1ecdl\u1eb9 escrow ti Ile-\u1eb9j\u1ecd Agbegbe ba \u1e63eto.<\/li>\n<li>Gba a\u1e63\u1eb9 kan.<\/li>\n<\/ul>\n<h4>Escrow iroyin<\/h4>\n<p>Ti Ile-\u1eb9j\u1ecd Agbegbe ba \u1e63eto ak\u1ecd\u1ecdl\u1eb9 escrow kan, iw\u1ecd yoo fi owo iyalo pam\u1ecd dipo sisanwo iyalo onile ni o\u1e63u k\u1ecd\u1ecdkan. Sib\u1eb9sib\u1eb9, aw\u1ecdn ipo kan pato wa ati aw\u1ecdn ibeere akiyesi eyiti o le lo ak\u1ecd\u1ecdl\u1eb9 escrow naa.<\/p>\n<p>Lakoko ti ile-\u1eb9j\u1ecd yoo pinnu ti ipo kan ba \u1e63e atil\u1eb9yin ak\u1ecd\u1ecdl\u1eb9 escrow, o j\u1eb9 igbagbogbo lo fun aw\u1ecdn abaw\u1ecdn to \u1e63e pataki ati ti o lewu. Eyi le p\u1eb9lu \u1e63ugb\u1ecdn ko ni opin:<\/p>\n<ul>\n<li>rodent infestation ni meji tabi di\u1eb9 \u1eb9 sii sipo<\/li>\n<li>asiwaju-orisun kun ewu<\/li>\n<li>aini is\u1ecdnu omi idoti to peye<\/li>\n<li>aini ti ooru, ina, ina tabi omi ti o ba ti onile j\u1eb9 lodidi fun fifi o lori.<\/li>\n<\/ul>\n<p>Ko \u1e63e aabo aini af\u1eb9f\u1eb9 af\u1eb9f\u1eb9, yiya ati yiya deede tabi aw\u1ecdn irufin koodu ile miiran ti ko lewu.<\/p>\n<h4>Ilana<\/h4>\n<p>Ilana kan le j\u1eb9 a\u1e63ayan miiran. Iy\u1eb9n j\u1eb9 \u1eb9b\u1eb9 lati j\u1eb9 ki ile-\u1eb9j\u1ecd pa\u1e63\u1eb9 fun onile lati tun tabi \u1e63atun\u1e63e aw\u1ecdn ipo ti o kan.<\/p>\n<p>Fun alaye di\u1eb9 sii, p\u1eb9lu ilana alaye fun fifun akiyesi ati iforuk\u1ecdsil\u1eb9 p\u1eb9lu ile-\u1eb9j\u1ecd, \u1e63e ay\u1eb9wo naa\u00a0<a href=\"https:\/\/mvlslaw.org\/wp-content\/uploads\/2018\/09\/Unsafe-Housing-Conditions-Remedies.pdf\" target=\"_blank\" rel=\"noopener\">Maryland Volunteer Lawyers Service<\/a>\u00a0iwe otit\u1ecd.<\/p>\n<h2><b>Gbigba Iranl\u1ecdw\u1ecd<\/b><\/h2>\n<p>Ni gbogbogbo, fi aw\u1ecdn ariyanjiyan sinu kik\u1ecd ki o ya aw\u1ecdn f\u1ecdto nigbakugba ti o \u1e63ee \u1e63e ki o ni it\u1ecdpa iwe.<\/p>\n<p>Aw\u1ecdn\u00a0<a href=\"https:\/\/www.peoples-law.org\/cat\/landlord-tenant\" target=\"_blank\" rel=\"noopener\">People k\u00e1 Law Library of Maryland<\/a>\u00a0tun ni \u1ecdp\u1ecdl\u1ecdp\u1ecd aw\u1ecdn it\u1ecds\u1ecdna onile \/ agbat\u1ecdju ati alaye lori aw\u1ecdn idogo aabo, aw\u1ecdn ilekuro ati ikuna lati san iyalo, aw\u1ecdn ohun elo, ati aw\u1ecdn aabo ile fun <a href=\"https:\/\/211md.org\/yo\/oro\/abele-ebi-iwa-ipa\/\">abele iwa-ipa olufaragba<\/a>.<\/p>\n<p>O tun le s\u1ecdr\u1ecd p\u1eb9lu agb\u1eb9j\u1ecdro kan nipa \u1ecdr\u1ecd ofin ilu r\u1eb9 laisi idiyele nipas\u1eb9 Ile-i\u1e63\u1eb9 Iranl\u1ecdw\u1ecd Ile-\u1eb9j\u1ecd Maryland. Pe 410-260-1392 lakoko aw\u1ecdn wakati i\u1e63\u1eb9. O le wa alaye siwaju sii nipa yi aw\u1ecdn olu\u015fewadi lati\u00a0<a href=\"https:\/\/www.peoples-law.org\/\" target=\"_blank\" rel=\"noopener\">Ile-ikawe Ofin Eniyan ti Maryland<\/a>.<\/p>\n<p>Ti o ba ni ariyanjiyan, o le ni iranl\u1ecdw\u1ecd lati gba iranl\u1ecdw\u1ecd lati \u1eb8ka Alarina ti \u1eccfiisi Maryland ti Attorney General. W\u1ecdn yoo \u1e63e iranl\u1ecdw\u1ecd lati yanju aw\u1ecdn ariyanjiyan laarin onile ati ayalegbe. O le \u1e63e faili kan\u00a0<a href=\"https:\/\/web.oag.state.md.us\/editor\/customer\/onlineformhelpers\/formviewer.aspx?filename=landlordtenant.htm\" target=\"_blank\" rel=\"noopener\">onile \/ agbat\u1ecdju \u1eb9dun online<\/a>\u00a0tabi\u00a0<a href=\"https:\/\/www.marylandattorneygeneral.gov\/Pages\/contactus.aspx\" target=\"_blank\" rel=\"noopener\">pe Maryland Attorney General.<\/a><\/p>\n<p>Eyi ti a s\u1ecd t\u1eb9l\u1eb9 kii \u1e63e im\u1ecdran ofin, ati pe o y\u1eb9 ki o kan si agb\u1eb9j\u1ecdro kan fun iranl\u1ecdw\u1ecd nipa ariyanjiyan onile \/ ayalegbe kan pato.<\/p>\n<h2>Alaye ti o j\u1ecdm\u1ecd<\/h2>\n<p><a title=\"Jije Onile\" href=\"https:\/\/211md.org\/yo\/oro\/ofin-awon-i%e1%b9%a3e\/jije-onile\/\">Jije Onile<\/a><\/p>\n<p><a title=\"\u1eccm\u1ecd Support\" href=\"https:\/\/211md.org\/yo\/oro\/ofin-awon-i%e1%b9%a3e\/omo-support\/\">\u1eccm\u1ecd Support<\/a><\/p>\n<p><a title=\"Aw\u1ecdn \u1eb9t\u1ecd ayalegbe\" href=\"https:\/\/211md.org\/yo\/oro\/ofin-awon-i%e1%b9%a3e\/ayalegbe-awon-eto\/\">Aw\u1ecdn \u1eb9t\u1ecd ayalegbe<\/a><\/p>\n<h2>\n\t\tWa Oro\n\t<\/h2>\n\t\t\t\t<a href=\"\/yo\/oro\/ailera-ti-ogbo\/\" target=\"_self\" itemprop=\"url\">\n\t\t\t\t<img loading=\"lazy\" decoding=\"async\" src=\"https:\/\/211md.org\/wp-content\/uploads\/bb-plugin\/cache\/Mask-Group-41@2x-circle-73eaadba4cad8269faa4720e25cf1c85-.png\" alt=\"\u1eb8s\u1eb9 ti agbalagba obirin ati \u1ecdm\u1ecddebinrin ti nrin pap\u1ecd\" itemprop=\"image\" height=\"500\" width=\"500\" title=\"Aw\u1ecdn i\u1e63\u1eb9 ailera\" onerror=\"this.style.display='none'\"  \/>\n\t\t\t\t<\/a>\n\t\t<h3><a href=\"\/yo\/oro\/ailera-ti-ogbo\/\" target=\"_self\">Ti ogbo &amp; Alaabo<\/a><\/h3>\t\n\t\t\t\t<a href=\"\/yo\/oro\/omo-idile\/\" target=\"_self\" itemprop=\"url\">\n\t\t\t\t<img loading=\"lazy\" decoding=\"async\" src=\"https:\/\/211md.org\/wp-content\/uploads\/bb-plugin\/cache\/Mask-Group-38@2x-circle-ac40d46265fbec62083cd27f6dcf23b0-.png\" alt=\"\u1eccd\u1ecdm\u1ecdkunrin ati \u1ecdm\u1ecddebinrin kan n r\u1eb9rin mus\u1eb9 ati wiwo kam\u1eb9ra naa\" itemprop=\"image\" height=\"500\" width=\"500\" title=\"\u1eb8gb\u1eb9 boju 38@2x\" onerror=\"this.style.display='none'\"  \/>\n\t\t\t\t<\/a>\n\t\t<h3><a href=\"\/yo\/oro\/omo-idile\/\" target=\"_self\">Aw\u1ecdn \u1ecdm\u1ecdde &amp; Aw\u1ecdn idile<\/a><\/h3>\t\n\t\t\t\t<a href=\"\/yo\/oro\/covid-19-awon-olusewadi-aarin\/\" target=\"_self\" itemprop=\"url\">\n\t\t\t\t<img decoding=\"async\" src=\"https:\/\/211md.org\/wp-content\/uploads\/bb-plugin\/cache\/Data-Post-Image-COVID-circle-abdf7e097c6f7781a4f84df775b7857e-.png\" alt=\"\u1eb8ka COVID-19 kan\" itemprop=\"image\" title=\"Aworan Ifiweran\u1e63\u1eb9 Data - COVID\" onerror=\"this.style.display='none'\"  \/>\n\t\t\t\t<\/a>\n\t\t<h3><a href=\"\/yo\/oro\/covid-19-awon-olusewadi-aarin\/\" target=\"_self\">COVID<\/a><\/h3>\t\n\t\t\t\t<a href=\"\/yo\/oro\/abele-ebi-iwa-ipa\/\" target=\"_self\" itemprop=\"url\">\n\t\t\t\t<img loading=\"lazy\" decoding=\"async\" src=\"https:\/\/211md.org\/wp-content\/uploads\/bb-plugin\/cache\/Mask-Group-39@2x-circle-b2589197a13c791d910f46dd10b27a87-.png\" alt=\"\u1eccw\u1ecd meji meji di ara w\u1ecdn mu\" itemprop=\"image\" height=\"500\" width=\"500\" title=\"\u1eb8gb\u1eb9 boju 39@2x\" onerror=\"this.style.display='none'\"  \/>\n\t\t\t\t<\/a>\n\t\t<h3><a href=\"\/yo\/oro\/abele-ebi-iwa-ipa\/\" target=\"_self\">Abele \/ \u00ccd\u00edl\u00e9 Iwa-ipa<\/a><\/h3>\t\n\t\t\t\t<a href=\"\/yo\/oro\/wiwa-oojo\/\" target=\"_self\" itemprop=\"url\">\n\t\t\t\t<img loading=\"lazy\" decoding=\"async\" src=\"https:\/\/211md.org\/wp-content\/uploads\/bb-plugin\/cache\/Employment-circle-bf72562329e950df948954f5d3f44b2e-.png\" alt=\"Mekaniki \u1ecdk\u1ecd ay\u1ecdk\u1eb9l\u1eb9 kan\" itemprop=\"image\" height=\"500\" width=\"500\" title=\"Igbanisise\" onerror=\"this.style.display='none'\"  \/>\n\t\t\t\t<\/a>\n\t\t<h3><a href=\"\/yo\/oro\/wiwa-oojo\/\" target=\"_self\">Igbanisise<\/a><\/h3>\t\n\t\t\t\t<a href=\"\/yo\/oro\/itoju-ilera\/\" target=\"_self\" itemprop=\"url\">\n\t\t\t\t<img loading=\"lazy\" decoding=\"async\" src=\"https:\/\/211md.org\/wp-content\/uploads\/bb-plugin\/cache\/Mask-Group-35@2x-circle-94be10c13e4adae1683b4589dc2f5b2f-.png\" alt=\"Dokita ti n wo \u1eb9s\u1eb9 aw\u1ecdn \u1ecdm\u1ecdkunrin\" itemprop=\"image\" height=\"500\" width=\"500\" title=\"\u1eb8gb\u1eb9 boju 35@2x\" onerror=\"this.style.display='none'\"  \/>\n\t\t\t\t<\/a>\n\t\t<h3><a href=\"\/yo\/oro\/itoju-ilera\/\" target=\"_self\">It\u1ecdju Ilera<\/a><\/h3>\t\n\t\t\t\t<a href=\"\/yo\/oro\/ounje\/\" target=\"_self\" itemprop=\"url\">\n\t\t\t\t<img loading=\"lazy\" decoding=\"async\" src=\"https:\/\/211md.org\/wp-content\/uploads\/bb-plugin\/cache\/Mask-Group-32@2x-circle-1c6d647dcaf998fa079d26735cedc92b-.png\" alt=\"Aw\u1ecdn \u1eb9f\u1ecd titun\" itemprop=\"image\" height=\"500\" width=\"500\" title=\"\u1eb8gb\u1eb9 boju 32@2x\" onerror=\"this.style.display='none'\"  \/>\n\t\t\t\t<\/a>\n\t\t<h3><a href=\"\/yo\/oro\/ounje\/\" target=\"_self\">Ounj\u1eb9<\/a><\/h3>\t\n\t\t\t\t<a href=\"\/yo\/oro\/ibugbe-ibugbe\/\" target=\"_self\" itemprop=\"url\">\n\t\t\t\t<img loading=\"lazy\" decoding=\"async\" src=\"https:\/\/211md.org\/wp-content\/uploads\/bb-plugin\/cache\/Mask-Group-34@2x-circle-b99c55fc16ef21f35e2f2a1f7cc37b9a-.png\" alt=\"Iy\u1eb9wu eka balikoni\" itemprop=\"image\" height=\"500\" width=\"500\" title=\"Iy\u1eb9wu-Complex\" onerror=\"this.style.display='none'\"  \/>\n\t\t\t\t<\/a>\n\t\t<h3><a href=\"\/yo\/oro\/ibugbe-ibugbe\/\" target=\"_self\">Ibugbe &amp; Koseemani<\/a><\/h3>\t\n\t\t\t\t<a href=\"\/yo\/oro\/tuntun-si-wa-ati-maryland\/\" target=\"_self\" itemprop=\"url\">\n\t\t\t\t<img loading=\"lazy\" decoding=\"async\" src=\"https:\/\/211md.org\/wp-content\/uploads\/bb-plugin\/cache\/American-flag-circle-0016cc327e27ef7aeb080f1da6c6e98b-.jpg\" alt=\"titun si United States\" itemprop=\"image\" height=\"364\" width=\"1366\" title=\"American-flag\" onerror=\"this.style.display='none'\"  \/>\n\t\t\t\t<\/a>\n\t\t<h3><a href=\"\/yo\/oro\/tuntun-si-wa-ati-maryland\/\" target=\"_self\">I\u1e63il\u1ecd<\/a><\/h3>\t\n\t\t\t\t<a href=\"\/yo\/oro\/omo-idile\/itoju-ibatan\/\" target=\"_self\" itemprop=\"url\">\n\t\t\t\t<img decoding=\"async\" src=\"https:\/\/211md.org\/wp-content\/uploads\/bb-plugin\/cache\/kinship-family-navigating-a-computer-circle-045fee9d587aefb20221bfea41a2cf9b-.png\" alt=\"ibatan idile lil\u1ecd kiri k\u1ecdmputa kan\" itemprop=\"image\" title=\"ibatan idile lil\u1ecd kiri k\u1ecdmputa kan\" onerror=\"this.style.display='none'\"  \/>\n\t\t\t\t<\/a>\n\t\t<h3><a href=\"\/yo\/oro\/omo-idile\/itoju-ibatan\/\" target=\"_self\">\u00ccb\u00e1tan<\/a><\/h3>\t\n\t\t\t\t<a href=\"\/yo\/oro\/ofin-awon-i%e1%b9%a3e\/\" target=\"_self\" itemprop=\"url\">\n\t\t\t\t<img loading=\"lazy\" decoding=\"async\" src=\"https:\/\/211md.org\/wp-content\/uploads\/bb-plugin\/cache\/Housing-Legal-circle-9a8f3c1c72c54b6e1ce612d2993c1ad4-.png\" alt=\"Ofin gavel p\u1eb9lu kan ike awo\u1e63e ti a ile t\u00f3k\u00e0n si o\" itemprop=\"image\" height=\"348\" width=\"460\" title=\"Ofin Ile\" onerror=\"this.style.display='none'\"  \/>\n\t\t\t\t<\/a>\n\t\t<h3><a href=\"\/yo\/oro\/ofin-awon-i%e1%b9%a3e\/\" target=\"_self\">Aw\u1ecdn i\u1e63\u1eb9 ofin<\/a><\/h3>\t\n\t\t\t\t<a href=\"\/yo\/oro\/opolo-ilera\/\" target=\"_self\" itemprop=\"url\">\n\t\t\t\t<img loading=\"lazy\" decoding=\"async\" src=\"https:\/\/211md.org\/wp-content\/uploads\/bb-plugin\/cache\/Mask-Group-40@2x-circle-7bd9426367852fb3d841bc4bdc57a550-.png\" alt=\"Aw\u1ecdn profaili ti \u1ecdkunrin kan ati obinrin\" itemprop=\"image\" height=\"500\" width=\"500\" title=\"\u1eb8gb\u1eb9 boju 40@2x\" onerror=\"this.style.display='none'\"  \/>\n\t\t\t\t<\/a>\n\t\t<h3><a href=\"\/yo\/oro\/opolo-ilera\/\" target=\"_self\">Opolo Health<\/a><\/h3>\t\n\t\t\t\t<a href=\"\/yo\/oro\/ogbon-inu\/\" target=\"_self\" itemprop=\"url\">\n\t\t\t\t<img loading=\"lazy\" decoding=\"async\" src=\"https:\/\/211md.org\/wp-content\/uploads\/bb-plugin\/cache\/Diverse-group-of-community-members-circle-4457c114cd48613bc79a0fb50060319c-.jpg\" alt=\"\u1eb8gb\u1eb9 Oniruuru ti aw\u1ecdn \u1ecdm\u1ecd \u1eb9gb\u1eb9 agbegbe\" itemprop=\"image\" height=\"800\" width=\"1200\" title=\"\u1eb8gb\u1eb9 Oniruuru ti aw\u1ecdn \u1ecdm\u1ecd \u1eb9gb\u1eb9 agbegbe\" onerror=\"this.style.display='none'\"  \/>\n\t\t\t\t<\/a>\n\t\t<h3><a href=\"\/yo\/oro\/ogbon-inu\/\" target=\"_self\">Atunw\u1ecdle<\/a><\/h3>\t\n\t\t\t\t<a href=\"\/yo\/ikorira\/\" target=\"_self\" itemprop=\"url\">\n\t\t\t\t<img loading=\"lazy\" decoding=\"async\" src=\"https:\/\/211md.org\/wp-content\/uploads\/bb-plugin\/cache\/Background-section-MDStophate-circle-08e2bae1cf9f2ad6cc83e01e23da8cb9-.jpg\" alt=\"Background-apakan-MDStophate\" itemprop=\"image\" height=\"768\" width=\"1366\" title=\"Background-apakan-MDStophate\" onerror=\"this.style.display='none'\"  \/>\n\t\t\t\t<\/a>\n\t\t<h3><a href=\"\/yo\/ikorira\/\" target=\"_self\">Duro Ikorira<\/a><\/h3>\t\n\t\t\t\t<a href=\"\/yo\/oro\/lilo-nkan-elo\/\" target=\"_self\" itemprop=\"url\">\n\t\t\t\t<img loading=\"lazy\" decoding=\"async\" src=\"https:\/\/211md.org\/wp-content\/uploads\/bb-plugin\/cache\/Substance-Use-circle-ad2d564932dc31267e0c32a6fb2d915c-.png\" alt=\"Aw\u1ecdn oogun fif\u1ecd \u1ecdw\u1ecd\" itemprop=\"image\" height=\"500\" width=\"500\" title=\"Nkan-Lilo\" onerror=\"this.style.display='none'\"  \/>\n\t\t\t\t<\/a>\n\t\t<h3><a href=\"\/yo\/oro\/lilo-nkan-elo\/\" target=\"_self\">Ohun elo Lilo<\/a><\/h3>\t\n\t\t\t\t<a href=\"\/yo\/oro\/ori-awon-i%e1%b9%a3e\/\" target=\"_self\" itemprop=\"url\">\n\t\t\t\t<img loading=\"lazy\" decoding=\"async\" src=\"https:\/\/211md.org\/wp-content\/uploads\/bb-plugin\/cache\/Mask-Group-34-circle-166a606e37e61188c9a17d5e634cda3c-.png\" alt=\"Eniyan \u00e0gb\u00e1ye jade owo oya-ori iwe\" itemprop=\"image\" height=\"500\" width=\"500\" title=\"\u1eb8gb\u1eb9 iboju 34\" onerror=\"this.style.display='none'\"  \/>\n\t\t\t\t<\/a>\n\t\t<h3><a href=\"\/yo\/oro\/ori-awon-i%e1%b9%a3e\/\" target=\"_self\">Aw\u1ecdn i\u1e63\u1eb9-ori<\/a><\/h3>\t\n\t\t\t\t<a href=\"\/yo\/oro\/iranlowo-ohun-elo\/\" target=\"_self\" itemprop=\"url\">\n\t\t\t\t<img loading=\"lazy\" decoding=\"async\" src=\"https:\/\/211md.org\/wp-content\/uploads\/bb-plugin\/cache\/Mask-Group-37@2x-circle-9661a11b9c4082079c9a1f06bc539567-.png\" alt=\"Atupa ina soke\" itemprop=\"image\" height=\"500\" width=\"500\" title=\"\u1eb8gb\u1eb9 boju 37@2x\" onerror=\"this.style.display='none'\"  \/>\n\t\t\t\t<\/a>\n\t\t<h3><a href=\"\/yo\/oro\/iranlowo-ohun-elo\/\" target=\"_self\">Iranl\u1ecdw\u1ecd IwUlO<\/a><\/h3>\t\n\t\t\t\t<a href=\"\/yo\/oro\/ogbo\/\" target=\"_self\" itemprop=\"url\">\n\t\t\t\t<img decoding=\"async\" src=\"https:\/\/211md.org\/wp-content\/uploads\/bb-plugin\/cache\/Veterans-circle-7c6972a59826c74f1f658f61df785fc3-.png\" alt=\"\u1eccm\u1ecd-ogun ti nm\u00ec \u1ecdw\u1ecd \u1eb9nikan ti o r\u1eb9rin mus\u1eb9\" itemprop=\"image\" title=\"Ogbo\" onerror=\"this.style.display='none'\"  \/>\n\t\t\t\t<\/a>\n\t\t<h3><a href=\"\/yo\/oro\/ogbo\/\" target=\"_self\">Ogbo<\/a><\/h3>","protected":false},"excerpt":{"rendered":"<p>\u00c0r\u00edy\u00e0njiy\u00e0n ay\u00e1l\u00e9gb\u00e9 j\u1eb9\u0301 \u1ecd\u0300kan l\u00e1ra \u00e0w\u1ecdn \u1eb9\u0300s\u00f9n t\u00ed \u00f3 w\u1ecd\u0301p\u1ecd\u0300 j\u00f9 l\u1ecd s\u00ed \u1ecc\u0301f\u00ed\u00ecs\u00ec Attorney General\u2019s Office. G\u1eb9g\u1eb9bi ayalegbe, o ni aw\u1ecdn \u1eb9t\u1ecd kan, aw\u1ecdn adehun ati aw\u1ecdn atun\u1e63e ti o wa lab\u1eb9 ofin Maryland. Aw\u1ecdn aabo agbegbe tun le wa tabi aw\u1ecdn ilana ti o yat\u1ecd die-die fun ipinnu ariyanjiyan onile. \u00c0r\u00edy\u00e0njiy\u00e0n on\u00edl\u00e9 \u00e0ti agbat\u1ecdju ti o w\u1ecdp\u1ecd Aw\u1ecdn agbat\u1ecdju ati aw\u1ecdn onile le tako lori: ohun elo\u2026<\/p>","protected":false},"author":8,"featured_media":1905,"parent":928,"menu_order":0,"comment_status":"closed","ping_status":"closed","template":"","meta":{"footnotes":""},"class_list":["post-1115","page","type-page","status-publish","has-post-thumbnail","hentry"],"_links":{"self":[{"href":"https:\/\/211md.org\/yo\/wp-json\/wp\/v2\/pages\/1115","targetHints":{"allow":["GET"]}}],"collection":[{"href":"https:\/\/211md.org\/yo\/wp-json\/wp\/v2\/pages"}],"about":[{"href":"https:\/\/211md.org\/yo\/wp-json\/wp\/v2\/types\/page"}],"author":[{"embeddable":true,"href":"https:\/\/211md.org\/yo\/wp-json\/wp\/v2\/users\/8"}],"replies":[{"embeddable":true,"href":"https:\/\/211md.org\/yo\/wp-json\/wp\/v2\/comments?post=1115"}],"version-history":[{"count":0,"href":"https:\/\/211md.org\/yo\/wp-json\/wp\/v2\/pages\/1115\/revisions"}],"up":[{"embeddable":true,"href":"https:\/\/211md.org\/yo\/wp-json\/wp\/v2\/pages\/928"}],"wp:featuredmedia":[{"embeddable":true,"href":"https:\/\/211md.org\/yo\/wp-json\/wp\/v2\/media\/1905"}],"wp:attachment":[{"href":"https:\/\/211md.org\/yo\/wp-json\/wp\/v2\/media?parent=1115"}],"curies":[{"name":"wp","href":"https:\/\/api.w.org\/{rel}","templated":true}]}}