{"id":1120,"date":"2021-04-19T16:31:34","date_gmt":"2021-04-19T16:31:34","guid":{"rendered":"https:\/\/211md.org\/?page_id=1120"},"modified":"2023-10-31T16:07:47","modified_gmt":"2023-10-31T20:07:47","slug":"jije-onile","status":"publish","type":"page","link":"https:\/\/211md.org\/yo\/resources\/legal-services\/being-a-landlord\/","title":{"rendered":"Jije Onile"},"content":{"rendered":"<p>I\u1e63owo ti nini ati i\u1e63akoso ohun-ini yiyalo ibugbe j\u1eb9 bii i\u1e63owo eyikeyi. O nilo iwadi, eto ati im\u1ecd. G\u1eb9g\u1eb9bi onile Maryland, o \u1e63e pataki ki o m\u1ecd Federal, ipinle ati aw\u1ecdn ofin agbegbe ti o n\u1e63akoso ibatan ayalegbe onile. Eyi ni di\u1eb9 ninu aw\u1ecdn orisun ti o le \u1e63e iranl\u1ecdw\u1ecd fun \u1ecd bi onile.<\/p>\n<p>Aw\u1ecdn&nbsp;<a href=\"https:\/\/peoples-law.org\/being-landlord\" target=\"_blank\" rel=\"noreferrer noopener\">Ile-ikawe Ofin Eniyan ti Maryland ni aw\u1ecdn orisun ati aw\u1ecdn iwe a\u1e63\u1eb9<\/a>&nbsp;ti o le s\u1ecd fun \u1ecd nipa aw\u1ecdn \u1eb9t\u1ecd ati ojuse r\u1eb9 bi onile.<\/p>\n<h2>Alaye ti o j\u1ecdm\u1ecd<\/h2>\n<p><a title=\"Aw\u1ecdn \u1eb9t\u1ecd ayalegbe\" href=\"https:\/\/211md.org\/yo\/oro\/ofin-awon-i%e1%b9%a3e\/ayalegbe-awon-eto\/\">Aw\u1ecdn \u1eb9t\u1ecd ayalegbe<\/a><\/p>\n<p><a href=\"https:\/\/211md.org\/yo\/oro\/ibugbe-ibugbe\/\">Ibugbe<\/a><\/p>\n<h2>\n\t\tWa Oro\n\t<\/h2>\n\t\t\t\t<a href=\"\/yo\/oro\/ailera-ti-ogbo\/\" target=\"_self\" itemprop=\"url\" rel=\"noopener\">\n\t\t\t\t<img loading=\"lazy\" decoding=\"async\" src=\"https:\/\/211md.org\/wp-content\/uploads\/bb-plugin\/cache\/Mask-Group-41@2x-circle.png\" alt=\"\u1eb8s\u1eb9 ti agbalagba obirin ati \u1ecdm\u1ecddebinrin ti nrin pap\u1ecd\" itemprop=\"image\" height=\"500\" width=\"500\" title=\"Aw\u1ecdn i\u1e63\u1eb9 ailera\" onerror=\"this.style.display='none'\">\n\t\t\t\t<\/a>\n\t\t<h3><a href=\"\/yo\/oro\/ailera-ti-ogbo\/\" target=\"_self\" rel=\"noopener\">Ti ogbo &amp; Alaabo<\/a><\/h3>\t\t\n\t\t\t\t<a href=\"\/yo\/oro\/omo-idile\/\" target=\"_self\" itemprop=\"url\" rel=\"noopener\">\n\t\t\t\t<img loading=\"lazy\" decoding=\"async\" src=\"https:\/\/211md.org\/wp-content\/uploads\/bb-plugin\/cache\/Mask-Group-38@2x-circle.png\" alt=\"\u1eccd\u1ecdm\u1ecdkunrin ati \u1ecdm\u1ecddebinrin kan n r\u1eb9rin mus\u1eb9 ati wiwo kam\u1eb9ra naa\" itemprop=\"image\" height=\"500\" width=\"500\" title=\"\u1eb8gb\u1eb9 boju 38@2x\" onerror=\"this.style.display='none'\">\n\t\t\t\t<\/a>\n\t\t<h3><a href=\"\/yo\/oro\/omo-idile\/\" target=\"_self\" rel=\"noopener\">Aw\u1ecdn \u1ecdm\u1ecdde &amp; Aw\u1ecdn idile<\/a><\/h3>\t\t\n\t\t\t\t<a href=\"\/yo\/oro\/covid-19-awon-olusewadi-aarin\/\" target=\"_self\" itemprop=\"url\" rel=\"noopener\">\n\t\t\t\t<img loading=\"lazy\" decoding=\"async\" src=\"https:\/\/211md.org\/wp-content\/uploads\/bb-plugin\/cache\/Mask-Group-35-circle.png\" alt=\"A \u1ecdkunrin ati obinrin igbonwo bumping\" itemprop=\"image\" height=\"500\" width=\"500\" title=\"\u1eb8gb\u1eb9 iboju 35\" onerror=\"this.style.display='none'\">\n\t\t\t\t<\/a>\n\t\t<h3><a href=\"\/yo\/oro\/covid-19-awon-olusewadi-aarin\/\" target=\"_self\" rel=\"noopener\">Aw\u1ecdn orisun COVID-19<\/a><\/h3>\t\t\n\t\t\t\t<a href=\"\/yo\/oro\/abele-ebi-iwa-ipa\/\" target=\"_self\" itemprop=\"url\" rel=\"noopener\">\n\t\t\t\t<img loading=\"lazy\" decoding=\"async\" src=\"https:\/\/211md.org\/wp-content\/uploads\/bb-plugin\/cache\/Mask-Group-39@2x-circle.png\" alt=\"\u1eccw\u1ecd meji meji di ara w\u1ecdn mu\" itemprop=\"image\" height=\"500\" width=\"500\" title=\"\u1eb8gb\u1eb9 boju 39@2x\" onerror=\"this.style.display='none'\">\n\t\t\t\t<\/a>\n\t\t<h3><a href=\"\/yo\/oro\/abele-ebi-iwa-ipa\/\" target=\"_self\" rel=\"noopener\">Abele \/ \u00ccd\u00edl\u00e9 Iwa-ipa<\/a><\/h3>\t\t\n\t\t\t\t<a href=\"\/yo\/oro\/wiwa-oojo\/\" target=\"_self\" itemprop=\"url\" rel=\"noopener\">\n\t\t\t\t<img loading=\"lazy\" decoding=\"async\" src=\"https:\/\/211md.org\/wp-content\/uploads\/bb-plugin\/cache\/Employment-circle.png\" alt=\"Mekaniki \u1ecdk\u1ecd ay\u1ecdk\u1eb9l\u1eb9 kan\" itemprop=\"image\" height=\"500\" width=\"500\" title=\"Igbanisise\" onerror=\"this.style.display='none'\">\n\t\t\t\t<\/a>\n\t\t<h3><a href=\"\/yo\/oro\/wiwa-oojo\/\" target=\"_self\" rel=\"noopener\">Igbanisise<\/a><\/h3>\t\t\n\t\t\t\t<a href=\"\/yo\/oro\/itoju-ilera\/\" target=\"_self\" itemprop=\"url\" rel=\"noopener\">\n\t\t\t\t<img loading=\"lazy\" decoding=\"async\" src=\"https:\/\/211md.org\/wp-content\/uploads\/bb-plugin\/cache\/Mask-Group-35@2x-circle.png\" alt=\"Dokita ti n wo \u1eb9s\u1eb9 aw\u1ecdn \u1ecdm\u1ecdkunrin\" itemprop=\"image\" height=\"500\" width=\"500\" title=\"\u1eb8gb\u1eb9 boju 35@2x\" onerror=\"this.style.display='none'\">\n\t\t\t\t<\/a>\n\t\t<h3><a href=\"\/yo\/oro\/itoju-ilera\/\" target=\"_self\" rel=\"noopener\">It\u1ecdju Ilera<\/a><\/h3>\t\t\n\t\t\t\t<a href=\"\/yo\/oro\/ounje\/\" target=\"_self\" itemprop=\"url\" rel=\"noopener\">\n\t\t\t\t<img loading=\"lazy\" decoding=\"async\" src=\"https:\/\/211md.org\/wp-content\/uploads\/bb-plugin\/cache\/Mask-Group-32@2x-circle.png\" alt=\"Aw\u1ecdn \u1eb9f\u1ecd titun\" itemprop=\"image\" height=\"500\" width=\"500\" title=\"\u1eb8gb\u1eb9 boju 32@2x\" onerror=\"this.style.display='none'\">\n\t\t\t\t<\/a>\n\t\t<h3><a href=\"\/yo\/oro\/ounje\/\" target=\"_self\" rel=\"noopener\">Ounj\u1eb9<\/a><\/h3>\t\t\n\t\t\t\t<a href=\"\/yo\/oro\/ibugbe-ibugbe\/\" target=\"_self\" itemprop=\"url\" rel=\"noopener\">\n\t\t\t\t<img loading=\"lazy\" decoding=\"async\" src=\"https:\/\/211md.org\/wp-content\/uploads\/bb-plugin\/cache\/Mask-Group-34@2x-circle.png\" alt=\"Iy\u1eb9wu eka balikoni\" itemprop=\"image\" height=\"500\" width=\"500\" title=\"Iy\u1eb9wu-Complex\" onerror=\"this.style.display='none'\">\n\t\t\t\t<\/a>\n\t\t<h3><a href=\"\/yo\/oro\/ibugbe-ibugbe\/\" target=\"_self\" rel=\"noopener\">Ibugbe &amp; Koseemani<\/a><\/h3>\t\t\n\t\t\t\t<a href=\"\/yo\/tuntun-si-wa-ati-maryland\/\" target=\"_self\" itemprop=\"url\" rel=\"noopener\">\n\t\t\t\t<img loading=\"lazy\" decoding=\"async\" src=\"https:\/\/211md.org\/wp-content\/uploads\/bb-plugin\/cache\/American-flag-circle.jpg\" alt=\"American Flag\" itemprop=\"image\" height=\"364\" width=\"1366\" title=\"American-flag\" onerror=\"this.style.display='none'\">\n\t\t\t\t<\/a>\n\t\t<h3><a href=\"\/yo\/tuntun-si-wa-ati-maryland\/\" target=\"_self\" rel=\"noopener\">I\u1e63il\u1ecd<\/a><\/h3>\t\t\n\t\t\t\t<a href=\"\/yo\/oro\/ofin-awon-i%e1%b9%a3e\/\" target=\"_self\" itemprop=\"url\" rel=\"noopener\">\n\t\t\t\t<img loading=\"lazy\" decoding=\"async\" src=\"https:\/\/211md.org\/wp-content\/uploads\/bb-plugin\/cache\/Housing-Legal-circle.png\" alt=\"Ofin gavel p\u1eb9lu kan ike awo\u1e63e ti a ile t\u00f3k\u00e0n si o\" itemprop=\"image\" height=\"348\" width=\"460\" title=\"Ofin Ile\" onerror=\"this.style.display='none'\">\n\t\t\t\t<\/a>\n\t\t<h3><a href=\"\/yo\/oro\/ofin-awon-i%e1%b9%a3e\/\" target=\"_self\" rel=\"noopener\">Aw\u1ecdn i\u1e63\u1eb9 ofin<\/a><\/h3>\t\t\n\t\t\t\t<a href=\"\/yo\/oro\/opolo-ilera\/\" target=\"_self\" itemprop=\"url\" rel=\"noopener\">\n\t\t\t\t<img loading=\"lazy\" decoding=\"async\" src=\"https:\/\/211md.org\/wp-content\/uploads\/bb-plugin\/cache\/Mask-Group-40@2x-circle.png\" alt=\"Aw\u1ecdn profaili ti \u1ecdkunrin kan ati obinrin\" itemprop=\"image\" height=\"500\" width=\"500\" title=\"\u1eb8gb\u1eb9 boju 40@2x\" onerror=\"this.style.display='none'\">\n\t\t\t\t<\/a>\n\t\t<h3><a href=\"\/yo\/oro\/opolo-ilera\/\" target=\"_self\" rel=\"noopener\">Opolo Health<\/a><\/h3>\t\t\n\t\t\t\t<a href=\"\/yo\/ikorira\/\" target=\"_self\" itemprop=\"url\" rel=\"noopener\">\n\t\t\t\t<img loading=\"lazy\" decoding=\"async\" src=\"https:\/\/211md.org\/wp-content\/uploads\/bb-plugin\/cache\/Background-section-MDStophate-circle.jpg\" alt=\"Background-apakan-MDStophate\" itemprop=\"image\" height=\"768\" width=\"1366\" title=\"Background-apakan-MDStophate\" onerror=\"this.style.display='none'\">\n\t\t\t\t<\/a>\n\t\t<h3><a href=\"\/yo\/ikorira\/\" target=\"_self\" rel=\"noopener\">Duro Ikorira<\/a><\/h3>\t\t\n\t\t\t\t<a href=\"\/yo\/oro\/lilo-nkan-elo\/\" target=\"_self\" itemprop=\"url\" rel=\"noopener\">\n\t\t\t\t<img loading=\"lazy\" decoding=\"async\" src=\"https:\/\/211md.org\/wp-content\/uploads\/bb-plugin\/cache\/Substance-Use-circle.png\" alt=\"Aw\u1ecdn oogun fif\u1ecd \u1ecdw\u1ecd\" itemprop=\"image\" height=\"500\" width=\"500\" title=\"Nkan-Lilo\" onerror=\"this.style.display='none'\">\n\t\t\t\t<\/a>\n\t\t<h3><a href=\"\/yo\/oro\/lilo-nkan-elo\/\" target=\"_self\" rel=\"noopener\">Ohun elo Lilo<\/a><\/h3>\t\t\n\t\t\t\t<a href=\"\/yo\/oro\/ori-awon-i%e1%b9%a3e\/\" target=\"_self\" itemprop=\"url\" rel=\"noopener\">\n\t\t\t\t<img loading=\"lazy\" decoding=\"async\" src=\"https:\/\/211md.org\/wp-content\/uploads\/bb-plugin\/cache\/Mask-Group-34-circle.png\" alt=\"Eniyan \u00e0gb\u00e1ye jade owo oya-ori iwe\" itemprop=\"image\" height=\"500\" width=\"500\" title=\"\u1eb8gb\u1eb9 iboju 34\" onerror=\"this.style.display='none'\">\n\t\t\t\t<\/a>\n\t\t<h3><a href=\"\/yo\/oro\/ori-awon-i%e1%b9%a3e\/\" target=\"_self\" rel=\"noopener\">Aw\u1ecdn i\u1e63\u1eb9-ori<\/a><\/h3>\t\t\n\t\t\t\t<a href=\"\/yo\/oro\/iranlowo-ohun-elo\/\" target=\"_self\" itemprop=\"url\" rel=\"noopener\">\n\t\t\t\t<img loading=\"lazy\" decoding=\"async\" src=\"https:\/\/211md.org\/wp-content\/uploads\/bb-plugin\/cache\/Mask-Group-37@2x-circle.png\" alt=\"Atupa ina soke\" itemprop=\"image\" height=\"500\" width=\"500\" title=\"\u1eb8gb\u1eb9 boju 37@2x\" onerror=\"this.style.display='none'\">\n\t\t\t\t<\/a>\n\t\t<h3><a href=\"\/yo\/oro\/iranlowo-ohun-elo\/\" target=\"_self\" rel=\"noopener\">Iranl\u1ecdw\u1ecd IwUlO<\/a><\/h3>\t\t\n\t\t\t\t<a href=\"\/yo\/oro\/ogbo\/\" target=\"_self\" itemprop=\"url\" rel=\"noopener\">\n\t\t\t\t<img loading=\"lazy\" decoding=\"async\" src=\"https:\/\/211md.org\/wp-content\/uploads\/bb-plugin\/cache\/Veterans-circle.png\" alt=\"\u1eccm\u1ecd-ogun ti nm\u00ec \u1ecdw\u1ecd \u1eb9nikan ti o r\u1eb9rin mus\u1eb9\" itemprop=\"image\" height=\"500\" width=\"500\" title=\"Ogbo\" onerror=\"this.style.display='none'\">\n\t\t\t\t<\/a>\n\t\t<h3><a href=\"\/yo\/oro\/ogbo\/\" target=\"_self\" rel=\"noopener\">Ogbo<\/a><\/h3>","protected":false},"excerpt":{"rendered":"<p>I\u1e63owo ti nini ati i\u1e63akoso ohun-ini yiyalo ibugbe j\u1eb9 bii i\u1e63owo eyikeyi. O nilo iwadi, eto ati im\u1ecd. G\u1eb9g\u1eb9bi onile Maryland, o \u1e63e pataki ki o m\u1ecd Federal, ipinle ati aw\u1ecdn ofin agbegbe ti o n\u1e63akoso ibatan ayalegbe onile. Eyi ni di\u1eb9 ninu aw\u1ecdn orisun ti o le \u1e63e iranl\u1ecdw\u1ecd fun \u1ecd bi onile. Ile-ikawe Ofin Eniyan\u2026<\/p>","protected":false},"author":8,"featured_media":1905,"parent":928,"menu_order":0,"comment_status":"closed","ping_status":"closed","template":"","meta":{"footnotes":""},"class_list":["post-1120","page","type-page","status-publish","has-post-thumbnail","hentry"],"_links":{"self":[{"href":"https:\/\/211md.org\/yo\/wp-json\/wp\/v2\/pages\/1120","targetHints":{"allow":["GET"]}}],"collection":[{"href":"https:\/\/211md.org\/yo\/wp-json\/wp\/v2\/pages"}],"about":[{"href":"https:\/\/211md.org\/yo\/wp-json\/wp\/v2\/types\/page"}],"author":[{"embeddable":true,"href":"https:\/\/211md.org\/yo\/wp-json\/wp\/v2\/users\/8"}],"replies":[{"embeddable":true,"href":"https:\/\/211md.org\/yo\/wp-json\/wp\/v2\/comments?post=1120"}],"version-history":[{"count":0,"href":"https:\/\/211md.org\/yo\/wp-json\/wp\/v2\/pages\/1120\/revisions"}],"up":[{"embeddable":true,"href":"https:\/\/211md.org\/yo\/wp-json\/wp\/v2\/pages\/928"}],"wp:featuredmedia":[{"embeddable":true,"href":"https:\/\/211md.org\/yo\/wp-json\/wp\/v2\/media\/1905"}],"wp:attachment":[{"href":"https:\/\/211md.org\/yo\/wp-json\/wp\/v2\/media?parent=1120"}],"curies":[{"name":"wp","href":"https:\/\/api.w.org\/{rel}","templated":true}]}}