{"id":1130,"date":"2021-04-19T16:48:43","date_gmt":"2021-04-19T16:48:43","guid":{"rendered":"https:\/\/211md.org\/?page_id=1130"},"modified":"2025-09-10T12:47:04","modified_gmt":"2025-09-10T16:47:04","slug":"idena-ara-eni","status":"publish","type":"page","link":"https:\/\/211md.org\/yo\/resources\/mental-health\/suicide-prevention\/","title":{"rendered":"Bii O \u1e62e Le Dena Igb\u1eb9mi ara \u1eb9ni Nipa S\u1ecdr\u1ecd Nipa R\u1eb9 P\u1eb9lu Aw\u1ecdn \u1ecdd\u1ecd ati Agbalagba"},"content":{"rendered":"<img decoding=\"async\" src=\"https:\/\/stg-maryland211-staging.kinsta.cloud\/wp-content\/uploads\/2025\/08\/5-1-scaled.png\" alt=\"5\" itemprop=\"image\" height=\"692\" width=\"2560\" title=\"5\" onerror=\"this.style.display='none'\" loading=\"lazy\" \/>\n\t\t<h1><a href=\"#start\" target=\"_self\">Ak\u1ecdle Oju-iwe Aiyipada<\/a><\/h1><p>Aw\u1ecdn ibara\u1eb9nis\u1ecdr\u1ecd alai\u1e63edeede le \u1e63e iranl\u1ecdw\u1ecd lati yago fun igb\u1eb9mi ara \u1eb9ni. S\u1ecdr\u1ecd nipa r\u1eb9 \u1e63e iranl\u1ecdw\u1ecd lati f\u1ecd aw\u1ecdn abuku ilera \u1ecdp\u1ecdl\u1ecd ati aw\u1ecdn idena.<\/p>\n<p>K\u1ecd \u1eb9k\u1ecd aw\u1ecdn ibeere lati beere, ati pe ti \u1eb9nikan ba nilo iranl\u1ecdw\u1ecd l\u1eb9s\u1eb9k\u1eb9s\u1eb9, pe 988 lati ba \u1eb9nikan s\u1ecdr\u1ecd 24\/7.<\/p>\n\t\t\t<a href=\"#start\" target=\"_self\">\n\t\t\t\t\t\tB\u1eb9r\u1eb9\n\t\t\t\t\t<\/a>\n\t\t\t\t<img decoding=\"async\" src=\"https:\/\/211md.org\/wp-content\/plugins\/bb-plugin\/img\/pixel.png\" alt=\"\" itemprop=\"image\" onerror=\"this.style.display='none'\" loading=\"lazy\" \/>\n\t\t\t\t<img decoding=\"async\" src=\"https:\/\/stg-maryland211-staging.kinsta.cloud\/wp-content\/uploads\/2025\/08\/16.png\" alt=\"16\" itemprop=\"image\" height=\"1000\" width=\"1000\" title=\"16\" onerror=\"this.style.display='none'\" loading=\"lazy\" \/>\n\t\t\t\t<img decoding=\"async\" src=\"http:\/\/211md.org\/wp-content\/uploads\/2023\/09\/Mom-comforting-daughter-struggling-with-mental-health.jpg\" alt=\"Mama itunu \u1ecdm\u1ecdbinrin \u00ecj\u00e0kad\u00ec p\u1eb9lu metnal ilera\" itemprop=\"image\" title=\"Mama itunu \u1ecdm\u1ecdbinrin \u00ecj\u00e0kad\u00ec p\u1eb9lu opolo ilera\" onerror=\"this.style.display='none'\" loading=\"lazy\" \/>\n\t<h2>S\u1ecdr\u1ecd nipa igb\u1eb9mi ara \u1eb9ni<\/h2>\n<p>\u00d3 l\u00e8 d\u00e0 b\u00edi p\u00e9 \u00f3 \u1e63\u00f2ro l\u00e1ti s\u1ecd\u0300r\u1ecd\u0300 n\u00edpa \u00ecpara-\u1eb9ni, \u1e63\u00f9gb\u1ecd\u0301n s\u00eds\u1ecd\u0300r\u1ecd\u0300 l\u00e8 d\u00e8n\u00e0 r\u1eb9\u0300.<\/p>\n<p>B\u1eb9r\u1eb9 ibara\u1eb9nis\u1ecdr\u1ecd p\u1eb9lu \u1eb9nik\u1eb9ni ti o dabi:<\/p>\n<ul>\n<li>isal\u1eb9<\/li>\n<li>ibanuje<\/li>\n<li>adashe<\/li>\n<li>ko nif\u1eb9 ninu aw\u1ecdn i\u1e63\u1eb9 \u1e63i\u1e63e deede tabi apej\u1ecdp\u1ecd<\/li>\n<\/ul>\n<p>Kan si w\u1ecdn ki o beere l\u1ecdw\u1ecd w\u1ecdn bawo ni w\u1ecdn \u1e63e n \u1e63e.<\/p>\n<p>Lori &quot;Kini 211 naa?&quot; adar\u1ecd ese, Brandon Johnson, MSH,\u00a0<a href=\"https:\/\/211md.org\/yo\/adaro-ese\/black-mental-wellness-lounge\/\" target=\"_blank\" rel=\"noopener\">ogun ti The Black Opolo Nini alafia r\u1ecdgb\u1ecdk\u00fa on YouTube<\/a>, s\u1ecdr\u1ecd nipa aif\u1eb9 lati s\u1ecdr\u1ecd nipa igb\u1eb9mi ara \u1eb9ni.<\/p>\n<blockquote><p>&quot;Ipara-\u1eb9ni j\u1eb9 iru koko-\u1ecdr\u1ecd ti o wuwo. Mo loye iy\u1eb9n patapata, \u1e63ugb\u1ecdn bi a \u1e63e rii aw\u1ecdn o\u1e63uw\u1ecdn wa ni aw\u1ecdn agbegbe kan pato ti o t\u1eb9siwaju lati dide, o \u1e63e pataki ki a loye pe im\u1ecdran igb\u1eb9mi ara \u1eb9ni j\u1eb9 gidi.\u201d<\/p><\/blockquote>\n\t<p>Nigbati o ba s\u1ecdr\u1ecd nipa igb\u1eb9mi ara \u1eb9ni, yan aw\u1ecdn \u1ecdr\u1ecd daradara. Nipa yiyipada ede naa, a le rii daju pe aw\u1ecdn eniyan ni itunu lati jiroro lori koko-\u1ecdr\u1ecd naa ati ni rilara ireti.<\/p>\n<blockquote><p>&quot;... a f\u1eb9 lati yi ede naa pada. Nitorina, aw\u1ecdn eniyan lero pe w\u1ecdn le ni aw\u1ecdn ibara\u1eb9nis\u1ecdr\u1ecd ni aaye ailewu ati pe w\u1ecdn ko ni ipalara, ni ib\u1eb9r\u1eb9 nikan nipas\u1eb9 ede \u1e63aaju ki w\u1ecdn paapaa ni anfani lati ni iriri agbara fun ireti ati imularada, &quot;Johnson salaye.<\/p><\/blockquote>\n<p>Paapaa, yago fun aw\u1ecdn abuda gbogbogbo ti eniyan ki o yago fun slang. Johnson \u1e63e alaye,<\/p>\n<blockquote><p>\u201cNitorinaa, a le s\u1ecd OCD eniyan yii tabi bipolar ti eniyan yii, tabi eniyan yii j\u1eb9 schizophrenic, laisi akiyesi gangan kini iy\u1eb9n tum\u1ecd si ati bii abuku ti j\u1eb9 si eniyan ti o le j\u1eb9 bipolar, otun? Tani le j\u1eb9 schizophrenic, ti o le ni OCD. \u00ecr\u00f2n\u00fa \u00ecgb\u1eb9\u0300m\u00ed ara \u1eb9ni.\u201d<\/p><\/blockquote>\n\t<h2>Nilo lati \u1eccr\u1ecd?\u00a0<\/h2>\n<p>&nbsp;<\/p>\n\t<h3><img loading=\"lazy\" decoding=\"async\" src=\"http:\/\/211md.org\/wp-content\/uploads\/2025\/08\/2025_MdInfoNet_Icon-Sets-white_Phone-150x150.png\" alt=\"\" width=\"150\" height=\"150\" \/>Pe tabi \u1eccr\u1ecd 988<\/h3>\n\t\t\t<a href=\"https:\/\/988lifeline.org\/chat\/\" target=\"_blank\" rel=\"noopener\">\n\t\t\t\t\t\t\tWiregbe Bayi (G\u1eb9\u1eb9si)\n\t\t\t\t\t<\/a>\n\t\t\t<a href=\"https:\/\/988lifeline.org\/es\/chat\/\" target=\"_blank\" rel=\"noopener\">\n\t\t\t\t\t\t\tChatea Ahora (Espa\u00f1ol)\n\t\t\t\t\t<\/a>\n\t<p>\u1eb8nik\u1eb9ni ti o nilo iranl\u1ecdw\u1ecd p\u1eb9lu ilera \u1ecdp\u1ecdl\u1ecd tabi aw\u1ecdn iwulo ti o j\u1ecdm\u1ecd lilo nkan le pe 988. <a href=\"https:\/\/health.maryland.gov\/bha\/Pages\/988md.aspx\" target=\"_blank\" rel=\"noopener\">K\u1ecd \u1eb9k\u1ecd nipa 988 ni Maryland<\/a>.<\/p>\n\t<h2>S\u1ecdr\u1ecd si Aw\u1ecdn \u1ecdd\u1ecd<\/h2>\n<p>O le j\u1eb9 nija lati s\u1ecdr\u1ecd p\u1eb9lu \u1ecdd\u1ecdm\u1ecdkunrin kan bi w\u1ecdn \u1e63e n l\u1ecd lawuj\u1ecd pup\u1ecd lawuj\u1ecd, ti \u1eb9dun ati ni \u1ecdp\u1ecdl\u1ecd.<\/p>\n<p>Ti w\u1ecdn ba n tiraka p\u1eb9lu bi w\u1ecdn \u1e63e lero nipa ara w\u1ecdn, o le paapaa nira lati ni aw\u1ecdn ibara\u1eb9nis\u1ecdr\u1ecd w\u1ecdnyi.<\/p>\n<p><a href=\"https:\/\/211md.org\/yo\/buloogi\/isele-11-idena-igbemi-ara-eni-pelu-ipile-liveforthomas\/\" target=\"_blank\" rel=\"noopener\">Amy Ocasio ti LIVEFORTHOMAS Foundation<\/a> s\u1ecdr\u1ecd nipa Ijakadi ti sis\u1ecd si aw\u1ecdn \u1ecdm\u1ecd r\u1eb9.<\/p>\n<blockquote><p>\u201cNitorinaa, Mo rii daju pe Mo ni i\u1e63oro p\u1eb9lu wiwa iw\u1ecdntunw\u1ecdnsi y\u1eb9n nitori p\u1eb9lu aw\u1ecdn \u1ecdm\u1ecd mi mejeeji, Mo ti k\u1ecd pe ti MO ba j\u1eb9 ki w\u1ecdn wa s\u1ecdd\u1ecd mi, w\u1ecdn yoo s\u1ecdr\u1ecd, ti MO ba b\u1eb9r\u1eb9 si beere aw\u1ecdn ibeere, iy\u1eb9n ni igba ti w\u1ecdn kan ti par\u1eb9.<\/p>\n<p>Nitorinaa, o j\u1eb9 wiwa iw\u1ecdntunw\u1ecdnsi y\u1eb9n ti melo ni MO Titari? Nigbawo ni MO yoo fa pada?\u201d<\/p><\/blockquote>\n<p>O t\u1eb9num\u1ecd pataki ede, ati itara bi obi. O s\u1ecd pe o rii pe o \u1e63e pataki lati ma k\u1ecd, k\u1ecdju, tabi gbe ohun ti \u1ecdm\u1ecd r\u1eb9 n s\u1ecd. Nigba miiran ohun ti o le dabi ohun ti ko \u1e63e pataki fun agbalagba, j\u1eb9 ohun pataki fun \u1ecdm\u1ecdde kan.<\/p>\n<blockquote><p>\u201cO m\u1ecd, kan gb\u1ecd. O ko paapaa ni lati ni oye bi, o dara, Emi ko loye idi ti eyi j\u1eb9 adehun nla, \u1e63ugb\u1ecdn o m\u1ecd pe o j\u1eb9 fun \u1ecdm\u1ecd mi. Nitorinaa, j\u1eb9 ki n wa di\u1eb9 sii nipa ohun ti n \u1e63\u1eb9l\u1eb9 ki o beere l\u1ecdw\u1ecd w\u1ecdn, o m\u1ecd, kini o nilo lati \u1ecdd\u1ecd mi? Bii kini yoo \u1e63e iranl\u1ecdw\u1ecd fun \u1ecd ni ipo yii?\u201d Ocasio salaye.<\/p><\/blockquote>\n<p>Igba \u1ecdd\u1ecd j\u1eb9 akoko ti ewu ati anfani. Igb\u1eb9mi ara \u1eb9ni j\u1eb9 \u1ecdkan ninu aw\u1ecdn ewu w\u1ecdny\u1eb9n. O j\u1eb9 idi keji ti iku iku ni aw\u1ecdn \u1ecdd\u1ecd laarin aw\u1ecdn \u1ecdj\u1ecd-ori 10 ati 24, ni ibamu si Aw\u1ecdn ile-i\u1e63\u1eb9 fun I\u1e63akoso Arun.<\/p>\n<p>\u1eccm\u1ecdde ti ko \u1e63e abojuto ilera \u1ecdp\u1ecdl\u1ecd w\u1ecdn t\u1eb9l\u1eb9 le ni iriri aw\u1ecdn italaya bi \u1ecdd\u1ecd \u1ecdd\u1ecd. Aw\u1ecdn igara awuj\u1ecd, ipanilaya ati ibalop\u1ecd j\u1eb9 gbogbo idi idi.<\/p>\n<p>S\u1ecd fun aw\u1ecdn \u1ecdd\u1ecd r\u1eb9 nipa ilera \u1ecdp\u1ecdl\u1ecd w\u1ecdn, ki o wa aw\u1ecdn ami ikil\u1ecd ti ibakcdun ilera ihuwasi.<\/p>\n<p>Ti w\u1ecdn ba nilo iranl\u1ecdw\u1ecd, so w\u1ecdn p\u1ecd p\u1eb9lu 988.<\/p>\n\t\t\t\t<a href=\"https:\/\/search.988.mdinfonet.org\/\" target=\"_blank\" rel=\"noopener\" itemprop=\"url\">\n\t\t\t\t<img decoding=\"async\" src=\"https:\/\/stg-maryland211-staging.kinsta.cloud\/wp-content\/uploads\/2025\/08\/2025_MdInfoNet_Icon-Sets-white_Locate.png\" alt=\"\" itemprop=\"image\" onerror=\"this.style.display='none'\" loading=\"lazy\" \/>\n\t\t\t\t<\/a>\n<h2><a href=\"https:\/\/search.988.mdinfonet.org\/\" target=\"_blank\" rel=\"noopener\">Wa Opolo Health Resources<\/a><\/h2><p>\u1e62ewadii aaye data orisun orisun ilera ihuwasi ti ipinl\u1eb9 jul\u1ecd, eyiti o \u1e63e \u1eb9ya aw\u1ecdn as\u1eb9 ti o wa nipas\u1eb9 iru isanwo, \u1ecdj\u1ecd-ori, iru atil\u1eb9yin, ati ede.<\/p>\n\t\t\t<a href=\"https:\/\/search.988.mdinfonet.org\/\" target=\"_blank\" rel=\"noopener\">\n\t\t\t\t\t\t\tWa Bayi\n\t\t\t<\/a>\n<h2>Aw\u1ecdn ibeere Ilera \u1eccp\u1ecdl\u1ecd Lati Beere<\/h2>\n<p>\u1e62aaju ki o to b\u1eb9r\u1eb9 ibara\u1eb9nis\u1ecdr\u1ecd, \u1e63\u1eb9da aaye ailewu fun ijiroro ki o si \u1e63etan lati gb\u1ecd.<\/p>\n<p>Beere aw\u1ecdn ibeere \u1e63i\u1e63i, ki o b\u1eb9r\u1eb9 ibara\u1eb9nis\u1ecdr\u1ecd p\u1eb9lu gbolohun \u1ecdr\u1ecd bi \u201cMo ti \u1e63akiyesi.\u201d<\/p>\n<p>\u1eb8ka Ilera ti Maryland ati \u1eccfiisi Idena Igb\u1eb9mi ara \u1eb9ni ti Maryland \u1e63eduro aw\u1ecdn gbolohun bii iw\u1ecdnyi:<\/p>\n<ul>\n<li>A ko ti s\u1ecdr\u1ecd ni igba di\u1eb9. Bawo ni o se wa?<\/li>\n<li>O dabi isal\u1eb9 laip\u1eb9. Kini n l\u1ecd l\u1ecdw\u1ecd?<\/li>\n<li>Mo n \u1e63e aniyan nipa r\u1eb9. Se nkankan ti ko t\u1ecd? Mo f\u1eb9 lati wa nib\u1eb9 fun \u1ecd.<\/li>\n<li>Iw\u1ecd ko ti j\u1eb9 ara r\u1eb9 laip\u1eb9. \u1e62e o wa dada?<\/li>\n<li>Nj\u1eb9 ohunkohun ti o f\u1eb9 lati s\u1ecdr\u1ecd nipa?<\/li>\n<\/ul>\n<p>O \u1e63e pataki lati gb\u1ecd ati fihan pe o bikita. \u1e62e atil\u1eb9yin \u1ecdm\u1ecd \u1eb9gb\u1eb9 tabi \u1ecdr\u1eb9 r\u1eb9 nipa gbigbe pap\u1ecd p\u1eb9lu w\u1ecdn tabi \u1e63ay\u1eb9wo lori w\u1ecdn.<\/p>\n<p>O ko nireti lati pese im\u1ecdran, \u1e63ugb\u1ecdn o le t\u1ecdka si aw\u1ecdn alam\u1ecddaju tabi aw\u1ecdn orisun \u1ecdf\u1eb9 ati a\u1e63iri bii 988.<\/p>\n<p>&nbsp;<\/p>\n\t\t\t\t<img decoding=\"async\" src=\"http:\/\/211md.org\/wp-content\/uploads\/2025\/06\/Dad-talking-and-supporting-his-teen.jpg\" alt=\"Baba s\u1ecdr\u1ecd ati atil\u1eb9yin \u1ecdd\u1ecd r\u1eb9\" itemprop=\"image\" title=\"Baba s\u1ecdr\u1ecd ati atil\u1eb9yin \u1ecdd\u1ecd r\u1eb9\" onerror=\"this.style.display='none'\" loading=\"lazy\" \/>\n\t\t\t\t<img decoding=\"async\" src=\"http:\/\/211md.org\/wp-content\/uploads\/2025\/09\/Diverse-and-LGBTQ-teens.jpg\" alt=\"Oniruuru ati LGBTQ odo\" itemprop=\"image\" title=\"Oniruuru ati LGBTQ odo\" onerror=\"this.style.display='none'\" loading=\"lazy\" \/>\n\t<h3>Bawo ni Lati S\u1ecdr\u1ecd Lati LGBTQ+ \u1eccd\u1ecd<\/h3>\n<p>O kere ju \u1ecdd\u1ecd LGBTQ+ kan laarin aw\u1ecdn \u1ecdj\u1ecd ori 13 ati 24 igbiyanju lati pa ara \u1eb9ni ni gbogbo i\u1e63\u1eb9ju 45 ni Am\u1eb9rika.<\/p>\n<p>Nigbati \u1eb9nikan ba jade si \u1ecd, \u1e63e atil\u1eb9yin fun \u1eb9ni k\u1ecd\u1ecdkan, fi if\u1eb9 han ki o si wa.<\/p>\n<p>\u1eb8ka Ilera ti Maryland, \u1eccfiisi Idena Igb\u1eb9mi ara \u1eb9ni ni im\u1ecdran aw\u1ecdn gbolohun alatil\u1eb9yin bii:<\/p>\n<ul>\n<li>\u201cO \u1e63eun fun pinpin p\u1eb9lu mi. Kini idanim\u1ecd r\u1eb9 tum\u1ecd si \u1ecd?<\/li>\n<li>&quot;Inu mi dun pe o s\u1ecd fun mi, ati pe Mo f\u1eb9 ki o m\u1ecd pe eyi kii yoo yi ibasep\u1ecd wa pada ni eyikeyi \u1ecdna.&quot;<\/li>\n<li>&quot;Mo ni itara fun \u1ecd gaan.&quot;<\/li>\n<\/ul>\n<p>Rii daju pe o firan\u1e63\u1eb9 atil\u1eb9yin, dipo kiko ohun ti \u1eb9ni k\u1ecd\u1ecdkan s\u1ecd fun \u1ecd. Ma \u1e63e t\u1ecdka si bi alakoso. \u1e62e afihan atil\u1eb9yin ati t\u1eb9tisi.<\/p>\n<p>Bakannaa, lo LGBTQ+ ede if\u1eb9s\u1eb9mul\u1eb9 ni ibara\u1eb9nis\u1ecdr\u1ecd p\u1eb9lu aw\u1ecdn omiiran. Pa ede ti o ni ibatan kuro bi \u201c\u1eb9yin eniyan\u201d ki o r\u1ecdpo r\u1eb9 p\u1eb9lu \u201cgbogbo yin.\u201d<\/p>\n\t<h3>Gba Iranl\u1ecdw\u1ecd lati \u1ecdd\u1ecd Aw\u1ecdn oniwosan \u1eccr\u1ecd \u1eccj\u1ecdgb\u1ecdn<\/h3>\n<p>Lakoko ti o \u1e63e pataki lati sop\u1ecd p\u1eb9lu aw\u1ecdn \u1ecdr\u1eb9 ati \u1e63ay\u1eb9wo ni ilera \u1ecdp\u1ecdl\u1ecd w\u1ecdn, kan si alam\u1ecdja kan ti o ba ni ibakcdun kan.<\/p>\n<p>Psychotherapy, tabi \u201cit\u1ecdju ailera \u1ecdr\u1ecd,\u201d le dinku eewu igb\u1eb9mi ara \u1eb9ni ni imunadoko. Iru kan ni a pe ni it\u1ecdju ailera ihuwasi (CBT). CBT le \u1e63e iranl\u1ecdw\u1ecd fun aw\u1ecdn eniyan lati k\u1ecd aw\u1ecdn \u1ecdna tuntun ti \u1e63i\u1e63e p\u1eb9lu aw\u1ecdn iriri aap\u1ecdn nipa ik\u1eb9k\u1ecd w\u1ecdn lati gbero aw\u1ecdn i\u1e63e miiran nigbati aw\u1ecdn ero ti igb\u1eb9mi ara \u1eb9ni dide.<\/p>\n<p>Iru it\u1ecdju ailera \u1ecdkan miiran, ti a pe ni it\u1ecdju ailera ihuwasi dialectical (DBT) ti han lati dinku o\u1e63uw\u1ecdn igb\u1eb9mi ara \u1eb9ni laarin aw\u1ecdn eniyan ti o ni rudurudu aala, aisan \u1ecdp\u1ecdl\u1ecd ti o \u1e63e afihan nipas\u1eb9 aw\u1ecdn i\u1e63esi iduro\u1e63in\u1e63in, aw\u1ecdn ibatan, aworan ara \u1eb9ni, ati ihuwasi.<\/p>\n<p>Oniwosan \u1ecdran ti a k\u1ecd ni DBT \u1e63e iranl\u1ecdw\u1ecd fun eniyan lati m\u1ecd nigbati aw\u1ecdn ikunsinu r\u1eb9 tabi aw\u1ecdn i\u1e63e r\u1eb9 j\u1eb9 idal\u1ecdw\u1ecdduro tabi ailagbara ati k\u1ecdni aw\u1ecdn \u1ecdgb\u1ecdn ti o nilo lati koju daradara p\u1eb9lu aw\u1ecdn ipo ibinu.<\/p>\n<p>&nbsp;<\/p>\n<h2>Ni Aibal\u1eb9 miiran?<\/h2>\n<p>211 ni alaye ati aw\u1ecdn it\u1ecdkasi fun aw\u1ecdn ifiyesi ilera \u1ecdp\u1ecdl\u1ecd miiran ati aw\u1ecdn iwulo pataki. K\u1ecd \u1eb9k\u1ecd nipa aw\u1ecdn eto iranl\u1ecdw\u1ecd miiran w\u1ecdnyi.<\/p>\n<p>&nbsp;<\/p>\n\t\t\t<a href=\"\/yo\/oro\/lilo-nkan-elo\/\" target=\"_self\">\n\t\t\t\t\t\tOhun elo Lilo\n\t\t\t\t\t<\/a>\n\t\t\t<a href=\"\/yo\/oro\/opolo-ilera\/suga\/\" target=\"_self\">\n\t\t\t\t\t\tAlaye \u015fuga\n\t\t\t\t\t<\/a>\n\t\t\t<a href=\"\/yo\/oro\/ogbo\/ilera-opolo-fun-awon-ogbo\/\" target=\"_self\">\n\t\t\t\t\t\tOniwosan opolo Health \n\t\t\t\t\t<\/a>\n\t\t\t<a href=\"\/yo\/oro\/ounje\/\" target=\"_self\">\n\t\t\t\t\t\tOunj\u1eb9\n\t\t\t\t\t<\/a>\n\t\t\t<a href=\"\/yo\/oro\/ibugbe-ibugbe\/\" target=\"_self\">\n\t\t\t\t\t\tIbugbe\n\t\t\t\t\t<\/a>\n<h2>Wiwa Opolo Health Support<\/h2>\n<p>Pe tabi firan\u1e63\u1eb9 988 fun atil\u1eb9yin l\u1eb9s\u1eb9k\u1eb9s\u1eb9.<\/p>\n<p>O tun le wa atil\u1eb9yin ilera \u1ecdp\u1ecdl\u1ecd alam\u1ecddaju nitosi nipa wiwa aaye data orisun ilera ihuwasi ihuwasi 988, ti n \u1e63i\u1e63\u1eb9 nipas\u1eb9 N\u1eb9tiw\u1ecd\u1ecdki Alaye Maryland.<\/p>\n\t\t\t<a href=\"https:\/\/search.988.mdinfonet.org\/\" target=\"_blank\" rel=\"noopener\">\n\t\t\t\t\t\tWa fun opolo ilera oro\n\t\t\t\t\t<\/a>\n\t\t\t\t<img decoding=\"async\" src=\"http:\/\/211md.org\/wp-content\/uploads\/2023\/07\/Black-man-talking-to-a-mental-health-counselor.jpg\" alt=\"Black \u1ecdkunrin s\u1ecdr\u1ecd si a opolo ilera Oludamoran\" itemprop=\"image\" title=\"Black \u1ecdkunrin s\u1ecdr\u1ecd si a opolo ilera Oludamoran\" onerror=\"this.style.display='none'\" loading=\"lazy\" \/>\n\t\t\t\t<img decoding=\"async\" src=\"http:\/\/211md.org\/wp-content\/uploads\/2025\/09\/Teen-texting.jpg\" alt=\"\u1eccd\u1ecdm\u1ecdkunrin nk\u1ecd \u1ecdr\u1ecd\" itemprop=\"image\" title=\"\u1eccd\u1ecdm\u1ecdkunrin nk\u1ecd \u1ecdr\u1ecd\" onerror=\"this.style.display='none'\" loading=\"lazy\" \/>\n<h3>Ti nl\u1ecd l\u1ecdw\u1ecd Support<\/h3>\n<p>Aw\u1ecdn \u1ecdd\u1ecd le wa atil\u1eb9yin ni ilera ihuwasi gbogbogbo tabi <a href=\"https:\/\/211md.org\/yo\/ayewo-ilera\/\">eto idena ara \u1eb9ni<\/a>\u00a0tabi nipas\u1eb9 eto idojuk\u1ecd \u1ecdd\u1ecdm\u1ecdkunrin bi MDYoungMinds tabi Gbigbe \u1ecdk\u1ecd ofurufu.<\/p>\n<h3>Odo<\/h3>\n<p><a href=\"https:\/\/211md.org\/yo\/nipa\/awon-ifororan%e1%b9%a3e\/myoungminds\/\">MDYoungMinds<\/a> j\u1eb9 eto atil\u1eb9yin \u1ecdr\u1ecd nipas\u1eb9 211 ati \u1eb8ka Ilera ti Maryland, \u1eccfiisi Idena Igb\u1eb9mi ara \u1eb9ni. O firan\u1e63\u1eb9 aw\u1ecdn if\u1ecdr\u1ecdran\u1e63\u1eb9 atil\u1eb9yin ti o dojuk\u1ecd lori \u1ecdd\u1ecd ati aw\u1ecdn ifiyesi ilera \u1ecdp\u1ecdl\u1ecd \u1ecdd\u1ecd ati aw\u1ecdn aap\u1ecdn.<\/p>\n<p><a href=\"https:\/\/www.mdcoalition.org\/who-we-help\/youth-helping-youth\/\" target=\"_blank\" rel=\"noopener\">Gbigba Ofurufu<\/a> j\u1eb9 eto atil\u1eb9yin \u1eb9l\u1eb9gb\u1eb9 p\u1eb9lu aw\u1ecdn oludari agbalagba \u1ecdd\u1ecd (\u1ecdj\u1ecd ori 18 si 26) ti o ni iriri ti ara \u1eb9ni p\u1eb9lu aw\u1ecdn ifiyesi ilera ihuwasi tabi ibalokanj\u1eb9. W\u1ecdn fi agbara fun aw\u1ecdn agbalagba \u1ecdd\u1ecd p\u1eb9lu aw\u1ecdn ipade foju os\u1eb9 ati <a href=\"https:\/\/www.facebook.com\/TakingFlightMD\/\" target=\"_blank\" rel=\"noopener\">awujo media \u1eb9l\u1eb9gb\u1eb9 support<\/a>.<\/p>\n<h3>Awon agba<\/h3>\n<p><a href=\"https:\/\/211md.org\/yo\/nipa\/awon-ifororan%e1%b9%a3e\/md-ilera\/\">MDMindHealth<\/a> firan\u1e63\u1eb9 aw\u1ecdn ifiran\u1e63\u1eb9 iwuri ati aw\u1ecdn orisun fun aw\u1ecdn i\u1e63\u1eb9 ilera \u1ecdp\u1ecdl\u1ecd. Aw\u1ecdn if\u1ecdr\u1ecdran\u1e63\u1eb9 naa tun wa ni ede Spani ni MDsaludMental.<\/p>\n<p>Lori alagbeka, o le t\u1eb9 aw\u1ecdn b\u1ecdtini ni isal\u1eb9 lati foruk\u1ecdsil\u1eb9.<\/p>\n<p><em>Nipa fifiran\u1e63\u1eb9 MDMindHealth si 898-211, o gba lati gba aw\u1ecdn ifiran\u1e63\u1eb9 aladaa\u1e63e loorekoore.<\/em><\/p>\n\t\t\t<a href=\"sms:\/\/898-211;?&#038;body=MDMINDHEALTH\" target=\"_blank\" rel=\"noopener\">\n\t\t\t\t\t\t\t\u1eccr\u1ecd MDMindHealth\n\t\t\t\t\t<\/a>\n\t\t\t<a href=\"sms:\/\/898-211;?&#038;body=MDSALUDMENTAL\" target=\"_blank\" rel=\"noopener\">\n\t\t\t\t\t\t\t\u1eccr\u1ecd MDSALUDMENTAL\n\t\t\t\t\t<\/a>\n<h3>K\u1ecd \u1eb9k\u1ecd lati \u1ecdd\u1ecd aw\u1ecdn amoye<\/h3>\n<p>Paapaa, kan si aw\u1ecdn orisun miiran fun aw\u1ecdn im\u1ecdran ni sis\u1ecd nipa ilera \u1ecdp\u1ecdl\u1ecd ati igb\u1eb9mi ara \u1eb9ni, bii aw\u1ecdn ijiroro lati \u1ecdd\u1ecd aw\u1ecdn amoye ilera \u1ecdp\u1ecdl\u1ecd bii Johnson. O ni a<a href=\"https:\/\/www.youtube.com\/watch?v=TFt9EvzgB_4&amp;list=PLtVQyUpVKidoX87oH35VxHwUqOH5X6aeY\" target=\"_blank\" rel=\"noopener\">\u00a0l\u1eb9s\u1eb9s\u1eb9 aw\u1ecdn ijiroro p\u1eb9lu aw\u1ecdn oludamoran ile-iwe<\/a>, Onisegun psychiatrist \u1ecdm\u1ecd, ati aw\u1ecdn amoye miiran ti o ni wiwa aw\u1ecdn ak\u1ecdle bii atil\u1eb9yin \u1ecdm\u1ecd \u1eb9gb\u1eb9 \u1eb9bi kan p\u1eb9lu ilera \u1ecdp\u1ecdl\u1ecd w\u1ecdn, lilo i\u1e63aroye i\u1e63aro lati \u1e63e atil\u1eb9yin fun ilera \u1ecdp\u1ecdl\u1ecd r\u1eb9, ibalokan ti \u1eb9da, ati yiyi irora r\u1eb9 pada si if\u1eb9.<\/p>\n\t\t<iframe loading=\"lazy\" width=\"560\" height=\"315\" src=\"https:\/\/www.youtube.com\/embed\/TFt9EvzgB_4\" title=\"\u1eb8r\u1ecd orin fidio YouTube\" frameborder=\"0\" allow=\"accelerometer; autoplay; clipboard-write; encrypted-media; gyroscope; picture-in-picture\" allowfullscreen><\/iframe>\t\n<h2>\n\t\t\tAlaye ti o j\u1ecdm\u1ecd\t<\/h2>\n\t\t<h4><a href=\"\/yo\/oro\/ailera-ti-ogbo\/\" target=\"_self\">Ti ogbo &amp; Alaabo<\/a><\/h4>\n\t\t\t\t<a href=\"\/yo\/oro\/ailera-ti-ogbo\/\"  target=\"_self\" itemprop=\"url\">\n\t\t\t\t<img decoding=\"async\" src=\"https:\/\/211md.org\/wp-content\/uploads\/bb-plugin\/cache\/2025_MdInfoNet_Icon-Sets_Aging-disability-square-c466727102cae71e5f27b8539bb51945-.png\" alt=\"2025_MdInfoNet_Icon Sets_Aging-alaabo\" itemprop=\"image\" title=\"2025_MdInfoNet_Icon Sets_Aging-alaabo\" onerror=\"this.style.display='none'\" loading=\"lazy\" \/>\n\t\t\t\t<\/a>\n\t\t<h4><a href=\"https:\/\/211md.org\/yo\/oro\/omo-idile\/\" target=\"_blank\" rel=\"noopener\">Aw\u1ecdn \u1ecdm\u1ecdde &amp; Aw\u1ecdn idile<\/a><\/h4>\n\t\t\t\t<a href=\"https:\/\/211md.org\/yo\/oro\/omo-idile\/\" target=\"_blank\" rel=\"noopener\" itemprop=\"url\">\n\t\t\t\t<img decoding=\"async\" src=\"https:\/\/211md.org\/wp-content\/uploads\/bb-plugin\/cache\/2025_211_Icon-Sets_Child-care-square-a8953c7678f51ed443764342b64ee948-.png\" alt=\"2025_211_Icon Sets_Child itoju\" itemprop=\"image\" title=\"2025_211_Icon Sets_Child itoju\" onerror=\"this.style.display='none'\" loading=\"lazy\" \/>\n\t\t\t\t<\/a>\n\t\t<h4><a href=\"\/yo\/oro\/abele-ebi-iwa-ipa\/\" target=\"_self\">Iwa-ipa Abele<\/a><\/h4>\n\t\t\t\t<a href=\"\/yo\/oro\/abele-ebi-iwa-ipa\/\"  target=\"_self\" itemprop=\"url\">\n\t\t\t\t<img decoding=\"async\" src=\"https:\/\/211md.org\/wp-content\/uploads\/bb-plugin\/cache\/2025_211_Icon-Sets_Domestic-Violence-square-e6e48b12d9d44dadd394e0d40debfd96-.png\" alt=\"Aami iwa-ipa ab\u1eb9le\" itemprop=\"image\" title=\"2025_211_Icon \u1e62eto_Iwa-ipa Abele\" onerror=\"this.style.display='none'\" loading=\"lazy\" \/>\n\t\t\t\t<\/a>\n\t\t<h4><a href=\"\/yo\/oro\/wiwa-oojo\/\" target=\"_self\">Igbanisise<\/a><\/h4>\n\t\t\t\t<a href=\"\/yo\/oro\/wiwa-oojo\/\"  target=\"_self\" itemprop=\"url\">\n\t\t\t\t<img decoding=\"async\" src=\"https:\/\/211md.org\/wp-content\/uploads\/bb-plugin\/cache\/2025_MdInfoNet_Icon-Sets_Employment-square-44707bd410e4df10a470bf130ebcea86-.png\" alt=\"2025_MdInfoNet_Icon Sets_Employment\" itemprop=\"image\" title=\"2025_MdInfoNet_Icon Sets_Employment\" onerror=\"this.style.display='none'\" loading=\"lazy\" \/>\n\t\t\t\t<\/a>\n\t\t<h4><a href=\"\/yo\/oro\/itoju-ilera\/\" target=\"_self\">It\u1ecdju Ilera<\/a><\/h4>\n\t\t\t\t<a href=\"\/yo\/oro\/itoju-ilera\/\"  target=\"_self\" itemprop=\"url\">\n\t\t\t\t<img decoding=\"async\" src=\"https:\/\/211md.org\/wp-content\/uploads\/bb-plugin\/cache\/2025_MdInfoNet_Icon-Sets_Health-Care-square-dee98a0060cbe0e7f27eda253fc12679-.png\" alt=\"2025_MdInfoNet_Icon Sets_Health It\u1ecdju\" itemprop=\"image\" title=\"2025_MdInfoNet_Icon Sets_Health It\u1ecdju\" onerror=\"this.style.display='none'\" loading=\"lazy\" \/>\n\t\t\t\t<\/a>\n\t\t<h4><a href=\"\/yo\/oro\/omo-idile\/itoju-ibatan\/\" target=\"_self\">\u00ccb\u00e1tan<\/a><\/h4>\n\t\t\t\t<a href=\"\/yo\/oro\/omo-idile\/itoju-ibatan\/\"  target=\"_self\" itemprop=\"url\">\n\t\t\t\t<img decoding=\"async\" src=\"https:\/\/211md.org\/wp-content\/uploads\/bb-plugin\/cache\/2025_211_Icon-Sets_Kinship-square-21d4c353354c53c083c80118abb066f2-.png\" alt=\"Aami ibatan\" itemprop=\"image\" title=\"2025_211_Icon Sets_Kinship\" onerror=\"this.style.display='none'\" loading=\"lazy\" \/>\n\t\t\t\t<\/a>\n\t\t<h4><a href=\"\/yo\/oro\/ofin-awon-i%e1%b9%a3e\/\" target=\"_self\">Aw\u1ecdn i\u1e63\u1eb9 ofin<\/a><\/h4>\n\t\t\t\t<a href=\"\/yo\/oro\/ofin-awon-i%e1%b9%a3e\/\"  target=\"_self\" itemprop=\"url\">\n\t\t\t\t<img decoding=\"async\" src=\"https:\/\/211md.org\/wp-content\/uploads\/bb-plugin\/cache\/2025_MdInfoNet_Icon-Sets_Legal-square-18fdf438feb8435588174d9046463257-.png\" alt=\"2025_MdInfoNet_Icon Sets_Legal\" itemprop=\"image\" title=\"2025_MdInfoNet_Icon Sets_Legal\" onerror=\"this.style.display='none'\" loading=\"lazy\" \/>\n\t\t\t\t<\/a>\n\t\t<h4><a href=\"\/yo\/oro\/opolo-ilera\/\" target=\"_self\">Opolo Health<\/a><\/h4>\n\t\t\t\t<a href=\"\/yo\/oro\/opolo-ilera\/\"  target=\"_self\" itemprop=\"url\">\n\t\t\t\t<img decoding=\"async\" src=\"https:\/\/211md.org\/wp-content\/uploads\/bb-plugin\/cache\/2025_MdInfoNet_Icon-Sets_Mental-Health-square-c59b38c4a993a947d4c9280fbe2d2fee-.png\" alt=\"2025_MdInfoNet_Icon Sets_Mental Health\" itemprop=\"image\" title=\"2025_MdInfoNet_Icon Sets_Mental Health\" onerror=\"this.style.display='none'\" loading=\"lazy\" \/>\n\t\t\t\t<\/a>\n\t\t<h4><a href=\"\/yo\/oro\/ogbon-inu\/\" target=\"_self\">Atunw\u1ecdle<\/a><\/h4>\n\t\t\t\t<a href=\"\/yo\/oro\/ogbon-inu\/\"  target=\"_self\" itemprop=\"url\">\n\t\t\t\t<img decoding=\"async\" src=\"https:\/\/211md.org\/wp-content\/uploads\/bb-plugin\/cache\/2025_211_Icon-Sets_Reentry-square-f36b65d903a62fd4c3819ff05988ca60-.png\" alt=\"Aami iw\u1ecdle\" itemprop=\"image\" title=\"2025_211_Icon Sets_Reentry\" onerror=\"this.style.display='none'\" loading=\"lazy\" \/>\n\t\t\t\t<\/a>\n\t\t<h4><a href=\"\/yo\/oro\/lilo-nkan-elo\/\" target=\"_self\">Ohun elo Lilo<\/a><\/h4>\n\t\t\t\t<a href=\"\/yo\/oro\/lilo-nkan-elo\/\"  target=\"_self\" itemprop=\"url\">\n\t\t\t\t<img decoding=\"async\" src=\"https:\/\/211md.org\/wp-content\/uploads\/bb-plugin\/cache\/2025_MdInfoNet_Icon-Sets_Substance-Abuse-square-9022fec9d18a64118ad685c101885b55-.png\" alt=\"2025_MdInfoNet_Icon Sets_Substance Abuse\" itemprop=\"image\" title=\"2025_MdInfoNet_Icon Sets_Substance Abuse\" onerror=\"this.style.display='none'\" loading=\"lazy\" \/>\n\t\t\t\t<\/a>\n\t\t<h4><a href=\"\/yo\/oro\/ogbo\/\" target=\"_self\">Ogbo<\/a><\/h4>\n\t\t\t\t<a href=\"\/yo\/oro\/ogbo\/\"  target=\"_self\" itemprop=\"url\">\n\t\t\t\t<img decoding=\"async\" src=\"https:\/\/211md.org\/wp-content\/uploads\/bb-plugin\/cache\/2025_MdInfoNet_Icon-Sets_Rating-square-6e60d00cce4faa8e0a6d4ad7366aa733-.png\" alt=\"2025_MdInfoNet_Icon Sets_Rating\" itemprop=\"image\" title=\"2025_MdInfoNet_Icon Sets_Rating\" onerror=\"this.style.display='none'\" loading=\"lazy\" \/>\n\t\t\t\t<\/a>","protected":false},"excerpt":{"rendered":"<p>Aw\u1ecdn ibara\u1eb9nis\u1ecdr\u1ecd oju-iwe Ak\u1ecdle aiyipada le \u1e63e iranl\u1ecdw\u1ecd lati yago fun igb\u1eb9mi ara \u1eb9ni. S\u1ecdr\u1ecd nipa r\u1eb9 \u1e63e iranl\u1ecdw\u1ecd lati f\u1ecd aw\u1ecdn abuku ilera \u1ecdp\u1ecdl\u1ecd ati aw\u1ecdn idena. K\u1ecd \u1eb9k\u1ecd aw\u1ecdn ibeere lati beere, ati pe ti \u1eb9nikan ba nilo iranl\u1ecdw\u1ecd l\u1eb9s\u1eb9k\u1eb9s\u1eb9, pe 988 lati ba \u1eb9nikan s\u1ecdr\u1ecd 24\/7. B\u1eb9r\u1eb9 S\u1ecdr\u1ecd nipa igb\u1eb9mi ara \u1eb9ni O le dabi lile lati s\u1ecdr\u1ecd nipa igb\u1eb9mi ara \u1eb9ni, \u1e63ugb\u1ecdn sis\u1ecd le \u1e63e idiw\u1ecd\u2026<\/p>","protected":false},"author":8,"featured_media":4020,"parent":836,"menu_order":0,"comment_status":"closed","ping_status":"closed","template":"","meta":{"footnotes":""},"class_list":["post-1130","page","type-page","status-publish","has-post-thumbnail","hentry"],"_links":{"self":[{"href":"https:\/\/211md.org\/yo\/wp-json\/wp\/v2\/pages\/1130","targetHints":{"allow":["GET"]}}],"collection":[{"href":"https:\/\/211md.org\/yo\/wp-json\/wp\/v2\/pages"}],"about":[{"href":"https:\/\/211md.org\/yo\/wp-json\/wp\/v2\/types\/page"}],"author":[{"embeddable":true,"href":"https:\/\/211md.org\/yo\/wp-json\/wp\/v2\/users\/8"}],"replies":[{"embeddable":true,"href":"https:\/\/211md.org\/yo\/wp-json\/wp\/v2\/comments?post=1130"}],"version-history":[{"count":9,"href":"https:\/\/211md.org\/yo\/wp-json\/wp\/v2\/pages\/1130\/revisions"}],"predecessor-version":[{"id":33825,"href":"https:\/\/211md.org\/yo\/wp-json\/wp\/v2\/pages\/1130\/revisions\/33825"}],"up":[{"embeddable":true,"href":"https:\/\/211md.org\/yo\/wp-json\/wp\/v2\/pages\/836"}],"wp:featuredmedia":[{"embeddable":true,"href":"https:\/\/211md.org\/yo\/wp-json\/wp\/v2\/media\/4020"}],"wp:attachment":[{"href":"https:\/\/211md.org\/yo\/wp-json\/wp\/v2\/media?parent=1130"}],"curies":[{"name":"wp","href":"https:\/\/api.w.org\/{rel}","templated":true}]}}