{"id":1142,"date":"2021-04-19T17:38:06","date_gmt":"2021-04-19T17:38:06","guid":{"rendered":"https:\/\/211md.org\/?page_id=1142"},"modified":"2026-04-28T17:45:00","modified_gmt":"2026-04-28T21:45:00","slug":"ajalu-igbaradi","status":"publish","type":"page","link":"https:\/\/211md.org\/yo\/disaster-preparedness\/","title":{"rendered":"Imurasil\u1eb9 Ajalu"},"content":{"rendered":"<p>Ti o ba wa ninu ewu l\u1eb9s\u1eb9k\u1eb9s\u1eb9 pe 9-1-1.<\/p>\n<p>2-1-1 le \u1e63e iranl\u1ecdw\u1ecd fun \u1ecd lati wa aw\u1ecdn orisun lati mura sil\u1eb9 fun aw\u1ecdn ajalu. <a href=\"https:\/\/search.211md.org\/\" target=\"_blank\" rel=\"noopener\">Wa aaye data 2-1-1<\/a> lati wa aw\u1ecdn orisun fun Igbaradi Ajalu tabi Idena Ajalu. O le wa aw\u1ecdn nkan bii aw\u1ecdn i\u1e63\u1eb9 ounj\u1eb9 l\u1eb9hin ajalu, gbigbe, aw\u1ecdn \u1eb9bun, aw\u1ecdn awin ajalu, aw\u1ecdn ifunni owo, aw\u1ecdn \u1eb9gb\u1eb9 imularada ati di\u1eb9 sii.<\/p>\n<p>211 tun ni MdReady\/MdListo, eto if\u1ecdr\u1ecdran\u1e63\u1eb9 G\u1eb9\u1eb9si ati ede Sipeeni p\u1eb9lu \u1eb8ka Ile-i\u1e63\u1eb9 It\u1ecdju Pajawiri Maryland, lati \u1e63e akiyesi \u1ecd \u1e63aaju, lakoko ati l\u1eb9hin aaw\u1ecd kan. <a href=\"https:\/\/211md.org\/yo\/nipa\/awon-ifororan%e1%b9%a3e\/aibale\/\">\u1eb8nik\u1eb9ni le foruk\u1ecdsil\u1eb9 fun MdReady\/MdListo titaniji<\/a>.<\/p>\n<p>M\u1ecd aw\u1ecdn ewu:<\/p>\n<ul>\n<li><a href=\"https:\/\/mdready.maryland.gov\/know-the-threats\/Pages\/COVID-19.aspx\" target=\"_blank\" rel=\"noopener\">COVID 19<\/a><\/li>\n<li><a href=\"https:\/\/mdready.maryland.gov\/know-the-threats\/Pages\/floods.aspx\" target=\"_blank\" rel=\"noopener\">Aw\u1ecdn i\u1e63an omi<\/a><\/li>\n<li><a href=\"https:\/\/mdready.maryland.gov\/know-the-threats\/Pages\/heat-drought.aspx\" target=\"_blank\" rel=\"noopener\">Ooru ati ogbele<\/a><\/li>\n<li><a href=\"https:\/\/mdready.maryland.gov\/know-the-threats\/Pages\/hurricanes.aspx\" target=\"_blank\" rel=\"noopener\">Iji lile<\/a><\/li>\n<li><a href=\"https:\/\/mdready.maryland.gov\/know-the-threats\/Pages\/thunder-and-lightning.aspx\" target=\"_blank\" rel=\"noopener\">\u00c0\u00e0r\u00e1 \u00e0ti m\u00e0n\u00e0m\u00e1n\u00e1<\/a><\/li>\n<li><a href=\"https:\/\/mdready.maryland.gov\/know-the-threats\/Pages\/winter-storms.aspx\" target=\"_blank\" rel=\"noopener\">Aw\u1ecdn iji igba otutu<\/a> (<a href=\"https:\/\/health.maryland.gov\/preparedness\/Pages\/resources_cold.aspx\" target=\"_blank\" rel=\"noopener\">otutu otutu<\/a>)<\/li>\n<li><a href=\"https:\/\/mdready.maryland.gov\/know-the-threats\/Pages\/tornadoes.aspx\" target=\"_blank\" rel=\"noopener\">Tornadoes<\/a><\/li>\n<li><a href=\"https:\/\/mdready.maryland.gov\/know-the-threats\/Pages\/earthquakes.aspx\" target=\"_blank\" rel=\"noopener\">Aw\u1ecdn iwariri-il\u1eb9<\/a><\/li>\n<li><a href=\"https:\/\/mdready.maryland.gov\/know-the-threats\/technology-disasters\/Pages\/default.aspx\" target=\"_blank\" rel=\"noopener\">Aw\u1ecdn ajalu Im\u1ecd-\u1eb9r\u1ecd<\/a><\/li>\n<li><a href=\"https:\/\/mdready.maryland.gov\/know-the-threats\/Pages\/landslides-and-mudslides.aspx\" target=\"_blank\" rel=\"noopener\">Il\u1eb9-il\u1eb9 ati Mudslides<\/a><\/li>\n<li><a href=\"https:\/\/mdready.maryland.gov\/know-the-threats\/Pages\/public-health-events.aspx\" target=\"_blank\" rel=\"noopener\">Public Health Events<\/a><\/li>\n<li><a href=\"https:\/\/mdready.maryland.gov\/know-the-threats\/Pages\/wildfires.aspx\" target=\"_blank\" rel=\"noopener\">Aw\u1ecdn ina nla<\/a><\/li>\n<li><a href=\"https:\/\/mdready.maryland.gov\/know-the-threats\/Pages\/Terrorism.aspx\" target=\"_blank\" rel=\"noopener\">Ipanilaya&nbsp;<\/a><\/li>\n<\/ul>\n<p>Fun iraye si aw\u1ecdn im\u1ecdran igbaradi ati alaye, fi sori \u1eb9r\u1ecd ohun elo w\u1eb9\u1eb9bu MdReady nipas\u1eb9 lilo si&nbsp;<a href=\"http:\/\/mdready.maryland.gov\/\" target=\"_blank\" rel=\"noopener\">MdReady.Maryland.gov<\/a>&nbsp;lori \u1eb9r\u1ecd lil\u1ecd kiri lori \u1eb9r\u1ecd alagbeka r\u1eb9. Lati gba aw\u1ecdn titaniji \u1ecdr\u1ecd, aw\u1ecdn im\u1ecdran, ati aw\u1ecdn orisun ti o j\u1ecdm\u1ecd aw\u1ecdn irokeke ati aw\u1ecdn ewu ti o le ni ipa lori Maryland, k\u1ecd \u1ecdr\u1ecd \u201cMdReady\u201d si 211-631 tabi \u201cMdListo\u201d lati gba aw\u1ecdn \u1ecdr\u1ecd ni ede Sipeeni.<\/p>\n<h2>Ipa Of 211 Nigba Ajalu<\/h2>\n<p>Ti ajalu kan ba ti kan \u1ecd, o le pe 2-1-1 lati wa alaye ti o ni ibatan ajalu ati aw\u1ecdn orisun ni agbegbe r\u1eb9.<\/p>\n<p>211MD n pese i\u1e63akoso agbas\u1ecd o si funni ni alaye imudojuiw\u1ecdn nipa iyipada nigbagbogbo aw\u1ecdn orisun ti o ni ibatan ajalu. A ti \u1e63eto aw\u1ecdn olubas\u1ecdr\u1ecd lati gba alaye to \u1e63\u1eb9\u1e63\u1eb9 jul\u1ecd nipa aw\u1ecdn eto ijade kuro, aw\u1ecdn ibi aabo igba di\u1eb9, aw\u1ecdn aaye ifunni, aw\u1ecdn oko nla omi, it\u1ecdju i\u1e63oogun ati b\u1eb9b\u1eb9 l\u1ecd A tun le fun alaye nipa eyiti aw\u1ecdn olupese i\u1e63\u1eb9 agbegbe tun le pese aw\u1ecdn i\u1e63\u1eb9 a\u1e63oju w\u1ecdn.<\/p>\n<p>Pipese alaye pataki yii le gba aw\u1ecdn olufisun pajawiri laaye lati \u1e63e i\u1e63\u1eb9 ti w\u1ecdn baamu jul\u1ecd lati \u1e63e fun agbegbe. A gbiyanju lati mu \u1eb9ru kuro ninu eto 911, nl\u1ecd ni \u1ecdf\u1eb9 fun aw\u1ecdn pajawiri gidi.<\/p>","protected":false},"excerpt":{"rendered":"<p>Ti o ba wa ninu ewu l\u1eb9s\u1eb9k\u1eb9s\u1eb9 pe 9-1-1. 2-1-1 le \u1e63e iranl\u1ecdw\u1ecd fun \u1ecd lati wa aw\u1ecdn orisun lati mura sil\u1eb9 fun aw\u1ecdn ajalu. Wa aaye data 2-1-1 lati wa aw\u1ecdn orisun fun Imurasil\u1eb9 Ajalu tabi Iranl\u1ecdw\u1ecd Ajalu. O le wa aw\u1ecdn nkan bii aw\u1ecdn i\u1e63\u1eb9 ounj\u1eb9 l\u1eb9hin ajalu, gbigbe, aw\u1ecdn \u1eb9bun, aw\u1ecdn awin ajalu, aw\u1ecdn ifunni owo, aw\u1ecdn \u1eb9gb\u1eb9 imularada ati di\u1eb9 sii. 211 tun ni MdReady\/MdListo,\u2026<\/p>","protected":false},"author":8,"featured_media":0,"parent":0,"menu_order":0,"comment_status":"closed","ping_status":"closed","template":"","meta":{"footnotes":""},"class_list":["post-1142","page","type-page","status-publish","hentry"],"_links":{"self":[{"href":"https:\/\/211md.org\/yo\/wp-json\/wp\/v2\/pages\/1142","targetHints":{"allow":["GET"]}}],"collection":[{"href":"https:\/\/211md.org\/yo\/wp-json\/wp\/v2\/pages"}],"about":[{"href":"https:\/\/211md.org\/yo\/wp-json\/wp\/v2\/types\/page"}],"author":[{"embeddable":true,"href":"https:\/\/211md.org\/yo\/wp-json\/wp\/v2\/users\/8"}],"replies":[{"embeddable":true,"href":"https:\/\/211md.org\/yo\/wp-json\/wp\/v2\/comments?post=1142"}],"version-history":[{"count":1,"href":"https:\/\/211md.org\/yo\/wp-json\/wp\/v2\/pages\/1142\/revisions"}],"predecessor-version":[{"id":34615,"href":"https:\/\/211md.org\/yo\/wp-json\/wp\/v2\/pages\/1142\/revisions\/34615"}],"wp:attachment":[{"href":"https:\/\/211md.org\/yo\/wp-json\/wp\/v2\/media?parent=1142"}],"curies":[{"name":"wp","href":"https:\/\/api.w.org\/{rel}","templated":true}]}}