{"id":1168,"date":"2021-04-19T21:42:40","date_gmt":"2021-04-19T21:42:40","guid":{"rendered":"https:\/\/211md.org\/?page_id=1168"},"modified":"2025-10-03T16:21:59","modified_gmt":"2025-10-03T20:21:59","slug":"omo-support","status":"publish","type":"page","link":"https:\/\/211md.org\/yo\/resources\/legal-services\/child-support\/","title":{"rendered":"\u1eccm\u1ecd Support"},"content":{"rendered":"<p>Ni Maryland aw\u1ecdn obi mejeeji ni i\u1e63\u1eb9 lab\u1eb9 ofin lati \u1e63e atil\u1eb9yin fun \u1ecdm\u1ecd w\u1ecdn da lori agbara w\u1ecdn lati pese atil\u1eb9yin y\u1eb9n.<\/p>\n<h3><b>\u1eb8r\u1ecd i\u1e63iro \u1eccm\u1ecd Support\u00a0<\/b><\/h3>\n<p>Aw\u1ecdn it\u1ecdnis\u1ecdna atil\u1eb9yin \u1ecdm\u1ecd Maryland \u1e63e ipil\u1eb9 atil\u1eb9yin \u1ecdm\u1ecd lori ipin ti owo-wiw\u1ecdle apap\u1ecd ti obi k\u1ecd\u1ecdkan.<\/p>\n<p>Sakaani ti Oro Eda Eniyan ni a\u00a0<a href=\"https:\/\/mydhrbenefits.dhr.state.md.us\/dashboardclient\/#\/csocDisclaimer\" target=\"_blank\" rel=\"noopener\">free omo support isiro<\/a>\u00a0lati \u1e63e iranl\u1ecdw\u1ecd \u1e63e i\u1e63iro iye atil\u1eb9yin \u1ecdm\u1ecdde ti ile-\u1eb9j\u1ecd le f\u1ecdw\u1ecdsi.<\/p>\n<p>&nbsp;<\/p>\n<h3><b>Iranl\u1ecdw\u1ecd ofin\u00a0<\/b><\/h3>\n<p>Aw\u1ecdn\u00a0<a href=\"https:\/\/peoples-law.org\/\" target=\"_blank\" rel=\"noopener\">People k\u00e1 Law Library of Maryland<\/a>\u00a0tun pese a\u00a0<a href=\"https:\/\/peoples-law.org\/node\/258\" target=\"_blank\" rel=\"noopener\">ofin Akop\u1ecd ti \u1ecdm\u1ecd support ofin ni Maryland<\/a>.<\/p>\n<p>Ti o ba nilo lati yi a\u1e63\u1eb9 ti o ti wa t\u1eb9l\u1eb9 pada,\u00a0<a href=\"https:\/\/mvlslaw.org\/wp-content\/uploads\/2021\/03\/Child-Support.pdf\" target=\"_blank\" rel=\"noopener\">Maryland Volunteer Lawyers Service<\/a> pese alaye gbogbogbo lori ilana atil\u1eb9yin \u1ecdm\u1ecd.<\/p>\n<p>Lati ba agb\u1eb9j\u1ecdro s\u1ecdr\u1ecd nipa ipo r\u1eb9, pe Hotline Ofin \u1eb8bi ni 1-800-845-8550.<\/p>\n<p>Ti o ba nilo Pro Bono tabi agb\u1eb9j\u1ecdro iye owo kekere,\u00a0<a href=\"https:\/\/search.211md.org\/search?query=FT-3200&amp;query_type=taxonomy&amp;query_label=&amp;query_language=en\" target=\"_blank\" rel=\"noopener\">o le wa aw\u1ecdn ajo ti o pese aw\u1ecdn i\u1e63\u1eb9 ofin ni aaye data 211<\/a>. Owo-wiw\u1ecdle le wa, agbegbe ati aw\u1ecdn ibeere yiyan iru \u1ecdran.<\/p>\n<p>Fun alaye di\u1eb9 sii lori aw\u1ecdn eto w\u1ecdnyi t\u1eb9 211.<\/p>\n\t\t\t\t<img decoding=\"async\" src=\"https:\/\/211md.org\/wp-content\/uploads\/2021\/05\/Children-With-Rainbow.png\" alt=\"Aw\u1ecdn \u1ecdm\u1ecdde meji ti n wo oju ferese kan ti a ya Rainbow lori ferese loke w\u1ecdn\" itemprop=\"image\" height=\"348\" width=\"460\" title=\"Aw\u1ecdn \u1ecdm\u1ecdde P\u1eb9lu Rainbow\" onerror=\"this.style.display='none'\" loading=\"lazy\" \/>\n<h2>Alaye ti o j\u1ecdm\u1ecd<\/h2>\n<a href=\"https:\/\/211md.org\/yo\/oro\/ofin-awon-i%e1%b9%a3e\/\">Iranl\u1ecdw\u1ecd ofin<\/a>\n<p><a href=\"https:\/\/211md.org\/yo\/oro\/ofin-awon-i%e1%b9%a3e\/ayalegbe-awon-eto\/\">Onile \u00c0r\u00edy\u00e0njiy\u00e0n<\/a><\/p>\n<a href=\"https:\/\/211md.org\/yo\/oro\/omo-idile\/\">Omode ati \u00ccd\u00edl\u00e9 Atil\u1eb9yin<\/a>","protected":false},"excerpt":{"rendered":"<p>Ni Maryland aw\u1ecdn obi mejeeji ni i\u1e63\u1eb9 lab\u1eb9 ofin lati \u1e63e atil\u1eb9yin fun \u1ecdm\u1ecd w\u1ecdn da lori agbara w\u1ecdn lati pese atil\u1eb9yin y\u1eb9n. \u1eb8r\u1ecd i\u1e63iro Atil\u1eb9yin \u1eccm\u1ecdde Maryland aw\u1ecdn it\u1ecdnis\u1ecdna atil\u1eb9yin \u1ecdm\u1ecd ti o \u1e63e ipil\u1eb9 atil\u1eb9yin \u1ecdm\u1ecd lori ipin ti owo-wiw\u1ecdle apap\u1ecd ti obi k\u1ecd\u1ecdkan. \u1eb8ka ti Aw\u1ecdn orisun Eda Eniyan ni \u1eb9r\u1ecd i\u1e63iro atil\u1eb9yin \u1ecdm\u1ecdde \u1ecdf\u1eb9 lati \u1e63e iranl\u1ecdw\u1ecd \u1e63e i\u1e63iro iye ti atil\u1eb9yin \u1ecdm\u1ecd\u2026<\/p>","protected":false},"author":8,"featured_media":1905,"parent":928,"menu_order":0,"comment_status":"closed","ping_status":"closed","template":"","meta":{"footnotes":""},"class_list":["post-1168","page","type-page","status-publish","has-post-thumbnail","hentry"],"_links":{"self":[{"href":"https:\/\/211md.org\/yo\/wp-json\/wp\/v2\/pages\/1168","targetHints":{"allow":["GET"]}}],"collection":[{"href":"https:\/\/211md.org\/yo\/wp-json\/wp\/v2\/pages"}],"about":[{"href":"https:\/\/211md.org\/yo\/wp-json\/wp\/v2\/types\/page"}],"author":[{"embeddable":true,"href":"https:\/\/211md.org\/yo\/wp-json\/wp\/v2\/users\/8"}],"replies":[{"embeddable":true,"href":"https:\/\/211md.org\/yo\/wp-json\/wp\/v2\/comments?post=1168"}],"version-history":[{"count":3,"href":"https:\/\/211md.org\/yo\/wp-json\/wp\/v2\/pages\/1168\/revisions"}],"predecessor-version":[{"id":33887,"href":"https:\/\/211md.org\/yo\/wp-json\/wp\/v2\/pages\/1168\/revisions\/33887"}],"up":[{"embeddable":true,"href":"https:\/\/211md.org\/yo\/wp-json\/wp\/v2\/pages\/928"}],"wp:featuredmedia":[{"embeddable":true,"href":"https:\/\/211md.org\/yo\/wp-json\/wp\/v2\/media\/1905"}],"wp:attachment":[{"href":"https:\/\/211md.org\/yo\/wp-json\/wp\/v2\/media?parent=1168"}],"curies":[{"name":"wp","href":"https:\/\/api.w.org\/{rel}","templated":true}]}}